{"id":99038,"date":"2020-08-18T13:50:12","date_gmt":"2020-08-18T11:50:12","guid":{"rendered":"https:\/\/klaudynahebda.pl\/sklep\/?post_type=product&#038;p=99038"},"modified":"2026-04-04T09:55:41","modified_gmt":"2026-04-04T07:55:41","slug":"sol-do-kapieli-dobranocka","status":"publish","type":"product","link":"https:\/\/klaudynahebda.pl\/sklep\/sol-do-kapieli-dobranocka\/","title":{"rendered":"S\u00f3l do k\u0105pieli dla dzieci DobraNocka"},"content":{"rendered":"<h2><strong><span class=\"TextRun SCXW145877587 BCX0\" lang=\"PL-PL\" xml:lang=\"PL-PL\" data-contrast=\"auto\"><span class=\"NormalTextRun SCXW145877587 BCX0\">Za co kochamy s\u00f3l k\u0105pielow\u0105 DobraNocka?<\/span><\/span><\/strong><\/h2>\n<ul>\n<li><strong>Wydajno\u015b\u0107<\/strong> &#8211; do k\u0105pieli wystarcz\u0105 Ci tylko 1-3 \u0142y\u017cki soli<\/li>\n<li><strong>Wygoda u\u017cycia<\/strong> &#8211; wykorzystaj s\u00f3l do k\u0105pieli ca\u0142ego cia\u0142a lub st\u00f3pek<\/li>\n<li><strong>100% natury<\/strong>\u00a0&#8211; nie znajdziesz w niej sztucznych dodatk\u00f3w<\/li>\n<\/ul>\n<h2><strong><span class=\"TextRun SCXW145877587 BCX0\" lang=\"PL-PL\" xml:lang=\"PL-PL\" data-contrast=\"auto\"><span class=\"NormalTextRun SCXW145877587 BCX0\">K\u0105piel pachn\u0105ca s\u0142odk\u0105 lawend\u0105 i spokojnym snem a\u017c do rana<\/span><\/span><span class=\"EOP SCXW145877587 BCX0\" data-ccp-props=\"{}\">\u00a0<\/span><\/strong><\/h2>\n<p><strong>Nieprzespane noce to prawdziwy koszmar wielu rodzic\u00f3w.<\/strong> Do tego to poczucie bezsilno\u015bci i zm\u0119czenie tak silne, \u017ce nie potrafisz przez nie zasn\u0105\u0107&#8230; Jeste\u015bmy w tym z Tob\u0105 &#8211; dlatego na podstawie tradycyjnej zielarskiej wiedzy, do\u015bwiadczenia oraz bada\u0144, dajemy Ci spos\u00f3b na lepszy sen. T\u0119 s\u00f3l do k\u0105pieli dla dzieci i mam tworzy <strong>r\u00f3\u017cowa s\u00f3l himalajska<\/strong>, wydobywana w najczystszych rejonach Pakistanu.<strong> Oleje jojoba i z migda\u0142\u00f3w nawil\u017caj\u0105 sk\u00f3r\u0119, a olejki eteryczne w po\u0142\u0105czeniu z ciep\u0142\u0105 wod\u0105 pozwalaj\u0105 na inhalacj\u0119. <\/strong>Mo\u017cesz u\u017cywa\u0107 jej dla siebie, kiedy potrzebujesz relaksu lub dla dziecka, je\u015bli znowu nie potrafi spokojnie zasn\u0105\u0107.<\/p>\n<p>S\u00f3l DobraNocka dzia\u0142a najlepiej w po\u0142\u0105czeniu z technikami relaksacyjnymi. <a href=\"https:\/\/klaudynahebda.pl\/techniki-relaksacyjne-przed-snem\/\">Wykorzystaj te sprawdzone sposoby, aby odzyska\u0107 wsp\u00f3lnie z dzieckiem dobry sen!<\/a><\/p>\n<h2><strong>Jakie olejki eteryczne znajdziesz w soli do k\u0105pieli DobraNocka?<\/strong><\/h2>\n<ul>\n<li><strong>Olejek lawendowy<\/strong> &#8211; jego aromat koi i pozwala si\u0119 wyciszy\u0107 przed snem<\/li>\n<li><strong>Olejek pomara\u0144czowy <\/strong>&#8211; zapach pe\u0142en rado\u015bci, kt\u00f3ry poprawia nastr\u00f3j, zmniejsza uczucie napi\u0119cia i niepokoju, relaksuje<\/li>\n<li><strong>Olejek kolendrowy <\/strong>&#8211; aromat, kt\u00f3ry dzia\u0142a \u0142agodz\u0105co<\/li>\n<li><strong>Olejek kardamonowy<\/strong> &#8211; jego zapach sprzyja atmosferze odpr\u0119\u017cenia<\/li>\n<\/ul>\n<h3><strong>Rytua\u0142 wieczorny z seri\u0105 DobraNocka<\/strong><\/h3>\n<ul>\n<li><strong>Krok 1 &#8211; <span class=\"TextRun SCXW206766967 BCX8\" lang=\"PL-PL\" xml:lang=\"PL-PL\" data-contrast=\"auto\"><span class=\"NormalTextRun SCXW206766967 BCX8\">K\u0105piel pe\u0142na spokoju: <\/span><\/span><\/strong>przygotuj k\u0105piel z sol\u0105 Dobranocka lub <a href=\"https:\/\/klaudynahebda.pl\/sklep\/koncentrat-do-kapieli-dobranocka-100-200-ml\/\"><strong>Koncentratem DobraNocka<\/strong><\/a>,<\/li>\n<li><strong>Krok 2 &#8211; <span class=\"TextRun SCXW143392982 BCX8\" lang=\"PL-PL\" xml:lang=\"PL-PL\" data-contrast=\"auto\"><span class=\"NormalTextRun SCXW143392982 BCX8\">Czu\u0142y masa\u017c na dobry wiecz\u00f3r<\/span><\/span><\/strong>: posmaruj Maluszka <strong><a href=\"https:\/\/klaudynahebda.pl\/sklep\/dobra-nocka\/\">Balsamem DobraNocka<\/a><\/strong> (klatk\u0119 piersiow\u0105, plecki lub stopy).<\/li>\n<li><strong>Krok 3 &#8211; <span class=\"TextRun SCXW8556441 BCX8\" lang=\"PL-PL\" xml:lang=\"PL-PL\" data-contrast=\"auto\"><span class=\"NormalTextRun SCXW8556441 BCX8\">Zapach <\/span><span class=\"NormalTextRun SCXW8556441 BCX8\">relaksu <\/span><span class=\"NormalTextRun SCXW8556441 BCX8\">w ca\u0142ym pokoju<\/span><\/span><\/strong>: dyfuzja z <a href=\"https:\/\/klaudynahebda.pl\/sklep\/mieszanka-dobranocka\/\"><strong>Mieszank\u0105 olejk\u00f3w eterycznych DobraNocka<\/strong><\/a>. Niech to b\u0119dzie Wasz domowy spos\u00f3b na dobry sen.<\/li>\n<\/ul>\n<p><strong>Sprawd\u017a inne produkty z tej serii<\/strong>, kt\u00f3rych zapach pomo\u017ce Twojemu dziecku wyciszy\u0107 si\u0119 i zrelaksowa\u0107:<\/p>\n<ul>\n<li><strong><a href=\"https:\/\/klaudynahebda.pl\/sklep\/dobra-nocka\/\">Balsam DobraNocka<\/a><\/strong>,<\/li>\n<li><strong><a href=\"https:\/\/klaudynahebda.pl\/sklep\/mieszanka-dobranocka\/\">Mieszanka DobraNocka \u2013 mieszanka 100% olejk\u00f3w eterycznych<\/a><\/strong>,<\/li>\n<li><a href=\"https:\/\/klaudynahebda.pl\/sklep\/koncentrat-do-kapieli-dobranocka-100-200-ml\/\"><strong>Koncentrat do k\u0105pieli DobraNocka<\/strong>,<\/a><\/li>\n<li><strong><a href=\"https:\/\/klaudynahebda.pl\/sklep\/spray-dobra-nocka\/\">Spray DobraNocka<\/a><\/strong>,<\/li>\n<li><strong><a href=\"https:\/\/klaudynahebda.pl\/sklep\/maslo-dobranocka\/\">Mas\u0142o do cia\u0142a DobraNocka<\/a><\/strong>.<\/li>\n<\/ul>\n<p><strong>Poznaj tak\u017ce nasz zestaw produkt\u00f3w DobraNocka<\/strong>, kt\u00f3ry mo\u017cesz kupi\u0107 z rabatem:<\/p>\n<ul>\n<li><strong><a href=\"https:\/\/klaudynahebda.pl\/sklep\/dobry-sen-dla-dziecka\/\">Zestaw DobraNocka z naklejkami GRATIS &#8211; Klaudyna Hebda Nature<\/a><\/strong><\/li>\n<li><strong><a href=\"https:\/\/klaudynahebda.pl\/sklep\/zestaw-balsamow\/\">Zestaw bestsellerowych balsam\u00f3w K.HEBDA Lekki Oddech i DobraNocka<\/a><\/strong><\/li>\n<\/ul>\n<div class=\"row row-collapse align-middle\"  id=\"row-765620576\">\n<style>\n#row-765620576 > .col > .col-inner {\n  padding: 35px 0px 20px 0px;\n}\n<\/style>\n<\/div> \n\t<div id=\"col-516293087\" class=\"col small-10 large-12\"  >\n\t\t\t\t<div class=\"col-inner\"  >\n\t\t\t\n\t\t\t <h3 class=\"accordion_title\">Najcz\u0119\u015bciej zadawane pytania o S\u00f3l DobraNocka<\/h3><div class=\"accordion\" rel=\"1\"> <\/div>\n<div class=\"accordion-item\"><a href=\"#\" class=\"accordion-title plain\"><button class=\"toggle\"><i class=\"icon-angle-down\"><\/i><\/button><span>Od jakiego wieku mo\u017cna stosowa\u0107 S\u00f3l DobraNocka?<\/span><\/a><div class=\"accordion-inner\">\nS\u00f3l DobraNocka mo\u017ce by\u0107 bezpiecznie stosowana u dzieci powy\u017cej 3. roku \u017cycia. Dla m\u0142odszych dzieci polecamy inne produkty z serii DobraNocka, np. <a href=\"https:\/\/klaudynahebda.pl\/sklep\/dobra-nocka\/\"><strong>Balsam DobraNocka<\/strong><\/a>, kt\u00f3ry mo\u017ce by\u0107 stosowany ju\u017c pow. 6. miesi\u0105ca \u017cycia lub <strong><a href=\"https:\/\/klaudynahebda.pl\/sklep\/koncentrat-do-kapieli-dobranocka-100-200-ml\/\">Koncentrat do k\u0105pieli DobraNocka<\/a><\/strong>, kt\u00f3ry mo\u017ce by\u0107 stosowany pow. 1. roku \u017cycia. <\/div><\/div>\n<div class=\"accordion-item\"><a href=\"#\" class=\"accordion-title plain\"><button class=\"toggle\"><i class=\"icon-angle-down\"><\/i><\/button><span>Jak dzia\u0142a S\u00f3l DobraNocka?<\/span><\/a><div class=\"accordion-inner\"> S\u00f3l DobraNocka \u0142\u0105czy dzia\u0142anie r\u00f3\u017cowej soli himalajskiej, olej\u00f3w ro\u015blinnych (jojoba i migda\u0142owego) oraz naturalnych olejk\u00f3w eterycznych. Tworzy przyjemny aromat, kt\u00f3ry wspiera wyciszenie i przygotowuje dziecko do spokojnego snu. <\/div><\/div>\n<div class=\"accordion-item\"><a href=\"#\" class=\"accordion-title plain\"><button class=\"toggle\"><i class=\"icon-angle-down\"><\/i><\/button><span>Jak stosowa\u0107 s\u00f3l, je\u015bli nie mam wanny?<\/span><\/a><div class=\"accordion-inner\"> S\u00f3l mo\u017cna wykorzysta\u0107 w brodziku prysznicowym lub dodawa\u0107 j\u0105 do moczenia st\u00f3p. Mo\u017cesz te\u017c wsypa\u0107 j\u0105 do miseczki i u\u017cywa\u0107 do inhalacji. <\/div><\/div>\n<div class=\"accordion-item\"><a href=\"#\" class=\"accordion-title plain\"><button class=\"toggle\"><i class=\"icon-angle-down\"><\/i><\/button><span>Czy s\u00f3l mo\u017cna stosowa\u0107 codziennie?<\/span><\/a><div class=\"accordion-inner\"> Tak, s\u00f3l mo\u017ce by\u0107 stosowana codziennie jako cz\u0119\u015b\u0107 wieczornego rytua\u0142u k\u0105pielowego. Regularno\u015b\u0107 stosowania wspiera efekty relaksacyjne i pomaga dziecku \u0142atwiej zasn\u0105\u0107. <\/div><\/div>\n<div class=\"accordion-item\"><a href=\"#\" class=\"accordion-title plain\"><button class=\"toggle\"><i class=\"icon-angle-down\"><\/i><\/button><span>Czy s\u00f3l DobraNocka zosta\u0142a przetestowana dermatologicznie?<\/span><\/a><div class=\"accordion-inner\"> Tak, s\u00f3l zosta\u0142a przetestowana dermatologicznie, klinicznie oraz pod nadzorem lekarza pediatry.\u00a0 <\/div><\/div>\n<div class=\"accordion-item\"><a href=\"#\" class=\"accordion-title plain\"><button class=\"toggle\"><i class=\"icon-angle-down\"><\/i><\/button><span>Czy s\u00f3l mo\u017ce by\u0107 u\u017cywana razem z innymi produktami DobraNocka?<\/span><\/a><div class=\"accordion-inner\">\n<p>Tak! S\u00f3l \u015bwietnie dzia\u0142a w po\u0142\u0105czeniu z innymi produktami z serii. Wsp\u00f3lne stosowanie wzmacnia efekt relaksacyjny i wspiera rytua\u0142 wyciszenia.<\/p>\n<p><strong>Wieczorny rytua\u0142 z seri\u0105 DobraNocka\u00a0<\/strong><\/p>\n<ul>\n<li><strong>Krok 1 &#8211; <span class=\"TextRun SCXW206766967 BCX8\" lang=\"PL-PL\" xml:lang=\"PL-PL\" data-contrast=\"auto\"><span class=\"NormalTextRun SCXW206766967 BCX8\">K\u0105piel pe\u0142na spokoju: <\/span><\/span><\/strong>przygotuj k\u0105piel z sol\u0105 Dobranocka lub <a href=\"https:\/\/klaudynahebda.pl\/sklep\/koncentrat-do-kapieli-dobranocka-100-200-ml\/\"><strong>Koncentratem DobraNocka<\/strong><\/a>,<\/li>\n<li><strong>Krok 2 &#8211; <span class=\"TextRun SCXW143392982 BCX8\" lang=\"PL-PL\" xml:lang=\"PL-PL\" data-contrast=\"auto\"><span class=\"NormalTextRun SCXW143392982 BCX8\">Czu\u0142y masa\u017c na dobry wiecz\u00f3r<\/span><\/span><\/strong>: posmaruj Maluszka <strong><a href=\"https:\/\/klaudynahebda.pl\/sklep\/dobra-nocka\/\">Balsamem DobraNocka<\/a><\/strong> (klatk\u0119 piersiow\u0105, plecki lub stopy).<\/li>\n<li><strong>Krok 3 &#8211; <span class=\"TextRun SCXW8556441 BCX8\" lang=\"PL-PL\" xml:lang=\"PL-PL\" data-contrast=\"auto\"><span class=\"NormalTextRun SCXW8556441 BCX8\">Zapach <\/span><span class=\"NormalTextRun SCXW8556441 BCX8\">relaksu <\/span><span class=\"NormalTextRun SCXW8556441 BCX8\">w ca\u0142ym pokoju<\/span><\/span><\/strong>: dyfuzja z <a href=\"https:\/\/klaudynahebda.pl\/sklep\/mieszanka-dobranocka\/\"><strong>Mieszank\u0105 olejk\u00f3w eterycznych DobraNocka<\/strong><\/a>. Niech to b\u0119dzie Wasz domowy spos\u00f3b na dobry sen.<\/li>\n<\/ul>\n<\/div><\/div>\n<div class=\"accordion-item\"><a href=\"#\" class=\"accordion-title plain\"><button class=\"toggle\"><i class=\"icon-angle-down\"><\/i><\/button><span>Czy s\u00f3l nadaje si\u0119 do sk\u00f3ry wra\u017cliwej?<\/span><\/a><div class=\"accordion-inner\">\nTak, s\u00f3l zosta\u0142a stworzona z my\u015bl\u0105 o delikatnej sk\u00f3rze dzieci. Dzi\u0119ki naturalnym sk\u0142adnikom i olejkom ro\u015blinnym dzia\u0142a \u0142agodnie i nie podra\u017cnia sk\u00f3ry. <\/div><\/div>\n<div class=\"accordion-item\"><a href=\"#\" class=\"accordion-title plain\"><button class=\"toggle\"><i class=\"icon-angle-down\"><\/i><\/button><span>Jak przechowywa\u0107 s\u00f3l DobraNocka?<\/span><\/a><div class=\"accordion-inner\">\nPo otwarciu s\u00f3l nale\u017cy przechowywa\u0107 w szczelnie zamkni\u0119tym opakowaniu, w ch\u0142odnym miejscu. <\/div><\/div>\n<div class=\"accordion-item\"><a href=\"#\" class=\"accordion-title plain\"><button class=\"toggle\"><i class=\"icon-angle-down\"><\/i><\/button><span>Czy zapach mieszanki nie b\u0119dzie zbyt intensywny dla dziecka?<\/span><\/a><div class=\"accordion-inner\">\nFormu\u0142a zosta\u0142a opracowana z my\u015bl\u0105 o najm\u0142odszych \u2013 delikatna, zio\u0142owo-cytrusowa kompozycja dzia\u0142a subtelnie. Zawsze zaczynaj od mniekszej ilo\u015bci i obserwuj reakcj\u0119 dziecka.<br \/>\n<\/div><\/div>\n<div class=\"accordion-item\"><a href=\"#\" class=\"accordion-title plain\"><button class=\"toggle\"><i class=\"icon-angle-down\"><\/i><\/button><span>Jakie s\u0105 inne produkty z serii DobraNocka?<\/span><\/a><div class=\"accordion-inner\">\n<p><strong>Sprawd\u017a inne produkty z tej serii<\/strong>, kt\u00f3rych zapach pomo\u017ce Twojemu dziecku wyciszy\u0107 si\u0119 i zrelaksowa\u0107:<\/p>\n<ul>\n<li><strong><a href=\"https:\/\/klaudynahebda.pl\/sklep\/dobra-nocka\/\">Balsam DobraNocka<\/a><\/strong>,<\/li>\n<li><strong><a href=\"https:\/\/klaudynahebda.pl\/sklep\/mieszanka-dobranocka\/\">Mieszanka DobraNocka \u2013 mieszanka 100% olejk\u00f3w eterycznych<\/a><\/strong>,<\/li>\n<li><a href=\"https:\/\/klaudynahebda.pl\/sklep\/koncentrat-do-kapieli-dobranocka-100-200-ml\/\"><strong>Koncentrat do k\u0105pieli DobraNocka<\/strong>,<\/a><\/li>\n<li><strong><a href=\"https:\/\/klaudynahebda.pl\/sklep\/spray-dobra-nocka\/\">Spray DobraNocka<\/a><\/strong>,<\/li>\n<li><strong><a href=\"https:\/\/klaudynahebda.pl\/sklep\/maslo-dobranocka\/\">Mas\u0142o do cia\u0142a DobraNocka<\/a><\/strong>.<\/li>\n<\/ul>\n<p><strong>Poznaj tak\u017ce nasz zestaw produkt\u00f3w DobraNocka<\/strong>, kt\u00f3ry mo\u017cesz kupi\u0107 z rabatem:<\/p>\n<ul>\n<li><strong><a href=\"https:\/\/klaudynahebda.pl\/sklep\/dobry-sen-dla-dziecka\/\">Zestaw DobraNocka z naklejkami GRATIS &#8211; Klaudyna Hebda Nature<\/a><\/strong><\/li>\n<li><strong><a href=\"https:\/\/klaudynahebda.pl\/sklep\/zestaw-balsamow\/\">Zestaw bestsellerowych balsam\u00f3w K.HEBDA Lekki Oddech i DobraNocka<\/a><\/strong><\/li>\n<\/ul>\n<\/div><\/div>\n\t<div id=\"gap-1205981255\" class=\"gap-element clearfix\" style=\"display:block; height:auto;\">\n\t\t\n<style>\n#gap-1205981255 {\n  padding-top: 20px;\n}\n<\/style>\n\t<\/div>\n\t\n\t\t<\/div>\n\t\t\t\t\t<\/div>\n\n\t\n","protected":false},"excerpt":{"rendered":"<h2><span class=\"TextRun SCXW40735806 BCX0\" lang=\"PL-PL\" xml:lang=\"PL-PL\" data-contrast=\"auto\"><span class=\"NormalTextRun SpellingErrorV2Themed SCXW40735806 BCX0\">S\u00f3l do k\u0105pieli dla ca\u0142ej rodziny DobraNocka<\/span><span class=\"NormalTextRun SCXW40735806 BCX0\"> to:<\/span><\/span><\/h2>\n<ul>\n<li><span class=\"TextRun SCXW40735806 BCX0\" lang=\"PL-PL\" xml:lang=\"PL-PL\" data-contrast=\"auto\"><span class=\"NormalTextRun SCXW40735806 BCX0\">relaksuj\u0105cy kosmetyk stworzony <strong>dla dzieci i niewyspanych Mam<\/strong>;<\/span><\/span><\/li>\n<li><span class=\"TextRun SCXW40735806 BCX0\" lang=\"PL-PL\" xml:lang=\"PL-PL\" data-contrast=\"auto\"><span class=\"NormalTextRun SCXW40735806 BCX0\">zapach, kt\u00f3ry szepcze:<strong> ju\u017c czas na pachn\u0105c\u0105 k\u0105piel i s\u0142odki, spokojny sen<\/strong>;<\/span><\/span><\/li>\n<li>Twoja zio\u0142owa pomoc, kiedy zbli\u017ca si\u0119 czas na sen, ale k\u0142adzenie dziecka do \u0142\u00f3\u017cka i tak ko\u0144czy si\u0119 p\u0142aczem i krzykiem;<\/li>\n<li>naturalne po\u0142\u0105czenie soli himalajskiej, nawil\u017caj\u0105cych olej\u00f3w ro\u015blinnych oraz a\u017c 4 wyciszaj\u0105cych olejk\u00f3w eterycznych;<\/li>\n<li>uspokajaj\u0105cy rytua\u0142, kt\u00f3ry pomo\u017ce Twojemu dziecku wyciszy\u0107 si\u0119 i naturalnie zapa\u015b\u0107 w b\u0142ogi i d\u0142ugi sen.<\/li>\n<\/ul>\n<p><strong>Mamy ostrzegaj\u0105: podczas k\u0105pieli z t\u0105 pachn\u0105c\u0105 sol\u0105, nietrudno o b\u0142ogie za\u015bni\u0119cie jeszcze w wannie\u2026<\/strong><\/p>\n<p>Nie czekaj, a\u017c ci\u0119\u017ckie noce min\u0105 same.<br \/>\nWypr\u00f3buj s\u00f3l DobraNocka i odzyskaj noc dla siebie!<\/p>\n","protected":false},"featured_media":3423039,"comment_status":"open","ping_status":"closed","template":"","meta":[],"product_cat":[114,130,133,220,126,123,135,190],"product_tag":[],"acf":[],"yoast_head":"<!-- This site is optimized with the Yoast SEO plugin v19.6.1 - https:\/\/yoast.com\/wordpress\/plugins\/seo\/ -->\n<title>S\u00f3l do k\u0105pieli dla dzieci DobraNocka - Klaudyna Hebda Nature<\/title>\n<meta name=\"description\" content=\"Gdy dziecko nie mo\u017ce zasn\u0105\u0107, a mocna kawa ju\u017c Ci wystarcza... si\u0119gnij po s\u00f3l do k\u0105pieli dla dzieci i doros\u0142ych DobraNocka z 100% olejkami eterycznymi! \ud83c\udf19\" \/>\n<meta name=\"robots\" content=\"index, follow, max-snippet:-1, max-image-preview:large, max-video-preview:-1\" \/>\n<link rel=\"canonical\" href=\"https:\/\/klaudynahebda.pl\/sklep\/sol-do-kapieli-dobranocka\/\" \/>\n<meta property=\"og:locale\" content=\"pl_PL\" \/>\n<meta property=\"og:type\" content=\"article\" \/>\n<meta property=\"og:title\" content=\"S\u00f3l do k\u0105pieli dla dzieci DobraNocka - Klaudyna Hebda Nature\" \/>\n<meta property=\"og:description\" content=\"Gdy dziecko nie mo\u017ce zasn\u0105\u0107, a mocna kawa ju\u017c Ci wystarcza... si\u0119gnij po s\u00f3l do k\u0105pieli dla dzieci i doros\u0142ych DobraNocka z 100% olejkami eterycznymi! \ud83c\udf19\" \/>\n<meta property=\"og:url\" content=\"https:\/\/klaudynahebda.pl\/sklep\/sol-do-kapieli-dobranocka\/\" \/>\n<meta property=\"og:site_name\" content=\"Klaudyna Hebda Nature\" \/>\n<meta property=\"article:modified_time\" content=\"2026-04-04T07:55:41+00:00\" \/>\n<meta property=\"og:image\" content=\"https:\/\/klaudynahebda.pl\/sklep\/wp-content\/uploads\/2020\/08\/sol-dobranocka-packshot.webp\" \/>\n\t<meta property=\"og:image:width\" content=\"844\" \/>\n\t<meta property=\"og:image:height\" content=\"1152\" \/>\n\t<meta property=\"og:image:type\" content=\"image\/webp\" \/>\n<meta name=\"twitter:card\" content=\"summary_large_image\" \/>\n<meta name=\"twitter:label1\" content=\"Szacowany czas czytania\" \/>\n\t<meta name=\"twitter:data1\" content=\"5 minut\" \/>\n<script type=\"application\/ld+json\" class=\"yoast-schema-graph\">{\"@context\":\"https:\/\/schema.org\",\"@graph\":[{\"@type\":\"WebPage\",\"@id\":\"https:\/\/klaudynahebda.pl\/sklep\/sol-do-kapieli-dobranocka\/\",\"url\":\"https:\/\/klaudynahebda.pl\/sklep\/sol-do-kapieli-dobranocka\/\",\"name\":\"S\u00f3l do k\u0105pieli dla dzieci DobraNocka - Klaudyna Hebda Nature\",\"isPartOf\":{\"@id\":\"https:\/\/klaudynahebda.pl\/sklep\/#website\"},\"datePublished\":\"2020-08-18T11:50:12+00:00\",\"dateModified\":\"2026-04-04T07:55:41+00:00\",\"description\":\"Gdy dziecko nie mo\u017ce zasn\u0105\u0107, a mocna kawa ju\u017c Ci wystarcza... si\u0119gnij po s\u00f3l do k\u0105pieli dla dzieci i doros\u0142ych DobraNocka z 100% olejkami eterycznymi! \ud83c\udf19\",\"breadcrumb\":{\"@id\":\"https:\/\/klaudynahebda.pl\/sklep\/sol-do-kapieli-dobranocka\/#breadcrumb\"},\"inLanguage\":\"pl-PL\",\"potentialAction\":[{\"@type\":\"ReadAction\",\"target\":[\"https:\/\/klaudynahebda.pl\/sklep\/sol-do-kapieli-dobranocka\/\"]}]},{\"@type\":\"BreadcrumbList\",\"@id\":\"https:\/\/klaudynahebda.pl\/sklep\/sol-do-kapieli-dobranocka\/#breadcrumb\",\"itemListElement\":[{\"@type\":\"ListItem\",\"position\":1,\"name\":\"Strona g\u0142\u00f3wna\",\"item\":\"https:\/\/klaudynahebda.pl\/sklep\/\"},{\"@type\":\"ListItem\",\"position\":2,\"name\":\"Sklep\",\"item\":\"https:\/\/klaudynahebda.pl\/sklep\/sklep\/\"},{\"@type\":\"ListItem\",\"position\":3,\"name\":\"Autorskie mieszanki olejk\u00f3w eterycznych\",\"item\":\"https:\/\/klaudynahebda.pl\/sklep\/autorskie-mieszanki-olejkow\/\"},{\"@type\":\"ListItem\",\"position\":4,\"name\":\"S\u00f3l do k\u0105pieli dla dzieci DobraNocka\"}]},{\"@type\":\"WebSite\",\"@id\":\"https:\/\/klaudynahebda.pl\/sklep\/#website\",\"url\":\"https:\/\/klaudynahebda.pl\/sklep\/\",\"name\":\"Klaudyna Hebda Nature\",\"description\":\"Sklep\",\"publisher\":{\"@id\":\"https:\/\/klaudynahebda.pl\/sklep\/#organization\"},\"potentialAction\":[{\"@type\":\"SearchAction\",\"target\":{\"@type\":\"EntryPoint\",\"urlTemplate\":\"https:\/\/klaudynahebda.pl\/sklep\/?s={search_term_string}\"},\"query-input\":\"required name=search_term_string\"}],\"inLanguage\":\"pl-PL\"},{\"@type\":\"Organization\",\"@id\":\"https:\/\/klaudynahebda.pl\/sklep\/#organization\",\"name\":\"KlaudynaHebda\",\"url\":\"https:\/\/klaudynahebda.pl\/sklep\/\",\"sameAs\":[],\"logo\":{\"@type\":\"ImageObject\",\"inLanguage\":\"pl-PL\",\"@id\":\"https:\/\/klaudynahebda.pl\/sklep\/#\/schema\/logo\/image\/\",\"url\":\"\",\"contentUrl\":\"\",\"caption\":\"KlaudynaHebda\"},\"image\":{\"@id\":\"https:\/\/klaudynahebda.pl\/sklep\/#\/schema\/logo\/image\/\"}}]}<\/script>\n<!-- \/ Yoast SEO plugin. -->","yoast_head_json":{"title":"S\u00f3l do k\u0105pieli dla dzieci DobraNocka - Klaudyna Hebda Nature","description":"Gdy dziecko nie mo\u017ce zasn\u0105\u0107, a mocna kawa ju\u017c Ci wystarcza... si\u0119gnij po s\u00f3l do k\u0105pieli dla dzieci i doros\u0142ych DobraNocka z 100% olejkami eterycznymi! \ud83c\udf19","robots":{"index":"index","follow":"follow","max-snippet":"max-snippet:-1","max-image-preview":"max-image-preview:large","max-video-preview":"max-video-preview:-1"},"canonical":"https:\/\/klaudynahebda.pl\/sklep\/sol-do-kapieli-dobranocka\/","og_locale":"pl_PL","og_type":"article","og_title":"S\u00f3l do k\u0105pieli dla dzieci DobraNocka - Klaudyna Hebda Nature","og_description":"Gdy dziecko nie mo\u017ce zasn\u0105\u0107, a mocna kawa ju\u017c Ci wystarcza... si\u0119gnij po s\u00f3l do k\u0105pieli dla dzieci i doros\u0142ych DobraNocka z 100% olejkami eterycznymi! \ud83c\udf19","og_url":"https:\/\/klaudynahebda.pl\/sklep\/sol-do-kapieli-dobranocka\/","og_site_name":"Klaudyna Hebda Nature","article_modified_time":"2026-04-04T07:55:41+00:00","og_image":[{"width":844,"height":1152,"url":"https:\/\/klaudynahebda.pl\/sklep\/wp-content\/uploads\/2020\/08\/sol-dobranocka-packshot.webp","type":"image\/webp"}],"twitter_card":"summary_large_image","twitter_misc":{"Szacowany czas czytania":"5 minut"},"schema":{"@context":"https:\/\/schema.org","@graph":[{"@type":"WebPage","@id":"https:\/\/klaudynahebda.pl\/sklep\/sol-do-kapieli-dobranocka\/","url":"https:\/\/klaudynahebda.pl\/sklep\/sol-do-kapieli-dobranocka\/","name":"S\u00f3l do k\u0105pieli dla dzieci DobraNocka - Klaudyna Hebda Nature","isPartOf":{"@id":"https:\/\/klaudynahebda.pl\/sklep\/#website"},"datePublished":"2020-08-18T11:50:12+00:00","dateModified":"2026-04-04T07:55:41+00:00","description":"Gdy dziecko nie mo\u017ce zasn\u0105\u0107, a mocna kawa ju\u017c Ci wystarcza... si\u0119gnij po s\u00f3l do k\u0105pieli dla dzieci i doros\u0142ych DobraNocka z 100% olejkami eterycznymi! \ud83c\udf19","breadcrumb":{"@id":"https:\/\/klaudynahebda.pl\/sklep\/sol-do-kapieli-dobranocka\/#breadcrumb"},"inLanguage":"pl-PL","potentialAction":[{"@type":"ReadAction","target":["https:\/\/klaudynahebda.pl\/sklep\/sol-do-kapieli-dobranocka\/"]}]},{"@type":"BreadcrumbList","@id":"https:\/\/klaudynahebda.pl\/sklep\/sol-do-kapieli-dobranocka\/#breadcrumb","itemListElement":[{"@type":"ListItem","position":1,"name":"Strona g\u0142\u00f3wna","item":"https:\/\/klaudynahebda.pl\/sklep\/"},{"@type":"ListItem","position":2,"name":"Sklep","item":"https:\/\/klaudynahebda.pl\/sklep\/sklep\/"},{"@type":"ListItem","position":3,"name":"Autorskie mieszanki olejk\u00f3w eterycznych","item":"https:\/\/klaudynahebda.pl\/sklep\/autorskie-mieszanki-olejkow\/"},{"@type":"ListItem","position":4,"name":"S\u00f3l do k\u0105pieli dla dzieci DobraNocka"}]},{"@type":"WebSite","@id":"https:\/\/klaudynahebda.pl\/sklep\/#website","url":"https:\/\/klaudynahebda.pl\/sklep\/","name":"Klaudyna Hebda Nature","description":"Sklep","publisher":{"@id":"https:\/\/klaudynahebda.pl\/sklep\/#organization"},"potentialAction":[{"@type":"SearchAction","target":{"@type":"EntryPoint","urlTemplate":"https:\/\/klaudynahebda.pl\/sklep\/?s={search_term_string}"},"query-input":"required name=search_term_string"}],"inLanguage":"pl-PL"},{"@type":"Organization","@id":"https:\/\/klaudynahebda.pl\/sklep\/#organization","name":"KlaudynaHebda","url":"https:\/\/klaudynahebda.pl\/sklep\/","sameAs":[],"logo":{"@type":"ImageObject","inLanguage":"pl-PL","@id":"https:\/\/klaudynahebda.pl\/sklep\/#\/schema\/logo\/image\/","url":"","contentUrl":"","caption":"KlaudynaHebda"},"image":{"@id":"https:\/\/klaudynahebda.pl\/sklep\/#\/schema\/logo\/image\/"}}]}},"_links":{"self":[{"href":"https:\/\/klaudynahebda.pl\/sklep\/wp-json\/wp\/v2\/product\/99038"}],"collection":[{"href":"https:\/\/klaudynahebda.pl\/sklep\/wp-json\/wp\/v2\/product"}],"about":[{"href":"https:\/\/klaudynahebda.pl\/sklep\/wp-json\/wp\/v2\/types\/product"}],"replies":[{"embeddable":true,"href":"https:\/\/klaudynahebda.pl\/sklep\/wp-json\/wp\/v2\/comments?post=99038"}],"wp:featuredmedia":[{"embeddable":true,"href":"https:\/\/klaudynahebda.pl\/sklep\/wp-json\/wp\/v2\/media\/3423039"}],"wp:attachment":[{"href":"https:\/\/klaudynahebda.pl\/sklep\/wp-json\/wp\/v2\/media?parent=99038"}],"wp:term":[{"taxonomy":"product_cat","embeddable":true,"href":"https:\/\/klaudynahebda.pl\/sklep\/wp-json\/wp\/v2\/product_cat?post=99038"},{"taxonomy":"product_tag","embeddable":true,"href":"https:\/\/klaudynahebda.pl\/sklep\/wp-json\/wp\/v2\/product_tag?post=99038"}],"curies":[{"name":"wp","href":"https:\/\/api.w.org\/{rel}","templated":true}]}}