{"id":99035,"date":"2020-08-18T13:48:36","date_gmt":"2020-08-18T11:48:36","guid":{"rendered":"https:\/\/klaudynahebda.pl\/sklep\/?post_type=product&#038;p=99035"},"modified":"2025-11-22T18:04:00","modified_gmt":"2025-11-22T17:04:00","slug":"olejek-palo-santo","status":"publish","type":"product","link":"https:\/\/klaudynahebda.pl\/sklep\/olejek-palo-santo\/","title":{"rendered":"Olejek Palo Santo"},"content":{"rendered":"<h2><span style=\"font-weight: 400;\">Palo santo: tak pachnie serce ekwadorskiej d\u017cungli<\/span><\/h2>\n<p><span style=\"font-weight: 400;\">Nasz olejek z Palo santo pochodzi z serca ekwadorskiej d\u017cungli. Jego historia zaczyna si\u0119 od wyboru w\u0142a\u015bciwego drzewa, a wiedz, \u017ce tylko szaman mo\u017ce takie drzewo wybra\u0107. \u017badne Palo santo jednak w tym niezwyk\u0142ym procesie nie ginie &#8211; olejek pozyskuje si\u0119 tylko z martwych ju\u017c ro\u015blin.\u00a0<\/span><\/p>\n<p><span style=\"font-weight: 400;\">Destylowany osobi\u015bcie przez Indian, aby trafi\u0107 nast\u0119pnie do Twojego domu. Je\u015bli naprawd\u0119 chcesz poczu\u0107 dzia\u0142ania \u015awi\u0119tego Drzewa i okaza\u0107 szacunek india\u0144skim zwyczajom, wybierz olejek pozyskiwany z lasu, a nie z plantacji.\u00a0<\/span><\/p>\n<h2>Olejek eteryczny Palo santo &#8211; zastosowanie<\/h2>\n<ul>\n<li>zapach olejku eterycznego z Palo santo mo\u017ce <strong>relaksowa\u0107<\/strong>, a<span style=\"font-weight: 400;\">le nie tak, jak inne olejki, jest w nim co\u015b nieuchwytnego<\/span><\/li>\n<li><span style=\"font-weight: 400;\">b\u0119dzie Twoj\u0105 pomoc\u0105 podczas smutku, \u017ca\u0142oby czy po rozstaniu<\/span><\/li>\n<li><span style=\"font-weight: 400;\">podobnie jak nasze drewienka, b\u0119dzie znakomity do oczyszczenia umys\u0142u z niepotrzebnych my\u015bli i <strong>koncentracji na swoich emocjach<\/strong><\/span><\/li>\n<li><span style=\"font-weight: 400;\">b\u0119dzie znakomity, <strong>je\u015bli potrzebujesz inspiracji dla swoich artystycznych dzia\u0142a\u0144<\/strong><\/span><\/li>\n<li><span style=\"font-weight: 400;\"><strong>je\u015bli \u0107wiczysz jog\u0119 lub medytujesz<\/strong>, olejek pomo\u017ce Ci wznie\u015b\u0107 si\u0119 na nowy wymiar praktyki<\/span><\/li>\n<\/ul>\n<p>&nbsp;<\/p>\n<p>\ud83d\udc49 Sprawd\u017a te\u017c inne<a href=\"https:\/\/klaudynahebda.pl\/sklep\/olejki-kadzidlowe-frankincense-olibanum\/\"> olejki kadzid\u0142owe i kadzid\u0142a<\/a>.<\/p>\n<p>Szukasz profesjonalnego urz\u0105dzenia do dyfuzji olejk\u00f3w eterycznych? Zerknij na nasz <a href=\"https:\/\/klaudynahebda.pl\/sklep\/dyfuzor-do-aromaterapii\/\">bezprzewodowy dyfuzor do aromaterapii<\/a>.<\/p>\n","protected":false},"excerpt":{"rendered":"<h2><span style=\"font-weight: 400;\">Olejek Palo santo to:<\/span><\/h2>\n<ul>\n<li><span style=\"font-weight: 400;\">100% olejek eteryczny z samego \u015brodka d\u017cungli &#8211; stworzony przez india\u0144skich szaman\u00f3w, dost\u0119pny tylko u nas;<\/span><\/li>\n<li><span style=\"font-weight: 400;\">aromat, kt\u00f3ry wymyka si\u0119 s\u0142owom, my\u015blom i schematom;<\/span><\/li>\n<li><span style=\"font-weight: 400;\">wed\u0142ug india\u0144skich wierze\u0144 zapach, kt\u00f3ry <\/span><b>otwiera serce na dobr\u0105 energi\u0119,<\/b><span style=\"font-weight: 400;\"> zw\u0142aszcza je\u015bli jeszcze nie zagoi\u0142o si\u0119 po bolesnym rozstaniu;<\/span><\/li>\n<li><strong>t<\/strong><b>ysi\u0105ce lat historii i opowie\u015bci<\/b>, <span style=\"font-weight: 400;\">przekazywanych pod os\u0142on\u0105 amazo\u0144skiej nocy;<\/span><\/li>\n<li><span style=\"font-weight: 400;\">najlepszy wyb\u00f3r, je\u015bli <\/span><b>potrzebujesz zapachu do tw\u00f3rczej pracy, medytacji, jogi albo do naprawd\u0119 g\u0142\u0119bokiego relaksu. <\/b><span style=\"font-weight: 400;\">Pozwoli Ci \u0142atwiej osi\u0105gn\u0105\u0107 stan wyciszenia i skoncentrowania na swoich emocjach.<\/span><\/li>\n<\/ul>\n<p><span style=\"font-weight: 400;\">Wystarczy kropla, <\/span><b>aby znale\u017a\u0107 si\u0119 w innym \u015bwiecie<\/b><span style=\"font-weight: 400;\">. Odwa\u017cysz si\u0119 po pow\u0105cha\u0107?<\/span><\/p>\n","protected":false},"featured_media":3227408,"comment_status":"open","ping_status":"closed","template":"","meta":[],"product_cat":[36,66,90],"product_tag":[],"acf":[],"yoast_head":"<!-- This site is optimized with the Yoast SEO plugin v19.6.1 - https:\/\/yoast.com\/wordpress\/plugins\/seo\/ -->\n<title>Olejek Palo Santo - Klaudyna Hebda Nature<\/title>\n<meta name=\"description\" content=\"Olejek Palo Santo - \ud83e\uddd8 idea\u0142 do jogi i medytacji. U\u017cywaj go, gdy chcesz si\u0119 odpr\u0119\u017cy\u0107. Zapach olejku eterycznego z Palo santo tworzy atmosfer\u0119 relaksu.\" \/>\n<meta name=\"robots\" content=\"index, follow, max-snippet:-1, max-image-preview:large, max-video-preview:-1\" \/>\n<link rel=\"canonical\" href=\"https:\/\/klaudynahebda.pl\/sklep\/olejek-palo-santo\/\" \/>\n<meta property=\"og:locale\" content=\"pl_PL\" \/>\n<meta property=\"og:type\" content=\"article\" \/>\n<meta property=\"og:title\" content=\"Olejek Palo Santo - Klaudyna Hebda Nature\" \/>\n<meta property=\"og:description\" content=\"Olejek Palo Santo - \ud83e\uddd8 idea\u0142 do jogi i medytacji. U\u017cywaj go, gdy chcesz si\u0119 odpr\u0119\u017cy\u0107. Zapach olejku eterycznego z Palo santo tworzy atmosfer\u0119 relaksu.\" \/>\n<meta property=\"og:url\" content=\"https:\/\/klaudynahebda.pl\/sklep\/olejek-palo-santo\/\" \/>\n<meta property=\"og:site_name\" content=\"Klaudyna Hebda Nature\" \/>\n<meta property=\"article:modified_time\" content=\"2025-11-22T17:04:00+00:00\" \/>\n<meta property=\"og:image\" content=\"https:\/\/klaudynahebda.pl\/sklep\/wp-content\/uploads\/2020\/08\/24.jpg\" \/>\n\t<meta property=\"og:image:width\" content=\"1020\" \/>\n\t<meta property=\"og:image:height\" content=\"1530\" \/>\n\t<meta property=\"og:image:type\" content=\"image\/jpeg\" \/>\n<meta name=\"twitter:card\" content=\"summary_large_image\" \/>\n<meta name=\"twitter:label1\" content=\"Szacowany czas czytania\" \/>\n\t<meta name=\"twitter:data1\" content=\"2 minuty\" \/>\n<script type=\"application\/ld+json\" class=\"yoast-schema-graph\">{\"@context\":\"https:\/\/schema.org\",\"@graph\":[{\"@type\":\"WebPage\",\"@id\":\"https:\/\/klaudynahebda.pl\/sklep\/olejek-palo-santo\/\",\"url\":\"https:\/\/klaudynahebda.pl\/sklep\/olejek-palo-santo\/\",\"name\":\"Olejek Palo Santo - Klaudyna Hebda Nature\",\"isPartOf\":{\"@id\":\"https:\/\/klaudynahebda.pl\/sklep\/#website\"},\"datePublished\":\"2020-08-18T11:48:36+00:00\",\"dateModified\":\"2025-11-22T17:04:00+00:00\",\"description\":\"Olejek Palo Santo - \ud83e\uddd8 idea\u0142 do jogi i medytacji. U\u017cywaj go, gdy chcesz si\u0119 odpr\u0119\u017cy\u0107. Zapach olejku eterycznego z Palo santo tworzy atmosfer\u0119 relaksu.\",\"breadcrumb\":{\"@id\":\"https:\/\/klaudynahebda.pl\/sklep\/olejek-palo-santo\/#breadcrumb\"},\"inLanguage\":\"pl-PL\",\"potentialAction\":[{\"@type\":\"ReadAction\",\"target\":[\"https:\/\/klaudynahebda.pl\/sklep\/olejek-palo-santo\/\"]}]},{\"@type\":\"BreadcrumbList\",\"@id\":\"https:\/\/klaudynahebda.pl\/sklep\/olejek-palo-santo\/#breadcrumb\",\"itemListElement\":[{\"@type\":\"ListItem\",\"position\":1,\"name\":\"Strona g\u0142\u00f3wna\",\"item\":\"https:\/\/klaudynahebda.pl\/sklep\/\"},{\"@type\":\"ListItem\",\"position\":2,\"name\":\"Sklep\",\"item\":\"https:\/\/klaudynahebda.pl\/sklep\/sklep\/\"},{\"@type\":\"ListItem\",\"position\":3,\"name\":\"Olejki kadzid\u0142owe i kadzid\u0142a\",\"item\":\"https:\/\/klaudynahebda.pl\/sklep\/olejki-kadzidlowe-frankincense-olibanum\/\"},{\"@type\":\"ListItem\",\"position\":4,\"name\":\"Olejek Palo Santo\"}]},{\"@type\":\"WebSite\",\"@id\":\"https:\/\/klaudynahebda.pl\/sklep\/#website\",\"url\":\"https:\/\/klaudynahebda.pl\/sklep\/\",\"name\":\"Klaudyna Hebda Nature\",\"description\":\"Sklep\",\"publisher\":{\"@id\":\"https:\/\/klaudynahebda.pl\/sklep\/#organization\"},\"potentialAction\":[{\"@type\":\"SearchAction\",\"target\":{\"@type\":\"EntryPoint\",\"urlTemplate\":\"https:\/\/klaudynahebda.pl\/sklep\/?s={search_term_string}\"},\"query-input\":\"required name=search_term_string\"}],\"inLanguage\":\"pl-PL\"},{\"@type\":\"Organization\",\"@id\":\"https:\/\/klaudynahebda.pl\/sklep\/#organization\",\"name\":\"KlaudynaHebda\",\"url\":\"https:\/\/klaudynahebda.pl\/sklep\/\",\"sameAs\":[],\"logo\":{\"@type\":\"ImageObject\",\"inLanguage\":\"pl-PL\",\"@id\":\"https:\/\/klaudynahebda.pl\/sklep\/#\/schema\/logo\/image\/\",\"url\":\"\",\"contentUrl\":\"\",\"caption\":\"KlaudynaHebda\"},\"image\":{\"@id\":\"https:\/\/klaudynahebda.pl\/sklep\/#\/schema\/logo\/image\/\"}}]}<\/script>\n<!-- \/ Yoast SEO plugin. -->","yoast_head_json":{"title":"Olejek Palo Santo - Klaudyna Hebda Nature","description":"Olejek Palo Santo - \ud83e\uddd8 idea\u0142 do jogi i medytacji. U\u017cywaj go, gdy chcesz si\u0119 odpr\u0119\u017cy\u0107. Zapach olejku eterycznego z Palo santo tworzy atmosfer\u0119 relaksu.","robots":{"index":"index","follow":"follow","max-snippet":"max-snippet:-1","max-image-preview":"max-image-preview:large","max-video-preview":"max-video-preview:-1"},"canonical":"https:\/\/klaudynahebda.pl\/sklep\/olejek-palo-santo\/","og_locale":"pl_PL","og_type":"article","og_title":"Olejek Palo Santo - Klaudyna Hebda Nature","og_description":"Olejek Palo Santo - \ud83e\uddd8 idea\u0142 do jogi i medytacji. U\u017cywaj go, gdy chcesz si\u0119 odpr\u0119\u017cy\u0107. Zapach olejku eterycznego z Palo santo tworzy atmosfer\u0119 relaksu.","og_url":"https:\/\/klaudynahebda.pl\/sklep\/olejek-palo-santo\/","og_site_name":"Klaudyna Hebda Nature","article_modified_time":"2025-11-22T17:04:00+00:00","og_image":[{"width":1020,"height":1530,"url":"https:\/\/klaudynahebda.pl\/sklep\/wp-content\/uploads\/2020\/08\/24.jpg","type":"image\/jpeg"}],"twitter_card":"summary_large_image","twitter_misc":{"Szacowany czas czytania":"2 minuty"},"schema":{"@context":"https:\/\/schema.org","@graph":[{"@type":"WebPage","@id":"https:\/\/klaudynahebda.pl\/sklep\/olejek-palo-santo\/","url":"https:\/\/klaudynahebda.pl\/sklep\/olejek-palo-santo\/","name":"Olejek Palo Santo - Klaudyna Hebda Nature","isPartOf":{"@id":"https:\/\/klaudynahebda.pl\/sklep\/#website"},"datePublished":"2020-08-18T11:48:36+00:00","dateModified":"2025-11-22T17:04:00+00:00","description":"Olejek Palo Santo - \ud83e\uddd8 idea\u0142 do jogi i medytacji. U\u017cywaj go, gdy chcesz si\u0119 odpr\u0119\u017cy\u0107. Zapach olejku eterycznego z Palo santo tworzy atmosfer\u0119 relaksu.","breadcrumb":{"@id":"https:\/\/klaudynahebda.pl\/sklep\/olejek-palo-santo\/#breadcrumb"},"inLanguage":"pl-PL","potentialAction":[{"@type":"ReadAction","target":["https:\/\/klaudynahebda.pl\/sklep\/olejek-palo-santo\/"]}]},{"@type":"BreadcrumbList","@id":"https:\/\/klaudynahebda.pl\/sklep\/olejek-palo-santo\/#breadcrumb","itemListElement":[{"@type":"ListItem","position":1,"name":"Strona g\u0142\u00f3wna","item":"https:\/\/klaudynahebda.pl\/sklep\/"},{"@type":"ListItem","position":2,"name":"Sklep","item":"https:\/\/klaudynahebda.pl\/sklep\/sklep\/"},{"@type":"ListItem","position":3,"name":"Olejki kadzid\u0142owe i kadzid\u0142a","item":"https:\/\/klaudynahebda.pl\/sklep\/olejki-kadzidlowe-frankincense-olibanum\/"},{"@type":"ListItem","position":4,"name":"Olejek Palo Santo"}]},{"@type":"WebSite","@id":"https:\/\/klaudynahebda.pl\/sklep\/#website","url":"https:\/\/klaudynahebda.pl\/sklep\/","name":"Klaudyna Hebda Nature","description":"Sklep","publisher":{"@id":"https:\/\/klaudynahebda.pl\/sklep\/#organization"},"potentialAction":[{"@type":"SearchAction","target":{"@type":"EntryPoint","urlTemplate":"https:\/\/klaudynahebda.pl\/sklep\/?s={search_term_string}"},"query-input":"required name=search_term_string"}],"inLanguage":"pl-PL"},{"@type":"Organization","@id":"https:\/\/klaudynahebda.pl\/sklep\/#organization","name":"KlaudynaHebda","url":"https:\/\/klaudynahebda.pl\/sklep\/","sameAs":[],"logo":{"@type":"ImageObject","inLanguage":"pl-PL","@id":"https:\/\/klaudynahebda.pl\/sklep\/#\/schema\/logo\/image\/","url":"","contentUrl":"","caption":"KlaudynaHebda"},"image":{"@id":"https:\/\/klaudynahebda.pl\/sklep\/#\/schema\/logo\/image\/"}}]}},"_links":{"self":[{"href":"https:\/\/klaudynahebda.pl\/sklep\/wp-json\/wp\/v2\/product\/99035"}],"collection":[{"href":"https:\/\/klaudynahebda.pl\/sklep\/wp-json\/wp\/v2\/product"}],"about":[{"href":"https:\/\/klaudynahebda.pl\/sklep\/wp-json\/wp\/v2\/types\/product"}],"replies":[{"embeddable":true,"href":"https:\/\/klaudynahebda.pl\/sklep\/wp-json\/wp\/v2\/comments?post=99035"}],"wp:featuredmedia":[{"embeddable":true,"href":"https:\/\/klaudynahebda.pl\/sklep\/wp-json\/wp\/v2\/media\/3227408"}],"wp:attachment":[{"href":"https:\/\/klaudynahebda.pl\/sklep\/wp-json\/wp\/v2\/media?parent=99035"}],"wp:term":[{"taxonomy":"product_cat","embeddable":true,"href":"https:\/\/klaudynahebda.pl\/sklep\/wp-json\/wp\/v2\/product_cat?post=99035"},{"taxonomy":"product_tag","embeddable":true,"href":"https:\/\/klaudynahebda.pl\/sklep\/wp-json\/wp\/v2\/product_tag?post=99035"}],"curies":[{"name":"wp","href":"https:\/\/api.w.org\/{rel}","templated":true}]}}