{"id":96273,"date":"2020-08-03T21:00:43","date_gmt":"2020-08-03T19:00:43","guid":{"rendered":"https:\/\/klaudynahebda.pl\/sklep\/?post_type=product&#038;p=96273"},"modified":"2026-04-16T08:07:55","modified_gmt":"2026-04-16T06:07:55","slug":"macerat-z-dziurawca","status":"publish","type":"product","link":"https:\/\/klaudynahebda.pl\/sklep\/macerat-z-dziurawca\/","title":{"rendered":"Wzmocniony Macerat Dziurawcowy &#8211; do relaksacji i masa\u017cu mi\u0119\u015bni [100 ml]"},"content":{"rendered":"<p><!--ScriptorStartFragment--><\/p>\n<h2 class=\"scriptor-paragraph\">Tradycyjna receptura na wsp\u00f3\u0142czesne wyzwania<\/h2>\n<div class=\"scriptor-paragraph\">Nasz wzmocniony <strong><a href=\"https:\/\/klaudynahebda.pl\/sklep\/olejek-kadzidlowy-frankincense-maly\/\" target=\"_blank\" rel=\"noopener\">kadzid\u0142owcem<\/a> i<a href=\"https:\/\/klaudynahebda.pl\/sklep\/copaiba\/\" target=\"_blank\" rel=\"noopener\"> copaib\u0105<\/a><\/strong> macerat z <strong>dziurawca zwyczajnego<\/strong>, jest tradycyjn\u0105, naturaln\u0105 receptur\u0105 do miejscowego <strong>masa\u017cu terapeutycznego cia\u0142a<\/strong>. U\u017cywaj, kiedy masz uczucie spi\u0119cia, ci\u0105gni\u0119cia, przewiania.<\/div>\n<p class=\"scriptor-paragraph\">Jest \u015bwietny dla os\u00f3b, kt\u00f3re d\u0142ugo przebywaj\u0105 w jednej pozycji i czuj\u0105 przez to spi\u0119cie mi\u0119\u015bni. Zw\u0142aszcza je\u015bli praca wymaga d\u0142ugiego siedzenia czy stania. Sprawdzi si\u0119 \u015bwietnie jako olej do masa\u017cu, je\u015bli Tw\u00f3j fizjoterapeuta zaleci\u0142 Ci rozlu\u017aniaj\u0105cy masa\u017c, na przyk\u0142ad przy korzonkach czy rwie kulszowej.<\/p>\n<p>Wiemy, \u017ce dajecie go w prezencie rodzicom, dziadkom i kole\u017cankom \u2014 i zupe\u0142nie nas to nie dziwi!<\/p>\n<div>\n<h2 class=\"scriptor-paragraph\">Jak powstaje Wzmocniony Macerat Dziurawcowy?<\/h2>\n<div class=\"scriptor-paragraph\">Proces powstawania naszego maceratu z dziurawca zwyczajnego jest wyj\u0105tkowy. Wszystkie zbiory dziurawca s\u0105 pozyskiwane z czystych teren\u00f3w po\u0142udniowej Polski.<\/div>\n<div class=\"scriptor-paragraph\">Maceracja s\u0142oneczna organicznych wierzcho\u0142k\u00f3w kwiat\u00f3w dziurawca zwyczajnego w oleju migda\u0142owym odbywa si\u0119 przez 3 miesi\u0105ce. Codziennie r\u0119cznie mieszamy maceracj\u0119.<\/div>\n<p class=\"scriptor-paragraph\">Macerat z dziurawca jest nazywany tak\u017ce \u201eczerwonym olejkiem\u201d ze wzgl\u0119du na obecn\u0105 w nim substancj\u0119: hiperycyn\u0119.<\/p>\n<h2>Jak u\u017cywa\u0107 maceratu z dziurawca?<\/h2>\n<div class=\"scriptor-paragraph\">W przypadku naszego tradycyjnego maceratu dziurawcowego bardzo wa\u017cna jest jego aktywacja przez pocieranie.<\/div>\n<div class=\"scriptor-paragraph\">Im d\u0142u\u017cej masujesz, tym lepiej.<\/div>\n<div class=\"scriptor-paragraph\">Na\u0142\u00f3\u017c na wybran\u0105 cz\u0119\u015b\u0107 cia\u0142a i masuj do ca\u0142kowitego wch\u0142oni\u0119cia (oko\u0142o 2 minut). Po wch\u0142oni\u0119ciu polecamy masa\u017c przez dodatkowe 5 &#8211; 10 minut, je\u015bli potrzebujesz mocniejszego efektu. Najlepsze efekty osi\u0105gniesz przy regularnym stosowaniu.<\/div>\n<p class=\"scriptor-paragraph\">Je\u015bli potrzebujesz masowa\u0107 trudno dost\u0119pne cz\u0119\u015bci cia\u0142a, popro\u015b drug\u0105 osob\u0119 o pomoc w masa\u017cu. Po posmarowaniu si\u0119 maceratem dziurawcowym nie wychod\u017a na ostre s\u0142o\u0144ce.<\/p>\n<p>Cz\u0119\u015b\u0107 z Was masuje nim r\u00f3wnie\u017c twarz, a tak\u017ce stosuje jako &#8220;podk\u0142ad: pod ba\u0144ki.<\/p>\n<h2><strong>Czy Wzmocniony Macerat Dziurawcowy z kadzid\u0142owcem i copaib\u0105 to receptura dla Ciebie?<\/strong><\/h2>\n<p>Tak, je\u015bli:<\/p>\n<ul>\n<li>masz prac\u0119 siedz\u0105c\u0105 lub stoj\u0105c\u0105 i d\u0142ugo przebywasz w jednej pozycji;<\/li>\n<li>masz tendencj\u0119 do napinania mi\u0119\u015bci (przyczyn mo\u017ce by\u0107 wiele: od stresu po wady postawy);<\/li>\n<li>nosisz dzieci, d\u017awigasz zakupy lub inne ci\u0119\u017cary;<\/li>\n<li>szukasz pi\u0119knie pachn\u0105cego, komfortowego w u\u017cyciu, naturalnego oleju do relaksuj\u0105cego masa\u017cu siebie lub kogo\u015b bliskiego;<\/li>\n<li>chcesz czego\u015b wi\u0119cej ni\u017c najwy\u017cszej jako\u015bci macerat dziurawcowy &#8211; to formu\u0142a wzmocniona olejkami eterycznymi;<\/li>\n<li>potrzebujesz wielofunkcyjnej receptury na wiele &#8220;okazji&#8221; &#8211; po rozmowach z Wami wiemy, \u017ce jego wszechstronne dzia\u0142anie co rusz Was zaskakuje i zachwyca;<\/li>\n<li>szukasz prezentu dla rodzic\u00f3w czy dziadk\u00f3w, kt\u00f3ry dope\u0142ni najlepsze \u017cyczenia &#8220;zdrowia, spokoju i u\u015bmiechu na twarzy&#8221;.<\/li>\n<\/ul>\n<\/div>\n<p><strong>Cz\u0119sto zadawane pytania<\/strong><\/p>\n<h3><strong>Czy Wzmocnionego Maceratu Dziurawcowego mog\u0105 u\u017cywa\u0107 kobiety w ci\u0105\u017cy do masa\u017cu plec\u00f3w?<\/strong><\/h3>\n<div class=\"scriptor-paragraph\">Zapytaj swojego lekarza\/ po\u0142o\u017cn\u0105, czy mo\u017cesz go u\u017cywa\u0107 do koj\u0105cego masa\u017cu obci\u0105\u017conych l\u0119d\u017awi pod koniec 3 trymestru.<\/div>\n<p class=\"scriptor-paragraph\">Wiele naszych klientek z powodzeniem u\u017cywa go w trzecim trymestrze ci\u0105\u017cy do relaksuj\u0105cego masa\u017cu dolnej cz\u0119\u015bci plec\u00f3w. Ze wzgl\u0119du na du\u017c\u0105 zawarto\u015b\u0107 olejk\u00f3w eterycznych nie polecamy u\u017cywa\u0107 w 1 i 2 trymestrze.<\/p>\n<h3><strong>Mam rw\u0119 kulszow\u0105\/ problem z nerwem tr\u00f3jdzielnym. Czy mog\u0119 u\u017cywa\u0107 Wzmocnionego Maceratu Dziurawcowego?<\/strong><\/h3>\n<p class=\"scriptor-paragraph\">Je\u015bli Tw\u00f3j lekarz, fizjoterapeuta lub chiropraktyk zaleci\u0142 Ci masa\u017c w domu, Wzmocniony Macerat Dziurawcowy, pe\u0142en mocnych olejk\u00f3w eterycznych, b\u0119dzie \u015bwietnym olejem no\u015bnikowym do masa\u017cu. Jest napakowany po kurek zio\u0142owymi olejami, kt\u00f3re dzia\u0142aj\u0105 i przynosz\u0105 ulg\u0119.<\/p>\n<div class=\"videoWrapper\" style=\"text-align: center;\"><\/div>\n","protected":false},"excerpt":{"rendered":"<h2><span style=\"color: #333333;\">Macerat z dziurawca z olejkami eterycznymi K. Hebda to:<\/span><\/h2>\n<ul>\n<li><span style=\"color: #333333;\">zio\u0142owy olej do g\u0142\u0119bokiego masa\u017cu spi\u0119tych mi\u0119\u015bni l\u0119d\u017awi i karku (od korzonk\u00f3w, przewiania)<\/span><\/li>\n<li class=\"scriptor-listItemlist!list-f071f881-2a13-4463-ac0e-756a3bc2cd010\">ratunek dla os\u00f3b, kt\u00f3re d\u0142ugo przebywaj\u0105 w jednej pozycji, maj\u0105 prac\u0119 stoj\u0105c\u0105 lub siedz\u0105c\u0105<\/li>\n<li class=\"scriptor-listItemlist!list-f071f881-2a13-4463-ac0e-756a3bc2cd010\">naturalne wsparcie dla niemal ka\u017cdego: od mam, kt\u00f3re nosz\u0105 pociechy na r\u0119kach albo d\u017awigaj\u0105 ci\u0119\u017ckie zakupy, przez osoby z wadami postawy, a\u017c po osoby dojrza\u0142e oraz senior\u00f3w &#8211; sprawd\u017a opinie naszych Klientek i Klient\u00f3w na dole i sprezentuj Wzmocniony Macerat Dziurawcowy komu\u015b, o kogo si\u0119 troszczysz!<\/li>\n<\/ul>\n<p>&nbsp;<\/p>\n<p>&nbsp;<\/p>\n","protected":false},"featured_media":3349718,"comment_status":"open","ping_status":"closed","template":"","meta":[],"product_cat":[246,114,127,130,47,90,118],"product_tag":[],"acf":[],"yoast_head":"<!-- This site is optimized with the Yoast SEO plugin v19.6.1 - https:\/\/yoast.com\/wordpress\/plugins\/seo\/ -->\n<title>Wzmocniony Macerat Dziurawcowy - do relaksacji i masa\u017cu mi\u0119\u015bni [100 ml] - Klaudyna Hebda Nature<\/title>\n<meta name=\"description\" content=\"Poznaj macerat z dziurawca z olejkami eterycznymi. U\u017cyj go masa\u017cu napi\u0119tych mi\u0119\u015bni, szczeg\u00f3lnie je\u015bli masz prac\u0119 stoj\u0105c\u0105, siedz\u0105c\u0105 albo nosisz dzieci.\" \/>\n<meta name=\"robots\" content=\"index, follow, max-snippet:-1, max-image-preview:large, max-video-preview:-1\" \/>\n<link rel=\"canonical\" href=\"https:\/\/klaudynahebda.pl\/sklep\/macerat-z-dziurawca\/\" \/>\n<meta property=\"og:locale\" content=\"pl_PL\" \/>\n<meta property=\"og:type\" content=\"article\" \/>\n<meta property=\"og:title\" content=\"Wzmocniony Macerat Dziurawcowy - do relaksacji i masa\u017cu mi\u0119\u015bni [100 ml] - Klaudyna Hebda Nature\" \/>\n<meta property=\"og:description\" content=\"Poznaj macerat z dziurawca z olejkami eterycznymi. U\u017cyj go masa\u017cu napi\u0119tych mi\u0119\u015bni, szczeg\u00f3lnie je\u015bli masz prac\u0119 stoj\u0105c\u0105, siedz\u0105c\u0105 albo nosisz dzieci.\" \/>\n<meta property=\"og:url\" content=\"https:\/\/klaudynahebda.pl\/sklep\/macerat-z-dziurawca\/\" \/>\n<meta property=\"og:site_name\" content=\"Klaudyna Hebda Nature\" \/>\n<meta property=\"article:modified_time\" content=\"2026-04-16T06:07:55+00:00\" \/>\n<meta property=\"og:image\" content=\"https:\/\/klaudynahebda.pl\/sklep\/wp-content\/uploads\/2020\/08\/wzmocniony-macerat-dziurawcowy-k-hebda-packshot.png\" \/>\n\t<meta property=\"og:image:width\" content=\"844\" \/>\n\t<meta property=\"og:image:height\" content=\"1152\" \/>\n\t<meta property=\"og:image:type\" content=\"image\/png\" \/>\n<meta name=\"twitter:card\" content=\"summary_large_image\" \/>\n<meta name=\"twitter:label1\" content=\"Szacowany czas czytania\" \/>\n\t<meta name=\"twitter:data1\" content=\"3 minuty\" \/>\n<script type=\"application\/ld+json\" class=\"yoast-schema-graph\">{\"@context\":\"https:\/\/schema.org\",\"@graph\":[{\"@type\":\"WebPage\",\"@id\":\"https:\/\/klaudynahebda.pl\/sklep\/macerat-z-dziurawca\/\",\"url\":\"https:\/\/klaudynahebda.pl\/sklep\/macerat-z-dziurawca\/\",\"name\":\"Wzmocniony Macerat Dziurawcowy - do relaksacji i masa\u017cu mi\u0119\u015bni [100 ml] - Klaudyna Hebda Nature\",\"isPartOf\":{\"@id\":\"https:\/\/klaudynahebda.pl\/sklep\/#website\"},\"datePublished\":\"2020-08-03T19:00:43+00:00\",\"dateModified\":\"2026-04-16T06:07:55+00:00\",\"description\":\"Poznaj macerat z dziurawca z olejkami eterycznymi. U\u017cyj go masa\u017cu napi\u0119tych mi\u0119\u015bni, szczeg\u00f3lnie je\u015bli masz prac\u0119 stoj\u0105c\u0105, siedz\u0105c\u0105 albo nosisz dzieci.\",\"breadcrumb\":{\"@id\":\"https:\/\/klaudynahebda.pl\/sklep\/macerat-z-dziurawca\/#breadcrumb\"},\"inLanguage\":\"pl-PL\",\"potentialAction\":[{\"@type\":\"ReadAction\",\"target\":[\"https:\/\/klaudynahebda.pl\/sklep\/macerat-z-dziurawca\/\"]}]},{\"@type\":\"BreadcrumbList\",\"@id\":\"https:\/\/klaudynahebda.pl\/sklep\/macerat-z-dziurawca\/#breadcrumb\",\"itemListElement\":[{\"@type\":\"ListItem\",\"position\":1,\"name\":\"Strona g\u0142\u00f3wna\",\"item\":\"https:\/\/klaudynahebda.pl\/sklep\/\"},{\"@type\":\"ListItem\",\"position\":2,\"name\":\"Sklep\",\"item\":\"https:\/\/klaudynahebda.pl\/sklep\/sklep\/\"},{\"@type\":\"ListItem\",\"position\":3,\"name\":\"Autorskie mieszanki olejk\u00f3w eterycznych\",\"item\":\"https:\/\/klaudynahebda.pl\/sklep\/autorskie-mieszanki-olejkow\/\"},{\"@type\":\"ListItem\",\"position\":4,\"name\":\"Wzmocniony Macerat Dziurawcowy &#8211; do relaksacji i masa\u017cu mi\u0119\u015bni [100 ml]\"}]},{\"@type\":\"WebSite\",\"@id\":\"https:\/\/klaudynahebda.pl\/sklep\/#website\",\"url\":\"https:\/\/klaudynahebda.pl\/sklep\/\",\"name\":\"Klaudyna Hebda Nature\",\"description\":\"Sklep\",\"publisher\":{\"@id\":\"https:\/\/klaudynahebda.pl\/sklep\/#organization\"},\"potentialAction\":[{\"@type\":\"SearchAction\",\"target\":{\"@type\":\"EntryPoint\",\"urlTemplate\":\"https:\/\/klaudynahebda.pl\/sklep\/?s={search_term_string}\"},\"query-input\":\"required name=search_term_string\"}],\"inLanguage\":\"pl-PL\"},{\"@type\":\"Organization\",\"@id\":\"https:\/\/klaudynahebda.pl\/sklep\/#organization\",\"name\":\"KlaudynaHebda\",\"url\":\"https:\/\/klaudynahebda.pl\/sklep\/\",\"sameAs\":[],\"logo\":{\"@type\":\"ImageObject\",\"inLanguage\":\"pl-PL\",\"@id\":\"https:\/\/klaudynahebda.pl\/sklep\/#\/schema\/logo\/image\/\",\"url\":\"\",\"contentUrl\":\"\",\"caption\":\"KlaudynaHebda\"},\"image\":{\"@id\":\"https:\/\/klaudynahebda.pl\/sklep\/#\/schema\/logo\/image\/\"}}]}<\/script>\n<!-- \/ Yoast SEO plugin. -->","yoast_head_json":{"title":"Wzmocniony Macerat Dziurawcowy - do relaksacji i masa\u017cu mi\u0119\u015bni [100 ml] - Klaudyna Hebda Nature","description":"Poznaj macerat z dziurawca z olejkami eterycznymi. U\u017cyj go masa\u017cu napi\u0119tych mi\u0119\u015bni, szczeg\u00f3lnie je\u015bli masz prac\u0119 stoj\u0105c\u0105, siedz\u0105c\u0105 albo nosisz dzieci.","robots":{"index":"index","follow":"follow","max-snippet":"max-snippet:-1","max-image-preview":"max-image-preview:large","max-video-preview":"max-video-preview:-1"},"canonical":"https:\/\/klaudynahebda.pl\/sklep\/macerat-z-dziurawca\/","og_locale":"pl_PL","og_type":"article","og_title":"Wzmocniony Macerat Dziurawcowy - do relaksacji i masa\u017cu mi\u0119\u015bni [100 ml] - Klaudyna Hebda Nature","og_description":"Poznaj macerat z dziurawca z olejkami eterycznymi. U\u017cyj go masa\u017cu napi\u0119tych mi\u0119\u015bni, szczeg\u00f3lnie je\u015bli masz prac\u0119 stoj\u0105c\u0105, siedz\u0105c\u0105 albo nosisz dzieci.","og_url":"https:\/\/klaudynahebda.pl\/sklep\/macerat-z-dziurawca\/","og_site_name":"Klaudyna Hebda Nature","article_modified_time":"2026-04-16T06:07:55+00:00","og_image":[{"width":844,"height":1152,"url":"https:\/\/klaudynahebda.pl\/sklep\/wp-content\/uploads\/2020\/08\/wzmocniony-macerat-dziurawcowy-k-hebda-packshot.png","type":"image\/png"}],"twitter_card":"summary_large_image","twitter_misc":{"Szacowany czas czytania":"3 minuty"},"schema":{"@context":"https:\/\/schema.org","@graph":[{"@type":"WebPage","@id":"https:\/\/klaudynahebda.pl\/sklep\/macerat-z-dziurawca\/","url":"https:\/\/klaudynahebda.pl\/sklep\/macerat-z-dziurawca\/","name":"Wzmocniony Macerat Dziurawcowy - do relaksacji i masa\u017cu mi\u0119\u015bni [100 ml] - Klaudyna Hebda Nature","isPartOf":{"@id":"https:\/\/klaudynahebda.pl\/sklep\/#website"},"datePublished":"2020-08-03T19:00:43+00:00","dateModified":"2026-04-16T06:07:55+00:00","description":"Poznaj macerat z dziurawca z olejkami eterycznymi. U\u017cyj go masa\u017cu napi\u0119tych mi\u0119\u015bni, szczeg\u00f3lnie je\u015bli masz prac\u0119 stoj\u0105c\u0105, siedz\u0105c\u0105 albo nosisz dzieci.","breadcrumb":{"@id":"https:\/\/klaudynahebda.pl\/sklep\/macerat-z-dziurawca\/#breadcrumb"},"inLanguage":"pl-PL","potentialAction":[{"@type":"ReadAction","target":["https:\/\/klaudynahebda.pl\/sklep\/macerat-z-dziurawca\/"]}]},{"@type":"BreadcrumbList","@id":"https:\/\/klaudynahebda.pl\/sklep\/macerat-z-dziurawca\/#breadcrumb","itemListElement":[{"@type":"ListItem","position":1,"name":"Strona g\u0142\u00f3wna","item":"https:\/\/klaudynahebda.pl\/sklep\/"},{"@type":"ListItem","position":2,"name":"Sklep","item":"https:\/\/klaudynahebda.pl\/sklep\/sklep\/"},{"@type":"ListItem","position":3,"name":"Autorskie mieszanki olejk\u00f3w eterycznych","item":"https:\/\/klaudynahebda.pl\/sklep\/autorskie-mieszanki-olejkow\/"},{"@type":"ListItem","position":4,"name":"Wzmocniony Macerat Dziurawcowy &#8211; do relaksacji i masa\u017cu mi\u0119\u015bni [100 ml]"}]},{"@type":"WebSite","@id":"https:\/\/klaudynahebda.pl\/sklep\/#website","url":"https:\/\/klaudynahebda.pl\/sklep\/","name":"Klaudyna Hebda Nature","description":"Sklep","publisher":{"@id":"https:\/\/klaudynahebda.pl\/sklep\/#organization"},"potentialAction":[{"@type":"SearchAction","target":{"@type":"EntryPoint","urlTemplate":"https:\/\/klaudynahebda.pl\/sklep\/?s={search_term_string}"},"query-input":"required name=search_term_string"}],"inLanguage":"pl-PL"},{"@type":"Organization","@id":"https:\/\/klaudynahebda.pl\/sklep\/#organization","name":"KlaudynaHebda","url":"https:\/\/klaudynahebda.pl\/sklep\/","sameAs":[],"logo":{"@type":"ImageObject","inLanguage":"pl-PL","@id":"https:\/\/klaudynahebda.pl\/sklep\/#\/schema\/logo\/image\/","url":"","contentUrl":"","caption":"KlaudynaHebda"},"image":{"@id":"https:\/\/klaudynahebda.pl\/sklep\/#\/schema\/logo\/image\/"}}]}},"_links":{"self":[{"href":"https:\/\/klaudynahebda.pl\/sklep\/wp-json\/wp\/v2\/product\/96273"}],"collection":[{"href":"https:\/\/klaudynahebda.pl\/sklep\/wp-json\/wp\/v2\/product"}],"about":[{"href":"https:\/\/klaudynahebda.pl\/sklep\/wp-json\/wp\/v2\/types\/product"}],"replies":[{"embeddable":true,"href":"https:\/\/klaudynahebda.pl\/sklep\/wp-json\/wp\/v2\/comments?post=96273"}],"wp:featuredmedia":[{"embeddable":true,"href":"https:\/\/klaudynahebda.pl\/sklep\/wp-json\/wp\/v2\/media\/3349718"}],"wp:attachment":[{"href":"https:\/\/klaudynahebda.pl\/sklep\/wp-json\/wp\/v2\/media?parent=96273"}],"wp:term":[{"taxonomy":"product_cat","embeddable":true,"href":"https:\/\/klaudynahebda.pl\/sklep\/wp-json\/wp\/v2\/product_cat?post=96273"},{"taxonomy":"product_tag","embeddable":true,"href":"https:\/\/klaudynahebda.pl\/sklep\/wp-json\/wp\/v2\/product_tag?post=96273"}],"curies":[{"name":"wp","href":"https:\/\/api.w.org\/{rel}","templated":true}]}}