{"id":9364,"date":"2018-02-20T11:25:43","date_gmt":"2018-02-20T10:25:43","guid":{"rendered":"http:\/\/klaudynahebda.pl\/sklep\/product\/olejek-kadzidlowy-frankincense-maly\/"},"modified":"2026-04-04T21:22:13","modified_gmt":"2026-04-04T19:22:13","slug":"olejek-kadzidlowy-frankincense-maly","status":"publish","type":"product","link":"https:\/\/klaudynahebda.pl\/sklep\/olejek-kadzidlowy-frankincense-maly\/","title":{"rendered":"Olejek kadzid\u0142owy frankincense (zapach dla g\u0142\u0119bokiego relaksu)"},"content":{"rendered":"<p>Najbardziej znany olejek kadzidlany (Frankincense\/Olibanum). Je\u015bli czyta\u0142a\u015b\/czyta\u0142e\u015b o cudownych w\u0142a\u015bciwo\u015bciach tego olejku, to by\u0142 to prawdopodobnie w\u0142a\u015bnie olejek z Boswelii carterii! Frankincense jest u nas te\u017c w wi\u0119kszej pojemno\u015bci &#8211;<a href=\"https:\/\/klaudynahebda.pl\/sklep\/olejek-kadzidlowy-frankincense-15ml\/\"> Frankincense 15 ml.<\/a><\/p>\n<h2><b>Olejek z kadzid\u0142owca (frankincense): zastosowanie<\/b><\/h2>\n<ul>\n<li><span style=\"font-weight: 400;\">o jego pozytywnym wp\u0142ywie na cer\u0119 wiedzieli ju\u017c staro\u017cytni Egipcjanie (podobno nawet Kleopatra u\u017cywa\u0142a olejku z kadzid\u0142owca i geranium &#8211; w\u0142a\u015bnie dla pi\u0119kniejszej cery!)\u00a0<\/span><\/li>\n<li><span style=\"font-weight: 400;\">zapach kadzid\u0142a niekt\u00f3rych bardzo uspokaja i oczyszcza umys\u0142, ale jednocze\u015bnie nie usypia<\/span><\/li>\n<li><span style=\"font-weight: 400;\">aromat rozpylony w pomieszczeniu m\u00f3wi si\u0119, \u017ce uwalnia emocje, dlatego nie polecamy jej po trudnych prze\u017cyciach, kiedy potrzebujesz dla siebie bezpiecznej przestrzeni, a jeszcze nie jeste\u015b gotowa na zamkni\u0119cie pewnych spraw (w takich momentach lepiej wybra\u0107 ylang-ylang)<\/span><\/li>\n<li><span style=\"font-weight: 400;\">mo\u017ce wywo\u0142a\u0107 subiektywne poczucie ciep\u0142a i lekk\u0105 eufori\u0119 &#8211; wystarczy jeden wdech, \u017ceby poczu\u0107 natychmiastowe rozlu\u017anienie<br \/>\n<\/span><\/li>\n<\/ul>\n<p><strong>Nowa, od\u015bwie\u017cona etykieta w pojemno\u015bci 5 ml<\/strong><br \/>\nTo wci\u0105\u017c ten sam, uwielbiany przez Was olejek \u2013 zmieni\u0142 si\u0119 tylko jego wygl\u0105d.<\/p>\n<h2><strong>Olejek kadzid\u0142owy w gotowych recepturach!<\/strong><\/h2>\n<p>Chcesz u\u017cywa\u0107 olejek z kadzid\u0142owca do piel\u0119gnacji sk\u00f3ry? Sprawd\u017a nasz<a href=\"https:\/\/klaudynahebda.pl\/sklep\/roll-on-frankincense\/\"> roll-on do masa\u017cu twarzy Frankincense.<\/a><\/p>\n<p>Potrzebujesz masa\u017cu, kt\u00f3ry daje ulg\u0119? Si\u0119gnij po<a href=\"https:\/\/klaudynahebda.pl\/sklep\/macerat-z-dziurawca\/\"> Wzmocniony Macerat Dziurawcowy z kadzid\u0142owcem i copaib\u0105.<\/a><\/p>\n<p><strong style=\"font-size: 23.04px;\">Chcesz dowiedzie\u0107 si\u0119 wi\u0119cej o olejku z kadzid\u0142owca?<\/strong><\/p>\n<p><strong>Zerknij na nasze artyku\u0142y:<\/strong><\/p>\n<p><a href=\"https:\/\/klaudynahebda.pl\/prawdziwe-kadzidlo\/\"><b>https:\/\/klaudynahebda.pl\/prawdziwe-kadzidlo\/<\/b><\/a><b><br \/>\n<\/b><a href=\"https:\/\/klaudynahebda.pl\/ja-tez-sie-boje-czyli-o-tym-znalazlam-sie-omanie\/#\"><b>https:\/\/klaudynahebda.pl\/ja-tez-sie-boje-czyli-o-tym-znalazlam-sie-omanie\/#<\/b><\/a><b><br \/>\n<\/b><a href=\"https:\/\/klaudynahebda.pl\/olejek-kadzidlowy-nie-jest-dla-ciebie-jesli\/\"><b>https:\/\/klaudynahebda.pl\/olejek-kadzidlowy-nie-jest-dla-ciebie-jesli\/<\/b><\/a><b><br \/>\n<\/b><a href=\"https:\/\/klaudynahebda.pl\/jak-szybko-sie-uspokoic\/\"><b>https:\/\/klaudynahebda.pl\/jak-szybko-sie-uspokoic\/<\/b><\/a><b>\u00a0<\/b><\/p>\n<p>\u27a1\ufe0f Sprawd\u017a te\u017c:<\/p>\n<ul>\n<li><a href=\"https:\/\/klaudynahebda.pl\/sklep\/dyfuzor-do-aromaterapii\/\">dyfuzor bezprzewodowy<\/a>\u00a0do aromaterapii<\/li>\n<li>inne <a href=\"https:\/\/klaudynahebda.pl\/sklep\/olejki-eteryczne\/\">naturalne olejki eteryczne<\/a> K. Hebda.<\/li>\n<\/ul>\n","protected":false},"excerpt":{"rendered":"<h2>Olejek kadzid\u0142owy to:<\/h2>\n<ul>\n<li>jeden z najbardziej mistycznych olejk\u00f3w na \u015bwiecie \u2014 od wiek\u00f3w u\u017cywany w rytua\u0142ach i medytacjach,<\/li>\n<li>zapach o \u017cywicznym charakterze z delikatn\u0105, cytrusow\u0105 nut\u0105,<\/li>\n<li>idealny towarzysz praktyki jogi, relaksu lub tw\u00f3rczej pracy,<\/li>\n<li>aromat, kt\u00f3ry pomaga zwolni\u0107, uspokoi\u0107 my\u015bli i wprowadza w stan skupienia,<\/li>\n<li>niczym \u201elas w kropelce\u201d \u2014 tworzy atmosfer\u0119 spokoju i oczyszczenia,<\/li>\n<li>dawniej by\u0142 r\u00f3wnie cenny jak z\u0142oto \u2014 dzi\u015b wci\u0105\u017c ma w sobie t\u0119 sam\u0105 aur\u0119 luksusu i duchowo\u015bci,<\/li>\n<li>pi\u0119kny przyk\u0142ad tego, jak natura potrafi \u0142\u0105czy\u0107 g\u0142\u0119bi\u0119 zapachu z subtelnym dzia\u0142aniem na zmys\u0142y.<\/li>\n<\/ul>\n","protected":false},"featured_media":3320504,"comment_status":"open","ping_status":"closed","template":"","meta":[],"product_cat":[130,36,66,90],"product_tag":[],"acf":[],"yoast_head":"<!-- This site is optimized with the Yoast SEO plugin v19.6.1 - https:\/\/yoast.com\/wordpress\/plugins\/seo\/ -->\n<title>Olejek kadzid\u0142owy frankincense (zapach dla g\u0142\u0119bokiego relaksu) - Klaudyna Hebda Nature<\/title>\n<meta name=\"description\" content=\"Zapach olejku kadzid\u0142owego \u0142agodzi odczucie stresu i wspiera skupienie. Jest te\u017c powszechnie stosowany w praktykach jogi i r\u00f3\u017cnych metodach relaksacji.\" \/>\n<meta name=\"robots\" content=\"index, follow, max-snippet:-1, max-image-preview:large, max-video-preview:-1\" \/>\n<link rel=\"canonical\" href=\"https:\/\/klaudynahebda.pl\/sklep\/olejek-kadzidlowy-frankincense-maly\/\" \/>\n<meta property=\"og:locale\" content=\"pl_PL\" \/>\n<meta property=\"og:type\" content=\"article\" \/>\n<meta property=\"og:title\" content=\"Olejek kadzid\u0142owy frankincense (zapach dla g\u0142\u0119bokiego relaksu) - Klaudyna Hebda Nature\" \/>\n<meta property=\"og:description\" content=\"Zapach olejku kadzid\u0142owego \u0142agodzi odczucie stresu i wspiera skupienie. Jest te\u017c powszechnie stosowany w praktykach jogi i r\u00f3\u017cnych metodach relaksacji.\" \/>\n<meta property=\"og:url\" content=\"https:\/\/klaudynahebda.pl\/sklep\/olejek-kadzidlowy-frankincense-maly\/\" \/>\n<meta property=\"og:site_name\" content=\"Klaudyna Hebda Nature\" \/>\n<meta property=\"article:modified_time\" content=\"2026-04-04T19:22:13+00:00\" \/>\n<meta property=\"og:image\" content=\"https:\/\/klaudynahebda.pl\/sklep\/wp-content\/uploads\/2018\/02\/olejek-kadzidlowy-frankincense-5ml.png\" \/>\n\t<meta property=\"og:image:width\" content=\"844\" \/>\n\t<meta property=\"og:image:height\" content=\"1152\" \/>\n\t<meta property=\"og:image:type\" content=\"image\/png\" \/>\n<meta name=\"twitter:card\" content=\"summary_large_image\" \/>\n<meta name=\"twitter:label1\" content=\"Szacowany czas czytania\" \/>\n\t<meta name=\"twitter:data1\" content=\"2 minuty\" \/>\n<script type=\"application\/ld+json\" class=\"yoast-schema-graph\">{\"@context\":\"https:\/\/schema.org\",\"@graph\":[{\"@type\":\"WebPage\",\"@id\":\"https:\/\/klaudynahebda.pl\/sklep\/olejek-kadzidlowy-frankincense-maly\/\",\"url\":\"https:\/\/klaudynahebda.pl\/sklep\/olejek-kadzidlowy-frankincense-maly\/\",\"name\":\"Olejek kadzid\u0142owy frankincense (zapach dla g\u0142\u0119bokiego relaksu) - Klaudyna Hebda Nature\",\"isPartOf\":{\"@id\":\"https:\/\/klaudynahebda.pl\/sklep\/#website\"},\"datePublished\":\"2018-02-20T10:25:43+00:00\",\"dateModified\":\"2026-04-04T19:22:13+00:00\",\"description\":\"Zapach olejku kadzid\u0142owego \u0142agodzi odczucie stresu i wspiera skupienie. Jest te\u017c powszechnie stosowany w praktykach jogi i r\u00f3\u017cnych metodach relaksacji.\",\"breadcrumb\":{\"@id\":\"https:\/\/klaudynahebda.pl\/sklep\/olejek-kadzidlowy-frankincense-maly\/#breadcrumb\"},\"inLanguage\":\"pl-PL\",\"potentialAction\":[{\"@type\":\"ReadAction\",\"target\":[\"https:\/\/klaudynahebda.pl\/sklep\/olejek-kadzidlowy-frankincense-maly\/\"]}]},{\"@type\":\"BreadcrumbList\",\"@id\":\"https:\/\/klaudynahebda.pl\/sklep\/olejek-kadzidlowy-frankincense-maly\/#breadcrumb\",\"itemListElement\":[{\"@type\":\"ListItem\",\"position\":1,\"name\":\"Strona g\u0142\u00f3wna\",\"item\":\"https:\/\/klaudynahebda.pl\/sklep\/\"},{\"@type\":\"ListItem\",\"position\":2,\"name\":\"Sklep\",\"item\":\"https:\/\/klaudynahebda.pl\/sklep\/sklep\/\"},{\"@type\":\"ListItem\",\"position\":3,\"name\":\"Olejki kadzid\u0142owe i kadzid\u0142a\",\"item\":\"https:\/\/klaudynahebda.pl\/sklep\/olejki-kadzidlowe-frankincense-olibanum\/\"},{\"@type\":\"ListItem\",\"position\":4,\"name\":\"Olejek kadzid\u0142owy frankincense (zapach dla g\u0142\u0119bokiego relaksu)\"}]},{\"@type\":\"WebSite\",\"@id\":\"https:\/\/klaudynahebda.pl\/sklep\/#website\",\"url\":\"https:\/\/klaudynahebda.pl\/sklep\/\",\"name\":\"Klaudyna Hebda Nature\",\"description\":\"Sklep\",\"publisher\":{\"@id\":\"https:\/\/klaudynahebda.pl\/sklep\/#organization\"},\"potentialAction\":[{\"@type\":\"SearchAction\",\"target\":{\"@type\":\"EntryPoint\",\"urlTemplate\":\"https:\/\/klaudynahebda.pl\/sklep\/?s={search_term_string}\"},\"query-input\":\"required name=search_term_string\"}],\"inLanguage\":\"pl-PL\"},{\"@type\":\"Organization\",\"@id\":\"https:\/\/klaudynahebda.pl\/sklep\/#organization\",\"name\":\"KlaudynaHebda\",\"url\":\"https:\/\/klaudynahebda.pl\/sklep\/\",\"sameAs\":[],\"logo\":{\"@type\":\"ImageObject\",\"inLanguage\":\"pl-PL\",\"@id\":\"https:\/\/klaudynahebda.pl\/sklep\/#\/schema\/logo\/image\/\",\"url\":\"\",\"contentUrl\":\"\",\"caption\":\"KlaudynaHebda\"},\"image\":{\"@id\":\"https:\/\/klaudynahebda.pl\/sklep\/#\/schema\/logo\/image\/\"}}]}<\/script>\n<!-- \/ Yoast SEO plugin. -->","yoast_head_json":{"title":"Olejek kadzid\u0142owy frankincense (zapach dla g\u0142\u0119bokiego relaksu) - Klaudyna Hebda Nature","description":"Zapach olejku kadzid\u0142owego \u0142agodzi odczucie stresu i wspiera skupienie. Jest te\u017c powszechnie stosowany w praktykach jogi i r\u00f3\u017cnych metodach relaksacji.","robots":{"index":"index","follow":"follow","max-snippet":"max-snippet:-1","max-image-preview":"max-image-preview:large","max-video-preview":"max-video-preview:-1"},"canonical":"https:\/\/klaudynahebda.pl\/sklep\/olejek-kadzidlowy-frankincense-maly\/","og_locale":"pl_PL","og_type":"article","og_title":"Olejek kadzid\u0142owy frankincense (zapach dla g\u0142\u0119bokiego relaksu) - Klaudyna Hebda Nature","og_description":"Zapach olejku kadzid\u0142owego \u0142agodzi odczucie stresu i wspiera skupienie. Jest te\u017c powszechnie stosowany w praktykach jogi i r\u00f3\u017cnych metodach relaksacji.","og_url":"https:\/\/klaudynahebda.pl\/sklep\/olejek-kadzidlowy-frankincense-maly\/","og_site_name":"Klaudyna Hebda Nature","article_modified_time":"2026-04-04T19:22:13+00:00","og_image":[{"width":844,"height":1152,"url":"https:\/\/klaudynahebda.pl\/sklep\/wp-content\/uploads\/2018\/02\/olejek-kadzidlowy-frankincense-5ml.png","type":"image\/png"}],"twitter_card":"summary_large_image","twitter_misc":{"Szacowany czas czytania":"2 minuty"},"schema":{"@context":"https:\/\/schema.org","@graph":[{"@type":"WebPage","@id":"https:\/\/klaudynahebda.pl\/sklep\/olejek-kadzidlowy-frankincense-maly\/","url":"https:\/\/klaudynahebda.pl\/sklep\/olejek-kadzidlowy-frankincense-maly\/","name":"Olejek kadzid\u0142owy frankincense (zapach dla g\u0142\u0119bokiego relaksu) - Klaudyna Hebda Nature","isPartOf":{"@id":"https:\/\/klaudynahebda.pl\/sklep\/#website"},"datePublished":"2018-02-20T10:25:43+00:00","dateModified":"2026-04-04T19:22:13+00:00","description":"Zapach olejku kadzid\u0142owego \u0142agodzi odczucie stresu i wspiera skupienie. Jest te\u017c powszechnie stosowany w praktykach jogi i r\u00f3\u017cnych metodach relaksacji.","breadcrumb":{"@id":"https:\/\/klaudynahebda.pl\/sklep\/olejek-kadzidlowy-frankincense-maly\/#breadcrumb"},"inLanguage":"pl-PL","potentialAction":[{"@type":"ReadAction","target":["https:\/\/klaudynahebda.pl\/sklep\/olejek-kadzidlowy-frankincense-maly\/"]}]},{"@type":"BreadcrumbList","@id":"https:\/\/klaudynahebda.pl\/sklep\/olejek-kadzidlowy-frankincense-maly\/#breadcrumb","itemListElement":[{"@type":"ListItem","position":1,"name":"Strona g\u0142\u00f3wna","item":"https:\/\/klaudynahebda.pl\/sklep\/"},{"@type":"ListItem","position":2,"name":"Sklep","item":"https:\/\/klaudynahebda.pl\/sklep\/sklep\/"},{"@type":"ListItem","position":3,"name":"Olejki kadzid\u0142owe i kadzid\u0142a","item":"https:\/\/klaudynahebda.pl\/sklep\/olejki-kadzidlowe-frankincense-olibanum\/"},{"@type":"ListItem","position":4,"name":"Olejek kadzid\u0142owy frankincense (zapach dla g\u0142\u0119bokiego relaksu)"}]},{"@type":"WebSite","@id":"https:\/\/klaudynahebda.pl\/sklep\/#website","url":"https:\/\/klaudynahebda.pl\/sklep\/","name":"Klaudyna Hebda Nature","description":"Sklep","publisher":{"@id":"https:\/\/klaudynahebda.pl\/sklep\/#organization"},"potentialAction":[{"@type":"SearchAction","target":{"@type":"EntryPoint","urlTemplate":"https:\/\/klaudynahebda.pl\/sklep\/?s={search_term_string}"},"query-input":"required name=search_term_string"}],"inLanguage":"pl-PL"},{"@type":"Organization","@id":"https:\/\/klaudynahebda.pl\/sklep\/#organization","name":"KlaudynaHebda","url":"https:\/\/klaudynahebda.pl\/sklep\/","sameAs":[],"logo":{"@type":"ImageObject","inLanguage":"pl-PL","@id":"https:\/\/klaudynahebda.pl\/sklep\/#\/schema\/logo\/image\/","url":"","contentUrl":"","caption":"KlaudynaHebda"},"image":{"@id":"https:\/\/klaudynahebda.pl\/sklep\/#\/schema\/logo\/image\/"}}]}},"_links":{"self":[{"href":"https:\/\/klaudynahebda.pl\/sklep\/wp-json\/wp\/v2\/product\/9364"}],"collection":[{"href":"https:\/\/klaudynahebda.pl\/sklep\/wp-json\/wp\/v2\/product"}],"about":[{"href":"https:\/\/klaudynahebda.pl\/sklep\/wp-json\/wp\/v2\/types\/product"}],"replies":[{"embeddable":true,"href":"https:\/\/klaudynahebda.pl\/sklep\/wp-json\/wp\/v2\/comments?post=9364"}],"wp:featuredmedia":[{"embeddable":true,"href":"https:\/\/klaudynahebda.pl\/sklep\/wp-json\/wp\/v2\/media\/3320504"}],"wp:attachment":[{"href":"https:\/\/klaudynahebda.pl\/sklep\/wp-json\/wp\/v2\/media?parent=9364"}],"wp:term":[{"taxonomy":"product_cat","embeddable":true,"href":"https:\/\/klaudynahebda.pl\/sklep\/wp-json\/wp\/v2\/product_cat?post=9364"},{"taxonomy":"product_tag","embeddable":true,"href":"https:\/\/klaudynahebda.pl\/sklep\/wp-json\/wp\/v2\/product_tag?post=9364"}],"curies":[{"name":"wp","href":"https:\/\/api.w.org\/{rel}","templated":true}]}}