{"id":88165,"date":"2020-05-08T14:42:17","date_gmt":"2020-05-08T12:42:17","guid":{"rendered":"https:\/\/klaudynahebda.pl\/sklep\/?post_type=product&#038;p=88165"},"modified":"2026-04-03T16:18:37","modified_gmt":"2026-04-03T14:18:37","slug":"peeling-czterech-alchemikow","status":"publish","type":"product","link":"https:\/\/klaudynahebda.pl\/sklep\/peeling-czterech-alchemikow\/","title":{"rendered":"Czterech Alchemik\u00f3w\u00ae &#8211; peeling do cia\u0142a [kawa\/ pomara\u0144cza\/ kardamon]"},"content":{"rendered":"<h2><span data-contrast=\"auto\">Jak dzia\u0142a peeling do cia\u0142a Czterech Alchemik\u00f3w\u00ae?<\/span><\/h2>\n<ul>\n<li data-leveltext=\"\u00b7\" data-font=\"Symbol\" data-listid=\"1\" data-list-defn-props=\"{&quot;335552541&quot;:1,&quot;335559684&quot;:-2,&quot;335559685&quot;:720,&quot;335559991&quot;:360,&quot;469769226&quot;:&quot;Symbol&quot;,&quot;469769242&quot;:[8226],&quot;469777803&quot;:&quot;left&quot;,&quot;469777804&quot;:&quot;\u00b7&quot;,&quot;469777815&quot;:&quot;hybridMultilevel&quot;}\" data-aria-posinset=\"1\" data-aria-level=\"1\"><b><span data-contrast=\"auto\">oczyszcza<\/span><\/b><span data-contrast=\"auto\"> \u2013 potwierdzi\u0142o to a\u017c 100% testerek,<\/span><span data-ccp-props=\"{&quot;134233117&quot;:false,&quot;134233118&quot;:false,&quot;201341983&quot;:0,&quot;335559738&quot;:0,&quot;335559739&quot;:0,&quot;335559740&quot;:259}\">\u00a0<\/span><\/li>\n<li data-leveltext=\"\u00b7\" data-font=\"Symbol\" data-listid=\"1\" data-list-defn-props=\"{&quot;335552541&quot;:1,&quot;335559684&quot;:-2,&quot;335559685&quot;:720,&quot;335559991&quot;:360,&quot;469769226&quot;:&quot;Symbol&quot;,&quot;469769242&quot;:[8226],&quot;469777803&quot;:&quot;left&quot;,&quot;469777804&quot;:&quot;\u00b7&quot;,&quot;469777815&quot;:&quot;hybridMultilevel&quot;}\" data-aria-posinset=\"2\" data-aria-level=\"1\"><b><span data-contrast=\"auto\">od\u017cywia<\/span><\/b><span data-contrast=\"auto\"> \u2013 wed\u0142ug 80% testerek,<\/span><span data-ccp-props=\"{&quot;134233117&quot;:false,&quot;134233118&quot;:false,&quot;201341983&quot;:0,&quot;335559738&quot;:0,&quot;335559739&quot;:0,&quot;335559740&quot;:259}\">\u00a0<\/span><\/li>\n<li data-leveltext=\"\u00b7\" data-font=\"Symbol\" data-listid=\"1\" data-list-defn-props=\"{&quot;335552541&quot;:1,&quot;335559684&quot;:-2,&quot;335559685&quot;:720,&quot;335559991&quot;:360,&quot;469769226&quot;:&quot;Symbol&quot;,&quot;469769242&quot;:[8226],&quot;469777803&quot;:&quot;left&quot;,&quot;469777804&quot;:&quot;\u00b7&quot;,&quot;469777815&quot;:&quot;hybridMultilevel&quot;}\" data-aria-posinset=\"3\" data-aria-level=\"1\"><b><span data-contrast=\"auto\">nat\u0142uszcza<\/span><\/b><span data-contrast=\"auto\"> \u2013 100% testerek by\u0142o tu zgodnych,<\/span><span data-ccp-props=\"{&quot;134233117&quot;:false,&quot;134233118&quot;:false,&quot;201341983&quot;:0,&quot;335559738&quot;:0,&quot;335559739&quot;:0,&quot;335559740&quot;:259}\">\u00a0<\/span><\/li>\n<li data-leveltext=\"\u00b7\" data-font=\"Symbol\" data-listid=\"1\" data-list-defn-props=\"{&quot;335552541&quot;:1,&quot;335559684&quot;:-2,&quot;335559685&quot;:720,&quot;335559991&quot;:360,&quot;469769226&quot;:&quot;Symbol&quot;,&quot;469769242&quot;:[8226],&quot;469777803&quot;:&quot;left&quot;,&quot;469777804&quot;:&quot;\u00b7&quot;,&quot;469777815&quot;:&quot;hybridMultilevel&quot;}\" data-aria-posinset=\"4\" data-aria-level=\"1\"><b><span data-contrast=\"auto\">uj\u0119drnia<\/span><\/b><span data-contrast=\"auto\"> \u2013 takie dzia\u0142anie zauwa\u017cy\u0142o 93% testerek,<\/span><span data-ccp-props=\"{&quot;134233117&quot;:false,&quot;134233118&quot;:false,&quot;201341983&quot;:0,&quot;335559738&quot;:0,&quot;335559739&quot;:0,&quot;335559740&quot;:259}\">\u00a0<\/span><\/li>\n<li data-leveltext=\"\u00b7\" data-font=\"Symbol\" data-listid=\"1\" data-list-defn-props=\"{&quot;335552541&quot;:1,&quot;335559684&quot;:-2,&quot;335559685&quot;:720,&quot;335559991&quot;:360,&quot;469769226&quot;:&quot;Symbol&quot;,&quot;469769242&quot;:[8226],&quot;469777803&quot;:&quot;left&quot;,&quot;469777804&quot;:&quot;\u00b7&quot;,&quot;469777815&quot;:&quot;hybridMultilevel&quot;}\" data-aria-posinset=\"5\" data-aria-level=\"1\"><b><span data-contrast=\"auto\">poprawia elastyczno\u015b\u0107 sk\u00f3ry<\/span><\/b><span data-contrast=\"auto\"> \u2013 wed\u0142ug 93% testerek,<\/span><span data-ccp-props=\"{&quot;134233117&quot;:false,&quot;134233118&quot;:false,&quot;201341983&quot;:0,&quot;335559738&quot;:0,&quot;335559739&quot;:0,&quot;335559740&quot;:259}\">\u00a0<\/span><\/li>\n<li data-leveltext=\"\u00b7\" data-font=\"Symbol\" data-listid=\"1\" data-list-defn-props=\"{&quot;335552541&quot;:1,&quot;335559684&quot;:-2,&quot;335559685&quot;:720,&quot;335559991&quot;:360,&quot;469769226&quot;:&quot;Symbol&quot;,&quot;469769242&quot;:[8226],&quot;469777803&quot;:&quot;left&quot;,&quot;469777804&quot;:&quot;\u00b7&quot;,&quot;469777815&quot;:&quot;hybridMultilevel&quot;}\" data-aria-posinset=\"6\" data-aria-level=\"1\"><b><span data-contrast=\"auto\">usuwa cellulit<\/span><\/b><span data-contrast=\"auto\"> \u2013 stwierdzi\u0142o to 73% testerek.<\/span><span data-ccp-props=\"{&quot;134233117&quot;:false,&quot;134233118&quot;:false,&quot;201341983&quot;:0,&quot;335559738&quot;:0,&quot;335559739&quot;:0,&quot;335559740&quot;:259}\">\u00a0<\/span><\/li>\n<li data-leveltext=\"\u00b7\" data-font=\"Symbol\" data-listid=\"1\" data-list-defn-props=\"{&quot;335552541&quot;:1,&quot;335559684&quot;:-2,&quot;335559685&quot;:720,&quot;335559991&quot;:360,&quot;469769226&quot;:&quot;Symbol&quot;,&quot;469769242&quot;:[8226],&quot;469777803&quot;:&quot;left&quot;,&quot;469777804&quot;:&quot;\u00b7&quot;,&quot;469777815&quot;:&quot;hybridMultilevel&quot;}\" data-aria-posinset=\"7\" data-aria-level=\"1\"><span data-contrast=\"auto\">zawiera <\/span><b><span data-contrast=\"auto\">\u017cel magnezowy<\/span><\/b><span data-contrast=\"auto\"> z najczystsz\u0105 na \u015bwiecie form\u0105 magnezu.<\/span><span data-ccp-props=\"{&quot;134233117&quot;:false,&quot;134233118&quot;:false,&quot;201341983&quot;:0,&quot;335559738&quot;:0,&quot;335559739&quot;:0,&quot;335559740&quot;:259}\">\u00a0<\/span><\/li>\n<\/ul>\n<h2><span data-contrast=\"auto\">Kawowo-cukrowy peeling z magnezem i olejkami eterycznymi: czas na pobudzenie sk\u00f3ry i zmys\u0142\u00f3w<\/span><\/h2>\n<p><span data-contrast=\"auto\">Wiemy, \u017ce trudno prze\u0142ama\u0107 pierwsze lody. A peeling sporz\u0105dzony na bazie kawy, naturalnych olejk\u00f3w eterycznych i \u017celu magnezowego mo\u017ce budzi\u0107 pewne zdziwienie lub nie\u015bmia\u0142o\u015b\u0107. Jak jednak m\u00f3wi Anna &#8211; <\/span><b><span data-contrast=\"auto\">trzeba spr\u00f3bowa\u0107, by si\u0119 przekona\u0107, jakie cudo znajduje si\u0119 w s\u0142oiku.\u00a0<\/span><\/b><span data-contrast=\"auto\">\u00a0<\/span><span data-ccp-props=\"{&quot;201341983&quot;:0,&quot;335559739&quot;:160,&quot;335559740&quot;:259}\">\u00a0<\/span><\/p>\n<p><span data-contrast=\"auto\">Bo to naprawd\u0119 po\u0142\u0105czenie idealne! Nasz <\/span><b><span data-contrast=\"auto\">naturalny peeling Czterech Alchemik\u00f3w\u00ae pozostawi Twoj\u0105 sk\u00f3r\u0119 mi\u0119kk\u0105, nawil\u017con\u0105 i zaoszcz\u0119dzi Tw\u00f3j czas \u2013 po nim nie musisz ju\u017c u\u017cywa\u0107 balsamu.<\/span><\/b> <span data-ccp-props=\"{&quot;201341983&quot;:0,&quot;335559739&quot;:160,&quot;335559740&quot;:259}\">\u00a0<\/span><\/p>\n<p><span data-contrast=\"auto\">Dzia\u0142anie peelingu to nie przypadek, a jego wyj\u0105tkowo dopracowany i bogaty sk\u0142ad.<\/span><\/p>\n<h3>Co znajdziesz w peelingu Czterech Alchemik\u00f3w\u00ae?<\/h3>\n<ul>\n<li data-leveltext=\"\u00b7\" data-font=\"Symbol\" data-listid=\"1\" data-list-defn-props=\"{&quot;335552541&quot;:1,&quot;335559684&quot;:-2,&quot;335559685&quot;:720,&quot;335559991&quot;:360,&quot;469769226&quot;:&quot;Symbol&quot;,&quot;469769242&quot;:[8226],&quot;469777803&quot;:&quot;left&quot;,&quot;469777804&quot;:&quot;\u00b7&quot;,&quot;469777815&quot;:&quot;hybridMultilevel&quot;}\" data-aria-posinset=\"1\" data-aria-level=\"1\"><b><span data-contrast=\"auto\">zmielone ziarna kawy, <\/span><\/b><span data-contrast=\"auto\">kt\u00f3rej zapach pobudza, ale te\u017c relaksuje i przywo\u0142uje mi\u0142e wspomnienia,<\/span><span data-ccp-props=\"{&quot;134233117&quot;:false,&quot;134233118&quot;:false,&quot;201341983&quot;:0,&quot;335559738&quot;:0,&quot;335559739&quot;:0,&quot;335559740&quot;:259}\">\u00a0<\/span><\/li>\n<li data-leveltext=\"\u00b7\" data-font=\"Symbol\" data-listid=\"1\" data-list-defn-props=\"{&quot;335552541&quot;:1,&quot;335559684&quot;:-2,&quot;335559685&quot;:720,&quot;335559991&quot;:360,&quot;469769226&quot;:&quot;Symbol&quot;,&quot;469769242&quot;:[8226],&quot;469777803&quot;:&quot;left&quot;,&quot;469777804&quot;:&quot;\u00b7&quot;,&quot;469777815&quot;:&quot;hybridMultilevel&quot;}\" data-aria-posinset=\"2\" data-aria-level=\"1\"><b><span data-contrast=\"auto\">cukier trzcinowy<\/span><\/b><span data-contrast=\"auto\">, kt\u00f3ry naturalnie z\u0142uszcza nask\u00f3rek, a masowanie peelingiem z jego zawarto\u015bci\u0105 pobudza kr\u0105\u017cenie,<\/span><span data-ccp-props=\"{&quot;134233117&quot;:false,&quot;134233118&quot;:false,&quot;201341983&quot;:0,&quot;335559738&quot;:0,&quot;335559739&quot;:0,&quot;335559740&quot;:259}\">\u00a0<\/span><\/li>\n<li data-leveltext=\"\u00b7\" data-font=\"Symbol\" data-listid=\"1\" data-list-defn-props=\"{&quot;335552541&quot;:1,&quot;335559684&quot;:-2,&quot;335559685&quot;:720,&quot;335559991&quot;:360,&quot;469769226&quot;:&quot;Symbol&quot;,&quot;469769242&quot;:[8226],&quot;469777803&quot;:&quot;left&quot;,&quot;469777804&quot;:&quot;\u00b7&quot;,&quot;469777815&quot;:&quot;hybridMultilevel&quot;}\" data-aria-posinset=\"3\" data-aria-level=\"1\"><b><span data-contrast=\"none\">4<\/span><\/b><b><span data-contrast=\"auto\"> oleje ro\u015blinne<\/span><\/b><span data-contrast=\"none\">: ze <\/span><span data-contrast=\"auto\">s\u0142odkich migda\u0142\u00f3w, orzech\u00f3w macadamia, s\u0142onecznikowy, olej z kawy dla nawil\u017cenia i od\u017cywienia<\/span><span data-contrast=\"none\">,<\/span><span data-ccp-props=\"{&quot;134233117&quot;:false,&quot;134233118&quot;:false,&quot;201341983&quot;:0,&quot;335559738&quot;:0,&quot;335559739&quot;:0,&quot;335559740&quot;:259}\">\u00a0<\/span><\/li>\n<li data-leveltext=\"\u00b7\" data-font=\"Symbol\" data-listid=\"1\" data-list-defn-props=\"{&quot;335552541&quot;:1,&quot;335559684&quot;:-2,&quot;335559685&quot;:720,&quot;335559991&quot;:360,&quot;469769226&quot;:&quot;Symbol&quot;,&quot;469769242&quot;:[8226],&quot;469777803&quot;:&quot;left&quot;,&quot;469777804&quot;:&quot;\u00b7&quot;,&quot;469777815&quot;:&quot;hybridMultilevel&quot;}\" data-aria-posinset=\"4\" data-aria-level=\"1\"><b><span data-contrast=\"auto\">najczystsz\u0105 na \u015bwiecie form\u0119 magnezu<\/span><\/b><span data-contrast=\"auto\">, kt\u00f3ry doskonale wch\u0142ania si\u0119 przez sk\u00f3r\u0119,<\/span><span data-ccp-props=\"{&quot;134233117&quot;:false,&quot;134233118&quot;:false,&quot;201341983&quot;:0,&quot;335559738&quot;:0,&quot;335559739&quot;:0,&quot;335559740&quot;:259}\">\u00a0<\/span><\/li>\n<li data-leveltext=\"\u00b7\" data-font=\"Symbol\" data-listid=\"1\" data-list-defn-props=\"{&quot;335552541&quot;:1,&quot;335559684&quot;:-2,&quot;335559685&quot;:720,&quot;335559991&quot;:360,&quot;469769226&quot;:&quot;Symbol&quot;,&quot;469769242&quot;:[8226],&quot;469777803&quot;:&quot;left&quot;,&quot;469777804&quot;:&quot;\u00b7&quot;,&quot;469777815&quot;:&quot;hybridMultilevel&quot;}\" data-aria-posinset=\"5\" data-aria-level=\"1\"><b><span data-contrast=\"none\">ekstrakt z nasion pieprzowca brazylijskiego<\/span><\/b><span data-contrast=\"none\">, kt\u00f3ry ma dzia\u0142anie wyszczuplaj\u0105ce i pobudzaj\u0105ce kr\u0105\u017cenie,<\/span><span data-ccp-props=\"{&quot;134233117&quot;:false,&quot;134233118&quot;:false,&quot;201341983&quot;:0,&quot;335559738&quot;:0,&quot;335559739&quot;:0,&quot;335559740&quot;:259}\">\u00a0<\/span><\/li>\n<li data-leveltext=\"\u00b7\" data-font=\"Symbol\" data-listid=\"1\" data-list-defn-props=\"{&quot;335552541&quot;:1,&quot;335559684&quot;:-2,&quot;335559685&quot;:720,&quot;335559991&quot;:360,&quot;469769226&quot;:&quot;Symbol&quot;,&quot;469769242&quot;:[8226],&quot;469777803&quot;:&quot;left&quot;,&quot;469777804&quot;:&quot;\u00b7&quot;,&quot;469777815&quot;:&quot;hybridMultilevel&quot;}\" data-aria-posinset=\"6\" data-aria-level=\"1\"><b><span data-contrast=\"none\">olejki eteryczne z pomara\u0144czy, cynamonu i kardamonu<\/span><\/b><span data-contrast=\"none\">, kt\u00f3re pobudzaj\u0105 zmys\u0142y, rozgrzewaj\u0105 serce i na d\u0142ugo wype\u0142niaj\u0105 pomieszczenie pi\u0119knym zapachem.\u00a0<\/span><span data-ccp-props=\"{&quot;134233117&quot;:false,&quot;134233118&quot;:false,&quot;201341983&quot;:0,&quot;335559738&quot;:0,&quot;335559739&quot;:0,&quot;335559740&quot;:259}\">\u00a0<\/span><\/li>\n<\/ul>\n<p><span data-contrast=\"auto\">Odpowiemy wprost na Twoje pytanie, kt\u00f3re pewnie sobie teraz zadajesz &#8211; <\/span><b><span data-contrast=\"auto\">tak, to mo\u017ce by\u0107 najlepszy peeling do cia\u0142a, z jakim kiedykolwiek mia\u0142a\u015b do czynienia. <\/span><\/b><span data-ccp-props=\"{&quot;201341983&quot;:0,&quot;335559739&quot;:160,&quot;335559740&quot;:259}\">\u00a0<\/span><\/p>\n<p><span data-contrast=\"auto\">Je\u015bli ju\u017c totalnie zakocha\u0142a\u015b si\u0119 w zapachu peelingu (a o to wcale nie tak trudno!), pami\u0119taj, \u017ce mamy r\u00f3wnie\u017c inne produkty z <a href=\"https:\/\/klaudynahebda.pl\/sklep\/seria-czterech-alchemikow\/\" target=\"_blank\" rel=\"noopener\">serii Czterech Alchemik\u00f3w\u00ae<\/a> &#8211; s\u00f3l do k\u0105pieli, spray, \u015bwiec\u0119, olejek, mas\u0142o, roll-on i herbatk\u0119. Wszystkie pachn\u0105 r\u00f3wnie osza\u0142amiaj\u0105co, a przede wszystkim &#8211; dzia\u0142aj\u0105!<\/span><span data-ccp-props=\"{&quot;201341983&quot;:0,&quot;335559739&quot;:160,&quot;335559740&quot;:259}\">\u00a0<\/span><\/p>\n<h2>W\u0142a\u015bciwo\u015bci peelingu Czterech Alchemik\u00f3w\u00ae<\/h2>\n<ul>\n<li><span data-contrast=\"auto\">Usuwa obumar\u0142e kom\u00f3rki sk\u00f3ry <\/span><\/li>\n<li><b><span data-contrast=\"auto\">Wyg\u0142adza<\/span><\/b><span data-contrast=\"auto\">, <\/span><b><span data-contrast=\"auto\">oczyszcza i nawil\u017ca sk\u00f3r\u0119<\/span><\/b><\/li>\n<li><span data-contrast=\"auto\">Dostarcza <\/span><b><span data-contrast=\"auto\">poczucia relaksu i komfortu<\/span><\/b><\/li>\n<li><span data-contrast=\"auto\">Ma <\/span><strong>w\u0142a\u015bciwo\u015bci antycellulitowe<\/strong><span data-contrast=\"auto\">.<\/span><\/li>\n<li>Dzia\u0142a regeneruj\u0105co i pomaga sk\u00f3rze odzyska\u0107 zdrowy wygl\u0105d.<\/li>\n<\/ul>\n<p>To nie jest peeling, jaki znasz i nie u\u017cywaj go w ten sam spos\u00f3b, jak wcze\u015bniej. Sprawd\u017a jak u\u017cywa\u0107 w zak\u0142adce \u201eSpos\u00f3b u\u017cycia\u201d. <span style=\"color: #555555;\" data-ccp-props=\"{&quot;201341983&quot;:0,&quot;335559739&quot;:160,&quot;335559740&quot;:259}\">\u00a0<\/span><\/p>\n<p>&nbsp;<\/p>\n<p><strong>\ud83d\udc49 Sprawd\u017a te\u017c inne <a href=\"https:\/\/klaudynahebda.pl\/sklep\/do-kapieli\/\">kosmetyki do k\u0105pieli<\/a> Klaudyny Hebdy.<\/strong><\/p>\n","protected":false},"excerpt":{"rendered":"<h2><span data-contrast=\"auto\">Peeling Czterech Alchemik\u00f3w\u00ae to: <\/span><\/h2>\n<ul>\n<li><span data-contrast=\"auto\">cukrowo-kawowy peeling do cia\u0142a z magnezem i olejkami eterycznymi;<\/span><\/li>\n<li><span data-contrast=\"auto\">spos\u00f3b na wyj\u0105tkowy wieczorny relaks;<\/span><\/li>\n<li><span data-contrast=\"auto\">formu\u0142a, kt\u00f3r\u0105<\/span><b><span data-contrast=\"auto\"> Twoja sk\u00f3ra pokocha od pierwszego u\u017cycia;<\/span><\/b><\/li>\n<li><span data-contrast=\"auto\">cudowny, uzale\u017cniaj\u0105cy zapach niczym latte z kardamonem i pomara\u0144cz\u0105. <\/span><\/li>\n<\/ul>\n<p><span data-contrast=\"auto\">Sk\u00f3ra od\u017cywiona, wyg\u0142adzona, nat\u0142uszczona i uj\u0119drniona? Jeste\u015bmy na tak! Po\u0142\u0105cz przyjemne z po\u017cytecznym i zaplanuj aromatyczny, wieczorny rytua\u0142. A mo\u017ce zamiast wieczornego relaksu wybierzesz poranne o\u017cywienie? Korzenno-kawowy zapach peelingu z tym te\u017c sobie poradzi!<\/span><span data-ccp-props=\"{&quot;201341983&quot;:0,&quot;335559739&quot;:160,&quot;335559740&quot;:259}\">\u00a0<\/span><\/p>\n","protected":false},"featured_media":3410245,"comment_status":"open","ping_status":"closed","template":"","meta":[],"product_cat":[240,47,129,118],"product_tag":[],"acf":[],"yoast_head":"<!-- This site is optimized with the Yoast SEO plugin v19.6.1 - https:\/\/yoast.com\/wordpress\/plugins\/seo\/ -->\n<title>Czterech Alchemik\u00f3w\u00ae - peeling do cia\u0142a [kawa\/ pomara\u0144cza\/ kardamon]<\/title>\n<meta name=\"description\" content=\"Peeling do cia\u0142a kawowo-magnezowy: ciesz si\u0119 oczyszczon\u0105, wyg\u0142adzon\u0105 i j\u0119drn\u0105 sk\u00f3r\u0105. Naturalne sk\u0142adniki, olejki eteryczne, autorska receptura. SPRAWD\u0179!\" \/>\n<meta name=\"robots\" content=\"index, follow, max-snippet:-1, max-image-preview:large, max-video-preview:-1\" \/>\n<link rel=\"canonical\" href=\"https:\/\/klaudynahebda.pl\/sklep\/peeling-czterech-alchemikow\/\" \/>\n<meta property=\"og:locale\" content=\"pl_PL\" \/>\n<meta property=\"og:type\" content=\"article\" \/>\n<meta property=\"og:title\" content=\"Czterech Alchemik\u00f3w\u00ae - peeling do cia\u0142a [kawa\/ pomara\u0144cza\/ kardamon]\" \/>\n<meta property=\"og:description\" content=\"Peeling do cia\u0142a kawowo-magnezowy: ciesz si\u0119 oczyszczon\u0105, wyg\u0142adzon\u0105 i j\u0119drn\u0105 sk\u00f3r\u0105. Naturalne sk\u0142adniki, olejki eteryczne, autorska receptura. SPRAWD\u0179!\" \/>\n<meta property=\"og:url\" content=\"https:\/\/klaudynahebda.pl\/sklep\/peeling-czterech-alchemikow\/\" \/>\n<meta property=\"og:site_name\" content=\"Klaudyna Hebda Nature\" \/>\n<meta property=\"article:modified_time\" content=\"2026-04-03T14:18:37+00:00\" \/>\n<meta property=\"og:image\" content=\"https:\/\/klaudynahebda.pl\/sklep\/wp-content\/uploads\/2020\/05\/peeling-czterech-alchemikow-2.webp\" \/>\n\t<meta property=\"og:image:width\" content=\"844\" \/>\n\t<meta property=\"og:image:height\" content=\"1152\" \/>\n\t<meta property=\"og:image:type\" content=\"image\/webp\" \/>\n<meta name=\"twitter:card\" content=\"summary_large_image\" \/>\n<meta name=\"twitter:label1\" content=\"Szacowany czas czytania\" \/>\n\t<meta name=\"twitter:data1\" content=\"3 minuty\" \/>\n<script type=\"application\/ld+json\" class=\"yoast-schema-graph\">{\"@context\":\"https:\/\/schema.org\",\"@graph\":[{\"@type\":\"WebPage\",\"@id\":\"https:\/\/klaudynahebda.pl\/sklep\/peeling-czterech-alchemikow\/\",\"url\":\"https:\/\/klaudynahebda.pl\/sklep\/peeling-czterech-alchemikow\/\",\"name\":\"Czterech Alchemik\u00f3w\u00ae - peeling do cia\u0142a [kawa\/ pomara\u0144cza\/ kardamon]\",\"isPartOf\":{\"@id\":\"https:\/\/klaudynahebda.pl\/sklep\/#website\"},\"datePublished\":\"2020-05-08T12:42:17+00:00\",\"dateModified\":\"2026-04-03T14:18:37+00:00\",\"description\":\"Peeling do cia\u0142a kawowo-magnezowy: ciesz si\u0119 oczyszczon\u0105, wyg\u0142adzon\u0105 i j\u0119drn\u0105 sk\u00f3r\u0105. Naturalne sk\u0142adniki, olejki eteryczne, autorska receptura. SPRAWD\u0179!\",\"breadcrumb\":{\"@id\":\"https:\/\/klaudynahebda.pl\/sklep\/peeling-czterech-alchemikow\/#breadcrumb\"},\"inLanguage\":\"pl-PL\",\"potentialAction\":[{\"@type\":\"ReadAction\",\"target\":[\"https:\/\/klaudynahebda.pl\/sklep\/peeling-czterech-alchemikow\/\"]}]},{\"@type\":\"BreadcrumbList\",\"@id\":\"https:\/\/klaudynahebda.pl\/sklep\/peeling-czterech-alchemikow\/#breadcrumb\",\"itemListElement\":[{\"@type\":\"ListItem\",\"position\":1,\"name\":\"Strona g\u0142\u00f3wna\",\"item\":\"https:\/\/klaudynahebda.pl\/sklep\/\"},{\"@type\":\"ListItem\",\"position\":2,\"name\":\"Sklep\",\"item\":\"https:\/\/klaudynahebda.pl\/sklep\/sklep\/\"},{\"@type\":\"ListItem\",\"position\":3,\"name\":\"Kosmetyki naturalne\",\"item\":\"https:\/\/klaudynahebda.pl\/sklep\/kosmetyki-naturalne\/\"},{\"@type\":\"ListItem\",\"position\":4,\"name\":\"Czterech Alchemik\u00f3w\u00ae &#8211; peeling do cia\u0142a [kawa\/ pomara\u0144cza\/ kardamon]\"}]},{\"@type\":\"WebSite\",\"@id\":\"https:\/\/klaudynahebda.pl\/sklep\/#website\",\"url\":\"https:\/\/klaudynahebda.pl\/sklep\/\",\"name\":\"Klaudyna Hebda Nature\",\"description\":\"Sklep\",\"publisher\":{\"@id\":\"https:\/\/klaudynahebda.pl\/sklep\/#organization\"},\"potentialAction\":[{\"@type\":\"SearchAction\",\"target\":{\"@type\":\"EntryPoint\",\"urlTemplate\":\"https:\/\/klaudynahebda.pl\/sklep\/?s={search_term_string}\"},\"query-input\":\"required name=search_term_string\"}],\"inLanguage\":\"pl-PL\"},{\"@type\":\"Organization\",\"@id\":\"https:\/\/klaudynahebda.pl\/sklep\/#organization\",\"name\":\"KlaudynaHebda\",\"url\":\"https:\/\/klaudynahebda.pl\/sklep\/\",\"sameAs\":[],\"logo\":{\"@type\":\"ImageObject\",\"inLanguage\":\"pl-PL\",\"@id\":\"https:\/\/klaudynahebda.pl\/sklep\/#\/schema\/logo\/image\/\",\"url\":\"\",\"contentUrl\":\"\",\"caption\":\"KlaudynaHebda\"},\"image\":{\"@id\":\"https:\/\/klaudynahebda.pl\/sklep\/#\/schema\/logo\/image\/\"}}]}<\/script>\n<!-- \/ Yoast SEO plugin. -->","yoast_head_json":{"title":"Czterech Alchemik\u00f3w\u00ae - peeling do cia\u0142a [kawa\/ pomara\u0144cza\/ kardamon]","description":"Peeling do cia\u0142a kawowo-magnezowy: ciesz si\u0119 oczyszczon\u0105, wyg\u0142adzon\u0105 i j\u0119drn\u0105 sk\u00f3r\u0105. Naturalne sk\u0142adniki, olejki eteryczne, autorska receptura. SPRAWD\u0179!","robots":{"index":"index","follow":"follow","max-snippet":"max-snippet:-1","max-image-preview":"max-image-preview:large","max-video-preview":"max-video-preview:-1"},"canonical":"https:\/\/klaudynahebda.pl\/sklep\/peeling-czterech-alchemikow\/","og_locale":"pl_PL","og_type":"article","og_title":"Czterech Alchemik\u00f3w\u00ae - peeling do cia\u0142a [kawa\/ pomara\u0144cza\/ kardamon]","og_description":"Peeling do cia\u0142a kawowo-magnezowy: ciesz si\u0119 oczyszczon\u0105, wyg\u0142adzon\u0105 i j\u0119drn\u0105 sk\u00f3r\u0105. Naturalne sk\u0142adniki, olejki eteryczne, autorska receptura. SPRAWD\u0179!","og_url":"https:\/\/klaudynahebda.pl\/sklep\/peeling-czterech-alchemikow\/","og_site_name":"Klaudyna Hebda Nature","article_modified_time":"2026-04-03T14:18:37+00:00","og_image":[{"width":844,"height":1152,"url":"https:\/\/klaudynahebda.pl\/sklep\/wp-content\/uploads\/2020\/05\/peeling-czterech-alchemikow-2.webp","type":"image\/webp"}],"twitter_card":"summary_large_image","twitter_misc":{"Szacowany czas czytania":"3 minuty"},"schema":{"@context":"https:\/\/schema.org","@graph":[{"@type":"WebPage","@id":"https:\/\/klaudynahebda.pl\/sklep\/peeling-czterech-alchemikow\/","url":"https:\/\/klaudynahebda.pl\/sklep\/peeling-czterech-alchemikow\/","name":"Czterech Alchemik\u00f3w\u00ae - peeling do cia\u0142a [kawa\/ pomara\u0144cza\/ kardamon]","isPartOf":{"@id":"https:\/\/klaudynahebda.pl\/sklep\/#website"},"datePublished":"2020-05-08T12:42:17+00:00","dateModified":"2026-04-03T14:18:37+00:00","description":"Peeling do cia\u0142a kawowo-magnezowy: ciesz si\u0119 oczyszczon\u0105, wyg\u0142adzon\u0105 i j\u0119drn\u0105 sk\u00f3r\u0105. Naturalne sk\u0142adniki, olejki eteryczne, autorska receptura. SPRAWD\u0179!","breadcrumb":{"@id":"https:\/\/klaudynahebda.pl\/sklep\/peeling-czterech-alchemikow\/#breadcrumb"},"inLanguage":"pl-PL","potentialAction":[{"@type":"ReadAction","target":["https:\/\/klaudynahebda.pl\/sklep\/peeling-czterech-alchemikow\/"]}]},{"@type":"BreadcrumbList","@id":"https:\/\/klaudynahebda.pl\/sklep\/peeling-czterech-alchemikow\/#breadcrumb","itemListElement":[{"@type":"ListItem","position":1,"name":"Strona g\u0142\u00f3wna","item":"https:\/\/klaudynahebda.pl\/sklep\/"},{"@type":"ListItem","position":2,"name":"Sklep","item":"https:\/\/klaudynahebda.pl\/sklep\/sklep\/"},{"@type":"ListItem","position":3,"name":"Kosmetyki naturalne","item":"https:\/\/klaudynahebda.pl\/sklep\/kosmetyki-naturalne\/"},{"@type":"ListItem","position":4,"name":"Czterech Alchemik\u00f3w\u00ae &#8211; peeling do cia\u0142a [kawa\/ pomara\u0144cza\/ kardamon]"}]},{"@type":"WebSite","@id":"https:\/\/klaudynahebda.pl\/sklep\/#website","url":"https:\/\/klaudynahebda.pl\/sklep\/","name":"Klaudyna Hebda Nature","description":"Sklep","publisher":{"@id":"https:\/\/klaudynahebda.pl\/sklep\/#organization"},"potentialAction":[{"@type":"SearchAction","target":{"@type":"EntryPoint","urlTemplate":"https:\/\/klaudynahebda.pl\/sklep\/?s={search_term_string}"},"query-input":"required name=search_term_string"}],"inLanguage":"pl-PL"},{"@type":"Organization","@id":"https:\/\/klaudynahebda.pl\/sklep\/#organization","name":"KlaudynaHebda","url":"https:\/\/klaudynahebda.pl\/sklep\/","sameAs":[],"logo":{"@type":"ImageObject","inLanguage":"pl-PL","@id":"https:\/\/klaudynahebda.pl\/sklep\/#\/schema\/logo\/image\/","url":"","contentUrl":"","caption":"KlaudynaHebda"},"image":{"@id":"https:\/\/klaudynahebda.pl\/sklep\/#\/schema\/logo\/image\/"}}]}},"_links":{"self":[{"href":"https:\/\/klaudynahebda.pl\/sklep\/wp-json\/wp\/v2\/product\/88165"}],"collection":[{"href":"https:\/\/klaudynahebda.pl\/sklep\/wp-json\/wp\/v2\/product"}],"about":[{"href":"https:\/\/klaudynahebda.pl\/sklep\/wp-json\/wp\/v2\/types\/product"}],"replies":[{"embeddable":true,"href":"https:\/\/klaudynahebda.pl\/sklep\/wp-json\/wp\/v2\/comments?post=88165"}],"wp:featuredmedia":[{"embeddable":true,"href":"https:\/\/klaudynahebda.pl\/sklep\/wp-json\/wp\/v2\/media\/3410245"}],"wp:attachment":[{"href":"https:\/\/klaudynahebda.pl\/sklep\/wp-json\/wp\/v2\/media?parent=88165"}],"wp:term":[{"taxonomy":"product_cat","embeddable":true,"href":"https:\/\/klaudynahebda.pl\/sklep\/wp-json\/wp\/v2\/product_cat?post=88165"},{"taxonomy":"product_tag","embeddable":true,"href":"https:\/\/klaudynahebda.pl\/sklep\/wp-json\/wp\/v2\/product_tag?post=88165"}],"curies":[{"name":"wp","href":"https:\/\/api.w.org\/{rel}","templated":true}]}}