{"id":87804,"date":"2020-05-07T14:48:39","date_gmt":"2020-05-07T12:48:39","guid":{"rendered":"https:\/\/klaudynahebda.pl\/sklep\/?post_type=product&#038;p=87804"},"modified":"2026-04-06T10:47:06","modified_gmt":"2026-04-06T08:47:06","slug":"serum-tradzik-gladkolica","status":"publish","type":"product","link":"https:\/\/klaudynahebda.pl\/sklep\/serum-tradzik-gladkolica\/","title":{"rendered":"G\u0142adkolica &#8211; serum do piel\u0119gnacji cery tr\u0105dzikowej [10 &#8211; 30 ml]"},"content":{"rendered":"<h2>Nasze ulubione serum dla cery z niedoskona\u0142o\u015bciami<\/h2>\n<p>Je\u015bli to w\u0142a\u015bnie czytasz, to mo\u017cesz my\u015ble\u0107: <em><span style=\"font-weight: 400;\">Nie jest jeszcze tak \u017ale z moj\u0105 cer\u0105&#8230; <\/span><\/em><em><span style=\"font-weight: 400;\">Mo\u017ce jako\u015b to przejdzie&#8230; <\/span><\/em><em><span style=\"font-weight: 400;\">Pr\u00f3bowa\u0142am ju\u017c tak wiele kosmetyk\u00f3w i innych rzeczy, czy to naprawd\u0119 pomo\u017ce?<\/span><\/em><\/p>\n<p><span style=\"font-weight: 400;\">We\u017a sprawy we w\u0142asne r\u0119ce (nawet je\u015bli robisz to ju\u017c kolejny raz) i zacznij z naturaln\u0105 piel\u0119gnacj\u0105 z olejkami eterycznymi dla Twojej sk\u00f3ry. T<\/span><span style=\"font-weight: 400;\">o NIE JEST zwyk\u0142y kosmetyk, bo s\u0105 tam <strong>olejki eteryczne<\/strong>, <\/span><span style=\"font-weight: 400;\">kt\u00f3re zosta\u0142y <strong>odpowiednio dobrane przez aromaterapeutk\u0119 kliniczn\u0105 nr 1 w Polsce i autork\u0119 ksi\u0105\u017cki &#8220;Zio\u0142owy zak\u0105tek. Kosmetyki, kt\u00f3re zrobisz w domu&#8221;.<\/strong><\/span><\/p>\n<p><span style=\"font-weight: 400;\">W \u015brodku same<strong> naturalne sk\u0142adniki<\/strong>, bo opr\u00f3cz takich olejk\u00f3w, kt\u00f3re znasz jak lawenda, czy drzewko herbaciane jest olejek sanda\u0142owy i balsam copaiba. <\/span><span style=\"font-weight: 400;\">W G\u0142adkolicy znajdziesz r\u00f3wnie\u017c olejki, kt\u00f3re <strong>piel\u0119gnuj\u0105 sk\u00f3r\u0119 i j\u0105 otulaj\u0105. <\/strong><\/span><span style=\"font-weight: 400;\">Serum sprawi, \u017ce Twoje lica b\u0119d\u0105 aksamitne, a Ty b\u0119dziesz chcia\u0142a ca\u0142y czas je dotyka\u0107 (bo takie mi\u0119ciutkie i kochane).<\/span><\/p>\n<h2>Jakie sk\u0142adniki znajdziesz w serum do cery z niedoskona\u0142o\u015bciami G\u0142adkolica?<\/h2>\n<p>Wszystkie stosuje si\u0119 do piel\u0119gnacji r\u00f3\u017cnych rodzaj\u00f3w sk\u00f3ry, szczeg\u00f3lnie do sk\u00f3ry problematycznej i podra\u017cnionej.<\/p>\n<ul>\n<li>Olejek lawendowy<\/li>\n<li>Olejek z drzewa herbacianego<\/li>\n<li>Olejek z kadzid\u0142owca<\/li>\n<li style=\"font-weight: 400;\"><strong>Ekstrakt z nagietka CO2<\/strong><\/li>\n<li>Olejek sanda\u0142owy<\/li>\n<li>Olejek bergamotkowy (bez <span style=\"font-weight: 400;\"><span style=\"vertical-align: inherit;\">furokumaryny)<\/span><\/span><\/li>\n<li>Olejek copaiba<\/li>\n<li>Olejek tymiankowy<\/li>\n<li>Witamina E<\/li>\n<\/ul>\n<p><span style=\"font-weight: 400;\">Kiedy odkr\u0119cisz buteleczk\u0119 serum G\u0142adkolica, mo\u017cesz by\u0107 zaskoczona intensywnym zapachem, ale <strong>po pierwszym u\u017cyciu przekonasz si\u0119, \u017ce ten produkt mo\u017ce przynie\u015b\u0107 Ci du\u017co dobrego.<\/strong>\u00a0<\/span>Zapach tego serum jest kwiatowo-zio\u0142owy, bardzo \u015bwie\u017cy.<\/p>\n<p><strong>Pami\u0119taj<\/strong> o prawid\u0142owym oczyszczaniu i nawil\u017caniu twarzy lub okolicy, na kt\u00f3r\u0105 nak\u0142adasz serum do piel\u0119gnacji G\u0142adkolica.<\/p>\n<p>&nbsp;<\/p>\n<p><strong>\ud83d\udc49 Sprawd\u017a te\u017c inne<a href=\"https:\/\/klaudynahebda.pl\/sklep\/kosmetyki-naturalne\/\" target=\"_blank\" rel=\"noopener\"> kosmetyki K. Hebda.<\/a><\/strong><\/p>\n","protected":false},"excerpt":{"rendered":"<p>No i jest! Wchodzi ca\u0142a na z\u0142oto &#8211; G\u0142adkolica, kt\u00f3ra z przyjemno\u015bci\u0105 zaopiekuje si\u0119 Twoj\u0105 sk\u00f3r\u0105.<\/p>\n<h2>Serum do twarzy z olejkami eterycznymi G\u0142adkolica to:<\/h2>\n<ul>\n<li>wielofunkcyjny kosmetyk do piel\u0119gnacji cery problematycznej &#8211; mo\u017cesz<strong> u\u017cywa\u0107 serum punktowo na zmiany<\/strong> lub nak\u0142ada\u0107 na miejsca, kt\u00f3re tego wymagaj\u0105 (okolice twarzy, ramiona, dekolt).<\/li>\n<li>7 olejk\u00f3w eterycznych, ekstrakt z nagietka, witamina E i olej jojoba &#8211; ta formu\u0142a <span style=\"font-weight: 400;\"> <strong>piel\u0119gnuje sk\u00f3r\u0119 i pozwala cieszy\u0107 si\u0119 jej blaskiem.<\/strong><\/span><\/li>\n<li>sprawdzona receptura stworzona przez aromaterapeutk\u0119 kliniczn\u0105 i autork\u0119 ksi\u0105\u017cki &#8220;Zio\u0142owy zak\u0105tek. Kosmetyki, kt\u00f3re zrobisz w domu&#8221;<\/li>\n<li>przyjemny, zio\u0142owo-kwiatowy zapach<\/li>\n<\/ul>\n","protected":false},"featured_media":3409729,"comment_status":"open","ping_status":"closed","template":"","meta":[],"product_cat":[250,130,47],"product_tag":[],"acf":[],"yoast_head":"<!-- This site is optimized with the Yoast SEO plugin v19.6.1 - https:\/\/yoast.com\/wordpress\/plugins\/seo\/ -->\n<title>G\u0142adkolica - serum do piel\u0119gnacji cery tr\u0105dzikowej [10 - 30 ml] - Klaudyna Hebda Nature<\/title>\n<meta name=\"description\" content=\"G\u0142adkolica zaopiekuje si\u0119 Twoj\u0105 sk\u00f3r\u0105. To w 100% naturalne piel\u0119gnuj\u0105ce serum - 7 olejk\u00f3w eterycznych, ekstrakt z nagietka, witamina E i olej jojoba.\" \/>\n<meta name=\"robots\" content=\"index, follow, max-snippet:-1, max-image-preview:large, max-video-preview:-1\" \/>\n<link rel=\"canonical\" href=\"https:\/\/klaudynahebda.pl\/sklep\/serum-tradzik-gladkolica\/\" \/>\n<meta property=\"og:locale\" content=\"pl_PL\" \/>\n<meta property=\"og:type\" content=\"article\" \/>\n<meta property=\"og:title\" content=\"G\u0142adkolica - serum do piel\u0119gnacji cery tr\u0105dzikowej [10 - 30 ml] - Klaudyna Hebda Nature\" \/>\n<meta property=\"og:description\" content=\"G\u0142adkolica zaopiekuje si\u0119 Twoj\u0105 sk\u00f3r\u0105. To w 100% naturalne piel\u0119gnuj\u0105ce serum - 7 olejk\u00f3w eterycznych, ekstrakt z nagietka, witamina E i olej jojoba.\" \/>\n<meta property=\"og:url\" content=\"https:\/\/klaudynahebda.pl\/sklep\/serum-tradzik-gladkolica\/\" \/>\n<meta property=\"og:site_name\" content=\"Klaudyna Hebda Nature\" \/>\n<meta property=\"article:modified_time\" content=\"2026-04-06T08:47:06+00:00\" \/>\n<meta property=\"og:image\" content=\"https:\/\/klaudynahebda.pl\/sklep\/wp-content\/uploads\/2020\/05\/gladkolica-serum-klaudyna-hebda-30ml.webp\" \/>\n\t<meta property=\"og:image:width\" content=\"844\" \/>\n\t<meta property=\"og:image:height\" content=\"1152\" \/>\n\t<meta property=\"og:image:type\" content=\"image\/webp\" \/>\n<meta name=\"twitter:card\" content=\"summary_large_image\" \/>\n<meta name=\"twitter:label1\" content=\"Szacowany czas czytania\" \/>\n\t<meta name=\"twitter:data1\" content=\"2 minuty\" \/>\n<script type=\"application\/ld+json\" class=\"yoast-schema-graph\">{\"@context\":\"https:\/\/schema.org\",\"@graph\":[{\"@type\":\"WebPage\",\"@id\":\"https:\/\/klaudynahebda.pl\/sklep\/serum-tradzik-gladkolica\/\",\"url\":\"https:\/\/klaudynahebda.pl\/sklep\/serum-tradzik-gladkolica\/\",\"name\":\"G\u0142adkolica - serum do piel\u0119gnacji cery tr\u0105dzikowej [10 - 30 ml] - Klaudyna Hebda Nature\",\"isPartOf\":{\"@id\":\"https:\/\/klaudynahebda.pl\/sklep\/#website\"},\"datePublished\":\"2020-05-07T12:48:39+00:00\",\"dateModified\":\"2026-04-06T08:47:06+00:00\",\"description\":\"G\u0142adkolica zaopiekuje si\u0119 Twoj\u0105 sk\u00f3r\u0105. To w 100% naturalne piel\u0119gnuj\u0105ce serum - 7 olejk\u00f3w eterycznych, ekstrakt z nagietka, witamina E i olej jojoba.\",\"breadcrumb\":{\"@id\":\"https:\/\/klaudynahebda.pl\/sklep\/serum-tradzik-gladkolica\/#breadcrumb\"},\"inLanguage\":\"pl-PL\",\"potentialAction\":[{\"@type\":\"ReadAction\",\"target\":[\"https:\/\/klaudynahebda.pl\/sklep\/serum-tradzik-gladkolica\/\"]}]},{\"@type\":\"BreadcrumbList\",\"@id\":\"https:\/\/klaudynahebda.pl\/sklep\/serum-tradzik-gladkolica\/#breadcrumb\",\"itemListElement\":[{\"@type\":\"ListItem\",\"position\":1,\"name\":\"Strona g\u0142\u00f3wna\",\"item\":\"https:\/\/klaudynahebda.pl\/sklep\/\"},{\"@type\":\"ListItem\",\"position\":2,\"name\":\"Sklep\",\"item\":\"https:\/\/klaudynahebda.pl\/sklep\/sklep\/\"},{\"@type\":\"ListItem\",\"position\":3,\"name\":\"Kosmetyki naturalne\",\"item\":\"https:\/\/klaudynahebda.pl\/sklep\/kosmetyki-naturalne\/\"},{\"@type\":\"ListItem\",\"position\":4,\"name\":\"G\u0142adkolica &#8211; serum do piel\u0119gnacji cery tr\u0105dzikowej [10 &#8211; 30 ml]\"}]},{\"@type\":\"WebSite\",\"@id\":\"https:\/\/klaudynahebda.pl\/sklep\/#website\",\"url\":\"https:\/\/klaudynahebda.pl\/sklep\/\",\"name\":\"Klaudyna Hebda Nature\",\"description\":\"Sklep\",\"publisher\":{\"@id\":\"https:\/\/klaudynahebda.pl\/sklep\/#organization\"},\"potentialAction\":[{\"@type\":\"SearchAction\",\"target\":{\"@type\":\"EntryPoint\",\"urlTemplate\":\"https:\/\/klaudynahebda.pl\/sklep\/?s={search_term_string}\"},\"query-input\":\"required name=search_term_string\"}],\"inLanguage\":\"pl-PL\"},{\"@type\":\"Organization\",\"@id\":\"https:\/\/klaudynahebda.pl\/sklep\/#organization\",\"name\":\"KlaudynaHebda\",\"url\":\"https:\/\/klaudynahebda.pl\/sklep\/\",\"sameAs\":[],\"logo\":{\"@type\":\"ImageObject\",\"inLanguage\":\"pl-PL\",\"@id\":\"https:\/\/klaudynahebda.pl\/sklep\/#\/schema\/logo\/image\/\",\"url\":\"\",\"contentUrl\":\"\",\"caption\":\"KlaudynaHebda\"},\"image\":{\"@id\":\"https:\/\/klaudynahebda.pl\/sklep\/#\/schema\/logo\/image\/\"}}]}<\/script>\n<!-- \/ Yoast SEO plugin. -->","yoast_head_json":{"title":"G\u0142adkolica - serum do piel\u0119gnacji cery tr\u0105dzikowej [10 - 30 ml] - Klaudyna Hebda Nature","description":"G\u0142adkolica zaopiekuje si\u0119 Twoj\u0105 sk\u00f3r\u0105. To w 100% naturalne piel\u0119gnuj\u0105ce serum - 7 olejk\u00f3w eterycznych, ekstrakt z nagietka, witamina E i olej jojoba.","robots":{"index":"index","follow":"follow","max-snippet":"max-snippet:-1","max-image-preview":"max-image-preview:large","max-video-preview":"max-video-preview:-1"},"canonical":"https:\/\/klaudynahebda.pl\/sklep\/serum-tradzik-gladkolica\/","og_locale":"pl_PL","og_type":"article","og_title":"G\u0142adkolica - serum do piel\u0119gnacji cery tr\u0105dzikowej [10 - 30 ml] - Klaudyna Hebda Nature","og_description":"G\u0142adkolica zaopiekuje si\u0119 Twoj\u0105 sk\u00f3r\u0105. To w 100% naturalne piel\u0119gnuj\u0105ce serum - 7 olejk\u00f3w eterycznych, ekstrakt z nagietka, witamina E i olej jojoba.","og_url":"https:\/\/klaudynahebda.pl\/sklep\/serum-tradzik-gladkolica\/","og_site_name":"Klaudyna Hebda Nature","article_modified_time":"2026-04-06T08:47:06+00:00","og_image":[{"width":844,"height":1152,"url":"https:\/\/klaudynahebda.pl\/sklep\/wp-content\/uploads\/2020\/05\/gladkolica-serum-klaudyna-hebda-30ml.webp","type":"image\/webp"}],"twitter_card":"summary_large_image","twitter_misc":{"Szacowany czas czytania":"2 minuty"},"schema":{"@context":"https:\/\/schema.org","@graph":[{"@type":"WebPage","@id":"https:\/\/klaudynahebda.pl\/sklep\/serum-tradzik-gladkolica\/","url":"https:\/\/klaudynahebda.pl\/sklep\/serum-tradzik-gladkolica\/","name":"G\u0142adkolica - serum do piel\u0119gnacji cery tr\u0105dzikowej [10 - 30 ml] - Klaudyna Hebda Nature","isPartOf":{"@id":"https:\/\/klaudynahebda.pl\/sklep\/#website"},"datePublished":"2020-05-07T12:48:39+00:00","dateModified":"2026-04-06T08:47:06+00:00","description":"G\u0142adkolica zaopiekuje si\u0119 Twoj\u0105 sk\u00f3r\u0105. To w 100% naturalne piel\u0119gnuj\u0105ce serum - 7 olejk\u00f3w eterycznych, ekstrakt z nagietka, witamina E i olej jojoba.","breadcrumb":{"@id":"https:\/\/klaudynahebda.pl\/sklep\/serum-tradzik-gladkolica\/#breadcrumb"},"inLanguage":"pl-PL","potentialAction":[{"@type":"ReadAction","target":["https:\/\/klaudynahebda.pl\/sklep\/serum-tradzik-gladkolica\/"]}]},{"@type":"BreadcrumbList","@id":"https:\/\/klaudynahebda.pl\/sklep\/serum-tradzik-gladkolica\/#breadcrumb","itemListElement":[{"@type":"ListItem","position":1,"name":"Strona g\u0142\u00f3wna","item":"https:\/\/klaudynahebda.pl\/sklep\/"},{"@type":"ListItem","position":2,"name":"Sklep","item":"https:\/\/klaudynahebda.pl\/sklep\/sklep\/"},{"@type":"ListItem","position":3,"name":"Kosmetyki naturalne","item":"https:\/\/klaudynahebda.pl\/sklep\/kosmetyki-naturalne\/"},{"@type":"ListItem","position":4,"name":"G\u0142adkolica &#8211; serum do piel\u0119gnacji cery tr\u0105dzikowej [10 &#8211; 30 ml]"}]},{"@type":"WebSite","@id":"https:\/\/klaudynahebda.pl\/sklep\/#website","url":"https:\/\/klaudynahebda.pl\/sklep\/","name":"Klaudyna Hebda Nature","description":"Sklep","publisher":{"@id":"https:\/\/klaudynahebda.pl\/sklep\/#organization"},"potentialAction":[{"@type":"SearchAction","target":{"@type":"EntryPoint","urlTemplate":"https:\/\/klaudynahebda.pl\/sklep\/?s={search_term_string}"},"query-input":"required name=search_term_string"}],"inLanguage":"pl-PL"},{"@type":"Organization","@id":"https:\/\/klaudynahebda.pl\/sklep\/#organization","name":"KlaudynaHebda","url":"https:\/\/klaudynahebda.pl\/sklep\/","sameAs":[],"logo":{"@type":"ImageObject","inLanguage":"pl-PL","@id":"https:\/\/klaudynahebda.pl\/sklep\/#\/schema\/logo\/image\/","url":"","contentUrl":"","caption":"KlaudynaHebda"},"image":{"@id":"https:\/\/klaudynahebda.pl\/sklep\/#\/schema\/logo\/image\/"}}]}},"_links":{"self":[{"href":"https:\/\/klaudynahebda.pl\/sklep\/wp-json\/wp\/v2\/product\/87804"}],"collection":[{"href":"https:\/\/klaudynahebda.pl\/sklep\/wp-json\/wp\/v2\/product"}],"about":[{"href":"https:\/\/klaudynahebda.pl\/sklep\/wp-json\/wp\/v2\/types\/product"}],"replies":[{"embeddable":true,"href":"https:\/\/klaudynahebda.pl\/sklep\/wp-json\/wp\/v2\/comments?post=87804"}],"wp:featuredmedia":[{"embeddable":true,"href":"https:\/\/klaudynahebda.pl\/sklep\/wp-json\/wp\/v2\/media\/3409729"}],"wp:attachment":[{"href":"https:\/\/klaudynahebda.pl\/sklep\/wp-json\/wp\/v2\/media?parent=87804"}],"wp:term":[{"taxonomy":"product_cat","embeddable":true,"href":"https:\/\/klaudynahebda.pl\/sklep\/wp-json\/wp\/v2\/product_cat?post=87804"},{"taxonomy":"product_tag","embeddable":true,"href":"https:\/\/klaudynahebda.pl\/sklep\/wp-json\/wp\/v2\/product_tag?post=87804"}],"curies":[{"name":"wp","href":"https:\/\/api.w.org\/{rel}","templated":true}]}}