{"id":87801,"date":"2020-12-01T17:49:27","date_gmt":"2020-12-01T16:49:27","guid":{"rendered":"https:\/\/klaudynahebda.pl\/sklep\/?post_type=product&#038;p=87801"},"modified":"2026-04-07T07:10:49","modified_gmt":"2026-04-07T05:10:49","slug":"geranium-rozane","status":"publish","type":"product","link":"https:\/\/klaudynahebda.pl\/sklep\/geranium-rozane\/","title":{"rendered":"Olejek z geranium"},"content":{"rendered":"<h2>Olejek geraniowy \u2013 zapach r\u00f3wnowagi i subtelnej si\u0142y<\/h2>\n<p>Olejek geranium r\u00f3\u017cane to dla niekt\u00f3rych \u0142agodz\u0105cy eliksir dla emocji. Jego delikatny zapach dzia\u0142a niczym delikatny, przytulny koc, kt\u00f3ry otula ci\u0119 w trudnych chwilach.<\/p>\n<p>Zapach geranium r\u00f3\u017canego poleca si\u0119 zw\u0142aszcza kobietom, kt\u00f3re maj\u0105 potrzeb\u0119 odnalezienia r\u00f3wnowagi.<\/p>\n<h2>Z czym \u0142\u0105czy\u0107 olejek geranium r\u00f3\u017cane?<\/h2>\n<p>Geranium polubi si\u0119 z zapachem kontrastowym, bardziej orze\u017awiaj\u0105cym jak np. <a href=\"https:\/\/klaudynahebda.pl\/sklep\/olejek-cytrynowy\/\">olejek cytrynowy<\/a> czy <a href=\"https:\/\/klaudynahebda.pl\/sklep\/olejek-pomarancza-czerwona\/\">olejek z czerwonej pomara\u0144czy<\/a><br \/>\nSpr\u00f3buj, a zobaczysz, jak ca\u0142o\u015b\u0107 nabiera zupe\u0142nie nowego wymiaru i energii.<\/p>\n<p>&nbsp;<\/p>\n<p><strong>Pojemno\u015b\u0107 15 ml ma teraz now\u0105 etykiet To wci\u0105\u017c ten sam, uwielbiany przez Was olejek \u2013 zmieni\u0142 si\u0119 tylko jego wygl\u0105d.<\/strong><\/p>\n<p>&nbsp;<\/p>\n<p>\ud83d\udc49 A je\u015bli szukasz urz\u0105dzenia do dyfuzji olejk\u00f3w eterycznych, sprawd\u017a nasz <a href=\"https:\/\/klaudynahebda.pl\/sklep\/dyfuzor-do-aromaterapii\/\">dyfuzor bezprzewodowy<\/a> do aromaterapii<\/p>\n","protected":false},"excerpt":{"rendered":"<h2>Olejek z geranium r\u00f3\u017canego to&#8230;<\/h2>\n<ul>\n<li>subtelny, ale pot\u0119\u017cny 100% olejek eteryczny<\/li>\n<li>zapach, kt\u00f3ry przypomni Ci <strong>pachn\u0105cy ogr\u00f3d w ciep\u0142y, letni dzie\u0144;<\/strong><\/li>\n<li>kwiatowo-cytrusowy aromat, kt\u00f3ry otacza, przynosz\u0105c chwil\u0119<strong> relaksu i ukojenia;<\/strong><\/li>\n<li>kropla harmonii i naturalny spos\u00f3b na przywr\u00f3cenie <strong>balansu<\/strong>, w momentach, w kt\u00f3rych tego potrzebujesz.<\/li>\n<\/ul>\n","protected":false},"featured_media":3291179,"comment_status":"open","ping_status":"closed","template":"","meta":[],"product_cat":[250,249,36,90,111],"product_tag":[],"acf":[],"yoast_head":"<!-- This site is optimized with the Yoast SEO plugin v19.6.1 - https:\/\/yoast.com\/wordpress\/plugins\/seo\/ -->\n<title>Olejek z geranium - Klaudyna Hebda Nature<\/title>\n<meta name=\"description\" content=\"Zapach olejku geranium r\u00f3\u017cane pomaga uspokoi\u0107 nerwy i z\u0142agodzi\u0107 uczucie stresu. Rozpyl go lub w\u0105chaj z buteleczki i zobacz \u015bwiat przez kwiatowe okulary! \ud83c\udf38\" \/>\n<meta name=\"robots\" content=\"index, follow, max-snippet:-1, max-image-preview:large, max-video-preview:-1\" \/>\n<link rel=\"canonical\" href=\"https:\/\/klaudynahebda.pl\/sklep\/geranium-rozane\/\" \/>\n<meta property=\"og:locale\" content=\"pl_PL\" \/>\n<meta property=\"og:type\" content=\"article\" \/>\n<meta property=\"og:title\" content=\"Olejek z geranium - Klaudyna Hebda Nature\" \/>\n<meta property=\"og:description\" content=\"Zapach olejku geranium r\u00f3\u017cane pomaga uspokoi\u0107 nerwy i z\u0142agodzi\u0107 uczucie stresu. Rozpyl go lub w\u0105chaj z buteleczki i zobacz \u015bwiat przez kwiatowe okulary! \ud83c\udf38\" \/>\n<meta property=\"og:url\" content=\"https:\/\/klaudynahebda.pl\/sklep\/geranium-rozane\/\" \/>\n<meta property=\"og:site_name\" content=\"Klaudyna Hebda Nature\" \/>\n<meta property=\"article:modified_time\" content=\"2026-04-07T05:10:49+00:00\" \/>\n<meta property=\"og:image\" content=\"https:\/\/klaudynahebda.pl\/sklep\/wp-content\/uploads\/2021\/07\/olejek-geranium-rozane-15ml-klaudyna-hebda.jpg\" \/>\n\t<meta property=\"og:image:width\" content=\"768\" \/>\n\t<meta property=\"og:image:height\" content=\"1152\" \/>\n\t<meta property=\"og:image:type\" content=\"image\/jpeg\" \/>\n<meta name=\"twitter:card\" content=\"summary_large_image\" \/>\n<meta name=\"twitter:label1\" content=\"Szacowany czas czytania\" \/>\n\t<meta name=\"twitter:data1\" content=\"1 minuta\" \/>\n<script type=\"application\/ld+json\" class=\"yoast-schema-graph\">{\"@context\":\"https:\/\/schema.org\",\"@graph\":[{\"@type\":\"WebPage\",\"@id\":\"https:\/\/klaudynahebda.pl\/sklep\/geranium-rozane\/\",\"url\":\"https:\/\/klaudynahebda.pl\/sklep\/geranium-rozane\/\",\"name\":\"Olejek z geranium - Klaudyna Hebda Nature\",\"isPartOf\":{\"@id\":\"https:\/\/klaudynahebda.pl\/sklep\/#website\"},\"datePublished\":\"2020-12-01T16:49:27+00:00\",\"dateModified\":\"2026-04-07T05:10:49+00:00\",\"description\":\"Zapach olejku geranium r\u00f3\u017cane pomaga uspokoi\u0107 nerwy i z\u0142agodzi\u0107 uczucie stresu. Rozpyl go lub w\u0105chaj z buteleczki i zobacz \u015bwiat przez kwiatowe okulary! \ud83c\udf38\",\"breadcrumb\":{\"@id\":\"https:\/\/klaudynahebda.pl\/sklep\/geranium-rozane\/#breadcrumb\"},\"inLanguage\":\"pl-PL\",\"potentialAction\":[{\"@type\":\"ReadAction\",\"target\":[\"https:\/\/klaudynahebda.pl\/sklep\/geranium-rozane\/\"]}]},{\"@type\":\"BreadcrumbList\",\"@id\":\"https:\/\/klaudynahebda.pl\/sklep\/geranium-rozane\/#breadcrumb\",\"itemListElement\":[{\"@type\":\"ListItem\",\"position\":1,\"name\":\"Strona g\u0142\u00f3wna\",\"item\":\"https:\/\/klaudynahebda.pl\/sklep\/\"},{\"@type\":\"ListItem\",\"position\":2,\"name\":\"Sklep\",\"item\":\"https:\/\/klaudynahebda.pl\/sklep\/sklep\/\"},{\"@type\":\"ListItem\",\"position\":3,\"name\":\"Olejki eteryczne\",\"item\":\"https:\/\/klaudynahebda.pl\/sklep\/olejki-eteryczne\/\"},{\"@type\":\"ListItem\",\"position\":4,\"name\":\"Olejek z geranium\"}]},{\"@type\":\"WebSite\",\"@id\":\"https:\/\/klaudynahebda.pl\/sklep\/#website\",\"url\":\"https:\/\/klaudynahebda.pl\/sklep\/\",\"name\":\"Klaudyna Hebda Nature\",\"description\":\"Sklep\",\"publisher\":{\"@id\":\"https:\/\/klaudynahebda.pl\/sklep\/#organization\"},\"potentialAction\":[{\"@type\":\"SearchAction\",\"target\":{\"@type\":\"EntryPoint\",\"urlTemplate\":\"https:\/\/klaudynahebda.pl\/sklep\/?s={search_term_string}\"},\"query-input\":\"required name=search_term_string\"}],\"inLanguage\":\"pl-PL\"},{\"@type\":\"Organization\",\"@id\":\"https:\/\/klaudynahebda.pl\/sklep\/#organization\",\"name\":\"KlaudynaHebda\",\"url\":\"https:\/\/klaudynahebda.pl\/sklep\/\",\"sameAs\":[],\"logo\":{\"@type\":\"ImageObject\",\"inLanguage\":\"pl-PL\",\"@id\":\"https:\/\/klaudynahebda.pl\/sklep\/#\/schema\/logo\/image\/\",\"url\":\"\",\"contentUrl\":\"\",\"caption\":\"KlaudynaHebda\"},\"image\":{\"@id\":\"https:\/\/klaudynahebda.pl\/sklep\/#\/schema\/logo\/image\/\"}}]}<\/script>\n<!-- \/ Yoast SEO plugin. -->","yoast_head_json":{"title":"Olejek z geranium - Klaudyna Hebda Nature","description":"Zapach olejku geranium r\u00f3\u017cane pomaga uspokoi\u0107 nerwy i z\u0142agodzi\u0107 uczucie stresu. Rozpyl go lub w\u0105chaj z buteleczki i zobacz \u015bwiat przez kwiatowe okulary! \ud83c\udf38","robots":{"index":"index","follow":"follow","max-snippet":"max-snippet:-1","max-image-preview":"max-image-preview:large","max-video-preview":"max-video-preview:-1"},"canonical":"https:\/\/klaudynahebda.pl\/sklep\/geranium-rozane\/","og_locale":"pl_PL","og_type":"article","og_title":"Olejek z geranium - Klaudyna Hebda Nature","og_description":"Zapach olejku geranium r\u00f3\u017cane pomaga uspokoi\u0107 nerwy i z\u0142agodzi\u0107 uczucie stresu. Rozpyl go lub w\u0105chaj z buteleczki i zobacz \u015bwiat przez kwiatowe okulary! \ud83c\udf38","og_url":"https:\/\/klaudynahebda.pl\/sklep\/geranium-rozane\/","og_site_name":"Klaudyna Hebda Nature","article_modified_time":"2026-04-07T05:10:49+00:00","og_image":[{"width":768,"height":1152,"url":"https:\/\/klaudynahebda.pl\/sklep\/wp-content\/uploads\/2021\/07\/olejek-geranium-rozane-15ml-klaudyna-hebda.jpg","type":"image\/jpeg"}],"twitter_card":"summary_large_image","twitter_misc":{"Szacowany czas czytania":"1 minuta"},"schema":{"@context":"https:\/\/schema.org","@graph":[{"@type":"WebPage","@id":"https:\/\/klaudynahebda.pl\/sklep\/geranium-rozane\/","url":"https:\/\/klaudynahebda.pl\/sklep\/geranium-rozane\/","name":"Olejek z geranium - Klaudyna Hebda Nature","isPartOf":{"@id":"https:\/\/klaudynahebda.pl\/sklep\/#website"},"datePublished":"2020-12-01T16:49:27+00:00","dateModified":"2026-04-07T05:10:49+00:00","description":"Zapach olejku geranium r\u00f3\u017cane pomaga uspokoi\u0107 nerwy i z\u0142agodzi\u0107 uczucie stresu. Rozpyl go lub w\u0105chaj z buteleczki i zobacz \u015bwiat przez kwiatowe okulary! \ud83c\udf38","breadcrumb":{"@id":"https:\/\/klaudynahebda.pl\/sklep\/geranium-rozane\/#breadcrumb"},"inLanguage":"pl-PL","potentialAction":[{"@type":"ReadAction","target":["https:\/\/klaudynahebda.pl\/sklep\/geranium-rozane\/"]}]},{"@type":"BreadcrumbList","@id":"https:\/\/klaudynahebda.pl\/sklep\/geranium-rozane\/#breadcrumb","itemListElement":[{"@type":"ListItem","position":1,"name":"Strona g\u0142\u00f3wna","item":"https:\/\/klaudynahebda.pl\/sklep\/"},{"@type":"ListItem","position":2,"name":"Sklep","item":"https:\/\/klaudynahebda.pl\/sklep\/sklep\/"},{"@type":"ListItem","position":3,"name":"Olejki eteryczne","item":"https:\/\/klaudynahebda.pl\/sklep\/olejki-eteryczne\/"},{"@type":"ListItem","position":4,"name":"Olejek z geranium"}]},{"@type":"WebSite","@id":"https:\/\/klaudynahebda.pl\/sklep\/#website","url":"https:\/\/klaudynahebda.pl\/sklep\/","name":"Klaudyna Hebda Nature","description":"Sklep","publisher":{"@id":"https:\/\/klaudynahebda.pl\/sklep\/#organization"},"potentialAction":[{"@type":"SearchAction","target":{"@type":"EntryPoint","urlTemplate":"https:\/\/klaudynahebda.pl\/sklep\/?s={search_term_string}"},"query-input":"required name=search_term_string"}],"inLanguage":"pl-PL"},{"@type":"Organization","@id":"https:\/\/klaudynahebda.pl\/sklep\/#organization","name":"KlaudynaHebda","url":"https:\/\/klaudynahebda.pl\/sklep\/","sameAs":[],"logo":{"@type":"ImageObject","inLanguage":"pl-PL","@id":"https:\/\/klaudynahebda.pl\/sklep\/#\/schema\/logo\/image\/","url":"","contentUrl":"","caption":"KlaudynaHebda"},"image":{"@id":"https:\/\/klaudynahebda.pl\/sklep\/#\/schema\/logo\/image\/"}}]}},"_links":{"self":[{"href":"https:\/\/klaudynahebda.pl\/sklep\/wp-json\/wp\/v2\/product\/87801"}],"collection":[{"href":"https:\/\/klaudynahebda.pl\/sklep\/wp-json\/wp\/v2\/product"}],"about":[{"href":"https:\/\/klaudynahebda.pl\/sklep\/wp-json\/wp\/v2\/types\/product"}],"replies":[{"embeddable":true,"href":"https:\/\/klaudynahebda.pl\/sklep\/wp-json\/wp\/v2\/comments?post=87801"}],"wp:featuredmedia":[{"embeddable":true,"href":"https:\/\/klaudynahebda.pl\/sklep\/wp-json\/wp\/v2\/media\/3291179"}],"wp:attachment":[{"href":"https:\/\/klaudynahebda.pl\/sklep\/wp-json\/wp\/v2\/media?parent=87801"}],"wp:term":[{"taxonomy":"product_cat","embeddable":true,"href":"https:\/\/klaudynahebda.pl\/sklep\/wp-json\/wp\/v2\/product_cat?post=87801"},{"taxonomy":"product_tag","embeddable":true,"href":"https:\/\/klaudynahebda.pl\/sklep\/wp-json\/wp\/v2\/product_tag?post=87801"}],"curies":[{"name":"wp","href":"https:\/\/api.w.org\/{rel}","templated":true}]}}