{"id":87800,"date":"2020-09-25T14:20:14","date_gmt":"2020-09-25T12:20:14","guid":{"rendered":"https:\/\/klaudynahebda.pl\/sklep\/?post_type=product&#038;p=87800"},"modified":"2026-04-02T10:50:22","modified_gmt":"2026-04-02T08:50:22","slug":"olejek-ylang-ylang","status":"publish","type":"product","link":"https:\/\/klaudynahebda.pl\/sklep\/olejek-ylang-ylang\/","title":{"rendered":"Olejek ylang ylang extra (wspieraj\u0105cy)"},"content":{"rendered":"<h2><span style=\"font-weight: 400;\">Kiedy si\u0119gn\u0105\u0107 po olejek eteryczny ylang-ylang?\u00a0<\/span><\/h2>\n<ul>\n<li><span style=\"font-weight: 400;\">Aromat olejku ylang ylang dzia\u0142a koj\u0105co i pomaga odzyska\u0107 wewn\u0119trzn\u0105 harmoni\u0119.<\/span><\/li>\n<li><span style=\"font-weight: 400;\">Jego zapach sprawdzi si\u0119 w chwilach szoku czy zranienia. Przeczytaj wi\u0119cej <a href=\"https:\/\/klaudynahebda.pl\/masaz-aromaterapeutyczny\/\" target=\"_blank\" rel=\"noopener noreferrer\">w tym wpisie.<\/a><\/span><\/li>\n<li>Je\u015bli prze\u017cywasz z\u0142o\u015b\u0107 lub l\u0119k, jego dyfuzja w domowym zaciszu pomo\u017ce si\u0119 zrelaksowa\u0107 i uspokoi\u0107 po trudnym dniu.<\/li>\n<li>Znajdziesz go w wielu luksusowych perfumach i kosmetykach.<\/li>\n<\/ul>\n<h2><span style=\"font-weight: 400;\">Z czym \u0142\u0105czy\u0107 olejek ylang ylang?<\/span><\/h2>\n<p><span data-contrast=\"auto\">Wypr\u00f3buj go w po\u0142\u0105czeniu z olejkami:<\/span><\/p>\n<ul>\n<li><span data-contrast=\"auto\">cytrusowymi, np. z bergamotki, <a href=\"https:\/\/klaudynahebda.pl\/sklep\/olejek-cytrynowy\/\" target=\"_blank\" rel=\"noopener\">cytryny<\/a>, <a href=\"https:\/\/klaudynahebda.pl\/sklep\/olejek-mandarynka\/\" target=\"_blank\" rel=\"noopener\">mandarynki<\/a> czy <a href=\"https:\/\/klaudynahebda.pl\/sklep\/olejek-grapefruitowy\/\" target=\"_blank\" rel=\"noopener\">grejpfruta<\/a><\/span><\/li>\n<li><span data-contrast=\"auto\">korzennymi, np. cynamonowym, <a href=\"https:\/\/klaudynahebda.pl\/sklep\/olejek-gozdzikowy\/\" target=\"_blank\" rel=\"noopener\">go\u017adzikowym<\/a>, <\/span><\/li>\n<li><span data-contrast=\"auto\">mi\u0119towym, <\/span><\/li>\n<li><span data-contrast=\"auto\"><a href=\"https:\/\/klaudynahebda.pl\/sklep\/olejek-lawendowy-slodki\/\" target=\"_blank\" rel=\"noopener\">lawendowym<\/a>,<\/span><span data-ccp-props=\"{&quot;134233117&quot;:false,&quot;134233118&quot;:false,&quot;335551550&quot;:1,&quot;335551620&quot;:1,&quot;335559738&quot;:240,&quot;335559739&quot;:240}\">\u00a0<\/span><\/li>\n<\/ul>\n<h2><span style=\"font-weight: 400;\">Czy wiesz, \u017ce&#8230;?<\/span><\/h2>\n<p><span style=\"font-weight: 400;\">W j\u0119zyku malajskim s\u0142owa<em> ylangylang<\/em> oznaczaj\u0105<em> kwiat kwiat\u00f3w<\/em>.\u00a0<\/span><span style=\"font-weight: 400;\">W czasach wiktoria\u0144skich olejek ylang-ylang mieszano z olejem kokosowym, aby stworzy\u0107 s\u0142ynny olejek do w\u0142os\u00f3w, kt\u00f3rego u\u017cywali zar\u00f3wno m\u0119\u017cczy\u017ani, jak i kobiety, aby wzmocni\u0107 po\u0142ysk w\u0142os\u00f3w i zwi\u0119kszy\u0107 ich porost.<\/span><\/p>\n<p><strong>Pojemno\u015b\u0107 15 ml ma teraz now\u0105 etykiet To wci\u0105\u017c ten sam, uwielbiany przez Was olejek \u2013 zmieni\u0142 si\u0119 tylko jego wygl\u0105d.<\/strong><\/p>\n<p>&nbsp;<\/p>\n<p>Sprawd\u017a te\u017c nasze inne<a href=\"https:\/\/klaudynahebda.pl\/sklep\/olejki-eteryczne\/\" target=\"_blank\" rel=\"noopener\"> olejki eteryczne.<\/a><\/p>\n","protected":false},"excerpt":{"rendered":"<h2><span style=\"font-weight: 400;\">Olejek ylang ylang to: <\/span><\/h2>\n<ul>\n<li><span style=\"font-weight: 400;\">olejek pozyskiwany z jagodlinu wonnego;<\/span><\/li>\n<li><span style=\"font-weight: 400;\">kwiatowy, lekko owocowy zapach &#8211; zmys\u0142owy, mi\u0119kki, bardzo intryguj\u0105cy;<\/span><\/li>\n<li>aromat, kt\u00f3ry poprawia samopoczucie, powoduje u\u015bmiech na twarzy i dodaje pozytywnej energii na ca\u0142y dzie\u0144;<\/li>\n<li><span style=\"font-weight: 400;\">Tw\u00f3j aromaterapeutyczny towarzysz w trudnych chwilach: kiedy czujesz si\u0119 zraniona lub zdenerwowana i chcesz odzyska\u0107 harmoni\u0119;<\/span><\/li>\n<li>100% olejek eteryczny wysokiej jako\u015bci, kt\u00f3ry nadaje si\u0119 do dyfuzji, a po rozcie\u0144czeniu w bazie olejowej np. do masa\u017cu.<\/li>\n<li>naturalny dodatek do w\u0142asnor\u0119cznie robionych kosmetyk\u00f3w, np. domowych peeling\u00f3w (zawsze po odpowiednim rozcie\u0144czeniu)<\/li>\n<\/ul>\n<p>&nbsp;<\/p>\n","protected":false},"featured_media":3291182,"comment_status":"open","ping_status":"closed","template":"","meta":[],"product_cat":[130,36,90],"product_tag":[],"acf":[],"yoast_head":"<!-- This site is optimized with the Yoast SEO plugin v19.6.1 - https:\/\/yoast.com\/wordpress\/plugins\/seo\/ -->\n<title>Olejek ylang ylang extra (wspieraj\u0105cy) - Klaudyna Hebda Nature<\/title>\n<meta name=\"description\" content=\"Olejek ylang-ylang - 100% olejek eteryczny. Jego zapach pomaga obni\u017cy\u0107 poczucie nerwowo\u015bci, stresu. Uspokaja, relaksuje i wspiera wewn\u0119trzn\u0105 r\u00f3wnowag\u0119.\" \/>\n<meta name=\"robots\" content=\"index, follow, max-snippet:-1, max-image-preview:large, max-video-preview:-1\" \/>\n<link rel=\"canonical\" href=\"https:\/\/klaudynahebda.pl\/sklep\/olejek-ylang-ylang\/\" \/>\n<meta property=\"og:locale\" content=\"pl_PL\" \/>\n<meta property=\"og:type\" content=\"article\" \/>\n<meta property=\"og:title\" content=\"Olejek ylang ylang extra (wspieraj\u0105cy) - Klaudyna Hebda Nature\" \/>\n<meta property=\"og:description\" content=\"Olejek ylang-ylang - 100% olejek eteryczny. Jego zapach pomaga obni\u017cy\u0107 poczucie nerwowo\u015bci, stresu. Uspokaja, relaksuje i wspiera wewn\u0119trzn\u0105 r\u00f3wnowag\u0119.\" \/>\n<meta property=\"og:url\" content=\"https:\/\/klaudynahebda.pl\/sklep\/olejek-ylang-ylang\/\" \/>\n<meta property=\"og:site_name\" content=\"Klaudyna Hebda Nature\" \/>\n<meta property=\"article:modified_time\" content=\"2026-04-02T08:50:22+00:00\" \/>\n<meta property=\"og:image\" content=\"https:\/\/klaudynahebda.pl\/sklep\/wp-content\/uploads\/2021\/07\/olejek-ylang-ylang-15ml-klaudyna-hebda.jpg\" \/>\n\t<meta property=\"og:image:width\" content=\"768\" \/>\n\t<meta property=\"og:image:height\" content=\"1152\" \/>\n\t<meta property=\"og:image:type\" content=\"image\/jpeg\" \/>\n<meta name=\"twitter:card\" content=\"summary_large_image\" \/>\n<meta name=\"twitter:label1\" content=\"Szacowany czas czytania\" \/>\n\t<meta name=\"twitter:data1\" content=\"1 minuta\" \/>\n<script type=\"application\/ld+json\" class=\"yoast-schema-graph\">{\"@context\":\"https:\/\/schema.org\",\"@graph\":[{\"@type\":\"WebPage\",\"@id\":\"https:\/\/klaudynahebda.pl\/sklep\/olejek-ylang-ylang\/\",\"url\":\"https:\/\/klaudynahebda.pl\/sklep\/olejek-ylang-ylang\/\",\"name\":\"Olejek ylang ylang extra (wspieraj\u0105cy) - Klaudyna Hebda Nature\",\"isPartOf\":{\"@id\":\"https:\/\/klaudynahebda.pl\/sklep\/#website\"},\"datePublished\":\"2020-09-25T12:20:14+00:00\",\"dateModified\":\"2026-04-02T08:50:22+00:00\",\"description\":\"Olejek ylang-ylang - 100% olejek eteryczny. Jego zapach pomaga obni\u017cy\u0107 poczucie nerwowo\u015bci, stresu. Uspokaja, relaksuje i wspiera wewn\u0119trzn\u0105 r\u00f3wnowag\u0119.\",\"breadcrumb\":{\"@id\":\"https:\/\/klaudynahebda.pl\/sklep\/olejek-ylang-ylang\/#breadcrumb\"},\"inLanguage\":\"pl-PL\",\"potentialAction\":[{\"@type\":\"ReadAction\",\"target\":[\"https:\/\/klaudynahebda.pl\/sklep\/olejek-ylang-ylang\/\"]}]},{\"@type\":\"BreadcrumbList\",\"@id\":\"https:\/\/klaudynahebda.pl\/sklep\/olejek-ylang-ylang\/#breadcrumb\",\"itemListElement\":[{\"@type\":\"ListItem\",\"position\":1,\"name\":\"Strona g\u0142\u00f3wna\",\"item\":\"https:\/\/klaudynahebda.pl\/sklep\/\"},{\"@type\":\"ListItem\",\"position\":2,\"name\":\"Sklep\",\"item\":\"https:\/\/klaudynahebda.pl\/sklep\/sklep\/\"},{\"@type\":\"ListItem\",\"position\":3,\"name\":\"Olejki eteryczne\",\"item\":\"https:\/\/klaudynahebda.pl\/sklep\/olejki-eteryczne\/\"},{\"@type\":\"ListItem\",\"position\":4,\"name\":\"Olejek ylang ylang extra (wspieraj\u0105cy)\"}]},{\"@type\":\"WebSite\",\"@id\":\"https:\/\/klaudynahebda.pl\/sklep\/#website\",\"url\":\"https:\/\/klaudynahebda.pl\/sklep\/\",\"name\":\"Klaudyna Hebda Nature\",\"description\":\"Sklep\",\"publisher\":{\"@id\":\"https:\/\/klaudynahebda.pl\/sklep\/#organization\"},\"potentialAction\":[{\"@type\":\"SearchAction\",\"target\":{\"@type\":\"EntryPoint\",\"urlTemplate\":\"https:\/\/klaudynahebda.pl\/sklep\/?s={search_term_string}\"},\"query-input\":\"required name=search_term_string\"}],\"inLanguage\":\"pl-PL\"},{\"@type\":\"Organization\",\"@id\":\"https:\/\/klaudynahebda.pl\/sklep\/#organization\",\"name\":\"KlaudynaHebda\",\"url\":\"https:\/\/klaudynahebda.pl\/sklep\/\",\"sameAs\":[],\"logo\":{\"@type\":\"ImageObject\",\"inLanguage\":\"pl-PL\",\"@id\":\"https:\/\/klaudynahebda.pl\/sklep\/#\/schema\/logo\/image\/\",\"url\":\"\",\"contentUrl\":\"\",\"caption\":\"KlaudynaHebda\"},\"image\":{\"@id\":\"https:\/\/klaudynahebda.pl\/sklep\/#\/schema\/logo\/image\/\"}}]}<\/script>\n<!-- \/ Yoast SEO plugin. -->","yoast_head_json":{"title":"Olejek ylang ylang extra (wspieraj\u0105cy) - Klaudyna Hebda Nature","description":"Olejek ylang-ylang - 100% olejek eteryczny. Jego zapach pomaga obni\u017cy\u0107 poczucie nerwowo\u015bci, stresu. Uspokaja, relaksuje i wspiera wewn\u0119trzn\u0105 r\u00f3wnowag\u0119.","robots":{"index":"index","follow":"follow","max-snippet":"max-snippet:-1","max-image-preview":"max-image-preview:large","max-video-preview":"max-video-preview:-1"},"canonical":"https:\/\/klaudynahebda.pl\/sklep\/olejek-ylang-ylang\/","og_locale":"pl_PL","og_type":"article","og_title":"Olejek ylang ylang extra (wspieraj\u0105cy) - Klaudyna Hebda Nature","og_description":"Olejek ylang-ylang - 100% olejek eteryczny. Jego zapach pomaga obni\u017cy\u0107 poczucie nerwowo\u015bci, stresu. Uspokaja, relaksuje i wspiera wewn\u0119trzn\u0105 r\u00f3wnowag\u0119.","og_url":"https:\/\/klaudynahebda.pl\/sklep\/olejek-ylang-ylang\/","og_site_name":"Klaudyna Hebda Nature","article_modified_time":"2026-04-02T08:50:22+00:00","og_image":[{"width":768,"height":1152,"url":"https:\/\/klaudynahebda.pl\/sklep\/wp-content\/uploads\/2021\/07\/olejek-ylang-ylang-15ml-klaudyna-hebda.jpg","type":"image\/jpeg"}],"twitter_card":"summary_large_image","twitter_misc":{"Szacowany czas czytania":"1 minuta"},"schema":{"@context":"https:\/\/schema.org","@graph":[{"@type":"WebPage","@id":"https:\/\/klaudynahebda.pl\/sklep\/olejek-ylang-ylang\/","url":"https:\/\/klaudynahebda.pl\/sklep\/olejek-ylang-ylang\/","name":"Olejek ylang ylang extra (wspieraj\u0105cy) - Klaudyna Hebda Nature","isPartOf":{"@id":"https:\/\/klaudynahebda.pl\/sklep\/#website"},"datePublished":"2020-09-25T12:20:14+00:00","dateModified":"2026-04-02T08:50:22+00:00","description":"Olejek ylang-ylang - 100% olejek eteryczny. Jego zapach pomaga obni\u017cy\u0107 poczucie nerwowo\u015bci, stresu. Uspokaja, relaksuje i wspiera wewn\u0119trzn\u0105 r\u00f3wnowag\u0119.","breadcrumb":{"@id":"https:\/\/klaudynahebda.pl\/sklep\/olejek-ylang-ylang\/#breadcrumb"},"inLanguage":"pl-PL","potentialAction":[{"@type":"ReadAction","target":["https:\/\/klaudynahebda.pl\/sklep\/olejek-ylang-ylang\/"]}]},{"@type":"BreadcrumbList","@id":"https:\/\/klaudynahebda.pl\/sklep\/olejek-ylang-ylang\/#breadcrumb","itemListElement":[{"@type":"ListItem","position":1,"name":"Strona g\u0142\u00f3wna","item":"https:\/\/klaudynahebda.pl\/sklep\/"},{"@type":"ListItem","position":2,"name":"Sklep","item":"https:\/\/klaudynahebda.pl\/sklep\/sklep\/"},{"@type":"ListItem","position":3,"name":"Olejki eteryczne","item":"https:\/\/klaudynahebda.pl\/sklep\/olejki-eteryczne\/"},{"@type":"ListItem","position":4,"name":"Olejek ylang ylang extra (wspieraj\u0105cy)"}]},{"@type":"WebSite","@id":"https:\/\/klaudynahebda.pl\/sklep\/#website","url":"https:\/\/klaudynahebda.pl\/sklep\/","name":"Klaudyna Hebda Nature","description":"Sklep","publisher":{"@id":"https:\/\/klaudynahebda.pl\/sklep\/#organization"},"potentialAction":[{"@type":"SearchAction","target":{"@type":"EntryPoint","urlTemplate":"https:\/\/klaudynahebda.pl\/sklep\/?s={search_term_string}"},"query-input":"required name=search_term_string"}],"inLanguage":"pl-PL"},{"@type":"Organization","@id":"https:\/\/klaudynahebda.pl\/sklep\/#organization","name":"KlaudynaHebda","url":"https:\/\/klaudynahebda.pl\/sklep\/","sameAs":[],"logo":{"@type":"ImageObject","inLanguage":"pl-PL","@id":"https:\/\/klaudynahebda.pl\/sklep\/#\/schema\/logo\/image\/","url":"","contentUrl":"","caption":"KlaudynaHebda"},"image":{"@id":"https:\/\/klaudynahebda.pl\/sklep\/#\/schema\/logo\/image\/"}}]}},"_links":{"self":[{"href":"https:\/\/klaudynahebda.pl\/sklep\/wp-json\/wp\/v2\/product\/87800"}],"collection":[{"href":"https:\/\/klaudynahebda.pl\/sklep\/wp-json\/wp\/v2\/product"}],"about":[{"href":"https:\/\/klaudynahebda.pl\/sklep\/wp-json\/wp\/v2\/types\/product"}],"replies":[{"embeddable":true,"href":"https:\/\/klaudynahebda.pl\/sklep\/wp-json\/wp\/v2\/comments?post=87800"}],"wp:featuredmedia":[{"embeddable":true,"href":"https:\/\/klaudynahebda.pl\/sklep\/wp-json\/wp\/v2\/media\/3291182"}],"wp:attachment":[{"href":"https:\/\/klaudynahebda.pl\/sklep\/wp-json\/wp\/v2\/media?parent=87800"}],"wp:term":[{"taxonomy":"product_cat","embeddable":true,"href":"https:\/\/klaudynahebda.pl\/sklep\/wp-json\/wp\/v2\/product_cat?post=87800"},{"taxonomy":"product_tag","embeddable":true,"href":"https:\/\/klaudynahebda.pl\/sklep\/wp-json\/wp\/v2\/product_tag?post=87800"}],"curies":[{"name":"wp","href":"https:\/\/api.w.org\/{rel}","templated":true}]}}