{"id":87799,"date":"2020-12-08T13:14:36","date_gmt":"2020-12-08T12:14:36","guid":{"rendered":"https:\/\/klaudynahebda.pl\/sklep\/?post_type=product&#038;p=87799"},"modified":"2026-04-22T15:06:30","modified_gmt":"2026-04-22T13:06:30","slug":"copaiba","status":"publish","type":"product","link":"https:\/\/klaudynahebda.pl\/sklep\/copaiba\/","title":{"rendered":"Olejek copaiba"},"content":{"rendered":"<h2><strong>Za co kochamy olejek copaiba?<\/strong><\/h2>\n<p>Olejek copaiba to jeden z ukochanych olejk\u00f3w Klaudyny. Jest znany od wiek\u00f3w ze swoich w\u0142a\u015bciwo\u015bci relaksacyjnych.<\/p>\n<p>Ma charakterystyczny aromat, kt\u00f3ry mo\u017cna opisa\u0107 jako ciep\u0142y, s\u0142odki, drzewny i \u0142agodny. Jest bardzo delikatny, ale nie musisz go czu\u0107, \u017ceby dzia\u0142a\u0142 \ud83d\ude42<\/p>\n<p>Zapach olejku eterycznego copaiba:<\/p>\n<ul>\n<li>tworzy atmosfer\u0119, kt\u00f3ra sprzyja relaksowi, rozlu\u017anieniu i spokojowi;<\/li>\n<li>sprzyja poczuciu wyciszenia i r\u00f3wnowagi, co jest tak wa\u017cne, gdy odczuwasz napi\u0119cie i emocjonalnego obci\u0105\u017cenie.<\/li>\n<\/ul>\n<p>Doskona\u0142y do masowania zm\u0119czonych mi\u0119\u015bni (w rozcie\u0144czeniu w oleju bazowym).<\/p>\n<p>Ma podobn\u0105 konsystencj\u0119 do olejku sanda\u0142owego. W perfumeryjnych kompozycjach olejek eteryczny copaiba mo\u017ce pe\u0142ni\u0107 r\u00f3\u017cne role: jako baza do zapachu, ze wzgl\u0119du na trwa\u0142o\u015b\u0107, tworzy solidny fundament dla innych sk\u0142adnik\u00f3w, czy jako dodatek do nut drzewnych, jak sanda\u0142owiec czy paczula.<\/p>\n<h3><strong style=\"color: #555555;\">Z czym \u0142\u0105czy\u0107 olejek eteryczny copaiba?<\/strong><\/h3>\n<p>Propozycje \u0142\u0105czenia copaiba: dodaj do niego <a href=\"https:\/\/klaudynahebda.pl\/sklep\/olejek-kadzidlowy-frankincense-maly\/\" target=\"_blank\" rel=\"noopener noreferrer\">olejku Frankincense<\/a>, <a href=\"https:\/\/klaudynahebda.pl\/sklep\/olejek-gozdzikowy\/\" target=\"_blank\" rel=\"noopener noreferrer\">olejku go\u017adzikowego<\/a>, <a href=\"https:\/\/klaudynahebda.pl\/sklep\/rumianek-rzymski-na-zabkowanie\/\" target=\"_blank\" rel=\"noopener noreferrer\">olejku z rumianku rzymskiego,<\/a> <a href=\"https:\/\/klaudynahebda.pl\/sklep\/olejek-ylang-ylang\/\" target=\"_blank\" rel=\"noopener noreferrer\">olejek ylang-ylang.<\/a><\/p>\n<p><strong>Obie pojemno\u015bci maj\u0105 teraz now\u0105 etykiet\u0119! To wci\u0105\u017c ten sam, uwielbiany przez Was olejek \u2013 zmieni\u0142 si\u0119 tylko jego wygl\u0105d.<\/strong><\/p>\n<h3><strong>Szukasz gotowych receptur z olejkiem copaiba?<\/strong><\/h3>\n<p>S\u0142u\u017cymy pomoc\u0105! Ten wyj\u0105tkowy olejek znajdziesz w wielu naszych recepturach. Sprawd\u017a koniecznie:<\/p>\n<ul>\n<li><strong><a href=\"https:\/\/klaudynahebda.pl\/sklep\/balsam-naprawczy\/\" target=\"_blank\" rel=\"noopener\">Balsam Naprawczy<\/a> &#8211;<\/strong> \u0142agodz\u0105cy kosmetyk do twarzy i cia\u0142a dla ca\u0142ej rodziny<\/li>\n<li><strong><a href=\"https:\/\/klaudynahebda.pl\/sklep\/gaja-intima\/\" target=\"_blank\" rel=\"noopener\">Gaja intima<\/a><\/strong> &#8211; olejek do piel\u0119gnacji okolic intymnych<\/li>\n<li><a href=\"https:\/\/klaudynahebda.pl\/sklep\/macerat-z-dziurawca\/\">Wzmocniony Macerat Dziurawcowy<\/a><\/li>\n<li><strong><a href=\"https:\/\/klaudynahebda.pl\/sklep\/roll-on-medytacja\/\" target=\"_blank\" rel=\"noopener\">Roll-on Medytacja<\/a><\/strong>&#8211; idealny do relaksacji, medytacji, w dodatku kompaktowy i bogaty w sk\u0142adniki piel\u0119gnuj\u0105ce sk\u00f3r\u0119<\/li>\n<li><a href=\"https:\/\/klaudynahebda.pl\/sklep\/serum-tradzik-gladkolica\/\" target=\"_blank\" rel=\"noopener\"><strong>G\u0142adkolica<\/strong><\/a> &#8211; serum dla sk\u00f3ry z niedoskona\u0142o\u015bciami<\/li>\n<li>Mieszanki olejk\u00f3w eterycznych: <strong><a href=\"https:\/\/klaudynahebda.pl\/sklep\/cytrusowa-radosc-mieszanka\/\" target=\"_blank\" rel=\"noopener\">Cytrusowa Rado\u015b\u0107<\/a> i <a href=\"https:\/\/klaudynahebda.pl\/sklep\/olejek-mieszanka-migrena\/\" target=\"_blank\" rel=\"noopener\">Ulga dla g\u0142owy<\/a><\/strong><\/li>\n<\/ul>\n","protected":false},"excerpt":{"rendered":"<h2>Olejek copaiba to&#8230;<\/h2>\n<ul>\n<li>niezast\u0105piony sojusznik &#8211; zapach gotowy stawi\u0107 czo\u0142a nawet najwi\u0119kszym wyzwaniom;<\/li>\n<li>aromaterapeutyczny bohater, kt\u00f3ry potrafi rozpl\u0105ta\u0107 najwi\u0119ksze w\u0119z\u0142y, rozlu\u017aniaj\u0105c je bardzo szybko;<\/li>\n<li>niezwyk\u0142y, drzewny olejek, kt\u00f3ry tworzy atmosfer\u0119 r\u00f3wnowagi, powrotu do siebie i oddechu od codzienno\u015bci.<\/li>\n<\/ul>\n<h3>Jak u\u017cywa\u0107 olejku eterycznego copaiba?<\/h3>\n<p>Mo\u017cesz:<\/p>\n<ul>\n<li>doda\u0107 go do olejku lub balsamu do cia\u0142a w odpowiednim rozcie\u0144czeniu i wmasowywa\u0107 w wybrane miejsca<\/li>\n<li>u\u017cywa\u0107 go w\u00a0<a href=\"https:\/\/klaudynahebda.pl\/sklep\/dyfuzor-do-aromaterapii\/\">dyfuzorze<\/a> &#8211; w ko\u0144cu to olejek do aromaterapii<\/li>\n<li>wdycha\u0107 go prosto z buteleczki, \u017ceby poczu\u0107 si\u0119 bardziej zrelaksowana<\/li>\n<\/ul>\n","protected":false},"featured_media":3291178,"comment_status":"open","ping_status":"closed","template":"","meta":[],"product_cat":[36,90],"product_tag":[],"acf":[],"yoast_head":"<!-- This site is optimized with the Yoast SEO plugin v19.6.1 - https:\/\/yoast.com\/wordpress\/plugins\/seo\/ -->\n<title>Olejek Copaiba - Klaudyna Hebda Nature<\/title>\n<meta name=\"description\" content=\"100% olejek copaiba. Ciep\u0142y, s\u0142odki, drzewny i \u0142agodny aromat wspiera poczucie odpr\u0119\u017cenia. Szeroko stosowany w kosmetykach. Poczuj jego wyj\u0105tkowo\u015b\u0107!\" \/>\n<meta name=\"robots\" content=\"index, follow, max-snippet:-1, max-image-preview:large, max-video-preview:-1\" \/>\n<link rel=\"canonical\" href=\"https:\/\/klaudynahebda.pl\/sklep\/copaiba\/\" \/>\n<meta property=\"og:locale\" content=\"pl_PL\" \/>\n<meta property=\"og:type\" content=\"article\" \/>\n<meta property=\"og:title\" content=\"Olejek Copaiba - Klaudyna Hebda Nature\" \/>\n<meta property=\"og:description\" content=\"100% olejek copaiba. Ciep\u0142y, s\u0142odki, drzewny i \u0142agodny aromat wspiera poczucie odpr\u0119\u017cenia. Szeroko stosowany w kosmetykach. Poczuj jego wyj\u0105tkowo\u015b\u0107!\" \/>\n<meta property=\"og:url\" content=\"https:\/\/klaudynahebda.pl\/sklep\/copaiba\/\" \/>\n<meta property=\"og:site_name\" content=\"Klaudyna Hebda Nature\" \/>\n<meta property=\"article:modified_time\" content=\"2026-04-22T13:06:30+00:00\" \/>\n<meta property=\"og:image\" content=\"https:\/\/klaudynahebda.pl\/sklep\/wp-content\/uploads\/2021\/07\/olejek-copaiba-15ml-klaudyna-hebda.jpg\" \/>\n\t<meta property=\"og:image:width\" content=\"768\" \/>\n\t<meta property=\"og:image:height\" content=\"1152\" \/>\n\t<meta property=\"og:image:type\" content=\"image\/jpeg\" \/>\n<meta name=\"twitter:card\" content=\"summary_large_image\" \/>\n<meta name=\"twitter:label1\" content=\"Szacowany czas czytania\" \/>\n\t<meta name=\"twitter:data1\" content=\"2 minuty\" \/>\n<script type=\"application\/ld+json\" class=\"yoast-schema-graph\">{\"@context\":\"https:\/\/schema.org\",\"@graph\":[{\"@type\":\"WebPage\",\"@id\":\"https:\/\/klaudynahebda.pl\/sklep\/copaiba\/\",\"url\":\"https:\/\/klaudynahebda.pl\/sklep\/copaiba\/\",\"name\":\"Olejek Copaiba - Klaudyna Hebda Nature\",\"isPartOf\":{\"@id\":\"https:\/\/klaudynahebda.pl\/sklep\/#website\"},\"datePublished\":\"2020-12-08T12:14:36+00:00\",\"dateModified\":\"2026-04-22T13:06:30+00:00\",\"description\":\"100% olejek copaiba. Ciep\u0142y, s\u0142odki, drzewny i \u0142agodny aromat wspiera poczucie odpr\u0119\u017cenia. Szeroko stosowany w kosmetykach. Poczuj jego wyj\u0105tkowo\u015b\u0107!\",\"breadcrumb\":{\"@id\":\"https:\/\/klaudynahebda.pl\/sklep\/copaiba\/#breadcrumb\"},\"inLanguage\":\"pl-PL\",\"potentialAction\":[{\"@type\":\"ReadAction\",\"target\":[\"https:\/\/klaudynahebda.pl\/sklep\/copaiba\/\"]}]},{\"@type\":\"BreadcrumbList\",\"@id\":\"https:\/\/klaudynahebda.pl\/sklep\/copaiba\/#breadcrumb\",\"itemListElement\":[{\"@type\":\"ListItem\",\"position\":1,\"name\":\"Strona g\u0142\u00f3wna\",\"item\":\"https:\/\/klaudynahebda.pl\/sklep\/\"},{\"@type\":\"ListItem\",\"position\":2,\"name\":\"Sklep\",\"item\":\"https:\/\/klaudynahebda.pl\/sklep\/sklep\/\"},{\"@type\":\"ListItem\",\"position\":3,\"name\":\"Olejki eteryczne\",\"item\":\"https:\/\/klaudynahebda.pl\/sklep\/olejki-eteryczne\/\"},{\"@type\":\"ListItem\",\"position\":4,\"name\":\"Olejek copaiba\"}]},{\"@type\":\"WebSite\",\"@id\":\"https:\/\/klaudynahebda.pl\/sklep\/#website\",\"url\":\"https:\/\/klaudynahebda.pl\/sklep\/\",\"name\":\"Klaudyna Hebda Nature\",\"description\":\"Sklep\",\"publisher\":{\"@id\":\"https:\/\/klaudynahebda.pl\/sklep\/#organization\"},\"potentialAction\":[{\"@type\":\"SearchAction\",\"target\":{\"@type\":\"EntryPoint\",\"urlTemplate\":\"https:\/\/klaudynahebda.pl\/sklep\/?s={search_term_string}\"},\"query-input\":\"required name=search_term_string\"}],\"inLanguage\":\"pl-PL\"},{\"@type\":\"Organization\",\"@id\":\"https:\/\/klaudynahebda.pl\/sklep\/#organization\",\"name\":\"KlaudynaHebda\",\"url\":\"https:\/\/klaudynahebda.pl\/sklep\/\",\"sameAs\":[],\"logo\":{\"@type\":\"ImageObject\",\"inLanguage\":\"pl-PL\",\"@id\":\"https:\/\/klaudynahebda.pl\/sklep\/#\/schema\/logo\/image\/\",\"url\":\"\",\"contentUrl\":\"\",\"caption\":\"KlaudynaHebda\"},\"image\":{\"@id\":\"https:\/\/klaudynahebda.pl\/sklep\/#\/schema\/logo\/image\/\"}}]}<\/script>\n<!-- \/ Yoast SEO plugin. -->","yoast_head_json":{"title":"Olejek Copaiba - Klaudyna Hebda Nature","description":"100% olejek copaiba. Ciep\u0142y, s\u0142odki, drzewny i \u0142agodny aromat wspiera poczucie odpr\u0119\u017cenia. Szeroko stosowany w kosmetykach. Poczuj jego wyj\u0105tkowo\u015b\u0107!","robots":{"index":"index","follow":"follow","max-snippet":"max-snippet:-1","max-image-preview":"max-image-preview:large","max-video-preview":"max-video-preview:-1"},"canonical":"https:\/\/klaudynahebda.pl\/sklep\/copaiba\/","og_locale":"pl_PL","og_type":"article","og_title":"Olejek Copaiba - Klaudyna Hebda Nature","og_description":"100% olejek copaiba. Ciep\u0142y, s\u0142odki, drzewny i \u0142agodny aromat wspiera poczucie odpr\u0119\u017cenia. Szeroko stosowany w kosmetykach. Poczuj jego wyj\u0105tkowo\u015b\u0107!","og_url":"https:\/\/klaudynahebda.pl\/sklep\/copaiba\/","og_site_name":"Klaudyna Hebda Nature","article_modified_time":"2026-04-22T13:06:30+00:00","og_image":[{"width":768,"height":1152,"url":"https:\/\/klaudynahebda.pl\/sklep\/wp-content\/uploads\/2021\/07\/olejek-copaiba-15ml-klaudyna-hebda.jpg","type":"image\/jpeg"}],"twitter_card":"summary_large_image","twitter_misc":{"Szacowany czas czytania":"2 minuty"},"schema":{"@context":"https:\/\/schema.org","@graph":[{"@type":"WebPage","@id":"https:\/\/klaudynahebda.pl\/sklep\/copaiba\/","url":"https:\/\/klaudynahebda.pl\/sklep\/copaiba\/","name":"Olejek Copaiba - Klaudyna Hebda Nature","isPartOf":{"@id":"https:\/\/klaudynahebda.pl\/sklep\/#website"},"datePublished":"2020-12-08T12:14:36+00:00","dateModified":"2026-04-22T13:06:30+00:00","description":"100% olejek copaiba. Ciep\u0142y, s\u0142odki, drzewny i \u0142agodny aromat wspiera poczucie odpr\u0119\u017cenia. Szeroko stosowany w kosmetykach. Poczuj jego wyj\u0105tkowo\u015b\u0107!","breadcrumb":{"@id":"https:\/\/klaudynahebda.pl\/sklep\/copaiba\/#breadcrumb"},"inLanguage":"pl-PL","potentialAction":[{"@type":"ReadAction","target":["https:\/\/klaudynahebda.pl\/sklep\/copaiba\/"]}]},{"@type":"BreadcrumbList","@id":"https:\/\/klaudynahebda.pl\/sklep\/copaiba\/#breadcrumb","itemListElement":[{"@type":"ListItem","position":1,"name":"Strona g\u0142\u00f3wna","item":"https:\/\/klaudynahebda.pl\/sklep\/"},{"@type":"ListItem","position":2,"name":"Sklep","item":"https:\/\/klaudynahebda.pl\/sklep\/sklep\/"},{"@type":"ListItem","position":3,"name":"Olejki eteryczne","item":"https:\/\/klaudynahebda.pl\/sklep\/olejki-eteryczne\/"},{"@type":"ListItem","position":4,"name":"Olejek copaiba"}]},{"@type":"WebSite","@id":"https:\/\/klaudynahebda.pl\/sklep\/#website","url":"https:\/\/klaudynahebda.pl\/sklep\/","name":"Klaudyna Hebda Nature","description":"Sklep","publisher":{"@id":"https:\/\/klaudynahebda.pl\/sklep\/#organization"},"potentialAction":[{"@type":"SearchAction","target":{"@type":"EntryPoint","urlTemplate":"https:\/\/klaudynahebda.pl\/sklep\/?s={search_term_string}"},"query-input":"required name=search_term_string"}],"inLanguage":"pl-PL"},{"@type":"Organization","@id":"https:\/\/klaudynahebda.pl\/sklep\/#organization","name":"KlaudynaHebda","url":"https:\/\/klaudynahebda.pl\/sklep\/","sameAs":[],"logo":{"@type":"ImageObject","inLanguage":"pl-PL","@id":"https:\/\/klaudynahebda.pl\/sklep\/#\/schema\/logo\/image\/","url":"","contentUrl":"","caption":"KlaudynaHebda"},"image":{"@id":"https:\/\/klaudynahebda.pl\/sklep\/#\/schema\/logo\/image\/"}}]}},"_links":{"self":[{"href":"https:\/\/klaudynahebda.pl\/sklep\/wp-json\/wp\/v2\/product\/87799"}],"collection":[{"href":"https:\/\/klaudynahebda.pl\/sklep\/wp-json\/wp\/v2\/product"}],"about":[{"href":"https:\/\/klaudynahebda.pl\/sklep\/wp-json\/wp\/v2\/types\/product"}],"replies":[{"embeddable":true,"href":"https:\/\/klaudynahebda.pl\/sklep\/wp-json\/wp\/v2\/comments?post=87799"}],"wp:featuredmedia":[{"embeddable":true,"href":"https:\/\/klaudynahebda.pl\/sklep\/wp-json\/wp\/v2\/media\/3291178"}],"wp:attachment":[{"href":"https:\/\/klaudynahebda.pl\/sklep\/wp-json\/wp\/v2\/media?parent=87799"}],"wp:term":[{"taxonomy":"product_cat","embeddable":true,"href":"https:\/\/klaudynahebda.pl\/sklep\/wp-json\/wp\/v2\/product_cat?post=87799"},{"taxonomy":"product_tag","embeddable":true,"href":"https:\/\/klaudynahebda.pl\/sklep\/wp-json\/wp\/v2\/product_tag?post=87799"}],"curies":[{"name":"wp","href":"https:\/\/api.w.org\/{rel}","templated":true}]}}