{"id":87798,"date":"2020-11-30T16:42:41","date_gmt":"2020-11-30T15:42:41","guid":{"rendered":"https:\/\/klaudynahebda.pl\/sklep\/?post_type=product&#038;p=87798"},"modified":"2026-04-03T10:56:40","modified_gmt":"2026-04-03T08:56:40","slug":"olejek-wetiweriowy","status":"publish","type":"product","link":"https:\/\/klaudynahebda.pl\/sklep\/olejek-wetiweriowy\/","title":{"rendered":"Olejek wetiweriowy"},"content":{"rendered":"<h2>Olejek z wetywerii: Ziemia. Elegancja. G\u0142\u0119bia<\/h2>\n<p><strong>Olejek wetiwerowy<\/strong>\u00a0sprawdzi si\u0119 je\u015bli chcesz skoncentrowa\u0107 si\u0119 na czym\u015b przez d\u0142u\u017csz\u0105 chwil\u0119 i pomy\u015ble\u0107. Warto doda\u0107 tego olejku do k\u0105pieli (najpierw go rozcie\u0144cz w oleju do k\u0105pieli) po m\u0119cz\u0105cym dniu, bo zapach olejku mo\u017ce pozytywnie wp\u0142ywa\u0107 na samopoczucie psychiczne i fizyczne.<\/p>\n<p>Olejek z wetywerii staje si\u0119 jeszcze lepszy wraz z wiekiem: aromat stanie si\u0119 g\u0142\u0119bszy i bardziej wyrafinowany. <strong>Wetyweria jest bardzo g\u0119stym olejkiem<\/strong> (jak mi\u00f3d), ale musisz wiedzie\u0107, \u017ce ta g\u0119sto\u015b\u0107 jest czym\u015b naturalnym. Wystarczy tylko kropla, \u017ceby poczu\u0107 intensywno\u015b\u0107 jego zapachu.<\/p>\n<h3>Z czym \u0142\u0105czy\u0107 olejek z wetywerii?<\/h3>\n<p>Propozycje po\u0142\u0105czenia. Spr\u00f3buj po\u0142\u0105czy\u0107 go z <a href=\"https:\/\/klaudynahebda.pl\/sklep\/olejek-z-bergamotki-na-nerwy\/\" target=\"_blank\" rel=\"noopener noreferrer\">olejkiem z bergamotki<\/a>, <a href=\"https:\/\/klaudynahebda.pl\/sklep\/lisc-cynamonu\/\" target=\"_blank\" rel=\"noopener noreferrer\">olejkiem z cynamonu<\/a>, <a href=\"https:\/\/klaudynahebda.pl\/sklep\/olejek-gozdzikowy\/\" target=\"_blank\" rel=\"noopener noreferrer\">olejkiem z go\u017adzik\u00f3w<\/a>, olejkiem grejpfrutowym, <a href=\"https:\/\/klaudynahebda.pl\/sklep\/olejek-lawendowy-slodki\/\" target=\"_blank\" rel=\"noopener noreferrer\">olejkiem lawendowym<\/a>, olejkiem z mandarynki, <a href=\"https:\/\/klaudynahebda.pl\/sklep\/olejek-ylang-ylang\/\" target=\"_blank\" rel=\"noopener noreferrer\">olejkiem ylang-ylang.<\/a><\/p>\n<p>\u27a1\ufe0f Sprawd\u017a te\u017c:<\/p>\n<ul>\n<li><a href=\"https:\/\/klaudynahebda.pl\/sklep\/dyfuzor-do-aromaterapii\/\">dyfuzor bezprzewodowy<\/a>\u00a0do aromaterapii<\/li>\n<li>inne <a href=\"https:\/\/klaudynahebda.pl\/sklep\/olejki-eteryczne\/\">naturalne olejki eteryczne<\/a> K. Hebda.<\/li>\n<\/ul>\n","protected":false},"excerpt":{"rendered":"<h2>Olejek z wetywerii to:<\/h2>\n<ul>\n<li>znany jako<strong> olej spokoju <\/strong>i stosowany jest od wiek\u00f3w 100%\u00a0 olejek eteryczny;<\/li>\n<li>zapach, kt\u00f3ry pozwala Twojemu<strong> umys\u0142owi odpocz\u0105\u0107, <\/strong><strong>zdj\u0105\u0107 ci\u0119\u017car napi\u0119cia i poczu\u0107 ukojenie;<\/strong><\/li>\n<li>prostota stosowania \u2014 wystarczy na\u0142o\u017cy\u0107 kilka kropel na chusteczk\u0119 lub doda\u0107 do dyfuzora, by stworzy\u0107<strong> spokojn\u0105 atmosfer\u0119 przed snem;<\/strong><\/li>\n<li>buteleczka, kt\u00f3ra otworzy Ci bramy do <strong>odpr\u0119\u017cenia i relaksu;<\/strong><\/li>\n<li>\u015b<strong>wie\u017cy aromat ze s\u0142odkimi, drzewnymi aromatami i dymn\u0105, ziemist\u0105 nut\u0105<\/strong> &#8211; wetyweria jest cz\u0119sto uwa\u017cana za perfumy sama w sobie.<\/li>\n<\/ul>\n","protected":false},"featured_media":3227409,"comment_status":"open","ping_status":"closed","template":"","meta":[],"product_cat":[36,90,210],"product_tag":[],"acf":[],"yoast_head":"<!-- This site is optimized with the Yoast SEO plugin v19.6.1 - https:\/\/yoast.com\/wordpress\/plugins\/seo\/ -->\n<title>Olejek wetiweriowy - Klaudyna Hebda Nature<\/title>\n<meta name=\"description\" content=\"Olejek z wetywerii jest znany jako olej spokoju. Zapach olejku wetywerowego jest idealny do snu i relaksu, regeneracji. \ud83d\udc9a Kliknij i dowiedz si\u0119 wi\u0119cej!\" \/>\n<meta name=\"robots\" content=\"index, follow, max-snippet:-1, max-image-preview:large, max-video-preview:-1\" \/>\n<link rel=\"canonical\" href=\"https:\/\/klaudynahebda.pl\/sklep\/olejek-wetiweriowy\/\" \/>\n<meta property=\"og:locale\" content=\"pl_PL\" \/>\n<meta property=\"og:type\" content=\"article\" \/>\n<meta property=\"og:title\" content=\"Olejek wetiweriowy - Klaudyna Hebda Nature\" \/>\n<meta property=\"og:description\" content=\"Olejek z wetywerii jest znany jako olej spokoju. Zapach olejku wetywerowego jest idealny do snu i relaksu, regeneracji. \ud83d\udc9a Kliknij i dowiedz si\u0119 wi\u0119cej!\" \/>\n<meta property=\"og:url\" content=\"https:\/\/klaudynahebda.pl\/sklep\/olejek-wetiweriowy\/\" \/>\n<meta property=\"og:site_name\" content=\"Klaudyna Hebda Nature\" \/>\n<meta property=\"article:modified_time\" content=\"2026-04-03T08:56:40+00:00\" \/>\n<meta property=\"og:image\" content=\"https:\/\/klaudynahebda.pl\/sklep\/wp-content\/uploads\/2020\/11\/23.jpg\" \/>\n\t<meta property=\"og:image:width\" content=\"1020\" \/>\n\t<meta property=\"og:image:height\" content=\"1530\" \/>\n\t<meta property=\"og:image:type\" content=\"image\/jpeg\" \/>\n<meta name=\"twitter:card\" content=\"summary_large_image\" \/>\n<meta name=\"twitter:label1\" content=\"Szacowany czas czytania\" \/>\n\t<meta name=\"twitter:data1\" content=\"1 minuta\" \/>\n<script type=\"application\/ld+json\" class=\"yoast-schema-graph\">{\"@context\":\"https:\/\/schema.org\",\"@graph\":[{\"@type\":\"WebPage\",\"@id\":\"https:\/\/klaudynahebda.pl\/sklep\/olejek-wetiweriowy\/\",\"url\":\"https:\/\/klaudynahebda.pl\/sklep\/olejek-wetiweriowy\/\",\"name\":\"Olejek wetiweriowy - Klaudyna Hebda Nature\",\"isPartOf\":{\"@id\":\"https:\/\/klaudynahebda.pl\/sklep\/#website\"},\"datePublished\":\"2020-11-30T15:42:41+00:00\",\"dateModified\":\"2026-04-03T08:56:40+00:00\",\"description\":\"Olejek z wetywerii jest znany jako olej spokoju. Zapach olejku wetywerowego jest idealny do snu i relaksu, regeneracji. \ud83d\udc9a Kliknij i dowiedz si\u0119 wi\u0119cej!\",\"breadcrumb\":{\"@id\":\"https:\/\/klaudynahebda.pl\/sklep\/olejek-wetiweriowy\/#breadcrumb\"},\"inLanguage\":\"pl-PL\",\"potentialAction\":[{\"@type\":\"ReadAction\",\"target\":[\"https:\/\/klaudynahebda.pl\/sklep\/olejek-wetiweriowy\/\"]}]},{\"@type\":\"BreadcrumbList\",\"@id\":\"https:\/\/klaudynahebda.pl\/sklep\/olejek-wetiweriowy\/#breadcrumb\",\"itemListElement\":[{\"@type\":\"ListItem\",\"position\":1,\"name\":\"Strona g\u0142\u00f3wna\",\"item\":\"https:\/\/klaudynahebda.pl\/sklep\/\"},{\"@type\":\"ListItem\",\"position\":2,\"name\":\"Sklep\",\"item\":\"https:\/\/klaudynahebda.pl\/sklep\/sklep\/\"},{\"@type\":\"ListItem\",\"position\":3,\"name\":\"Olejki eteryczne\",\"item\":\"https:\/\/klaudynahebda.pl\/sklep\/olejki-eteryczne\/\"},{\"@type\":\"ListItem\",\"position\":4,\"name\":\"Olejek wetiweriowy\"}]},{\"@type\":\"WebSite\",\"@id\":\"https:\/\/klaudynahebda.pl\/sklep\/#website\",\"url\":\"https:\/\/klaudynahebda.pl\/sklep\/\",\"name\":\"Klaudyna Hebda Nature\",\"description\":\"Sklep\",\"publisher\":{\"@id\":\"https:\/\/klaudynahebda.pl\/sklep\/#organization\"},\"potentialAction\":[{\"@type\":\"SearchAction\",\"target\":{\"@type\":\"EntryPoint\",\"urlTemplate\":\"https:\/\/klaudynahebda.pl\/sklep\/?s={search_term_string}\"},\"query-input\":\"required name=search_term_string\"}],\"inLanguage\":\"pl-PL\"},{\"@type\":\"Organization\",\"@id\":\"https:\/\/klaudynahebda.pl\/sklep\/#organization\",\"name\":\"KlaudynaHebda\",\"url\":\"https:\/\/klaudynahebda.pl\/sklep\/\",\"sameAs\":[],\"logo\":{\"@type\":\"ImageObject\",\"inLanguage\":\"pl-PL\",\"@id\":\"https:\/\/klaudynahebda.pl\/sklep\/#\/schema\/logo\/image\/\",\"url\":\"\",\"contentUrl\":\"\",\"caption\":\"KlaudynaHebda\"},\"image\":{\"@id\":\"https:\/\/klaudynahebda.pl\/sklep\/#\/schema\/logo\/image\/\"}}]}<\/script>\n<!-- \/ Yoast SEO plugin. -->","yoast_head_json":{"title":"Olejek wetiweriowy - Klaudyna Hebda Nature","description":"Olejek z wetywerii jest znany jako olej spokoju. Zapach olejku wetywerowego jest idealny do snu i relaksu, regeneracji. \ud83d\udc9a Kliknij i dowiedz si\u0119 wi\u0119cej!","robots":{"index":"index","follow":"follow","max-snippet":"max-snippet:-1","max-image-preview":"max-image-preview:large","max-video-preview":"max-video-preview:-1"},"canonical":"https:\/\/klaudynahebda.pl\/sklep\/olejek-wetiweriowy\/","og_locale":"pl_PL","og_type":"article","og_title":"Olejek wetiweriowy - Klaudyna Hebda Nature","og_description":"Olejek z wetywerii jest znany jako olej spokoju. Zapach olejku wetywerowego jest idealny do snu i relaksu, regeneracji. \ud83d\udc9a Kliknij i dowiedz si\u0119 wi\u0119cej!","og_url":"https:\/\/klaudynahebda.pl\/sklep\/olejek-wetiweriowy\/","og_site_name":"Klaudyna Hebda Nature","article_modified_time":"2026-04-03T08:56:40+00:00","og_image":[{"width":1020,"height":1530,"url":"https:\/\/klaudynahebda.pl\/sklep\/wp-content\/uploads\/2020\/11\/23.jpg","type":"image\/jpeg"}],"twitter_card":"summary_large_image","twitter_misc":{"Szacowany czas czytania":"1 minuta"},"schema":{"@context":"https:\/\/schema.org","@graph":[{"@type":"WebPage","@id":"https:\/\/klaudynahebda.pl\/sklep\/olejek-wetiweriowy\/","url":"https:\/\/klaudynahebda.pl\/sklep\/olejek-wetiweriowy\/","name":"Olejek wetiweriowy - Klaudyna Hebda Nature","isPartOf":{"@id":"https:\/\/klaudynahebda.pl\/sklep\/#website"},"datePublished":"2020-11-30T15:42:41+00:00","dateModified":"2026-04-03T08:56:40+00:00","description":"Olejek z wetywerii jest znany jako olej spokoju. Zapach olejku wetywerowego jest idealny do snu i relaksu, regeneracji. \ud83d\udc9a Kliknij i dowiedz si\u0119 wi\u0119cej!","breadcrumb":{"@id":"https:\/\/klaudynahebda.pl\/sklep\/olejek-wetiweriowy\/#breadcrumb"},"inLanguage":"pl-PL","potentialAction":[{"@type":"ReadAction","target":["https:\/\/klaudynahebda.pl\/sklep\/olejek-wetiweriowy\/"]}]},{"@type":"BreadcrumbList","@id":"https:\/\/klaudynahebda.pl\/sklep\/olejek-wetiweriowy\/#breadcrumb","itemListElement":[{"@type":"ListItem","position":1,"name":"Strona g\u0142\u00f3wna","item":"https:\/\/klaudynahebda.pl\/sklep\/"},{"@type":"ListItem","position":2,"name":"Sklep","item":"https:\/\/klaudynahebda.pl\/sklep\/sklep\/"},{"@type":"ListItem","position":3,"name":"Olejki eteryczne","item":"https:\/\/klaudynahebda.pl\/sklep\/olejki-eteryczne\/"},{"@type":"ListItem","position":4,"name":"Olejek wetiweriowy"}]},{"@type":"WebSite","@id":"https:\/\/klaudynahebda.pl\/sklep\/#website","url":"https:\/\/klaudynahebda.pl\/sklep\/","name":"Klaudyna Hebda Nature","description":"Sklep","publisher":{"@id":"https:\/\/klaudynahebda.pl\/sklep\/#organization"},"potentialAction":[{"@type":"SearchAction","target":{"@type":"EntryPoint","urlTemplate":"https:\/\/klaudynahebda.pl\/sklep\/?s={search_term_string}"},"query-input":"required name=search_term_string"}],"inLanguage":"pl-PL"},{"@type":"Organization","@id":"https:\/\/klaudynahebda.pl\/sklep\/#organization","name":"KlaudynaHebda","url":"https:\/\/klaudynahebda.pl\/sklep\/","sameAs":[],"logo":{"@type":"ImageObject","inLanguage":"pl-PL","@id":"https:\/\/klaudynahebda.pl\/sklep\/#\/schema\/logo\/image\/","url":"","contentUrl":"","caption":"KlaudynaHebda"},"image":{"@id":"https:\/\/klaudynahebda.pl\/sklep\/#\/schema\/logo\/image\/"}}]}},"_links":{"self":[{"href":"https:\/\/klaudynahebda.pl\/sklep\/wp-json\/wp\/v2\/product\/87798"}],"collection":[{"href":"https:\/\/klaudynahebda.pl\/sklep\/wp-json\/wp\/v2\/product"}],"about":[{"href":"https:\/\/klaudynahebda.pl\/sklep\/wp-json\/wp\/v2\/types\/product"}],"replies":[{"embeddable":true,"href":"https:\/\/klaudynahebda.pl\/sklep\/wp-json\/wp\/v2\/comments?post=87798"}],"wp:featuredmedia":[{"embeddable":true,"href":"https:\/\/klaudynahebda.pl\/sklep\/wp-json\/wp\/v2\/media\/3227409"}],"wp:attachment":[{"href":"https:\/\/klaudynahebda.pl\/sklep\/wp-json\/wp\/v2\/media?parent=87798"}],"wp:term":[{"taxonomy":"product_cat","embeddable":true,"href":"https:\/\/klaudynahebda.pl\/sklep\/wp-json\/wp\/v2\/product_cat?post=87798"},{"taxonomy":"product_tag","embeddable":true,"href":"https:\/\/klaudynahebda.pl\/sklep\/wp-json\/wp\/v2\/product_tag?post=87798"}],"curies":[{"name":"wp","href":"https:\/\/api.w.org\/{rel}","templated":true}]}}