{"id":87794,"date":"2020-05-07T14:38:49","date_gmt":"2020-05-07T12:38:49","guid":{"rendered":"https:\/\/klaudynahebda.pl\/sklep\/?post_type=product&#038;p=87794"},"modified":"2026-04-28T07:19:32","modified_gmt":"2026-04-28T05:19:32","slug":"olejek-pomarancza-czerwona","status":"publish","type":"product","link":"https:\/\/klaudynahebda.pl\/sklep\/olejek-pomarancza-czerwona\/","title":{"rendered":"Olejek z czerwonej pomara\u0144czy"},"content":{"rendered":"<p><span style=\"font-weight: 400;\">Sw\u00f3j krwisty kolor owoce czerwonej pomara\u0144czy zawdzi\u0119czaj\u0105 tzw. antocyjanom, kt\u00f3re pod wp\u0142ywem gor\u0105cych dni, lecz r\u00f3wnocze\u015bnie ch\u0142odnych nocy staj\u0105 si\u0119 pi\u0119knym, naturalnym barwnikiem. Z olejkiem z klasycznej pomara\u0144czy \u0142\u0105czy je w ponad 90% identyczny sk\u0142ad.<\/span><\/p>\n<h2><b>Olejek z czerwonej pomara\u0144czy w perfumerii<\/b><\/h2>\n<p><span style=\"font-weight: 400;\">Co ciekawe, to jeden z najbardziej lubianych zapach\u00f3w Mandy Aftel, kt\u00f3ra po\u015bwi\u0119ci\u0142a \u017cycie tworzeniu naturalnych perfum. Czerwona pomara\u0144cza jest g\u0142\u00f3wn\u0105 nut\u0105 m.in. w jej perfumach Cacao Aftelier, w kt\u00f3rych po\u0142\u0105czy\u0142a soczysty aromat cytrus\u00f3w ze s\u0142odkim ja\u015bminem oraz ciep\u0142ymi ziarnami kakaowca.\u00a0<\/span><\/p>\n<h2><b>Pomara\u0144cza czerwona czy klasyczna?<\/b><\/h2>\n<p><span style=\"font-weight: 400;\">Ze wzgl\u0119du na bardzo podobny sk\u0142ad chemiczny najwi\u0119ksza r\u00f3\u017cnica mi\u0119dzy tymi dwoma olejkami tkwi w zapachu. Czerwona pomara\u0144cza pachnie mocniej, bardziej soczy\u015bcie i ko\u0144czy si\u0119 gorzk\u0105 nut\u0105. <a href=\"https:\/\/klaudynahebda.pl\/sklep\/olejek-pomaranczowy\/\" target=\"_blank\" rel=\"noopener\">Klasyczna pomara\u0144cza<\/a> jest od pocz\u0105tku do ko\u0144ca s\u0142odka, wi\u0119c zw\u0142aszcza m\u0142odszym dzieciom mo\u017ce (ale nie musi) bardziej przypa\u015b\u0107 do gustu. Obydwa olejki nie s\u0105 fototoksyczne. Jak wszystkie cytrusy, najlepiej trzyma\u0107 je w ch\u0142odnym miejscu (np. w lod\u00f3wce).\u00a0<\/span><\/p>\n<h2><b>Olejek z czerwonej pomara\u0144czy: zastosowanie<\/b><\/h2>\n<ul>\n<li style=\"font-weight: 400;\">zapach mo\u017ce dzia\u0142a\u0107 <span style=\"font-weight: 400;\">wyciszaj\u0105co, uspokajaj\u0105co<\/span><\/li>\n<li style=\"font-weight: 400;\"><span style=\"font-weight: 400;\">aromat rozpylany w pomieszczeniu mo\u017ce dawa\u0107 poczucie bezpiecze\u0144stwa (klasyczna pomara\u0144cza jest niekiedy dyfuzowana w domach opieki dla os\u00f3b starszych i samotnych)<\/span><\/li>\n<li style=\"font-weight: 400;\"><span style=\"font-weight: 400;\">mo\u017ce sprawi\u0107, \u017ce si\u0119 u\u015bmiechniesz nawet w trudnym dla Ciebie czasie<\/span><\/li>\n<\/ul>\n<p>&nbsp;<\/p>\n<p>\ud83d\udc49 Sprawd\u017a te\u017c nasz <a href=\"https:\/\/klaudynahebda.pl\/sklep\/dyfuzor-do-aromaterapii\/\">elegancki dyfuzor do aromaterapii<\/a> oraz inne <a href=\"https:\/\/klaudynahebda.pl\/sklep\/olejki-eteryczne\/\" target=\"_blank\" rel=\"noopener\">naturalne olejki eteryczne<\/a>.<\/p>\n","protected":false},"excerpt":{"rendered":"<h2><span style=\"font-weight: 400;\">Olejek z czerwonej pomara\u0144czy: zapach, kt\u00f3ry wr\u0119cz ocieka sokiem.\u00a0<\/span><\/h2>\n<p><b>Olejek z czerwonej pomara\u0144czy naturalnie odpr\u0119\u017cy Ci\u0119 po ci\u0119\u017ckim dniu, stworzy poczucie bezpiecze\u0144stwa. To prawdziwy czarodziej u\u015bmiechu!\u00a0<\/b><\/p>\n<p><span style=\"font-weight: 400;\">Niewiarygodnie soczysty i \u015bwie\u017cy, ze s\u0142odko &#8211; gorzk\u0105 nut\u0105. Pokochasz ten aromat domowej lemoniady, wykwintnego Aperolu oraz gor\u0105cych wakacji w jednym.\u00a0<\/span><\/p>\n<h3><b>Odkryj czerwon\u0105 pomara\u0144cz\u0119 jako:<\/b><\/h3>\n<ul>\n<li style=\"font-weight: 400;\"><span style=\"font-weight: 400;\">uszcz\u0119\u015bliwiaj\u0105cy olejek do dyfuzji<\/span><\/li>\n<li style=\"font-weight: 400;\"><span style=\"font-weight: 400;\">relaksuj\u0105cy dodatek do k\u0105pieli oraz balsam\u00f3w do cia\u0142a<\/span><\/li>\n<li style=\"font-weight: 400;\"><span style=\"font-weight: 400;\">orze\u017awiaj\u0105c\u0105 baz\u0119 do naturalnych perfum\u00a0<\/span><\/li>\n<\/ul>\n<p><b>Wybierz zapach rado\u015bci!<\/b><\/p>\n<p><strong>Nowa, od\u015bwie\u017cona etykieta w pojemno\u015bci 5 ml<\/strong><br \/>\nTo wci\u0105\u017c ten sam, uwielbiany przez Was olejek \u2013 zmieni\u0142 si\u0119 tylko jego wygl\u0105d.<\/p>\n","protected":false},"featured_media":116771,"comment_status":"open","ping_status":"closed","template":"","meta":[],"product_cat":[130,126,36,38,90,39,118],"product_tag":[],"acf":[],"yoast_head":"<!-- This site is optimized with the Yoast SEO plugin v19.6.1 - https:\/\/yoast.com\/wordpress\/plugins\/seo\/ -->\n<title>Olejek z czerwonej pomara\u0144czy - Klaudyna Hebda Nature<\/title>\n<meta name=\"description\" content=\"Kochasz cytrusy? W takim razie pokochasz olejek z czerwonej pomara\u0144czy tak jak my. Cudny, naturalny olejek! Pachnie jak pomara\u0144cza i lemoniada r\u00f3wnocze\u015bnie.\" \/>\n<meta name=\"robots\" content=\"index, follow, max-snippet:-1, max-image-preview:large, max-video-preview:-1\" \/>\n<link rel=\"canonical\" href=\"https:\/\/klaudynahebda.pl\/sklep\/olejek-pomarancza-czerwona\/\" \/>\n<meta property=\"og:locale\" content=\"pl_PL\" \/>\n<meta property=\"og:type\" content=\"article\" \/>\n<meta property=\"og:title\" content=\"Olejek z czerwonej pomara\u0144czy - Klaudyna Hebda Nature\" \/>\n<meta property=\"og:description\" content=\"Kochasz cytrusy? W takim razie pokochasz olejek z czerwonej pomara\u0144czy tak jak my. Cudny, naturalny olejek! Pachnie jak pomara\u0144cza i lemoniada r\u00f3wnocze\u015bnie.\" \/>\n<meta property=\"og:url\" content=\"https:\/\/klaudynahebda.pl\/sklep\/olejek-pomarancza-czerwona\/\" \/>\n<meta property=\"og:site_name\" content=\"Klaudyna Hebda Nature\" \/>\n<meta property=\"article:modified_time\" content=\"2026-04-28T05:19:32+00:00\" \/>\n<meta property=\"og:image\" content=\"https:\/\/klaudynahebda.pl\/sklep\/wp-content\/uploads\/2020\/11\/Olejek-pomarancza-czerwona-sklep-Klaudyna-Hebda-01.png\" \/>\n\t<meta property=\"og:image:width\" content=\"1200\" \/>\n\t<meta property=\"og:image:height\" content=\"1800\" \/>\n\t<meta property=\"og:image:type\" content=\"image\/png\" \/>\n<meta name=\"twitter:card\" content=\"summary_large_image\" \/>\n<meta name=\"twitter:label1\" content=\"Szacowany czas czytania\" \/>\n\t<meta name=\"twitter:data1\" content=\"2 minuty\" \/>\n<script type=\"application\/ld+json\" class=\"yoast-schema-graph\">{\"@context\":\"https:\/\/schema.org\",\"@graph\":[{\"@type\":\"WebPage\",\"@id\":\"https:\/\/klaudynahebda.pl\/sklep\/olejek-pomarancza-czerwona\/\",\"url\":\"https:\/\/klaudynahebda.pl\/sklep\/olejek-pomarancza-czerwona\/\",\"name\":\"Olejek z czerwonej pomara\u0144czy - Klaudyna Hebda Nature\",\"isPartOf\":{\"@id\":\"https:\/\/klaudynahebda.pl\/sklep\/#website\"},\"datePublished\":\"2020-05-07T12:38:49+00:00\",\"dateModified\":\"2026-04-28T05:19:32+00:00\",\"description\":\"Kochasz cytrusy? W takim razie pokochasz olejek z czerwonej pomara\u0144czy tak jak my. Cudny, naturalny olejek! Pachnie jak pomara\u0144cza i lemoniada r\u00f3wnocze\u015bnie.\",\"breadcrumb\":{\"@id\":\"https:\/\/klaudynahebda.pl\/sklep\/olejek-pomarancza-czerwona\/#breadcrumb\"},\"inLanguage\":\"pl-PL\",\"potentialAction\":[{\"@type\":\"ReadAction\",\"target\":[\"https:\/\/klaudynahebda.pl\/sklep\/olejek-pomarancza-czerwona\/\"]}]},{\"@type\":\"BreadcrumbList\",\"@id\":\"https:\/\/klaudynahebda.pl\/sklep\/olejek-pomarancza-czerwona\/#breadcrumb\",\"itemListElement\":[{\"@type\":\"ListItem\",\"position\":1,\"name\":\"Strona g\u0142\u00f3wna\",\"item\":\"https:\/\/klaudynahebda.pl\/sklep\/\"},{\"@type\":\"ListItem\",\"position\":2,\"name\":\"Sklep\",\"item\":\"https:\/\/klaudynahebda.pl\/sklep\/sklep\/\"},{\"@type\":\"ListItem\",\"position\":3,\"name\":\"Olejki eteryczne\",\"item\":\"https:\/\/klaudynahebda.pl\/sklep\/olejki-eteryczne\/\"},{\"@type\":\"ListItem\",\"position\":4,\"name\":\"Olejek z czerwonej pomara\u0144czy\"}]},{\"@type\":\"WebSite\",\"@id\":\"https:\/\/klaudynahebda.pl\/sklep\/#website\",\"url\":\"https:\/\/klaudynahebda.pl\/sklep\/\",\"name\":\"Klaudyna Hebda Nature\",\"description\":\"Sklep\",\"publisher\":{\"@id\":\"https:\/\/klaudynahebda.pl\/sklep\/#organization\"},\"potentialAction\":[{\"@type\":\"SearchAction\",\"target\":{\"@type\":\"EntryPoint\",\"urlTemplate\":\"https:\/\/klaudynahebda.pl\/sklep\/?s={search_term_string}\"},\"query-input\":\"required name=search_term_string\"}],\"inLanguage\":\"pl-PL\"},{\"@type\":\"Organization\",\"@id\":\"https:\/\/klaudynahebda.pl\/sklep\/#organization\",\"name\":\"KlaudynaHebda\",\"url\":\"https:\/\/klaudynahebda.pl\/sklep\/\",\"sameAs\":[],\"logo\":{\"@type\":\"ImageObject\",\"inLanguage\":\"pl-PL\",\"@id\":\"https:\/\/klaudynahebda.pl\/sklep\/#\/schema\/logo\/image\/\",\"url\":\"\",\"contentUrl\":\"\",\"caption\":\"KlaudynaHebda\"},\"image\":{\"@id\":\"https:\/\/klaudynahebda.pl\/sklep\/#\/schema\/logo\/image\/\"}}]}<\/script>\n<!-- \/ Yoast SEO plugin. -->","yoast_head_json":{"title":"Olejek z czerwonej pomara\u0144czy - Klaudyna Hebda Nature","description":"Kochasz cytrusy? W takim razie pokochasz olejek z czerwonej pomara\u0144czy tak jak my. Cudny, naturalny olejek! Pachnie jak pomara\u0144cza i lemoniada r\u00f3wnocze\u015bnie.","robots":{"index":"index","follow":"follow","max-snippet":"max-snippet:-1","max-image-preview":"max-image-preview:large","max-video-preview":"max-video-preview:-1"},"canonical":"https:\/\/klaudynahebda.pl\/sklep\/olejek-pomarancza-czerwona\/","og_locale":"pl_PL","og_type":"article","og_title":"Olejek z czerwonej pomara\u0144czy - Klaudyna Hebda Nature","og_description":"Kochasz cytrusy? W takim razie pokochasz olejek z czerwonej pomara\u0144czy tak jak my. Cudny, naturalny olejek! Pachnie jak pomara\u0144cza i lemoniada r\u00f3wnocze\u015bnie.","og_url":"https:\/\/klaudynahebda.pl\/sklep\/olejek-pomarancza-czerwona\/","og_site_name":"Klaudyna Hebda Nature","article_modified_time":"2026-04-28T05:19:32+00:00","og_image":[{"width":1200,"height":1800,"url":"https:\/\/klaudynahebda.pl\/sklep\/wp-content\/uploads\/2020\/11\/Olejek-pomarancza-czerwona-sklep-Klaudyna-Hebda-01.png","type":"image\/png"}],"twitter_card":"summary_large_image","twitter_misc":{"Szacowany czas czytania":"2 minuty"},"schema":{"@context":"https:\/\/schema.org","@graph":[{"@type":"WebPage","@id":"https:\/\/klaudynahebda.pl\/sklep\/olejek-pomarancza-czerwona\/","url":"https:\/\/klaudynahebda.pl\/sklep\/olejek-pomarancza-czerwona\/","name":"Olejek z czerwonej pomara\u0144czy - Klaudyna Hebda Nature","isPartOf":{"@id":"https:\/\/klaudynahebda.pl\/sklep\/#website"},"datePublished":"2020-05-07T12:38:49+00:00","dateModified":"2026-04-28T05:19:32+00:00","description":"Kochasz cytrusy? W takim razie pokochasz olejek z czerwonej pomara\u0144czy tak jak my. Cudny, naturalny olejek! Pachnie jak pomara\u0144cza i lemoniada r\u00f3wnocze\u015bnie.","breadcrumb":{"@id":"https:\/\/klaudynahebda.pl\/sklep\/olejek-pomarancza-czerwona\/#breadcrumb"},"inLanguage":"pl-PL","potentialAction":[{"@type":"ReadAction","target":["https:\/\/klaudynahebda.pl\/sklep\/olejek-pomarancza-czerwona\/"]}]},{"@type":"BreadcrumbList","@id":"https:\/\/klaudynahebda.pl\/sklep\/olejek-pomarancza-czerwona\/#breadcrumb","itemListElement":[{"@type":"ListItem","position":1,"name":"Strona g\u0142\u00f3wna","item":"https:\/\/klaudynahebda.pl\/sklep\/"},{"@type":"ListItem","position":2,"name":"Sklep","item":"https:\/\/klaudynahebda.pl\/sklep\/sklep\/"},{"@type":"ListItem","position":3,"name":"Olejki eteryczne","item":"https:\/\/klaudynahebda.pl\/sklep\/olejki-eteryczne\/"},{"@type":"ListItem","position":4,"name":"Olejek z czerwonej pomara\u0144czy"}]},{"@type":"WebSite","@id":"https:\/\/klaudynahebda.pl\/sklep\/#website","url":"https:\/\/klaudynahebda.pl\/sklep\/","name":"Klaudyna Hebda Nature","description":"Sklep","publisher":{"@id":"https:\/\/klaudynahebda.pl\/sklep\/#organization"},"potentialAction":[{"@type":"SearchAction","target":{"@type":"EntryPoint","urlTemplate":"https:\/\/klaudynahebda.pl\/sklep\/?s={search_term_string}"},"query-input":"required name=search_term_string"}],"inLanguage":"pl-PL"},{"@type":"Organization","@id":"https:\/\/klaudynahebda.pl\/sklep\/#organization","name":"KlaudynaHebda","url":"https:\/\/klaudynahebda.pl\/sklep\/","sameAs":[],"logo":{"@type":"ImageObject","inLanguage":"pl-PL","@id":"https:\/\/klaudynahebda.pl\/sklep\/#\/schema\/logo\/image\/","url":"","contentUrl":"","caption":"KlaudynaHebda"},"image":{"@id":"https:\/\/klaudynahebda.pl\/sklep\/#\/schema\/logo\/image\/"}}]}},"_links":{"self":[{"href":"https:\/\/klaudynahebda.pl\/sklep\/wp-json\/wp\/v2\/product\/87794"}],"collection":[{"href":"https:\/\/klaudynahebda.pl\/sklep\/wp-json\/wp\/v2\/product"}],"about":[{"href":"https:\/\/klaudynahebda.pl\/sklep\/wp-json\/wp\/v2\/types\/product"}],"replies":[{"embeddable":true,"href":"https:\/\/klaudynahebda.pl\/sklep\/wp-json\/wp\/v2\/comments?post=87794"}],"wp:featuredmedia":[{"embeddable":true,"href":"https:\/\/klaudynahebda.pl\/sklep\/wp-json\/wp\/v2\/media\/116771"}],"wp:attachment":[{"href":"https:\/\/klaudynahebda.pl\/sklep\/wp-json\/wp\/v2\/media?parent=87794"}],"wp:term":[{"taxonomy":"product_cat","embeddable":true,"href":"https:\/\/klaudynahebda.pl\/sklep\/wp-json\/wp\/v2\/product_cat?post=87794"},{"taxonomy":"product_tag","embeddable":true,"href":"https:\/\/klaudynahebda.pl\/sklep\/wp-json\/wp\/v2\/product_tag?post=87794"}],"curies":[{"name":"wp","href":"https:\/\/api.w.org\/{rel}","templated":true}]}}