{"id":87729,"date":"2020-05-07T11:40:03","date_gmt":"2020-05-07T09:40:03","guid":{"rendered":"https:\/\/klaudynahebda.pl\/sklep\/?post_type=product&#038;p=87729"},"modified":"2026-04-18T23:35:24","modified_gmt":"2026-04-18T21:35:24","slug":"olejek-z-miety-pieprzowej","status":"publish","type":"product","link":"https:\/\/klaudynahebda.pl\/sklep\/olejek-z-miety-pieprzowej\/","title":{"rendered":"Olejek z mi\u0119ty pieprzowej"},"content":{"rendered":"<p><span style=\"color: #000000;\">Wyobra\u017a sobie z<\/span><span style=\"color: #000000;\">apach olejku z mi\u0119ty pieprzowej przypomina ch\u0142odny poranek w g\u00f3rach \u2013 \u015bwie\u017cy, energetyzuj\u0105cy i lekko zio\u0142owy. To aromat, kt\u00f3ry przynosi ulg\u0119 w upalne dni, od\u015bwie\u017ca umys\u0142 i pomaga odnale\u017a\u0107 chwil\u0119 r\u00f3wnowagi w codziennym chaosie.\u00a0<\/span><\/p>\n<h2><b><span data-contrast=\"auto\">Dlaczego warto wybra\u0107 olejek z mi\u0119ty pieprzowej?<\/span><\/b><span data-ccp-props=\"{&quot;134233117&quot;:false,&quot;134233118&quot;:false,&quot;335559738&quot;:240,&quot;335559739&quot;:240}\">\u00a0<\/span><\/h2>\n<ul>\n<li data-leveltext=\"\uf0b7\" data-font=\"Symbol\" data-listid=\"5\" data-list-defn-props=\"{&quot;335552541&quot;:1,&quot;335559685&quot;:720,&quot;335559991&quot;:360,&quot;469769226&quot;:&quot;Symbol&quot;,&quot;469769242&quot;:[8226],&quot;469777803&quot;:&quot;left&quot;,&quot;469777804&quot;:&quot;\uf0b7&quot;,&quot;469777815&quot;:&quot;hybridMultilevel&quot;}\" data-aria-posinset=\"1\" data-aria-level=\"1\"><span data-contrast=\"auto\">Aromat mi\u0119ty od\u015bwie\u017ca przestrze\u0144, dodaje energii i orze\u017awia cia\u0142o oraz umys\u0142.<\/span><span data-ccp-props=\"{&quot;134233117&quot;:false,&quot;134233118&quot;:false,&quot;335559738&quot;:0,&quot;335559739&quot;:0}\">\u00a0<\/span><\/li>\n<li data-leveltext=\"\uf0b7\" data-font=\"Symbol\" data-listid=\"5\" data-list-defn-props=\"{&quot;335552541&quot;:1,&quot;335559685&quot;:720,&quot;335559991&quot;:360,&quot;469769226&quot;:&quot;Symbol&quot;,&quot;469769242&quot;:[8226],&quot;469777803&quot;:&quot;left&quot;,&quot;469777804&quot;:&quot;\uf0b7&quot;,&quot;469777815&quot;:&quot;hybridMultilevel&quot;}\" data-aria-posinset=\"1\" data-aria-level=\"1\"><span data-contrast=\"auto\">Idealny do dyfuzora, masa\u017cu, inhalacji czy relaksuj\u0105cej k\u0105pieli \u2013 wszechstronny w zastosowaniu.<\/span><span data-ccp-props=\"{&quot;134233117&quot;:false,&quot;134233118&quot;:false,&quot;335559738&quot;:0,&quot;335559739&quot;:0}\">\u00a0<\/span><\/li>\n<li data-leveltext=\"\uf0b7\" data-font=\"Symbol\" data-listid=\"5\" data-list-defn-props=\"{&quot;335552541&quot;:1,&quot;335559685&quot;:720,&quot;335559991&quot;:360,&quot;469769226&quot;:&quot;Symbol&quot;,&quot;469769242&quot;:[8226],&quot;469777803&quot;:&quot;left&quot;,&quot;469777804&quot;:&quot;\uf0b7&quot;,&quot;469777815&quot;:&quot;hybridMultilevel&quot;}\" data-aria-posinset=\"1\" data-aria-level=\"1\"><span data-contrast=\"auto\">Zapach, kt\u00f3ry nie tylko od\u015bwie\u017ca, ale tak\u017ce przynosi ulg\u0119 w gor\u0105ce dni.<\/span><span data-ccp-props=\"{&quot;134233117&quot;:false,&quot;134233118&quot;:false,&quot;335559738&quot;:0,&quot;335559739&quot;:0}\">\u00a0<\/span><\/li>\n<\/ul>\n<h2><span style=\"color: #000000;\"><b>Zastosowanie olejku mi\u0119towego<\/b><\/span><\/h2>\n<ul>\n<li data-leveltext=\"\uf0b7\" data-font=\"Symbol\" data-listid=\"6\" data-list-defn-props=\"{&quot;335552541&quot;:1,&quot;335559685&quot;:720,&quot;335559991&quot;:360,&quot;469769226&quot;:&quot;Symbol&quot;,&quot;469769242&quot;:[8226],&quot;469777803&quot;:&quot;left&quot;,&quot;469777804&quot;:&quot;\uf0b7&quot;,&quot;469777815&quot;:&quot;hybridMultilevel&quot;}\" data-aria-posinset=\"1\" data-aria-level=\"1\"><span style=\"color: #000000;\"><b>Do dyfuzora:<\/b> kilka kropli olejku w dyfuzorze wype\u0142ni pok\u00f3j zapachem, kt\u00f3ry o\u017cywi zmys\u0142y i stworzy rze\u015bk\u0105 atmosfer\u0119.\u00a0<\/span><\/li>\n<li data-leveltext=\"\uf0b7\" data-font=\"Symbol\" data-listid=\"6\" data-list-defn-props=\"{&quot;335552541&quot;:1,&quot;335559685&quot;:720,&quot;335559991&quot;:360,&quot;469769226&quot;:&quot;Symbol&quot;,&quot;469769242&quot;:[8226],&quot;469777803&quot;:&quot;left&quot;,&quot;469777804&quot;:&quot;\uf0b7&quot;,&quot;469777815&quot;:&quot;hybridMultilevel&quot;}\" data-aria-posinset=\"1\" data-aria-level=\"1\"><span style=\"color: #000000;\"><b>Relaksuj\u0105ca k\u0105piel:<\/b> dodaj 5 kropli olejku do bezwonnego p\u0142ynu do k\u0105pieli i wlej ca\u0142o\u015b\u0107 do wanny \u2013 mentolowy aromat zapewni przyjemne uczucie ch\u0142odu i od\u015bwie\u017cenia.\u00a0<\/span><\/li>\n<li data-leveltext=\"\uf0b7\" data-font=\"Symbol\" data-listid=\"6\" data-list-defn-props=\"{&quot;335552541&quot;:1,&quot;335559685&quot;:720,&quot;335559991&quot;:360,&quot;469769226&quot;:&quot;Symbol&quot;,&quot;469769242&quot;:[8226],&quot;469777803&quot;:&quot;left&quot;,&quot;469777804&quot;:&quot;\uf0b7&quot;,&quot;469777815&quot;:&quot;hybridMultilevel&quot;}\" data-aria-posinset=\"1\" data-aria-level=\"1\"><span style=\"color: #000000;\"><b>Masa\u017c:<\/b> wymieszaj olejek z olejem bazowym (np. migda\u0142owym) i wmasuj w skronie lub w wybrane partie cia\u0142a, by odpr\u0119\u017cy\u0107 si\u0119 po d\u0142ugim dniu.\u00a0<\/span><\/li>\n<li data-leveltext=\"\uf0b7\" data-font=\"Symbol\" data-listid=\"6\" data-list-defn-props=\"{&quot;335552541&quot;:1,&quot;335559685&quot;:720,&quot;335559991&quot;:360,&quot;469769226&quot;:&quot;Symbol&quot;,&quot;469769242&quot;:[8226],&quot;469777803&quot;:&quot;left&quot;,&quot;469777804&quot;:&quot;\uf0b7&quot;,&quot;469777815&quot;:&quot;hybridMultilevel&quot;}\" data-aria-posinset=\"1\" data-aria-level=\"1\"><span style=\"color: #000000;\"><b>Domowy peeling:<\/b> po\u0142\u0105cz olejek z sol\u0105 morsk\u0105 i olejem bazowym, by stworzy\u0107 naturalny kosmetyk, kt\u00f3ry oczy\u015bci sk\u00f3r\u0119 i otuli j\u0105 mi\u0119towym aromatem.\u00a0<\/span><\/li>\n<\/ul>\n<h3><span style=\"color: #000000;\"><b>Jako\u015b\u0107 olejku, kt\u00f3rej mo\u017cesz zaufa\u0107<\/b>\u00a0<\/span><\/h3>\n<p><span style=\"color: #000000;\">Nasz olejek pochodzi z niewielkiej destylarni w Indiach, gdzie dba si\u0119 o najwy\u017csz\u0105 jako\u015b\u0107 i naturalno\u015b\u0107 produktu. W 100% czysty, bez dodatk\u00f3w i syntetycznych wype\u0142niaczy, zachwyca autentycznym zapachem i skuteczno\u015bci\u0105.\u00a0<\/span><\/p>\n<h3><span style=\"color: #000000;\"><b>Zapro\u015b \u015bwie\u017co\u015b\u0107 do swojego \u017cycia<\/b>\u00a0<\/span><\/h3>\n<p><span style=\"color: #000000;\">Olejek z mi\u0119ty pieprzowej to niezast\u0105piony towarzysz w chwilach, gdy potrzebujesz od\u015bwie\u017cenia i energii. Wszechstronny, naturalny i pe\u0142en mo\u017cliwo\u015bci \u2013 gotowy, by towarzyszy\u0107 Ci na co dzie\u0144. \ud83c\udf3f\u00a0<\/span><\/p>\n<p><span style=\"color: #000000;\">Olejek z mi\u0119ty pieprzowej znajdziesz tak\u017ce w <span style=\"color: #006f4f;\"><strong><a style=\"color: #006f4f;\" href=\"https:\/\/klaudynahebda.pl\/sklep\/czysty-dom\/\">zestawie &#8220;Czysty Dom&#8221;<\/a><\/strong><\/span>.<strong> Sprawd\u017a, jak sprz\u0105ta\u0107 swoj\u0105 przestrze\u0144 w zgodzie z natur\u0105.<\/strong><\/span><\/p>\n<p><span style=\"color: #000000;\" data-ccp-props=\"{}\"> <strong>Nowa, od\u015bwie\u017cona etykieta\u00a0<\/strong><br \/>\nTo wci\u0105\u017c ten sam, uwielbiany przez Was olejek \u2013 zmieni\u0142 si\u0119 tylko jego wygl\u0105d.<\/span><\/p>\n<p>&nbsp;<\/p>\n<h2>Gdzie znajdziesz olejek mi\u0119towy?<\/h2>\n<p>Klaudyna doda\u0142a olejek mi\u0119towy do swoich aromaterapeutycznych receptur, takich jak:<\/p>\n<ul>\n<li><a href=\"https:\/\/klaudynahebda.pl\/sklep\/roll-on-ulga-dla-glowy\/\">roll-on Ulga dla g\u0142owy,<\/a><\/li>\n<li><a href=\"https:\/\/klaudynahebda.pl\/sklep\/sol-liptus\/\">s\u00f3l do k\u0105pieli Liptus<\/a>,<\/li>\n<li><a href=\"https:\/\/klaudynahebda.pl\/sklep\/zatoki-i\/\">olejek do aromaterapii Liptus<\/a>,<\/li>\n<li><a href=\"https:\/\/klaudynahebda.pl\/sklep\/roll-on-liptus\/\">roll-on z olejkami eterycznymi Liptus,<\/a><\/li>\n<\/ul>\n<p>&nbsp;<\/p>\n<p>\ud83d\udc49 Sprawd\u017a te\u017c<a href=\"https:\/\/klaudynahebda.pl\/sklep\/dyfuzor-do-aromaterapii\/\"> dyfuzor do olejk\u00f3w eterycznych<\/a> a tak\u017ce nasze pozosta\u0142e mieszanki i <a href=\"https:\/\/klaudynahebda.pl\/sklep\/olejki-eteryczne\/\">olejki do aromaterapii<\/a>.<\/p>\n","protected":false},"excerpt":{"rendered":"<h2><b><span data-contrast=\"none\">Olejek mi\u0119towy to: <\/span><\/b><\/h2>\n<ul>\n<li><b><span data-contrast=\"none\">orze\u017awienie w jednej kropli<\/span><\/b>, kiedy czujesz, \u017ce po<span data-contrast=\"auto\">trzebujesz od\u015bwie\u017cenia;<\/span><\/li>\n<li><span data-contrast=\"auto\">naturalny spos\u00f3b na dodanie sobie energii i poczucie przyjemnego<strong> powiewu \u015bwie\u017co\u015bci;<\/strong><\/span><\/li>\n<li><span data-contrast=\"auto\">intensywny, mentolowy zapach, kt\u00f3ry <strong>orze\u017awia zmys\u0142y,<\/strong> wprowadza harmoni\u0119 i przywraca gotowo\u015b\u0107 do dzia\u0142ania \u2013 idealny na chwile, gdy potrzebujesz z\u0142apa\u0107 oddech i mie\u0107 czas dla siebie;<\/span><\/li>\n<li>zapach, kt\u00f3ry orze\u017awia i daje energi\u0119\u2026 nawet w poniedzia\u0142ek;<span style=\"color: #555555;\" data-ccp-props=\"{}\">\u00a0<\/span><span style=\"color: #555555;\" data-ccp-props=\"{}\">\u00a0<\/span><\/li>\n<li>Twoje naturalne pobudzenie bez kropli kawy.<span style=\"color: #555555;\" data-ccp-props=\"{}\">\u00a0<\/span><\/li>\n<\/ul>\n<p><strong>Nowa, od\u015bwie\u017cona etykieta\u00a0<\/strong><br \/>\nTo wci\u0105\u017c ten sam, uwielbiany przez Was olejek \u2013 zmieni\u0142 si\u0119 tylko jego wygl\u0105d.<\/p>\n","protected":false},"featured_media":3323602,"comment_status":"open","ping_status":"closed","template":"","meta":[],"product_cat":[214,213,36,111,187,190],"product_tag":[],"acf":[],"yoast_head":"<!-- This site is optimized with the Yoast SEO plugin v19.6.1 - https:\/\/yoast.com\/wordpress\/plugins\/seo\/ -->\n<title>Olejek z mi\u0119ty pieprzowej - Klaudyna Hebda Nature<\/title>\n<meta name=\"description\" content=\"Olejek z mi\u0119ty pieprzowej: naturalny spos\u00f3b na dodanie sobie energii i poczucie przyjemnego powiewu \u015bwie\u017co\u015bci. Ten zapach orze\u017awia zmys\u0142y. SPRAWD\u0179!\" \/>\n<meta name=\"robots\" content=\"index, follow, max-snippet:-1, max-image-preview:large, max-video-preview:-1\" \/>\n<link rel=\"canonical\" href=\"https:\/\/klaudynahebda.pl\/sklep\/olejek-z-miety-pieprzowej\/\" \/>\n<meta property=\"og:locale\" content=\"pl_PL\" \/>\n<meta property=\"og:type\" content=\"article\" \/>\n<meta property=\"og:title\" content=\"Olejek z mi\u0119ty pieprzowej - Klaudyna Hebda Nature\" \/>\n<meta property=\"og:description\" content=\"Olejek z mi\u0119ty pieprzowej: naturalny spos\u00f3b na dodanie sobie energii i poczucie przyjemnego powiewu \u015bwie\u017co\u015bci. Ten zapach orze\u017awia zmys\u0142y. SPRAWD\u0179!\" \/>\n<meta property=\"og:url\" content=\"https:\/\/klaudynahebda.pl\/sklep\/olejek-z-miety-pieprzowej\/\" \/>\n<meta property=\"og:site_name\" content=\"Klaudyna Hebda Nature\" \/>\n<meta property=\"article:modified_time\" content=\"2026-04-18T21:35:24+00:00\" \/>\n<meta property=\"og:image\" content=\"https:\/\/klaudynahebda.pl\/sklep\/wp-content\/uploads\/2019\/02\/olejek-eteryczny-mieta-pieprzowa-klaudyna-hebda-15-ml.png\" \/>\n\t<meta property=\"og:image:width\" content=\"844\" \/>\n\t<meta property=\"og:image:height\" content=\"1152\" \/>\n\t<meta property=\"og:image:type\" content=\"image\/png\" \/>\n<meta name=\"twitter:card\" content=\"summary_large_image\" \/>\n<meta name=\"twitter:label1\" content=\"Szacowany czas czytania\" \/>\n\t<meta name=\"twitter:data1\" content=\"2 minuty\" \/>\n<script type=\"application\/ld+json\" class=\"yoast-schema-graph\">{\"@context\":\"https:\/\/schema.org\",\"@graph\":[{\"@type\":\"WebPage\",\"@id\":\"https:\/\/klaudynahebda.pl\/sklep\/olejek-z-miety-pieprzowej\/\",\"url\":\"https:\/\/klaudynahebda.pl\/sklep\/olejek-z-miety-pieprzowej\/\",\"name\":\"Olejek z mi\u0119ty pieprzowej - Klaudyna Hebda Nature\",\"isPartOf\":{\"@id\":\"https:\/\/klaudynahebda.pl\/sklep\/#website\"},\"datePublished\":\"2020-05-07T09:40:03+00:00\",\"dateModified\":\"2026-04-18T21:35:24+00:00\",\"description\":\"Olejek z mi\u0119ty pieprzowej: naturalny spos\u00f3b na dodanie sobie energii i poczucie przyjemnego powiewu \u015bwie\u017co\u015bci. Ten zapach orze\u017awia zmys\u0142y. SPRAWD\u0179!\",\"breadcrumb\":{\"@id\":\"https:\/\/klaudynahebda.pl\/sklep\/olejek-z-miety-pieprzowej\/#breadcrumb\"},\"inLanguage\":\"pl-PL\",\"potentialAction\":[{\"@type\":\"ReadAction\",\"target\":[\"https:\/\/klaudynahebda.pl\/sklep\/olejek-z-miety-pieprzowej\/\"]}]},{\"@type\":\"BreadcrumbList\",\"@id\":\"https:\/\/klaudynahebda.pl\/sklep\/olejek-z-miety-pieprzowej\/#breadcrumb\",\"itemListElement\":[{\"@type\":\"ListItem\",\"position\":1,\"name\":\"Strona g\u0142\u00f3wna\",\"item\":\"https:\/\/klaudynahebda.pl\/sklep\/\"},{\"@type\":\"ListItem\",\"position\":2,\"name\":\"Sklep\",\"item\":\"https:\/\/klaudynahebda.pl\/sklep\/sklep\/\"},{\"@type\":\"ListItem\",\"position\":3,\"name\":\"Olejki eteryczne\",\"item\":\"https:\/\/klaudynahebda.pl\/sklep\/olejki-eteryczne\/\"},{\"@type\":\"ListItem\",\"position\":4,\"name\":\"Olejek z mi\u0119ty pieprzowej\"}]},{\"@type\":\"WebSite\",\"@id\":\"https:\/\/klaudynahebda.pl\/sklep\/#website\",\"url\":\"https:\/\/klaudynahebda.pl\/sklep\/\",\"name\":\"Klaudyna Hebda Nature\",\"description\":\"Sklep\",\"publisher\":{\"@id\":\"https:\/\/klaudynahebda.pl\/sklep\/#organization\"},\"potentialAction\":[{\"@type\":\"SearchAction\",\"target\":{\"@type\":\"EntryPoint\",\"urlTemplate\":\"https:\/\/klaudynahebda.pl\/sklep\/?s={search_term_string}\"},\"query-input\":\"required name=search_term_string\"}],\"inLanguage\":\"pl-PL\"},{\"@type\":\"Organization\",\"@id\":\"https:\/\/klaudynahebda.pl\/sklep\/#organization\",\"name\":\"KlaudynaHebda\",\"url\":\"https:\/\/klaudynahebda.pl\/sklep\/\",\"sameAs\":[],\"logo\":{\"@type\":\"ImageObject\",\"inLanguage\":\"pl-PL\",\"@id\":\"https:\/\/klaudynahebda.pl\/sklep\/#\/schema\/logo\/image\/\",\"url\":\"\",\"contentUrl\":\"\",\"caption\":\"KlaudynaHebda\"},\"image\":{\"@id\":\"https:\/\/klaudynahebda.pl\/sklep\/#\/schema\/logo\/image\/\"}}]}<\/script>\n<!-- \/ Yoast SEO plugin. -->","yoast_head_json":{"title":"Olejek z mi\u0119ty pieprzowej - Klaudyna Hebda Nature","description":"Olejek z mi\u0119ty pieprzowej: naturalny spos\u00f3b na dodanie sobie energii i poczucie przyjemnego powiewu \u015bwie\u017co\u015bci. Ten zapach orze\u017awia zmys\u0142y. SPRAWD\u0179!","robots":{"index":"index","follow":"follow","max-snippet":"max-snippet:-1","max-image-preview":"max-image-preview:large","max-video-preview":"max-video-preview:-1"},"canonical":"https:\/\/klaudynahebda.pl\/sklep\/olejek-z-miety-pieprzowej\/","og_locale":"pl_PL","og_type":"article","og_title":"Olejek z mi\u0119ty pieprzowej - Klaudyna Hebda Nature","og_description":"Olejek z mi\u0119ty pieprzowej: naturalny spos\u00f3b na dodanie sobie energii i poczucie przyjemnego powiewu \u015bwie\u017co\u015bci. Ten zapach orze\u017awia zmys\u0142y. SPRAWD\u0179!","og_url":"https:\/\/klaudynahebda.pl\/sklep\/olejek-z-miety-pieprzowej\/","og_site_name":"Klaudyna Hebda Nature","article_modified_time":"2026-04-18T21:35:24+00:00","og_image":[{"width":844,"height":1152,"url":"https:\/\/klaudynahebda.pl\/sklep\/wp-content\/uploads\/2019\/02\/olejek-eteryczny-mieta-pieprzowa-klaudyna-hebda-15-ml.png","type":"image\/png"}],"twitter_card":"summary_large_image","twitter_misc":{"Szacowany czas czytania":"2 minuty"},"schema":{"@context":"https:\/\/schema.org","@graph":[{"@type":"WebPage","@id":"https:\/\/klaudynahebda.pl\/sklep\/olejek-z-miety-pieprzowej\/","url":"https:\/\/klaudynahebda.pl\/sklep\/olejek-z-miety-pieprzowej\/","name":"Olejek z mi\u0119ty pieprzowej - Klaudyna Hebda Nature","isPartOf":{"@id":"https:\/\/klaudynahebda.pl\/sklep\/#website"},"datePublished":"2020-05-07T09:40:03+00:00","dateModified":"2026-04-18T21:35:24+00:00","description":"Olejek z mi\u0119ty pieprzowej: naturalny spos\u00f3b na dodanie sobie energii i poczucie przyjemnego powiewu \u015bwie\u017co\u015bci. Ten zapach orze\u017awia zmys\u0142y. SPRAWD\u0179!","breadcrumb":{"@id":"https:\/\/klaudynahebda.pl\/sklep\/olejek-z-miety-pieprzowej\/#breadcrumb"},"inLanguage":"pl-PL","potentialAction":[{"@type":"ReadAction","target":["https:\/\/klaudynahebda.pl\/sklep\/olejek-z-miety-pieprzowej\/"]}]},{"@type":"BreadcrumbList","@id":"https:\/\/klaudynahebda.pl\/sklep\/olejek-z-miety-pieprzowej\/#breadcrumb","itemListElement":[{"@type":"ListItem","position":1,"name":"Strona g\u0142\u00f3wna","item":"https:\/\/klaudynahebda.pl\/sklep\/"},{"@type":"ListItem","position":2,"name":"Sklep","item":"https:\/\/klaudynahebda.pl\/sklep\/sklep\/"},{"@type":"ListItem","position":3,"name":"Olejki eteryczne","item":"https:\/\/klaudynahebda.pl\/sklep\/olejki-eteryczne\/"},{"@type":"ListItem","position":4,"name":"Olejek z mi\u0119ty pieprzowej"}]},{"@type":"WebSite","@id":"https:\/\/klaudynahebda.pl\/sklep\/#website","url":"https:\/\/klaudynahebda.pl\/sklep\/","name":"Klaudyna Hebda Nature","description":"Sklep","publisher":{"@id":"https:\/\/klaudynahebda.pl\/sklep\/#organization"},"potentialAction":[{"@type":"SearchAction","target":{"@type":"EntryPoint","urlTemplate":"https:\/\/klaudynahebda.pl\/sklep\/?s={search_term_string}"},"query-input":"required name=search_term_string"}],"inLanguage":"pl-PL"},{"@type":"Organization","@id":"https:\/\/klaudynahebda.pl\/sklep\/#organization","name":"KlaudynaHebda","url":"https:\/\/klaudynahebda.pl\/sklep\/","sameAs":[],"logo":{"@type":"ImageObject","inLanguage":"pl-PL","@id":"https:\/\/klaudynahebda.pl\/sklep\/#\/schema\/logo\/image\/","url":"","contentUrl":"","caption":"KlaudynaHebda"},"image":{"@id":"https:\/\/klaudynahebda.pl\/sklep\/#\/schema\/logo\/image\/"}}]}},"_links":{"self":[{"href":"https:\/\/klaudynahebda.pl\/sklep\/wp-json\/wp\/v2\/product\/87729"}],"collection":[{"href":"https:\/\/klaudynahebda.pl\/sklep\/wp-json\/wp\/v2\/product"}],"about":[{"href":"https:\/\/klaudynahebda.pl\/sklep\/wp-json\/wp\/v2\/types\/product"}],"replies":[{"embeddable":true,"href":"https:\/\/klaudynahebda.pl\/sklep\/wp-json\/wp\/v2\/comments?post=87729"}],"wp:featuredmedia":[{"embeddable":true,"href":"https:\/\/klaudynahebda.pl\/sklep\/wp-json\/wp\/v2\/media\/3323602"}],"wp:attachment":[{"href":"https:\/\/klaudynahebda.pl\/sklep\/wp-json\/wp\/v2\/media?parent=87729"}],"wp:term":[{"taxonomy":"product_cat","embeddable":true,"href":"https:\/\/klaudynahebda.pl\/sklep\/wp-json\/wp\/v2\/product_cat?post=87729"},{"taxonomy":"product_tag","embeddable":true,"href":"https:\/\/klaudynahebda.pl\/sklep\/wp-json\/wp\/v2\/product_tag?post=87729"}],"curies":[{"name":"wp","href":"https:\/\/api.w.org\/{rel}","templated":true}]}}