{"id":8649,"date":"2017-12-18T15:53:25","date_gmt":"2017-12-18T14:53:25","guid":{"rendered":"http:\/\/klaudynahebda.pl\/sklep\/product\/olejek-mandarynka\/"},"modified":"2026-04-04T21:22:17","modified_gmt":"2026-04-04T19:22:17","slug":"olejek-mandarynka","status":"publish","type":"product","link":"https:\/\/klaudynahebda.pl\/sklep\/olejek-mandarynka\/","title":{"rendered":"Olejek z mandarynki"},"content":{"rendered":"<h2><b><span data-contrast=\"auto\">Dlaczego warto wybra\u0107 olejek z mandarynki?<\/span><\/b><span data-ccp-props=\"{&quot;134233117&quot;:false,&quot;134233118&quot;:false,&quot;335559738&quot;:240,&quot;335559739&quot;:240}\">\u00a0<\/span><\/h2>\n<ul>\n<li data-leveltext=\"\uf0b7\" data-font=\"Symbol\" data-listid=\"4\" data-list-defn-props=\"{&quot;335552541&quot;:1,&quot;335559685&quot;:720,&quot;335559991&quot;:360,&quot;469769226&quot;:&quot;Symbol&quot;,&quot;469769242&quot;:[8226],&quot;469777803&quot;:&quot;left&quot;,&quot;469777804&quot;:&quot;\uf0b7&quot;,&quot;469777815&quot;:&quot;hybridMultilevel&quot;}\" data-aria-posinset=\"1\" data-aria-level=\"1\"><span data-contrast=\"auto\">Aromat mandarynki wspiera wieczorne wyciszenie i pomaga stworzy\u0107 atmosfer\u0119 sprzyjaj\u0105c\u0105 spokojnym chwilom.<\/span><span data-ccp-props=\"{&quot;134233117&quot;:false,&quot;134233118&quot;:false,&quot;335559738&quot;:0,&quot;335559739&quot;:0}\">\u00a0<\/span><\/li>\n<li data-leveltext=\"\uf0b7\" data-font=\"Symbol\" data-listid=\"4\" data-list-defn-props=\"{&quot;335552541&quot;:1,&quot;335559685&quot;:720,&quot;335559991&quot;:360,&quot;469769226&quot;:&quot;Symbol&quot;,&quot;469769242&quot;:[8226],&quot;469777803&quot;:&quot;left&quot;,&quot;469777804&quot;:&quot;\uf0b7&quot;,&quot;469777815&quot;:&quot;hybridMultilevel&quot;}\" data-aria-posinset=\"1\" data-aria-level=\"1\"><span data-contrast=\"auto\">Idealny dla ca\u0142ej rodziny \u2013 delikatny i \u0142agodny, pokochaj\u0105 go zar\u00f3wno doro\u015bli, jak i dzieci.<\/span><span data-ccp-props=\"{&quot;134233117&quot;:false,&quot;134233118&quot;:false,&quot;335559738&quot;:0,&quot;335559739&quot;:0}\">\u00a0<\/span><\/li>\n<li data-leveltext=\"\uf0b7\" data-font=\"Symbol\" data-listid=\"4\" data-list-defn-props=\"{&quot;335552541&quot;:1,&quot;335559685&quot;:720,&quot;335559991&quot;:360,&quot;469769226&quot;:&quot;Symbol&quot;,&quot;469769242&quot;:[8226],&quot;469777803&quot;:&quot;left&quot;,&quot;469777804&quot;:&quot;\uf0b7&quot;,&quot;469777815&quot;:&quot;hybridMultilevel&quot;}\" data-aria-posinset=\"1\" data-aria-level=\"1\"><span data-contrast=\"auto\">Doskona\u0142y wyb\u00f3r, gdy chcesz wprowadzi\u0107 naturalny rytua\u0142 relaksacyjny do swojej codzienno\u015bci.<\/span><span data-ccp-props=\"{&quot;134233117&quot;:false,&quot;134233118&quot;:false,&quot;335559738&quot;:0,&quot;335559739&quot;:0}\">\u00a0<\/span><\/li>\n<\/ul>\n<h2><b><span data-contrast=\"auto\">Olejek z mandarynki &#8211; jak go stosowa\u0107?<\/span><\/b><\/h2>\n<ul>\n<li data-leveltext=\"\uf0b7\" data-font=\"Symbol\" data-listid=\"5\" data-list-defn-props=\"{&quot;335552541&quot;:1,&quot;335559685&quot;:720,&quot;335559991&quot;:360,&quot;469769226&quot;:&quot;Symbol&quot;,&quot;469769242&quot;:[8226],&quot;469777803&quot;:&quot;left&quot;,&quot;469777804&quot;:&quot;\uf0b7&quot;,&quot;469777815&quot;:&quot;hybridMultilevel&quot;}\" data-aria-posinset=\"1\" data-aria-level=\"1\"><b><span data-contrast=\"auto\">Aromaterapia:<\/span><\/b><span data-contrast=\"auto\"> dodaj kilka kropli do dyfuzora, aby zapach mandarynki wype\u0142ni\u0142 pomieszczenie \u015bwie\u017co\u015bci\u0105 i lekko\u015bci\u0105.<\/span><span data-ccp-props=\"{&quot;134233117&quot;:false,&quot;134233118&quot;:false,&quot;335559738&quot;:0,&quot;335559739&quot;:0}\">\u00a0<\/span><\/li>\n<li data-leveltext=\"\uf0b7\" data-font=\"Symbol\" data-listid=\"5\" data-list-defn-props=\"{&quot;335552541&quot;:1,&quot;335559685&quot;:720,&quot;335559991&quot;:360,&quot;469769226&quot;:&quot;Symbol&quot;,&quot;469769242&quot;:[8226],&quot;469777803&quot;:&quot;left&quot;,&quot;469777804&quot;:&quot;\uf0b7&quot;,&quot;469777815&quot;:&quot;hybridMultilevel&quot;}\" data-aria-posinset=\"1\" data-aria-level=\"1\"><b><span data-contrast=\"auto\">Relaksuj\u0105ca k\u0105piel:<\/span><\/b><span data-contrast=\"auto\"> rozpu\u015b\u0107 3-5 kropli w p\u0142ynie do k\u0105pieli i zanurz si\u0119 w wodzie, pozwalaj\u0105c zapachowi ukoi\u0107 zmys\u0142y.<\/span><span data-ccp-props=\"{&quot;134233117&quot;:false,&quot;134233118&quot;:false,&quot;335559738&quot;:0,&quot;335559739&quot;:0}\">\u00a0<\/span><\/li>\n<li data-leveltext=\"\uf0b7\" data-font=\"Symbol\" data-listid=\"5\" data-list-defn-props=\"{&quot;335552541&quot;:1,&quot;335559685&quot;:720,&quot;335559991&quot;:360,&quot;469769226&quot;:&quot;Symbol&quot;,&quot;469769242&quot;:[8226],&quot;469777803&quot;:&quot;left&quot;,&quot;469777804&quot;:&quot;\uf0b7&quot;,&quot;469777815&quot;:&quot;hybridMultilevel&quot;}\" data-aria-posinset=\"1\" data-aria-level=\"1\"><b><span data-contrast=\"auto\">Masa\u017c:<\/span><\/b><span data-contrast=\"auto\"> wymieszaj olejek z olejem bazowym (np. jojoba lub migda\u0142owym) i wykonaj relaksuj\u0105cy masa\u017c d\u0142oni, st\u00f3p lub brzucha.<\/span><span data-ccp-props=\"{&quot;134233117&quot;:false,&quot;134233118&quot;:false,&quot;335559738&quot;:0,&quot;335559739&quot;:0}\">\u00a0<\/span><\/li>\n<li data-leveltext=\"\uf0b7\" data-font=\"Symbol\" data-listid=\"5\" data-list-defn-props=\"{&quot;335552541&quot;:1,&quot;335559685&quot;:720,&quot;335559991&quot;:360,&quot;469769226&quot;:&quot;Symbol&quot;,&quot;469769242&quot;:[8226],&quot;469777803&quot;:&quot;left&quot;,&quot;469777804&quot;:&quot;\uf0b7&quot;,&quot;469777815&quot;:&quot;hybridMultilevel&quot;}\" data-aria-posinset=\"1\" data-aria-level=\"1\"><b><span data-contrast=\"auto\">Wieczorny rytua\u0142:<\/span><\/b><span data-contrast=\"auto\"> po\u0142\u0105cz z olejkiem lawendowym, aby stworzy\u0107 przed snem koj\u0105c\u0105 atmosfer\u0119.<\/span><span data-ccp-props=\"{&quot;134233117&quot;:false,&quot;134233118&quot;:false,&quot;335559738&quot;:0,&quot;335559739&quot;:0}\">\u00a0<\/span><\/li>\n<\/ul>\n<h2><b><span data-contrast=\"auto\">Olejek z mandarynki dla dzieci i doros\u0142ych<\/span><\/b><\/h2>\n<p><span data-contrast=\"auto\">Dla najm\u0142odszych to delikatny spos\u00f3b na wyciszenie po dniu pe\u0142nym wra\u017ce\u0144 \u2013 kilka kropli olejku dodanych do masa\u017cu st\u00f3pek pomo\u017ce stworzy\u0107 spokojny nastr\u00f3j. Doro\u015bli doceni\u0105 jego relaksuj\u0105ce w\u0142a\u015bciwo\u015bci podczas wieczornych k\u0105pieli lub w chwilach tylko dla siebie.<\/span><span data-ccp-props=\"{&quot;134233117&quot;:false,&quot;134233118&quot;:false,&quot;335559738&quot;:240,&quot;335559739&quot;:240}\">\u00a0<\/span><\/p>\n<h3><b><span data-contrast=\"auto\">Jako\u015b\u0107, kt\u00f3rej mo\u017cesz zaufa\u0107<\/span><\/b><\/h3>\n<p><span data-contrast=\"auto\">Nasz olejek pochodzi z destylarni w s\u0142onecznych W\u0142oszech. Jest w 100% naturalny, bez sztucznych dodatk\u00f3w, co gwarantuje autentyczno\u015b\u0107 i czysto\u015b\u0107 aromatu.<\/span><span data-ccp-props=\"{&quot;134233117&quot;:false,&quot;134233118&quot;:false,&quot;335559738&quot;:240,&quot;335559739&quot;:240}\">\u00a0<\/span><\/p>\n<h3><b><span data-contrast=\"auto\">Odkryj naturaln\u0105 harmoni\u0119<\/span><\/b><\/h3>\n<p><span data-contrast=\"auto\">Olejek z mandarynki to Tw\u00f3j cichy towarzysz w chwilach wyciszenia i spokoju. Niezale\u017cnie od tego, czy szukasz delikatnej nuty zapachowej do aromaterapii, relaksuj\u0105cego dodatku do k\u0105pieli czy subtelnego masa\u017cu, mandarynka zawsze znajdzie swoje miejsce w Twoim rytuale relaksu. \ud83c\udf4a<\/span><span data-ccp-props=\"{&quot;134233117&quot;:false,&quot;134233118&quot;:false,&quot;335559738&quot;:240,&quot;335559739&quot;:240}\">\u00a0<\/span><\/p>\n<p>&nbsp;<\/p>\n<p><span data-ccp-props=\"{&quot;134233117&quot;:false,&quot;134233118&quot;:false,&quot;335559738&quot;:0,&quot;335559739&quot;:0}\"> <strong>Nowa, od\u015bwie\u017cona etykieta\u00a0<\/strong><br \/>\n<\/span><\/p>\n<p><span data-ccp-props=\"{&quot;134233117&quot;:false,&quot;134233118&quot;:false,&quot;335559738&quot;:0,&quot;335559739&quot;:0}\">To wci\u0105\u017c ten sam, uwielbiany przez Was olejek \u2013 zmieni\u0142 si\u0119 tylko jego wygl\u0105d.<\/span><\/p>\n<p>&nbsp;<\/p>\n<p><span data-ccp-props=\"{}\">\ud83d\udc49 Sprawd\u017a te\u017c <a href=\"https:\/\/klaudynahebda.pl\/sklep\/dyfuzor-do-aromaterapii\/\">bezwodny i bezprzewodowy dyfuzor do olejk\u00f3w eterycznych<\/a>, a tak\u017ce aromaterapeutyczne klasyki: <a href=\"https:\/\/klaudynahebda.pl\/sklep\/olejek-pomaranczowy\/\">olejek pomara\u0144czowy<\/a> i <a href=\"https:\/\/klaudynahebda.pl\/sklep\/olejek-lawendowy-slodki\/\">olejek lawendowy.<\/a><\/span><\/p>\n","protected":false},"excerpt":{"rendered":"<h2><b><span data-contrast=\"none\">Olejek mandarynkowy to:<\/span><\/b><\/h2>\n<ul>\n<li><span data-contrast=\"none\">aromat, do kt\u00f3rego <strong>chcesz si\u0119 u\u015bmiechn\u0105\u0107<\/strong>;<\/span><\/li>\n<li><b><span data-contrast=\"none\">subtelna esencja spokoju;<\/span><\/b><\/li>\n<li><span data-contrast=\"none\">zapach, z kt\u00f3rym nie liczy si\u0119 pogoda za oknem;<\/span><span data-ccp-props=\"{}\">\u00a0<\/span><\/li>\n<li><span data-contrast=\"none\"><strong>s\u0142oneczny spok\u00f3j w buteleczce<\/strong> dla ca\u0142ej rodziny<\/span><span data-ccp-props=\"{}\">;<\/span><\/li>\n<li><span data-contrast=\"none\">zapach na wieczorne przytulanie i<strong> rodzinne zabawy<\/strong>;<\/span><span data-ccp-props=\"{}\">\u00a0<\/span><\/li>\n<li><span data-contrast=\"none\"><strong>jak ciep\u0142e \u015bwiat\u0142o<\/strong> nocnej lampki;<\/span><\/li>\n<li><span data-contrast=\"auto\">aromaterapeutyczna odpowied\u017a, <strong>gdy szukasz odrobiny wyciszenia<\/strong> i spokoju; <\/span><\/li>\n<li><span data-contrast=\"auto\">naturalny zapach, kt\u00f3ry otula delikatno\u015bci\u0105 i wprowadza<strong> harmoni\u0119;<\/strong><\/span><\/li>\n<li><span data-contrast=\"auto\">subtelny, <strong>owocowo-kwiatowy aromat,<\/strong> kt\u00f3ry przenosi do ciep\u0142ych, s\u0142onecznych ogrod\u00f3w, nios\u0105c uczucie relaksu i \u015bwie\u017co\u015bci.<\/span><span data-ccp-props=\"{&quot;134233117&quot;:false,&quot;134233118&quot;:false,&quot;335559738&quot;:240,&quot;335559739&quot;:240}\">\u00a0<\/span><\/li>\n<\/ul>\n<p><strong>Nowa, od\u015bwie\u017cona etykieta\u00a0<\/strong><br \/>\nTo wci\u0105\u017c ten sam, uwielbiany przez Was olejek \u2013 zmieni\u0142 si\u0119 tylko jego wygl\u0105d.<\/p>\n","protected":false},"featured_media":3323600,"comment_status":"open","ping_status":"closed","template":"","meta":[],"product_cat":[249,126,36,90,123,190,118],"product_tag":[],"acf":[],"yoast_head":"<!-- This site is optimized with the Yoast SEO plugin v19.6.1 - https:\/\/yoast.com\/wordpress\/plugins\/seo\/ -->\n<title>Olejek z mandarynki - Klaudyna Hebda Nature<\/title>\n<meta name=\"description\" content=\"Olejek z mandarynki to promie\u0144 s\u0142o\u0144ca zamkni\u0119ty w buteleczce. Idealny i subtelny. Dla dzieci i doros\u0142ych. Niezwykle relaksuj\u0105cy zapach. \ud83e\udde1 Sprawd\u017a sam(a)!\" \/>\n<meta name=\"robots\" content=\"index, follow, max-snippet:-1, max-image-preview:large, max-video-preview:-1\" \/>\n<link rel=\"canonical\" href=\"https:\/\/klaudynahebda.pl\/sklep\/olejek-mandarynka\/\" \/>\n<meta property=\"og:locale\" content=\"pl_PL\" \/>\n<meta property=\"og:type\" content=\"article\" \/>\n<meta property=\"og:title\" content=\"Olejek z mandarynki - Klaudyna Hebda Nature\" \/>\n<meta property=\"og:description\" content=\"Olejek z mandarynki to promie\u0144 s\u0142o\u0144ca zamkni\u0119ty w buteleczce. Idealny i subtelny. Dla dzieci i doros\u0142ych. Niezwykle relaksuj\u0105cy zapach. \ud83e\udde1 Sprawd\u017a sam(a)!\" \/>\n<meta property=\"og:url\" content=\"https:\/\/klaudynahebda.pl\/sklep\/olejek-mandarynka\/\" \/>\n<meta property=\"og:site_name\" content=\"Klaudyna Hebda Nature\" \/>\n<meta property=\"article:modified_time\" content=\"2026-04-04T19:22:17+00:00\" \/>\n<meta property=\"og:image\" content=\"https:\/\/klaudynahebda.pl\/sklep\/wp-content\/uploads\/2019\/02\/olejek-eteryczny-mandarynka-klaudyna-hebda-15-ml.png\" \/>\n\t<meta property=\"og:image:width\" content=\"844\" \/>\n\t<meta property=\"og:image:height\" content=\"1152\" \/>\n\t<meta property=\"og:image:type\" content=\"image\/png\" \/>\n<meta name=\"twitter:card\" content=\"summary_large_image\" \/>\n<meta name=\"twitter:label1\" content=\"Szacowany czas czytania\" \/>\n\t<meta name=\"twitter:data1\" content=\"2 minuty\" \/>\n<script type=\"application\/ld+json\" class=\"yoast-schema-graph\">{\"@context\":\"https:\/\/schema.org\",\"@graph\":[{\"@type\":\"WebPage\",\"@id\":\"https:\/\/klaudynahebda.pl\/sklep\/olejek-mandarynka\/\",\"url\":\"https:\/\/klaudynahebda.pl\/sklep\/olejek-mandarynka\/\",\"name\":\"Olejek z mandarynki - Klaudyna Hebda Nature\",\"isPartOf\":{\"@id\":\"https:\/\/klaudynahebda.pl\/sklep\/#website\"},\"datePublished\":\"2017-12-18T14:53:25+00:00\",\"dateModified\":\"2026-04-04T19:22:17+00:00\",\"description\":\"Olejek z mandarynki to promie\u0144 s\u0142o\u0144ca zamkni\u0119ty w buteleczce. Idealny i subtelny. Dla dzieci i doros\u0142ych. Niezwykle relaksuj\u0105cy zapach. \ud83e\udde1 Sprawd\u017a sam(a)!\",\"breadcrumb\":{\"@id\":\"https:\/\/klaudynahebda.pl\/sklep\/olejek-mandarynka\/#breadcrumb\"},\"inLanguage\":\"pl-PL\",\"potentialAction\":[{\"@type\":\"ReadAction\",\"target\":[\"https:\/\/klaudynahebda.pl\/sklep\/olejek-mandarynka\/\"]}]},{\"@type\":\"BreadcrumbList\",\"@id\":\"https:\/\/klaudynahebda.pl\/sklep\/olejek-mandarynka\/#breadcrumb\",\"itemListElement\":[{\"@type\":\"ListItem\",\"position\":1,\"name\":\"Strona g\u0142\u00f3wna\",\"item\":\"https:\/\/klaudynahebda.pl\/sklep\/\"},{\"@type\":\"ListItem\",\"position\":2,\"name\":\"Sklep\",\"item\":\"https:\/\/klaudynahebda.pl\/sklep\/sklep\/\"},{\"@type\":\"ListItem\",\"position\":3,\"name\":\"Olejki eteryczne\",\"item\":\"https:\/\/klaudynahebda.pl\/sklep\/olejki-eteryczne\/\"},{\"@type\":\"ListItem\",\"position\":4,\"name\":\"Olejek z mandarynki\"}]},{\"@type\":\"WebSite\",\"@id\":\"https:\/\/klaudynahebda.pl\/sklep\/#website\",\"url\":\"https:\/\/klaudynahebda.pl\/sklep\/\",\"name\":\"Klaudyna Hebda Nature\",\"description\":\"Sklep\",\"publisher\":{\"@id\":\"https:\/\/klaudynahebda.pl\/sklep\/#organization\"},\"potentialAction\":[{\"@type\":\"SearchAction\",\"target\":{\"@type\":\"EntryPoint\",\"urlTemplate\":\"https:\/\/klaudynahebda.pl\/sklep\/?s={search_term_string}\"},\"query-input\":\"required name=search_term_string\"}],\"inLanguage\":\"pl-PL\"},{\"@type\":\"Organization\",\"@id\":\"https:\/\/klaudynahebda.pl\/sklep\/#organization\",\"name\":\"KlaudynaHebda\",\"url\":\"https:\/\/klaudynahebda.pl\/sklep\/\",\"sameAs\":[],\"logo\":{\"@type\":\"ImageObject\",\"inLanguage\":\"pl-PL\",\"@id\":\"https:\/\/klaudynahebda.pl\/sklep\/#\/schema\/logo\/image\/\",\"url\":\"\",\"contentUrl\":\"\",\"caption\":\"KlaudynaHebda\"},\"image\":{\"@id\":\"https:\/\/klaudynahebda.pl\/sklep\/#\/schema\/logo\/image\/\"}}]}<\/script>\n<!-- \/ Yoast SEO plugin. -->","yoast_head_json":{"title":"Olejek z mandarynki - Klaudyna Hebda Nature","description":"Olejek z mandarynki to promie\u0144 s\u0142o\u0144ca zamkni\u0119ty w buteleczce. Idealny i subtelny. Dla dzieci i doros\u0142ych. Niezwykle relaksuj\u0105cy zapach. \ud83e\udde1 Sprawd\u017a sam(a)!","robots":{"index":"index","follow":"follow","max-snippet":"max-snippet:-1","max-image-preview":"max-image-preview:large","max-video-preview":"max-video-preview:-1"},"canonical":"https:\/\/klaudynahebda.pl\/sklep\/olejek-mandarynka\/","og_locale":"pl_PL","og_type":"article","og_title":"Olejek z mandarynki - Klaudyna Hebda Nature","og_description":"Olejek z mandarynki to promie\u0144 s\u0142o\u0144ca zamkni\u0119ty w buteleczce. Idealny i subtelny. Dla dzieci i doros\u0142ych. Niezwykle relaksuj\u0105cy zapach. \ud83e\udde1 Sprawd\u017a sam(a)!","og_url":"https:\/\/klaudynahebda.pl\/sklep\/olejek-mandarynka\/","og_site_name":"Klaudyna Hebda Nature","article_modified_time":"2026-04-04T19:22:17+00:00","og_image":[{"width":844,"height":1152,"url":"https:\/\/klaudynahebda.pl\/sklep\/wp-content\/uploads\/2019\/02\/olejek-eteryczny-mandarynka-klaudyna-hebda-15-ml.png","type":"image\/png"}],"twitter_card":"summary_large_image","twitter_misc":{"Szacowany czas czytania":"2 minuty"},"schema":{"@context":"https:\/\/schema.org","@graph":[{"@type":"WebPage","@id":"https:\/\/klaudynahebda.pl\/sklep\/olejek-mandarynka\/","url":"https:\/\/klaudynahebda.pl\/sklep\/olejek-mandarynka\/","name":"Olejek z mandarynki - Klaudyna Hebda Nature","isPartOf":{"@id":"https:\/\/klaudynahebda.pl\/sklep\/#website"},"datePublished":"2017-12-18T14:53:25+00:00","dateModified":"2026-04-04T19:22:17+00:00","description":"Olejek z mandarynki to promie\u0144 s\u0142o\u0144ca zamkni\u0119ty w buteleczce. Idealny i subtelny. Dla dzieci i doros\u0142ych. Niezwykle relaksuj\u0105cy zapach. \ud83e\udde1 Sprawd\u017a sam(a)!","breadcrumb":{"@id":"https:\/\/klaudynahebda.pl\/sklep\/olejek-mandarynka\/#breadcrumb"},"inLanguage":"pl-PL","potentialAction":[{"@type":"ReadAction","target":["https:\/\/klaudynahebda.pl\/sklep\/olejek-mandarynka\/"]}]},{"@type":"BreadcrumbList","@id":"https:\/\/klaudynahebda.pl\/sklep\/olejek-mandarynka\/#breadcrumb","itemListElement":[{"@type":"ListItem","position":1,"name":"Strona g\u0142\u00f3wna","item":"https:\/\/klaudynahebda.pl\/sklep\/"},{"@type":"ListItem","position":2,"name":"Sklep","item":"https:\/\/klaudynahebda.pl\/sklep\/sklep\/"},{"@type":"ListItem","position":3,"name":"Olejki eteryczne","item":"https:\/\/klaudynahebda.pl\/sklep\/olejki-eteryczne\/"},{"@type":"ListItem","position":4,"name":"Olejek z mandarynki"}]},{"@type":"WebSite","@id":"https:\/\/klaudynahebda.pl\/sklep\/#website","url":"https:\/\/klaudynahebda.pl\/sklep\/","name":"Klaudyna Hebda Nature","description":"Sklep","publisher":{"@id":"https:\/\/klaudynahebda.pl\/sklep\/#organization"},"potentialAction":[{"@type":"SearchAction","target":{"@type":"EntryPoint","urlTemplate":"https:\/\/klaudynahebda.pl\/sklep\/?s={search_term_string}"},"query-input":"required name=search_term_string"}],"inLanguage":"pl-PL"},{"@type":"Organization","@id":"https:\/\/klaudynahebda.pl\/sklep\/#organization","name":"KlaudynaHebda","url":"https:\/\/klaudynahebda.pl\/sklep\/","sameAs":[],"logo":{"@type":"ImageObject","inLanguage":"pl-PL","@id":"https:\/\/klaudynahebda.pl\/sklep\/#\/schema\/logo\/image\/","url":"","contentUrl":"","caption":"KlaudynaHebda"},"image":{"@id":"https:\/\/klaudynahebda.pl\/sklep\/#\/schema\/logo\/image\/"}}]}},"_links":{"self":[{"href":"https:\/\/klaudynahebda.pl\/sklep\/wp-json\/wp\/v2\/product\/8649"}],"collection":[{"href":"https:\/\/klaudynahebda.pl\/sklep\/wp-json\/wp\/v2\/product"}],"about":[{"href":"https:\/\/klaudynahebda.pl\/sklep\/wp-json\/wp\/v2\/types\/product"}],"replies":[{"embeddable":true,"href":"https:\/\/klaudynahebda.pl\/sklep\/wp-json\/wp\/v2\/comments?post=8649"}],"wp:featuredmedia":[{"embeddable":true,"href":"https:\/\/klaudynahebda.pl\/sklep\/wp-json\/wp\/v2\/media\/3323600"}],"wp:attachment":[{"href":"https:\/\/klaudynahebda.pl\/sklep\/wp-json\/wp\/v2\/media?parent=8649"}],"wp:term":[{"taxonomy":"product_cat","embeddable":true,"href":"https:\/\/klaudynahebda.pl\/sklep\/wp-json\/wp\/v2\/product_cat?post=8649"},{"taxonomy":"product_tag","embeddable":true,"href":"https:\/\/klaudynahebda.pl\/sklep\/wp-json\/wp\/v2\/product_tag?post=8649"}],"curies":[{"name":"wp","href":"https:\/\/api.w.org\/{rel}","templated":true}]}}