{"id":81581,"date":"2020-03-24T11:13:02","date_gmt":"2020-03-24T10:13:02","guid":{"rendered":"https:\/\/klaudynahebda.pl\/sklep\/?post_type=product&#038;p=81581"},"modified":"2026-04-10T13:47:58","modified_gmt":"2026-04-10T11:47:58","slug":"olejek-gozdzikowy","status":"publish","type":"product","link":"https:\/\/klaudynahebda.pl\/sklep\/olejek-gozdzikowy\/","title":{"rendered":"Olejek go\u017adzikowy (do domowej apteczki)"},"content":{"rendered":"<h2>Olejek eteryczny go\u017adzikowy: poczuj jego moc i g\u0142\u0119bi\u0119<\/h2>\n<p>Go\u017adzik to jeden z tych zapach\u00f3w, kt\u00f3ry przywo\u0142uje wyj\u0105tkowe skojarzeni i wspomnienia: dodawany do zimowych herbat, kompot\u00f3w, piernik\u00f3w czy innych ciast. pozyskiwany z niego olejek eteryczny ma intensywny, ciep\u0142y i korzenny zapach, kt\u00f3ry wi\u0119kszo\u015bci z nas kojarzy si\u0119 z przytulno\u015bci\u0105 i zimow\u0105 aur\u0105. Dzi\u0119ki swojej wyrazistej woni cz\u0119sto wykorzystywany jest w kompozycjach zapachowych: zar\u00f3wno do wn\u0119trz, jak i w produktach kosmetycznych czy perfumeryjnych. Jego zapach wprowadza do przestrzeni poczucie ciep\u0142a i przytulnej atmosfery.<\/p>\n<p>Jednak to nie wszystko. Ten olejek przyda si\u0119 te\u017c do naturalnej domowej apteczki.<\/p>\n<h2>Naturalny olejek go\u017adzikowy &#8211; zastosowanie<\/h2>\n<ul>\n<li><span style=\"font-size: 14.4px;\">dawniej stosowany w stomatologii<\/span><\/li>\n<li>ze wzgl\u0119du na sw\u00f3j charakterystyczny, korzenny zapach olejek go\u017adzikowy poprawia nastr\u00f3j i rozgrzewa w deszczowe dni<\/li>\n<li>to zapach, kt\u00f3ry daje si\u0142\u0119 do dzia\u0142ania<\/li>\n<li>mo\u017ce by\u0107 dodatkiem do domowych \u015bwiec, myde\u0142, kulek do k\u0105pieli lub spray\u00f3w do pomieszcze\u0144.<\/li>\n<\/ul>\n<p>&nbsp;<\/p>\n<h3>Z czym \u0142\u0105czy\u0107 olejek go\u017adzikowy i jak go dyfuzowa\u0107?<\/h3>\n<p>Gor\u0105co polecam \u0142\u0105czy\u0107 z cytrusami, a w lecie z <a href=\"https:\/\/klaudynahebda.pl\/sklep\/olejek-z-miety-pieprzowej\/\">pieprzow\u0105\u00a0mi\u0119t\u0105<\/a> dla od\u015bwie\u017cenia.<\/p>\n<p>Nie wiesz, jak najlepiej dyfuzowa\u0107 olejki eteryczne? Sprawd\u017a nasz <a href=\"https:\/\/klaudynahebda.pl\/sklep\/dyfuzor-do-aromaterapii\" target=\"_blank\" rel=\"noopener\">dyfuzor do aromaterapii<\/a>!<\/p>\n","protected":false},"excerpt":{"rendered":"<h2><span style=\"font-weight: 400;\">Olejek go\u017adzikowy to:<\/span><\/h2>\n<ul>\n<li><span style=\"font-weight: 400;\">mocny, wszechstronny i niezawodny pomocnik &#8211; trzymaj go zawsze w szafce, by by\u0142 pod r\u0119k\u0105. \ud83d\ude42<\/span><\/li>\n<li><span style=\"font-weight: 400;\">niezwykle skoncentrowany i wydajny olejek;<\/span><\/li>\n<li><span style=\"font-weight: 400;\">100% naturalny olejek eteryczny;<\/span><\/li>\n<li><span style=\"font-weight: 400;\">jeden z najlepiej poznanych olejk\u00f3w \u015bwiata;<\/span><\/li>\n<li>ciep\u0142a, lekko cynamonowa nuta, kt\u00f3r\u0105 pokochasz szczeg\u00f3lnie jesieni\u0105 i zim\u0105;<\/li>\n<li>znany z kart historii obiekt po\u017c\u0105dania i symbol bogactwa &#8211; w Imperium Chi\u0144skim ka\u017cdy go\u015b\u0107 cesarza przed audiencj\u0105 musia\u0142 go\u017adzik po\u017cu\u0107, \u017ceby uchroni\u0107 w\u0142adc\u0119 przed nie\u015bwie\u017cym zapachem z ust przybysza.<\/li>\n<\/ul>\n","protected":false},"featured_media":3387771,"comment_status":"open","ping_status":"closed","template":"","meta":[],"product_cat":[130,36],"product_tag":[],"acf":[],"yoast_head":"<!-- This site is optimized with the Yoast SEO plugin v19.6.1 - https:\/\/yoast.com\/wordpress\/plugins\/seo\/ -->\n<title>Olejek go\u017adzikowy (do domowej apteczki) - Klaudyna Hebda Nature<\/title>\n<meta name=\"description\" content=\"Olejek go\u017adzikowy ma ciep\u0142y, korzenny zapach, kt\u00f3ry roztacza wok\u00f3\u0142 siebie aur\u0119 ciep\u0142a i magii. To nie tylko pi\u0119kny zapach - to aromaterapeutyczna moc!\" \/>\n<meta name=\"robots\" content=\"index, follow, max-snippet:-1, max-image-preview:large, max-video-preview:-1\" \/>\n<link rel=\"canonical\" href=\"https:\/\/klaudynahebda.pl\/sklep\/olejek-gozdzikowy\/\" \/>\n<meta property=\"og:locale\" content=\"pl_PL\" \/>\n<meta property=\"og:type\" content=\"article\" \/>\n<meta property=\"og:title\" content=\"Olejek go\u017adzikowy (do domowej apteczki) - Klaudyna Hebda Nature\" \/>\n<meta property=\"og:description\" content=\"Olejek go\u017adzikowy ma ciep\u0142y, korzenny zapach, kt\u00f3ry roztacza wok\u00f3\u0142 siebie aur\u0119 ciep\u0142a i magii. To nie tylko pi\u0119kny zapach - to aromaterapeutyczna moc!\" \/>\n<meta property=\"og:url\" content=\"https:\/\/klaudynahebda.pl\/sklep\/olejek-gozdzikowy\/\" \/>\n<meta property=\"og:site_name\" content=\"Klaudyna Hebda Nature\" \/>\n<meta property=\"article:modified_time\" content=\"2026-04-10T11:47:58+00:00\" \/>\n<meta property=\"og:image\" content=\"https:\/\/klaudynahebda.pl\/sklep\/wp-content\/uploads\/2021\/08\/olejek-gozdzikowy-k-hebda-packshot.jpg.png\" \/>\n\t<meta property=\"og:image:width\" content=\"844\" \/>\n\t<meta property=\"og:image:height\" content=\"1152\" \/>\n\t<meta property=\"og:image:type\" content=\"image\/png\" \/>\n<meta name=\"twitter:card\" content=\"summary_large_image\" \/>\n<meta name=\"twitter:label1\" content=\"Szacowany czas czytania\" \/>\n\t<meta name=\"twitter:data1\" content=\"2 minuty\" \/>\n<script type=\"application\/ld+json\" class=\"yoast-schema-graph\">{\"@context\":\"https:\/\/schema.org\",\"@graph\":[{\"@type\":\"WebPage\",\"@id\":\"https:\/\/klaudynahebda.pl\/sklep\/olejek-gozdzikowy\/\",\"url\":\"https:\/\/klaudynahebda.pl\/sklep\/olejek-gozdzikowy\/\",\"name\":\"Olejek go\u017adzikowy (do domowej apteczki) - Klaudyna Hebda Nature\",\"isPartOf\":{\"@id\":\"https:\/\/klaudynahebda.pl\/sklep\/#website\"},\"datePublished\":\"2020-03-24T10:13:02+00:00\",\"dateModified\":\"2026-04-10T11:47:58+00:00\",\"description\":\"Olejek go\u017adzikowy ma ciep\u0142y, korzenny zapach, kt\u00f3ry roztacza wok\u00f3\u0142 siebie aur\u0119 ciep\u0142a i magii. To nie tylko pi\u0119kny zapach - to aromaterapeutyczna moc!\",\"breadcrumb\":{\"@id\":\"https:\/\/klaudynahebda.pl\/sklep\/olejek-gozdzikowy\/#breadcrumb\"},\"inLanguage\":\"pl-PL\",\"potentialAction\":[{\"@type\":\"ReadAction\",\"target\":[\"https:\/\/klaudynahebda.pl\/sklep\/olejek-gozdzikowy\/\"]}]},{\"@type\":\"BreadcrumbList\",\"@id\":\"https:\/\/klaudynahebda.pl\/sklep\/olejek-gozdzikowy\/#breadcrumb\",\"itemListElement\":[{\"@type\":\"ListItem\",\"position\":1,\"name\":\"Strona g\u0142\u00f3wna\",\"item\":\"https:\/\/klaudynahebda.pl\/sklep\/\"},{\"@type\":\"ListItem\",\"position\":2,\"name\":\"Sklep\",\"item\":\"https:\/\/klaudynahebda.pl\/sklep\/sklep\/\"},{\"@type\":\"ListItem\",\"position\":3,\"name\":\"Olejki eteryczne\",\"item\":\"https:\/\/klaudynahebda.pl\/sklep\/olejki-eteryczne\/\"},{\"@type\":\"ListItem\",\"position\":4,\"name\":\"Olejek go\u017adzikowy (do domowej apteczki)\"}]},{\"@type\":\"WebSite\",\"@id\":\"https:\/\/klaudynahebda.pl\/sklep\/#website\",\"url\":\"https:\/\/klaudynahebda.pl\/sklep\/\",\"name\":\"Klaudyna Hebda Nature\",\"description\":\"Sklep\",\"publisher\":{\"@id\":\"https:\/\/klaudynahebda.pl\/sklep\/#organization\"},\"potentialAction\":[{\"@type\":\"SearchAction\",\"target\":{\"@type\":\"EntryPoint\",\"urlTemplate\":\"https:\/\/klaudynahebda.pl\/sklep\/?s={search_term_string}\"},\"query-input\":\"required name=search_term_string\"}],\"inLanguage\":\"pl-PL\"},{\"@type\":\"Organization\",\"@id\":\"https:\/\/klaudynahebda.pl\/sklep\/#organization\",\"name\":\"KlaudynaHebda\",\"url\":\"https:\/\/klaudynahebda.pl\/sklep\/\",\"sameAs\":[],\"logo\":{\"@type\":\"ImageObject\",\"inLanguage\":\"pl-PL\",\"@id\":\"https:\/\/klaudynahebda.pl\/sklep\/#\/schema\/logo\/image\/\",\"url\":\"\",\"contentUrl\":\"\",\"caption\":\"KlaudynaHebda\"},\"image\":{\"@id\":\"https:\/\/klaudynahebda.pl\/sklep\/#\/schema\/logo\/image\/\"}}]}<\/script>\n<!-- \/ Yoast SEO plugin. -->","yoast_head_json":{"title":"Olejek go\u017adzikowy (do domowej apteczki) - Klaudyna Hebda Nature","description":"Olejek go\u017adzikowy ma ciep\u0142y, korzenny zapach, kt\u00f3ry roztacza wok\u00f3\u0142 siebie aur\u0119 ciep\u0142a i magii. To nie tylko pi\u0119kny zapach - to aromaterapeutyczna moc!","robots":{"index":"index","follow":"follow","max-snippet":"max-snippet:-1","max-image-preview":"max-image-preview:large","max-video-preview":"max-video-preview:-1"},"canonical":"https:\/\/klaudynahebda.pl\/sklep\/olejek-gozdzikowy\/","og_locale":"pl_PL","og_type":"article","og_title":"Olejek go\u017adzikowy (do domowej apteczki) - Klaudyna Hebda Nature","og_description":"Olejek go\u017adzikowy ma ciep\u0142y, korzenny zapach, kt\u00f3ry roztacza wok\u00f3\u0142 siebie aur\u0119 ciep\u0142a i magii. To nie tylko pi\u0119kny zapach - to aromaterapeutyczna moc!","og_url":"https:\/\/klaudynahebda.pl\/sklep\/olejek-gozdzikowy\/","og_site_name":"Klaudyna Hebda Nature","article_modified_time":"2026-04-10T11:47:58+00:00","og_image":[{"width":844,"height":1152,"url":"https:\/\/klaudynahebda.pl\/sklep\/wp-content\/uploads\/2021\/08\/olejek-gozdzikowy-k-hebda-packshot.jpg.png","type":"image\/png"}],"twitter_card":"summary_large_image","twitter_misc":{"Szacowany czas czytania":"2 minuty"},"schema":{"@context":"https:\/\/schema.org","@graph":[{"@type":"WebPage","@id":"https:\/\/klaudynahebda.pl\/sklep\/olejek-gozdzikowy\/","url":"https:\/\/klaudynahebda.pl\/sklep\/olejek-gozdzikowy\/","name":"Olejek go\u017adzikowy (do domowej apteczki) - Klaudyna Hebda Nature","isPartOf":{"@id":"https:\/\/klaudynahebda.pl\/sklep\/#website"},"datePublished":"2020-03-24T10:13:02+00:00","dateModified":"2026-04-10T11:47:58+00:00","description":"Olejek go\u017adzikowy ma ciep\u0142y, korzenny zapach, kt\u00f3ry roztacza wok\u00f3\u0142 siebie aur\u0119 ciep\u0142a i magii. To nie tylko pi\u0119kny zapach - to aromaterapeutyczna moc!","breadcrumb":{"@id":"https:\/\/klaudynahebda.pl\/sklep\/olejek-gozdzikowy\/#breadcrumb"},"inLanguage":"pl-PL","potentialAction":[{"@type":"ReadAction","target":["https:\/\/klaudynahebda.pl\/sklep\/olejek-gozdzikowy\/"]}]},{"@type":"BreadcrumbList","@id":"https:\/\/klaudynahebda.pl\/sklep\/olejek-gozdzikowy\/#breadcrumb","itemListElement":[{"@type":"ListItem","position":1,"name":"Strona g\u0142\u00f3wna","item":"https:\/\/klaudynahebda.pl\/sklep\/"},{"@type":"ListItem","position":2,"name":"Sklep","item":"https:\/\/klaudynahebda.pl\/sklep\/sklep\/"},{"@type":"ListItem","position":3,"name":"Olejki eteryczne","item":"https:\/\/klaudynahebda.pl\/sklep\/olejki-eteryczne\/"},{"@type":"ListItem","position":4,"name":"Olejek go\u017adzikowy (do domowej apteczki)"}]},{"@type":"WebSite","@id":"https:\/\/klaudynahebda.pl\/sklep\/#website","url":"https:\/\/klaudynahebda.pl\/sklep\/","name":"Klaudyna Hebda Nature","description":"Sklep","publisher":{"@id":"https:\/\/klaudynahebda.pl\/sklep\/#organization"},"potentialAction":[{"@type":"SearchAction","target":{"@type":"EntryPoint","urlTemplate":"https:\/\/klaudynahebda.pl\/sklep\/?s={search_term_string}"},"query-input":"required name=search_term_string"}],"inLanguage":"pl-PL"},{"@type":"Organization","@id":"https:\/\/klaudynahebda.pl\/sklep\/#organization","name":"KlaudynaHebda","url":"https:\/\/klaudynahebda.pl\/sklep\/","sameAs":[],"logo":{"@type":"ImageObject","inLanguage":"pl-PL","@id":"https:\/\/klaudynahebda.pl\/sklep\/#\/schema\/logo\/image\/","url":"","contentUrl":"","caption":"KlaudynaHebda"},"image":{"@id":"https:\/\/klaudynahebda.pl\/sklep\/#\/schema\/logo\/image\/"}}]}},"_links":{"self":[{"href":"https:\/\/klaudynahebda.pl\/sklep\/wp-json\/wp\/v2\/product\/81581"}],"collection":[{"href":"https:\/\/klaudynahebda.pl\/sklep\/wp-json\/wp\/v2\/product"}],"about":[{"href":"https:\/\/klaudynahebda.pl\/sklep\/wp-json\/wp\/v2\/types\/product"}],"replies":[{"embeddable":true,"href":"https:\/\/klaudynahebda.pl\/sklep\/wp-json\/wp\/v2\/comments?post=81581"}],"wp:featuredmedia":[{"embeddable":true,"href":"https:\/\/klaudynahebda.pl\/sklep\/wp-json\/wp\/v2\/media\/3387771"}],"wp:attachment":[{"href":"https:\/\/klaudynahebda.pl\/sklep\/wp-json\/wp\/v2\/media?parent=81581"}],"wp:term":[{"taxonomy":"product_cat","embeddable":true,"href":"https:\/\/klaudynahebda.pl\/sklep\/wp-json\/wp\/v2\/product_cat?post=81581"},{"taxonomy":"product_tag","embeddable":true,"href":"https:\/\/klaudynahebda.pl\/sklep\/wp-json\/wp\/v2\/product_tag?post=81581"}],"curies":[{"name":"wp","href":"https:\/\/api.w.org\/{rel}","templated":true}]}}