{"id":7496,"date":"2025-07-12T11:43:34","date_gmt":"2025-07-12T09:43:34","guid":{"rendered":"http:\/\/klaudynahebda.pl\/sklep\/product\/oliwa-magnezowa-duza\/"},"modified":"2026-04-10T22:48:44","modified_gmt":"2026-04-10T20:48:44","slug":"oliwa-magnezowa-duza","status":"publish","type":"product","link":"https:\/\/klaudynahebda.pl\/sklep\/oliwa-magnezowa-duza\/","title":{"rendered":"Oliwa magnezowa [100 ml]"},"content":{"rendered":"<h2 aria-level=\"3\"><b><span data-contrast=\"none\">Dlaczego warto wybra\u0107 oliw\u0119 magnezow\u0105?<\/span><\/b><span data-ccp-props=\"{&quot;134233117&quot;:false,&quot;134233118&quot;:false,&quot;134245418&quot;:true,&quot;134245529&quot;:true,&quot;335551550&quot;:0,&quot;335551620&quot;:0,&quot;335559738&quot;:281,&quot;335559739&quot;:281}\">\u00a0<\/span><\/h2>\n<p><b><span data-contrast=\"auto\">Naturalna jako\u015b\u0107:<\/span><\/b><span data-contrast=\"auto\"> Oliwa magnezowa K. Hebda jest stworzona z najczystszego magnezu na \u015bwiecie, pochodz\u0105cego z naturalnych z\u0142\u00f3\u017c Zechstein Inside\u00ae. Proces t\u0142oczenia minimalizuje kontakt z zanieczyszczeniami, dzi\u0119ki czemu otrzymujesz produkt najwy\u017cszej jako\u015bci.<\/span><span data-ccp-props=\"{&quot;134233117&quot;:false,&quot;134233118&quot;:false,&quot;335551550&quot;:0,&quot;335551620&quot;:0,&quot;335559738&quot;:240,&quot;335559739&quot;:240}\">\u00a0<\/span><\/p>\n<p><b><span data-contrast=\"auto\">Wielozadaniowo\u015b\u0107:<\/span><\/b><span data-contrast=\"auto\"> Idealna do masa\u017cu cia\u0142a, piel\u0119gnacji st\u00f3p i pach oraz codziennego wsparcia piel\u0119gnacyjnego. Zapewnia uczucie \u015bwie\u017co\u015bci i nawil\u017cenia sk\u00f3ry przez ca\u0142y dzie\u0144.<\/span><span data-ccp-props=\"{&quot;134233117&quot;:false,&quot;134233118&quot;:false,&quot;335551550&quot;:0,&quot;335551620&quot;:0,&quot;335559738&quot;:240,&quot;335559739&quot;:240}\">\u00a0<\/span><\/p>\n<p><b><span data-contrast=\"auto\">Przyjemna w dotyku:<\/span><\/b><span data-contrast=\"auto\"> Dzi\u0119ki delikatnej formule oliwa pozostawia sk\u00f3r\u0119 odczuwalnie bardziej g\u0142adk\u0105, wypiel\u0119gnowan\u0105 i nawil\u017con\u0105.<\/span><span data-ccp-props=\"{&quot;134233117&quot;:false,&quot;134233118&quot;:false,&quot;335551550&quot;:0,&quot;335551620&quot;:0,&quot;335559738&quot;:240,&quot;335559739&quot;:240}\">\u00a0<\/span><\/p>\n<p><span data-ccp-props=\"{&quot;335551550&quot;:0,&quot;335551620&quot;:0}\">\u00a0<\/span><\/p>\n<h2 aria-level=\"3\"><b><span data-contrast=\"none\">Jak stosowa\u0107 oliw\u0119 magnezow\u0105?<\/span><\/b><span data-ccp-props=\"{&quot;134233117&quot;:false,&quot;134233118&quot;:false,&quot;134245418&quot;:true,&quot;134245529&quot;:true,&quot;335551550&quot;:0,&quot;335551620&quot;:0,&quot;335559738&quot;:281,&quot;335559739&quot;:281}\">\u00a0<\/span><\/h2>\n<ul>\n<li data-leveltext=\"%1.\" data-font=\"Aptos\" data-listid=\"5\" data-list-defn-props=\"{&quot;335551671&quot;:1,&quot;335552541&quot;:0,&quot;335559683&quot;:0,&quot;335559684&quot;:-1,&quot;335559685&quot;:720,&quot;335559991&quot;:360,&quot;469769242&quot;:[65533,0,46],&quot;469777803&quot;:&quot;left&quot;,&quot;469777804&quot;:&quot;%1.&quot;,&quot;469777815&quot;:&quot;hybridMultilevel&quot;}\" aria-setsize=\"-1\" data-aria-posinset=\"1\" data-aria-level=\"1\"><b><span data-contrast=\"auto\">Aplikacja:<\/span><\/b><span data-contrast=\"auto\"> Rozpocznij od 3-5 psikni\u0119\u0107 na wybrany obszar cia\u0142a, np. nogi, r\u0119ce lub brzuch. Wmasuj delikatnie w sk\u00f3r\u0119.<\/span><span data-ccp-props=\"{&quot;134233117&quot;:false,&quot;134233118&quot;:false,&quot;335551550&quot;:0,&quot;335551620&quot;:0,&quot;335559738&quot;:0,&quot;335559739&quot;:0}\">\u00a0<\/span><\/li>\n<\/ul>\n<ul>\n<li data-leveltext=\"%1.\" data-font=\"Aptos\" data-listid=\"5\" data-list-defn-props=\"{&quot;335551671&quot;:1,&quot;335552541&quot;:0,&quot;335559683&quot;:0,&quot;335559684&quot;:-1,&quot;335559685&quot;:720,&quot;335559991&quot;:360,&quot;469769242&quot;:[65533,0,46],&quot;469777803&quot;:&quot;left&quot;,&quot;469777804&quot;:&quot;%1.&quot;,&quot;469777815&quot;:&quot;hybridMultilevel&quot;}\" aria-setsize=\"-1\" data-aria-posinset=\"2\" data-aria-level=\"1\"><b><span data-contrast=\"auto\">Czas stosowania:<\/span><\/b><span data-contrast=\"auto\"> Pozostaw na sk\u00f3rze przez 15 minut lub do ca\u0142kowitego wch\u0142oni\u0119cia. Je\u015bli zauwa\u017cysz cienk\u0105 bia\u0142\u0105 warstw\u0119 na sk\u00f3rze \u2013 to naturalne! Mo\u017cesz j\u0105 zmy\u0107 wod\u0105 lub przetrze\u0107 r\u0119cznikiem.<\/span><span data-ccp-props=\"{&quot;134233117&quot;:false,&quot;134233118&quot;:false,&quot;335551550&quot;:0,&quot;335551620&quot;:0,&quot;335559738&quot;:0,&quot;335559739&quot;:0}\">\u00a0<\/span><\/li>\n<\/ul>\n<ul>\n<li data-leveltext=\"%1.\" data-font=\"Aptos\" data-listid=\"5\" data-list-defn-props=\"{&quot;335551671&quot;:1,&quot;335552541&quot;:0,&quot;335559683&quot;:0,&quot;335559684&quot;:-1,&quot;335559685&quot;:720,&quot;335559991&quot;:360,&quot;469769242&quot;:[65533,0,46],&quot;469777803&quot;:&quot;left&quot;,&quot;469777804&quot;:&quot;%1.&quot;,&quot;469777815&quot;:&quot;hybridMultilevel&quot;}\" aria-setsize=\"-1\" data-aria-posinset=\"3\" data-aria-level=\"1\"><b><span data-contrast=\"auto\">Codzienna piel\u0119gnacja:<\/span><\/b><span data-contrast=\"auto\"> Stosuj rano przed ubraniem lub wieczorem po k\u0105pieli, kiedy sk\u00f3ra jest ciep\u0142a i bardziej podatna na wch\u0142anianie.<\/span><span data-ccp-props=\"{&quot;134233117&quot;:false,&quot;134233118&quot;:false,&quot;335551550&quot;:0,&quot;335551620&quot;:0,&quot;335559738&quot;:0,&quot;335559739&quot;:0}\">\u00a0<\/span><\/li>\n<\/ul>\n<ul>\n<li data-leveltext=\"%1.\" data-font=\"Aptos\" data-listid=\"5\" data-list-defn-props=\"{&quot;335551671&quot;:1,&quot;335552541&quot;:0,&quot;335559683&quot;:0,&quot;335559684&quot;:-1,&quot;335559685&quot;:720,&quot;335559991&quot;:360,&quot;469769242&quot;:[65533,0,46],&quot;469777803&quot;:&quot;left&quot;,&quot;469777804&quot;:&quot;%1.&quot;,&quot;469777815&quot;:&quot;hybridMultilevel&quot;}\" aria-setsize=\"-1\" data-aria-posinset=\"4\" data-aria-level=\"1\"><b><span data-contrast=\"auto\">Wyb\u00f3r intensywno\u015bci:<\/span><\/b><span data-contrast=\"auto\"> W miar\u0119 potrzeby zwi\u0119kszaj dawk\u0119 do 10-20 psikni\u0119\u0107 dwa razy dziennie.<\/span><span data-ccp-props=\"{&quot;134233117&quot;:false,&quot;134233118&quot;:false,&quot;335551550&quot;:0,&quot;335551620&quot;:0,&quot;335559738&quot;:0,&quot;335559739&quot;:0}\">\u00a0<\/span><\/li>\n<\/ul>\n<p><span data-ccp-props=\"{&quot;335551550&quot;:0,&quot;335551620&quot;:0}\">\u00a0<\/span><\/p>\n<h2 aria-level=\"3\"><b>Oliwa magnezowa &#8211; zastosowanie<\/b><\/h2>\n<ul>\n<li data-leveltext=\"\uf0b7\" data-font=\"Symbol\" data-listid=\"6\" data-list-defn-props=\"{&quot;335552541&quot;:1,&quot;335559683&quot;:0,&quot;335559684&quot;:-2,&quot;335559685&quot;:720,&quot;335559991&quot;:360,&quot;469769226&quot;:&quot;Symbol&quot;,&quot;469769242&quot;:[8226],&quot;469777803&quot;:&quot;left&quot;,&quot;469777804&quot;:&quot;\uf0b7&quot;,&quot;469777815&quot;:&quot;hybridMultilevel&quot;}\" aria-setsize=\"-1\" data-aria-posinset=\"1\" data-aria-level=\"1\"><b><span data-contrast=\"auto\">Masa\u017c:<\/span><\/b><span data-contrast=\"auto\"> Wspiera relaks i regeneracj\u0119 po intensywnym dniu lub wysi\u0142ku fizycznym.<\/span><span data-ccp-props=\"{&quot;134233117&quot;:false,&quot;134233118&quot;:false,&quot;335551550&quot;:0,&quot;335551620&quot;:0,&quot;335559738&quot;:0,&quot;335559739&quot;:0}\">\u00a0<\/span><\/li>\n<\/ul>\n<ul>\n<li data-leveltext=\"\uf0b7\" data-font=\"Symbol\" data-listid=\"6\" data-list-defn-props=\"{&quot;335552541&quot;:1,&quot;335559683&quot;:0,&quot;335559684&quot;:-2,&quot;335559685&quot;:720,&quot;335559991&quot;:360,&quot;469769226&quot;:&quot;Symbol&quot;,&quot;469769242&quot;:[8226],&quot;469777803&quot;:&quot;left&quot;,&quot;469777804&quot;:&quot;\uf0b7&quot;,&quot;469777815&quot;:&quot;hybridMultilevel&quot;}\" aria-setsize=\"-1\" data-aria-posinset=\"2\" data-aria-level=\"1\"><b><span data-contrast=\"auto\">Piel\u0119gnacja st\u00f3p i pach:<\/span><\/b><span data-contrast=\"auto\"> Zapewnia uczucie \u015bwie\u017co\u015bci i naturaln\u0105 ochron\u0119.<\/span><span data-ccp-props=\"{&quot;134233117&quot;:false,&quot;134233118&quot;:false,&quot;335551550&quot;:0,&quot;335551620&quot;:0,&quot;335559738&quot;:0,&quot;335559739&quot;:0}\">\u00a0<\/span><\/li>\n<\/ul>\n<ul>\n<li data-leveltext=\"\uf0b7\" data-font=\"Symbol\" data-listid=\"6\" data-list-defn-props=\"{&quot;335552541&quot;:1,&quot;335559683&quot;:0,&quot;335559684&quot;:-2,&quot;335559685&quot;:720,&quot;335559991&quot;:360,&quot;469769226&quot;:&quot;Symbol&quot;,&quot;469769242&quot;:[8226],&quot;469777803&quot;:&quot;left&quot;,&quot;469777804&quot;:&quot;\uf0b7&quot;,&quot;469777815&quot;:&quot;hybridMultilevel&quot;}\" aria-setsize=\"-1\" data-aria-posinset=\"3\" data-aria-level=\"1\"><b><span data-contrast=\"auto\">Codzienny rytua\u0142:<\/span><\/b><span data-contrast=\"auto\"> Idealna jako element wieczornego masa\u017cu, kt\u00f3ry pomaga si\u0119 zrelaksowa\u0107 i odpr\u0119\u017cy\u0107.<\/span><span data-ccp-props=\"{&quot;134233117&quot;:false,&quot;134233118&quot;:false,&quot;335551550&quot;:0,&quot;335551620&quot;:0,&quot;335559738&quot;:0,&quot;335559739&quot;:0}\">\u00a0<\/span><\/li>\n<\/ul>\n<ul>\n<li data-leveltext=\"\uf0b7\" data-font=\"Symbol\" data-listid=\"6\" data-list-defn-props=\"{&quot;335552541&quot;:1,&quot;335559683&quot;:0,&quot;335559684&quot;:-2,&quot;335559685&quot;:720,&quot;335559991&quot;:360,&quot;469769226&quot;:&quot;Symbol&quot;,&quot;469769242&quot;:[8226],&quot;469777803&quot;:&quot;left&quot;,&quot;469777804&quot;:&quot;\uf0b7&quot;,&quot;469777815&quot;:&quot;hybridMultilevel&quot;}\" aria-setsize=\"-1\" data-aria-posinset=\"4\" data-aria-level=\"1\"><b><span data-contrast=\"auto\">Po k\u0105pieli:<\/span><\/b><span data-contrast=\"auto\"> Najlepszy efekt uzyskasz, stosuj\u0105c oliw\u0119 na ciep\u0142\u0105 sk\u00f3r\u0119 po prysznicu lub k\u0105pieli.<\/span><span data-ccp-props=\"{&quot;134233117&quot;:false,&quot;134233118&quot;:false,&quot;335551550&quot;:0,&quot;335551620&quot;:0,&quot;335559738&quot;:0,&quot;335559739&quot;:0}\">\u00a0<\/span><\/li>\n<\/ul>\n<p><span data-ccp-props=\"{&quot;335551550&quot;:0,&quot;335551620&quot;:0}\">\u00a0<\/span><\/p>\n<p><span data-contrast=\"auto\">Oliwa Magnezowa K. Hebda to prosty spos\u00f3b na relaks, regeneracj\u0119 i codzienn\u0105 piel\u0119gnacj\u0119 sk\u00f3ry. Naturalna moc magnezu zamkni\u0119ta w wygodnej formie sprayu \u2013 idealna dla ka\u017cdego, kto ceni jako\u015b\u0107 i skuteczno\u015b\u0107.<\/span><span data-ccp-props=\"{&quot;134233117&quot;:false,&quot;134233118&quot;:false,&quot;335551550&quot;:0,&quot;335551620&quot;:0,&quot;335559738&quot;:240,&quot;335559739&quot;:240}\">\u00a0<\/span><\/p>\n<p>Sprawd\u017a te\u017c inne nasze receptury z <a href=\"https:\/\/klaudynahebda.pl\/sklep\/magnez-transdermalny\/\">serii magnezowej<\/a>.<\/p>\n","protected":false},"excerpt":{"rendered":"<h2 aria-level=\"4\"><b>Oliwa magnezowa: naturalna piel\u0119gnacja dla relaksu i codziennego komfortu<\/b><\/h2>\n<ul>\n<li data-leveltext=\"\uf0b7\" data-font=\"Symbol\" data-listid=\"4\" data-list-defn-props=\"{&quot;335552541&quot;:1,&quot;335559683&quot;:0,&quot;335559684&quot;:-2,&quot;335559685&quot;:720,&quot;335559991&quot;:360,&quot;469769226&quot;:&quot;Symbol&quot;,&quot;469769242&quot;:[8226],&quot;469777803&quot;:&quot;left&quot;,&quot;469777804&quot;:&quot;\uf0b7&quot;,&quot;469777815&quot;:&quot;hybridMultilevel&quot;}\" aria-setsize=\"-1\" data-aria-posinset=\"1\" data-aria-level=\"1\"><b>\u0141agodna dla sk\u00f3ry<\/b> \u2013 opracowana z my\u015bl\u0105 o codziennym stosowaniu.<\/li>\n<\/ul>\n<ul>\n<li data-leveltext=\"\uf0b7\" data-font=\"Symbol\" data-listid=\"4\" data-list-defn-props=\"{&quot;335552541&quot;:1,&quot;335559683&quot;:0,&quot;335559684&quot;:-2,&quot;335559685&quot;:720,&quot;335559991&quot;:360,&quot;469769226&quot;:&quot;Symbol&quot;,&quot;469769242&quot;:[8226],&quot;469777803&quot;:&quot;left&quot;,&quot;469777804&quot;:&quot;\uf0b7&quot;,&quot;469777815&quot;:&quot;hybridMultilevel&quot;}\" aria-setsize=\"-1\" data-aria-posinset=\"2\" data-aria-level=\"1\"><b>100% naturalny chlorek magnezu<\/b> \u2013 najwy\u017csza czysto\u015b\u0107 i jako\u015b\u0107 potwierdzona protoko\u0142em Zechstein Inside\u00ae.<\/li>\n<\/ul>\n<ul>\n<li data-leveltext=\"\uf0b7\" data-font=\"Symbol\" data-listid=\"4\" data-list-defn-props=\"{&quot;335552541&quot;:1,&quot;335559683&quot;:0,&quot;335559684&quot;:-2,&quot;335559685&quot;:720,&quot;335559991&quot;:360,&quot;469769226&quot;:&quot;Symbol&quot;,&quot;469769242&quot;:[8226],&quot;469777803&quot;:&quot;left&quot;,&quot;469777804&quot;:&quot;\uf0b7&quot;,&quot;469777815&quot;:&quot;hybridMultilevel&quot;}\" aria-setsize=\"-1\" data-aria-posinset=\"3\" data-aria-level=\"1\"><b>Por\u0119czna forma sprayu<\/b> \u2013 \u0142atwa aplikacja, kt\u00f3ra wspiera codzienn\u0105 piel\u0119gnacj\u0119.<\/li>\n<\/ul>\n<ul>\n<li data-leveltext=\"\uf0b7\" data-font=\"Symbol\" data-listid=\"4\" data-list-defn-props=\"{&quot;335552541&quot;:1,&quot;335559683&quot;:0,&quot;335559684&quot;:-2,&quot;335559685&quot;:720,&quot;335559991&quot;:360,&quot;469769226&quot;:&quot;Symbol&quot;,&quot;469769242&quot;:[8226],&quot;469777803&quot;:&quot;left&quot;,&quot;469777804&quot;:&quot;\uf0b7&quot;,&quot;469777815&quot;:&quot;hybridMultilevel&quot;}\" aria-setsize=\"-1\" data-aria-posinset=\"4\" data-aria-level=\"1\"><b>Wszechstronne zastosowanie<\/b> \u2013 doskona\u0142a do masa\u017cu, relaksu i piel\u0119gnacji st\u00f3p oraz pach.<\/li>\n<\/ul>\n<p>&nbsp;<\/p>\n","protected":false},"featured_media":3284830,"comment_status":"open","ping_status":"closed","template":"","meta":[],"product_cat":[246,47,124,210],"product_tag":[],"acf":[],"yoast_head":"<!-- This site is optimized with the Yoast SEO plugin v19.6.1 - https:\/\/yoast.com\/wordpress\/plugins\/seo\/ -->\n<title>Oliwa magnezowa - magnez na sk\u00f3r\u0119 | Klaudyna Hebda Nature<\/title>\n<meta name=\"description\" content=\"Oliwa magnezowa - to naturalna, ultra czysta, dermalna forma magnezu, specjalnie przygotowanego do nak\u0142adania na sk\u00f3r\u0119. Sprawd\u017a!\" \/>\n<meta name=\"robots\" content=\"index, follow, max-snippet:-1, max-image-preview:large, max-video-preview:-1\" \/>\n<link rel=\"canonical\" href=\"https:\/\/klaudynahebda.pl\/sklep\/oliwa-magnezowa-duza\/\" \/>\n<meta property=\"og:locale\" content=\"pl_PL\" \/>\n<meta property=\"og:type\" content=\"article\" \/>\n<meta property=\"og:title\" content=\"Oliwa magnezowa - magnez na sk\u00f3r\u0119 | Klaudyna Hebda Nature\" \/>\n<meta property=\"og:description\" content=\"Oliwa magnezowa - to naturalna, ultra czysta, dermalna forma magnezu, specjalnie przygotowanego do nak\u0142adania na sk\u00f3r\u0119. Sprawd\u017a!\" \/>\n<meta property=\"og:url\" content=\"https:\/\/klaudynahebda.pl\/sklep\/oliwa-magnezowa-duza\/\" \/>\n<meta property=\"og:site_name\" content=\"Klaudyna Hebda Nature\" \/>\n<meta property=\"article:modified_time\" content=\"2026-04-10T20:48:44+00:00\" \/>\n<meta property=\"og:image\" content=\"https:\/\/klaudynahebda.pl\/sklep\/wp-content\/uploads\/2017\/10\/oliwa-magnezowa-czterech-alchemikow-lazienka.jpg\" \/>\n\t<meta property=\"og:image:width\" content=\"768\" \/>\n\t<meta property=\"og:image:height\" content=\"1152\" \/>\n\t<meta property=\"og:image:type\" content=\"image\/jpeg\" \/>\n<meta name=\"twitter:card\" content=\"summary_large_image\" \/>\n<meta name=\"twitter:label1\" content=\"Szacowany czas czytania\" \/>\n\t<meta name=\"twitter:data1\" content=\"2 minuty\" \/>\n<script type=\"application\/ld+json\" class=\"yoast-schema-graph\">{\"@context\":\"https:\/\/schema.org\",\"@graph\":[{\"@type\":\"WebPage\",\"@id\":\"https:\/\/klaudynahebda.pl\/sklep\/oliwa-magnezowa-duza\/\",\"url\":\"https:\/\/klaudynahebda.pl\/sklep\/oliwa-magnezowa-duza\/\",\"name\":\"Oliwa magnezowa - magnez na sk\u00f3r\u0119 | Klaudyna Hebda Nature\",\"isPartOf\":{\"@id\":\"https:\/\/klaudynahebda.pl\/sklep\/#website\"},\"datePublished\":\"2025-07-12T09:43:34+00:00\",\"dateModified\":\"2026-04-10T20:48:44+00:00\",\"description\":\"Oliwa magnezowa - to naturalna, ultra czysta, dermalna forma magnezu, specjalnie przygotowanego do nak\u0142adania na sk\u00f3r\u0119. Sprawd\u017a!\",\"breadcrumb\":{\"@id\":\"https:\/\/klaudynahebda.pl\/sklep\/oliwa-magnezowa-duza\/#breadcrumb\"},\"inLanguage\":\"pl-PL\",\"potentialAction\":[{\"@type\":\"ReadAction\",\"target\":[\"https:\/\/klaudynahebda.pl\/sklep\/oliwa-magnezowa-duza\/\"]}]},{\"@type\":\"BreadcrumbList\",\"@id\":\"https:\/\/klaudynahebda.pl\/sklep\/oliwa-magnezowa-duza\/#breadcrumb\",\"itemListElement\":[{\"@type\":\"ListItem\",\"position\":1,\"name\":\"Strona g\u0142\u00f3wna\",\"item\":\"https:\/\/klaudynahebda.pl\/sklep\/\"},{\"@type\":\"ListItem\",\"position\":2,\"name\":\"Sklep\",\"item\":\"https:\/\/klaudynahebda.pl\/sklep\/sklep\/\"},{\"@type\":\"ListItem\",\"position\":3,\"name\":\"Magnez dermalny\",\"item\":\"https:\/\/klaudynahebda.pl\/sklep\/magnez-transdermalny\/\"},{\"@type\":\"ListItem\",\"position\":4,\"name\":\"Oliwa magnezowa [100 ml]\"}]},{\"@type\":\"WebSite\",\"@id\":\"https:\/\/klaudynahebda.pl\/sklep\/#website\",\"url\":\"https:\/\/klaudynahebda.pl\/sklep\/\",\"name\":\"Klaudyna Hebda Nature\",\"description\":\"Sklep\",\"publisher\":{\"@id\":\"https:\/\/klaudynahebda.pl\/sklep\/#organization\"},\"potentialAction\":[{\"@type\":\"SearchAction\",\"target\":{\"@type\":\"EntryPoint\",\"urlTemplate\":\"https:\/\/klaudynahebda.pl\/sklep\/?s={search_term_string}\"},\"query-input\":\"required name=search_term_string\"}],\"inLanguage\":\"pl-PL\"},{\"@type\":\"Organization\",\"@id\":\"https:\/\/klaudynahebda.pl\/sklep\/#organization\",\"name\":\"KlaudynaHebda\",\"url\":\"https:\/\/klaudynahebda.pl\/sklep\/\",\"sameAs\":[],\"logo\":{\"@type\":\"ImageObject\",\"inLanguage\":\"pl-PL\",\"@id\":\"https:\/\/klaudynahebda.pl\/sklep\/#\/schema\/logo\/image\/\",\"url\":\"\",\"contentUrl\":\"\",\"caption\":\"KlaudynaHebda\"},\"image\":{\"@id\":\"https:\/\/klaudynahebda.pl\/sklep\/#\/schema\/logo\/image\/\"}}]}<\/script>\n<!-- \/ Yoast SEO plugin. -->","yoast_head_json":{"title":"Oliwa magnezowa - magnez na sk\u00f3r\u0119 | Klaudyna Hebda Nature","description":"Oliwa magnezowa - to naturalna, ultra czysta, dermalna forma magnezu, specjalnie przygotowanego do nak\u0142adania na sk\u00f3r\u0119. Sprawd\u017a!","robots":{"index":"index","follow":"follow","max-snippet":"max-snippet:-1","max-image-preview":"max-image-preview:large","max-video-preview":"max-video-preview:-1"},"canonical":"https:\/\/klaudynahebda.pl\/sklep\/oliwa-magnezowa-duza\/","og_locale":"pl_PL","og_type":"article","og_title":"Oliwa magnezowa - magnez na sk\u00f3r\u0119 | Klaudyna Hebda Nature","og_description":"Oliwa magnezowa - to naturalna, ultra czysta, dermalna forma magnezu, specjalnie przygotowanego do nak\u0142adania na sk\u00f3r\u0119. Sprawd\u017a!","og_url":"https:\/\/klaudynahebda.pl\/sklep\/oliwa-magnezowa-duza\/","og_site_name":"Klaudyna Hebda Nature","article_modified_time":"2026-04-10T20:48:44+00:00","og_image":[{"width":768,"height":1152,"url":"https:\/\/klaudynahebda.pl\/sklep\/wp-content\/uploads\/2017\/10\/oliwa-magnezowa-czterech-alchemikow-lazienka.jpg","type":"image\/jpeg"}],"twitter_card":"summary_large_image","twitter_misc":{"Szacowany czas czytania":"2 minuty"},"schema":{"@context":"https:\/\/schema.org","@graph":[{"@type":"WebPage","@id":"https:\/\/klaudynahebda.pl\/sklep\/oliwa-magnezowa-duza\/","url":"https:\/\/klaudynahebda.pl\/sklep\/oliwa-magnezowa-duza\/","name":"Oliwa magnezowa - magnez na sk\u00f3r\u0119 | Klaudyna Hebda Nature","isPartOf":{"@id":"https:\/\/klaudynahebda.pl\/sklep\/#website"},"datePublished":"2025-07-12T09:43:34+00:00","dateModified":"2026-04-10T20:48:44+00:00","description":"Oliwa magnezowa - to naturalna, ultra czysta, dermalna forma magnezu, specjalnie przygotowanego do nak\u0142adania na sk\u00f3r\u0119. Sprawd\u017a!","breadcrumb":{"@id":"https:\/\/klaudynahebda.pl\/sklep\/oliwa-magnezowa-duza\/#breadcrumb"},"inLanguage":"pl-PL","potentialAction":[{"@type":"ReadAction","target":["https:\/\/klaudynahebda.pl\/sklep\/oliwa-magnezowa-duza\/"]}]},{"@type":"BreadcrumbList","@id":"https:\/\/klaudynahebda.pl\/sklep\/oliwa-magnezowa-duza\/#breadcrumb","itemListElement":[{"@type":"ListItem","position":1,"name":"Strona g\u0142\u00f3wna","item":"https:\/\/klaudynahebda.pl\/sklep\/"},{"@type":"ListItem","position":2,"name":"Sklep","item":"https:\/\/klaudynahebda.pl\/sklep\/sklep\/"},{"@type":"ListItem","position":3,"name":"Magnez dermalny","item":"https:\/\/klaudynahebda.pl\/sklep\/magnez-transdermalny\/"},{"@type":"ListItem","position":4,"name":"Oliwa magnezowa [100 ml]"}]},{"@type":"WebSite","@id":"https:\/\/klaudynahebda.pl\/sklep\/#website","url":"https:\/\/klaudynahebda.pl\/sklep\/","name":"Klaudyna Hebda Nature","description":"Sklep","publisher":{"@id":"https:\/\/klaudynahebda.pl\/sklep\/#organization"},"potentialAction":[{"@type":"SearchAction","target":{"@type":"EntryPoint","urlTemplate":"https:\/\/klaudynahebda.pl\/sklep\/?s={search_term_string}"},"query-input":"required name=search_term_string"}],"inLanguage":"pl-PL"},{"@type":"Organization","@id":"https:\/\/klaudynahebda.pl\/sklep\/#organization","name":"KlaudynaHebda","url":"https:\/\/klaudynahebda.pl\/sklep\/","sameAs":[],"logo":{"@type":"ImageObject","inLanguage":"pl-PL","@id":"https:\/\/klaudynahebda.pl\/sklep\/#\/schema\/logo\/image\/","url":"","contentUrl":"","caption":"KlaudynaHebda"},"image":{"@id":"https:\/\/klaudynahebda.pl\/sklep\/#\/schema\/logo\/image\/"}}]}},"_links":{"self":[{"href":"https:\/\/klaudynahebda.pl\/sklep\/wp-json\/wp\/v2\/product\/7496"}],"collection":[{"href":"https:\/\/klaudynahebda.pl\/sklep\/wp-json\/wp\/v2\/product"}],"about":[{"href":"https:\/\/klaudynahebda.pl\/sklep\/wp-json\/wp\/v2\/types\/product"}],"replies":[{"embeddable":true,"href":"https:\/\/klaudynahebda.pl\/sklep\/wp-json\/wp\/v2\/comments?post=7496"}],"wp:featuredmedia":[{"embeddable":true,"href":"https:\/\/klaudynahebda.pl\/sklep\/wp-json\/wp\/v2\/media\/3284830"}],"wp:attachment":[{"href":"https:\/\/klaudynahebda.pl\/sklep\/wp-json\/wp\/v2\/media?parent=7496"}],"wp:term":[{"taxonomy":"product_cat","embeddable":true,"href":"https:\/\/klaudynahebda.pl\/sklep\/wp-json\/wp\/v2\/product_cat?post=7496"},{"taxonomy":"product_tag","embeddable":true,"href":"https:\/\/klaudynahebda.pl\/sklep\/wp-json\/wp\/v2\/product_tag?post=7496"}],"curies":[{"name":"wp","href":"https:\/\/api.w.org\/{rel}","templated":true}]}}