{"id":7161,"date":"2017-08-26T11:15:46","date_gmt":"2017-08-26T09:15:46","guid":{"rendered":"http:\/\/klaudynahebda.pl\/sklep\/product\/olejek-eukaliptusowy\/"},"modified":"2026-04-06T22:56:16","modified_gmt":"2026-04-06T20:56:16","slug":"olejek-eukaliptusowy","status":"publish","type":"product","link":"https:\/\/klaudynahebda.pl\/sklep\/olejek-eukaliptusowy\/","title":{"rendered":"Olejek eukaliptusowy"},"content":{"rendered":"<p><span data-contrast=\"auto\">Wyobra\u017a sobie spacer po eukaliptusowym lesie \u2013 zapach, kt\u00f3ry otwiera przestrze\u0144, daje oddech i pozwala poczu\u0107 swobod\u0119. To w\u0142a\u015bnie eukaliptus: prosty, naturalny spos\u00f3b na chwile r\u00f3wnowagi w zabieganym dniu.<\/span><span data-ccp-props=\"{&quot;134233117&quot;:false,&quot;134233118&quot;:false,&quot;335559738&quot;:240,&quot;335559739&quot;:240}\">\u00a0<\/span><\/p>\n<h2>Olejek eukaliptusowy &#8211; jak go stosowa\u0107?<\/h2>\n<ul>\n<li data-leveltext=\"\uf0b7\" data-font=\"Symbol\" data-listid=\"6\" data-list-defn-props=\"{&quot;335552541&quot;:1,&quot;335559685&quot;:720,&quot;335559991&quot;:360,&quot;469769226&quot;:&quot;Symbol&quot;,&quot;469769242&quot;:[8226],&quot;469777803&quot;:&quot;left&quot;,&quot;469777804&quot;:&quot;\uf0b7&quot;,&quot;469777815&quot;:&quot;hybridMultilevel&quot;}\" data-aria-posinset=\"1\" data-aria-level=\"1\"><b><span data-contrast=\"auto\">W domu:<\/span><\/b><span data-contrast=\"auto\"> kilka kropli w dyfuzorze wype\u0142ni przestrze\u0144 rze\u015bkim aromatem.<\/span><span data-ccp-props=\"{&quot;134233117&quot;:false,&quot;134233118&quot;:false,&quot;335559738&quot;:0,&quot;335559739&quot;:0}\">\u00a0<\/span><\/li>\n<li data-leveltext=\"\uf0b7\" data-font=\"Symbol\" data-listid=\"6\" data-list-defn-props=\"{&quot;335552541&quot;:1,&quot;335559685&quot;:720,&quot;335559991&quot;:360,&quot;469769226&quot;:&quot;Symbol&quot;,&quot;469769242&quot;:[8226],&quot;469777803&quot;:&quot;left&quot;,&quot;469777804&quot;:&quot;\uf0b7&quot;,&quot;469777815&quot;:&quot;hybridMultilevel&quot;}\" data-aria-posinset=\"1\" data-aria-level=\"1\"><b><span data-contrast=\"auto\">Podczas piel\u0119gnacji:<\/span><\/b><span data-contrast=\"auto\"> dodaj go do domowych peeling\u00f3w, soli do k\u0105pieli lub balsam\u00f3w.<\/span><span data-ccp-props=\"{&quot;134233117&quot;:false,&quot;134233118&quot;:false,&quot;335559738&quot;:0,&quot;335559739&quot;:0}\">\u00a0<\/span><\/li>\n<li data-leveltext=\"\uf0b7\" data-font=\"Symbol\" data-listid=\"6\" data-list-defn-props=\"{&quot;335552541&quot;:1,&quot;335559685&quot;:720,&quot;335559991&quot;:360,&quot;469769226&quot;:&quot;Symbol&quot;,&quot;469769242&quot;:[8226],&quot;469777803&quot;:&quot;left&quot;,&quot;469777804&quot;:&quot;\uf0b7&quot;,&quot;469777815&quot;:&quot;hybridMultilevel&quot;}\" data-aria-posinset=\"1\" data-aria-level=\"1\"><b><span data-contrast=\"auto\">W ch\u0142odniejsze dni:<\/span><\/b><span data-contrast=\"auto\"> stw\u00f3rz ciep\u0142\u0105 atmosfer\u0119, rozprowadzaj\u0105c go na sk\u00f3rze (po rozpuszczeniu w oleju bazowym).<\/span><span data-ccp-props=\"{&quot;134233117&quot;:false,&quot;134233118&quot;:false,&quot;335559738&quot;:0,&quot;335559739&quot;:0}\">\u00a0<\/span><\/li>\n<li data-leveltext=\"\uf0b7\" data-font=\"Symbol\" data-listid=\"6\" data-list-defn-props=\"{&quot;335552541&quot;:1,&quot;335559685&quot;:720,&quot;335559991&quot;:360,&quot;469769226&quot;:&quot;Symbol&quot;,&quot;469769242&quot;:[8226],&quot;469777803&quot;:&quot;left&quot;,&quot;469777804&quot;:&quot;\uf0b7&quot;,&quot;469777815&quot;:&quot;hybridMultilevel&quot;}\" data-aria-posinset=\"1\" data-aria-level=\"1\"><b><span data-contrast=\"auto\">Dla relaksu:<\/span><\/b><span data-contrast=\"auto\"> wystarczy wacik z odrobin\u0105 olejku umieszczony w odkurzaczu, by od\u015bwie\u017cy\u0107 powietrze podczas sprz\u0105tania.<\/span><span data-ccp-props=\"{&quot;134233117&quot;:false,&quot;134233118&quot;:false,&quot;335559738&quot;:0,&quot;335559739&quot;:0}\">\u00a0<\/span><\/li>\n<\/ul>\n<h2>Zastosowanie olejku eukaliptusowego w aromaterapii: jak dzia\u0142a ten zapach?<\/h2>\n<ul>\n<li data-leveltext=\"\uf0b7\" data-font=\"Symbol\" data-listid=\"7\" data-list-defn-props=\"{&quot;335552541&quot;:1,&quot;335559685&quot;:720,&quot;335559991&quot;:360,&quot;469769226&quot;:&quot;Symbol&quot;,&quot;469769242&quot;:[8226],&quot;469777803&quot;:&quot;left&quot;,&quot;469777804&quot;:&quot;\uf0b7&quot;,&quot;469777815&quot;:&quot;hybridMultilevel&quot;}\" data-aria-posinset=\"1\" data-aria-level=\"1\"><span data-contrast=\"auto\">Pobudza i dodaje energii, gdy dzie\u0144 wymaga wi\u0119kszej mobilizacji.<\/span><span data-ccp-props=\"{&quot;134233117&quot;:false,&quot;134233118&quot;:false,&quot;335559738&quot;:0,&quot;335559739&quot;:0}\">\u00a0<\/span><\/li>\n<li data-leveltext=\"\uf0b7\" data-font=\"Symbol\" data-listid=\"7\" data-list-defn-props=\"{&quot;335552541&quot;:1,&quot;335559685&quot;:720,&quot;335559991&quot;:360,&quot;469769226&quot;:&quot;Symbol&quot;,&quot;469769242&quot;:[8226],&quot;469777803&quot;:&quot;left&quot;,&quot;469777804&quot;:&quot;\uf0b7&quot;,&quot;469777815&quot;:&quot;hybridMultilevel&quot;}\" data-aria-posinset=\"1\" data-aria-level=\"1\"><span data-contrast=\"auto\">Dzia\u0142a inspiruj\u0105co, pomaga w koncentracji.<\/span><span data-ccp-props=\"{&quot;134233117&quot;:false,&quot;134233118&quot;:false,&quot;335559738&quot;:0,&quot;335559739&quot;:0}\">\u00a0<\/span><\/li>\n<li data-leveltext=\"\uf0b7\" data-font=\"Symbol\" data-listid=\"7\" data-list-defn-props=\"{&quot;335552541&quot;:1,&quot;335559685&quot;:720,&quot;335559991&quot;:360,&quot;469769226&quot;:&quot;Symbol&quot;,&quot;469769242&quot;:[8226],&quot;469777803&quot;:&quot;left&quot;,&quot;469777804&quot;:&quot;\uf0b7&quot;,&quot;469777815&quot;:&quot;hybridMultilevel&quot;}\" data-aria-posinset=\"1\" data-aria-level=\"1\"><span data-contrast=\"auto\">\u015awietnie \u0142\u0105czy si\u0119 z innymi olejkami, jak mi\u0119ta czy rozmaryn, tworz\u0105c harmonijne kompozycje.<\/span><span data-ccp-props=\"{&quot;134233117&quot;:false,&quot;134233118&quot;:false,&quot;335559738&quot;:0,&quot;335559739&quot;:0}\">\u00a0<\/span><\/li>\n<\/ul>\n<p><span data-contrast=\"auto\">Uwolnij potencja\u0142 natury i wprowad\u017a do swojej codzienno\u015bci zapach, kt\u00f3ry o\u017cywia, relaksuje i inspiruje! \ud83c\udf3f<\/span><span data-ccp-props=\"{&quot;134233117&quot;:false,&quot;134233118&quot;:false,&quot;335559738&quot;:240,&quot;335559739&quot;:240}\">\u00a0<\/span><\/p>\n<p><strong>Nowa, od\u015bwie\u017cona etykieta\u00a0<\/strong><br \/>\nTo wci\u0105\u017c ten sam, uwielbiany przez Was olejek \u2013 zmieni\u0142 si\u0119 tylko jego wygl\u0105d.<\/p>\n<p>&nbsp;<\/p>\n<h2>Gdzie znajdziesz olejek eukaliptusowy?<\/h2>\n<p>Klaudyna si\u0119ga po niego ch\u0119tnie, dlatego znajdziesz go w wielu innych aromaterapeutycznych recepturach, takich jak:<\/p>\n<ul>\n<li><a href=\"https:\/\/klaudynahebda.pl\/sklep\/masc-liptus\/\">ma\u015b\u0107 do smarowania Liptus<\/a>, czyli nasz odpowiednik kultowego balsamu Lekki Oddech \u2014 tym razem w wersji dla doros\u0142ych,<\/li>\n<li>eukaliptusowa <a href=\"https:\/\/klaudynahebda.pl\/sklep\/sol-liptus\/\">s\u00f3l do k\u0105pieli Liptus<\/a>,<\/li>\n<li><a href=\"https:\/\/klaudynahebda.pl\/sklep\/zatoki-i\/\">mieszanka olejk\u00f3w eterycznych Liptus<\/a>,<\/li>\n<li><a href=\"https:\/\/klaudynahebda.pl\/sklep\/roll-on-liptus\/\">roll-on Liptus<\/a> &#8211; do zabrania ze sob\u0105 w podr\u00f3\u017c albo do pracy.<\/li>\n<\/ul>\n<p>&nbsp;<\/p>\n<h3>Dyfuzor bezwodny \u2013 wydob\u0105d\u017a z olejku eukaliptusowego to, co najlepsze<\/h3>\n<p data-gtm-vis-has-fired9999833_56=\"1\">Aby w pe\u0142ni czerpa\u0107 z w\u0142a\u015bciwo\u015bci olejk\u00f3w eterycznych, si\u0119gnij po\u00a0<a href=\"https:\/\/klaudynahebda.pl\/sklep\/dyfuzor-do-aromaterapii\/\"><strong data-start=\"259\" data-end=\"288\">dyfuzor bezwodny K. HEBDA<\/strong><\/a>\u00a0\u2013 urz\u0105dzenie, kt\u00f3re wydobywa 100% esencji zapachowej bez u\u017cycia wody i ciep\u0142a. D<span data-contrast=\"auto\">zi\u0119ki temu cz\u0105steczki olejk\u00f3w nie s\u0105 rozcie\u0144czone, a zapach jest dok\u0142adnie taki, jaki czujesz, w\u0105chaj\u0105c buteleczk\u0119.<\/span><span data-ccp-props=\"{&quot;134233118&quot;:false,&quot;201341983&quot;:0,&quot;335559685&quot;:-20,&quot;335559737&quot;:-20,&quot;335559739&quot;:200,&quot;335559740&quot;:276}\">\u00a0<\/span><\/p>\n<p data-gtm-vis-has-fired9999833_56=\"1\">\ud83d\udc49 Sprawd\u017a te\u017c inne <a href=\"https:\/\/klaudynahebda.pl\/sklep\/olejki-eteryczne\/\" target=\"_blank\" rel=\"noopener\">naturalne olejki eteryczne<\/a>.<\/p>\n","protected":false},"excerpt":{"rendered":"<h2><span data-contrast=\"auto\">Olejek eukliptusowy to:<\/span><\/h2>\n<ul>\n<li><span data-contrast=\"auto\">100% naturalnego olejku eterycznego;<\/span><\/li>\n<li><span data-contrast=\"auto\">\u015bwie\u017cy i g\u0142\u0119boki zapach eukaliptusa, kt\u00f3ry otula ciep\u0142\u0105, zio\u0142ow\u0105 nut\u0105;<\/span><\/li>\n<li><span data-contrast=\"auto\">aromat natury, kt\u00f3ry potrafi wnie\u015b\u0107 do Twojego domu uczucie przestrzeni i orze\u017awienia.<\/span><span data-ccp-props=\"{&quot;134233117&quot;:false,&quot;134233118&quot;:false,&quot;335559738&quot;:240,&quot;335559739&quot;:240}\">\u00a0<\/span><\/li>\n<li data-leveltext=\"\uf0b7\" data-font=\"Symbol\" data-listid=\"5\" data-list-defn-props=\"{&quot;335552541&quot;:1,&quot;335559685&quot;:720,&quot;335559991&quot;:360,&quot;469769226&quot;:&quot;Symbol&quot;,&quot;469769242&quot;:[8226],&quot;469777803&quot;:&quot;left&quot;,&quot;469777804&quot;:&quot;\uf0b7&quot;,&quot;469777815&quot;:&quot;hybridMultilevel&quot;}\" data-aria-posinset=\"1\" data-aria-level=\"1\"><span data-contrast=\"auto\">doskona\u0142y wyb\u00f3r do sauny, dyfuzora czy domowych kosmetyk\u00f3w.<\/span><span data-ccp-props=\"{&quot;134233117&quot;:false,&quot;134233118&quot;:false,&quot;335559738&quot;:0,&quot;335559739&quot;:0}\">\u00a0<\/span><\/li>\n<li data-leveltext=\"\uf0b7\" data-font=\"Symbol\" data-listid=\"5\" data-list-defn-props=\"{&quot;335552541&quot;:1,&quot;335559685&quot;:720,&quot;335559991&quot;:360,&quot;469769226&quot;:&quot;Symbol&quot;,&quot;469769242&quot;:[8226],&quot;469777803&quot;:&quot;left&quot;,&quot;469777804&quot;:&quot;\uf0b7&quot;,&quot;469777815&quot;:&quot;hybridMultilevel&quot;}\" data-aria-posinset=\"1\" data-aria-level=\"1\"><span data-contrast=\"auto\">naturalny spos\u00f3b na stworzenie atmosfery sprzyjaj\u0105cej oddechowi i relaksowi.<\/span><span data-ccp-props=\"{&quot;134233117&quot;:false,&quot;134233118&quot;:false,&quot;335559738&quot;:0,&quot;335559739&quot;:0}\">\u00a0<\/span><\/li>\n<li data-leveltext=\"\uf0b7\" data-font=\"Symbol\" data-listid=\"5\" data-list-defn-props=\"{&quot;335552541&quot;:1,&quot;335559685&quot;:720,&quot;335559991&quot;:360,&quot;469769226&quot;:&quot;Symbol&quot;,&quot;469769242&quot;:[8226],&quot;469777803&quot;:&quot;left&quot;,&quot;469777804&quot;:&quot;\uf0b7&quot;,&quot;469777815&quot;:&quot;hybridMultilevel&quot;}\" data-aria-posinset=\"1\" data-aria-level=\"1\"><span data-contrast=\"auto\">zapach, kt\u00f3ry inspiruje \u2013 miodowo-zielny, bez ostro\u015bci typowej dla aptecznych produkt\u00f3w.<\/span><span data-ccp-props=\"{&quot;134233117&quot;:false,&quot;134233118&quot;:false,&quot;335559738&quot;:0,&quot;335559739&quot;:0}\">\u00a0<\/span><\/li>\n<\/ul>\n<p><strong>Nowa, od\u015bwie\u017cona etykieta\u00a0<\/strong><br \/>\nTo wci\u0105\u017c ten sam, uwielbiany przez Was olejek \u2013 zmieni\u0142 si\u0119 tylko jego wygl\u0105d.<\/p>\n","protected":false},"featured_media":3323596,"comment_status":"open","ping_status":"closed","template":"","meta":[],"product_cat":[214,213,36,111,39,80],"product_tag":[],"acf":[],"yoast_head":"<!-- This site is optimized with the Yoast SEO plugin v19.6.1 - https:\/\/yoast.com\/wordpress\/plugins\/seo\/ -->\n<title>Olejek eukaliptusowy - Klaudyna Hebda Nature<\/title>\n<meta name=\"description\" content=\"100% naturalny olejek eukaliptusowy - pobudzaj\u0105cy, energetyzuj\u0105cy i niezb\u0119dny w domowej szafce. Zapach wspiera komfortowy oddech.\" \/>\n<meta name=\"robots\" content=\"index, follow, max-snippet:-1, max-image-preview:large, max-video-preview:-1\" \/>\n<link rel=\"canonical\" href=\"https:\/\/klaudynahebda.pl\/sklep\/olejek-eukaliptusowy\/\" \/>\n<meta property=\"og:locale\" content=\"pl_PL\" \/>\n<meta property=\"og:type\" content=\"article\" \/>\n<meta property=\"og:title\" content=\"Olejek eukaliptusowy - Klaudyna Hebda Nature\" \/>\n<meta property=\"og:description\" content=\"100% naturalny olejek eukaliptusowy - pobudzaj\u0105cy, energetyzuj\u0105cy i niezb\u0119dny w domowej szafce. Zapach wspiera komfortowy oddech.\" \/>\n<meta property=\"og:url\" content=\"https:\/\/klaudynahebda.pl\/sklep\/olejek-eukaliptusowy\/\" \/>\n<meta property=\"og:site_name\" content=\"Klaudyna Hebda Nature\" \/>\n<meta property=\"article:modified_time\" content=\"2026-04-06T20:56:16+00:00\" \/>\n<meta property=\"og:image\" content=\"https:\/\/klaudynahebda.pl\/sklep\/wp-content\/uploads\/2019\/02\/olejek-eteryczny-eukaliptus-klaudyna-hebda-15-ml.png\" \/>\n\t<meta property=\"og:image:width\" content=\"844\" \/>\n\t<meta property=\"og:image:height\" content=\"1152\" \/>\n\t<meta property=\"og:image:type\" content=\"image\/png\" \/>\n<meta name=\"twitter:card\" content=\"summary_large_image\" \/>\n<meta name=\"twitter:label1\" content=\"Szacowany czas czytania\" \/>\n\t<meta name=\"twitter:data1\" content=\"2 minuty\" \/>\n<script type=\"application\/ld+json\" class=\"yoast-schema-graph\">{\"@context\":\"https:\/\/schema.org\",\"@graph\":[{\"@type\":\"WebPage\",\"@id\":\"https:\/\/klaudynahebda.pl\/sklep\/olejek-eukaliptusowy\/\",\"url\":\"https:\/\/klaudynahebda.pl\/sklep\/olejek-eukaliptusowy\/\",\"name\":\"Olejek eukaliptusowy - Klaudyna Hebda Nature\",\"isPartOf\":{\"@id\":\"https:\/\/klaudynahebda.pl\/sklep\/#website\"},\"datePublished\":\"2017-08-26T09:15:46+00:00\",\"dateModified\":\"2026-04-06T20:56:16+00:00\",\"description\":\"100% naturalny olejek eukaliptusowy - pobudzaj\u0105cy, energetyzuj\u0105cy i niezb\u0119dny w domowej szafce. Zapach wspiera komfortowy oddech.\",\"breadcrumb\":{\"@id\":\"https:\/\/klaudynahebda.pl\/sklep\/olejek-eukaliptusowy\/#breadcrumb\"},\"inLanguage\":\"pl-PL\",\"potentialAction\":[{\"@type\":\"ReadAction\",\"target\":[\"https:\/\/klaudynahebda.pl\/sklep\/olejek-eukaliptusowy\/\"]}]},{\"@type\":\"BreadcrumbList\",\"@id\":\"https:\/\/klaudynahebda.pl\/sklep\/olejek-eukaliptusowy\/#breadcrumb\",\"itemListElement\":[{\"@type\":\"ListItem\",\"position\":1,\"name\":\"Strona g\u0142\u00f3wna\",\"item\":\"https:\/\/klaudynahebda.pl\/sklep\/\"},{\"@type\":\"ListItem\",\"position\":2,\"name\":\"Sklep\",\"item\":\"https:\/\/klaudynahebda.pl\/sklep\/sklep\/\"},{\"@type\":\"ListItem\",\"position\":3,\"name\":\"Zatoki\",\"item\":\"https:\/\/klaudynahebda.pl\/sklep\/zatoki\/\"},{\"@type\":\"ListItem\",\"position\":4,\"name\":\"Olejek eukaliptusowy\"}]},{\"@type\":\"WebSite\",\"@id\":\"https:\/\/klaudynahebda.pl\/sklep\/#website\",\"url\":\"https:\/\/klaudynahebda.pl\/sklep\/\",\"name\":\"Klaudyna Hebda Nature\",\"description\":\"Sklep\",\"publisher\":{\"@id\":\"https:\/\/klaudynahebda.pl\/sklep\/#organization\"},\"potentialAction\":[{\"@type\":\"SearchAction\",\"target\":{\"@type\":\"EntryPoint\",\"urlTemplate\":\"https:\/\/klaudynahebda.pl\/sklep\/?s={search_term_string}\"},\"query-input\":\"required name=search_term_string\"}],\"inLanguage\":\"pl-PL\"},{\"@type\":\"Organization\",\"@id\":\"https:\/\/klaudynahebda.pl\/sklep\/#organization\",\"name\":\"KlaudynaHebda\",\"url\":\"https:\/\/klaudynahebda.pl\/sklep\/\",\"sameAs\":[],\"logo\":{\"@type\":\"ImageObject\",\"inLanguage\":\"pl-PL\",\"@id\":\"https:\/\/klaudynahebda.pl\/sklep\/#\/schema\/logo\/image\/\",\"url\":\"\",\"contentUrl\":\"\",\"caption\":\"KlaudynaHebda\"},\"image\":{\"@id\":\"https:\/\/klaudynahebda.pl\/sklep\/#\/schema\/logo\/image\/\"}}]}<\/script>\n<!-- \/ Yoast SEO plugin. -->","yoast_head_json":{"title":"Olejek eukaliptusowy - Klaudyna Hebda Nature","description":"100% naturalny olejek eukaliptusowy - pobudzaj\u0105cy, energetyzuj\u0105cy i niezb\u0119dny w domowej szafce. Zapach wspiera komfortowy oddech.","robots":{"index":"index","follow":"follow","max-snippet":"max-snippet:-1","max-image-preview":"max-image-preview:large","max-video-preview":"max-video-preview:-1"},"canonical":"https:\/\/klaudynahebda.pl\/sklep\/olejek-eukaliptusowy\/","og_locale":"pl_PL","og_type":"article","og_title":"Olejek eukaliptusowy - Klaudyna Hebda Nature","og_description":"100% naturalny olejek eukaliptusowy - pobudzaj\u0105cy, energetyzuj\u0105cy i niezb\u0119dny w domowej szafce. Zapach wspiera komfortowy oddech.","og_url":"https:\/\/klaudynahebda.pl\/sklep\/olejek-eukaliptusowy\/","og_site_name":"Klaudyna Hebda Nature","article_modified_time":"2026-04-06T20:56:16+00:00","og_image":[{"width":844,"height":1152,"url":"https:\/\/klaudynahebda.pl\/sklep\/wp-content\/uploads\/2019\/02\/olejek-eteryczny-eukaliptus-klaudyna-hebda-15-ml.png","type":"image\/png"}],"twitter_card":"summary_large_image","twitter_misc":{"Szacowany czas czytania":"2 minuty"},"schema":{"@context":"https:\/\/schema.org","@graph":[{"@type":"WebPage","@id":"https:\/\/klaudynahebda.pl\/sklep\/olejek-eukaliptusowy\/","url":"https:\/\/klaudynahebda.pl\/sklep\/olejek-eukaliptusowy\/","name":"Olejek eukaliptusowy - Klaudyna Hebda Nature","isPartOf":{"@id":"https:\/\/klaudynahebda.pl\/sklep\/#website"},"datePublished":"2017-08-26T09:15:46+00:00","dateModified":"2026-04-06T20:56:16+00:00","description":"100% naturalny olejek eukaliptusowy - pobudzaj\u0105cy, energetyzuj\u0105cy i niezb\u0119dny w domowej szafce. Zapach wspiera komfortowy oddech.","breadcrumb":{"@id":"https:\/\/klaudynahebda.pl\/sklep\/olejek-eukaliptusowy\/#breadcrumb"},"inLanguage":"pl-PL","potentialAction":[{"@type":"ReadAction","target":["https:\/\/klaudynahebda.pl\/sklep\/olejek-eukaliptusowy\/"]}]},{"@type":"BreadcrumbList","@id":"https:\/\/klaudynahebda.pl\/sklep\/olejek-eukaliptusowy\/#breadcrumb","itemListElement":[{"@type":"ListItem","position":1,"name":"Strona g\u0142\u00f3wna","item":"https:\/\/klaudynahebda.pl\/sklep\/"},{"@type":"ListItem","position":2,"name":"Sklep","item":"https:\/\/klaudynahebda.pl\/sklep\/sklep\/"},{"@type":"ListItem","position":3,"name":"Zatoki","item":"https:\/\/klaudynahebda.pl\/sklep\/zatoki\/"},{"@type":"ListItem","position":4,"name":"Olejek eukaliptusowy"}]},{"@type":"WebSite","@id":"https:\/\/klaudynahebda.pl\/sklep\/#website","url":"https:\/\/klaudynahebda.pl\/sklep\/","name":"Klaudyna Hebda Nature","description":"Sklep","publisher":{"@id":"https:\/\/klaudynahebda.pl\/sklep\/#organization"},"potentialAction":[{"@type":"SearchAction","target":{"@type":"EntryPoint","urlTemplate":"https:\/\/klaudynahebda.pl\/sklep\/?s={search_term_string}"},"query-input":"required name=search_term_string"}],"inLanguage":"pl-PL"},{"@type":"Organization","@id":"https:\/\/klaudynahebda.pl\/sklep\/#organization","name":"KlaudynaHebda","url":"https:\/\/klaudynahebda.pl\/sklep\/","sameAs":[],"logo":{"@type":"ImageObject","inLanguage":"pl-PL","@id":"https:\/\/klaudynahebda.pl\/sklep\/#\/schema\/logo\/image\/","url":"","contentUrl":"","caption":"KlaudynaHebda"},"image":{"@id":"https:\/\/klaudynahebda.pl\/sklep\/#\/schema\/logo\/image\/"}}]}},"_links":{"self":[{"href":"https:\/\/klaudynahebda.pl\/sklep\/wp-json\/wp\/v2\/product\/7161"}],"collection":[{"href":"https:\/\/klaudynahebda.pl\/sklep\/wp-json\/wp\/v2\/product"}],"about":[{"href":"https:\/\/klaudynahebda.pl\/sklep\/wp-json\/wp\/v2\/types\/product"}],"replies":[{"embeddable":true,"href":"https:\/\/klaudynahebda.pl\/sklep\/wp-json\/wp\/v2\/comments?post=7161"}],"wp:featuredmedia":[{"embeddable":true,"href":"https:\/\/klaudynahebda.pl\/sklep\/wp-json\/wp\/v2\/media\/3323596"}],"wp:attachment":[{"href":"https:\/\/klaudynahebda.pl\/sklep\/wp-json\/wp\/v2\/media?parent=7161"}],"wp:term":[{"taxonomy":"product_cat","embeddable":true,"href":"https:\/\/klaudynahebda.pl\/sklep\/wp-json\/wp\/v2\/product_cat?post=7161"},{"taxonomy":"product_tag","embeddable":true,"href":"https:\/\/klaudynahebda.pl\/sklep\/wp-json\/wp\/v2\/product_tag?post=7161"}],"curies":[{"name":"wp","href":"https:\/\/api.w.org\/{rel}","templated":true}]}}