{"id":70069,"date":"2020-02-20T15:42:19","date_gmt":"2020-02-20T14:42:19","guid":{"rendered":"https:\/\/klaudynahebda.pl\/sklep\/?post_type=product&#038;p=70069"},"modified":"2026-04-29T10:00:57","modified_gmt":"2026-04-29T08:00:57","slug":"palo-santo","status":"publish","type":"product","link":"https:\/\/klaudynahebda.pl\/sklep\/palo-santo\/","title":{"rendered":"Drewienka Palo santo [85 g]"},"content":{"rendered":"<h2><span style=\"font-weight: 400;\"><strong>Palo santo: rytua\u0142 dla dobrej energii<\/strong><\/span><\/h2>\n<p><span style=\"font-weight: 400;\">To nie jest kadzid\u0142o, kt\u00f3re zapala si\u0119 tak po prostu. Jest na to zbyt nieuchwytne, wymykaj\u0105ce si\u0119 naszemu pojmowaniu \u015bwiata. Nie przypomina te\u017c ci\u0119\u017ckich, ko\u015bcielnych zapach\u00f3w, bo jedyna \u015bwi\u0105tynia, do kt\u00f3rej nale\u017cy, to pierwotny las tropikalny. Jego aromat jednym przypomina s\u0142odkaw\u0105 wanili\u0119 i orze\u017awiaj\u0105ce cytrusy, a innym po\u0142\u0105czenie \u015bwie\u017cej mi\u0119ty, \u017cywicznej sosny i lekkiej cytryny. <strong>To jedno z najintensywniej pachn\u0105cych drzew na \u015bwiecie!\u00a0<\/strong><\/span><\/p>\n<p><span style=\"font-weight: 400;\">Palo santo, czyli \u015awi\u0119te Drzewo, tradycyjnie jest u\u017cywane do okadzania dom\u00f3w, by zrobi\u0107 miejsce dla dobrej energii. Rytua\u0142 palenia \u015awi\u0119tego Drzewa si\u0119ga z\u0142otych czas\u00f3w Imperium Ink\u00f3w, gdzie odgrywa\u0142 niezmiernie wa\u017cn\u0105 rol\u0105 podczas duchowych ceremonii czy wspierania leczenia.\u00a0<\/span><\/p>\n<p><span style=\"font-weight: 400;\"><strong>Wa\u017cne:<\/strong> Palo santo sta\u0142o si\u0119 \u015bwiatowym fenomenem. Zamawiaj\u0105c drewienka u nas, mo\u017cesz mie\u0107 pewno\u015b\u0107, \u017ce <strong>korzystamy wy\u0142\u0105cznie z etycznych \u017ar\u00f3de\u0142, pozyskuj\u0105c drewienka z obumar\u0142ych ga\u0142\u0119zi.\u00a0<\/strong><\/span><\/p>\n<h2><b>Drewienka Palo santo: zastosowanie<\/b><\/h2>\n<p>Dym Palo santo usuwa negatywn\u0105 energi\u0119, wycisza i przywraca spok\u00f3j. Pomaga zachowa\u0107 r\u00f3wnowag\u0119 oraz odnale\u017a\u0107 harmoni\u0119. <span style=\"font-weight: 400;\">Wiele os\u00f3b u\u017cywa Palo santo po trudniejszych chwilach, \u017ceby (zgodnie z szama\u0144skim rytua\u0142em) wyp\u0119dzi\u0107 z\u0142e emocje i zrobi\u0107 miejsce dla tych dobrych.\u00a0<\/span><\/p>\n<p><span style=\"font-weight: 400;\">Zapach Palo santo \u015bwietnie sprawdzi si\u0119 te\u017c jako inspiracja przy pracy tw\u00f3rczej, do praktyki jogi lub przywitania nowego dnia.\u00a0<\/span><\/p>\n<p><strong>Sprawd\u017a te\u017c:<a href=\"https:\/\/klaudynahebda.pl\/sklep\/olejki-kadzidlowe-frankincense-olibanum\/\"> olejki kadzid\u0142owe<\/a><\/strong><\/p>\n","protected":false},"excerpt":{"rendered":"<h2><span style=\"font-weight: 400;\">Drewienka Palo santo: zapalisz raz, a zapami\u0119tasz na zawsze&#8230;\u00a0<\/span><\/h2>\n<ul>\n<li><span style=\"font-weight: 400;\"><strong>do\u015bwiadczenie<\/strong> \u2014 co\u015b wyj\u0105tkowego, niezwyk\u0142ego, co trudno jeszcze wyrazi\u0107 s\u0142owami;<\/span><\/li>\n<li><span style=\"font-weight: 400;\">jeden z<strong> najbardziej tajemniczych zapach\u00f3w,<\/strong> kt\u00f3ry oczyszcza umys\u0142 i wprowadza w stan relaksu, zacieraj\u0105c granic\u0119 mi\u0119dzy snem a jaw\u0105;<\/span><\/li>\n<li><b>rytua\u0142 dla os\u00f3b pracuj\u0105cych w domu i tych, kt\u00f3rym trudno oddzieli\u0107 \u017cycie prywatne od zawodowego &#8211;<\/b><span style=\"font-weight: 400;\"> rozpalaj drewienka tu\u017c po wys\u0142aniu ostatniego s\u0142u\u017cbowego maila, aby si\u0119 zrelaksowa\u0107 i da\u0107 umys\u0142owi sygna\u0142, \u017ce teraz to <\/span><b>Ty i Twoje potrzeby s\u0105 na pierwszym miejscu;<\/b><\/li>\n<li>powitanie nowego dnia \u2014 u\u017cywaj Palo santo od razu po przebudzeniu, \u017ceby pi\u0119kniej <strong>wej\u015b\u0107 w nowy dzie\u0144.<\/strong><\/li>\n<\/ul>\n","protected":false},"featured_media":3480171,"comment_status":"open","ping_status":"closed","template":"","meta":[],"product_cat":[215,66,90],"product_tag":[],"acf":[],"yoast_head":"<!-- This site is optimized with the Yoast SEO plugin v19.6.1 - https:\/\/yoast.com\/wordpress\/plugins\/seo\/ -->\n<title>Drewienka Palo santo [85 g] - cytrusy i wanilia - Klaudyna Hebda Nature<\/title>\n<meta name=\"description\" content=\"Zapal Palo santo podczas jogi, porannej relaksacji lub wtedy, kiedy potrzebujesz harmonii. To wyj\u0105tkowe kadzid\u0142o, pozyskiwane etycznie!\" \/>\n<meta name=\"robots\" content=\"index, follow, max-snippet:-1, max-image-preview:large, max-video-preview:-1\" \/>\n<link rel=\"canonical\" href=\"https:\/\/klaudynahebda.pl\/sklep\/palo-santo\/\" \/>\n<meta property=\"og:locale\" content=\"pl_PL\" \/>\n<meta property=\"og:type\" content=\"article\" \/>\n<meta property=\"og:title\" content=\"Drewienka Palo santo [85 g] - cytrusy i wanilia - Klaudyna Hebda Nature\" \/>\n<meta property=\"og:description\" content=\"Zapal Palo santo podczas jogi, porannej relaksacji lub wtedy, kiedy potrzebujesz harmonii. To wyj\u0105tkowe kadzid\u0142o, pozyskiwane etycznie!\" \/>\n<meta property=\"og:url\" content=\"https:\/\/klaudynahebda.pl\/sklep\/palo-santo\/\" \/>\n<meta property=\"og:site_name\" content=\"Klaudyna Hebda Nature\" \/>\n<meta property=\"article:modified_time\" content=\"2026-04-29T08:00:57+00:00\" \/>\n<meta property=\"og:image\" content=\"https:\/\/klaudynahebda.pl\/sklep\/wp-content\/uploads\/2020\/02\/palo-santo-produkt.png\" \/>\n\t<meta property=\"og:image:width\" content=\"844\" \/>\n\t<meta property=\"og:image:height\" content=\"1152\" \/>\n\t<meta property=\"og:image:type\" content=\"image\/png\" \/>\n<meta name=\"twitter:card\" content=\"summary_large_image\" \/>\n<meta name=\"twitter:label1\" content=\"Szacowany czas czytania\" \/>\n\t<meta name=\"twitter:data1\" content=\"2 minuty\" \/>\n<script type=\"application\/ld+json\" class=\"yoast-schema-graph\">{\"@context\":\"https:\/\/schema.org\",\"@graph\":[{\"@type\":\"WebPage\",\"@id\":\"https:\/\/klaudynahebda.pl\/sklep\/palo-santo\/\",\"url\":\"https:\/\/klaudynahebda.pl\/sklep\/palo-santo\/\",\"name\":\"Drewienka Palo santo [85 g] - cytrusy i wanilia - Klaudyna Hebda Nature\",\"isPartOf\":{\"@id\":\"https:\/\/klaudynahebda.pl\/sklep\/#website\"},\"datePublished\":\"2020-02-20T14:42:19+00:00\",\"dateModified\":\"2026-04-29T08:00:57+00:00\",\"description\":\"Zapal Palo santo podczas jogi, porannej relaksacji lub wtedy, kiedy potrzebujesz harmonii. To wyj\u0105tkowe kadzid\u0142o, pozyskiwane etycznie!\",\"breadcrumb\":{\"@id\":\"https:\/\/klaudynahebda.pl\/sklep\/palo-santo\/#breadcrumb\"},\"inLanguage\":\"pl-PL\",\"potentialAction\":[{\"@type\":\"ReadAction\",\"target\":[\"https:\/\/klaudynahebda.pl\/sklep\/palo-santo\/\"]}]},{\"@type\":\"BreadcrumbList\",\"@id\":\"https:\/\/klaudynahebda.pl\/sklep\/palo-santo\/#breadcrumb\",\"itemListElement\":[{\"@type\":\"ListItem\",\"position\":1,\"name\":\"Strona g\u0142\u00f3wna\",\"item\":\"https:\/\/klaudynahebda.pl\/sklep\/\"},{\"@type\":\"ListItem\",\"position\":2,\"name\":\"Sklep\",\"item\":\"https:\/\/klaudynahebda.pl\/sklep\/sklep\/\"},{\"@type\":\"ListItem\",\"position\":3,\"name\":\"Olejki kadzid\u0142owe i kadzid\u0142a\",\"item\":\"https:\/\/klaudynahebda.pl\/sklep\/olejki-kadzidlowe-frankincense-olibanum\/\"},{\"@type\":\"ListItem\",\"position\":4,\"name\":\"Drewienka Palo santo [85 g]\"}]},{\"@type\":\"WebSite\",\"@id\":\"https:\/\/klaudynahebda.pl\/sklep\/#website\",\"url\":\"https:\/\/klaudynahebda.pl\/sklep\/\",\"name\":\"Klaudyna Hebda Nature\",\"description\":\"Sklep\",\"publisher\":{\"@id\":\"https:\/\/klaudynahebda.pl\/sklep\/#organization\"},\"potentialAction\":[{\"@type\":\"SearchAction\",\"target\":{\"@type\":\"EntryPoint\",\"urlTemplate\":\"https:\/\/klaudynahebda.pl\/sklep\/?s={search_term_string}\"},\"query-input\":\"required name=search_term_string\"}],\"inLanguage\":\"pl-PL\"},{\"@type\":\"Organization\",\"@id\":\"https:\/\/klaudynahebda.pl\/sklep\/#organization\",\"name\":\"KlaudynaHebda\",\"url\":\"https:\/\/klaudynahebda.pl\/sklep\/\",\"sameAs\":[],\"logo\":{\"@type\":\"ImageObject\",\"inLanguage\":\"pl-PL\",\"@id\":\"https:\/\/klaudynahebda.pl\/sklep\/#\/schema\/logo\/image\/\",\"url\":\"\",\"contentUrl\":\"\",\"caption\":\"KlaudynaHebda\"},\"image\":{\"@id\":\"https:\/\/klaudynahebda.pl\/sklep\/#\/schema\/logo\/image\/\"}}]}<\/script>\n<!-- \/ Yoast SEO plugin. -->","yoast_head_json":{"title":"Drewienka Palo santo [85 g] - cytrusy i wanilia - Klaudyna Hebda Nature","description":"Zapal Palo santo podczas jogi, porannej relaksacji lub wtedy, kiedy potrzebujesz harmonii. To wyj\u0105tkowe kadzid\u0142o, pozyskiwane etycznie!","robots":{"index":"index","follow":"follow","max-snippet":"max-snippet:-1","max-image-preview":"max-image-preview:large","max-video-preview":"max-video-preview:-1"},"canonical":"https:\/\/klaudynahebda.pl\/sklep\/palo-santo\/","og_locale":"pl_PL","og_type":"article","og_title":"Drewienka Palo santo [85 g] - cytrusy i wanilia - Klaudyna Hebda Nature","og_description":"Zapal Palo santo podczas jogi, porannej relaksacji lub wtedy, kiedy potrzebujesz harmonii. To wyj\u0105tkowe kadzid\u0142o, pozyskiwane etycznie!","og_url":"https:\/\/klaudynahebda.pl\/sklep\/palo-santo\/","og_site_name":"Klaudyna Hebda Nature","article_modified_time":"2026-04-29T08:00:57+00:00","og_image":[{"width":844,"height":1152,"url":"https:\/\/klaudynahebda.pl\/sklep\/wp-content\/uploads\/2020\/02\/palo-santo-produkt.png","type":"image\/png"}],"twitter_card":"summary_large_image","twitter_misc":{"Szacowany czas czytania":"2 minuty"},"schema":{"@context":"https:\/\/schema.org","@graph":[{"@type":"WebPage","@id":"https:\/\/klaudynahebda.pl\/sklep\/palo-santo\/","url":"https:\/\/klaudynahebda.pl\/sklep\/palo-santo\/","name":"Drewienka Palo santo [85 g] - cytrusy i wanilia - Klaudyna Hebda Nature","isPartOf":{"@id":"https:\/\/klaudynahebda.pl\/sklep\/#website"},"datePublished":"2020-02-20T14:42:19+00:00","dateModified":"2026-04-29T08:00:57+00:00","description":"Zapal Palo santo podczas jogi, porannej relaksacji lub wtedy, kiedy potrzebujesz harmonii. To wyj\u0105tkowe kadzid\u0142o, pozyskiwane etycznie!","breadcrumb":{"@id":"https:\/\/klaudynahebda.pl\/sklep\/palo-santo\/#breadcrumb"},"inLanguage":"pl-PL","potentialAction":[{"@type":"ReadAction","target":["https:\/\/klaudynahebda.pl\/sklep\/palo-santo\/"]}]},{"@type":"BreadcrumbList","@id":"https:\/\/klaudynahebda.pl\/sklep\/palo-santo\/#breadcrumb","itemListElement":[{"@type":"ListItem","position":1,"name":"Strona g\u0142\u00f3wna","item":"https:\/\/klaudynahebda.pl\/sklep\/"},{"@type":"ListItem","position":2,"name":"Sklep","item":"https:\/\/klaudynahebda.pl\/sklep\/sklep\/"},{"@type":"ListItem","position":3,"name":"Olejki kadzid\u0142owe i kadzid\u0142a","item":"https:\/\/klaudynahebda.pl\/sklep\/olejki-kadzidlowe-frankincense-olibanum\/"},{"@type":"ListItem","position":4,"name":"Drewienka Palo santo [85 g]"}]},{"@type":"WebSite","@id":"https:\/\/klaudynahebda.pl\/sklep\/#website","url":"https:\/\/klaudynahebda.pl\/sklep\/","name":"Klaudyna Hebda Nature","description":"Sklep","publisher":{"@id":"https:\/\/klaudynahebda.pl\/sklep\/#organization"},"potentialAction":[{"@type":"SearchAction","target":{"@type":"EntryPoint","urlTemplate":"https:\/\/klaudynahebda.pl\/sklep\/?s={search_term_string}"},"query-input":"required name=search_term_string"}],"inLanguage":"pl-PL"},{"@type":"Organization","@id":"https:\/\/klaudynahebda.pl\/sklep\/#organization","name":"KlaudynaHebda","url":"https:\/\/klaudynahebda.pl\/sklep\/","sameAs":[],"logo":{"@type":"ImageObject","inLanguage":"pl-PL","@id":"https:\/\/klaudynahebda.pl\/sklep\/#\/schema\/logo\/image\/","url":"","contentUrl":"","caption":"KlaudynaHebda"},"image":{"@id":"https:\/\/klaudynahebda.pl\/sklep\/#\/schema\/logo\/image\/"}}]}},"_links":{"self":[{"href":"https:\/\/klaudynahebda.pl\/sklep\/wp-json\/wp\/v2\/product\/70069"}],"collection":[{"href":"https:\/\/klaudynahebda.pl\/sklep\/wp-json\/wp\/v2\/product"}],"about":[{"href":"https:\/\/klaudynahebda.pl\/sklep\/wp-json\/wp\/v2\/types\/product"}],"replies":[{"embeddable":true,"href":"https:\/\/klaudynahebda.pl\/sklep\/wp-json\/wp\/v2\/comments?post=70069"}],"wp:featuredmedia":[{"embeddable":true,"href":"https:\/\/klaudynahebda.pl\/sklep\/wp-json\/wp\/v2\/media\/3480171"}],"wp:attachment":[{"href":"https:\/\/klaudynahebda.pl\/sklep\/wp-json\/wp\/v2\/media?parent=70069"}],"wp:term":[{"taxonomy":"product_cat","embeddable":true,"href":"https:\/\/klaudynahebda.pl\/sklep\/wp-json\/wp\/v2\/product_cat?post=70069"},{"taxonomy":"product_tag","embeddable":true,"href":"https:\/\/klaudynahebda.pl\/sklep\/wp-json\/wp\/v2\/product_tag?post=70069"}],"curies":[{"name":"wp","href":"https:\/\/api.w.org\/{rel}","templated":true}]}}