{"id":670801,"date":"2022-09-20T14:54:45","date_gmt":"2022-09-20T12:54:45","guid":{"rendered":"https:\/\/klaudynahebda.pl\/sklep\/?post_type=product&#038;p=670801"},"modified":"2025-12-03T15:40:33","modified_gmt":"2025-12-03T14:40:33","slug":"e-karta-podarunkowa","status":"publish","type":"product","link":"https:\/\/klaudynahebda.pl\/sklep\/e-karta-podarunkowa\/","title":{"rendered":"E-Karta podarunkowa"},"content":{"rendered":"<h2>Kiedy wybra\u0107 kart\u0119 podarunkow\u0105 na prezent?<\/h2>\n<p>Je\u015bli nie masz pomys\u0142u na prezent, masz ma\u0142o czasu, kochasz natur\u0119 i chcesz si\u0119 dzieli\u0107 moc\u0105 ro\u015blin z innymi, wybierz <strong>E-Kart\u0119 Podarunkow\u0105 od Klaudyny Hebdy.<\/strong><\/p>\n<p>Karta Podarunkowa online to wyb\u00f3r idealny:<\/p>\n<ul>\n<li>gdy szukasz naturalnego prezentu, kt\u00f3ry wesprze zdrowie, odporno\u015b\u0107 i emocje bliskiej osoby<\/li>\n<li>gdy masz dos\u0142ownie chwil\u0119 na kupno prezentu!<\/li>\n<li>gdy chcesz da\u0107 komu\u015b pakiet startowy do aromaterapii<\/li>\n<li>gdy jeste\u015b daleko od osoby, kt\u00f3r\u0105 chcesz obdarowa\u0107<\/li>\n<li>gdy ci\u0119\u017cko Ci trafi\u0107 w gusta lub nie masz pomys\u0142u na prezent<\/li>\n<li>gdy szukasz czego\u015b dla bliskich w r\u00f3\u017cnym wieku<\/li>\n<li>gdy szukasz prezent\u00f3w firmowych<\/li>\n<li>gdy nie chcesz zostawia\u0107 po sobie \u015bladu w\u0119glowego, jeste\u015b #zerowaste i #ecofriendly.<\/li>\n<\/ul>\n<p>Osoba obdarowana nasz\u0105 E-Kart\u0105 Podarunkow\u0105 mo\u017ce samodzielnie wybra\u0107 produkt, kt\u00f3ry najbardziej j\u0105 ucieszy. E-kart\u0119 mo\u017cna zrealizowa\u0107 w dowolnym momencie. Koniec z nietrafionymi prezentami!<\/p>\n<p>Czy umiesz lepiej wyrazi\u0107 swoj\u0105 wdzi\u0119czno\u015b\u0107, ni\u017c dbaj\u0105c o czyj\u015b dobrostan?<\/p>\n<p>&nbsp;<\/p>\n<h2>FAQ, czyli wszystko, co chcesz wiedzie\u0107 o E-karcie Podarunkowej Klaudyny<\/h2>\n<h4>Jak zakupi\u0107 E-kart\u0119 Podarunkow\u0105 od Klaudyny Hebdy?<\/h4>\n<ol>\n<li>Wybierz wariant kwotowy z rozwijanej listy pod nazw\u0105 produktu.<\/li>\n<li>W\u0142\u00f3\u017c do koszyka.<\/li>\n<li>Wpisz adres e-mail osoby obdarowywanej w polu \u201cWy\u015blij w prezencie\u201d.<\/li>\n<li>Zrealizuj p\u0142atno\u015b\u0107.<\/li>\n<li>Gotowe!<\/li>\n<\/ol>\n<p>Karta podarunkowa w wersji online nadaje si\u0119 r\u00f3wnie\u017c do samodzielnego druku.<\/p>\n<h4><strong>Jak skorzysta\u0107 z E-karty Podarunkowej od Klaudyny Hebdy?<\/strong><\/h4>\n<p>E-karta Podarunkowa zostanie wys\u0142ana na wskazany w zam\u00f3wieniu adres mailowy w formie pliku PDF z unikalnym kodem. Podczas zakup\u00f3w, w Podsumowaniu koszyka w polu \u201cKod rabatowy\u201d nale\u017cy wpisa\u0107 kod z karty. Koszt zam\u00f3wienia zostanie obni\u017cony o warto\u015b\u0107 E-karty Podarunkowej.<\/p>\n<h4><strong>Jaki jest termin wa\u017cno\u015bci karty?<\/strong><\/h4>\n<p>Karta jest wa\u017cna bezterminowo.<\/p>\n<h4><strong>Czy wysy\u0142ka zam\u00f3wienia op\u0142aconego E-kart\u0105 Podarunkow\u0105 jest bezp\u0142atna?<\/strong><\/h4>\n<p>Tak.<\/p>\n<h4><strong>Czy mog\u0119 dop\u0142aci\u0107, je\u015bli kwota na karcie jest mniejsza ni\u017c kwota zam\u00f3wienia?<\/strong><\/h4>\n<p>Oczywi\u015bcie!<\/p>\n<h4><strong>Ile razy mog\u0119 skorzysta\u0107 z E-karty Podarunkowej?<\/strong><\/h4>\n<p>Z unikalnego kodu na E-karcie Podarunkowej mo\u017cesz skorzysta\u0107 tylko raz. Niewykorzystana kwota przepada.<\/p>\n<h4><strong>Czy niewykorzystane \u015brodki na E-karcie Podarunkowej przepadaj\u0105?<\/strong><\/h4>\n<p>Tak. Z E-kart\u0105 Podarunkow\u0105 mo\u017cna zrealizowa\u0107 jednorazowe zakupy. Je\u015bli nie wykorzystasz ca\u0142ej kwoty na karcie, pozosta\u0142a kwota przepada.<\/p>\n<h4><strong>Czy mog\u0119 dosta\u0107 faktur\u0119 za zakup E-karty?<\/strong><\/h4>\n<p>Niestety, nie ma takiej mo\u017cliwo\u015bci.<\/p>\n","protected":false},"excerpt":{"rendered":"<h2>E-karta podarunkowa to:<\/h2>\n<ul>\n<li>prezent bezb\u0142\u0119dny, bo naprawd\u0119 ka\u017cdy znajdzie tu co\u015b dla siebie: co\u015b na odporno\u015b\u0107, co\u015b do wieczornego relaksu, perfumy, kosmetyki rozpieszczaj\u0105ce zmys\u0142y, pachn\u0105ca letni\u0105 \u0142\u0105k\u0105 herbata albo roll-on koj\u0105cy silne emocje&#8230; Spe\u0142niamy wszystkie marzenia.<\/li>\n<li>pewno\u015b\u0107, \u017ce prezent trafi dok\u0142adnie w potrzeby osoby obdarowywanej &#8211; w ko\u0144cu sama go wybra\u0142a \ud83d\ude09<\/li>\n<li>gwarancja szczerego u\u015bmiechu obdarowanego, kt\u00f3ry m\u00f3wi tylko o tym, \u017ce znowu trafi\u0142a\u015b w dziesi\u0105tk\u0119!<\/li>\n<li>idealny pomys\u0142 na prezent &#8220;na ostatni\u0105 chwil\u0119&#8221;<\/li>\n<\/ul>\n<h3>Jak to dzia\u0142a?<\/h3>\n<p>Wystarczy, \u017ce wybierzesz jeden z 5 wariant\u00f3w cenowych z listy (100-300 z\u0142), a magia zadzieje si\u0119 sama. E-karta w formie PDF zostanie wysy\u0142ana na wskazany przez Ciebie adres mailowy i b\u0119dzie gotowa do u\u017cycia natychmiast po zakupie.<\/p>\n<p>&nbsp;<\/p>\n<p>&nbsp;<\/p>\n","protected":false},"featured_media":2828994,"comment_status":"closed","ping_status":"closed","template":"","meta":[],"product_cat":[244,206,118],"product_tag":[],"acf":[],"yoast_head":"<!-- This site is optimized with the Yoast SEO plugin v19.6.1 - https:\/\/yoast.com\/wordpress\/plugins\/seo\/ -->\n<title>E-Karta podarunkowa - Klaudyna Hebda Nature<\/title>\n<meta name=\"description\" content=\"Szukasz naturalnego prezentu, kt\u00f3ry wesprze zdrowie, odporno\u015b\u0107 i emocje bliskiej osoby? Wybierz e-kart\u0119 podarunkow\u0105 na zakupy w sklepie Klaudyny Hebdy.\" \/>\n<meta name=\"robots\" content=\"index, follow, max-snippet:-1, max-image-preview:large, max-video-preview:-1\" \/>\n<link rel=\"canonical\" href=\"https:\/\/klaudynahebda.pl\/sklep\/e-karta-podarunkowa\/\" \/>\n<meta property=\"og:locale\" content=\"pl_PL\" \/>\n<meta property=\"og:type\" content=\"article\" \/>\n<meta property=\"og:title\" content=\"E-Karta podarunkowa - Klaudyna Hebda Nature\" \/>\n<meta property=\"og:description\" content=\"Szukasz naturalnego prezentu, kt\u00f3ry wesprze zdrowie, odporno\u015b\u0107 i emocje bliskiej osoby? Wybierz e-kart\u0119 podarunkow\u0105 na zakupy w sklepie Klaudyny Hebdy.\" \/>\n<meta property=\"og:url\" content=\"https:\/\/klaudynahebda.pl\/sklep\/e-karta-podarunkowa\/\" \/>\n<meta property=\"og:site_name\" content=\"Klaudyna Hebda Nature\" \/>\n<meta property=\"article:modified_time\" content=\"2025-12-03T14:40:33+00:00\" \/>\n<meta property=\"og:image\" content=\"https:\/\/klaudynahebda.pl\/sklep\/wp-content\/uploads\/2022\/09\/Mockup_wersja-elektroniczna-do-sklepu.png\" \/>\n\t<meta property=\"og:image:width\" content=\"510\" \/>\n\t<meta property=\"og:image:height\" content=\"765\" \/>\n\t<meta property=\"og:image:type\" content=\"image\/png\" \/>\n<meta name=\"twitter:card\" content=\"summary_large_image\" \/>\n<meta name=\"twitter:label1\" content=\"Szacowany czas czytania\" \/>\n\t<meta name=\"twitter:data1\" content=\"2 minuty\" \/>\n<script type=\"application\/ld+json\" class=\"yoast-schema-graph\">{\"@context\":\"https:\/\/schema.org\",\"@graph\":[{\"@type\":\"WebPage\",\"@id\":\"https:\/\/klaudynahebda.pl\/sklep\/e-karta-podarunkowa\/\",\"url\":\"https:\/\/klaudynahebda.pl\/sklep\/e-karta-podarunkowa\/\",\"name\":\"E-Karta podarunkowa - Klaudyna Hebda Nature\",\"isPartOf\":{\"@id\":\"https:\/\/klaudynahebda.pl\/sklep\/#website\"},\"datePublished\":\"2022-09-20T12:54:45+00:00\",\"dateModified\":\"2025-12-03T14:40:33+00:00\",\"description\":\"Szukasz naturalnego prezentu, kt\u00f3ry wesprze zdrowie, odporno\u015b\u0107 i emocje bliskiej osoby? Wybierz e-kart\u0119 podarunkow\u0105 na zakupy w sklepie Klaudyny Hebdy.\",\"breadcrumb\":{\"@id\":\"https:\/\/klaudynahebda.pl\/sklep\/e-karta-podarunkowa\/#breadcrumb\"},\"inLanguage\":\"pl-PL\",\"potentialAction\":[{\"@type\":\"ReadAction\",\"target\":[\"https:\/\/klaudynahebda.pl\/sklep\/e-karta-podarunkowa\/\"]}]},{\"@type\":\"BreadcrumbList\",\"@id\":\"https:\/\/klaudynahebda.pl\/sklep\/e-karta-podarunkowa\/#breadcrumb\",\"itemListElement\":[{\"@type\":\"ListItem\",\"position\":1,\"name\":\"Strona g\u0142\u00f3wna\",\"item\":\"https:\/\/klaudynahebda.pl\/sklep\/\"},{\"@type\":\"ListItem\",\"position\":2,\"name\":\"Sklep\",\"item\":\"https:\/\/klaudynahebda.pl\/sklep\/sklep\/\"},{\"@type\":\"ListItem\",\"position\":3,\"name\":\"Dzie\u0144 Nauczyciela\",\"item\":\"https:\/\/klaudynahebda.pl\/sklep\/dzien-nauczyciela\/\"},{\"@type\":\"ListItem\",\"position\":4,\"name\":\"E-Karta podarunkowa\"}]},{\"@type\":\"WebSite\",\"@id\":\"https:\/\/klaudynahebda.pl\/sklep\/#website\",\"url\":\"https:\/\/klaudynahebda.pl\/sklep\/\",\"name\":\"Klaudyna Hebda Nature\",\"description\":\"Sklep\",\"publisher\":{\"@id\":\"https:\/\/klaudynahebda.pl\/sklep\/#organization\"},\"potentialAction\":[{\"@type\":\"SearchAction\",\"target\":{\"@type\":\"EntryPoint\",\"urlTemplate\":\"https:\/\/klaudynahebda.pl\/sklep\/?s={search_term_string}\"},\"query-input\":\"required name=search_term_string\"}],\"inLanguage\":\"pl-PL\"},{\"@type\":\"Organization\",\"@id\":\"https:\/\/klaudynahebda.pl\/sklep\/#organization\",\"name\":\"KlaudynaHebda\",\"url\":\"https:\/\/klaudynahebda.pl\/sklep\/\",\"sameAs\":[],\"logo\":{\"@type\":\"ImageObject\",\"inLanguage\":\"pl-PL\",\"@id\":\"https:\/\/klaudynahebda.pl\/sklep\/#\/schema\/logo\/image\/\",\"url\":\"\",\"contentUrl\":\"\",\"caption\":\"KlaudynaHebda\"},\"image\":{\"@id\":\"https:\/\/klaudynahebda.pl\/sklep\/#\/schema\/logo\/image\/\"}}]}<\/script>\n<!-- \/ Yoast SEO plugin. -->","yoast_head_json":{"title":"E-Karta podarunkowa - Klaudyna Hebda Nature","description":"Szukasz naturalnego prezentu, kt\u00f3ry wesprze zdrowie, odporno\u015b\u0107 i emocje bliskiej osoby? Wybierz e-kart\u0119 podarunkow\u0105 na zakupy w sklepie Klaudyny Hebdy.","robots":{"index":"index","follow":"follow","max-snippet":"max-snippet:-1","max-image-preview":"max-image-preview:large","max-video-preview":"max-video-preview:-1"},"canonical":"https:\/\/klaudynahebda.pl\/sklep\/e-karta-podarunkowa\/","og_locale":"pl_PL","og_type":"article","og_title":"E-Karta podarunkowa - Klaudyna Hebda Nature","og_description":"Szukasz naturalnego prezentu, kt\u00f3ry wesprze zdrowie, odporno\u015b\u0107 i emocje bliskiej osoby? Wybierz e-kart\u0119 podarunkow\u0105 na zakupy w sklepie Klaudyny Hebdy.","og_url":"https:\/\/klaudynahebda.pl\/sklep\/e-karta-podarunkowa\/","og_site_name":"Klaudyna Hebda Nature","article_modified_time":"2025-12-03T14:40:33+00:00","og_image":[{"width":510,"height":765,"url":"https:\/\/klaudynahebda.pl\/sklep\/wp-content\/uploads\/2022\/09\/Mockup_wersja-elektroniczna-do-sklepu.png","type":"image\/png"}],"twitter_card":"summary_large_image","twitter_misc":{"Szacowany czas czytania":"2 minuty"},"schema":{"@context":"https:\/\/schema.org","@graph":[{"@type":"WebPage","@id":"https:\/\/klaudynahebda.pl\/sklep\/e-karta-podarunkowa\/","url":"https:\/\/klaudynahebda.pl\/sklep\/e-karta-podarunkowa\/","name":"E-Karta podarunkowa - Klaudyna Hebda Nature","isPartOf":{"@id":"https:\/\/klaudynahebda.pl\/sklep\/#website"},"datePublished":"2022-09-20T12:54:45+00:00","dateModified":"2025-12-03T14:40:33+00:00","description":"Szukasz naturalnego prezentu, kt\u00f3ry wesprze zdrowie, odporno\u015b\u0107 i emocje bliskiej osoby? Wybierz e-kart\u0119 podarunkow\u0105 na zakupy w sklepie Klaudyny Hebdy.","breadcrumb":{"@id":"https:\/\/klaudynahebda.pl\/sklep\/e-karta-podarunkowa\/#breadcrumb"},"inLanguage":"pl-PL","potentialAction":[{"@type":"ReadAction","target":["https:\/\/klaudynahebda.pl\/sklep\/e-karta-podarunkowa\/"]}]},{"@type":"BreadcrumbList","@id":"https:\/\/klaudynahebda.pl\/sklep\/e-karta-podarunkowa\/#breadcrumb","itemListElement":[{"@type":"ListItem","position":1,"name":"Strona g\u0142\u00f3wna","item":"https:\/\/klaudynahebda.pl\/sklep\/"},{"@type":"ListItem","position":2,"name":"Sklep","item":"https:\/\/klaudynahebda.pl\/sklep\/sklep\/"},{"@type":"ListItem","position":3,"name":"Dzie\u0144 Nauczyciela","item":"https:\/\/klaudynahebda.pl\/sklep\/dzien-nauczyciela\/"},{"@type":"ListItem","position":4,"name":"E-Karta podarunkowa"}]},{"@type":"WebSite","@id":"https:\/\/klaudynahebda.pl\/sklep\/#website","url":"https:\/\/klaudynahebda.pl\/sklep\/","name":"Klaudyna Hebda Nature","description":"Sklep","publisher":{"@id":"https:\/\/klaudynahebda.pl\/sklep\/#organization"},"potentialAction":[{"@type":"SearchAction","target":{"@type":"EntryPoint","urlTemplate":"https:\/\/klaudynahebda.pl\/sklep\/?s={search_term_string}"},"query-input":"required name=search_term_string"}],"inLanguage":"pl-PL"},{"@type":"Organization","@id":"https:\/\/klaudynahebda.pl\/sklep\/#organization","name":"KlaudynaHebda","url":"https:\/\/klaudynahebda.pl\/sklep\/","sameAs":[],"logo":{"@type":"ImageObject","inLanguage":"pl-PL","@id":"https:\/\/klaudynahebda.pl\/sklep\/#\/schema\/logo\/image\/","url":"","contentUrl":"","caption":"KlaudynaHebda"},"image":{"@id":"https:\/\/klaudynahebda.pl\/sklep\/#\/schema\/logo\/image\/"}}]}},"_links":{"self":[{"href":"https:\/\/klaudynahebda.pl\/sklep\/wp-json\/wp\/v2\/product\/670801"}],"collection":[{"href":"https:\/\/klaudynahebda.pl\/sklep\/wp-json\/wp\/v2\/product"}],"about":[{"href":"https:\/\/klaudynahebda.pl\/sklep\/wp-json\/wp\/v2\/types\/product"}],"replies":[{"embeddable":true,"href":"https:\/\/klaudynahebda.pl\/sklep\/wp-json\/wp\/v2\/comments?post=670801"}],"wp:featuredmedia":[{"embeddable":true,"href":"https:\/\/klaudynahebda.pl\/sklep\/wp-json\/wp\/v2\/media\/2828994"}],"wp:attachment":[{"href":"https:\/\/klaudynahebda.pl\/sklep\/wp-json\/wp\/v2\/media?parent=670801"}],"wp:term":[{"taxonomy":"product_cat","embeddable":true,"href":"https:\/\/klaudynahebda.pl\/sklep\/wp-json\/wp\/v2\/product_cat?post=670801"},{"taxonomy":"product_tag","embeddable":true,"href":"https:\/\/klaudynahebda.pl\/sklep\/wp-json\/wp\/v2\/product_tag?post=670801"}],"curies":[{"name":"wp","href":"https:\/\/api.w.org\/{rel}","templated":true}]}}