{"id":63563,"date":"2019-12-09T13:52:56","date_gmt":"2019-12-09T12:52:56","guid":{"rendered":"https:\/\/klaudynahebda.pl\/sklep\/?post_type=product&#038;p=63563"},"modified":"2026-04-21T17:18:29","modified_gmt":"2026-04-21T15:18:29","slug":"olejek-pomaranczowy","status":"publish","type":"product","link":"https:\/\/klaudynahebda.pl\/sklep\/olejek-pomaranczowy\/","title":{"rendered":"Olejek ze s\u0142odkiej pomara\u0144czy"},"content":{"rendered":"<h2><b><span data-contrast=\"auto\">Dlaczego warto wybra\u0107 olejek pomara\u0144czowy?<\/span><\/b><span data-ccp-props=\"{&quot;134233117&quot;:false,&quot;134233118&quot;:false,&quot;335559738&quot;:240,&quot;335559739&quot;:240}\">\u00a0<\/span><\/h2>\n<ul>\n<li data-leveltext=\"\uf0b7\" data-font=\"Symbol\" data-listid=\"2\" data-list-defn-props=\"{&quot;335552541&quot;:1,&quot;335559685&quot;:720,&quot;335559991&quot;:360,&quot;469769226&quot;:&quot;Symbol&quot;,&quot;469769242&quot;:[8226],&quot;469777803&quot;:&quot;left&quot;,&quot;469777804&quot;:&quot;\uf0b7&quot;,&quot;469777815&quot;:&quot;hybridMultilevel&quot;}\" data-aria-posinset=\"1\" data-aria-level=\"1\"><span data-contrast=\"auto\">Idealny na ch\u0142odne, jesienno-zimowe dni \u2013 wnosi do domu poczucie blisko\u015bci i spokoju.<\/span><span data-ccp-props=\"{&quot;134233117&quot;:false,&quot;134233118&quot;:false,&quot;335559738&quot;:0,&quot;335559739&quot;:0}\">\u00a0<\/span><\/li>\n<\/ul>\n<ul>\n<li data-leveltext=\"\uf0b7\" data-font=\"Symbol\" data-listid=\"2\" data-list-defn-props=\"{&quot;335552541&quot;:1,&quot;335559685&quot;:720,&quot;335559991&quot;:360,&quot;469769226&quot;:&quot;Symbol&quot;,&quot;469769242&quot;:[8226],&quot;469777803&quot;:&quot;left&quot;,&quot;469777804&quot;:&quot;\uf0b7&quot;,&quot;469777815&quot;:&quot;hybridMultilevel&quot;}\" data-aria-posinset=\"2\" data-aria-level=\"1\"><span data-contrast=\"auto\">Delikatny zapach pomara\u0144czy jest uwielbiany przez dzieci i doros\u0142ych, tworzy przytuln\u0105 atmosfer\u0119.<\/span><span data-ccp-props=\"{&quot;134233117&quot;:false,&quot;134233118&quot;:false,&quot;335559738&quot;:0,&quot;335559739&quot;:0}\">\u00a0<\/span><\/li>\n<\/ul>\n<ul>\n<li data-leveltext=\"\uf0b7\" data-font=\"Symbol\" data-listid=\"2\" data-list-defn-props=\"{&quot;335552541&quot;:1,&quot;335559685&quot;:720,&quot;335559991&quot;:360,&quot;469769226&quot;:&quot;Symbol&quot;,&quot;469769242&quot;:[8226],&quot;469777803&quot;:&quot;left&quot;,&quot;469777804&quot;:&quot;\uf0b7&quot;,&quot;469777815&quot;:&quot;hybridMultilevel&quot;}\" data-aria-posinset=\"3\" data-aria-level=\"1\"><span data-contrast=\"auto\">Wszechstronny \u2013 doskonale sprawdza si\u0119 do aromaterapii, masa\u017cu i naturalnych kosmetyk\u00f3w.<\/span><span data-ccp-props=\"{&quot;134233117&quot;:false,&quot;134233118&quot;:false,&quot;335559738&quot;:0,&quot;335559739&quot;:0}\">\u00a0<\/span><\/li>\n<\/ul>\n<h2><b><span data-contrast=\"auto\">Olejek pomara\u0144czowy: zapach z odrobin\u0105 s\u0142o\u0144ca\u00a0<\/span><\/b><\/h2>\n<ul>\n<li data-leveltext=\"\uf0b7\" data-font=\"Symbol\" data-listid=\"3\" data-list-defn-props=\"{&quot;335552541&quot;:1,&quot;335559685&quot;:720,&quot;335559991&quot;:360,&quot;469769226&quot;:&quot;Symbol&quot;,&quot;469769242&quot;:[8226],&quot;469777803&quot;:&quot;left&quot;,&quot;469777804&quot;:&quot;\uf0b7&quot;,&quot;469777815&quot;:&quot;hybridMultilevel&quot;}\" data-aria-posinset=\"1\" data-aria-level=\"1\"><span data-contrast=\"auto\">U\u017cyty w dyfuzorze po d\u0142ugim jesienno-zimowym spacerze otuli dzieci\u0119cy pok\u00f3j ciep\u0142ym, przyjaznym aromatem.<\/span><span data-ccp-props=\"{&quot;134233117&quot;:false,&quot;134233118&quot;:false,&quot;335559738&quot;:0,&quot;335559739&quot;:0}\">\u00a0<\/span><\/li>\n<\/ul>\n<ul>\n<li data-leveltext=\"\uf0b7\" data-font=\"Symbol\" data-listid=\"3\" data-list-defn-props=\"{&quot;335552541&quot;:1,&quot;335559685&quot;:720,&quot;335559991&quot;:360,&quot;469769226&quot;:&quot;Symbol&quot;,&quot;469769242&quot;:[8226],&quot;469777803&quot;:&quot;left&quot;,&quot;469777804&quot;:&quot;\uf0b7&quot;,&quot;469777815&quot;:&quot;hybridMultilevel&quot;}\" data-aria-posinset=\"2\" data-aria-level=\"1\"><span data-contrast=\"auto\">W po\u0142\u0105czeniu z innymi olejkami, takimi jak tymianek, pomo\u017ce stworzy\u0107 przyjemn\u0105 atmosfer\u0119, szczeg\u00f3lnie w okresie wiosennych i jesiennych przesile\u0144.<\/span><span data-ccp-props=\"{&quot;134233117&quot;:false,&quot;134233118&quot;:false,&quot;335559738&quot;:0,&quot;335559739&quot;:0}\">\u00a0<\/span><\/li>\n<\/ul>\n<ul>\n<li data-leveltext=\"\uf0b7\" data-font=\"Symbol\" data-listid=\"3\" data-list-defn-props=\"{&quot;335552541&quot;:1,&quot;335559685&quot;:720,&quot;335559991&quot;:360,&quot;469769226&quot;:&quot;Symbol&quot;,&quot;469769242&quot;:[8226],&quot;469777803&quot;:&quot;left&quot;,&quot;469777804&quot;:&quot;\uf0b7&quot;,&quot;469777815&quot;:&quot;hybridMultilevel&quot;}\" data-aria-posinset=\"3\" data-aria-level=\"1\"><span data-contrast=\"auto\">Zapach pomara\u0144czy \u0142agodzi napi\u0119cia i poprawia nastr\u00f3j, przynosz\u0105c rado\u015b\u0107 nawet w najbardziej pochmurne dni.<\/span><span data-ccp-props=\"{&quot;134233117&quot;:false,&quot;134233118&quot;:false,&quot;335559738&quot;:0,&quot;335559739&quot;:0}\">\u00a0<\/span><\/li>\n<\/ul>\n<h3><b><span data-contrast=\"auto\">Wyobra\u017a sobie&#8230;<\/span><\/b><\/h3>\n<p><span data-contrast=\"auto\">Aromat olejku pomara\u0144czowego to zaproszenie do \u015bwiata ciep\u0142a i lekko\u015bci \u2013 jest jak chwila odpoczynku pod drzewem pomara\u0144czowym w s\u0142onecznej Brazylii. To zapach, kt\u00f3ry przywodzi na my\u015bl radosne chwile, rodzinne spotkania i atmosfer\u0119 \u015bwi\u0105t. Soczysty, s\u0142odki, a jednocze\u015bnie delikatny, wprowadza harmoni\u0119 i pozytywn\u0105 energi\u0119.<\/span><span data-ccp-props=\"{&quot;134233117&quot;:false,&quot;134233118&quot;:false,&quot;335559738&quot;:240,&quot;335559739&quot;:240}\">\u00a0<\/span><\/p>\n<h2><b><span data-contrast=\"auto\">Jak stosowa\u0107 olejek pomara\u0144czowy?<\/span><\/b><span data-ccp-props=\"{&quot;134233117&quot;:false,&quot;134233118&quot;:false,&quot;335559738&quot;:240,&quot;335559739&quot;:240}\">\u00a0<\/span><\/h2>\n<ul>\n<li data-leveltext=\"\uf0b7\" data-font=\"Symbol\" data-listid=\"4\" data-list-defn-props=\"{&quot;335552541&quot;:1,&quot;335559685&quot;:720,&quot;335559991&quot;:360,&quot;469769226&quot;:&quot;Symbol&quot;,&quot;469769242&quot;:[8226],&quot;469777803&quot;:&quot;left&quot;,&quot;469777804&quot;:&quot;\uf0b7&quot;,&quot;469777815&quot;:&quot;hybridMultilevel&quot;}\" data-aria-posinset=\"1\" data-aria-level=\"1\"><b><span data-contrast=\"auto\">Aromaterapia dla dzieci:<\/span><\/b><span data-contrast=\"auto\"> w trudnych okresach przej\u015bciowych dyfuzuj olejek, aby wype\u0142ni\u0107 pok\u00f3j dzieci\u0119cy przyjemnym, ciep\u0142ym zapachem.<\/span><span data-ccp-props=\"{&quot;134233117&quot;:false,&quot;134233118&quot;:false,&quot;335559738&quot;:0,&quot;335559739&quot;:0}\">\u00a0<\/span><\/li>\n<\/ul>\n<ul>\n<li data-leveltext=\"\uf0b7\" data-font=\"Symbol\" data-listid=\"4\" data-list-defn-props=\"{&quot;335552541&quot;:1,&quot;335559685&quot;:720,&quot;335559991&quot;:360,&quot;469769226&quot;:&quot;Symbol&quot;,&quot;469769242&quot;:[8226],&quot;469777803&quot;:&quot;left&quot;,&quot;469777804&quot;:&quot;\uf0b7&quot;,&quot;469777815&quot;:&quot;hybridMultilevel&quot;}\" data-aria-posinset=\"2\" data-aria-level=\"1\"><b><span data-contrast=\"auto\">Relaksuj\u0105cy masa\u017c z olejkiem pomara\u0144czowym:<\/span><\/b><span data-contrast=\"auto\"> po\u0142\u0105cz 4 krople olejku z \u0142y\u017ck\u0105 oleju bazowego (np. z migda\u0142\u00f3w lub jojoba) i delikatnie wmasuj w sk\u00f3r\u0119 dziecka.<\/span><span data-ccp-props=\"{&quot;134233117&quot;:false,&quot;134233118&quot;:false,&quot;335559738&quot;:0,&quot;335559739&quot;:0}\">\u00a0<\/span><\/li>\n<\/ul>\n<ul>\n<li data-leveltext=\"\uf0b7\" data-font=\"Symbol\" data-listid=\"4\" data-list-defn-props=\"{&quot;335552541&quot;:1,&quot;335559685&quot;:720,&quot;335559991&quot;:360,&quot;469769226&quot;:&quot;Symbol&quot;,&quot;469769242&quot;:[8226],&quot;469777803&quot;:&quot;left&quot;,&quot;469777804&quot;:&quot;\uf0b7&quot;,&quot;469777815&quot;:&quot;hybridMultilevel&quot;}\" data-aria-posinset=\"3\" data-aria-level=\"1\"><b><span data-contrast=\"auto\">Od\u015bwie\u017caj\u0105ca k\u0105piel:<\/span><\/b><span data-contrast=\"auto\"> rozpu\u015b\u0107 5 kropli w p\u0142ynie do k\u0105pieli i dodaj do wanny \u2013 to idealny spos\u00f3b na wieczorny relaks.<\/span><span data-ccp-props=\"{&quot;134233117&quot;:false,&quot;134233118&quot;:false,&quot;335559738&quot;:0,&quot;335559739&quot;:0}\">\u00a0<\/span><\/li>\n<\/ul>\n<ul>\n<li data-leveltext=\"\uf0b7\" data-font=\"Symbol\" data-listid=\"4\" data-list-defn-props=\"{&quot;335552541&quot;:1,&quot;335559685&quot;:720,&quot;335559991&quot;:360,&quot;469769226&quot;:&quot;Symbol&quot;,&quot;469769242&quot;:[8226],&quot;469777803&quot;:&quot;left&quot;,&quot;469777804&quot;:&quot;\uf0b7&quot;,&quot;469777815&quot;:&quot;hybridMultilevel&quot;}\" data-aria-posinset=\"4\" data-aria-level=\"1\"><b><span data-contrast=\"auto\">Wspieraj\u0105ca mieszanka:<\/span><\/b><span data-contrast=\"auto\"> po\u0142\u0105cz z <a href=\"https:\/\/klaudynahebda.pl\/sklep\/olejek-tymiankowy-bialy\/\">olejkiem tymiankowym<\/a>, aby z\u0142agodzi\u0107 zio\u0142owe nuty i stworzy\u0107 harmonijny aromat<\/span><span style=\"color: #555555;\">. Oba olejki doskonale ze sob\u0105 wsp\u00f3\u0142graj\u0105, a pomara\u0144cza \u0142agodzi intensywny, zio\u0142owy zapach tymianku.<\/span><\/li>\n<\/ul>\n<p>Oto propozycja gotowej mieszanki \ud83d\ude0a<\/p>\n<p>\ud83d\udca75 kropli tymianku + 15 kropli pomara\u0144czy<\/p>\n<p>Chcesz, by by\u0142o jeszcze ciekawiej? Do tego duetu zapro\u015b <a href=\"https:\/\/klaudynahebda.pl\/sklep\/olejek-lawendowy-slodki\/\" target=\"_blank\" rel=\"noopener\">olejek lawendowy<\/a>:<\/p>\n<p>\ud83d\udca73 krople tymianku + 9 kropli pomara\u0144czy + 9 kropli lawendy<\/p>\n<h3><b><span data-contrast=\"auto\">Jako\u015b\u0107, kt\u00f3rej mo\u017cesz zaufa\u0107<\/span><\/b><\/h3>\n<p><span data-contrast=\"auto\">Nasz olejek pochodzi z destylarni w s\u0142onecznej Brazylii, gdzie t\u0142oczony jest na zimno ze sk\u00f3rki \u015bwie\u017cych pomara\u0144czy. Dzi\u0119ki temu zachowuje wszystkie naturalne nuty zapachowe, bez syntetycznych dodatk\u00f3w. To w pe\u0142ni naturalny produkt, kt\u00f3ry sprawdzi si\u0119 w ka\u017cdej sytuacji.<\/span><span data-ccp-props=\"{&quot;134233117&quot;:false,&quot;134233118&quot;:false,&quot;335559738&quot;:240,&quot;335559739&quot;:240}\">\u00a0<\/span><\/p>\n<h3><b><span data-contrast=\"auto\">Odkryj ciep\u0142o pomara\u0144czy w swoim domu<\/span><\/b><\/h3>\n<p><span data-contrast=\"auto\">Olejek ze s\u0142odkiej pomara\u0144czy to nie tylko zapach, ale tak\u017ce spos\u00f3b na stworzenie atmosfery sprzyjaj\u0105cej blisko\u015bci i relaksowi. Wprowad\u017a go do swojego domu i ciesz si\u0119 naturalnym ciep\u0142em ka\u017cdego dnia. \ud83c\udf4a<\/span><span data-ccp-props=\"{&quot;134233117&quot;:false,&quot;134233118&quot;:false,&quot;335559738&quot;:240,&quot;335559739&quot;:240}\">\u00a0<\/span><\/p>\n<h3><strong>Dyfuzor bezwodny \u2013 wydob\u0105d\u017a z olejku ze s\u0142odkiej pomara\u0144czy to, co najlepsze<\/strong><\/h3>\n<p>Aby w pe\u0142ni czerpa\u0107 z w\u0142a\u015bciwo\u015bci olejk\u00f3w eterycznych, si\u0119gnij po <a href=\"https:\/\/klaudynahebda.pl\/sklep\/dyfuzor-do-aromaterapii\/\"><strong data-start=\"259\" data-end=\"288\">dyfuzor bezwodny K. HEBDA<\/strong><\/a> \u2013 urz\u0105dzenie, kt\u00f3re wydobywa 100% esencji zapachowej bez u\u017cycia wody i ciep\u0142a. D<span data-contrast=\"auto\">zi\u0119ki temu cz\u0105steczki olejk\u00f3w nie s\u0105 rozcie\u0144czone, a zapach jest dok\u0142adnie taki, jaki czujesz, w\u0105chaj\u0105c buteleczk\u0119.<\/span><span data-ccp-props=\"{&quot;134233118&quot;:false,&quot;201341983&quot;:0,&quot;335559685&quot;:-20,&quot;335559737&quot;:-20,&quot;335559739&quot;:200,&quot;335559740&quot;:276}\">\u00a0<\/span><\/p>\n<p>&nbsp;<\/p>\n<p><strong>Nowa, od\u015bwie\u017cona etykieta\u00a0<\/strong><br \/>\nTo wci\u0105\u017c ten sam, uwielbiany przez Was olejek \u2013 zmieni\u0142 si\u0119 tylko jego wygl\u0105d.<\/p>\n","protected":false},"excerpt":{"rendered":"<h2><b><span data-contrast=\"none\">Olejek eteryczny pomara\u0144czowy to:<\/span><\/b><\/h2>\n<ul>\n<li><b><span data-contrast=\"none\">aromaterapeutyczne ciep\u0142o w kropli;<\/span><\/b><\/li>\n<li><span data-contrast=\"none\">naturalna <strong>energia na ca\u0142y rok<\/strong> szkolny dla ca\u0142ej rodziny;<\/span><span data-ccp-props=\"{}\">\u00a0<\/span><\/li>\n<li><span data-contrast=\"none\">Twoja <strong>s\u0142oneczna kropelka<\/strong> na ch\u0142odne, pochmurne dni;\u202f<\/span><span data-ccp-props=\"{}\">\u00a0<\/span><\/li>\n<li><span data-contrast=\"none\">zapach ciep\u0142a i rado\u015bci \u2013 bez wzgl\u0119du na warunki i aur\u0119;<\/span><\/li>\n<li><span data-contrast=\"auto\">otulenie przestrzeni soczystym, s\u0142onecznym aromatem, kt\u00f3ry od\u015bwie\u017ca powietrze, <strong>poprawia nastr\u00f3j i wprowadza harmoni\u0119<\/strong> do codzienno\u015bci;<\/span><\/li>\n<li>ulubieniec dzieci i doros\u0142ych;<\/li>\n<li>\u0142agodny, s\u0142odki balans silnych zio\u0142owych olejk\u00f3w eterycznych, np. <a href=\"https:\/\/klaudynahebda.pl\/sklep\/olejek-z-dzikiego-oregano\/\">olejku z dzikiego oregano<\/a> czy olejku tymiankowego.<\/li>\n<\/ul>\n<p><strong>Nowa, od\u015bwie\u017cona etykieta\u00a0<\/strong><br \/>\nTo wci\u0105\u017c ten sam, uwielbiany przez Was olejek \u2013 zmieni\u0142 si\u0119 tylko jego wygl\u0105d.<\/p>\n","protected":false},"featured_media":3323605,"comment_status":"open","ping_status":"closed","template":"","meta":[],"product_cat":[246,127,130,126,213,36,38,90,187,210,39,190,118],"product_tag":[],"acf":[],"yoast_head":"<!-- This site is optimized with the Yoast SEO plugin v19.6.1 - https:\/\/yoast.com\/wordpress\/plugins\/seo\/ -->\n<title>Olejek ze s\u0142odkiej pomara\u0144czy niezb\u0119dnik na s\u0142oty - Klaudyna Hebda Nature<\/title>\n<meta name=\"description\" content=\"100% czysty, naturalny olejek pomara\u0144czowy. Ciep\u0142y, s\u0142oneczny zapach, kt\u00f3ry poprawia nastr\u00f3j i relaksuje. Idealny na pocz\u0105tek przygody z aromaterapi\u0105. \ud83e\udde1\" \/>\n<meta name=\"robots\" content=\"index, follow, max-snippet:-1, max-image-preview:large, max-video-preview:-1\" \/>\n<link rel=\"canonical\" href=\"https:\/\/klaudynahebda.pl\/sklep\/olejek-pomaranczowy\/\" \/>\n<meta property=\"og:locale\" content=\"pl_PL\" \/>\n<meta property=\"og:type\" content=\"article\" \/>\n<meta property=\"og:title\" content=\"Olejek ze s\u0142odkiej pomara\u0144czy niezb\u0119dnik na s\u0142oty - Klaudyna Hebda Nature\" \/>\n<meta property=\"og:description\" content=\"100% czysty, naturalny olejek pomara\u0144czowy. Ciep\u0142y, s\u0142oneczny zapach, kt\u00f3ry poprawia nastr\u00f3j i relaksuje. Idealny na pocz\u0105tek przygody z aromaterapi\u0105. \ud83e\udde1\" \/>\n<meta property=\"og:url\" content=\"https:\/\/klaudynahebda.pl\/sklep\/olejek-pomaranczowy\/\" \/>\n<meta property=\"og:site_name\" content=\"Klaudyna Hebda Nature\" \/>\n<meta property=\"article:modified_time\" content=\"2026-04-21T15:18:29+00:00\" \/>\n<meta property=\"og:image\" content=\"https:\/\/klaudynahebda.pl\/sklep\/wp-content\/uploads\/2019\/02\/olejek-eteryczny-pomarancza-klaudyna-hebda-15-ml.png\" \/>\n\t<meta property=\"og:image:width\" content=\"844\" \/>\n\t<meta property=\"og:image:height\" content=\"1152\" \/>\n\t<meta property=\"og:image:type\" content=\"image\/png\" \/>\n<meta name=\"twitter:card\" content=\"summary_large_image\" \/>\n<meta name=\"twitter:label1\" content=\"Szacowany czas czytania\" \/>\n\t<meta name=\"twitter:data1\" content=\"3 minuty\" \/>\n<script type=\"application\/ld+json\" class=\"yoast-schema-graph\">{\"@context\":\"https:\/\/schema.org\",\"@graph\":[{\"@type\":\"WebPage\",\"@id\":\"https:\/\/klaudynahebda.pl\/sklep\/olejek-pomaranczowy\/\",\"url\":\"https:\/\/klaudynahebda.pl\/sklep\/olejek-pomaranczowy\/\",\"name\":\"Olejek ze s\u0142odkiej pomara\u0144czy niezb\u0119dnik na s\u0142oty - Klaudyna Hebda Nature\",\"isPartOf\":{\"@id\":\"https:\/\/klaudynahebda.pl\/sklep\/#website\"},\"datePublished\":\"2019-12-09T12:52:56+00:00\",\"dateModified\":\"2026-04-21T15:18:29+00:00\",\"description\":\"100% czysty, naturalny olejek pomara\u0144czowy. Ciep\u0142y, s\u0142oneczny zapach, kt\u00f3ry poprawia nastr\u00f3j i relaksuje. Idealny na pocz\u0105tek przygody z aromaterapi\u0105. \ud83e\udde1\",\"breadcrumb\":{\"@id\":\"https:\/\/klaudynahebda.pl\/sklep\/olejek-pomaranczowy\/#breadcrumb\"},\"inLanguage\":\"pl-PL\",\"potentialAction\":[{\"@type\":\"ReadAction\",\"target\":[\"https:\/\/klaudynahebda.pl\/sklep\/olejek-pomaranczowy\/\"]}]},{\"@type\":\"BreadcrumbList\",\"@id\":\"https:\/\/klaudynahebda.pl\/sklep\/olejek-pomaranczowy\/#breadcrumb\",\"itemListElement\":[{\"@type\":\"ListItem\",\"position\":1,\"name\":\"Strona g\u0142\u00f3wna\",\"item\":\"https:\/\/klaudynahebda.pl\/sklep\/\"},{\"@type\":\"ListItem\",\"position\":2,\"name\":\"Sklep\",\"item\":\"https:\/\/klaudynahebda.pl\/sklep\/sklep\/\"},{\"@type\":\"ListItem\",\"position\":3,\"name\":\"Olejki eteryczne\",\"item\":\"https:\/\/klaudynahebda.pl\/sklep\/olejki-eteryczne\/\"},{\"@type\":\"ListItem\",\"position\":4,\"name\":\"Olejek ze s\u0142odkiej pomara\u0144czy\"}]},{\"@type\":\"WebSite\",\"@id\":\"https:\/\/klaudynahebda.pl\/sklep\/#website\",\"url\":\"https:\/\/klaudynahebda.pl\/sklep\/\",\"name\":\"Klaudyna Hebda Nature\",\"description\":\"Sklep\",\"publisher\":{\"@id\":\"https:\/\/klaudynahebda.pl\/sklep\/#organization\"},\"potentialAction\":[{\"@type\":\"SearchAction\",\"target\":{\"@type\":\"EntryPoint\",\"urlTemplate\":\"https:\/\/klaudynahebda.pl\/sklep\/?s={search_term_string}\"},\"query-input\":\"required name=search_term_string\"}],\"inLanguage\":\"pl-PL\"},{\"@type\":\"Organization\",\"@id\":\"https:\/\/klaudynahebda.pl\/sklep\/#organization\",\"name\":\"KlaudynaHebda\",\"url\":\"https:\/\/klaudynahebda.pl\/sklep\/\",\"sameAs\":[],\"logo\":{\"@type\":\"ImageObject\",\"inLanguage\":\"pl-PL\",\"@id\":\"https:\/\/klaudynahebda.pl\/sklep\/#\/schema\/logo\/image\/\",\"url\":\"\",\"contentUrl\":\"\",\"caption\":\"KlaudynaHebda\"},\"image\":{\"@id\":\"https:\/\/klaudynahebda.pl\/sklep\/#\/schema\/logo\/image\/\"}}]}<\/script>\n<!-- \/ Yoast SEO plugin. -->","yoast_head_json":{"title":"Olejek ze s\u0142odkiej pomara\u0144czy niezb\u0119dnik na s\u0142oty - Klaudyna Hebda Nature","description":"100% czysty, naturalny olejek pomara\u0144czowy. Ciep\u0142y, s\u0142oneczny zapach, kt\u00f3ry poprawia nastr\u00f3j i relaksuje. Idealny na pocz\u0105tek przygody z aromaterapi\u0105. \ud83e\udde1","robots":{"index":"index","follow":"follow","max-snippet":"max-snippet:-1","max-image-preview":"max-image-preview:large","max-video-preview":"max-video-preview:-1"},"canonical":"https:\/\/klaudynahebda.pl\/sklep\/olejek-pomaranczowy\/","og_locale":"pl_PL","og_type":"article","og_title":"Olejek ze s\u0142odkiej pomara\u0144czy niezb\u0119dnik na s\u0142oty - Klaudyna Hebda Nature","og_description":"100% czysty, naturalny olejek pomara\u0144czowy. Ciep\u0142y, s\u0142oneczny zapach, kt\u00f3ry poprawia nastr\u00f3j i relaksuje. Idealny na pocz\u0105tek przygody z aromaterapi\u0105. \ud83e\udde1","og_url":"https:\/\/klaudynahebda.pl\/sklep\/olejek-pomaranczowy\/","og_site_name":"Klaudyna Hebda Nature","article_modified_time":"2026-04-21T15:18:29+00:00","og_image":[{"width":844,"height":1152,"url":"https:\/\/klaudynahebda.pl\/sklep\/wp-content\/uploads\/2019\/02\/olejek-eteryczny-pomarancza-klaudyna-hebda-15-ml.png","type":"image\/png"}],"twitter_card":"summary_large_image","twitter_misc":{"Szacowany czas czytania":"3 minuty"},"schema":{"@context":"https:\/\/schema.org","@graph":[{"@type":"WebPage","@id":"https:\/\/klaudynahebda.pl\/sklep\/olejek-pomaranczowy\/","url":"https:\/\/klaudynahebda.pl\/sklep\/olejek-pomaranczowy\/","name":"Olejek ze s\u0142odkiej pomara\u0144czy niezb\u0119dnik na s\u0142oty - Klaudyna Hebda Nature","isPartOf":{"@id":"https:\/\/klaudynahebda.pl\/sklep\/#website"},"datePublished":"2019-12-09T12:52:56+00:00","dateModified":"2026-04-21T15:18:29+00:00","description":"100% czysty, naturalny olejek pomara\u0144czowy. Ciep\u0142y, s\u0142oneczny zapach, kt\u00f3ry poprawia nastr\u00f3j i relaksuje. Idealny na pocz\u0105tek przygody z aromaterapi\u0105. \ud83e\udde1","breadcrumb":{"@id":"https:\/\/klaudynahebda.pl\/sklep\/olejek-pomaranczowy\/#breadcrumb"},"inLanguage":"pl-PL","potentialAction":[{"@type":"ReadAction","target":["https:\/\/klaudynahebda.pl\/sklep\/olejek-pomaranczowy\/"]}]},{"@type":"BreadcrumbList","@id":"https:\/\/klaudynahebda.pl\/sklep\/olejek-pomaranczowy\/#breadcrumb","itemListElement":[{"@type":"ListItem","position":1,"name":"Strona g\u0142\u00f3wna","item":"https:\/\/klaudynahebda.pl\/sklep\/"},{"@type":"ListItem","position":2,"name":"Sklep","item":"https:\/\/klaudynahebda.pl\/sklep\/sklep\/"},{"@type":"ListItem","position":3,"name":"Olejki eteryczne","item":"https:\/\/klaudynahebda.pl\/sklep\/olejki-eteryczne\/"},{"@type":"ListItem","position":4,"name":"Olejek ze s\u0142odkiej pomara\u0144czy"}]},{"@type":"WebSite","@id":"https:\/\/klaudynahebda.pl\/sklep\/#website","url":"https:\/\/klaudynahebda.pl\/sklep\/","name":"Klaudyna Hebda Nature","description":"Sklep","publisher":{"@id":"https:\/\/klaudynahebda.pl\/sklep\/#organization"},"potentialAction":[{"@type":"SearchAction","target":{"@type":"EntryPoint","urlTemplate":"https:\/\/klaudynahebda.pl\/sklep\/?s={search_term_string}"},"query-input":"required name=search_term_string"}],"inLanguage":"pl-PL"},{"@type":"Organization","@id":"https:\/\/klaudynahebda.pl\/sklep\/#organization","name":"KlaudynaHebda","url":"https:\/\/klaudynahebda.pl\/sklep\/","sameAs":[],"logo":{"@type":"ImageObject","inLanguage":"pl-PL","@id":"https:\/\/klaudynahebda.pl\/sklep\/#\/schema\/logo\/image\/","url":"","contentUrl":"","caption":"KlaudynaHebda"},"image":{"@id":"https:\/\/klaudynahebda.pl\/sklep\/#\/schema\/logo\/image\/"}}]}},"_links":{"self":[{"href":"https:\/\/klaudynahebda.pl\/sklep\/wp-json\/wp\/v2\/product\/63563"}],"collection":[{"href":"https:\/\/klaudynahebda.pl\/sklep\/wp-json\/wp\/v2\/product"}],"about":[{"href":"https:\/\/klaudynahebda.pl\/sklep\/wp-json\/wp\/v2\/types\/product"}],"replies":[{"embeddable":true,"href":"https:\/\/klaudynahebda.pl\/sklep\/wp-json\/wp\/v2\/comments?post=63563"}],"wp:featuredmedia":[{"embeddable":true,"href":"https:\/\/klaudynahebda.pl\/sklep\/wp-json\/wp\/v2\/media\/3323605"}],"wp:attachment":[{"href":"https:\/\/klaudynahebda.pl\/sklep\/wp-json\/wp\/v2\/media?parent=63563"}],"wp:term":[{"taxonomy":"product_cat","embeddable":true,"href":"https:\/\/klaudynahebda.pl\/sklep\/wp-json\/wp\/v2\/product_cat?post=63563"},{"taxonomy":"product_tag","embeddable":true,"href":"https:\/\/klaudynahebda.pl\/sklep\/wp-json\/wp\/v2\/product_tag?post=63563"}],"curies":[{"name":"wp","href":"https:\/\/api.w.org\/{rel}","templated":true}]}}