{"id":61584,"date":"2019-11-28T09:22:48","date_gmt":"2019-11-28T08:22:48","guid":{"rendered":"https:\/\/klaudynahebda.pl\/sklep\/?post_type=product&#038;p=61584"},"modified":"2026-04-05T22:22:18","modified_gmt":"2026-04-05T20:22:18","slug":"mieszanka-spokoj","status":"publish","type":"product","link":"https:\/\/klaudynahebda.pl\/sklep\/mieszanka-spokoj\/","title":{"rendered":"Mieszanka Spok\u00f3j &#8211; mieszanka 100% olejk\u00f3w eterycznych"},"content":{"rendered":"<p><span style=\"font-weight: 400;\">Wyobra\u017a sobie dziecko, kt\u00f3re po dniu pe\u0142nym wra\u017ce\u0144 nie mo\u017ce zasn\u0105\u0107. Jest rozdra\u017cnione, zm\u0119czone i marudne. <\/span><b>A Ty liczysz do dziesi\u0119ciu, bo masz do\u015b\u0107.<\/b><span style=\"font-weight: 400;\"> Znasz takie sytuacje, prawda?\u00a0<\/span><\/p>\n<p><b>A teraz wyobra\u017a sobie, \u017ce si\u0119gasz po Spok\u00f3j.\u00a0<\/b><\/p>\n<h2><span style=\"font-weight: 400;\">Jak pachnie mieszanka olejk\u00f3w eterycznych Spok\u00f3j?<\/span><\/h2>\n<p><span style=\"font-weight: 400;\">Najpierw poczujesz delikatn\u0105 s\u0142odycz <a href=\"https:\/\/klaudynahebda.pl\/sklep\/olejek-lawendowy-slodki\/\">lawendy<\/a>. P\u00f3\u017aniej egzotyczne nuty <a href=\"https:\/\/klaudynahebda.pl\/sklep\/olejek-mandarynka\/\">mandarynki <\/a>i <a href=\"https:\/\/klaudynahebda.pl\/sklep\/olejek-z-bergamotki-na-nerwy\/\">bergamotki<\/a>, kt\u00f3re powoli zast\u0105pi by\u0107 mo\u017ce nieznany Ci do tej pory kadzid\u0142owiec. Ca\u0142\u0105 kompozycj\u0119 zwie\u0144czy swojski<a href=\"https:\/\/klaudynahebda.pl\/sklep\/olejek-rumiankowy\/\"> rumianek<\/a>, ostatecznie upewniaj\u0105c Ci\u0119, \u017ce dobrze wybra\u0142a\u015b.\u00a0<\/span><\/p>\n<h2>Jak dzia\u0142a mieszanka Spok\u00f3j?<\/h2>\n<p><span style=\"font-weight: 400;\">Olejki eteryczne zbudowane s\u0105 z tysi\u0119cy r\u00f3\u017cnych substancji.<\/span><b> To nie magia <\/b><span style=\"font-weight: 400;\">&#8211; tylko czysta chemia, ale w pozytywnym i najbardziej naturalnym tego s\u0142owa znaczeniu. Wszystkie te aldehydy, estry czy kwasy wnikaj\u0105 do krwiobiegu poprzez sk\u00f3r\u0119 lub p\u0142uca, a informacja o nich dociera do uk\u0142adu limbicznego, odpowiedzialnego za nasze emocje.\u00a0<\/span><\/p>\n<p><span style=\"font-weight: 400;\">Czy masz ubrania, kt\u00f3re zak\u0142adasz, \u017ceby poczu\u0107 si\u0119 bardziej pewnie, bardziej kobieco lub wr\u0119cz przeciwnie &#8211; kiedy potrzebujesz rozlu\u017anienia? W\u0142a\u015bnie tak dzia\u0142a nasz m\u00f3zg, dla kt\u00f3rego <\/span><b>konkretne substancje z olejk\u00f3w s\u0105 jak r\u00f3\u017cne stroje, <\/b><span style=\"font-weight: 400;\">wysy\u0142aj\u0105ce sygna\u0142y \u2018\u2019czas na odpoczynek\u2019\u2019 albo \u2019trzeba si\u0119 spr\u0119\u017cy\u0107\u2019\u2019.\u00a0<\/span><\/p>\n<h3>Spok\u00f3j &#8211; sprawd\u017a dzia\u0142anie olejk\u00f3w eterycznych ju\u017c teraz<\/h3>\n<p><span style=\"font-weight: 400;\">Bo spokojna mama, to szcz\u0119\u015bliwa mama. A szcz\u0119\u015bliwa mama, to szcz\u0119\u015bliwe dziecko. Pomagaj\u0105c sobie, pomagasz te\u017c swojej rodzinie. <\/span><b>Nie zapominaj o tym.\u00a0<\/b><\/p>\n<p>\u27a1\ufe0f Zerknij te\u017c na:<\/p>\n<ul>\n<li><a href=\"https:\/\/klaudynahebda.pl\/sklep\/dyfuzor-do-aromaterapii\/\">dyfuzor bezprzewodowy<\/a>\u00a0do aromaterapii<\/li>\n<li>inne <a href=\"https:\/\/klaudynahebda.pl\/sklep\/olejki-eteryczne\/\">naturalne olejki eteryczne<\/a> K. Hebda.<\/li>\n<\/ul>\n","protected":false},"excerpt":{"rendered":"<h2><span style=\"font-weight: 400;\">Mieszanka olejk\u00f3w eterycznych Spok\u00f3j to&#8230;<\/span><\/h2>\n<ul>\n<li><span style=\"font-weight: 400;\">Twoja chwila spokoju, kt\u00f3r\u0105 mo\u017cesz mie\u0107 ju\u017c na wyci\u0105gni\u0119cie r\u0119ki;<\/span><\/li>\n<li><span style=\"font-weight: 400;\">autorska mieszanka stworzona<\/span><b> specjalnie dla mam i dzieci;<\/b><\/li>\n<li><span style=\"font-weight: 400;\">\u0142agodny aromat, kt\u00f3ry dzia\u0142a jak cicha, relaksuj\u0105ca muzyka;<\/span><\/li>\n<li>idealna kompozycja do u\u017cycia<b> w trudniejszych chwilach;<\/b><\/li>\n<li>zapach, kt\u00f3ry mo\u017ce <b>pom\u00f3c Ci si\u0119 odpr\u0119\u017cy\u0107 i wyciszy\u0107 emocje bez poczucia senno\u015bci. <\/b><\/li>\n<\/ul>\n<p><span style=\"font-weight: 400;\">Kiedy dziecko ma humory, a Ty musisz mie\u0107 <\/span><b>ogromne pok\u0142ady cierpliwo\u015bci,<\/b><span style=\"font-weight: 400;\"> kt\u00f3re &#8211; jak nam wszystkim &#8211; czasem po prostu si\u0119 wyczerpuj\u0105. Z jednej strony jest <\/span><b>p\u0142acz,<\/b><span style=\"font-weight: 400;\"> z drugiej strony jest p\u0142acz. A p\u00f3\u017aniej <\/span><b>wyrzuty sumienia.<\/b><span style=\"font-weight: 400;\"> I to straszne zm\u0119czenie, bo wszystko stoi na g\u0142owie\u2026\u00a0<\/span><\/p>\n<p><span style=\"font-weight: 400;\">Odnajd\u017a w sobie wtedy Spok\u00f3j i si\u0119gnij po nasz\u0105 mieszank\u0119 &#8211; <\/span><b>pomo\u017ce Ci by\u0107 tak\u0105 Mam\u0105, jak\u0105 chcesz by\u0107. <\/b><span style=\"font-weight: 400;\">Tak\u0105, kt\u00f3r\u0105 dziecko<\/span><b> zapami\u0119ta jako Kobiet\u0119 Jego \u017bycia &#8211; wspieraj\u0105c\u0105, a nie &#8211; krzycz\u0105c\u0105.\u00a0<\/b><\/p>\n<p>&nbsp;<\/p>\n<p><span style=\"font-weight: 400;\"><strong>WA\u017bNE!<\/strong> Mieszanka ma now\u0105 etykiet\u0119. Zmieni\u0142 si\u0119 tylko wygl\u0105d \u2014 w \u015brodku znajdziesz wci\u0105\u017c t\u0119 sam\u0105 receptur\u0119.<\/span><\/p>\n<p>&nbsp;<\/p>\n","protected":false},"featured_media":3378559,"comment_status":"open","ping_status":"closed","template":"","meta":[],"product_cat":[114,130,126,213,36,90,123,118],"product_tag":[],"acf":[],"yoast_head":"<!-- This site is optimized with the Yoast SEO plugin v19.6.1 - https:\/\/yoast.com\/wordpress\/plugins\/seo\/ -->\n<title>Mieszanka Spok\u00f3j - mieszanka 100% olejk\u00f3w eterycznych - Klaudyna Hebda Nature<\/title>\n<meta name=\"description\" content=\"Zapach mieszanki Spok\u00f3j mo\u017ce by\u0107 relaksuj\u0105cy i koj\u0105cy dla Ciebie i Twojego malucha. Mo\u017cesz stosowa\u0107 do dyfuzji, k\u0105pieli i w\u0105cha\u0107, gdziekolwiek jeste\u015b.\" \/>\n<meta name=\"robots\" content=\"index, follow, max-snippet:-1, max-image-preview:large, max-video-preview:-1\" \/>\n<link rel=\"canonical\" href=\"https:\/\/klaudynahebda.pl\/sklep\/mieszanka-spokoj\/\" \/>\n<meta property=\"og:locale\" content=\"pl_PL\" \/>\n<meta property=\"og:type\" content=\"article\" \/>\n<meta property=\"og:title\" content=\"Mieszanka Spok\u00f3j - mieszanka 100% olejk\u00f3w eterycznych - Klaudyna Hebda Nature\" \/>\n<meta property=\"og:description\" content=\"Zapach mieszanki Spok\u00f3j mo\u017ce by\u0107 relaksuj\u0105cy i koj\u0105cy dla Ciebie i Twojego malucha. Mo\u017cesz stosowa\u0107 do dyfuzji, k\u0105pieli i w\u0105cha\u0107, gdziekolwiek jeste\u015b.\" \/>\n<meta property=\"og:url\" content=\"https:\/\/klaudynahebda.pl\/sklep\/mieszanka-spokoj\/\" \/>\n<meta property=\"og:site_name\" content=\"Klaudyna Hebda Nature\" \/>\n<meta property=\"article:modified_time\" content=\"2026-04-05T20:22:18+00:00\" \/>\n<meta property=\"og:image\" content=\"https:\/\/klaudynahebda.pl\/sklep\/wp-content\/uploads\/2019\/11\/olejek-eteryczny-mieszanka-spokoj-15ml-klaudyna-hebda.jpg.png\" \/>\n\t<meta property=\"og:image:width\" content=\"844\" \/>\n\t<meta property=\"og:image:height\" content=\"1152\" \/>\n\t<meta property=\"og:image:type\" content=\"image\/png\" \/>\n<meta name=\"twitter:card\" content=\"summary_large_image\" \/>\n<meta name=\"twitter:label1\" content=\"Szacowany czas czytania\" \/>\n\t<meta name=\"twitter:data1\" content=\"2 minuty\" \/>\n<script type=\"application\/ld+json\" class=\"yoast-schema-graph\">{\"@context\":\"https:\/\/schema.org\",\"@graph\":[{\"@type\":\"WebPage\",\"@id\":\"https:\/\/klaudynahebda.pl\/sklep\/mieszanka-spokoj\/\",\"url\":\"https:\/\/klaudynahebda.pl\/sklep\/mieszanka-spokoj\/\",\"name\":\"Mieszanka Spok\u00f3j - mieszanka 100% olejk\u00f3w eterycznych - Klaudyna Hebda Nature\",\"isPartOf\":{\"@id\":\"https:\/\/klaudynahebda.pl\/sklep\/#website\"},\"datePublished\":\"2019-11-28T08:22:48+00:00\",\"dateModified\":\"2026-04-05T20:22:18+00:00\",\"description\":\"Zapach mieszanki Spok\u00f3j mo\u017ce by\u0107 relaksuj\u0105cy i koj\u0105cy dla Ciebie i Twojego malucha. Mo\u017cesz stosowa\u0107 do dyfuzji, k\u0105pieli i w\u0105cha\u0107, gdziekolwiek jeste\u015b.\",\"breadcrumb\":{\"@id\":\"https:\/\/klaudynahebda.pl\/sklep\/mieszanka-spokoj\/#breadcrumb\"},\"inLanguage\":\"pl-PL\",\"potentialAction\":[{\"@type\":\"ReadAction\",\"target\":[\"https:\/\/klaudynahebda.pl\/sklep\/mieszanka-spokoj\/\"]}]},{\"@type\":\"BreadcrumbList\",\"@id\":\"https:\/\/klaudynahebda.pl\/sklep\/mieszanka-spokoj\/#breadcrumb\",\"itemListElement\":[{\"@type\":\"ListItem\",\"position\":1,\"name\":\"Strona g\u0142\u00f3wna\",\"item\":\"https:\/\/klaudynahebda.pl\/sklep\/\"},{\"@type\":\"ListItem\",\"position\":2,\"name\":\"Sklep\",\"item\":\"https:\/\/klaudynahebda.pl\/sklep\/sklep\/\"},{\"@type\":\"ListItem\",\"position\":3,\"name\":\"Olejki eteryczne\",\"item\":\"https:\/\/klaudynahebda.pl\/sklep\/olejki-eteryczne\/\"},{\"@type\":\"ListItem\",\"position\":4,\"name\":\"Mieszanka Spok\u00f3j &#8211; mieszanka 100% olejk\u00f3w eterycznych\"}]},{\"@type\":\"WebSite\",\"@id\":\"https:\/\/klaudynahebda.pl\/sklep\/#website\",\"url\":\"https:\/\/klaudynahebda.pl\/sklep\/\",\"name\":\"Klaudyna Hebda Nature\",\"description\":\"Sklep\",\"publisher\":{\"@id\":\"https:\/\/klaudynahebda.pl\/sklep\/#organization\"},\"potentialAction\":[{\"@type\":\"SearchAction\",\"target\":{\"@type\":\"EntryPoint\",\"urlTemplate\":\"https:\/\/klaudynahebda.pl\/sklep\/?s={search_term_string}\"},\"query-input\":\"required name=search_term_string\"}],\"inLanguage\":\"pl-PL\"},{\"@type\":\"Organization\",\"@id\":\"https:\/\/klaudynahebda.pl\/sklep\/#organization\",\"name\":\"KlaudynaHebda\",\"url\":\"https:\/\/klaudynahebda.pl\/sklep\/\",\"sameAs\":[],\"logo\":{\"@type\":\"ImageObject\",\"inLanguage\":\"pl-PL\",\"@id\":\"https:\/\/klaudynahebda.pl\/sklep\/#\/schema\/logo\/image\/\",\"url\":\"\",\"contentUrl\":\"\",\"caption\":\"KlaudynaHebda\"},\"image\":{\"@id\":\"https:\/\/klaudynahebda.pl\/sklep\/#\/schema\/logo\/image\/\"}}]}<\/script>\n<!-- \/ Yoast SEO plugin. -->","yoast_head_json":{"title":"Mieszanka Spok\u00f3j - mieszanka 100% olejk\u00f3w eterycznych - Klaudyna Hebda Nature","description":"Zapach mieszanki Spok\u00f3j mo\u017ce by\u0107 relaksuj\u0105cy i koj\u0105cy dla Ciebie i Twojego malucha. Mo\u017cesz stosowa\u0107 do dyfuzji, k\u0105pieli i w\u0105cha\u0107, gdziekolwiek jeste\u015b.","robots":{"index":"index","follow":"follow","max-snippet":"max-snippet:-1","max-image-preview":"max-image-preview:large","max-video-preview":"max-video-preview:-1"},"canonical":"https:\/\/klaudynahebda.pl\/sklep\/mieszanka-spokoj\/","og_locale":"pl_PL","og_type":"article","og_title":"Mieszanka Spok\u00f3j - mieszanka 100% olejk\u00f3w eterycznych - Klaudyna Hebda Nature","og_description":"Zapach mieszanki Spok\u00f3j mo\u017ce by\u0107 relaksuj\u0105cy i koj\u0105cy dla Ciebie i Twojego malucha. Mo\u017cesz stosowa\u0107 do dyfuzji, k\u0105pieli i w\u0105cha\u0107, gdziekolwiek jeste\u015b.","og_url":"https:\/\/klaudynahebda.pl\/sklep\/mieszanka-spokoj\/","og_site_name":"Klaudyna Hebda Nature","article_modified_time":"2026-04-05T20:22:18+00:00","og_image":[{"width":844,"height":1152,"url":"https:\/\/klaudynahebda.pl\/sklep\/wp-content\/uploads\/2019\/11\/olejek-eteryczny-mieszanka-spokoj-15ml-klaudyna-hebda.jpg.png","type":"image\/png"}],"twitter_card":"summary_large_image","twitter_misc":{"Szacowany czas czytania":"2 minuty"},"schema":{"@context":"https:\/\/schema.org","@graph":[{"@type":"WebPage","@id":"https:\/\/klaudynahebda.pl\/sklep\/mieszanka-spokoj\/","url":"https:\/\/klaudynahebda.pl\/sklep\/mieszanka-spokoj\/","name":"Mieszanka Spok\u00f3j - mieszanka 100% olejk\u00f3w eterycznych - Klaudyna Hebda Nature","isPartOf":{"@id":"https:\/\/klaudynahebda.pl\/sklep\/#website"},"datePublished":"2019-11-28T08:22:48+00:00","dateModified":"2026-04-05T20:22:18+00:00","description":"Zapach mieszanki Spok\u00f3j mo\u017ce by\u0107 relaksuj\u0105cy i koj\u0105cy dla Ciebie i Twojego malucha. Mo\u017cesz stosowa\u0107 do dyfuzji, k\u0105pieli i w\u0105cha\u0107, gdziekolwiek jeste\u015b.","breadcrumb":{"@id":"https:\/\/klaudynahebda.pl\/sklep\/mieszanka-spokoj\/#breadcrumb"},"inLanguage":"pl-PL","potentialAction":[{"@type":"ReadAction","target":["https:\/\/klaudynahebda.pl\/sklep\/mieszanka-spokoj\/"]}]},{"@type":"BreadcrumbList","@id":"https:\/\/klaudynahebda.pl\/sklep\/mieszanka-spokoj\/#breadcrumb","itemListElement":[{"@type":"ListItem","position":1,"name":"Strona g\u0142\u00f3wna","item":"https:\/\/klaudynahebda.pl\/sklep\/"},{"@type":"ListItem","position":2,"name":"Sklep","item":"https:\/\/klaudynahebda.pl\/sklep\/sklep\/"},{"@type":"ListItem","position":3,"name":"Olejki eteryczne","item":"https:\/\/klaudynahebda.pl\/sklep\/olejki-eteryczne\/"},{"@type":"ListItem","position":4,"name":"Mieszanka Spok\u00f3j &#8211; mieszanka 100% olejk\u00f3w eterycznych"}]},{"@type":"WebSite","@id":"https:\/\/klaudynahebda.pl\/sklep\/#website","url":"https:\/\/klaudynahebda.pl\/sklep\/","name":"Klaudyna Hebda Nature","description":"Sklep","publisher":{"@id":"https:\/\/klaudynahebda.pl\/sklep\/#organization"},"potentialAction":[{"@type":"SearchAction","target":{"@type":"EntryPoint","urlTemplate":"https:\/\/klaudynahebda.pl\/sklep\/?s={search_term_string}"},"query-input":"required name=search_term_string"}],"inLanguage":"pl-PL"},{"@type":"Organization","@id":"https:\/\/klaudynahebda.pl\/sklep\/#organization","name":"KlaudynaHebda","url":"https:\/\/klaudynahebda.pl\/sklep\/","sameAs":[],"logo":{"@type":"ImageObject","inLanguage":"pl-PL","@id":"https:\/\/klaudynahebda.pl\/sklep\/#\/schema\/logo\/image\/","url":"","contentUrl":"","caption":"KlaudynaHebda"},"image":{"@id":"https:\/\/klaudynahebda.pl\/sklep\/#\/schema\/logo\/image\/"}}]}},"_links":{"self":[{"href":"https:\/\/klaudynahebda.pl\/sklep\/wp-json\/wp\/v2\/product\/61584"}],"collection":[{"href":"https:\/\/klaudynahebda.pl\/sklep\/wp-json\/wp\/v2\/product"}],"about":[{"href":"https:\/\/klaudynahebda.pl\/sklep\/wp-json\/wp\/v2\/types\/product"}],"replies":[{"embeddable":true,"href":"https:\/\/klaudynahebda.pl\/sklep\/wp-json\/wp\/v2\/comments?post=61584"}],"wp:featuredmedia":[{"embeddable":true,"href":"https:\/\/klaudynahebda.pl\/sklep\/wp-json\/wp\/v2\/media\/3378559"}],"wp:attachment":[{"href":"https:\/\/klaudynahebda.pl\/sklep\/wp-json\/wp\/v2\/media?parent=61584"}],"wp:term":[{"taxonomy":"product_cat","embeddable":true,"href":"https:\/\/klaudynahebda.pl\/sklep\/wp-json\/wp\/v2\/product_cat?post=61584"},{"taxonomy":"product_tag","embeddable":true,"href":"https:\/\/klaudynahebda.pl\/sklep\/wp-json\/wp\/v2\/product_tag?post=61584"}],"curies":[{"name":"wp","href":"https:\/\/api.w.org\/{rel}","templated":true}]}}