{"id":51197,"date":"2019-07-31T08:00:55","date_gmt":"2019-07-31T06:00:55","guid":{"rendered":"https:\/\/klaudynahebda.pl\/sklep\/?post_type=product&#038;p=51197"},"modified":"2026-04-06T02:46:52","modified_gmt":"2026-04-06T00:46:52","slug":"gaja-intima","status":"publish","type":"product","link":"https:\/\/klaudynahebda.pl\/sklep\/gaja-intima\/","title":{"rendered":"Olejek do piel\u0119gnacji okolic intymnych Gaja Intima [10 &#8211; 30 ml]"},"content":{"rendered":"<h2><b>Jak dzia\u0142a olejek do okolic intymnych Gaja Intima?<\/b><\/h2>\n<ol>\n<li data-leveltext=\"%1.\" data-font=\"Aptos\" data-listid=\"6\" data-list-defn-props=\"{&quot;335552541&quot;:0,&quot;335559685&quot;:720,&quot;335559991&quot;:360,&quot;469769242&quot;:[65533,0],&quot;469777803&quot;:&quot;left&quot;,&quot;469777804&quot;:&quot;%1.&quot;,&quot;469777815&quot;:&quot;hybridMultilevel&quot;}\" data-aria-posinset=\"1\" data-aria-level=\"1\"><b>Regeneruje i nawil\u017ca<\/b>: formu\u0142a bogata w olejki eteryczne wspomaga regeneracj\u0119 sk\u00f3ry, od\u017cywia j\u0105 i redukuje podra\u017cnienia.<\/li>\n<li data-leveltext=\"%1.\" data-font=\"Aptos\" data-listid=\"6\" data-list-defn-props=\"{&quot;335552541&quot;:0,&quot;335559685&quot;:720,&quot;335559991&quot;:360,&quot;469769242&quot;:[65533,0],&quot;469777803&quot;:&quot;left&quot;,&quot;469777804&quot;:&quot;%1.&quot;,&quot;469777815&quot;:&quot;hybridMultilevel&quot;}\" data-aria-posinset=\"1\" data-aria-level=\"1\"><b>Eliminuje dyskomfort<\/b>: skutecznie \u0142agodzi \u015bwi\u0105d, zaczerwienienia i otarcia.<\/li>\n<li data-leveltext=\"%1.\" data-font=\"Aptos\" data-listid=\"6\" data-list-defn-props=\"{&quot;335552541&quot;:0,&quot;335559685&quot;:720,&quot;335559991&quot;:360,&quot;469769242&quot;:[65533,0],&quot;469777803&quot;:&quot;left&quot;,&quot;469777804&quot;:&quot;%1.&quot;,&quot;469777815&quot;:&quot;hybridMultilevel&quot;}\" data-aria-posinset=\"1\" data-aria-level=\"1\"><b>Dba o sk\u00f3r\u0119 po depilacji<\/b>: zapobiega wrastaniu w\u0142osk\u00f3w i dba o sk\u00f3r\u0119 wra\u017cliw\u0105 na podra\u017cnienia.<\/li>\n<li data-leveltext=\"%1.\" data-font=\"Aptos\" data-listid=\"6\" data-list-defn-props=\"{&quot;335552541&quot;:0,&quot;335559685&quot;:720,&quot;335559991&quot;:360,&quot;469769242&quot;:[65533,0],&quot;469777803&quot;:&quot;left&quot;,&quot;469777804&quot;:&quot;%1.&quot;,&quot;469777815&quot;:&quot;hybridMultilevel&quot;}\" data-aria-posinset=\"1\" data-aria-level=\"1\"><b>Naturalne wsparcie na ka\u017cdym etapie \u017cycia<\/b>: bezpieczna tak\u017ce dla kobiet w ci\u0105\u017cy (po konsultacji z lekarzem) i dojrza\u0142ych kobiet w okresie menopauzy.<\/li>\n<\/ol>\n<h2><b>Jak u\u017cywa\u0107 olejku Gaja Intima?<\/b><\/h2>\n<ul>\n<li data-leveltext=\"\uf0b7\" data-font=\"Symbol\" data-listid=\"7\" data-list-defn-props=\"{&quot;335552541&quot;:1,&quot;335559685&quot;:720,&quot;335559991&quot;:360,&quot;469769226&quot;:&quot;Symbol&quot;,&quot;469769242&quot;:[8226],&quot;469777803&quot;:&quot;left&quot;,&quot;469777804&quot;:&quot;\uf0b7&quot;,&quot;469777815&quot;:&quot;hybridMultilevel&quot;}\" data-aria-posinset=\"1\" data-aria-level=\"1\"><b>Codzienna piel\u0119gnacja<\/b>: nanie\u015b 5 kropli olejku na d\u0142o\u0144 lub bezpo\u015brednio na zewn\u0119trzne okolice intymne i delikatnie wmasuj kolistymi ruchami.<\/li>\n<li data-leveltext=\"\uf0b7\" data-font=\"Symbol\" data-listid=\"7\" data-list-defn-props=\"{&quot;335552541&quot;:1,&quot;335559685&quot;:720,&quot;335559991&quot;:360,&quot;469769226&quot;:&quot;Symbol&quot;,&quot;469769242&quot;:[8226],&quot;469777803&quot;:&quot;left&quot;,&quot;469777804&quot;:&quot;\uf0b7&quot;,&quot;469777815&quot;:&quot;hybridMultilevel&quot;}\" data-aria-posinset=\"1\" data-aria-level=\"1\"><b>Po depilacji<\/b>: stosuj, aby \u0142agodzi\u0107 podra\u017cnienia i zapobiega\u0107 wrastaniu w\u0142osk\u00f3w.<\/li>\n<li data-leveltext=\"\uf0b7\" data-font=\"Symbol\" data-listid=\"7\" data-list-defn-props=\"{&quot;335552541&quot;:1,&quot;335559685&quot;:720,&quot;335559991&quot;:360,&quot;469769226&quot;:&quot;Symbol&quot;,&quot;469769242&quot;:[8226],&quot;469777803&quot;:&quot;left&quot;,&quot;469777804&quot;:&quot;\uf0b7&quot;,&quot;469777815&quot;:&quot;hybridMultilevel&quot;}\" data-aria-posinset=\"1\" data-aria-level=\"1\"><b>Wspieraj regeneracj\u0119<\/b>: u\u017cywaj tak cz\u0119sto, jak to konieczne, aby nawil\u017ca\u0107 i chroni\u0107 sk\u00f3r\u0119 przed dyskomfortem.<\/li>\n<\/ul>\n<h3><b>Opinie i badania olejku Gaja Intima<\/b><\/h3>\n<p><b>Badania aplikacyjne pod nadzorem lekarza ginekologa m\u00f3wi\u0105 jasno: GAJA INTIMA wspiera codzienn\u0105 piel\u0119gnacj\u0119 miejsc intymnych.<\/b><\/p>\n<p>Po 2 tygodniach stosowania 2 razy dziennie w grupie 10 kobiet:<\/p>\n<p>\ud83d\udca7 <b>100% kobiet <\/b>potwierdzi\u0142o uczucie nawil\u017cenia i od\u017cywienia okolicy miejsc intymnych.<br \/>\n\ud83c\udf3f <b>100% badanych <\/b>odczu\u0142o regeneracj\u0119, wyg\u0142adzenie sk\u00f3ry i popraw\u0119 komfortu intymnego.<br \/>\n\ud83c\udf38 <b>90% uczestniczek <\/b>zauwa\u017cy\u0142o zmniejszenie dyskomfortu sk\u00f3ry.<br \/>\n\ud83d\udca8 <b>90% badanych <\/b>potwierdzi\u0142o, \u017ce produkt niweluje nieprzyjemny zapach na sk\u00f3rze.<\/p>\n<p><b>Najcz\u0119\u015bciej wskazywane efekty:<\/b><br \/>\n\u2022 wyra\u017ana poprawa elastyczno\u015bci i g\u0142adko\u015bci sk\u00f3ry,<br \/>\n\u2022 uczucie \u015bwie\u017co\u015bci i komfortu w ci\u0105gu dnia,<br \/>\n\u2022 \u0142agodna piel\u0119gnacja okolicy miejsc intymnych.<\/p>\n<p>Ponadto 100% uczestniczek badania:<\/p>\n<ul>\n<li>oceni\u0142o produkt jako delikatny i odpowiedni do codziennego stosowania.<\/li>\n<li>uzna\u0142o form\u0119 i konsystencj\u0119 produktu za wygodn\u0105 i przyjemn\u0105 w u\u017cyciu.<\/li>\n<li>poleci\u0142oby produkt siostrze lub przyjaci\u00f3\u0142ce.<\/li>\n<\/ul>\n<p><b>a 8 na 10 badanych <\/b>ch\u0119tnie kupi\u0142oby GAJA INTIMA ponownie.<\/p>\n<p>Produkt testowany dermatologicznie i ginekologicznie. Badania przeprowadzone przez niezale\u017cne laboratorium\u00a0 pod nadzorem lekarza ginekologa.<\/p>\n<h3><b>Najwa\u017cniejsze sk\u0142adniki olejku Gaja Intima<\/b><\/h3>\n<p>Czy wiesz, \u017ce olejek Gaja Intima posiada a\u017c <b>5 aktywnych sk\u0142adnik\u00f3w pochodzenia ro\u015blinnego, <\/b>specjalnie dobranych przez <b>aromaterapeutk\u0119 kliniczn\u0105 nr 1 w Polsce, Klaudyn\u0119 Hebd\u0119<\/b>? Jej ogromnemu do\u015bwiadczeniu i wiedzy<b> zaufa\u0142y ju\u017c setki tysi\u0119cy Kobiet.<\/b><\/p>\n<ul>\n<li data-leveltext=\"\uf0b7\" data-font=\"Symbol\" data-listid=\"9\" data-list-defn-props=\"{&quot;335552541&quot;:1,&quot;335559685&quot;:720,&quot;335559991&quot;:360,&quot;469769226&quot;:&quot;Symbol&quot;,&quot;469769242&quot;:[8226],&quot;469777803&quot;:&quot;left&quot;,&quot;469777804&quot;:&quot;\uf0b7&quot;,&quot;469777815&quot;:&quot;hybridMultilevel&quot;}\" data-aria-posinset=\"1\" data-aria-level=\"1\"><b>Absolut r\u00f3\u017cany<\/b>: luksusowy zapach, kt\u00f3ry od wiek\u00f3w stosowany jest w naturalnej piel\u0119gnacji.<\/li>\n<li data-leveltext=\"\uf0b7\" data-font=\"Symbol\" data-listid=\"9\" data-list-defn-props=\"{&quot;335552541&quot;:1,&quot;335559685&quot;:720,&quot;335559991&quot;:360,&quot;469769226&quot;:&quot;Symbol&quot;,&quot;469769242&quot;:[8226],&quot;469777803&quot;:&quot;left&quot;,&quot;469777804&quot;:&quot;\uf0b7&quot;,&quot;469777815&quot;:&quot;hybridMultilevel&quot;}\" data-aria-posinset=\"1\" data-aria-level=\"1\"><b>Copaiba<\/b>: ten ciep\u0142y, \u017cywiczny aromat dzia\u0142a koj\u0105co i regeneruj\u0105co.<\/li>\n<li data-leveltext=\"\uf0b7\" data-font=\"Symbol\" data-listid=\"9\" data-list-defn-props=\"{&quot;335552541&quot;:1,&quot;335559685&quot;:720,&quot;335559991&quot;:360,&quot;469769226&quot;:&quot;Symbol&quot;,&quot;469769242&quot;:[8226],&quot;469777803&quot;:&quot;left&quot;,&quot;469777804&quot;:&quot;\uf0b7&quot;,&quot;469777815&quot;:&quot;hybridMultilevel&quot;}\" data-aria-posinset=\"1\" data-aria-level=\"1\"><b>Drzewo herbaciane<\/b>: cz\u0119sto u\u017cywany w kosmetykach do cery problematycznej, z niedoskona\u0142o\u015bciami.<\/li>\n<li data-leveltext=\"\uf0b7\" data-font=\"Symbol\" data-listid=\"9\" data-list-defn-props=\"{&quot;335552541&quot;:1,&quot;335559685&quot;:720,&quot;335559991&quot;:360,&quot;469769226&quot;:&quot;Symbol&quot;,&quot;469769242&quot;:[8226],&quot;469777803&quot;:&quot;left&quot;,&quot;469777804&quot;:&quot;\uf0b7&quot;,&quot;469777815&quot;:&quot;hybridMultilevel&quot;}\" data-aria-posinset=\"1\" data-aria-level=\"1\"><b>Lawenda<\/b>: prawdziwy skarb natury &#8211; nie bez przyczyny znajdziesz go w naszym Balsamie Naprawczym czy \u017celu po uk\u0105szeniach.<\/li>\n<li data-leveltext=\"\uf0b7\" data-font=\"Symbol\" data-listid=\"9\" data-list-defn-props=\"{&quot;335552541&quot;:1,&quot;335559685&quot;:720,&quot;335559991&quot;:360,&quot;469769226&quot;:&quot;Symbol&quot;,&quot;469769242&quot;:[8226],&quot;469777803&quot;:&quot;left&quot;,&quot;469777804&quot;:&quot;\uf0b7&quot;,&quot;469777815&quot;:&quot;hybridMultilevel&quot;}\" data-aria-posinset=\"1\" data-aria-level=\"1\"><b>Geranium r\u00f3\u017cane<\/b>: dobroczynny dla zmys\u0142\u00f3w i sk\u00f3ry.<\/li>\n<\/ul>\n<h3><b>Za co pokochasz olejek Gaja Intima?<\/b><\/h3>\n<ul>\n<li data-leveltext=\"\uf0b7\" data-font=\"Symbol\" data-listid=\"10\" data-list-defn-props=\"{&quot;335552541&quot;:1,&quot;335559685&quot;:720,&quot;335559991&quot;:360,&quot;469769226&quot;:&quot;Symbol&quot;,&quot;469769242&quot;:[8226],&quot;469777803&quot;:&quot;left&quot;,&quot;469777804&quot;:&quot;\uf0b7&quot;,&quot;469777815&quot;:&quot;hybridMultilevel&quot;}\" data-aria-posinset=\"1\" data-aria-level=\"1\">Odpowiedni zapach i intensywno\u015b\u0107 docenione przez 90% badanych.<\/li>\n<li data-leveltext=\"\uf0b7\" data-font=\"Symbol\" data-listid=\"10\" data-list-defn-props=\"{&quot;335552541&quot;:1,&quot;335559685&quot;:720,&quot;335559991&quot;:360,&quot;469769226&quot;:&quot;Symbol&quot;,&quot;469769242&quot;:[8226],&quot;469777803&quot;:&quot;left&quot;,&quot;469777804&quot;:&quot;\uf0b7&quot;,&quot;469777815&quot;:&quot;hybridMultilevel&quot;}\" data-aria-posinset=\"1\" data-aria-level=\"1\">\u0141atwa aplikacja dzi\u0119ki funkcjonalnej szklanej pipetce.<\/li>\n<li data-leveltext=\"\uf0b7\" data-font=\"Symbol\" data-listid=\"10\" data-list-defn-props=\"{&quot;335552541&quot;:1,&quot;335559685&quot;:720,&quot;335559991&quot;:360,&quot;469769226&quot;:&quot;Symbol&quot;,&quot;469769242&quot;:[8226],&quot;469777803&quot;:&quot;left&quot;,&quot;469777804&quot;:&quot;\uf0b7&quot;,&quot;469777815&quot;:&quot;hybridMultilevel&quot;}\" data-aria-posinset=\"1\" data-aria-level=\"1\">Wszechstronna piel\u0119gnacja w jednym kroku \u2013 regeneracja, nawil\u017cenie i ochrona sk\u00f3ry.<\/li>\n<li data-leveltext=\"\uf0b7\" data-font=\"Symbol\" data-listid=\"10\" data-list-defn-props=\"{&quot;335552541&quot;:1,&quot;335559685&quot;:720,&quot;335559991&quot;:360,&quot;469769226&quot;:&quot;Symbol&quot;,&quot;469769242&quot;:[8226],&quot;469777803&quot;:&quot;left&quot;,&quot;469777804&quot;:&quot;\uf0b7&quot;,&quot;469777815&quot;:&quot;hybridMultilevel&quot;}\" data-aria-posinset=\"1\" data-aria-level=\"1\">Intymna piel\u0119gnacja, kt\u00f3ra wspiera Ci\u0119 ka\u017cdego dnia, niezale\u017cnie od okoliczno\u015bci.<\/li>\n<\/ul>\n<p>Stworzona przez <b>Klaudyn\u0119 Hebd\u0119<\/b>, aromaterapeutk\u0119 kliniczn\u0105, <b>Gaja Intima<\/b> to zaufana formu\u0142a, kt\u00f3ra dba o zdrowie i komfort Twojej sk\u00f3ry.<\/p>\n<p>&nbsp;<\/p>\n<h2><strong>Szukasz naturalnej piel\u0119gnacji? Sprawd\u017a nasze bestsellery!<\/strong><\/h2>\n<p><a href=\"https:\/\/klaudynahebda.pl\/sklep\/kosmetyki-naturalne\/\" target=\"_blank\" rel=\"noopener\">Kosmetyki K. Hebda<\/a> to po\u0142\u0105czenie natury, tradycji zielarskiej i nowoczesnej piel\u0119gnacji. Powstaj\u0105 z my\u015bl\u0105 o sk\u00f3rze, kt\u00f3ra potrzebuje ukojenia, od\u017cywienia i wsparcia. Nasze receptury oparte s\u0105 na olejkach eterycznych i sk\u0142adnikach ro\u015blinnych najwy\u017cszej jako\u015bci, dzi\u0119ki czemu dzia\u0142a nie tylko na cia\u0142o, ale i na zmys\u0142y.<\/p>\n<p>W\u015br\u00f3d Waszych ulubie\u0144c\u00f3w znajduj\u0105 si\u0119 m.in. wzmocniony <a href=\"https:\/\/klaudynahebda.pl\/sklep\/hydrolat-rozany\/\" target=\"_blank\" rel=\"noopener\">hydrolat r\u00f3\u017cany K. Hebda Rosa<\/a> czy wielozadaniowy<a href=\"https:\/\/klaudynahebda.pl\/sklep\/balsam-naprawczy\/\" target=\"_blank\" rel=\"noopener\"> Balsam Naprawczy<\/a>.<\/p>\n<p>Daj swojej sk\u00f3rze to, co najlepsze \u2013 si\u0119gnij po kosmetyki, kt\u00f3re powstaj\u0105 z pasji do ro\u015blin, skutecznej piel\u0119gnacji\u00a0 i troski o Twoje codzienne dobre samopoczucie. \ud83c\udf38<\/p>\n","protected":false},"excerpt":{"rendered":"<h2>Olejek Gaja Intima to:<\/h2>\n<ul>\n<li>naturalna piel\u0119gnacja i ochrona okolic intymnych;<\/li>\n<li>starannie skomponowana mieszanka naturalnych olejk\u00f3w, kt\u00f3ra zadba o Twoje delikatne okolice intymne, zapewniaj\u0105c regeneracj\u0119, nawil\u017cenie i ulg\u0119;<\/li>\n<li>wyj\u0105tkowa formu\u0142a, kt\u00f3ry \u0142\u0105czy w sobie skuteczno\u015b\u0107 i delikatno\u015b\u0107, zapewniaj\u0105c poczucie komfortu i troski.<\/li>\n<\/ul>\n<h2>Dlaczego warto wybra\u0107 mieszank\u0119 olejk\u00f3w Gaja Intima?<\/h2>\n<ul>\n<li><strong>Przebadana dermatologicznie:<\/strong> bardzo dobrze tolerowana w miejscu aplikacji, odpowiednia nawet dla wra\u017cliwej sk\u00f3ry.<\/li>\n<li><strong>Wszechstronne dzia\u0142anie<\/strong>: przynosi ulg\u0119, zmniejsza sw\u0119dzenie, eliminuje wrastanie w\u0142osk\u00f3w po depilacji i wspiera regeneracj\u0119.<\/li>\n<li><strong>Ochrona i piel\u0119gnacja:<\/strong> tworzy ochronny film, kt\u00f3ry zabezpiecza sk\u00f3r\u0119 przed szkodliwymi czynnikami zewn\u0119trznymi.<\/li>\n<li><strong>Zmys\u0142owy zapach:<\/strong> 90% badanych doceni\u0142o delikatny, odpowiedni aromat produktu, kt\u00f3ry dodatkowo relaksuje i piel\u0119gnuje.<\/li>\n<li><strong>Bezpiecze\u0144stwo:<\/strong> klinicznie testowana pod nadzorem ginekologa i testowana przez kobiety w ci\u0105\u017cy. Delikatna nawet dla bardzo wra\u017cliwej sk\u00f3ry, mo\u017cna stosowa\u0107 j\u0105 w codziennej piel\u0119gnacji.<\/li>\n<\/ul>\n","protected":false},"featured_media":3276503,"comment_status":"open","ping_status":"closed","template":"","meta":[],"product_cat":[250,127,130,47,109,118],"product_tag":[],"acf":[],"yoast_head":"<!-- This site is optimized with the Yoast SEO plugin v19.6.1 - https:\/\/yoast.com\/wordpress\/plugins\/seo\/ -->\n<title>Gaja Intima - olejek do piel\u0119gnacji okolic intymnych - Klaudyna Hebda Nature<\/title>\n<meta name=\"description\" content=\"Olejek Gaja Intima do piel\u0119gnacji okolic intymnych. Nawil\u017ca, regeneruje, \u0142agodzi podra\u017cnienia. Zmniejsza sw\u0119dzenie i eliminuje wrastanie w\u0142osk\u00f3w po depilacji.\" \/>\n<meta name=\"robots\" content=\"index, follow, max-snippet:-1, max-image-preview:large, max-video-preview:-1\" \/>\n<link rel=\"canonical\" href=\"https:\/\/klaudynahebda.pl\/sklep\/gaja-intima\/\" \/>\n<meta property=\"og:locale\" content=\"pl_PL\" \/>\n<meta property=\"og:type\" content=\"article\" \/>\n<meta property=\"og:title\" content=\"Gaja Intima - olejek do piel\u0119gnacji okolic intymnych - Klaudyna Hebda Nature\" \/>\n<meta property=\"og:description\" content=\"Olejek Gaja Intima do piel\u0119gnacji okolic intymnych. Nawil\u017ca, regeneruje, \u0142agodzi podra\u017cnienia. Zmniejsza sw\u0119dzenie i eliminuje wrastanie w\u0142osk\u00f3w po depilacji.\" \/>\n<meta property=\"og:url\" content=\"https:\/\/klaudynahebda.pl\/sklep\/gaja-intima\/\" \/>\n<meta property=\"og:site_name\" content=\"Klaudyna Hebda Nature\" \/>\n<meta property=\"article:modified_time\" content=\"2026-04-06T00:46:52+00:00\" \/>\n<meta property=\"og:image\" content=\"https:\/\/klaudynahebda.pl\/sklep\/wp-content\/uploads\/2019\/07\/Gaja_Intima_.png\" \/>\n\t<meta property=\"og:image:width\" content=\"1020\" \/>\n\t<meta property=\"og:image:height\" content=\"1530\" \/>\n\t<meta property=\"og:image:type\" content=\"image\/png\" \/>\n<meta name=\"twitter:card\" content=\"summary_large_image\" \/>\n<meta name=\"twitter:label1\" content=\"Szacowany czas czytania\" \/>\n\t<meta name=\"twitter:data1\" content=\"4 minuty\" \/>\n<script type=\"application\/ld+json\" class=\"yoast-schema-graph\">{\"@context\":\"https:\/\/schema.org\",\"@graph\":[{\"@type\":\"WebPage\",\"@id\":\"https:\/\/klaudynahebda.pl\/sklep\/gaja-intima\/\",\"url\":\"https:\/\/klaudynahebda.pl\/sklep\/gaja-intima\/\",\"name\":\"Gaja Intima - olejek do piel\u0119gnacji okolic intymnych - Klaudyna Hebda Nature\",\"isPartOf\":{\"@id\":\"https:\/\/klaudynahebda.pl\/sklep\/#website\"},\"datePublished\":\"2019-07-31T06:00:55+00:00\",\"dateModified\":\"2026-04-06T00:46:52+00:00\",\"description\":\"Olejek Gaja Intima do piel\u0119gnacji okolic intymnych. Nawil\u017ca, regeneruje, \u0142agodzi podra\u017cnienia. Zmniejsza sw\u0119dzenie i eliminuje wrastanie w\u0142osk\u00f3w po depilacji.\",\"breadcrumb\":{\"@id\":\"https:\/\/klaudynahebda.pl\/sklep\/gaja-intima\/#breadcrumb\"},\"inLanguage\":\"pl-PL\",\"potentialAction\":[{\"@type\":\"ReadAction\",\"target\":[\"https:\/\/klaudynahebda.pl\/sklep\/gaja-intima\/\"]}]},{\"@type\":\"BreadcrumbList\",\"@id\":\"https:\/\/klaudynahebda.pl\/sklep\/gaja-intima\/#breadcrumb\",\"itemListElement\":[{\"@type\":\"ListItem\",\"position\":1,\"name\":\"Strona g\u0142\u00f3wna\",\"item\":\"https:\/\/klaudynahebda.pl\/sklep\/\"},{\"@type\":\"ListItem\",\"position\":2,\"name\":\"Sklep\",\"item\":\"https:\/\/klaudynahebda.pl\/sklep\/sklep\/\"},{\"@type\":\"ListItem\",\"position\":3,\"name\":\"Kosmetyki naturalne\",\"item\":\"https:\/\/klaudynahebda.pl\/sklep\/kosmetyki-naturalne\/\"},{\"@type\":\"ListItem\",\"position\":4,\"name\":\"Olejek do piel\u0119gnacji okolic intymnych Gaja Intima [10 &#8211; 30 ml]\"}]},{\"@type\":\"WebSite\",\"@id\":\"https:\/\/klaudynahebda.pl\/sklep\/#website\",\"url\":\"https:\/\/klaudynahebda.pl\/sklep\/\",\"name\":\"Klaudyna Hebda Nature\",\"description\":\"Sklep\",\"publisher\":{\"@id\":\"https:\/\/klaudynahebda.pl\/sklep\/#organization\"},\"potentialAction\":[{\"@type\":\"SearchAction\",\"target\":{\"@type\":\"EntryPoint\",\"urlTemplate\":\"https:\/\/klaudynahebda.pl\/sklep\/?s={search_term_string}\"},\"query-input\":\"required name=search_term_string\"}],\"inLanguage\":\"pl-PL\"},{\"@type\":\"Organization\",\"@id\":\"https:\/\/klaudynahebda.pl\/sklep\/#organization\",\"name\":\"KlaudynaHebda\",\"url\":\"https:\/\/klaudynahebda.pl\/sklep\/\",\"sameAs\":[],\"logo\":{\"@type\":\"ImageObject\",\"inLanguage\":\"pl-PL\",\"@id\":\"https:\/\/klaudynahebda.pl\/sklep\/#\/schema\/logo\/image\/\",\"url\":\"\",\"contentUrl\":\"\",\"caption\":\"KlaudynaHebda\"},\"image\":{\"@id\":\"https:\/\/klaudynahebda.pl\/sklep\/#\/schema\/logo\/image\/\"}}]}<\/script>\n<!-- \/ Yoast SEO plugin. -->","yoast_head_json":{"title":"Gaja Intima - olejek do piel\u0119gnacji okolic intymnych - Klaudyna Hebda Nature","description":"Olejek Gaja Intima do piel\u0119gnacji okolic intymnych. Nawil\u017ca, regeneruje, \u0142agodzi podra\u017cnienia. Zmniejsza sw\u0119dzenie i eliminuje wrastanie w\u0142osk\u00f3w po depilacji.","robots":{"index":"index","follow":"follow","max-snippet":"max-snippet:-1","max-image-preview":"max-image-preview:large","max-video-preview":"max-video-preview:-1"},"canonical":"https:\/\/klaudynahebda.pl\/sklep\/gaja-intima\/","og_locale":"pl_PL","og_type":"article","og_title":"Gaja Intima - olejek do piel\u0119gnacji okolic intymnych - Klaudyna Hebda Nature","og_description":"Olejek Gaja Intima do piel\u0119gnacji okolic intymnych. Nawil\u017ca, regeneruje, \u0142agodzi podra\u017cnienia. Zmniejsza sw\u0119dzenie i eliminuje wrastanie w\u0142osk\u00f3w po depilacji.","og_url":"https:\/\/klaudynahebda.pl\/sklep\/gaja-intima\/","og_site_name":"Klaudyna Hebda Nature","article_modified_time":"2026-04-06T00:46:52+00:00","og_image":[{"width":1020,"height":1530,"url":"https:\/\/klaudynahebda.pl\/sklep\/wp-content\/uploads\/2019\/07\/Gaja_Intima_.png","type":"image\/png"}],"twitter_card":"summary_large_image","twitter_misc":{"Szacowany czas czytania":"4 minuty"},"schema":{"@context":"https:\/\/schema.org","@graph":[{"@type":"WebPage","@id":"https:\/\/klaudynahebda.pl\/sklep\/gaja-intima\/","url":"https:\/\/klaudynahebda.pl\/sklep\/gaja-intima\/","name":"Gaja Intima - olejek do piel\u0119gnacji okolic intymnych - Klaudyna Hebda Nature","isPartOf":{"@id":"https:\/\/klaudynahebda.pl\/sklep\/#website"},"datePublished":"2019-07-31T06:00:55+00:00","dateModified":"2026-04-06T00:46:52+00:00","description":"Olejek Gaja Intima do piel\u0119gnacji okolic intymnych. Nawil\u017ca, regeneruje, \u0142agodzi podra\u017cnienia. Zmniejsza sw\u0119dzenie i eliminuje wrastanie w\u0142osk\u00f3w po depilacji.","breadcrumb":{"@id":"https:\/\/klaudynahebda.pl\/sklep\/gaja-intima\/#breadcrumb"},"inLanguage":"pl-PL","potentialAction":[{"@type":"ReadAction","target":["https:\/\/klaudynahebda.pl\/sklep\/gaja-intima\/"]}]},{"@type":"BreadcrumbList","@id":"https:\/\/klaudynahebda.pl\/sklep\/gaja-intima\/#breadcrumb","itemListElement":[{"@type":"ListItem","position":1,"name":"Strona g\u0142\u00f3wna","item":"https:\/\/klaudynahebda.pl\/sklep\/"},{"@type":"ListItem","position":2,"name":"Sklep","item":"https:\/\/klaudynahebda.pl\/sklep\/sklep\/"},{"@type":"ListItem","position":3,"name":"Kosmetyki naturalne","item":"https:\/\/klaudynahebda.pl\/sklep\/kosmetyki-naturalne\/"},{"@type":"ListItem","position":4,"name":"Olejek do piel\u0119gnacji okolic intymnych Gaja Intima [10 &#8211; 30 ml]"}]},{"@type":"WebSite","@id":"https:\/\/klaudynahebda.pl\/sklep\/#website","url":"https:\/\/klaudynahebda.pl\/sklep\/","name":"Klaudyna Hebda Nature","description":"Sklep","publisher":{"@id":"https:\/\/klaudynahebda.pl\/sklep\/#organization"},"potentialAction":[{"@type":"SearchAction","target":{"@type":"EntryPoint","urlTemplate":"https:\/\/klaudynahebda.pl\/sklep\/?s={search_term_string}"},"query-input":"required name=search_term_string"}],"inLanguage":"pl-PL"},{"@type":"Organization","@id":"https:\/\/klaudynahebda.pl\/sklep\/#organization","name":"KlaudynaHebda","url":"https:\/\/klaudynahebda.pl\/sklep\/","sameAs":[],"logo":{"@type":"ImageObject","inLanguage":"pl-PL","@id":"https:\/\/klaudynahebda.pl\/sklep\/#\/schema\/logo\/image\/","url":"","contentUrl":"","caption":"KlaudynaHebda"},"image":{"@id":"https:\/\/klaudynahebda.pl\/sklep\/#\/schema\/logo\/image\/"}}]}},"_links":{"self":[{"href":"https:\/\/klaudynahebda.pl\/sklep\/wp-json\/wp\/v2\/product\/51197"}],"collection":[{"href":"https:\/\/klaudynahebda.pl\/sklep\/wp-json\/wp\/v2\/product"}],"about":[{"href":"https:\/\/klaudynahebda.pl\/sklep\/wp-json\/wp\/v2\/types\/product"}],"replies":[{"embeddable":true,"href":"https:\/\/klaudynahebda.pl\/sklep\/wp-json\/wp\/v2\/comments?post=51197"}],"wp:featuredmedia":[{"embeddable":true,"href":"https:\/\/klaudynahebda.pl\/sklep\/wp-json\/wp\/v2\/media\/3276503"}],"wp:attachment":[{"href":"https:\/\/klaudynahebda.pl\/sklep\/wp-json\/wp\/v2\/media?parent=51197"}],"wp:term":[{"taxonomy":"product_cat","embeddable":true,"href":"https:\/\/klaudynahebda.pl\/sklep\/wp-json\/wp\/v2\/product_cat?post=51197"},{"taxonomy":"product_tag","embeddable":true,"href":"https:\/\/klaudynahebda.pl\/sklep\/wp-json\/wp\/v2\/product_tag?post=51197"}],"curies":[{"name":"wp","href":"https:\/\/api.w.org\/{rel}","templated":true}]}}