{"id":50470,"date":"2019-07-16T12:28:07","date_gmt":"2019-07-16T10:28:07","guid":{"rendered":"https:\/\/klaudynahebda.pl\/sklep\/?post_type=product&#038;p=50470"},"modified":"2026-04-06T13:49:46","modified_gmt":"2026-04-06T11:49:46","slug":"mieszanka-na-komary","status":"publish","type":"product","link":"https:\/\/klaudynahebda.pl\/sklep\/mieszanka-na-komary\/","title":{"rendered":"Komar nie siada &#8211; mieszanka 100% olejk\u00f3w eterycznych"},"content":{"rendered":"<p><span style=\"font-weight: 400;\">Cykady graj\u0105 na Cykladach, ksi\u0105\u017cka a\u017c prosi Ci\u0119 o otwarcie, gdy nagle przy uchu rozlega si\u0119 charakterystyczne bzzzyczenie\u2026 Nie, nie tym razem!<\/span><\/p>\n<h2><strong>Dlaczego warto wybra\u0107 mieszank\u0119 olejk\u00f3w eterycznych &#8220;Komar nie siada&#8221;?<\/strong><\/h2>\n<p><span style=\"font-weight: 400;\">Wypr\u00f3buj nasz\u0105 mieszank\u0119 olejk\u00f3w eterycznych, dzi\u0119ki, kt\u00f3rej b\u0119dziesz mog\u0142a w ko\u0144cu odpoczywa\u0107. Olejki eteryczne zatroszcz\u0105 si\u0119 o Tw\u00f3j spok\u00f3j na dzia\u0142ce, w ogrodzie, czy na tarasie \ud83d\ude42<\/span><\/p>\n<ul>\n<li style=\"font-weight: 400;\"><strong>Olejek z trawy cytrynowej<\/strong> ma silny, cytrusowy zapach<\/li>\n<li style=\"font-weight: 400;\"><strong>Olejek z cytronelli<\/strong> jest jednym z najpopularniejszych naturalnych sposob\u00f3w<\/li>\n<li style=\"font-weight: 400;\"><strong>Olejek eukaliptusowy<\/strong> ma charakterystyczny zapach<\/li>\n<li style=\"font-weight: 400;\"><strong>Olejek z mi\u0119ty pieprzowej<\/strong> ma mocny, \u015bwie\u017cy zapach, kt\u00f3ry jest dobrze tolerowany jedynie przez go\u015bci zaproszonych na garden party<\/li>\n<\/ul>\n<p>Poznaj tak\u017ce <a href=\"https:\/\/klaudynahebda.pl\/sklep\/nutta-odstraszacz-kleszczy\/\"><strong><span style=\"color: #006f4f;\">NUTTA\u00ae \u2013 spray odstraszaj\u0105cy kleszcze i komary<\/span><\/strong><\/a>. To preparat dla ca\u0142ej rodziny, bezpieczny ju\u017c powy\u017cej 3. roku \u017cycia. <strong>Zapewnia do 5 godzin skutecznej ochrony przez kleszczami i do 4 godzin przed komarami.<\/strong> Skuteczno\u015b\u0107 potwierdzona badaniami.<\/p>\n<p>Potrzebne inne rozwi\u0105zania na &#8220;nieproszonych go\u015bci&#8221;? Sprawd\u017a <a href=\"https:\/\/klaudynahebda.pl\/sklep\/swieca-wloczykija\/\"><span style=\"color: #006f4f;\"><b>\u015bwiec\u0119 W\u0142\u00f3czykija &#8211; idealn\u0105 na taras, camping, czy grilla<\/b><\/span><\/a>\u00a0oraz <a href=\"https:\/\/klaudynahebda.pl\/sklep\/mieszanka-spacerowa\/\"><strong><span style=\"color: #006f4f;\">spray do ubra\u0144 i pomieszcze\u0144 Mieszanka spacerowa<\/span><\/strong>.<\/a>\u00a0A mo\u017ce <strong><a href=\"https:\/\/klaudynahebda.pl\/sklep\/zestaw-na-owady\/\" target=\"_blank\" rel=\"noopener\"><span style=\"color: #006f4f;\">Zestaw<\/span><\/a><\/strong> w promocyjnej cenie -15% z mieszank\u0105 &#8220;Komar nie siada&#8221;, <strong><span style=\"color: #006f4f;\"><a style=\"color: #006f4f;\" href=\"https:\/\/klaudynahebda.pl\/sklep\/mieszanka-spacerowa\/\" target=\"_blank\" rel=\"noopener\">mieszank\u0105 Spacerow\u0105<\/a><\/span><\/strong> i <a href=\"https:\/\/klaudynahebda.pl\/sklep\/swieca-na-komary-wloczykija\/\" target=\"_blank\" rel=\"noopener\"><span style=\"color: #006f4f;\"><strong>\u015bwiec\u0105 W\u0142\u00f3czykija<\/strong><\/span>.<\/a><\/p>\n","protected":false},"excerpt":{"rendered":"<h2><span style=\"font-weight: 400;\">Mieszanka Komar nie siada to:<\/span><\/h2>\n<ul>\n<li><span style=\"font-weight: 400;\"><strong>cytrusowo-zio\u0142owe po\u0142\u0105czenie 100% olejk\u00f3w eterycznych<\/strong>, dzi\u0119ki kt\u00f3remu mo\u017cesz cieszy\u0107 si\u0119 letnimi chwilami bez obaw o nieprzyjemno\u015bci;<\/span><\/li>\n<li><span style=\"font-weight: 400;\">zapach, kt\u00f3ry pozwoli Ci nie tylko zapomnie\u0107 o bzycz\u0105cych natr\u0119tach, ale i poprawi nastr\u00f3j;<\/span><\/li>\n<li>a\u017c 4 olejki eteryczne &#8211; to taki sk\u0142ad, \u017ce mucha nie siada. Przekonaj si\u0119 i sp\u0119d\u017a wiecz\u00f3r bez niechcianych go\u015bci.<\/li>\n<\/ul>\n<p><span style=\"font-weight: 400;\"><strong>Masz minutk\u0119? Tyle wystarczy, \u017ceby bezpiecznie u\u017cy\u0107 tej mieszanki.<\/strong> Dodaj kilka kropel do dyfuzora lub przygotuj w\u0142asny spray.<\/span><\/p>\n","protected":false},"featured_media":3227436,"comment_status":"open","ping_status":"closed","template":"","meta":[],"product_cat":[114,130,214,36,111],"product_tag":[],"acf":[],"yoast_head":"<!-- This site is optimized with the Yoast SEO plugin v19.6.1 - https:\/\/yoast.com\/wordpress\/plugins\/seo\/ -->\n<title>Olejek na komary &quot;...i komar nie siada!&quot; - Klaudyna Hebda Nature<\/title>\n<meta name=\"description\" content=\"To cytrusowo-zio\u0142owe po\u0142\u0105czenie 100% olejk\u00f3w eterycznych, dzi\u0119ki kt\u00f3remu mo\u017cesz cieszy\u0107 si\u0119 letnimi chwilami bez obaw o nieprzyjemno\u015bci na Twojej sk\u00f3rze.\" \/>\n<meta name=\"robots\" content=\"index, follow, max-snippet:-1, max-image-preview:large, max-video-preview:-1\" \/>\n<link rel=\"canonical\" href=\"https:\/\/klaudynahebda.pl\/sklep\/mieszanka-na-komary\/\" \/>\n<meta property=\"og:locale\" content=\"pl_PL\" \/>\n<meta property=\"og:type\" content=\"article\" \/>\n<meta property=\"og:title\" content=\"Olejek na komary &quot;...i komar nie siada!&quot; - Klaudyna Hebda Nature\" \/>\n<meta property=\"og:description\" content=\"To cytrusowo-zio\u0142owe po\u0142\u0105czenie 100% olejk\u00f3w eterycznych, dzi\u0119ki kt\u00f3remu mo\u017cesz cieszy\u0107 si\u0119 letnimi chwilami bez obaw o nieprzyjemno\u015bci na Twojej sk\u00f3rze.\" \/>\n<meta property=\"og:url\" content=\"https:\/\/klaudynahebda.pl\/sklep\/mieszanka-na-komary\/\" \/>\n<meta property=\"og:site_name\" content=\"Klaudyna Hebda Nature\" \/>\n<meta property=\"article:modified_time\" content=\"2026-04-06T11:49:46+00:00\" \/>\n<meta property=\"og:image\" content=\"https:\/\/klaudynahebda.pl\/sklep\/wp-content\/uploads\/2019\/07\/28.jpg\" \/>\n\t<meta property=\"og:image:width\" content=\"1020\" \/>\n\t<meta property=\"og:image:height\" content=\"1530\" \/>\n\t<meta property=\"og:image:type\" content=\"image\/jpeg\" \/>\n<meta name=\"twitter:card\" content=\"summary_large_image\" \/>\n<meta name=\"twitter:label1\" content=\"Szacowany czas czytania\" \/>\n\t<meta name=\"twitter:data1\" content=\"2 minuty\" \/>\n<script type=\"application\/ld+json\" class=\"yoast-schema-graph\">{\"@context\":\"https:\/\/schema.org\",\"@graph\":[{\"@type\":\"WebPage\",\"@id\":\"https:\/\/klaudynahebda.pl\/sklep\/mieszanka-na-komary\/\",\"url\":\"https:\/\/klaudynahebda.pl\/sklep\/mieszanka-na-komary\/\",\"name\":\"Olejek na komary \\\"...i komar nie siada!\\\" - Klaudyna Hebda Nature\",\"isPartOf\":{\"@id\":\"https:\/\/klaudynahebda.pl\/sklep\/#website\"},\"datePublished\":\"2019-07-16T10:28:07+00:00\",\"dateModified\":\"2026-04-06T11:49:46+00:00\",\"description\":\"To cytrusowo-zio\u0142owe po\u0142\u0105czenie 100% olejk\u00f3w eterycznych, dzi\u0119ki kt\u00f3remu mo\u017cesz cieszy\u0107 si\u0119 letnimi chwilami bez obaw o nieprzyjemno\u015bci na Twojej sk\u00f3rze.\",\"breadcrumb\":{\"@id\":\"https:\/\/klaudynahebda.pl\/sklep\/mieszanka-na-komary\/#breadcrumb\"},\"inLanguage\":\"pl-PL\",\"potentialAction\":[{\"@type\":\"ReadAction\",\"target\":[\"https:\/\/klaudynahebda.pl\/sklep\/mieszanka-na-komary\/\"]}]},{\"@type\":\"BreadcrumbList\",\"@id\":\"https:\/\/klaudynahebda.pl\/sklep\/mieszanka-na-komary\/#breadcrumb\",\"itemListElement\":[{\"@type\":\"ListItem\",\"position\":1,\"name\":\"Strona g\u0142\u00f3wna\",\"item\":\"https:\/\/klaudynahebda.pl\/sklep\/\"},{\"@type\":\"ListItem\",\"position\":2,\"name\":\"Sklep\",\"item\":\"https:\/\/klaudynahebda.pl\/sklep\/sklep\/\"},{\"@type\":\"ListItem\",\"position\":3,\"name\":\"Autorskie mieszanki olejk\u00f3w eterycznych\",\"item\":\"https:\/\/klaudynahebda.pl\/sklep\/autorskie-mieszanki-olejkow\/\"},{\"@type\":\"ListItem\",\"position\":4,\"name\":\"Komar nie siada &#8211; mieszanka 100% olejk\u00f3w eterycznych\"}]},{\"@type\":\"WebSite\",\"@id\":\"https:\/\/klaudynahebda.pl\/sklep\/#website\",\"url\":\"https:\/\/klaudynahebda.pl\/sklep\/\",\"name\":\"Klaudyna Hebda Nature\",\"description\":\"Sklep\",\"publisher\":{\"@id\":\"https:\/\/klaudynahebda.pl\/sklep\/#organization\"},\"potentialAction\":[{\"@type\":\"SearchAction\",\"target\":{\"@type\":\"EntryPoint\",\"urlTemplate\":\"https:\/\/klaudynahebda.pl\/sklep\/?s={search_term_string}\"},\"query-input\":\"required name=search_term_string\"}],\"inLanguage\":\"pl-PL\"},{\"@type\":\"Organization\",\"@id\":\"https:\/\/klaudynahebda.pl\/sklep\/#organization\",\"name\":\"KlaudynaHebda\",\"url\":\"https:\/\/klaudynahebda.pl\/sklep\/\",\"sameAs\":[],\"logo\":{\"@type\":\"ImageObject\",\"inLanguage\":\"pl-PL\",\"@id\":\"https:\/\/klaudynahebda.pl\/sklep\/#\/schema\/logo\/image\/\",\"url\":\"\",\"contentUrl\":\"\",\"caption\":\"KlaudynaHebda\"},\"image\":{\"@id\":\"https:\/\/klaudynahebda.pl\/sklep\/#\/schema\/logo\/image\/\"}}]}<\/script>\n<!-- \/ Yoast SEO plugin. -->","yoast_head_json":{"title":"Olejek na komary \"...i komar nie siada!\" - Klaudyna Hebda Nature","description":"To cytrusowo-zio\u0142owe po\u0142\u0105czenie 100% olejk\u00f3w eterycznych, dzi\u0119ki kt\u00f3remu mo\u017cesz cieszy\u0107 si\u0119 letnimi chwilami bez obaw o nieprzyjemno\u015bci na Twojej sk\u00f3rze.","robots":{"index":"index","follow":"follow","max-snippet":"max-snippet:-1","max-image-preview":"max-image-preview:large","max-video-preview":"max-video-preview:-1"},"canonical":"https:\/\/klaudynahebda.pl\/sklep\/mieszanka-na-komary\/","og_locale":"pl_PL","og_type":"article","og_title":"Olejek na komary \"...i komar nie siada!\" - Klaudyna Hebda Nature","og_description":"To cytrusowo-zio\u0142owe po\u0142\u0105czenie 100% olejk\u00f3w eterycznych, dzi\u0119ki kt\u00f3remu mo\u017cesz cieszy\u0107 si\u0119 letnimi chwilami bez obaw o nieprzyjemno\u015bci na Twojej sk\u00f3rze.","og_url":"https:\/\/klaudynahebda.pl\/sklep\/mieszanka-na-komary\/","og_site_name":"Klaudyna Hebda Nature","article_modified_time":"2026-04-06T11:49:46+00:00","og_image":[{"width":1020,"height":1530,"url":"https:\/\/klaudynahebda.pl\/sklep\/wp-content\/uploads\/2019\/07\/28.jpg","type":"image\/jpeg"}],"twitter_card":"summary_large_image","twitter_misc":{"Szacowany czas czytania":"2 minuty"},"schema":{"@context":"https:\/\/schema.org","@graph":[{"@type":"WebPage","@id":"https:\/\/klaudynahebda.pl\/sklep\/mieszanka-na-komary\/","url":"https:\/\/klaudynahebda.pl\/sklep\/mieszanka-na-komary\/","name":"Olejek na komary \"...i komar nie siada!\" - Klaudyna Hebda Nature","isPartOf":{"@id":"https:\/\/klaudynahebda.pl\/sklep\/#website"},"datePublished":"2019-07-16T10:28:07+00:00","dateModified":"2026-04-06T11:49:46+00:00","description":"To cytrusowo-zio\u0142owe po\u0142\u0105czenie 100% olejk\u00f3w eterycznych, dzi\u0119ki kt\u00f3remu mo\u017cesz cieszy\u0107 si\u0119 letnimi chwilami bez obaw o nieprzyjemno\u015bci na Twojej sk\u00f3rze.","breadcrumb":{"@id":"https:\/\/klaudynahebda.pl\/sklep\/mieszanka-na-komary\/#breadcrumb"},"inLanguage":"pl-PL","potentialAction":[{"@type":"ReadAction","target":["https:\/\/klaudynahebda.pl\/sklep\/mieszanka-na-komary\/"]}]},{"@type":"BreadcrumbList","@id":"https:\/\/klaudynahebda.pl\/sklep\/mieszanka-na-komary\/#breadcrumb","itemListElement":[{"@type":"ListItem","position":1,"name":"Strona g\u0142\u00f3wna","item":"https:\/\/klaudynahebda.pl\/sklep\/"},{"@type":"ListItem","position":2,"name":"Sklep","item":"https:\/\/klaudynahebda.pl\/sklep\/sklep\/"},{"@type":"ListItem","position":3,"name":"Autorskie mieszanki olejk\u00f3w eterycznych","item":"https:\/\/klaudynahebda.pl\/sklep\/autorskie-mieszanki-olejkow\/"},{"@type":"ListItem","position":4,"name":"Komar nie siada &#8211; mieszanka 100% olejk\u00f3w eterycznych"}]},{"@type":"WebSite","@id":"https:\/\/klaudynahebda.pl\/sklep\/#website","url":"https:\/\/klaudynahebda.pl\/sklep\/","name":"Klaudyna Hebda Nature","description":"Sklep","publisher":{"@id":"https:\/\/klaudynahebda.pl\/sklep\/#organization"},"potentialAction":[{"@type":"SearchAction","target":{"@type":"EntryPoint","urlTemplate":"https:\/\/klaudynahebda.pl\/sklep\/?s={search_term_string}"},"query-input":"required name=search_term_string"}],"inLanguage":"pl-PL"},{"@type":"Organization","@id":"https:\/\/klaudynahebda.pl\/sklep\/#organization","name":"KlaudynaHebda","url":"https:\/\/klaudynahebda.pl\/sklep\/","sameAs":[],"logo":{"@type":"ImageObject","inLanguage":"pl-PL","@id":"https:\/\/klaudynahebda.pl\/sklep\/#\/schema\/logo\/image\/","url":"","contentUrl":"","caption":"KlaudynaHebda"},"image":{"@id":"https:\/\/klaudynahebda.pl\/sklep\/#\/schema\/logo\/image\/"}}]}},"_links":{"self":[{"href":"https:\/\/klaudynahebda.pl\/sklep\/wp-json\/wp\/v2\/product\/50470"}],"collection":[{"href":"https:\/\/klaudynahebda.pl\/sklep\/wp-json\/wp\/v2\/product"}],"about":[{"href":"https:\/\/klaudynahebda.pl\/sklep\/wp-json\/wp\/v2\/types\/product"}],"replies":[{"embeddable":true,"href":"https:\/\/klaudynahebda.pl\/sklep\/wp-json\/wp\/v2\/comments?post=50470"}],"wp:featuredmedia":[{"embeddable":true,"href":"https:\/\/klaudynahebda.pl\/sklep\/wp-json\/wp\/v2\/media\/3227436"}],"wp:attachment":[{"href":"https:\/\/klaudynahebda.pl\/sklep\/wp-json\/wp\/v2\/media?parent=50470"}],"wp:term":[{"taxonomy":"product_cat","embeddable":true,"href":"https:\/\/klaudynahebda.pl\/sklep\/wp-json\/wp\/v2\/product_cat?post=50470"},{"taxonomy":"product_tag","embeddable":true,"href":"https:\/\/klaudynahebda.pl\/sklep\/wp-json\/wp\/v2\/product_tag?post=50470"}],"curies":[{"name":"wp","href":"https:\/\/api.w.org\/{rel}","templated":true}]}}