{"id":4981,"date":"2017-01-18T12:04:05","date_gmt":"2017-01-18T11:04:05","guid":{"rendered":"http:\/\/klaudynahebda.pl\/sklep\/product\/olejek-rozmarynowy-chemotyp-cineol-2\/"},"modified":"2026-04-02T10:50:40","modified_gmt":"2026-04-02T08:50:40","slug":"olejek-rozmarynowy","status":"publish","type":"product","link":"https:\/\/klaudynahebda.pl\/sklep\/olejek-rozmarynowy\/","title":{"rendered":"Olejek rozmarynowy"},"content":{"rendered":"<h2>Czy Einstein w\u0105cha\u0142 rozmaryn? Pewno\u015bci nie mamy, ale&#8230;<\/h2>\n<p><span style=\"font-weight: 400;\">Chcesz pozna\u0107 m\u00f3j naturalny spos\u00f3b na zwi\u0119kszenie koncentracji w kilka chwil? Przygotuj grubo mielon\u0105 s\u00f3l i pokrop j\u0105 olejkiem eterycznym z rozmarynu. Ca\u0142o\u015b\u0107 w\u0142\u00f3\u017c do s\u0142oiczka. Po\u0142\u00f3\u017c na biurku&#8230;. i gotowe! Czy ten zapach pobudzi Ci\u0119 to wielkiego odkrycia niczym E = mc2? Kto wie, kto wie&#8230; Nie mo\u017cemy Ci tego obieca\u0107, ale z pewno\u015bci\u0105 mocno Ci tego \u017cyczymy \ud83d\ude09\u00a0\u00a0<\/span><\/p>\n<p><span style=\"font-weight: 400;\">Wi\u0119cej o tym jak dzia\u0142a olejek z rozmarynu i co 1.8-cyneol ma wsp\u00f3lnego ze zbrodni\u0105, znajdziesz na blogu, <a href=\"https:\/\/klaudynahebda.pl\/olejek-rozmarynowy-na-pamiec\/\" target=\"_blank\" rel=\"noopener\">jak olejek rozmarynowy dzia\u0142a na pami\u0119\u0107<\/a>?<\/span><\/p>\n<p><span style=\"font-weight: 400;\">Co ciekawe, olejek eteryczny rozmarynowy by\u0142 te\u017c najwa\u017cniejszym sk\u0142adnikiem Wody Kr\u00f3lowej W\u0119gier, czyli pierwszej europejskiej wody toaletowej na bazie spirytusu. Larendogra, bo tak brzmi druga nazwa tych perfum, nie tylko pi\u0119knie pachnia\u0142a, ale i podobno pomaga\u0142a d\u0142u\u017cej zachowa\u0107 m\u0142odo\u015b\u0107. Kto wie, mo\u017ce nasze <a href=\"https:\/\/klaudynahebda.pl\/sklep\/mydlo-rozmarynowe\/\" target=\"_blank\" rel=\"noopener\">rozmarynowe myd\u0142o<\/a> te\u017c tak zadzia\u0142a?\u00a0<\/span><\/p>\n<h2>Naturalny olejek eteryczny rozmarynowy: zastosowanie<\/h2>\n<ul>\n<li><span style=\"font-weight: 400;\"><span style=\"font-weight: 400;\"><span style=\"font-weight: 400;\">Z tym zapachem podobno nie lubi\u0105 si\u0119 &#8220;niechciani go\u015bcie&#8221;, kt\u00f3rzy naprzykrzaj\u0105 si\u0119 szczeg\u00f3lnie w czasie letnich wieczor\u00f3w.<\/span><\/span><\/span><\/li>\n<li><span style=\"font-weight: 400;\">M\u00f3wi si\u0119, \u017ce jego zapach jest najlepszy podczas nauki, pracy, wtedy kiedy potrzebujesz skupienia i koncentracji.<\/span><\/li>\n<li>Jego aromat jest pomocny, gdy musisz zapami\u0119ta\u0107 du\u017co i w kr\u00f3tkim czasie.<\/li>\n<li><span style=\"font-weight: 400;\">Zapach olejku od\u015bwie\u017ca i pobudza, a do tego jest najpopularniejszym afrodyzjakiem od czas\u00f3w staro\u017cytno\u015bci.<\/span><\/li>\n<\/ul>\n<h2>Gdzie znajdziesz olejek rozmarynowy?<\/h2>\n<p>Je\u015bli szukasz gotowych receptur z olejkiem rozmarynowym, zerknij na <a href=\"https:\/\/klaudynahebda.pl\/sklep\/olejek-mieszanka-skupienie\/\" target=\"_blank\" rel=\"noopener\">mieszank\u0119 olejk\u00f3w eterycznych SKUPIENIE.<\/a> Klaudyna doda\u0142a go r\u00f3wnie\u017c do <a href=\"https:\/\/klaudynahebda.pl\/sklep\/swieca-wloczykija\/\" target=\"_blank\" rel=\"noopener\">naturalnej \u015bwiecy W\u0142\u00f3czykija<\/a>.<\/p>\n<p>&nbsp;<\/p>\n<p>\ud83d\udc49 Sprawd\u017a te\u017c <a href=\"https:\/\/klaudynahebda.pl\/sklep\/dyfuzor-do-aromaterapii\/\" target=\"_blank\" rel=\"noopener\">dyfuzor do aromaterapii<\/a>, kt\u00f3ry jako aromaterapeutka kliniczna wybra\u0142a Klaudyna, a tak\u017ce przejrzyj nasze przepastne zapasy <a href=\"https:\/\/klaudynahebda.pl\/sklep\/olejki-eteryczne\" target=\"_blank\" rel=\"noopener\">olejk\u00f3w eterycznych<\/a> z ca\u0142ego \u015bwiata!<\/p>\n","protected":false},"excerpt":{"rendered":"<p>&nbsp;<\/p>\n<h2><span style=\"font-weight: 400;\">Olejek rozmarynowy to&#8230;<\/span><\/h2>\n<ul>\n<li><span style=\"font-weight: 400;\">zapach, kt\u00f3ry pomaga si\u0119 lepiej skoncentrowa\u0107;<\/span><\/li>\n<li><span style=\"font-weight: 400;\"><strong>aromaterapeutyczny nast\u0119pca mieszanki studenckiej i mocnej kawy w jednym; <\/strong><\/span><\/li>\n<li><span style=\"font-weight: 400;\"><strong>niezast\u0105piony towarzysz podczas nauki <\/strong>do egzamin\u00f3w, planowania remontu czy my\u015blenia, jak przej\u0105\u0107 kontrol\u0119 nad \u015bwiatem bez wychodzenia z domu. \ud83d\ude42<\/span><\/li>\n<\/ul>\n<p><span style=\"font-weight: 400;\">Masz minutk\u0119? Tyle wystarczy, \u017ceby bezpiecznie u\u017cy\u0107 olejku. Dodaj go do<a href=\"https:\/\/klaudynahebda.pl\/sklep\/dyfuzor-do-aromaterapii\/\"> dyfuzora<\/a> albo wykorzystaj w formie rozcie\u0144czonej do k\u0105pieli lub do masa\u017cu.<\/span><\/p>\n<p>&nbsp;<\/p>\n","protected":false},"featured_media":3227347,"comment_status":"open","ping_status":"closed","template":"","meta":[],"product_cat":[130,214,213,36,90,111],"product_tag":[],"acf":[],"yoast_head":"<!-- This site is optimized with the Yoast SEO plugin v19.6.1 - https:\/\/yoast.com\/wordpress\/plugins\/seo\/ -->\n<title>Olejek rozmarynowy - Klaudyna Hebda Nature<\/title>\n<meta name=\"description\" content=\"Zapach olejku rozmarynowego przyda si\u0119, gdy potrzebujesz si\u0119 skoncentrowa\u0107. Dodaj olejek rozmarynowy do dyfuzora lub do soli w s\u0142oiczku i postaw na biurku.\" \/>\n<meta name=\"robots\" content=\"index, follow, max-snippet:-1, max-image-preview:large, max-video-preview:-1\" \/>\n<link rel=\"canonical\" href=\"https:\/\/klaudynahebda.pl\/sklep\/olejek-rozmarynowy\/\" \/>\n<meta property=\"og:locale\" content=\"pl_PL\" \/>\n<meta property=\"og:type\" content=\"article\" \/>\n<meta property=\"og:title\" content=\"Olejek rozmarynowy - Klaudyna Hebda Nature\" \/>\n<meta property=\"og:description\" content=\"Zapach olejku rozmarynowego przyda si\u0119, gdy potrzebujesz si\u0119 skoncentrowa\u0107. Dodaj olejek rozmarynowy do dyfuzora lub do soli w s\u0142oiczku i postaw na biurku.\" \/>\n<meta property=\"og:url\" content=\"https:\/\/klaudynahebda.pl\/sklep\/olejek-rozmarynowy\/\" \/>\n<meta property=\"og:site_name\" content=\"Klaudyna Hebda Nature\" \/>\n<meta property=\"article:modified_time\" content=\"2026-04-02T08:50:40+00:00\" \/>\n<meta property=\"og:image\" content=\"https:\/\/klaudynahebda.pl\/sklep\/wp-content\/uploads\/2017\/01\/14.jpg\" \/>\n\t<meta property=\"og:image:width\" content=\"1020\" \/>\n\t<meta property=\"og:image:height\" content=\"1530\" \/>\n\t<meta property=\"og:image:type\" content=\"image\/jpeg\" \/>\n<meta name=\"twitter:card\" content=\"summary_large_image\" \/>\n<meta name=\"twitter:label1\" content=\"Szacowany czas czytania\" \/>\n\t<meta name=\"twitter:data1\" content=\"2 minuty\" \/>\n<script type=\"application\/ld+json\" class=\"yoast-schema-graph\">{\"@context\":\"https:\/\/schema.org\",\"@graph\":[{\"@type\":\"WebPage\",\"@id\":\"https:\/\/klaudynahebda.pl\/sklep\/olejek-rozmarynowy\/\",\"url\":\"https:\/\/klaudynahebda.pl\/sklep\/olejek-rozmarynowy\/\",\"name\":\"Olejek rozmarynowy - Klaudyna Hebda Nature\",\"isPartOf\":{\"@id\":\"https:\/\/klaudynahebda.pl\/sklep\/#website\"},\"datePublished\":\"2017-01-18T11:04:05+00:00\",\"dateModified\":\"2026-04-02T08:50:40+00:00\",\"description\":\"Zapach olejku rozmarynowego przyda si\u0119, gdy potrzebujesz si\u0119 skoncentrowa\u0107. Dodaj olejek rozmarynowy do dyfuzora lub do soli w s\u0142oiczku i postaw na biurku.\",\"breadcrumb\":{\"@id\":\"https:\/\/klaudynahebda.pl\/sklep\/olejek-rozmarynowy\/#breadcrumb\"},\"inLanguage\":\"pl-PL\",\"potentialAction\":[{\"@type\":\"ReadAction\",\"target\":[\"https:\/\/klaudynahebda.pl\/sklep\/olejek-rozmarynowy\/\"]}]},{\"@type\":\"BreadcrumbList\",\"@id\":\"https:\/\/klaudynahebda.pl\/sklep\/olejek-rozmarynowy\/#breadcrumb\",\"itemListElement\":[{\"@type\":\"ListItem\",\"position\":1,\"name\":\"Strona g\u0142\u00f3wna\",\"item\":\"https:\/\/klaudynahebda.pl\/sklep\/\"},{\"@type\":\"ListItem\",\"position\":2,\"name\":\"Sklep\",\"item\":\"https:\/\/klaudynahebda.pl\/sklep\/sklep\/\"},{\"@type\":\"ListItem\",\"position\":3,\"name\":\"Olejki eteryczne\",\"item\":\"https:\/\/klaudynahebda.pl\/sklep\/olejki-eteryczne\/\"},{\"@type\":\"ListItem\",\"position\":4,\"name\":\"Olejek rozmarynowy\"}]},{\"@type\":\"WebSite\",\"@id\":\"https:\/\/klaudynahebda.pl\/sklep\/#website\",\"url\":\"https:\/\/klaudynahebda.pl\/sklep\/\",\"name\":\"Klaudyna Hebda Nature\",\"description\":\"Sklep\",\"publisher\":{\"@id\":\"https:\/\/klaudynahebda.pl\/sklep\/#organization\"},\"potentialAction\":[{\"@type\":\"SearchAction\",\"target\":{\"@type\":\"EntryPoint\",\"urlTemplate\":\"https:\/\/klaudynahebda.pl\/sklep\/?s={search_term_string}\"},\"query-input\":\"required name=search_term_string\"}],\"inLanguage\":\"pl-PL\"},{\"@type\":\"Organization\",\"@id\":\"https:\/\/klaudynahebda.pl\/sklep\/#organization\",\"name\":\"KlaudynaHebda\",\"url\":\"https:\/\/klaudynahebda.pl\/sklep\/\",\"sameAs\":[],\"logo\":{\"@type\":\"ImageObject\",\"inLanguage\":\"pl-PL\",\"@id\":\"https:\/\/klaudynahebda.pl\/sklep\/#\/schema\/logo\/image\/\",\"url\":\"\",\"contentUrl\":\"\",\"caption\":\"KlaudynaHebda\"},\"image\":{\"@id\":\"https:\/\/klaudynahebda.pl\/sklep\/#\/schema\/logo\/image\/\"}}]}<\/script>\n<!-- \/ Yoast SEO plugin. -->","yoast_head_json":{"title":"Olejek rozmarynowy - Klaudyna Hebda Nature","description":"Zapach olejku rozmarynowego przyda si\u0119, gdy potrzebujesz si\u0119 skoncentrowa\u0107. Dodaj olejek rozmarynowy do dyfuzora lub do soli w s\u0142oiczku i postaw na biurku.","robots":{"index":"index","follow":"follow","max-snippet":"max-snippet:-1","max-image-preview":"max-image-preview:large","max-video-preview":"max-video-preview:-1"},"canonical":"https:\/\/klaudynahebda.pl\/sklep\/olejek-rozmarynowy\/","og_locale":"pl_PL","og_type":"article","og_title":"Olejek rozmarynowy - Klaudyna Hebda Nature","og_description":"Zapach olejku rozmarynowego przyda si\u0119, gdy potrzebujesz si\u0119 skoncentrowa\u0107. Dodaj olejek rozmarynowy do dyfuzora lub do soli w s\u0142oiczku i postaw na biurku.","og_url":"https:\/\/klaudynahebda.pl\/sklep\/olejek-rozmarynowy\/","og_site_name":"Klaudyna Hebda Nature","article_modified_time":"2026-04-02T08:50:40+00:00","og_image":[{"width":1020,"height":1530,"url":"https:\/\/klaudynahebda.pl\/sklep\/wp-content\/uploads\/2017\/01\/14.jpg","type":"image\/jpeg"}],"twitter_card":"summary_large_image","twitter_misc":{"Szacowany czas czytania":"2 minuty"},"schema":{"@context":"https:\/\/schema.org","@graph":[{"@type":"WebPage","@id":"https:\/\/klaudynahebda.pl\/sklep\/olejek-rozmarynowy\/","url":"https:\/\/klaudynahebda.pl\/sklep\/olejek-rozmarynowy\/","name":"Olejek rozmarynowy - Klaudyna Hebda Nature","isPartOf":{"@id":"https:\/\/klaudynahebda.pl\/sklep\/#website"},"datePublished":"2017-01-18T11:04:05+00:00","dateModified":"2026-04-02T08:50:40+00:00","description":"Zapach olejku rozmarynowego przyda si\u0119, gdy potrzebujesz si\u0119 skoncentrowa\u0107. Dodaj olejek rozmarynowy do dyfuzora lub do soli w s\u0142oiczku i postaw na biurku.","breadcrumb":{"@id":"https:\/\/klaudynahebda.pl\/sklep\/olejek-rozmarynowy\/#breadcrumb"},"inLanguage":"pl-PL","potentialAction":[{"@type":"ReadAction","target":["https:\/\/klaudynahebda.pl\/sklep\/olejek-rozmarynowy\/"]}]},{"@type":"BreadcrumbList","@id":"https:\/\/klaudynahebda.pl\/sklep\/olejek-rozmarynowy\/#breadcrumb","itemListElement":[{"@type":"ListItem","position":1,"name":"Strona g\u0142\u00f3wna","item":"https:\/\/klaudynahebda.pl\/sklep\/"},{"@type":"ListItem","position":2,"name":"Sklep","item":"https:\/\/klaudynahebda.pl\/sklep\/sklep\/"},{"@type":"ListItem","position":3,"name":"Olejki eteryczne","item":"https:\/\/klaudynahebda.pl\/sklep\/olejki-eteryczne\/"},{"@type":"ListItem","position":4,"name":"Olejek rozmarynowy"}]},{"@type":"WebSite","@id":"https:\/\/klaudynahebda.pl\/sklep\/#website","url":"https:\/\/klaudynahebda.pl\/sklep\/","name":"Klaudyna Hebda Nature","description":"Sklep","publisher":{"@id":"https:\/\/klaudynahebda.pl\/sklep\/#organization"},"potentialAction":[{"@type":"SearchAction","target":{"@type":"EntryPoint","urlTemplate":"https:\/\/klaudynahebda.pl\/sklep\/?s={search_term_string}"},"query-input":"required name=search_term_string"}],"inLanguage":"pl-PL"},{"@type":"Organization","@id":"https:\/\/klaudynahebda.pl\/sklep\/#organization","name":"KlaudynaHebda","url":"https:\/\/klaudynahebda.pl\/sklep\/","sameAs":[],"logo":{"@type":"ImageObject","inLanguage":"pl-PL","@id":"https:\/\/klaudynahebda.pl\/sklep\/#\/schema\/logo\/image\/","url":"","contentUrl":"","caption":"KlaudynaHebda"},"image":{"@id":"https:\/\/klaudynahebda.pl\/sklep\/#\/schema\/logo\/image\/"}}]}},"_links":{"self":[{"href":"https:\/\/klaudynahebda.pl\/sklep\/wp-json\/wp\/v2\/product\/4981"}],"collection":[{"href":"https:\/\/klaudynahebda.pl\/sklep\/wp-json\/wp\/v2\/product"}],"about":[{"href":"https:\/\/klaudynahebda.pl\/sklep\/wp-json\/wp\/v2\/types\/product"}],"replies":[{"embeddable":true,"href":"https:\/\/klaudynahebda.pl\/sklep\/wp-json\/wp\/v2\/comments?post=4981"}],"wp:featuredmedia":[{"embeddable":true,"href":"https:\/\/klaudynahebda.pl\/sklep\/wp-json\/wp\/v2\/media\/3227347"}],"wp:attachment":[{"href":"https:\/\/klaudynahebda.pl\/sklep\/wp-json\/wp\/v2\/media?parent=4981"}],"wp:term":[{"taxonomy":"product_cat","embeddable":true,"href":"https:\/\/klaudynahebda.pl\/sklep\/wp-json\/wp\/v2\/product_cat?post=4981"},{"taxonomy":"product_tag","embeddable":true,"href":"https:\/\/klaudynahebda.pl\/sklep\/wp-json\/wp\/v2\/product_tag?post=4981"}],"curies":[{"name":"wp","href":"https:\/\/api.w.org\/{rel}","templated":true}]}}