{"id":4959,"date":"2017-01-17T22:31:03","date_gmt":"2017-01-17T21:31:03","guid":{"rendered":"http:\/\/klaudynahebda.pl\/sklep\/product\/olejek-sandalowy\/"},"modified":"2026-04-21T16:22:28","modified_gmt":"2026-04-21T14:22:28","slug":"olejek-sandalowy","status":"publish","type":"product","link":"https:\/\/klaudynahebda.pl\/sklep\/olejek-sandalowy\/","title":{"rendered":"Olejek sanda\u0142owy [seria limitowana]"},"content":{"rendered":"<h2>Dlaczego olejek sanda\u0142owy jest tak cenny?<\/h2>\n<p>Kilka lat temu rz\u0105d indyjski na\u0142o\u017cy\u0142 &#8220;embargo&#8221; na destylacj\u0119 olejku sanda\u0142owego, ze wzgl\u0119du na rabunkow\u0105 gospodark\u0119. Drzewo sanda\u0142owca nadaj\u0105ce si\u0119 do destylacji musi mie\u0107 kilkadziesi\u0105t lat. Ro\u015bnie bardzo d\u0142ugo, za\u015b ze wzgl\u0119du na popyt (zw\u0142aszcza ze strony przemys\u0142u perfumeryjnego) destylowano na pot\u0119g\u0119. Do momentu, kiedy sanda\u0142owcowi indyjskiemu zacz\u0119\u0142o grozi\u0107 wygini\u0119cie.<\/p>\n<p>Od tej pory ilo\u015b\u0107 sanda\u0142owca z Indii na rynku jest niewielka.\u00a0R\u00f3wnie cenny sanda\u0142owiec australijski tak\u017ce jest obj\u0119ty ochron\u0105 prawn\u0105, dlatego wa\u017cne jest, aby olejek sanda\u0142owy pozyskiwa\u0107 z etycznych \u017ar\u00f3de\u0142.<\/p>\n<p>To jeden z najbardziej znanych olejk\u00f3w, o przestronnym dzia\u0142aniu i niezwyk\u0142ej w\u0142a\u015bciwo\u015bci: mo\u017ce by\u0107 przechowywany przez dziesi\u0105tki lat, bez straty na jako\u015bci.<\/p>\n<p>Olejki sanda\u0142owe mog\u0105 pachnie\u0107 w r\u00f3\u017cny spos\u00f3b, w zale\u017cno\u015bci od kraju pochodzenia.<\/p>\n<h2>Jak pachnie olejek z drzewa sanda\u0142owego?<\/h2>\n<p>Ten, kt\u00f3ry wybra\u0142am, ma ciep\u0142\u0105, wywa\u017con\u0105 nut\u0119, lekko \u017cywiczn\u0105 i balsamiczn\u0105, s\u0142odk\u0105, ale z drzewnym finiszem.<\/p>\n<h3>Jak dzia\u0142a zapach olejku sanda\u0142owego?<\/h3>\n<p>harmonizuj\u0105ce, antyalergiczne, relaksuj\u0105ce, uspokajaj\u0105ce, \u0142agodz\u0105ce stany zapalne sk\u00f3ry.<\/p>\n<h3>Wskazania w aromaterapii, czyli w\u0142a\u015bciwo\u015bci zapachu<\/h3>\n<ul>\n<li>harmonizuj\u0105ce, uspokajaj\u0105ce, \u0142agodz\u0105ce napi\u0119cie &#8211; w tym celu \u015bwietnie miesza si\u0119 z Ylang Ylang<\/li>\n<li>wspiera dobre samopoczucie<\/li>\n<li>mieszanki piel\u0119gnacyjne dla sk\u00f3ry (po odpowiednim rozcie\u0144czeniu), zw\u0142aszcza potrzebuj\u0105cej regeneracji<\/li>\n<li>dyskomfort i napi\u0119cia mi\u0119\u015bniowe<\/li>\n<li>uznawany za afrodyzjak<\/li>\n<li>medytacja<\/li>\n<\/ul>\n<h3>Olejek eteryczny z drzewa sanda\u0142owego: stosowanie i dodatkowe informacje<\/h3>\n<ul>\n<li>Bardzo rzadko mo\u017ce wywo\u0142a\u0107 reakcj\u0119 alergiczn\u0105. Osoby, kt\u00f3re s\u0105 uczulone na sanda\u0142owiec, bardzo cz\u0119sto tak naprawd\u0119 maj\u0105 podra\u017cnienie zwi\u0105zane z syntetykami, kt\u00f3rymi czasem jest fa\u0142szowany.<\/li>\n<li>Zalecane st\u0119\u017cenie: Ze wzgl\u0119d\u00f3w bezpiecze\u0144stwa (podra\u017cnienia sk\u00f3ry) proponuj\u0119 utrzymywa\u0107 sanda\u0142owiec poni\u017cej 1% w formulacjach.<\/li>\n<li>Nie stosowa\u0107 bezpo\u015brednio na sk\u00f3r\u0119, chroni\u0107 przed dzie\u0107mi.<\/li>\n<li>Ci\u0119\u017cki i g\u0119sty olejek (mo\u017ce mie\u0107 trudno\u015bci z wyp\u0142yni\u0119ciem z kroplomierza). Im starszy, tym bardziej g\u0119stnieje.<\/li>\n<li>Ze wzgl\u0119du na g\u0119sto\u015b\u0107, nie nadaje si\u0119 raczej (moim zdaniem) do typowych nawil\u017caczy\/komink\u00f3w aromaterapeutycznych. \u015awietny raczej do masa\u017cu i nak\u0142adany na sk\u00f3r\u0119.<\/li>\n<\/ul>\n<p>&nbsp;<\/p>\n<p>\ud83d\udc49 Sprawd\u017a te\u017c inne <a href=\"https:\/\/klaudynahebda.pl\/sklep\/olejki-eteryczne\/\">naturalne olejki eteryczne<\/a> wybrane przez aromaterapeutk\u0119 kliniczn\u0105.<\/p>\n<p>Szukasz <a href=\"https:\/\/klaudynahebda.pl\/sklep\/dyfuzor-do-aromaterapii\/\">najlepszego dyfuzora do olejk\u00f3w<\/a>? Naszym zdaniem to ten bezwodny i bezprzewodowy.<\/p>\n","protected":false},"excerpt":{"rendered":"<h2>Olejek sanda\u0142owy to:<\/h2>\n<ul>\n<li>limitowana seria i gratka<strong> dla prawdziwych koneserek<\/strong> i koneser\u00f3w aromaterapii!;<\/li>\n<li><strong>100% olejku<\/strong> eterycznego;<\/li>\n<li>prawdziwy olejek sanda\u0142owy <strong>z certyfikowanej uprawy<\/strong> (wi\u0119cej przeczytasz ni\u017cej);<\/li>\n<li>jeden z n<strong>ajcenniejszych olejk\u00f3w na \u015bwiecie;<\/strong><\/li>\n<li>wyrafinowany, <strong>ciep\u0142y, lekko miodny, \u017cywicowy zapach<\/strong>;<\/li>\n<li>\u015bwietny dodatek do innych ciep\u0142ych nut \u2014 wystarczy dos\u0142ownie <strong>kilka kropelek,<\/strong> by wzbogaci\u0107 swoj\u0105 mieszank\u0119.<\/li>\n<\/ul>\n","protected":false},"featured_media":3227395,"comment_status":"closed","ping_status":"closed","template":"","meta":[],"product_cat":[36,90],"product_tag":[],"acf":[],"yoast_head":"<!-- This site is optimized with the Yoast SEO plugin v19.6.1 - https:\/\/yoast.com\/wordpress\/plugins\/seo\/ -->\n<title>Olejek sanda\u0142owy [seria limitowana] - Klaudyna Hebda Nature<\/title>\n<meta name=\"description\" content=\"Olejek sanda\u0142owy - afrodyzjak w najczystszej postaci, dzia\u0142a przeciwstarzeniowo, \u0142agodzi b\u00f3le i napi\u0119cia\u00a0mi\u0119\u015bniowe, dla koneser\u00f3w i koneserek aromaterapii!\" \/>\n<meta name=\"robots\" content=\"index, follow, max-snippet:-1, max-image-preview:large, max-video-preview:-1\" \/>\n<link rel=\"canonical\" href=\"https:\/\/klaudynahebda.pl\/sklep\/olejek-sandalowy\/\" \/>\n<meta property=\"og:locale\" content=\"pl_PL\" \/>\n<meta property=\"og:type\" content=\"article\" \/>\n<meta property=\"og:title\" content=\"Olejek sanda\u0142owy [seria limitowana] - Klaudyna Hebda Nature\" \/>\n<meta property=\"og:description\" content=\"Olejek sanda\u0142owy - afrodyzjak w najczystszej postaci, dzia\u0142a przeciwstarzeniowo, \u0142agodzi b\u00f3le i napi\u0119cia\u00a0mi\u0119\u015bniowe, dla koneser\u00f3w i koneserek aromaterapii!\" \/>\n<meta property=\"og:url\" content=\"https:\/\/klaudynahebda.pl\/sklep\/olejek-sandalowy\/\" \/>\n<meta property=\"og:site_name\" content=\"Klaudyna Hebda Nature\" \/>\n<meta property=\"article:modified_time\" content=\"2026-04-21T14:22:28+00:00\" \/>\n<meta property=\"og:image\" content=\"https:\/\/klaudynahebda.pl\/sklep\/wp-content\/uploads\/2017\/01\/22.jpg\" \/>\n\t<meta property=\"og:image:width\" content=\"1020\" \/>\n\t<meta property=\"og:image:height\" content=\"1530\" \/>\n\t<meta property=\"og:image:type\" content=\"image\/jpeg\" \/>\n<meta name=\"twitter:card\" content=\"summary_large_image\" \/>\n<meta name=\"twitter:label1\" content=\"Szacowany czas czytania\" \/>\n\t<meta name=\"twitter:data1\" content=\"2 minuty\" \/>\n<script type=\"application\/ld+json\" class=\"yoast-schema-graph\">{\"@context\":\"https:\/\/schema.org\",\"@graph\":[{\"@type\":\"WebPage\",\"@id\":\"https:\/\/klaudynahebda.pl\/sklep\/olejek-sandalowy\/\",\"url\":\"https:\/\/klaudynahebda.pl\/sklep\/olejek-sandalowy\/\",\"name\":\"Olejek sanda\u0142owy [seria limitowana] - Klaudyna Hebda Nature\",\"isPartOf\":{\"@id\":\"https:\/\/klaudynahebda.pl\/sklep\/#website\"},\"datePublished\":\"2017-01-17T21:31:03+00:00\",\"dateModified\":\"2026-04-21T14:22:28+00:00\",\"description\":\"Olejek sanda\u0142owy - afrodyzjak w najczystszej postaci, dzia\u0142a przeciwstarzeniowo, \u0142agodzi b\u00f3le i napi\u0119cia\u00a0mi\u0119\u015bniowe, dla koneser\u00f3w i koneserek aromaterapii!\",\"breadcrumb\":{\"@id\":\"https:\/\/klaudynahebda.pl\/sklep\/olejek-sandalowy\/#breadcrumb\"},\"inLanguage\":\"pl-PL\",\"potentialAction\":[{\"@type\":\"ReadAction\",\"target\":[\"https:\/\/klaudynahebda.pl\/sklep\/olejek-sandalowy\/\"]}]},{\"@type\":\"BreadcrumbList\",\"@id\":\"https:\/\/klaudynahebda.pl\/sklep\/olejek-sandalowy\/#breadcrumb\",\"itemListElement\":[{\"@type\":\"ListItem\",\"position\":1,\"name\":\"Strona g\u0142\u00f3wna\",\"item\":\"https:\/\/klaudynahebda.pl\/sklep\/\"},{\"@type\":\"ListItem\",\"position\":2,\"name\":\"Sklep\",\"item\":\"https:\/\/klaudynahebda.pl\/sklep\/sklep\/\"},{\"@type\":\"ListItem\",\"position\":3,\"name\":\"Olejki eteryczne\",\"item\":\"https:\/\/klaudynahebda.pl\/sklep\/olejki-eteryczne\/\"},{\"@type\":\"ListItem\",\"position\":4,\"name\":\"Olejek sanda\u0142owy [seria limitowana]\"}]},{\"@type\":\"WebSite\",\"@id\":\"https:\/\/klaudynahebda.pl\/sklep\/#website\",\"url\":\"https:\/\/klaudynahebda.pl\/sklep\/\",\"name\":\"Klaudyna Hebda Nature\",\"description\":\"Sklep\",\"publisher\":{\"@id\":\"https:\/\/klaudynahebda.pl\/sklep\/#organization\"},\"potentialAction\":[{\"@type\":\"SearchAction\",\"target\":{\"@type\":\"EntryPoint\",\"urlTemplate\":\"https:\/\/klaudynahebda.pl\/sklep\/?s={search_term_string}\"},\"query-input\":\"required name=search_term_string\"}],\"inLanguage\":\"pl-PL\"},{\"@type\":\"Organization\",\"@id\":\"https:\/\/klaudynahebda.pl\/sklep\/#organization\",\"name\":\"KlaudynaHebda\",\"url\":\"https:\/\/klaudynahebda.pl\/sklep\/\",\"sameAs\":[],\"logo\":{\"@type\":\"ImageObject\",\"inLanguage\":\"pl-PL\",\"@id\":\"https:\/\/klaudynahebda.pl\/sklep\/#\/schema\/logo\/image\/\",\"url\":\"\",\"contentUrl\":\"\",\"caption\":\"KlaudynaHebda\"},\"image\":{\"@id\":\"https:\/\/klaudynahebda.pl\/sklep\/#\/schema\/logo\/image\/\"}}]}<\/script>\n<!-- \/ Yoast SEO plugin. -->","yoast_head_json":{"title":"Olejek sanda\u0142owy [seria limitowana] - Klaudyna Hebda Nature","description":"Olejek sanda\u0142owy - afrodyzjak w najczystszej postaci, dzia\u0142a przeciwstarzeniowo, \u0142agodzi b\u00f3le i napi\u0119cia\u00a0mi\u0119\u015bniowe, dla koneser\u00f3w i koneserek aromaterapii!","robots":{"index":"index","follow":"follow","max-snippet":"max-snippet:-1","max-image-preview":"max-image-preview:large","max-video-preview":"max-video-preview:-1"},"canonical":"https:\/\/klaudynahebda.pl\/sklep\/olejek-sandalowy\/","og_locale":"pl_PL","og_type":"article","og_title":"Olejek sanda\u0142owy [seria limitowana] - Klaudyna Hebda Nature","og_description":"Olejek sanda\u0142owy - afrodyzjak w najczystszej postaci, dzia\u0142a przeciwstarzeniowo, \u0142agodzi b\u00f3le i napi\u0119cia\u00a0mi\u0119\u015bniowe, dla koneser\u00f3w i koneserek aromaterapii!","og_url":"https:\/\/klaudynahebda.pl\/sklep\/olejek-sandalowy\/","og_site_name":"Klaudyna Hebda Nature","article_modified_time":"2026-04-21T14:22:28+00:00","og_image":[{"width":1020,"height":1530,"url":"https:\/\/klaudynahebda.pl\/sklep\/wp-content\/uploads\/2017\/01\/22.jpg","type":"image\/jpeg"}],"twitter_card":"summary_large_image","twitter_misc":{"Szacowany czas czytania":"2 minuty"},"schema":{"@context":"https:\/\/schema.org","@graph":[{"@type":"WebPage","@id":"https:\/\/klaudynahebda.pl\/sklep\/olejek-sandalowy\/","url":"https:\/\/klaudynahebda.pl\/sklep\/olejek-sandalowy\/","name":"Olejek sanda\u0142owy [seria limitowana] - Klaudyna Hebda Nature","isPartOf":{"@id":"https:\/\/klaudynahebda.pl\/sklep\/#website"},"datePublished":"2017-01-17T21:31:03+00:00","dateModified":"2026-04-21T14:22:28+00:00","description":"Olejek sanda\u0142owy - afrodyzjak w najczystszej postaci, dzia\u0142a przeciwstarzeniowo, \u0142agodzi b\u00f3le i napi\u0119cia\u00a0mi\u0119\u015bniowe, dla koneser\u00f3w i koneserek aromaterapii!","breadcrumb":{"@id":"https:\/\/klaudynahebda.pl\/sklep\/olejek-sandalowy\/#breadcrumb"},"inLanguage":"pl-PL","potentialAction":[{"@type":"ReadAction","target":["https:\/\/klaudynahebda.pl\/sklep\/olejek-sandalowy\/"]}]},{"@type":"BreadcrumbList","@id":"https:\/\/klaudynahebda.pl\/sklep\/olejek-sandalowy\/#breadcrumb","itemListElement":[{"@type":"ListItem","position":1,"name":"Strona g\u0142\u00f3wna","item":"https:\/\/klaudynahebda.pl\/sklep\/"},{"@type":"ListItem","position":2,"name":"Sklep","item":"https:\/\/klaudynahebda.pl\/sklep\/sklep\/"},{"@type":"ListItem","position":3,"name":"Olejki eteryczne","item":"https:\/\/klaudynahebda.pl\/sklep\/olejki-eteryczne\/"},{"@type":"ListItem","position":4,"name":"Olejek sanda\u0142owy [seria limitowana]"}]},{"@type":"WebSite","@id":"https:\/\/klaudynahebda.pl\/sklep\/#website","url":"https:\/\/klaudynahebda.pl\/sklep\/","name":"Klaudyna Hebda Nature","description":"Sklep","publisher":{"@id":"https:\/\/klaudynahebda.pl\/sklep\/#organization"},"potentialAction":[{"@type":"SearchAction","target":{"@type":"EntryPoint","urlTemplate":"https:\/\/klaudynahebda.pl\/sklep\/?s={search_term_string}"},"query-input":"required name=search_term_string"}],"inLanguage":"pl-PL"},{"@type":"Organization","@id":"https:\/\/klaudynahebda.pl\/sklep\/#organization","name":"KlaudynaHebda","url":"https:\/\/klaudynahebda.pl\/sklep\/","sameAs":[],"logo":{"@type":"ImageObject","inLanguage":"pl-PL","@id":"https:\/\/klaudynahebda.pl\/sklep\/#\/schema\/logo\/image\/","url":"","contentUrl":"","caption":"KlaudynaHebda"},"image":{"@id":"https:\/\/klaudynahebda.pl\/sklep\/#\/schema\/logo\/image\/"}}]}},"_links":{"self":[{"href":"https:\/\/klaudynahebda.pl\/sklep\/wp-json\/wp\/v2\/product\/4959"}],"collection":[{"href":"https:\/\/klaudynahebda.pl\/sklep\/wp-json\/wp\/v2\/product"}],"about":[{"href":"https:\/\/klaudynahebda.pl\/sklep\/wp-json\/wp\/v2\/types\/product"}],"replies":[{"embeddable":true,"href":"https:\/\/klaudynahebda.pl\/sklep\/wp-json\/wp\/v2\/comments?post=4959"}],"wp:featuredmedia":[{"embeddable":true,"href":"https:\/\/klaudynahebda.pl\/sklep\/wp-json\/wp\/v2\/media\/3227395"}],"wp:attachment":[{"href":"https:\/\/klaudynahebda.pl\/sklep\/wp-json\/wp\/v2\/media?parent=4959"}],"wp:term":[{"taxonomy":"product_cat","embeddable":true,"href":"https:\/\/klaudynahebda.pl\/sklep\/wp-json\/wp\/v2\/product_cat?post=4959"},{"taxonomy":"product_tag","embeddable":true,"href":"https:\/\/klaudynahebda.pl\/sklep\/wp-json\/wp\/v2\/product_tag?post=4959"}],"curies":[{"name":"wp","href":"https:\/\/api.w.org\/{rel}","templated":true}]}}