{"id":401714,"date":"2022-09-19T16:37:38","date_gmt":"2022-09-19T14:37:38","guid":{"rendered":"https:\/\/klaudynahebda.pl\/sklep\/?post_type=product&#038;p=401714"},"modified":"2026-04-10T13:45:34","modified_gmt":"2026-04-10T11:45:34","slug":"herbatka-spokoj","status":"publish","type":"product","link":"https:\/\/klaudynahebda.pl\/sklep\/herbatka-spokoj\/","title":{"rendered":"SPOK\u00d3J &#8211; suplement diety w formie zio\u0142owej herbatki [50 g]"},"content":{"rendered":"<h2 data-pm-slice=\"1 1 []\">Tak smakuje SPOK\u00d3J!<\/h2>\n<p data-pm-slice=\"1 1 []\">Funkcjonalna herbatka<strong>\u00a0SPOK\u00d3J<\/strong> nie jest zwyk\u0142ym naparem. SPOK\u00d3J jest kompozycj\u0105 stworzon\u0105 w oparciu o zielarsk\u0105 wiedz\u0119 ludow\u0105 i w\u0142a\u015bciwo\u015bci ro\u015blinnych substancji. U\u017cywany roztropnie, zaopiekuje zszargane nerwy i da przestrze\u0144 na zatrzymanie si\u0119 i pomy\u015blenie o sprawach codziennych nieco z dystansu, na spokojnie.<\/p>\n<p data-pm-slice=\"1 1 []\">Bazylia \u015bwi\u0119ta <strong>pozwala zachowa\u0107 witalno\u015b\u0107<\/strong>. Pomaga r\u00f3wnie\u017c<strong> zachowa\u0107 odporno\u015b\u0107 na stres.<\/strong> Li\u015bcie mi\u0119ty pieprzowej przyczyniaj\u0105 si\u0119 do optymalnego<strong> odpr\u0119\u017cenia oraz pomagaj\u0105 w utrzymaniu zdrowego snu.<\/strong><\/p>\n<h3>Kiedy jest czas na herbat\u0119 SPOK\u00d3J?<\/h3>\n<p>W chwilach pe\u0142nych wyzwa\u0144, gdy potrzebujesz oddechu i chwili wytchnienia. Na \u017cyciowych zakr\u0119tach, w okresach intensywnego zm\u0119czenia czy przyt\u0142oczenia nadmiarem bod\u017ac\u00f3w. Zatrzymaj si\u0119, ws\u0142uchaj w swoje potrzeby i podaruj sobie chwil\u0119 SPOKOJU.<\/p>\n<p>Codzienne \u017cycie bywa wymagaj\u0105ce \u2013 stres, brak snu, szybkie tempo czy nieodpowiednia dieta mog\u0105 wp\u0142ywa\u0107 na nasze samopoczucie. Rozdra\u017cnienie czy brak r\u00f3wnowagi to sygna\u0142y, by zwr\u00f3ci\u0107 uwag\u0119 na siebie i swoje potrzeby. W takich momentach warto znale\u017a\u0107 przestrze\u0144 na regeneracj\u0119, refleksj\u0119 i SPOK\u00d3J \u2013 to fundament, kt\u00f3ry pozwala spojrze\u0107 na wyzwania z jasno\u015bci\u0105 umys\u0142u i pewno\u015bci\u0105 siebie.<\/p>\n<h2>Co jest w \u015brodku? Poznaj sk\u0142adniki naparu zio\u0142owego SPOK\u00d3J<\/h2>\n<p data-pm-slice=\"1 1 []\">Herbatka SPOK\u00d3J nie jest zwyk\u0142ym naparem. To starannie opracowany suplement diety zawieraj\u0105cy adaptogen &#8211; bazyli\u0119 \u015bwi\u0119t\u0105 (tulsi) oraz sk\u0142adniki zio\u0142owe o w\u0142a\u015bciwo\u015bciach wp\u0142ywaj\u0105cych na codzienne samopoczucie.<\/p>\n<p>Co dok\u0142adnie sk\u0142ada si\u0119 na nasz SPOK\u00d3J?<\/p>\n<ul>\n<li><strong>Li\u015bcie tarczycy bajkalskiej: <\/strong>W naturalnym \u015brodowisku wyst\u0119puje g\u0142\u00f3wnie na terenie wschodniej Rosji, a najwi\u0119ksze jej skupiska porastaj\u0105 okolice jeziora Bajka\u0142. Scutellaria baicalensis, w wolnym t\u0142umaczeniu oznacza \u201etarcz\u0119 znad Bajka\u0142u\u201d.<\/li>\n<li><strong>Ziele bazylii \u015bwi\u0119tej &#8211; tulsi: <\/strong>Ro\u015bnie dziko w po\u0142udniowej Azji, a jej li\u015bcie uznawane s\u0105 za adaptogeny. Bazylia \u015bwi\u0119ta <strong>pozwala zachowa\u0107 witalno\u015b\u0107<\/strong>. Pomaga r\u00f3wnie\u017c<strong> zachowa\u0107 odporno\u015b\u0107 na stres.<\/strong><\/li>\n<li><strong>Li\u015bcie mi\u0119ty pieprzowej: <\/strong>Mi\u0119ta pieprzowa to aromatyczna ro\u015blina, powsta\u0142a z po\u0142\u0105czenia mi\u0119ty wodnej i mi\u0119ty zielonej. Li\u015bcie mi\u0119ty pieprzowej przyczyniaj\u0105 si\u0119 do optymalnego<strong> odpr\u0119\u017cenia oraz pomagaj\u0105 w utrzymaniu zdrowego snu.<\/strong><\/li>\n<li><strong>Kora cynamonowca: <\/strong>dodaje nieco ostrego smaku.<\/li>\n<\/ul>\n<p>A tak\u017ce: pra\u017cone \u0142upiny kakaowca, ga\u0142k\u0119 muszkato\u0142ow\u0105, korze\u0144 lukrecji g\u0142adkiej, olejek z bergamoty.<\/p>\n<p><strong>Poznaj te\u017c inne <a href=\"https:\/\/klaudynahebda.pl\/sklep\/herbaty\/\">ekologiczne herbaty zio\u0142owe z olejkami eterycznymi<\/a>.<\/strong><\/p>\n","protected":false},"excerpt":{"rendered":"<h2>Herbata zio\u0142owa SPOK\u00d3J to:<\/h2>\n<ul>\n<li>Tw\u00f3j przystanek i <strong>chwila dla siebie<\/strong> &#8211; kiedy \u017cycie p\u0119dzi, nie daj\u0105c ci chwili wytchnienia, zaskakuje ci\u0119 i wywo\u0142uje chaos&#8230;<\/li>\n<li><strong>suplement diety,<\/strong> kt\u00f3ry pomo\u017ce uporz\u0105dkowa\u0107 zamotane my\u015bli i \u0142agodzi wszystko, co wynika z codziennego zgie\u0142ku.<\/li>\n<li><strong>synergia naturalnych olejk\u00f3w i zi\u00f3\u0142 z ekologicznych upraw<\/strong>, takich jak: bazylia \u015bwi\u0119ta, kt\u00f3ra <strong>pozwala zachowa\u0107 witalno\u015b\u0107<\/strong> i <strong>odporno\u015b\u0107 na stres, <\/strong>a tak\u017ce li\u015bcie mi\u0119ty pieprzowej przyczyniaj\u0105ce si\u0119 do optymalnego<strong> odpr\u0119\u017cenia oraz pomagaj\u0105ce w utrzymaniu zdrowego snu.<\/strong><\/li>\n<\/ul>\n<p><strong>Tylko Spok\u00f3j mo\u017ce nas uratowa\u0107!<\/strong><\/p>\n","protected":false},"featured_media":3289932,"comment_status":"open","ping_status":"closed","template":"","meta":[],"product_cat":[244,238,131,90,118],"product_tag":[192,193,196,198,199],"acf":[],"yoast_head":"<!-- This site is optimized with the Yoast SEO plugin v19.6.1 - https:\/\/yoast.com\/wordpress\/plugins\/seo\/ -->\n<title>SPOK\u00d3J - suplement diety w formie zio\u0142owej herbatki [50 g] - Klaudyna Hebda Nature<\/title>\n<meta name=\"description\" content=\"Suplement diety w formie funkcjonalnej herbatki zio\u0142owej. Dla przem\u0119czonych i zestresowanych. \u0141agodzi napi\u0119cie, wycisza, relaksuje. A\u017c 8 pot\u0119\u017cnych ro\u015blin!\" \/>\n<meta name=\"robots\" content=\"index, follow, max-snippet:-1, max-image-preview:large, max-video-preview:-1\" \/>\n<link rel=\"canonical\" href=\"https:\/\/klaudynahebda.pl\/sklep\/herbatka-spokoj\/\" \/>\n<meta property=\"og:locale\" content=\"pl_PL\" \/>\n<meta property=\"og:type\" content=\"article\" \/>\n<meta property=\"og:title\" content=\"SPOK\u00d3J - suplement diety w formie zio\u0142owej herbatki [50 g] - Klaudyna Hebda Nature\" \/>\n<meta property=\"og:description\" content=\"Suplement diety w formie funkcjonalnej herbatki zio\u0142owej. Dla przem\u0119czonych i zestresowanych. \u0141agodzi napi\u0119cie, wycisza, relaksuje. A\u017c 8 pot\u0119\u017cnych ro\u015blin!\" \/>\n<meta property=\"og:url\" content=\"https:\/\/klaudynahebda.pl\/sklep\/herbatka-spokoj\/\" \/>\n<meta property=\"og:site_name\" content=\"Klaudyna Hebda Nature\" \/>\n<meta property=\"article:modified_time\" content=\"2026-04-10T11:45:34+00:00\" \/>\n<meta property=\"og:image\" content=\"https:\/\/klaudynahebda.pl\/sklep\/wp-content\/uploads\/2022\/09\/herbatka-spokoj-klaudyna-hebda.jpg\" \/>\n\t<meta property=\"og:image:width\" content=\"768\" \/>\n\t<meta property=\"og:image:height\" content=\"1152\" \/>\n\t<meta property=\"og:image:type\" content=\"image\/jpeg\" \/>\n<meta name=\"twitter:card\" content=\"summary_large_image\" \/>\n<meta name=\"twitter:label1\" content=\"Szacowany czas czytania\" \/>\n\t<meta name=\"twitter:data1\" content=\"2 minuty\" \/>\n<script type=\"application\/ld+json\" class=\"yoast-schema-graph\">{\"@context\":\"https:\/\/schema.org\",\"@graph\":[{\"@type\":\"WebPage\",\"@id\":\"https:\/\/klaudynahebda.pl\/sklep\/herbatka-spokoj\/\",\"url\":\"https:\/\/klaudynahebda.pl\/sklep\/herbatka-spokoj\/\",\"name\":\"SPOK\u00d3J - suplement diety w formie zio\u0142owej herbatki [50 g] - Klaudyna Hebda Nature\",\"isPartOf\":{\"@id\":\"https:\/\/klaudynahebda.pl\/sklep\/#website\"},\"datePublished\":\"2022-09-19T14:37:38+00:00\",\"dateModified\":\"2026-04-10T11:45:34+00:00\",\"description\":\"Suplement diety w formie funkcjonalnej herbatki zio\u0142owej. Dla przem\u0119czonych i zestresowanych. \u0141agodzi napi\u0119cie, wycisza, relaksuje. A\u017c 8 pot\u0119\u017cnych ro\u015blin!\",\"breadcrumb\":{\"@id\":\"https:\/\/klaudynahebda.pl\/sklep\/herbatka-spokoj\/#breadcrumb\"},\"inLanguage\":\"pl-PL\",\"potentialAction\":[{\"@type\":\"ReadAction\",\"target\":[\"https:\/\/klaudynahebda.pl\/sklep\/herbatka-spokoj\/\"]}]},{\"@type\":\"BreadcrumbList\",\"@id\":\"https:\/\/klaudynahebda.pl\/sklep\/herbatka-spokoj\/#breadcrumb\",\"itemListElement\":[{\"@type\":\"ListItem\",\"position\":1,\"name\":\"Strona g\u0142\u00f3wna\",\"item\":\"https:\/\/klaudynahebda.pl\/sklep\/\"},{\"@type\":\"ListItem\",\"position\":2,\"name\":\"Sklep\",\"item\":\"https:\/\/klaudynahebda.pl\/sklep\/sklep\/\"},{\"@type\":\"ListItem\",\"position\":3,\"name\":\"Herbaty zio\u0142owe z olejkami\",\"item\":\"https:\/\/klaudynahebda.pl\/sklep\/herbaty\/\"},{\"@type\":\"ListItem\",\"position\":4,\"name\":\"SPOK\u00d3J &#8211; suplement diety w formie zio\u0142owej herbatki [50 g]\"}]},{\"@type\":\"WebSite\",\"@id\":\"https:\/\/klaudynahebda.pl\/sklep\/#website\",\"url\":\"https:\/\/klaudynahebda.pl\/sklep\/\",\"name\":\"Klaudyna Hebda Nature\",\"description\":\"Sklep\",\"publisher\":{\"@id\":\"https:\/\/klaudynahebda.pl\/sklep\/#organization\"},\"potentialAction\":[{\"@type\":\"SearchAction\",\"target\":{\"@type\":\"EntryPoint\",\"urlTemplate\":\"https:\/\/klaudynahebda.pl\/sklep\/?s={search_term_string}\"},\"query-input\":\"required name=search_term_string\"}],\"inLanguage\":\"pl-PL\"},{\"@type\":\"Organization\",\"@id\":\"https:\/\/klaudynahebda.pl\/sklep\/#organization\",\"name\":\"KlaudynaHebda\",\"url\":\"https:\/\/klaudynahebda.pl\/sklep\/\",\"sameAs\":[],\"logo\":{\"@type\":\"ImageObject\",\"inLanguage\":\"pl-PL\",\"@id\":\"https:\/\/klaudynahebda.pl\/sklep\/#\/schema\/logo\/image\/\",\"url\":\"\",\"contentUrl\":\"\",\"caption\":\"KlaudynaHebda\"},\"image\":{\"@id\":\"https:\/\/klaudynahebda.pl\/sklep\/#\/schema\/logo\/image\/\"}}]}<\/script>\n<!-- \/ Yoast SEO plugin. -->","yoast_head_json":{"title":"SPOK\u00d3J - suplement diety w formie zio\u0142owej herbatki [50 g] - Klaudyna Hebda Nature","description":"Suplement diety w formie funkcjonalnej herbatki zio\u0142owej. Dla przem\u0119czonych i zestresowanych. \u0141agodzi napi\u0119cie, wycisza, relaksuje. A\u017c 8 pot\u0119\u017cnych ro\u015blin!","robots":{"index":"index","follow":"follow","max-snippet":"max-snippet:-1","max-image-preview":"max-image-preview:large","max-video-preview":"max-video-preview:-1"},"canonical":"https:\/\/klaudynahebda.pl\/sklep\/herbatka-spokoj\/","og_locale":"pl_PL","og_type":"article","og_title":"SPOK\u00d3J - suplement diety w formie zio\u0142owej herbatki [50 g] - Klaudyna Hebda Nature","og_description":"Suplement diety w formie funkcjonalnej herbatki zio\u0142owej. Dla przem\u0119czonych i zestresowanych. \u0141agodzi napi\u0119cie, wycisza, relaksuje. A\u017c 8 pot\u0119\u017cnych ro\u015blin!","og_url":"https:\/\/klaudynahebda.pl\/sklep\/herbatka-spokoj\/","og_site_name":"Klaudyna Hebda Nature","article_modified_time":"2026-04-10T11:45:34+00:00","og_image":[{"width":768,"height":1152,"url":"https:\/\/klaudynahebda.pl\/sklep\/wp-content\/uploads\/2022\/09\/herbatka-spokoj-klaudyna-hebda.jpg","type":"image\/jpeg"}],"twitter_card":"summary_large_image","twitter_misc":{"Szacowany czas czytania":"2 minuty"},"schema":{"@context":"https:\/\/schema.org","@graph":[{"@type":"WebPage","@id":"https:\/\/klaudynahebda.pl\/sklep\/herbatka-spokoj\/","url":"https:\/\/klaudynahebda.pl\/sklep\/herbatka-spokoj\/","name":"SPOK\u00d3J - suplement diety w formie zio\u0142owej herbatki [50 g] - Klaudyna Hebda Nature","isPartOf":{"@id":"https:\/\/klaudynahebda.pl\/sklep\/#website"},"datePublished":"2022-09-19T14:37:38+00:00","dateModified":"2026-04-10T11:45:34+00:00","description":"Suplement diety w formie funkcjonalnej herbatki zio\u0142owej. Dla przem\u0119czonych i zestresowanych. \u0141agodzi napi\u0119cie, wycisza, relaksuje. A\u017c 8 pot\u0119\u017cnych ro\u015blin!","breadcrumb":{"@id":"https:\/\/klaudynahebda.pl\/sklep\/herbatka-spokoj\/#breadcrumb"},"inLanguage":"pl-PL","potentialAction":[{"@type":"ReadAction","target":["https:\/\/klaudynahebda.pl\/sklep\/herbatka-spokoj\/"]}]},{"@type":"BreadcrumbList","@id":"https:\/\/klaudynahebda.pl\/sklep\/herbatka-spokoj\/#breadcrumb","itemListElement":[{"@type":"ListItem","position":1,"name":"Strona g\u0142\u00f3wna","item":"https:\/\/klaudynahebda.pl\/sklep\/"},{"@type":"ListItem","position":2,"name":"Sklep","item":"https:\/\/klaudynahebda.pl\/sklep\/sklep\/"},{"@type":"ListItem","position":3,"name":"Herbaty zio\u0142owe z olejkami","item":"https:\/\/klaudynahebda.pl\/sklep\/herbaty\/"},{"@type":"ListItem","position":4,"name":"SPOK\u00d3J &#8211; suplement diety w formie zio\u0142owej herbatki [50 g]"}]},{"@type":"WebSite","@id":"https:\/\/klaudynahebda.pl\/sklep\/#website","url":"https:\/\/klaudynahebda.pl\/sklep\/","name":"Klaudyna Hebda Nature","description":"Sklep","publisher":{"@id":"https:\/\/klaudynahebda.pl\/sklep\/#organization"},"potentialAction":[{"@type":"SearchAction","target":{"@type":"EntryPoint","urlTemplate":"https:\/\/klaudynahebda.pl\/sklep\/?s={search_term_string}"},"query-input":"required name=search_term_string"}],"inLanguage":"pl-PL"},{"@type":"Organization","@id":"https:\/\/klaudynahebda.pl\/sklep\/#organization","name":"KlaudynaHebda","url":"https:\/\/klaudynahebda.pl\/sklep\/","sameAs":[],"logo":{"@type":"ImageObject","inLanguage":"pl-PL","@id":"https:\/\/klaudynahebda.pl\/sklep\/#\/schema\/logo\/image\/","url":"","contentUrl":"","caption":"KlaudynaHebda"},"image":{"@id":"https:\/\/klaudynahebda.pl\/sklep\/#\/schema\/logo\/image\/"}}]}},"_links":{"self":[{"href":"https:\/\/klaudynahebda.pl\/sklep\/wp-json\/wp\/v2\/product\/401714"}],"collection":[{"href":"https:\/\/klaudynahebda.pl\/sklep\/wp-json\/wp\/v2\/product"}],"about":[{"href":"https:\/\/klaudynahebda.pl\/sklep\/wp-json\/wp\/v2\/types\/product"}],"replies":[{"embeddable":true,"href":"https:\/\/klaudynahebda.pl\/sklep\/wp-json\/wp\/v2\/comments?post=401714"}],"wp:featuredmedia":[{"embeddable":true,"href":"https:\/\/klaudynahebda.pl\/sklep\/wp-json\/wp\/v2\/media\/3289932"}],"wp:attachment":[{"href":"https:\/\/klaudynahebda.pl\/sklep\/wp-json\/wp\/v2\/media?parent=401714"}],"wp:term":[{"taxonomy":"product_cat","embeddable":true,"href":"https:\/\/klaudynahebda.pl\/sklep\/wp-json\/wp\/v2\/product_cat?post=401714"},{"taxonomy":"product_tag","embeddable":true,"href":"https:\/\/klaudynahebda.pl\/sklep\/wp-json\/wp\/v2\/product_tag?post=401714"}],"curies":[{"name":"wp","href":"https:\/\/api.w.org\/{rel}","templated":true}]}}