{"id":390066,"date":"2022-06-14T11:31:44","date_gmt":"2022-06-14T09:31:44","guid":{"rendered":"https:\/\/klaudynahebda.pl\/sklep\/?post_type=product&#038;p=390066"},"modified":"2026-04-06T15:08:18","modified_gmt":"2026-04-06T13:08:18","slug":"roll-on-medytacja","status":"publish","type":"product","link":"https:\/\/klaudynahebda.pl\/sklep\/roll-on-medytacja\/","title":{"rendered":"Roll-on Medytacja"},"content":{"rendered":"<p>Roll-ony s\u0105 jednymi z najcz\u0119\u015bciej wybieranych formu\u0142 z naszego sklepu. Nic dziwnego \u2014 s\u0105 \u0142atwe w u\u017cyciu oraz gotowe do u\u017cycia w ka\u017cdym miejscu i o ka\u017cdej porze \ud83d\ude42<\/p>\n<h2>Jak roll-on Medytacja i jego zapach mo\u017ce Ci pom\u00f3c?<\/h2>\n<ul style=\"font-weight: 400;\">\n<li data-leveltext=\"\uf0b7\" data-font=\"Symbol\" data-listid=\"5\" data-list-defn-props=\"{&quot;335552541&quot;:1,&quot;335559683&quot;:0,&quot;335559684&quot;:-2,&quot;335559685&quot;:720,&quot;335559991&quot;:360,&quot;469769226&quot;:&quot;Symbol&quot;,&quot;469769242&quot;:[8226],&quot;469777803&quot;:&quot;left&quot;,&quot;469777804&quot;:&quot;\uf0b7&quot;,&quot;469777815&quot;:&quot;hybridMultilevel&quot;}\" data-aria-posinset=\"1\" data-aria-level=\"1\"><span data-contrast=\"none\">U\u0142atwi Ci odpr\u0119\u017cenie si\u0119 w dowolnym momencie dnia\u00a0<\/span><\/li>\n<li data-leveltext=\"\uf0b7\" data-font=\"Symbol\" data-listid=\"5\" data-list-defn-props=\"{&quot;335552541&quot;:1,&quot;335559683&quot;:0,&quot;335559684&quot;:-2,&quot;335559685&quot;:720,&quot;335559991&quot;:360,&quot;469769226&quot;:&quot;Symbol&quot;,&quot;469769242&quot;:[8226],&quot;469777803&quot;:&quot;left&quot;,&quot;469777804&quot;:&quot;\uf0b7&quot;,&quot;469777815&quot;:&quot;hybridMultilevel&quot;}\" data-aria-posinset=\"2\" data-aria-level=\"1\"><span data-contrast=\"none\">Lepiej poradzisz sobie z nagromadzonymi emocjami<\/span><\/li>\n<li data-leveltext=\"\uf0b7\" data-font=\"Symbol\" data-listid=\"5\" data-list-defn-props=\"{&quot;335552541&quot;:1,&quot;335559683&quot;:0,&quot;335559684&quot;:-2,&quot;335559685&quot;:720,&quot;335559991&quot;:360,&quot;469769226&quot;:&quot;Symbol&quot;,&quot;469769242&quot;:[8226],&quot;469777803&quot;:&quot;left&quot;,&quot;469777804&quot;:&quot;\uf0b7&quot;,&quot;469777815&quot;:&quot;hybridMultilevel&quot;}\" data-aria-posinset=\"3\" data-aria-level=\"1\"><span data-contrast=\"none\">Pozwoli Ci \u0142atwiej si\u0119 skoncentrowa\u0107<\/span><\/li>\n<\/ul>\n<h2><span data-contrast=\"none\">Jakie olejki eteryczne znajdziesz w roll-onie Medytacja?<\/span><\/h2>\n<p><span data-contrast=\"none\">Dzia\u0142anie roll-onu Medytacja wynika z obecno\u015bci olejk\u00f3w eterycznych. S\u0105 w nim:<\/span><span data-ccp-props=\"{&quot;201341983&quot;:0,&quot;335551550&quot;:6,&quot;335551620&quot;:6,&quot;335559739&quot;:200,&quot;335559740&quot;:276}\">\u00a0<\/span><\/p>\n<ul>\n<li><b><span data-contrast=\"none\">olejek copaiba<\/span><\/b><span data-contrast=\"none\"> \u2013 jego zapach ma dzia\u0142anie uspokajaj\u0105ce i stabilizuj\u0105ce, mo\u017ce pom\u00f3c w redukcji napi\u0119cia i wspiera\u0107 odpr\u0119\u017cenie;<\/span><\/li>\n<li data-leveltext=\"\uf0b7\" data-font=\"Symbol\" data-listid=\"8\" data-list-defn-props=\"{&quot;335552541&quot;:1,&quot;335559683&quot;:0,&quot;335559684&quot;:-2,&quot;335559685&quot;:720,&quot;335559991&quot;:360,&quot;469769226&quot;:&quot;Symbol&quot;,&quot;469769242&quot;:[8226],&quot;469777803&quot;:&quot;left&quot;,&quot;469777804&quot;:&quot;\uf0b7&quot;,&quot;469777815&quot;:&quot;hybridMultilevel&quot;}\" data-aria-posinset=\"5\" data-aria-level=\"1\"><b><span data-contrast=\"none\">olejek z li\u015bci drzewa herbacianego<\/span><\/b><span data-contrast=\"none\"> &#8211; zapach mo\u017ce pom\u00f3c w redukcji stresu, l\u0119ku i napi\u0119cia emocjonalnego;<\/span><span data-ccp-props=\"{&quot;201341983&quot;:0,&quot;335551550&quot;:6,&quot;335551620&quot;:6,&quot;335559739&quot;:160,&quot;335559740&quot;:259}\">\u00a0<\/span><\/li>\n<li><b><span data-contrast=\"none\">olejek z jod\u0142y pospolitej<\/span><\/b><span data-contrast=\"none\"> \u2013 aromat ma dzia\u0142anie od\u015bwie\u017caj\u0105ce, pobudzaj\u0105ce i oczyszczaj\u0105ce, mo\u017ce wp\u0142ywa\u0107 na poczucie klarowno\u015bci umys\u0142u i zwi\u0119ksza\u0107 energi\u0119;<\/span><span data-ccp-props=\"{&quot;201341983&quot;:0,&quot;335551550&quot;:6,&quot;335551620&quot;:6,&quot;335559739&quot;:160,&quot;335559740&quot;:259}\">\u00a0<\/span><\/li>\n<li><b><span data-contrast=\"none\">olejek lawendowy<\/span><\/b><span data-contrast=\"none\"> \u2013 wo\u0144 lawendy dzia\u0142a uspokajaj\u0105co i pomaga z\u0142agodzi\u0107 napi\u0119cie;<\/span><span data-ccp-props=\"{&quot;201341983&quot;:0,&quot;335551550&quot;:6,&quot;335551620&quot;:6,&quot;335559739&quot;:160,&quot;335559740&quot;:259}\">\u00a0<\/span><\/li>\n<li data-leveltext=\"\uf0b7\" data-font=\"Symbol\" data-listid=\"8\" data-list-defn-props=\"{&quot;335552541&quot;:1,&quot;335559683&quot;:0,&quot;335559684&quot;:-2,&quot;335559685&quot;:720,&quot;335559991&quot;:360,&quot;469769226&quot;:&quot;Symbol&quot;,&quot;469769242&quot;:[8226],&quot;469777803&quot;:&quot;left&quot;,&quot;469777804&quot;:&quot;\uf0b7&quot;,&quot;469777815&quot;:&quot;hybridMultilevel&quot;}\" data-aria-posinset=\"6\" data-aria-level=\"1\"><b><span data-contrast=\"none\">olejek z kwiat\u00f3w ylang ylang<\/span><\/b><span data-contrast=\"none\"> &#8211; nuty zapachowe ylang ylang mog\u0105 dzia\u0142a\u0107 harmonizuj\u0105co i relaksuj\u0105co;<\/span><span data-ccp-props=\"{&quot;201341983&quot;:0,&quot;335551550&quot;:6,&quot;335551620&quot;:6,&quot;335559739&quot;:160,&quot;335559740&quot;:259}\">\u00a0<\/span><\/li>\n<li data-leveltext=\"\uf0b7\" data-font=\"Symbol\" data-listid=\"8\" data-list-defn-props=\"{&quot;335552541&quot;:1,&quot;335559683&quot;:0,&quot;335559684&quot;:-2,&quot;335559685&quot;:720,&quot;335559991&quot;:360,&quot;469769226&quot;:&quot;Symbol&quot;,&quot;469769242&quot;:[8226],&quot;469777803&quot;:&quot;left&quot;,&quot;469777804&quot;:&quot;\uf0b7&quot;,&quot;469777815&quot;:&quot;hybridMultilevel&quot;}\" data-aria-posinset=\"7\" data-aria-level=\"1\"><b><span data-contrast=\"none\">olejek z kadzid\u0142owca<\/span><\/b><span data-contrast=\"none\"> &#8211; aromat ma w\u0142a\u015bciwo\u015bci koj\u0105ce i relaksuj\u0105ce, mo\u017ce wspiera\u0107 redukcj\u0119 stresu;<\/span><span data-ccp-props=\"{&quot;201341983&quot;:0,&quot;335551550&quot;:6,&quot;335551620&quot;:6,&quot;335559739&quot;:160,&quot;335559740&quot;:259}\">\u00a0<\/span><\/li>\n<li data-leveltext=\"\uf0b7\" data-font=\"Symbol\" data-listid=\"8\" data-list-defn-props=\"{&quot;335552541&quot;:1,&quot;335559683&quot;:0,&quot;335559684&quot;:-2,&quot;335559685&quot;:720,&quot;335559991&quot;:360,&quot;469769226&quot;:&quot;Symbol&quot;,&quot;469769242&quot;:[8226],&quot;469777803&quot;:&quot;left&quot;,&quot;469777804&quot;:&quot;\uf0b7&quot;,&quot;469777815&quot;:&quot;hybridMultilevel&quot;}\" data-aria-posinset=\"8\" data-aria-level=\"1\"><b><span data-contrast=\"none\">olejek z li\u015bci paczuli <\/span><\/b><span data-contrast=\"none\">&#8211; zapach paczuli mo\u017ce dzia\u0142a\u0107 uspokajaj\u0105co i stabilizuj\u0105co na emocje;<\/span><span data-ccp-props=\"{&quot;201341983&quot;:0,&quot;335551550&quot;:6,&quot;335551620&quot;:6,&quot;335559739&quot;:160,&quot;335559740&quot;:259}\">\u00a0<\/span><\/li>\n<li data-leveltext=\"\uf0b7\" data-font=\"Symbol\" data-listid=\"8\" data-list-defn-props=\"{&quot;335552541&quot;:1,&quot;335559683&quot;:0,&quot;335559684&quot;:-2,&quot;335559685&quot;:720,&quot;335559991&quot;:360,&quot;469769226&quot;:&quot;Symbol&quot;,&quot;469769242&quot;:[8226],&quot;469777803&quot;:&quot;left&quot;,&quot;469777804&quot;:&quot;\uf0b7&quot;,&quot;469777815&quot;:&quot;hybridMultilevel&quot;}\" data-aria-posinset=\"10\" data-aria-level=\"1\"><b><span data-contrast=\"none\">olejek palo santo<\/span><\/b><span data-contrast=\"none\"> &#8211; jego nuty wp\u0142ywaj\u0105 na tworzenie harmonii i r\u00f3wnowagi wewn\u0119trznej.<\/span><\/li>\n<\/ul>\n<p>&nbsp;<\/p>\n<p>Sprawd\u017a te\u017c inne nasze<a href=\"https:\/\/klaudynahebda.pl\/sklep\/roll-on-z-olejkami-eterycznymi\/\" target=\"_blank\" rel=\"noopener\"> roll-ony z olejkami eterycznymi<\/a>!<\/p>\n","protected":false},"excerpt":{"rendered":"<p><span data-contrast=\"none\">Czasem po prostu chcesz si\u0119<strong> zatrzyma\u0107 i z\u0142apa\u0107 chwil\u0119 oddechu<\/strong>.<\/span><span data-ccp-props=\"{&quot;201341983&quot;:0,&quot;335551550&quot;:1,&quot;335551620&quot;:1,&quot;335559739&quot;:160,&quot;335559740&quot;:259}\">\u00a0<\/span><span data-contrast=\"none\">Mo\u017ce masz w sobie nadmiar emocji, mo\u017ce po prostu jeste\u015b zm\u0119czona po ci\u0119\u017ckim dniu. Roll-on Medytacja to nie tylko wsparcie w trakcie jogi czy relaksacji. To spos\u00f3b na zmniejszenie napi\u0119cia w ci\u0105gu dnia i ws\u0142uchanie si\u0119 w swoje potrzeby. <\/span><span data-ccp-props=\"{&quot;201341983&quot;:0,&quot;335551550&quot;:1,&quot;335551620&quot;:1,&quot;335559739&quot;:160,&quot;335559740&quot;:259}\">\u00a0<\/span><\/p>\n<h2><span data-ccp-props=\"{&quot;201341983&quot;:0,&quot;335551550&quot;:1,&quot;335551620&quot;:1,&quot;335559739&quot;:160,&quot;335559740&quot;:259}\">\u00a0Roll-on Medytacja to:<\/span><\/h2>\n<ul>\n<li><b><span data-contrast=\"none\">Subtelny zapach<\/span><\/b> &#8211; pomo\u017ce Ci si\u0119 odpr\u0119\u017cy\u0107 i poczu\u0107 spok\u00f3j.<span style=\"color: #555555;\" data-ccp-props=\"{&quot;201341983&quot;:0,&quot;335551550&quot;:1,&quot;335551620&quot;:1,&quot;335559685&quot;:0,&quot;335559739&quot;:200,&quot;335559740&quot;:276}\">\u00a0<\/span><\/li>\n<li><b><span data-contrast=\"none\">\u0141atwo\u015b\u0107 u\u017cycia<\/span><\/b> &#8211; posmaruj nim nadgarstki, szyj\u0119, dekolt, klatk\u0119 piersiow\u0105.<span style=\"color: #555555;\" data-ccp-props=\"{&quot;201341983&quot;:0,&quot;335551550&quot;:1,&quot;335551620&quot;:1,&quot;335559685&quot;:0,&quot;335559739&quot;:200,&quot;335559740&quot;:276}\">\u00a0<\/span><\/li>\n<li><b><span data-contrast=\"none\">A\u017c 8\u00a0olejk\u00f3w eterycznych<\/span><\/b><span data-ccp-props=\"{&quot;201341983&quot;:0,&quot;335551550&quot;:1,&quot;335551620&quot;:1,&quot;335559739&quot;:200,&quot;335559740&quot;:276}\"> &#8211; w<\/span>ybrali\u015bmy olejki, kt\u00f3rych zapachy wspieraj\u0105 dobre samopoczucie, skupienie i relaks.<span style=\"color: #555555;\" data-ccp-props=\"{&quot;201341983&quot;:0,&quot;335551550&quot;:1,&quot;335551620&quot;:1,&quot;335559685&quot;:0,&quot;335559739&quot;:200,&quot;335559740&quot;:276}\">\u00a0<\/span><\/li>\n<li><b><span data-contrast=\"none\">Dobry sk\u0142ad<\/span><\/b><span data-ccp-props=\"{&quot;201341983&quot;:0,&quot;335551550&quot;:1,&quot;335551620&quot;:1,&quot;335559739&quot;:200,&quot;335559740&quot;:276}\">\u00a0 &#8211; o<\/span>lej jojoba i czyste olejki eteryczne. Nic wi\u0119cej.<span style=\"color: #555555;\" data-ccp-props=\"{&quot;134233117&quot;:false,&quot;134233118&quot;:false,&quot;201341983&quot;:0,&quot;335551550&quot;:1,&quot;335551620&quot;:1,&quot;335559685&quot;:0,&quot;335559737&quot;:0,&quot;335559738&quot;:0,&quot;335559739&quot;:200,&quot;335559740&quot;:276}\">\u00a0<\/span><\/li>\n<li><b><span data-contrast=\"none\">Bezpiecze\u0144stwo stosowania<\/span><\/b><span data-ccp-props=\"{&quot;134233117&quot;:false,&quot;134233118&quot;:false,&quot;201341983&quot;:0,&quot;335551550&quot;:1,&quot;335551620&quot;:1,&quot;335559737&quot;:0,&quot;335559738&quot;:0,&quot;335559739&quot;:200,&quot;335559740&quot;:276}\"> &#8211; w<\/span> formule jest tyle olejk\u00f3w, ile mo\u017cesz na\u0142o\u017cy\u0107 na sk\u00f3r\u0119 bez rozcie\u0144czania.<span style=\"color: #555555;\" data-ccp-props=\"{&quot;134233117&quot;:false,&quot;134233118&quot;:false,&quot;201341983&quot;:0,&quot;335551550&quot;:1,&quot;335551620&quot;:1,&quot;335559685&quot;:0,&quot;335559737&quot;:0,&quot;335559738&quot;:0,&quot;335559739&quot;:200,&quot;335559740&quot;:276}\">\u00a0<\/span><\/li>\n<\/ul>\n<p><span class=\"TextRun SCXW240947531 BCX0\" lang=\"PL-PL\" xml:lang=\"PL-PL\" data-contrast=\"none\"><span class=\"NormalTextRun SCXW240947531 BCX0\">Wystarczy, \u017ce na\u0142o\u017cysz go na kark, klatk\u0119 piersiow\u0105, nadgarstki, stopy i do\u0142\u0105czysz do tego technik\u0119 relaksacyjn\u0105. <\/span><span class=\"NormalTextRun SCXW240947531 BCX0\">Mo\u017cesz go u\u017cywa\u0107 w czasie jogi, ta\u0144ca czy medytacji. <\/span><\/span><span class=\"EOP SCXW240947531 BCX0\" data-ccp-props=\"{&quot;201341983&quot;:0,&quot;335551550&quot;:6,&quot;335551620&quot;:6,&quot;335559739&quot;:200,&quot;335559740&quot;:276}\">\u00a0<\/span><\/p>\n<p>&nbsp;<\/p>\n","protected":false},"featured_media":3238631,"comment_status":"open","ping_status":"closed","template":"","meta":[],"product_cat":[114,90,134,118],"product_tag":[],"acf":[],"yoast_head":"<!-- This site is optimized with the Yoast SEO plugin v19.6.1 - https:\/\/yoast.com\/wordpress\/plugins\/seo\/ -->\n<title>Roll-on Medytacja - Klaudyna Hebda Nature<\/title>\n<meta name=\"description\" content=\"Roll-on Medytacja to nie tylko wsparcie w trakcie jogi czy relaksacji. To Tw\u00f3j towarzysz zawsze wtedy, gdy chcesz si\u0119 zatrzyma\u0107 i z\u0142apa\u0107 chwil\u0119 oddechu.\" \/>\n<meta name=\"robots\" content=\"index, follow, max-snippet:-1, max-image-preview:large, max-video-preview:-1\" \/>\n<link rel=\"canonical\" href=\"https:\/\/klaudynahebda.pl\/sklep\/roll-on-medytacja\/\" \/>\n<meta property=\"og:locale\" content=\"pl_PL\" \/>\n<meta property=\"og:type\" content=\"article\" \/>\n<meta property=\"og:title\" content=\"Roll-on Medytacja - Klaudyna Hebda Nature\" \/>\n<meta property=\"og:description\" content=\"Roll-on Medytacja to nie tylko wsparcie w trakcie jogi czy relaksacji. To Tw\u00f3j towarzysz zawsze wtedy, gdy chcesz si\u0119 zatrzyma\u0107 i z\u0142apa\u0107 chwil\u0119 oddechu.\" \/>\n<meta property=\"og:url\" content=\"https:\/\/klaudynahebda.pl\/sklep\/roll-on-medytacja\/\" \/>\n<meta property=\"og:site_name\" content=\"Klaudyna Hebda Nature\" \/>\n<meta property=\"article:modified_time\" content=\"2026-04-06T13:08:18+00:00\" \/>\n<meta property=\"og:image\" content=\"https:\/\/klaudynahebda.pl\/sklep\/wp-content\/uploads\/2022\/06\/Projekt-bez-nazwy-26.jpg\" \/>\n\t<meta property=\"og:image:width\" content=\"1020\" \/>\n\t<meta property=\"og:image:height\" content=\"1530\" \/>\n\t<meta property=\"og:image:type\" content=\"image\/jpeg\" \/>\n<meta name=\"twitter:card\" content=\"summary_large_image\" \/>\n<meta name=\"twitter:label1\" content=\"Szacowany czas czytania\" \/>\n\t<meta name=\"twitter:data1\" content=\"2 minuty\" \/>\n<script type=\"application\/ld+json\" class=\"yoast-schema-graph\">{\"@context\":\"https:\/\/schema.org\",\"@graph\":[{\"@type\":\"WebPage\",\"@id\":\"https:\/\/klaudynahebda.pl\/sklep\/roll-on-medytacja\/\",\"url\":\"https:\/\/klaudynahebda.pl\/sklep\/roll-on-medytacja\/\",\"name\":\"Roll-on Medytacja - Klaudyna Hebda Nature\",\"isPartOf\":{\"@id\":\"https:\/\/klaudynahebda.pl\/sklep\/#website\"},\"datePublished\":\"2022-06-14T09:31:44+00:00\",\"dateModified\":\"2026-04-06T13:08:18+00:00\",\"description\":\"Roll-on Medytacja to nie tylko wsparcie w trakcie jogi czy relaksacji. To Tw\u00f3j towarzysz zawsze wtedy, gdy chcesz si\u0119 zatrzyma\u0107 i z\u0142apa\u0107 chwil\u0119 oddechu.\",\"breadcrumb\":{\"@id\":\"https:\/\/klaudynahebda.pl\/sklep\/roll-on-medytacja\/#breadcrumb\"},\"inLanguage\":\"pl-PL\",\"potentialAction\":[{\"@type\":\"ReadAction\",\"target\":[\"https:\/\/klaudynahebda.pl\/sklep\/roll-on-medytacja\/\"]}]},{\"@type\":\"BreadcrumbList\",\"@id\":\"https:\/\/klaudynahebda.pl\/sklep\/roll-on-medytacja\/#breadcrumb\",\"itemListElement\":[{\"@type\":\"ListItem\",\"position\":1,\"name\":\"Strona g\u0142\u00f3wna\",\"item\":\"https:\/\/klaudynahebda.pl\/sklep\/\"},{\"@type\":\"ListItem\",\"position\":2,\"name\":\"Sklep\",\"item\":\"https:\/\/klaudynahebda.pl\/sklep\/sklep\/\"},{\"@type\":\"ListItem\",\"position\":3,\"name\":\"Roll-ony z olejkami eterycznymi\",\"item\":\"https:\/\/klaudynahebda.pl\/sklep\/roll-on-z-olejkami-eterycznymi\/\"},{\"@type\":\"ListItem\",\"position\":4,\"name\":\"Roll-on Medytacja\"}]},{\"@type\":\"WebSite\",\"@id\":\"https:\/\/klaudynahebda.pl\/sklep\/#website\",\"url\":\"https:\/\/klaudynahebda.pl\/sklep\/\",\"name\":\"Klaudyna Hebda Nature\",\"description\":\"Sklep\",\"publisher\":{\"@id\":\"https:\/\/klaudynahebda.pl\/sklep\/#organization\"},\"potentialAction\":[{\"@type\":\"SearchAction\",\"target\":{\"@type\":\"EntryPoint\",\"urlTemplate\":\"https:\/\/klaudynahebda.pl\/sklep\/?s={search_term_string}\"},\"query-input\":\"required name=search_term_string\"}],\"inLanguage\":\"pl-PL\"},{\"@type\":\"Organization\",\"@id\":\"https:\/\/klaudynahebda.pl\/sklep\/#organization\",\"name\":\"KlaudynaHebda\",\"url\":\"https:\/\/klaudynahebda.pl\/sklep\/\",\"sameAs\":[],\"logo\":{\"@type\":\"ImageObject\",\"inLanguage\":\"pl-PL\",\"@id\":\"https:\/\/klaudynahebda.pl\/sklep\/#\/schema\/logo\/image\/\",\"url\":\"\",\"contentUrl\":\"\",\"caption\":\"KlaudynaHebda\"},\"image\":{\"@id\":\"https:\/\/klaudynahebda.pl\/sklep\/#\/schema\/logo\/image\/\"}}]}<\/script>\n<!-- \/ Yoast SEO plugin. -->","yoast_head_json":{"title":"Roll-on Medytacja - Klaudyna Hebda Nature","description":"Roll-on Medytacja to nie tylko wsparcie w trakcie jogi czy relaksacji. To Tw\u00f3j towarzysz zawsze wtedy, gdy chcesz si\u0119 zatrzyma\u0107 i z\u0142apa\u0107 chwil\u0119 oddechu.","robots":{"index":"index","follow":"follow","max-snippet":"max-snippet:-1","max-image-preview":"max-image-preview:large","max-video-preview":"max-video-preview:-1"},"canonical":"https:\/\/klaudynahebda.pl\/sklep\/roll-on-medytacja\/","og_locale":"pl_PL","og_type":"article","og_title":"Roll-on Medytacja - Klaudyna Hebda Nature","og_description":"Roll-on Medytacja to nie tylko wsparcie w trakcie jogi czy relaksacji. To Tw\u00f3j towarzysz zawsze wtedy, gdy chcesz si\u0119 zatrzyma\u0107 i z\u0142apa\u0107 chwil\u0119 oddechu.","og_url":"https:\/\/klaudynahebda.pl\/sklep\/roll-on-medytacja\/","og_site_name":"Klaudyna Hebda Nature","article_modified_time":"2026-04-06T13:08:18+00:00","og_image":[{"width":1020,"height":1530,"url":"https:\/\/klaudynahebda.pl\/sklep\/wp-content\/uploads\/2022\/06\/Projekt-bez-nazwy-26.jpg","type":"image\/jpeg"}],"twitter_card":"summary_large_image","twitter_misc":{"Szacowany czas czytania":"2 minuty"},"schema":{"@context":"https:\/\/schema.org","@graph":[{"@type":"WebPage","@id":"https:\/\/klaudynahebda.pl\/sklep\/roll-on-medytacja\/","url":"https:\/\/klaudynahebda.pl\/sklep\/roll-on-medytacja\/","name":"Roll-on Medytacja - Klaudyna Hebda Nature","isPartOf":{"@id":"https:\/\/klaudynahebda.pl\/sklep\/#website"},"datePublished":"2022-06-14T09:31:44+00:00","dateModified":"2026-04-06T13:08:18+00:00","description":"Roll-on Medytacja to nie tylko wsparcie w trakcie jogi czy relaksacji. To Tw\u00f3j towarzysz zawsze wtedy, gdy chcesz si\u0119 zatrzyma\u0107 i z\u0142apa\u0107 chwil\u0119 oddechu.","breadcrumb":{"@id":"https:\/\/klaudynahebda.pl\/sklep\/roll-on-medytacja\/#breadcrumb"},"inLanguage":"pl-PL","potentialAction":[{"@type":"ReadAction","target":["https:\/\/klaudynahebda.pl\/sklep\/roll-on-medytacja\/"]}]},{"@type":"BreadcrumbList","@id":"https:\/\/klaudynahebda.pl\/sklep\/roll-on-medytacja\/#breadcrumb","itemListElement":[{"@type":"ListItem","position":1,"name":"Strona g\u0142\u00f3wna","item":"https:\/\/klaudynahebda.pl\/sklep\/"},{"@type":"ListItem","position":2,"name":"Sklep","item":"https:\/\/klaudynahebda.pl\/sklep\/sklep\/"},{"@type":"ListItem","position":3,"name":"Roll-ony z olejkami eterycznymi","item":"https:\/\/klaudynahebda.pl\/sklep\/roll-on-z-olejkami-eterycznymi\/"},{"@type":"ListItem","position":4,"name":"Roll-on Medytacja"}]},{"@type":"WebSite","@id":"https:\/\/klaudynahebda.pl\/sklep\/#website","url":"https:\/\/klaudynahebda.pl\/sklep\/","name":"Klaudyna Hebda Nature","description":"Sklep","publisher":{"@id":"https:\/\/klaudynahebda.pl\/sklep\/#organization"},"potentialAction":[{"@type":"SearchAction","target":{"@type":"EntryPoint","urlTemplate":"https:\/\/klaudynahebda.pl\/sklep\/?s={search_term_string}"},"query-input":"required name=search_term_string"}],"inLanguage":"pl-PL"},{"@type":"Organization","@id":"https:\/\/klaudynahebda.pl\/sklep\/#organization","name":"KlaudynaHebda","url":"https:\/\/klaudynahebda.pl\/sklep\/","sameAs":[],"logo":{"@type":"ImageObject","inLanguage":"pl-PL","@id":"https:\/\/klaudynahebda.pl\/sklep\/#\/schema\/logo\/image\/","url":"","contentUrl":"","caption":"KlaudynaHebda"},"image":{"@id":"https:\/\/klaudynahebda.pl\/sklep\/#\/schema\/logo\/image\/"}}]}},"_links":{"self":[{"href":"https:\/\/klaudynahebda.pl\/sklep\/wp-json\/wp\/v2\/product\/390066"}],"collection":[{"href":"https:\/\/klaudynahebda.pl\/sklep\/wp-json\/wp\/v2\/product"}],"about":[{"href":"https:\/\/klaudynahebda.pl\/sklep\/wp-json\/wp\/v2\/types\/product"}],"replies":[{"embeddable":true,"href":"https:\/\/klaudynahebda.pl\/sklep\/wp-json\/wp\/v2\/comments?post=390066"}],"wp:featuredmedia":[{"embeddable":true,"href":"https:\/\/klaudynahebda.pl\/sklep\/wp-json\/wp\/v2\/media\/3238631"}],"wp:attachment":[{"href":"https:\/\/klaudynahebda.pl\/sklep\/wp-json\/wp\/v2\/media?parent=390066"}],"wp:term":[{"taxonomy":"product_cat","embeddable":true,"href":"https:\/\/klaudynahebda.pl\/sklep\/wp-json\/wp\/v2\/product_cat?post=390066"},{"taxonomy":"product_tag","embeddable":true,"href":"https:\/\/klaudynahebda.pl\/sklep\/wp-json\/wp\/v2\/product_tag?post=390066"}],"curies":[{"name":"wp","href":"https:\/\/api.w.org\/{rel}","templated":true}]}}