{"id":3474122,"date":"2026-03-10T09:40:42","date_gmt":"2026-03-10T08:40:42","guid":{"rendered":"https:\/\/klaudynahebda.pl\/sklep\/?post_type=product&#038;p=3474122"},"modified":"2026-04-09T11:04:09","modified_gmt":"2026-04-09T09:04:09","slug":"warsztaty-aromaterapii","status":"publish","type":"product","link":"https:\/\/klaudynahebda.pl\/sklep\/warsztaty-aromaterapii\/","title":{"rendered":"Warsztaty Aromaterapii Praktycznej [stacjonarne] &#8211; poznaj olejki eteryczne"},"content":{"rendered":"<h3 data-section-id=\"tj3wwm\" data-start=\"243\" data-end=\"310\">Poznaj olejki eteryczne i stw\u00f3rz w\u0142asn\u0105 ma\u015b\u0107 aromaterapeutyczn\u0105<\/h3>\n<p data-start=\"312\" data-end=\"601\">Zapraszamy na <strong data-start=\"326\" data-end=\"373\">unikalne Warsztaty Aromaterapii Praktycznej<\/strong>, kt\u00f3re odb\u0119d\u0105 si\u0119 <strong>w siedzibie firmy Klaudyna Hebda Nature w Zabierzowie k. Krakowa<\/strong>. To wyj\u0105tkowa okazja, aby w kameralnej atmosferze pozna\u0107 \u015bwiat naturalnych olejk\u00f3w eterycznych, zdoby\u0107 rzeteln\u0105 wiedz\u0119 i stworzy\u0107 w\u0142asne aromaterapeutyczne produkty.<\/p>\n<p data-start=\"603\" data-end=\"801\">Podczas warsztat\u00f3w nie tylko dowiesz si\u0119, <strong data-start=\"645\" data-end=\"709\">jak bezpiecznie i skutecznie korzysta\u0107 z olejk\u00f3w eterycznych<\/strong>, ale tak\u017ce <strong>w\u0142asnor\u0119cznie przygotujesz naturalne produkty,<\/strong> kt\u00f3re zabierzesz ze sob\u0105 do domu.<\/p>\n<p data-start=\"803\" data-end=\"893\">To spotkanie pe\u0142ne wiedzy, praktyki i inspiracji do codziennego korzystania z mocy ro\u015blin.<\/p>\n<p data-start=\"803\" data-end=\"893\"><strong style=\"font-size: 23.040001px;color: #333333\">Termin i miejsce warsztat\u00f3w<\/strong><\/p>\n<section class=\"section-dark py-20 md:py-28\" data-loc=\"client\/src\/pages\/Home.tsx:449\">\n<div class=\"container\" data-loc=\"client\/src\/pages\/Home.tsx:453\">\n<div class=\"grid lg:grid-cols-2 gap-12 lg:gap-20 items-center\" data-loc=\"client\/src\/pages\/Home.tsx:454\">\n<div class=\"fade-up order-1 lg:order-2 visible\" data-loc=\"client\/src\/pages\/Home.tsx:473\">\n<div class=\"mb-8 pb-8\" data-loc=\"client\/src\/pages\/Home.tsx:484\">\n<p data-start=\"932\" data-end=\"983\"><strong data-start=\"932\" data-end=\"956\">9 maja 2026 (sobota)<\/strong><br data-start=\"956\" data-end=\"959\" \/><strong data-start=\"959\" data-end=\"971\">Godzina:<\/strong> 11:00\u201315:00<\/p>\n<p data-start=\"985\" data-end=\"1079\"><strong data-start=\"985\" data-end=\"997\">Miejsce:<\/strong><br data-start=\"997\" data-end=\"1000\" \/>Siedziba firmy Klaudyna Hebda Nature<br data-start=\"1036\" data-end=\"1039\" \/>ul. Krakowska 390<br data-start=\"1056\" data-end=\"1059\" \/>Zabierz\u00f3w k. Krakowa<\/p>\n<p data-start=\"1081\" data-end=\"1118\"><strong data-start=\"1081\" data-end=\"1118\">Kameralna grupa \u2013 tylko 18 miejsc<\/strong><\/p>\n<p data-start=\"1120\" data-end=\"1276\">Dzi\u0119ki kameralnej liczbie uczestnik\u00f3w warsztaty maj\u0105 <strong data-start=\"1168\" data-end=\"1206\">praktyczny i warsztatowy charakter<\/strong>, a ka\u017cdy uczestnik mo\u017ce liczy\u0107 na indywidualne wsparcie prowadz\u0105cego.<\/p>\n<h2 data-section-id=\"s0e2v5\" data-start=\"1283\" data-end=\"1317\"><strong>Tylko teraz tak atrakcyjna kwota warsztatu<\/strong><\/h2>\n<p data-start=\"1319\" data-end=\"1379\"><strong data-start=\"1319\" data-end=\"1334\">Early Bird:<\/strong>\u00a0310 z\u0142<br data-start=\"1341\" data-end=\"1344\" \/><em data-start=\"1344\" data-end=\"1379\">(przy zakupie do 2 kwietnia 2026)<\/em><\/p>\n<p data-start=\"1381\" data-end=\"1434\"><strong data-start=\"1381\" data-end=\"1402\">Cena standardowa:<\/strong>\u00a0390 z\u0142<br data-start=\"1409\" data-end=\"1412\" \/><em data-start=\"1412\" data-end=\"1434\">(od 3 kwietnia marca 2026)<\/em><\/p>\n<p data-start=\"1381\" data-end=\"1434\">To jedyna edycja warsztat\u00f3w w takiej kwocie, wi\u0119c warto wi\u0119c skorzysta\u0107.<\/p>\n<\/div>\n<h2 data-section-id=\"ryolkm\" data-start=\"1504\" data-end=\"1549\">4 godziny wiedzy, praktyki i do\u015bwiadczenia<\/h2>\n<p data-start=\"1551\" data-end=\"1642\"><strong data-start=\"1551\" data-end=\"1562\">Poziom:<\/strong> warsztat dla pocz\u0105tkuj\u0105cych \u2013 nie s\u0105 wymagane \u017cadne wcze\u015bniejsze do\u015bwiadczenia.<\/p>\n<p data-start=\"1551\" data-end=\"1642\"><strong style=\"font-size: 25.920002px;color: #333333\">Co wyniesiesz z warsztat\u00f3w?<\/strong><\/p>\n<div class=\"mb-8 pb-8\" data-loc=\"client\/src\/pages\/Home.tsx:484\">\n<h2 data-section-id=\"1g6mddl\" data-start=\"1680\" data-end=\"1731\">Cz\u0119\u015b\u0107 edukacyjna \u2013 poznasz podstawy aromaterapii<\/h2>\n<p data-start=\"1733\" data-end=\"1824\">Podczas warsztatu zdob\u0119dziesz solidne fundamenty wiedzy o naturalnych olejkach eterycznych:<\/p>\n<p data-start=\"1826\" data-end=\"2106\">\u2713 czym jest aromaterapia i jak dzia\u0142aj\u0105 olejki eteryczne<br data-start=\"1882\" data-end=\"1885\" \/>\u2713 czym r\u00f3\u017cni si\u0119 <strong data-start=\"1902\" data-end=\"1964\">olejek eteryczny, hydrolat, macerat i kompozycja zapachowa<\/strong><br data-start=\"1964\" data-end=\"1967\" \/>\u2713 jak olejki eteryczne wp\u0142ywaj\u0105 na organizm i samopoczucie<br data-start=\"2025\" data-end=\"2028\" \/>\u2713 jakie s\u0105 <strong data-start=\"2039\" data-end=\"2075\">podstawowe zasady bezpiecze\u0144stwa<\/strong> stosowania olejk\u00f3w eterycznych<\/p>\n<p data-loc=\"client\/src\/pages\/Home.tsx:485\">\n<\/div>\n<\/div>\n<\/div>\n<\/div>\n<\/section>\n<h2 data-section-id=\"1gpp3bc\" data-start=\"2113\" data-end=\"2160\">Cz\u0119\u015b\u0107 praktyczna \u2013 stworzysz w\u0142asne produkty<\/h2>\n<p data-start=\"2162\" data-end=\"2262\">Podczas warsztat\u00f3w pracujemy z naturalnymi surowcami i olejkami eterycznymi z oferty Klaudyny Hebdy.<\/p>\n<p data-start=\"2264\" data-end=\"2325\"><strong data-start=\"2264\" data-end=\"2325\">Stworzysz dwa produkty, kt\u00f3re zabierzesz ze sob\u0105 do domu:<\/strong><\/p>\n<p data-start=\"2327\" data-end=\"2448\">\u2713 <strong data-start=\"2329\" data-end=\"2363\">w\u0142asn\u0105 ma\u015b\u0107 aromaterapeutyczn\u0105<\/strong> \u2013 przygotowan\u0105 z naturalnych sk\u0142adnik\u00f3w i dobranych przez Ciebie olejk\u00f3w eterycznych<\/p>\n<p data-start=\"2450\" data-end=\"2563\">\u2713 <strong data-start=\"2452\" data-end=\"2491\">spersonalizowany produkt do k\u0105pieli<\/strong> \u2013 stworzony z naturalnych sk\u0142adnik\u00f3w i wybranych kompozycji zapachowych<\/p>\n<p data-start=\"2565\" data-end=\"2615\">Gotowe produkty b\u0119d\u0105 <strong data-start=\"2586\" data-end=\"2614\">od razu gotowe do u\u017cycia<\/strong>.<\/p>\n<h2 data-section-id=\"1srllxr\" data-start=\"2622\" data-end=\"2642\">W cenie warsztatu<\/h2>\n<p data-start=\"2644\" data-end=\"2852\">\u2713 wszystkie surowce potrzebne do wykonania produkt\u00f3w<br data-start=\"2696\" data-end=\"2699\" \/>\u2713 materia\u0142y edukacyjne<br data-start=\"2721\" data-end=\"2724\" \/>\u2713 pocz\u0119stunek oraz przerwa kawowo-herbaciana<br data-start=\"2768\" data-end=\"2771\" \/>\u2713 kameralna atmosfera i praktyczna wiedza<br data-start=\"2812\" data-end=\"2815\" \/>\u2713 <strong data-start=\"2817\" data-end=\"2852\">niespodzianka od Klaudyny Hebdy<\/strong><\/p>\n<h1 data-section-id=\"zmfllz\" data-start=\"2859\" data-end=\"2888\">Dla kogo jest ten warsztat?<\/h1>\n<p data-start=\"2890\" data-end=\"2928\">Warsztat jest idealny dla os\u00f3b, kt\u00f3re:<\/p>\n<p data-start=\"2930\" data-end=\"3169\">\u2713 maj\u0105 w domu olejki eteryczne, ale <strong data-start=\"2966\" data-end=\"3001\">nie wiedz\u0105 jak z nich korzysta\u0107<\/strong><br data-start=\"3001\" data-end=\"3004\" \/>\u2713 chc\u0105 <strong data-start=\"3011\" data-end=\"3063\">usystematyzowa\u0107 i pog\u0142\u0119bi\u0107 wiedz\u0119 o aromaterapii<\/strong><br data-start=\"3063\" data-end=\"3066\" \/>\u2713 dopiero zaczynaj\u0105 swoj\u0105 przygod\u0119 z olejkami i chc\u0105 <strong data-start=\"3119\" data-end=\"3169\">nauczy\u0107 si\u0119 ich u\u017cywa\u0107 bezpiecznie i \u015bwiadomie<\/strong><\/p>\n<h1 data-section-id=\"1ubdek0\" data-start=\"3176\" data-end=\"3197\">Prowadz\u0105cy warsztat<\/h1>\n<p data-start=\"3199\" data-end=\"3276\"><strong data-start=\"3199\" data-end=\"3222\">Konstantyn Petertil<\/strong><br data-start=\"3222\" data-end=\"3225\" \/><span data-teams=\"true\">Aromaterapeuta kliniczny, zielarz i passionate ro\u015blin aromatycznych, od kilku lat zwi\u0105zany z zespo\u0142em Klaudyna Hebda Nature. Swoj\u0105 praktyk\u0119 rozwija we wsp\u00f3\u0142pracy z Klaudyn\u0105 Hebd\u0105, \u0142\u0105cz\u0105c wiedz\u0119 z zakresu aromaterapii klinicznej z do\u015bwiadczeniem pracy z naturalnymi surowcami.<\/span><\/p>\n<p>W zespole Klaudyny zajmuje si\u0119 edukacj\u0105 w zakresie bezpiecznego i \u015bwiadomego stosowania olejk\u00f3w eterycznych oraz ich praktycznego wykorzystania w codziennym \u017cyciu. Podczas warsztat\u00f3w pokazuje, jak w prosty i przyst\u0119pny spos\u00f3b korzysta\u0107 z aromaterapii.<\/p>\n<h1 data-section-id=\"md4hp1\" data-start=\"3656\" data-end=\"3682\">Zarezerwuj swoje miejsce<\/h1>\n<p data-start=\"3684\" data-end=\"3742\">Liczba miejsc jest ograniczona \u2013 <strong data-start=\"3717\" data-end=\"3741\">tylko 18 uczestnik\u00f3w<\/strong>.<\/p>\n<p data-start=\"3744\" data-end=\"3886\">Je\u015bli chcesz pozna\u0107 aromaterapi\u0119 od praktycznej strony i nauczy\u0107 si\u0119 korzysta\u0107 z olejk\u00f3w eterycznych w codziennym \u017cyciu \u2013 zapisz si\u0119 ju\u017c dzi\u015b.<\/p>\n<p data-start=\"3888\" data-end=\"3931\"><strong data-start=\"3888\" data-end=\"3931\">Zarezerwuj swoje miejsce na warsztacie.<\/strong><\/p>\n<p data-start=\"3888\" data-end=\"3931\"><strong>Zakup biletu jest r\u00f3wnoznaczny z akceptacj\u0105 Regulaminu Warsztat\u00f3w: <a href=\"https:\/\/klaudynahebda.pl\/sklep\/wp-content\/uploads\/2026\/03\/Regulamin-Warsztatow-Aromaterapii-Praktycznej.pdf\">Przeczytaj Regulamin<\/a><\/strong><\/p>\n","protected":false},"excerpt":{"rendered":"<h3 data-section-id=\"tj3wwm\" data-start=\"243\" data-end=\"310\">Poznaj olejki eteryczne i stw\u00f3rz w\u0142asn\u0105 ma\u015b\u0107 aromaterapeutyczn\u0105<\/h3>\n<p data-start=\"312\" data-end=\"601\">Zapraszamy na <strong data-start=\"326\" data-end=\"373\">unikalne Warsztaty Aromaterapii Praktycznej<\/strong>, kt\u00f3re odb\u0119d\u0105 si\u0119<strong> 9 maja w siedzibie firmy Klaudyna Hebda Nature w Zabierzowie k. Krakowa<\/strong>.<\/p>\n<p data-start=\"312\" data-end=\"601\">To wyj\u0105tkowa okazja, aby w kameralnej atmosferze pozna\u0107 \u015bwiat naturalnych olejk\u00f3w eterycznych, zdoby\u0107 rzeteln\u0105 wiedz\u0119 i stworzy\u0107 w\u0142asne aromaterapeutyczne produkty.<\/p>\n<p data-start=\"603\" data-end=\"801\">Podczas warsztat\u00f3w nie tylko dowiesz si\u0119, <strong data-start=\"645\" data-end=\"709\">jak bezpiecznie i skutecznie korzysta\u0107 z olejk\u00f3w eterycznych<\/strong>, ale tak\u017ce <strong>w\u0142asnor\u0119cznie przygotujesz naturalne produkty,<\/strong> kt\u00f3re zabierzesz ze sob\u0105 do domu.<\/p>\n<p data-start=\"803\" data-end=\"893\">To spotkanie pe\u0142ne wiedzy, praktyki i inspiracji do codziennego korzystania z mocy ro\u015blin.<\/p>\n<p data-start=\"803\" data-end=\"893\">Zakup biletu jest r\u00f3wnoznaczny z akceptacj\u0105 <a href=\"https:\/\/klaudynahebda.pl\/sklep\/wp-content\/uploads\/2026\/03\/Regulamin-Warsztatow-Aromaterapii-Praktycznej.pdf\">Regulaminu warsztat\u00f3w<\/a><\/p>\n","protected":false},"featured_media":3477286,"comment_status":"open","ping_status":"closed","template":"","meta":[],"product_cat":[117,210],"product_tag":[],"acf":[],"yoast_head":"<!-- This site is optimized with the Yoast SEO plugin v19.6.1 - https:\/\/yoast.com\/wordpress\/plugins\/seo\/ -->\n<title>Warsztaty Aromaterapii Praktycznej [stacjonarne] - poznaj olejki eteryczne - Klaudyna Hebda Nature<\/title>\n<meta name=\"description\" content=\"Poznaj olejki eteryczne i stw\u00f3rz w\u0142asn\u0105 ma\u015b\u0107 aromaterapeutyczn\u0105. Zapraszamy na unikalne Warsztaty Aromaterapii Praktycznej, kt\u00f3re odb\u0119d\u0105 si\u0119 w siedzibie firmy Klaudyna Hebda\u00a0Natur\u0119 w Zabierzowie k. Krakowa.\" \/>\n<meta name=\"robots\" content=\"index, follow, max-snippet:-1, max-image-preview:large, max-video-preview:-1\" \/>\n<link rel=\"canonical\" href=\"https:\/\/klaudynahebda.pl\/sklep\/warsztaty-aromaterapii\/\" \/>\n<meta property=\"og:locale\" content=\"pl_PL\" \/>\n<meta property=\"og:type\" content=\"article\" \/>\n<meta property=\"og:title\" content=\"Warsztaty Aromaterapii Praktycznej [stacjonarne] - poznaj olejki eteryczne - Klaudyna Hebda Nature\" \/>\n<meta property=\"og:description\" content=\"Poznaj olejki eteryczne i stw\u00f3rz w\u0142asn\u0105 ma\u015b\u0107 aromaterapeutyczn\u0105. Zapraszamy na unikalne Warsztaty Aromaterapii Praktycznej, kt\u00f3re odb\u0119d\u0105 si\u0119 w siedzibie firmy Klaudyna Hebda\u00a0Natur\u0119 w Zabierzowie k. Krakowa.\" \/>\n<meta property=\"og:url\" content=\"https:\/\/klaudynahebda.pl\/sklep\/warsztaty-aromaterapii\/\" \/>\n<meta property=\"og:site_name\" content=\"Klaudyna Hebda Nature\" \/>\n<meta property=\"article:modified_time\" content=\"2026-04-09T09:04:09+00:00\" \/>\n<meta property=\"og:image\" content=\"https:\/\/klaudynahebda.pl\/sklep\/wp-content\/uploads\/2026\/03\/3.png\" \/>\n\t<meta property=\"og:image:width\" content=\"1080\" \/>\n\t<meta property=\"og:image:height\" content=\"1350\" \/>\n\t<meta property=\"og:image:type\" content=\"image\/png\" \/>\n<meta name=\"twitter:card\" content=\"summary_large_image\" \/>\n<meta name=\"twitter:label1\" content=\"Szacowany czas czytania\" \/>\n\t<meta name=\"twitter:data1\" content=\"4 minuty\" \/>\n<script type=\"application\/ld+json\" class=\"yoast-schema-graph\">{\"@context\":\"https:\/\/schema.org\",\"@graph\":[{\"@type\":\"WebPage\",\"@id\":\"https:\/\/klaudynahebda.pl\/sklep\/warsztaty-aromaterapii\/\",\"url\":\"https:\/\/klaudynahebda.pl\/sklep\/warsztaty-aromaterapii\/\",\"name\":\"Warsztaty Aromaterapii Praktycznej [stacjonarne] - poznaj olejki eteryczne - Klaudyna Hebda Nature\",\"isPartOf\":{\"@id\":\"https:\/\/klaudynahebda.pl\/sklep\/#website\"},\"datePublished\":\"2026-03-10T08:40:42+00:00\",\"dateModified\":\"2026-04-09T09:04:09+00:00\",\"description\":\"Poznaj olejki eteryczne i stw\u00f3rz w\u0142asn\u0105 ma\u015b\u0107 aromaterapeutyczn\u0105. Zapraszamy na unikalne Warsztaty Aromaterapii Praktycznej, kt\u00f3re odb\u0119d\u0105 si\u0119 w siedzibie firmy Klaudyna Hebda\u00a0Natur\u0119 w Zabierzowie k. Krakowa.\",\"breadcrumb\":{\"@id\":\"https:\/\/klaudynahebda.pl\/sklep\/warsztaty-aromaterapii\/#breadcrumb\"},\"inLanguage\":\"pl-PL\",\"potentialAction\":[{\"@type\":\"ReadAction\",\"target\":[\"https:\/\/klaudynahebda.pl\/sklep\/warsztaty-aromaterapii\/\"]}]},{\"@type\":\"BreadcrumbList\",\"@id\":\"https:\/\/klaudynahebda.pl\/sklep\/warsztaty-aromaterapii\/#breadcrumb\",\"itemListElement\":[{\"@type\":\"ListItem\",\"position\":1,\"name\":\"Strona g\u0142\u00f3wna\",\"item\":\"https:\/\/klaudynahebda.pl\/sklep\/\"},{\"@type\":\"ListItem\",\"position\":2,\"name\":\"Sklep\",\"item\":\"https:\/\/klaudynahebda.pl\/sklep\/sklep\/\"},{\"@type\":\"ListItem\",\"position\":3,\"name\":\"Nowo\u015bci\",\"item\":\"https:\/\/klaudynahebda.pl\/sklep\/nowosci\/\"},{\"@type\":\"ListItem\",\"position\":4,\"name\":\"Warsztaty Aromaterapii Praktycznej [stacjonarne] &#8211; poznaj olejki eteryczne\"}]},{\"@type\":\"WebSite\",\"@id\":\"https:\/\/klaudynahebda.pl\/sklep\/#website\",\"url\":\"https:\/\/klaudynahebda.pl\/sklep\/\",\"name\":\"Klaudyna Hebda Nature\",\"description\":\"Sklep\",\"publisher\":{\"@id\":\"https:\/\/klaudynahebda.pl\/sklep\/#organization\"},\"potentialAction\":[{\"@type\":\"SearchAction\",\"target\":{\"@type\":\"EntryPoint\",\"urlTemplate\":\"https:\/\/klaudynahebda.pl\/sklep\/?s={search_term_string}\"},\"query-input\":\"required name=search_term_string\"}],\"inLanguage\":\"pl-PL\"},{\"@type\":\"Organization\",\"@id\":\"https:\/\/klaudynahebda.pl\/sklep\/#organization\",\"name\":\"KlaudynaHebda\",\"url\":\"https:\/\/klaudynahebda.pl\/sklep\/\",\"sameAs\":[],\"logo\":{\"@type\":\"ImageObject\",\"inLanguage\":\"pl-PL\",\"@id\":\"https:\/\/klaudynahebda.pl\/sklep\/#\/schema\/logo\/image\/\",\"url\":\"\",\"contentUrl\":\"\",\"caption\":\"KlaudynaHebda\"},\"image\":{\"@id\":\"https:\/\/klaudynahebda.pl\/sklep\/#\/schema\/logo\/image\/\"}}]}<\/script>\n<!-- \/ Yoast SEO plugin. -->","yoast_head_json":{"title":"Warsztaty Aromaterapii Praktycznej [stacjonarne] - poznaj olejki eteryczne - Klaudyna Hebda Nature","description":"Poznaj olejki eteryczne i stw\u00f3rz w\u0142asn\u0105 ma\u015b\u0107 aromaterapeutyczn\u0105. Zapraszamy na unikalne Warsztaty Aromaterapii Praktycznej, kt\u00f3re odb\u0119d\u0105 si\u0119 w siedzibie firmy Klaudyna Hebda\u00a0Natur\u0119 w Zabierzowie k. Krakowa.","robots":{"index":"index","follow":"follow","max-snippet":"max-snippet:-1","max-image-preview":"max-image-preview:large","max-video-preview":"max-video-preview:-1"},"canonical":"https:\/\/klaudynahebda.pl\/sklep\/warsztaty-aromaterapii\/","og_locale":"pl_PL","og_type":"article","og_title":"Warsztaty Aromaterapii Praktycznej [stacjonarne] - poznaj olejki eteryczne - Klaudyna Hebda Nature","og_description":"Poznaj olejki eteryczne i stw\u00f3rz w\u0142asn\u0105 ma\u015b\u0107 aromaterapeutyczn\u0105. Zapraszamy na unikalne Warsztaty Aromaterapii Praktycznej, kt\u00f3re odb\u0119d\u0105 si\u0119 w siedzibie firmy Klaudyna Hebda\u00a0Natur\u0119 w Zabierzowie k. Krakowa.","og_url":"https:\/\/klaudynahebda.pl\/sklep\/warsztaty-aromaterapii\/","og_site_name":"Klaudyna Hebda Nature","article_modified_time":"2026-04-09T09:04:09+00:00","og_image":[{"width":1080,"height":1350,"url":"https:\/\/klaudynahebda.pl\/sklep\/wp-content\/uploads\/2026\/03\/3.png","type":"image\/png"}],"twitter_card":"summary_large_image","twitter_misc":{"Szacowany czas czytania":"4 minuty"},"schema":{"@context":"https:\/\/schema.org","@graph":[{"@type":"WebPage","@id":"https:\/\/klaudynahebda.pl\/sklep\/warsztaty-aromaterapii\/","url":"https:\/\/klaudynahebda.pl\/sklep\/warsztaty-aromaterapii\/","name":"Warsztaty Aromaterapii Praktycznej [stacjonarne] - poznaj olejki eteryczne - Klaudyna Hebda Nature","isPartOf":{"@id":"https:\/\/klaudynahebda.pl\/sklep\/#website"},"datePublished":"2026-03-10T08:40:42+00:00","dateModified":"2026-04-09T09:04:09+00:00","description":"Poznaj olejki eteryczne i stw\u00f3rz w\u0142asn\u0105 ma\u015b\u0107 aromaterapeutyczn\u0105. Zapraszamy na unikalne Warsztaty Aromaterapii Praktycznej, kt\u00f3re odb\u0119d\u0105 si\u0119 w siedzibie firmy Klaudyna Hebda\u00a0Natur\u0119 w Zabierzowie k. Krakowa.","breadcrumb":{"@id":"https:\/\/klaudynahebda.pl\/sklep\/warsztaty-aromaterapii\/#breadcrumb"},"inLanguage":"pl-PL","potentialAction":[{"@type":"ReadAction","target":["https:\/\/klaudynahebda.pl\/sklep\/warsztaty-aromaterapii\/"]}]},{"@type":"BreadcrumbList","@id":"https:\/\/klaudynahebda.pl\/sklep\/warsztaty-aromaterapii\/#breadcrumb","itemListElement":[{"@type":"ListItem","position":1,"name":"Strona g\u0142\u00f3wna","item":"https:\/\/klaudynahebda.pl\/sklep\/"},{"@type":"ListItem","position":2,"name":"Sklep","item":"https:\/\/klaudynahebda.pl\/sklep\/sklep\/"},{"@type":"ListItem","position":3,"name":"Nowo\u015bci","item":"https:\/\/klaudynahebda.pl\/sklep\/nowosci\/"},{"@type":"ListItem","position":4,"name":"Warsztaty Aromaterapii Praktycznej [stacjonarne] &#8211; poznaj olejki eteryczne"}]},{"@type":"WebSite","@id":"https:\/\/klaudynahebda.pl\/sklep\/#website","url":"https:\/\/klaudynahebda.pl\/sklep\/","name":"Klaudyna Hebda Nature","description":"Sklep","publisher":{"@id":"https:\/\/klaudynahebda.pl\/sklep\/#organization"},"potentialAction":[{"@type":"SearchAction","target":{"@type":"EntryPoint","urlTemplate":"https:\/\/klaudynahebda.pl\/sklep\/?s={search_term_string}"},"query-input":"required name=search_term_string"}],"inLanguage":"pl-PL"},{"@type":"Organization","@id":"https:\/\/klaudynahebda.pl\/sklep\/#organization","name":"KlaudynaHebda","url":"https:\/\/klaudynahebda.pl\/sklep\/","sameAs":[],"logo":{"@type":"ImageObject","inLanguage":"pl-PL","@id":"https:\/\/klaudynahebda.pl\/sklep\/#\/schema\/logo\/image\/","url":"","contentUrl":"","caption":"KlaudynaHebda"},"image":{"@id":"https:\/\/klaudynahebda.pl\/sklep\/#\/schema\/logo\/image\/"}}]}},"_links":{"self":[{"href":"https:\/\/klaudynahebda.pl\/sklep\/wp-json\/wp\/v2\/product\/3474122"}],"collection":[{"href":"https:\/\/klaudynahebda.pl\/sklep\/wp-json\/wp\/v2\/product"}],"about":[{"href":"https:\/\/klaudynahebda.pl\/sklep\/wp-json\/wp\/v2\/types\/product"}],"replies":[{"embeddable":true,"href":"https:\/\/klaudynahebda.pl\/sklep\/wp-json\/wp\/v2\/comments?post=3474122"}],"wp:featuredmedia":[{"embeddable":true,"href":"https:\/\/klaudynahebda.pl\/sklep\/wp-json\/wp\/v2\/media\/3477286"}],"wp:attachment":[{"href":"https:\/\/klaudynahebda.pl\/sklep\/wp-json\/wp\/v2\/media?parent=3474122"}],"wp:term":[{"taxonomy":"product_cat","embeddable":true,"href":"https:\/\/klaudynahebda.pl\/sklep\/wp-json\/wp\/v2\/product_cat?post=3474122"},{"taxonomy":"product_tag","embeddable":true,"href":"https:\/\/klaudynahebda.pl\/sklep\/wp-json\/wp\/v2\/product_tag?post=3474122"}],"curies":[{"name":"wp","href":"https:\/\/api.w.org\/{rel}","templated":true}]}}