{"id":3465535,"date":"2026-05-11T11:38:42","date_gmt":"2026-05-11T09:38:42","guid":{"rendered":"https:\/\/klaudynahebda.pl\/sklep\/?post_type=product&#038;p=3465535"},"modified":"2026-05-12T09:39:12","modified_gmt":"2026-05-12T07:39:12","slug":"lawendowy-zel-pod-prysznic-do-ciala-i-rak","status":"publish","type":"product","link":"https:\/\/klaudynahebda.pl\/sklep\/lawendowy-zel-pod-prysznic-do-ciala-i-rak\/","title":{"rendered":"\u017bel myj\u0105cy do cia\u0142a i r\u0105k K. Hebda Lavandula\u00ae"},"content":{"rendered":"<h2>D\u0142ugo pachn\u0105ca przyjemno\u015b\u0107 ka\u017cdego dnia<\/h2>\n<p>Chwila dla siebie mo\u017ce by\u0107 kr\u00f3tka, ale da\u0107 Ci realnie odczuwaln\u0105 przyjemno\u015b\u0107. Ulubiony zapach, delikatna formu\u0142a i Twoja w\u0142asna \u0142azienka \u2013 to wystarczy, \u017ceby cho\u0107 przez moment poczu\u0107 si\u0119 jak w najlepszym spa. Nawet je\u015bli to tylko szybki prysznic lub mycie r\u0105k.<\/p>\n<p>Pi\u0119kny zapach<strong> \u017celu do mycia z serii Lavandula<\/strong> to nie dodatek sztucznych substancji, a najlepszej jako\u015bci olejki eteryczne:<\/p>\n<ul>\n<li>a\u017c <strong>dwa rodzaje olejku lawendowego <\/strong><\/li>\n<li><strong>olejek petitgrain<\/strong>, kt\u00f3ry, podobnie jak lawenda, ma bardzo relaksuj\u0105cy zapach.<\/li>\n<\/ul>\n<h2>Skuteczny. Delikatny. Po prostu Tw\u00f3j ulubiony \u017cel pod prysznic i do mycia r\u0105k<\/h2>\n<p>Nasz <strong>\u017cel lawendowy do mycia <\/strong>jest oparty na delikatnych sk\u0142adnikach myj\u0105cych, i to wystarczy, by dobrze oczyszcza\u0107. Sk\u00f3ra jest czysta i wypiel\u0119gnowana, a nie \u015bci\u0105gni\u0119ta i przesuszona. Dok\u0142adnie taka, jak\u0105 lubisz najbardziej.<\/p>\n<h3>Czy \u017cel do r\u0105k i cia\u0142a Lavandula to kosmetyk dla Ciebie?<\/h3>\n<p>Zdecydowanie tak, je\u015bli:<\/p>\n<ul>\n<li>lubisz <strong>d\u0142ugo pachn\u0105ce \u017cele pod prysznic<\/strong>,<\/li>\n<li>kochasz zapach \u015bwie\u017cej lawendy,<\/li>\n<li>wybierasz kosmetyki oparte na <strong>delikatnych sk\u0142adnikach<\/strong>,<\/li>\n<li>lubisz receptury z dodatkiem <strong>olejk\u00f3w eterycznych<\/strong>,<\/li>\n<li>chcesz si\u0119 otacza\u0107 zapachami, kt\u00f3re<strong> relaksuj\u0105<\/strong> i \u0142agodz\u0105 napi\u0119cie,<\/li>\n<li>znasz i lubisz inne kosmetyki z <a href=\"https:\/\/klaudynahebda.pl\/sklep\/seria-lavandula\/\"><strong>serii Lavandula<\/strong><\/a>,<\/li>\n<li>szukasz <strong>\u017celu do mycia<\/strong>, kt\u00f3ry dobrze dzia\u0142a nie tylko na Twoje cia\u0142o, ale i na zmys\u0142y.<\/li>\n<\/ul>\n<p><em>Seria Lavandula jest jedn\u0105 z Waszych ulubionych serii, ale brakowa\u0142o w niej kosmetyku do codziennego mycia cia\u0142a i d\u0142oni. Po\u0142\u0105czenie olejku lawendowego z olejkiem petitgrain, pozyskiwanym z li\u015bci gorzkiej pomara\u0144czy mnie absolutnie zachwyci\u0142o! Ten \u017cel pod prysznic nie m\u00f3g\u0142 pachnie\u0107 inaczej. Uwaga! Jest szansa, \u017ce tak bardzo polubisz ten efekt relaksu, \u017ce nie zamienisz go ju\u017c na \u017caden inny.<\/em><\/p>\n<p style=\"text-align: right;\">Klaudyna Hebda<\/p>\n<div class=\"row row-collapse align-middle\"  id=\"row-1626528993\">\n\n\t<div id=\"col-301870028\" class=\"col small-10 large-12\"  >\n\t\t\t\t<div class=\"col-inner\"  >\n\t\t\t\n\t\t\t\n<h3 class=\"accordion_title\">Najcz\u0119\u015bciej zadawane pytania<\/h3><div class=\"accordion\" rel=\"1\">\n<div class=\"accordion-item\"><a href=\"#\" class=\"accordion-title plain\"><button class=\"toggle\"><i class=\"icon-angle-down\"><\/i><\/button><span>Czy \u017celu do cia\u0142a i r\u0105k mo\u017cna u\u017cywa\u0107 codziennie?<\/span><\/a><div class=\"accordion-inner\">\n<p>Tak, \u017cel z serii Lavandula to kosmetyk do codziennego stosowania. Mo\u017cesz go u\u017cywa\u0107 pod prysznicem lub do mycia r\u0105k w ci\u0105gu dnia.<\/p>\n<\/div><\/div>\n<div class=\"accordion-item\"><a href=\"#\" class=\"accordion-title plain\"><button class=\"toggle\"><i class=\"icon-angle-down\"><\/i><\/button><span>Jakie olejki eteryczne s\u0105 w \u017celu pod prysznic Lavandula?<\/span><\/a><div class=\"accordion-inner\">\n<p>W sk\u0142adzie tego \u017celu myj\u0105cego znajdziesz dwa rodzaje olejki lawendowego oraz olejek petitgrain, czyli olejek pozyskiwany z li\u015bci i ga\u0142\u0105zek drzewa gorzkiej pomara\u0144czy.<\/p>\n<\/div><\/div>\n<div class=\"accordion-item\"><a href=\"#\" class=\"accordion-title plain\"><button class=\"toggle\"><i class=\"icon-angle-down\"><\/i><\/button><span>Czy \u017cel do mycia zostawia t\u0142ust\u0105 pow\u0142ok\u0119 na sk\u00f3rze?<\/span><\/a><div class=\"accordion-inner\">\n<p>Nie. Sk\u00f3ra po u\u017cyciu \u017celu jest oczyszczona i wypiel\u0119gnowana, bez uczucia lepko\u015bci.<\/p>\n<\/div><\/div>\n<div class=\"accordion-item\"><a href=\"#\" class=\"accordion-title plain\"><button class=\"toggle\"><i class=\"icon-angle-down\"><\/i><\/button><span>Czy w \u017celu Lavandula jest SLS?<\/span><\/a><div class=\"accordion-inner\">\n<p>Nie, nasz \u017cel nie zawiera SLS. U\u017cyli\u015bmy delikatnych \u015brodk\u00f3w myj\u0105cych.<\/p>\n<\/div><\/div>\n<\/div>\n\t<div id=\"gap-414149643\" class=\"gap-element clearfix\" style=\"display:block; height:auto;\">\n\t\t\n<style>\n#gap-414149643 {\n  padding-top: 20px;\n}\n<\/style>\n\t<\/div>\n\t\n\t\t<\/div>\n\t\t\t\t\t<\/div>\n\n\t\n\n<style>\n#row-1626528993 > .col > .col-inner {\n  padding: 35px 0px 20px 0px;\n}\n<\/style>\n<\/div>\n<p style=\"text-align: right;\">\n","protected":false},"excerpt":{"rendered":"<h2>Myj\u0105cy \u017cel pod prysznic do cia\u0142a i r\u0105k Lavandula to:<\/h2>\n<ul>\n<li>kosmetyk z<strong> naturalnymi olejkami<\/strong> eterycznymi<\/li>\n<li>czyszczenie i piel\u0119gnacja Twojej sk\u00f3ry pachn\u0105ca<strong> prawdziw\u0105 lawend\u0105<\/strong><\/li>\n<li>Tw\u00f3j codzienny <strong>relaks pod prysznicem<\/strong><\/li>\n<li>delikatna, ale skuteczna formu\u0142a przygotowana przez aromaterapeutk\u0119 kliniczn\u0105<\/li>\n<\/ul>\n<p>Teraz ka\u017cdy prysznic i mycie r\u0105k mog\u0105 pachnie\u0107 prawdziwym relaksem.<\/p>\n","protected":false},"featured_media":3505441,"comment_status":"open","ping_status":"closed","template":"","meta":[],"product_cat":[252,222,133,47,117,210],"product_tag":[],"acf":[],"yoast_head":"<!-- This site is optimized with the Yoast SEO plugin v19.6.1 - https:\/\/yoast.com\/wordpress\/plugins\/seo\/ -->\n<title>\u017bel myj\u0105cy do cia\u0142a i r\u0105k K. Hebda Lavandula\u00ae - Klaudyna Hebda Nature<\/title>\n<meta name=\"description\" content=\"K. Hebda Lavandula\u00ae to delikatny \u017cel pod prysznic do cia\u0142a i r\u0105k z prawdziwymi olejkami eterycznymi. Wybierz codzienno\u015b\u0107, kt\u00f3ra pachnie relaksem i... lawend\u0105.\" \/>\n<meta name=\"robots\" content=\"index, follow, max-snippet:-1, max-image-preview:large, max-video-preview:-1\" \/>\n<link rel=\"canonical\" href=\"https:\/\/klaudynahebda.pl\/sklep\/lawendowy-zel-pod-prysznic-do-ciala-i-rak\/\" \/>\n<meta property=\"og:locale\" content=\"pl_PL\" \/>\n<meta property=\"og:type\" content=\"article\" \/>\n<meta property=\"og:title\" content=\"\u017bel myj\u0105cy do cia\u0142a i r\u0105k K. Hebda Lavandula\u00ae - Klaudyna Hebda Nature\" \/>\n<meta property=\"og:description\" content=\"K. Hebda Lavandula\u00ae to delikatny \u017cel pod prysznic do cia\u0142a i r\u0105k z prawdziwymi olejkami eterycznymi. Wybierz codzienno\u015b\u0107, kt\u00f3ra pachnie relaksem i... lawend\u0105.\" \/>\n<meta property=\"og:url\" content=\"https:\/\/klaudynahebda.pl\/sklep\/lawendowy-zel-pod-prysznic-do-ciala-i-rak\/\" \/>\n<meta property=\"og:site_name\" content=\"Klaudyna Hebda Nature\" \/>\n<meta property=\"article:modified_time\" content=\"2026-05-12T07:39:12+00:00\" \/>\n<meta property=\"og:image\" content=\"https:\/\/klaudynahebda.pl\/sklep\/wp-content\/uploads\/2026\/05\/zel-pod-prysznic-do-ciala-rak-Lavandula.png\" \/>\n\t<meta property=\"og:image:width\" content=\"844\" \/>\n\t<meta property=\"og:image:height\" content=\"1152\" \/>\n\t<meta property=\"og:image:type\" content=\"image\/png\" \/>\n<meta name=\"twitter:card\" content=\"summary_large_image\" \/>\n<meta name=\"twitter:label1\" content=\"Szacowany czas czytania\" \/>\n\t<meta name=\"twitter:data1\" content=\"3 minuty\" \/>\n<script type=\"application\/ld+json\" class=\"yoast-schema-graph\">{\"@context\":\"https:\/\/schema.org\",\"@graph\":[{\"@type\":\"WebPage\",\"@id\":\"https:\/\/klaudynahebda.pl\/sklep\/lawendowy-zel-pod-prysznic-do-ciala-i-rak\/\",\"url\":\"https:\/\/klaudynahebda.pl\/sklep\/lawendowy-zel-pod-prysznic-do-ciala-i-rak\/\",\"name\":\"\u017bel myj\u0105cy do cia\u0142a i r\u0105k K. Hebda Lavandula\u00ae - Klaudyna Hebda Nature\",\"isPartOf\":{\"@id\":\"https:\/\/klaudynahebda.pl\/sklep\/#website\"},\"datePublished\":\"2026-05-11T09:38:42+00:00\",\"dateModified\":\"2026-05-12T07:39:12+00:00\",\"description\":\"K. Hebda Lavandula\u00ae to delikatny \u017cel pod prysznic do cia\u0142a i r\u0105k z prawdziwymi olejkami eterycznymi. Wybierz codzienno\u015b\u0107, kt\u00f3ra pachnie relaksem i... lawend\u0105.\",\"breadcrumb\":{\"@id\":\"https:\/\/klaudynahebda.pl\/sklep\/lawendowy-zel-pod-prysznic-do-ciala-i-rak\/#breadcrumb\"},\"inLanguage\":\"pl-PL\",\"potentialAction\":[{\"@type\":\"ReadAction\",\"target\":[\"https:\/\/klaudynahebda.pl\/sklep\/lawendowy-zel-pod-prysznic-do-ciala-i-rak\/\"]}]},{\"@type\":\"BreadcrumbList\",\"@id\":\"https:\/\/klaudynahebda.pl\/sklep\/lawendowy-zel-pod-prysznic-do-ciala-i-rak\/#breadcrumb\",\"itemListElement\":[{\"@type\":\"ListItem\",\"position\":1,\"name\":\"Strona g\u0142\u00f3wna\",\"item\":\"https:\/\/klaudynahebda.pl\/sklep\/\"},{\"@type\":\"ListItem\",\"position\":2,\"name\":\"Sklep\",\"item\":\"https:\/\/klaudynahebda.pl\/sklep\/sklep\/\"},{\"@type\":\"ListItem\",\"position\":3,\"name\":\"Do k\u0105pieli\",\"item\":\"https:\/\/klaudynahebda.pl\/sklep\/do-kapieli\/\"},{\"@type\":\"ListItem\",\"position\":4,\"name\":\"\u017bel myj\u0105cy do cia\u0142a i r\u0105k K. Hebda Lavandula\u00ae\"}]},{\"@type\":\"WebSite\",\"@id\":\"https:\/\/klaudynahebda.pl\/sklep\/#website\",\"url\":\"https:\/\/klaudynahebda.pl\/sklep\/\",\"name\":\"Klaudyna Hebda Nature\",\"description\":\"Sklep\",\"publisher\":{\"@id\":\"https:\/\/klaudynahebda.pl\/sklep\/#organization\"},\"potentialAction\":[{\"@type\":\"SearchAction\",\"target\":{\"@type\":\"EntryPoint\",\"urlTemplate\":\"https:\/\/klaudynahebda.pl\/sklep\/?s={search_term_string}\"},\"query-input\":\"required name=search_term_string\"}],\"inLanguage\":\"pl-PL\"},{\"@type\":\"Organization\",\"@id\":\"https:\/\/klaudynahebda.pl\/sklep\/#organization\",\"name\":\"KlaudynaHebda\",\"url\":\"https:\/\/klaudynahebda.pl\/sklep\/\",\"sameAs\":[],\"logo\":{\"@type\":\"ImageObject\",\"inLanguage\":\"pl-PL\",\"@id\":\"https:\/\/klaudynahebda.pl\/sklep\/#\/schema\/logo\/image\/\",\"url\":\"\",\"contentUrl\":\"\",\"caption\":\"KlaudynaHebda\"},\"image\":{\"@id\":\"https:\/\/klaudynahebda.pl\/sklep\/#\/schema\/logo\/image\/\"}}]}<\/script>\n<!-- \/ Yoast SEO plugin. -->","yoast_head_json":{"title":"\u017bel myj\u0105cy do cia\u0142a i r\u0105k K. Hebda Lavandula\u00ae - Klaudyna Hebda Nature","description":"K. Hebda Lavandula\u00ae to delikatny \u017cel pod prysznic do cia\u0142a i r\u0105k z prawdziwymi olejkami eterycznymi. Wybierz codzienno\u015b\u0107, kt\u00f3ra pachnie relaksem i... lawend\u0105.","robots":{"index":"index","follow":"follow","max-snippet":"max-snippet:-1","max-image-preview":"max-image-preview:large","max-video-preview":"max-video-preview:-1"},"canonical":"https:\/\/klaudynahebda.pl\/sklep\/lawendowy-zel-pod-prysznic-do-ciala-i-rak\/","og_locale":"pl_PL","og_type":"article","og_title":"\u017bel myj\u0105cy do cia\u0142a i r\u0105k K. Hebda Lavandula\u00ae - Klaudyna Hebda Nature","og_description":"K. Hebda Lavandula\u00ae to delikatny \u017cel pod prysznic do cia\u0142a i r\u0105k z prawdziwymi olejkami eterycznymi. Wybierz codzienno\u015b\u0107, kt\u00f3ra pachnie relaksem i... lawend\u0105.","og_url":"https:\/\/klaudynahebda.pl\/sklep\/lawendowy-zel-pod-prysznic-do-ciala-i-rak\/","og_site_name":"Klaudyna Hebda Nature","article_modified_time":"2026-05-12T07:39:12+00:00","og_image":[{"width":844,"height":1152,"url":"https:\/\/klaudynahebda.pl\/sklep\/wp-content\/uploads\/2026\/05\/zel-pod-prysznic-do-ciala-rak-Lavandula.png","type":"image\/png"}],"twitter_card":"summary_large_image","twitter_misc":{"Szacowany czas czytania":"3 minuty"},"schema":{"@context":"https:\/\/schema.org","@graph":[{"@type":"WebPage","@id":"https:\/\/klaudynahebda.pl\/sklep\/lawendowy-zel-pod-prysznic-do-ciala-i-rak\/","url":"https:\/\/klaudynahebda.pl\/sklep\/lawendowy-zel-pod-prysznic-do-ciala-i-rak\/","name":"\u017bel myj\u0105cy do cia\u0142a i r\u0105k K. Hebda Lavandula\u00ae - Klaudyna Hebda Nature","isPartOf":{"@id":"https:\/\/klaudynahebda.pl\/sklep\/#website"},"datePublished":"2026-05-11T09:38:42+00:00","dateModified":"2026-05-12T07:39:12+00:00","description":"K. Hebda Lavandula\u00ae to delikatny \u017cel pod prysznic do cia\u0142a i r\u0105k z prawdziwymi olejkami eterycznymi. Wybierz codzienno\u015b\u0107, kt\u00f3ra pachnie relaksem i... lawend\u0105.","breadcrumb":{"@id":"https:\/\/klaudynahebda.pl\/sklep\/lawendowy-zel-pod-prysznic-do-ciala-i-rak\/#breadcrumb"},"inLanguage":"pl-PL","potentialAction":[{"@type":"ReadAction","target":["https:\/\/klaudynahebda.pl\/sklep\/lawendowy-zel-pod-prysznic-do-ciala-i-rak\/"]}]},{"@type":"BreadcrumbList","@id":"https:\/\/klaudynahebda.pl\/sklep\/lawendowy-zel-pod-prysznic-do-ciala-i-rak\/#breadcrumb","itemListElement":[{"@type":"ListItem","position":1,"name":"Strona g\u0142\u00f3wna","item":"https:\/\/klaudynahebda.pl\/sklep\/"},{"@type":"ListItem","position":2,"name":"Sklep","item":"https:\/\/klaudynahebda.pl\/sklep\/sklep\/"},{"@type":"ListItem","position":3,"name":"Do k\u0105pieli","item":"https:\/\/klaudynahebda.pl\/sklep\/do-kapieli\/"},{"@type":"ListItem","position":4,"name":"\u017bel myj\u0105cy do cia\u0142a i r\u0105k K. Hebda Lavandula\u00ae"}]},{"@type":"WebSite","@id":"https:\/\/klaudynahebda.pl\/sklep\/#website","url":"https:\/\/klaudynahebda.pl\/sklep\/","name":"Klaudyna Hebda Nature","description":"Sklep","publisher":{"@id":"https:\/\/klaudynahebda.pl\/sklep\/#organization"},"potentialAction":[{"@type":"SearchAction","target":{"@type":"EntryPoint","urlTemplate":"https:\/\/klaudynahebda.pl\/sklep\/?s={search_term_string}"},"query-input":"required name=search_term_string"}],"inLanguage":"pl-PL"},{"@type":"Organization","@id":"https:\/\/klaudynahebda.pl\/sklep\/#organization","name":"KlaudynaHebda","url":"https:\/\/klaudynahebda.pl\/sklep\/","sameAs":[],"logo":{"@type":"ImageObject","inLanguage":"pl-PL","@id":"https:\/\/klaudynahebda.pl\/sklep\/#\/schema\/logo\/image\/","url":"","contentUrl":"","caption":"KlaudynaHebda"},"image":{"@id":"https:\/\/klaudynahebda.pl\/sklep\/#\/schema\/logo\/image\/"}}]}},"_links":{"self":[{"href":"https:\/\/klaudynahebda.pl\/sklep\/wp-json\/wp\/v2\/product\/3465535"}],"collection":[{"href":"https:\/\/klaudynahebda.pl\/sklep\/wp-json\/wp\/v2\/product"}],"about":[{"href":"https:\/\/klaudynahebda.pl\/sklep\/wp-json\/wp\/v2\/types\/product"}],"replies":[{"embeddable":true,"href":"https:\/\/klaudynahebda.pl\/sklep\/wp-json\/wp\/v2\/comments?post=3465535"}],"wp:featuredmedia":[{"embeddable":true,"href":"https:\/\/klaudynahebda.pl\/sklep\/wp-json\/wp\/v2\/media\/3505441"}],"wp:attachment":[{"href":"https:\/\/klaudynahebda.pl\/sklep\/wp-json\/wp\/v2\/media?parent=3465535"}],"wp:term":[{"taxonomy":"product_cat","embeddable":true,"href":"https:\/\/klaudynahebda.pl\/sklep\/wp-json\/wp\/v2\/product_cat?post=3465535"},{"taxonomy":"product_tag","embeddable":true,"href":"https:\/\/klaudynahebda.pl\/sklep\/wp-json\/wp\/v2\/product_tag?post=3465535"}],"curies":[{"name":"wp","href":"https:\/\/api.w.org\/{rel}","templated":true}]}}