{"id":3402637,"date":"2026-05-04T16:39:33","date_gmt":"2026-05-04T14:39:33","guid":{"rendered":"https:\/\/klaudynahebda.pl\/sklep\/?post_type=product&#038;p=3402637"},"modified":"2026-05-13T00:10:33","modified_gmt":"2026-05-12T22:10:33","slug":"serum-blue-tansy","status":"publish","type":"product","link":"https:\/\/klaudynahebda.pl\/sklep\/serum-blue-tansy\/","title":{"rendered":"Serum z witamin\u0105 C i olejkiem Blue Tansy\u00a0"},"content":{"rendered":"<h3><strong>Nie chowaj si\u0119 w cieniu. Odzyskaj naturalne \u015bwiat\u0142o Twojej sk\u00f3ry z serum Blue Tansy + Vitamin C.<\/strong><\/h3>\n<p>Zm\u0119czona sk\u00f3ra, kt\u00f3ra codziennie wygl\u0105da tak, jakby\u015b nie przespa\u0142a nocy? Zamiast dziesi\u0119ciu krok\u00f3w piel\u0119gnacji podaruj jej skuteczne sk\u0142adniki aktywne.<\/p>\n<p>Wyg\u0142adzenie, wyr\u00f3wnanie kolorytu i roz\u015bwietlenie \u2013 to wystarczy, \u017ceby Twoja sk\u00f3ra wysz\u0142a z cienia. Sk\u0142adniki serum Blue Tansy wspieraj\u0105 naturalne procesy regeneracyjne sk\u00f3ry, a ona odzyskuje zdrowy blask. Lekka formu\u0142a sprawia, \u017ce mo\u017cesz u\u017cywa\u0107 serum przed na\u0142o\u017ceniem makija\u017cu. Spr\u00f3buj te\u017c doda\u0107 kropl\u0119 tego <strong>roz\u015bwietlaj\u0105cego serum<\/strong> do ulubionego podk\u0142adu &#8211; efekt na pewno pozytywnie Ci\u0119 zaskoczy.<\/p>\n<h3><strong>Youth Balance Complex \u2013 dla r\u00f3wnowagi i blasku Twojej sk\u00f3ry<\/strong><\/h3>\n<p>Serum do twarzy Blue Tansy zawiera nasz\u0105 autorsk\u0105 kompozycj\u0119 sk\u0142adnik\u00f3w ro\u015blinnych i antyoksydacyjnych. To Youth Balace Complex, kt\u00f3ry wspiera r\u00f3wnowag\u0119 sk\u00f3ry i pomaga jej wygl\u0105da\u0107 \u015bwie\u017co dzi\u015b i w przysz\u0142o\u015bci. Tworz\u0105 go:<\/p>\n<ul>\n<li>olejek eteryczny<strong> Blue Tansy<\/strong>,<\/li>\n<li><strong>5%<\/strong> witaminy <strong>C<\/strong>,<\/li>\n<li>olejek eteryczny <strong>kadzid\u0142owy<\/strong>,<\/li>\n<li>macerat z <strong>opuncji<\/strong>,<\/li>\n<li>macerat <strong>z zielonej kawy<\/strong>,<\/li>\n<li>witamina <strong>E<\/strong>.<\/li>\n<\/ul>\n<h2><strong>Czy serum Blue Tansy z witamin\u0105 C to co\u015b dla Ciebie?<\/strong><\/h2>\n<p>Z pewno\u015bci\u0105 tak, je\u015bli:<\/p>\n<ul>\n<li>czujesz, \u017ce Twoja sk\u00f3ra potrzebuje odzyska\u0107 <strong>zdrowy blask<\/strong>,<\/li>\n<li>Twoja sk\u00f3ra jest szara, zm\u0119czona i ma nier\u00f3wny koloryt,<\/li>\n<li>szukasz naprawd\u0119 skutecznej piel\u0119gnacji w duchu <em><strong>skinimalizmu<\/strong><\/em>,<\/li>\n<li>chcesz, \u017ceby Twoja sk\u00f3ra wygl\u0105da\u0142a <strong>\u015bwie\u017co i promiennie<\/strong>, nawet bez makija\u017cu,<\/li>\n<li>nak\u0142adasz makija\u017c i szukasz kosmetyku, kt\u00f3ry szybko si\u0119 wch\u0142onie i b\u0119dzie wsp\u00f3\u0142gra\u0142 z podk\u0142adem,<\/li>\n<li>lubisz lekkie konsystencje, kt\u00f3re nie obci\u0105\u017caj\u0105 sk\u00f3ry,<\/li>\n<li>chcesz mie\u0107 w kosmetyczce jedno, ale najlepsze serum do twarzy zamiast wielu \u201cprzeci\u0119tniak\u00f3w\u201d,<\/li>\n<li>marzysz o efekcie <strong><em>glass skin<\/em><\/strong>.<\/li>\n<\/ul>\n<h3><strong>Serum z witamin\u0105 C \u2013 wyniki bada\u0144 m\u00f3wi\u0105 same za siebie<\/strong><\/h3>\n<p>Serum roz\u015bwietlaj\u0105ce do twarzy Blue Tansy zosta\u0142o przetestowane w badaniach pod kontrol\u0105 dermatologiczn\u0105.<\/p>\n<p><strong>100% kobiet* zauwa\u017cy\u0142o<\/strong>, \u017ce serum:<\/p>\n<ul>\n<li>zapewnia uczucie nawil\u017cenia i od\u017cywienia,<\/li>\n<li>widocznie poprawia kondycj\u0119 sk\u00f3ry,<\/li>\n<li>natychmiastowo pozostawia sk\u00f3r\u0119 widocznie g\u0142adsz\u0105 i bardziej promienn\u0105,<\/li>\n<li>sprawia, \u017ce cera wygl\u0105da na wypocz\u0119t\u0105,<\/li>\n<li>pozostawia natychmiastowy efekt roz\u015bwietlenia,<\/li>\n<li>zapewnia widoczne dzia\u0142anie rewitalizuj\u0105ce,<\/li>\n<li>ma odpowiedni\u0105 konsystencj\u0119, wydajno\u015b\u0107 i dobrze si\u0119 rozprowadza.<\/li>\n<\/ul>\n<p>*W badaniu wzi\u0119\u0142o udzia\u0142 10 os\u00f3b, kt\u00f3re przez 7 dni codziennie testowa\u0142y serum.<\/p>\n<p><strong>Serum Blue Tansy od Klaudyny Hebdy<\/strong><\/p>\n<blockquote><p>Sama lubi\u0119 kosmetyki z prostymi i dobrymi sk\u0142adami, wi\u0119c doskonale rozumiem, dlaczego moje Klientki w\u0142a\u015bnie o takie pytaj\u0105. Z serum Blue Tansy jestem naprawd\u0119 dumna. \u015awietnie dzia\u0142a na sk\u00f3r\u0119, a to dzi\u0119ki a\u017c sze\u015bciu sk\u0142adnikom aktywnym, a do tego jest bardzo przyjemny w u\u017cyciu.<br \/>\nKlaudyna Hebda<\/p><\/blockquote>\n<p>Sprawd\u017a te\u017c: r<a href=\"https:\/\/klaudynahebda.pl\/sklep\/roll-on-blue-tansy\/\">oll-on do masa\u017cu i piel\u0119gnacji Blue Tansy<\/a>.<\/p>\n<div><div class=\"row row-collapse align-middle\"  id=\"row-1394248916\">\n\n\t<div id=\"col-1911457381\" class=\"col small-10 large-12\"  >\n\t\t\t\t<div class=\"col-inner\"  >\n\t\t\t\n\t\t\t\n<h3 class=\"accordion_title\">Najcz\u0119\u015bciej zadawane pytania<\/h3><div class=\"accordion\" rel=\"1\">\n<div class=\"accordion-item\"><a href=\"#\" class=\"accordion-title plain\"><button class=\"toggle\"><i class=\"icon-angle-down\"><\/i><\/button><span>Czy serum z witamin\u0105 C nadaje si\u0119 do sk\u00f3ry wra\u017cliwej?<\/span><\/a><div class=\"accordion-inner\">\nTak. Formu\u0142a jest lekka, \u0142agodna i oparta na sk\u0142adnikach wspieraj\u0105cych r\u00f3wnowag\u0119 sk\u00f3ry. Witamina C wyst\u0119puje w stabilnej formie i st\u0119\u017ceniu odpowiednim dla sk\u00f3ry delikatnej.<br \/>\n<\/div><\/div> <div class=\"accordion-item\"><a href=\"#\" class=\"accordion-title plain\"><button class=\"toggle\"><i class=\"icon-angle-down\"><\/i><\/button><span>Co to jest olejek Blue Tansy?<\/span><\/a><div class=\"accordion-inner\">\nBlue Tansy to olejek eteryczny z wrotyczu maroka\u0144skiego. Ma charakterystyczny kolor i wspaniale si\u0119 sprawdza do piel\u0119gnacji sk\u00f3ry wra\u017cliwej. Wi\u0119cej o nim i jego w\u0142a\u015bciwo\u015bciach przeczytasz na naszym blogu.<br \/>\n<\/div><\/div> <div class=\"accordion-item\"><a href=\"#\" class=\"accordion-title plain\"><button class=\"toggle\"><i class=\"icon-angle-down\"><\/i><\/button><span>Czy 5% witaminy C to du\u017co czy ma\u0142o?<\/span><\/a><div class=\"accordion-inner\">\nTo \u015brednie, bezpieczne st\u0119\u017cenie, idealne dla os\u00f3b, kt\u00f3re chc\u0105 widocznych efekt\u00f3w roz\u015bwietlenia bez ryzyka podra\u017cnienia.<br \/>\n<\/div><\/div> <div class=\"accordion-item\"><a href=\"#\" class=\"accordion-title plain\"><button class=\"toggle\"><i class=\"icon-angle-down\"><\/i><\/button><span>Czy tego serum do twarzy mog\u0119 u\u017cywa\u0107 latem?<\/span><\/a><div class=\"accordion-inner\">\nTak. Na dzie\u0144 zalecamy stosowa\u0107 krem SPF, jak przy ka\u017cdej piel\u0119gnacji zawieraj\u0105cej witamin\u0119 C.<br \/>\n<\/div><\/div> <div class=\"accordion-item\"><a href=\"#\" class=\"accordion-title plain\"><button class=\"toggle\"><i class=\"icon-angle-down\"><\/i><\/button><span>Czy Blue Tansy barwi sk\u00f3r\u0119?<\/span><\/a><div class=\"accordion-inner\">\nNie. Niebieski kolor pochodzi z naturalnego sk\u0142adnika olejku eterycznego Blue Tansy \u2013 chamazulenu, kt\u00f3ry po aplikacji szybko si\u0119 wch\u0142ania. Serum nie barwi sk\u00f3ry ani ubra\u0144.<br \/>\n<\/div><\/div> <div class=\"accordion-item\"><a href=\"#\" class=\"accordion-title plain\"><button class=\"toggle\"><i class=\"icon-angle-down\"><\/i><\/button><span>Czy serum z witamin\u0105 C mo\u017cna stosowa\u0107 pod makija\u017c?<\/span><\/a><div class=\"accordion-inner\">\nTak. Formu\u0142a zosta\u0142a zaprojektowana tak, aby szybko si\u0119 wch\u0142ania\u0142a i tworzy\u0142a satynow\u0105 baz\u0119 pod makija\u017c.<br \/>\n<\/div><\/div> <div class=\"accordion-item\"><a href=\"#\" class=\"accordion-title plain\"><button class=\"toggle\"><i class=\"icon-angle-down\"><\/i><\/button><span>Czym r\u00f3\u017cni si\u0119 serum Blue Tansy od roll-onu Blue Tansy?<\/span><\/a><div class=\"accordion-inner\">\nZar\u00f3wno serum, jak i roll-on zawieraj\u0105 olejek eteryczny Blue Tansy. Serum dodatkowo jest wzbogacone witamin\u0105 C i jest przeznaczone do piel\u0119gnacji ca\u0142ej twarzy. Roll-on to kosmetyk, kt\u00f3ry pomo\u017ce od\u015bwie\u017cy\u0107 i roz\u015bwietli\u0107 twarz w ci\u0105gu dnia. Mo\u017ce by\u0107 stosowany punktowo, w miejscach, kt\u00f3re najbardziej tego potrzebuj\u0105.<br \/>\n<\/div><\/div>\n<\/div>\n\t<div id=\"gap-267672983\" class=\"gap-element clearfix\" style=\"display:block; height:auto;\">\n\t\t\n<style>\n#gap-267672983 {\n  padding-top: 20px;\n}\n<\/style>\n\t<\/div>\n\t\n\t\t<\/div>\n\t\t\t\t\t<\/div>\n\n\t\n\n<style>\n#row-1394248916 > .col > .col-inner {\n  padding: 35px 0px 20px 0px;\n}\n<\/style>\n<\/div><\/div>\n","protected":false},"excerpt":{"rendered":"<h2><strong>Serum Blue Tansy z witamin\u0105 C to:<\/strong><\/h2>\n<ul>\n<li>spos\u00f3b na g\u0142adk\u0105 sk\u00f3r\u0119 pe\u0142n\u0105 <strong>blasku i \u015bwie\u017co\u015bci<\/strong><\/li>\n<li>lekka formu\u0142a m.in. <strong>dla cery zm\u0119czonej oraz wra\u017cliwej<\/strong>, kt\u00f3ra szybko si\u0119 wch\u0142ania i wsp\u00f3\u0142gra z makija\u017cem<\/li>\n<li>efekt <strong>roz\u015bwietlonej sk\u00f3ry<\/strong> w r\u00f3wnowadze ju\u017c po pierwszej aplikacji<\/li>\n<li>kosmetyk zawieraj\u0105cy <strong>olejek eteryczny z wrotyczu maroka\u0144skiego<\/strong> (Blue Tansy), kt\u00f3ry przywraca sk\u00f3rze zdrow\u0105 r\u00f3wnowag\u0119<\/li>\n<\/ul>\n<p>Chcesz, \u017ceby Twoja sk\u00f3ra wygl\u0105da\u0142a dobrze o ka\u017cdej porze? <em><strong>Youth Balance Complex<\/strong><\/em> to nasz spos\u00f3b na nawil\u017con\u0105, promienn\u0105 i g\u0142adk\u0105 sk\u00f3r\u0119 i efekt <em>glass skin<\/em>. Poznaj synergi\u0119 6 sk\u0142adnik\u00f3w aktywnych, kt\u00f3re zdejm\u0105 z Twojej sk\u00f3ry oznaki zm\u0119czenia.<\/p>\n","protected":false},"featured_media":3505407,"comment_status":"open","ping_status":"closed","template":"","meta":[],"product_cat":[250,252,253,47,117,210],"product_tag":[],"acf":[],"yoast_head":"<!-- This site is optimized with the Yoast SEO plugin v19.6.1 - https:\/\/yoast.com\/wordpress\/plugins\/seo\/ -->\n<title>Serum z witamin\u0105 C i olejkiem Blue Tansy\u00a0 - Klaudyna Hebda Nature<\/title>\n<meta name=\"description\" content=\"Serum Blue Tansy z witamin\u0105 C to sprawdzony spos\u00f3b na promienn\u0105, g\u0142adk\u0105 i nawil\u017con\u0105 sk\u00f3r\u0119. Czas na wyj\u015bcie z cienia i nowy pocz\u0105tek. Wr\u00f3\u0107 do naturalnej r\u00f3wnowagi.\" \/>\n<meta name=\"robots\" content=\"index, follow, max-snippet:-1, max-image-preview:large, max-video-preview:-1\" \/>\n<link rel=\"canonical\" href=\"https:\/\/klaudynahebda.pl\/sklep\/serum-blue-tansy\/\" \/>\n<meta property=\"og:locale\" content=\"pl_PL\" \/>\n<meta property=\"og:type\" content=\"article\" \/>\n<meta property=\"og:title\" content=\"Serum z witamin\u0105 C i olejkiem Blue Tansy\u00a0 - Klaudyna Hebda Nature\" \/>\n<meta property=\"og:description\" content=\"Serum Blue Tansy z witamin\u0105 C to sprawdzony spos\u00f3b na promienn\u0105, g\u0142adk\u0105 i nawil\u017con\u0105 sk\u00f3r\u0119. Czas na wyj\u015bcie z cienia i nowy pocz\u0105tek. Wr\u00f3\u0107 do naturalnej r\u00f3wnowagi.\" \/>\n<meta property=\"og:url\" content=\"https:\/\/klaudynahebda.pl\/sklep\/serum-blue-tansy\/\" \/>\n<meta property=\"og:site_name\" content=\"Klaudyna Hebda Nature\" \/>\n<meta property=\"article:modified_time\" content=\"2026-05-12T22:10:33+00:00\" \/>\n<meta property=\"og:image\" content=\"https:\/\/klaudynahebda.pl\/sklep\/wp-content\/uploads\/2025\/09\/Serum-Blue-Tansy.png\" \/>\n\t<meta property=\"og:image:width\" content=\"844\" \/>\n\t<meta property=\"og:image:height\" content=\"1152\" \/>\n\t<meta property=\"og:image:type\" content=\"image\/png\" \/>\n<meta name=\"twitter:card\" content=\"summary_large_image\" \/>\n<meta name=\"twitter:label1\" content=\"Szacowany czas czytania\" \/>\n\t<meta name=\"twitter:data1\" content=\"4 minuty\" \/>\n<script type=\"application\/ld+json\" class=\"yoast-schema-graph\">{\"@context\":\"https:\/\/schema.org\",\"@graph\":[{\"@type\":\"WebPage\",\"@id\":\"https:\/\/klaudynahebda.pl\/sklep\/serum-blue-tansy\/\",\"url\":\"https:\/\/klaudynahebda.pl\/sklep\/serum-blue-tansy\/\",\"name\":\"Serum z witamin\u0105 C i olejkiem Blue Tansy\u00a0 - Klaudyna Hebda Nature\",\"isPartOf\":{\"@id\":\"https:\/\/klaudynahebda.pl\/sklep\/#website\"},\"datePublished\":\"2026-05-04T14:39:33+00:00\",\"dateModified\":\"2026-05-12T22:10:33+00:00\",\"description\":\"Serum Blue Tansy z witamin\u0105 C to sprawdzony spos\u00f3b na promienn\u0105, g\u0142adk\u0105 i nawil\u017con\u0105 sk\u00f3r\u0119. Czas na wyj\u015bcie z cienia i nowy pocz\u0105tek. Wr\u00f3\u0107 do naturalnej r\u00f3wnowagi.\",\"breadcrumb\":{\"@id\":\"https:\/\/klaudynahebda.pl\/sklep\/serum-blue-tansy\/#breadcrumb\"},\"inLanguage\":\"pl-PL\",\"potentialAction\":[{\"@type\":\"ReadAction\",\"target\":[\"https:\/\/klaudynahebda.pl\/sklep\/serum-blue-tansy\/\"]}]},{\"@type\":\"BreadcrumbList\",\"@id\":\"https:\/\/klaudynahebda.pl\/sklep\/serum-blue-tansy\/#breadcrumb\",\"itemListElement\":[{\"@type\":\"ListItem\",\"position\":1,\"name\":\"Strona g\u0142\u00f3wna\",\"item\":\"https:\/\/klaudynahebda.pl\/sklep\/\"},{\"@type\":\"ListItem\",\"position\":2,\"name\":\"Sklep\",\"item\":\"https:\/\/klaudynahebda.pl\/sklep\/sklep\/\"},{\"@type\":\"ListItem\",\"position\":3,\"name\":\"Kosmetyki naturalne\",\"item\":\"https:\/\/klaudynahebda.pl\/sklep\/kosmetyki-naturalne\/\"},{\"@type\":\"ListItem\",\"position\":4,\"name\":\"Serum z witamin\u0105 C i olejkiem Blue Tansy\u00a0\"}]},{\"@type\":\"WebSite\",\"@id\":\"https:\/\/klaudynahebda.pl\/sklep\/#website\",\"url\":\"https:\/\/klaudynahebda.pl\/sklep\/\",\"name\":\"Klaudyna Hebda Nature\",\"description\":\"Sklep\",\"publisher\":{\"@id\":\"https:\/\/klaudynahebda.pl\/sklep\/#organization\"},\"potentialAction\":[{\"@type\":\"SearchAction\",\"target\":{\"@type\":\"EntryPoint\",\"urlTemplate\":\"https:\/\/klaudynahebda.pl\/sklep\/?s={search_term_string}\"},\"query-input\":\"required name=search_term_string\"}],\"inLanguage\":\"pl-PL\"},{\"@type\":\"Organization\",\"@id\":\"https:\/\/klaudynahebda.pl\/sklep\/#organization\",\"name\":\"KlaudynaHebda\",\"url\":\"https:\/\/klaudynahebda.pl\/sklep\/\",\"sameAs\":[],\"logo\":{\"@type\":\"ImageObject\",\"inLanguage\":\"pl-PL\",\"@id\":\"https:\/\/klaudynahebda.pl\/sklep\/#\/schema\/logo\/image\/\",\"url\":\"\",\"contentUrl\":\"\",\"caption\":\"KlaudynaHebda\"},\"image\":{\"@id\":\"https:\/\/klaudynahebda.pl\/sklep\/#\/schema\/logo\/image\/\"}}]}<\/script>\n<!-- \/ Yoast SEO plugin. -->","yoast_head_json":{"title":"Serum z witamin\u0105 C i olejkiem Blue Tansy\u00a0 - Klaudyna Hebda Nature","description":"Serum Blue Tansy z witamin\u0105 C to sprawdzony spos\u00f3b na promienn\u0105, g\u0142adk\u0105 i nawil\u017con\u0105 sk\u00f3r\u0119. Czas na wyj\u015bcie z cienia i nowy pocz\u0105tek. Wr\u00f3\u0107 do naturalnej r\u00f3wnowagi.","robots":{"index":"index","follow":"follow","max-snippet":"max-snippet:-1","max-image-preview":"max-image-preview:large","max-video-preview":"max-video-preview:-1"},"canonical":"https:\/\/klaudynahebda.pl\/sklep\/serum-blue-tansy\/","og_locale":"pl_PL","og_type":"article","og_title":"Serum z witamin\u0105 C i olejkiem Blue Tansy\u00a0 - Klaudyna Hebda Nature","og_description":"Serum Blue Tansy z witamin\u0105 C to sprawdzony spos\u00f3b na promienn\u0105, g\u0142adk\u0105 i nawil\u017con\u0105 sk\u00f3r\u0119. Czas na wyj\u015bcie z cienia i nowy pocz\u0105tek. Wr\u00f3\u0107 do naturalnej r\u00f3wnowagi.","og_url":"https:\/\/klaudynahebda.pl\/sklep\/serum-blue-tansy\/","og_site_name":"Klaudyna Hebda Nature","article_modified_time":"2026-05-12T22:10:33+00:00","og_image":[{"width":844,"height":1152,"url":"https:\/\/klaudynahebda.pl\/sklep\/wp-content\/uploads\/2025\/09\/Serum-Blue-Tansy.png","type":"image\/png"}],"twitter_card":"summary_large_image","twitter_misc":{"Szacowany czas czytania":"4 minuty"},"schema":{"@context":"https:\/\/schema.org","@graph":[{"@type":"WebPage","@id":"https:\/\/klaudynahebda.pl\/sklep\/serum-blue-tansy\/","url":"https:\/\/klaudynahebda.pl\/sklep\/serum-blue-tansy\/","name":"Serum z witamin\u0105 C i olejkiem Blue Tansy\u00a0 - Klaudyna Hebda Nature","isPartOf":{"@id":"https:\/\/klaudynahebda.pl\/sklep\/#website"},"datePublished":"2026-05-04T14:39:33+00:00","dateModified":"2026-05-12T22:10:33+00:00","description":"Serum Blue Tansy z witamin\u0105 C to sprawdzony spos\u00f3b na promienn\u0105, g\u0142adk\u0105 i nawil\u017con\u0105 sk\u00f3r\u0119. Czas na wyj\u015bcie z cienia i nowy pocz\u0105tek. Wr\u00f3\u0107 do naturalnej r\u00f3wnowagi.","breadcrumb":{"@id":"https:\/\/klaudynahebda.pl\/sklep\/serum-blue-tansy\/#breadcrumb"},"inLanguage":"pl-PL","potentialAction":[{"@type":"ReadAction","target":["https:\/\/klaudynahebda.pl\/sklep\/serum-blue-tansy\/"]}]},{"@type":"BreadcrumbList","@id":"https:\/\/klaudynahebda.pl\/sklep\/serum-blue-tansy\/#breadcrumb","itemListElement":[{"@type":"ListItem","position":1,"name":"Strona g\u0142\u00f3wna","item":"https:\/\/klaudynahebda.pl\/sklep\/"},{"@type":"ListItem","position":2,"name":"Sklep","item":"https:\/\/klaudynahebda.pl\/sklep\/sklep\/"},{"@type":"ListItem","position":3,"name":"Kosmetyki naturalne","item":"https:\/\/klaudynahebda.pl\/sklep\/kosmetyki-naturalne\/"},{"@type":"ListItem","position":4,"name":"Serum z witamin\u0105 C i olejkiem Blue Tansy\u00a0"}]},{"@type":"WebSite","@id":"https:\/\/klaudynahebda.pl\/sklep\/#website","url":"https:\/\/klaudynahebda.pl\/sklep\/","name":"Klaudyna Hebda Nature","description":"Sklep","publisher":{"@id":"https:\/\/klaudynahebda.pl\/sklep\/#organization"},"potentialAction":[{"@type":"SearchAction","target":{"@type":"EntryPoint","urlTemplate":"https:\/\/klaudynahebda.pl\/sklep\/?s={search_term_string}"},"query-input":"required name=search_term_string"}],"inLanguage":"pl-PL"},{"@type":"Organization","@id":"https:\/\/klaudynahebda.pl\/sklep\/#organization","name":"KlaudynaHebda","url":"https:\/\/klaudynahebda.pl\/sklep\/","sameAs":[],"logo":{"@type":"ImageObject","inLanguage":"pl-PL","@id":"https:\/\/klaudynahebda.pl\/sklep\/#\/schema\/logo\/image\/","url":"","contentUrl":"","caption":"KlaudynaHebda"},"image":{"@id":"https:\/\/klaudynahebda.pl\/sklep\/#\/schema\/logo\/image\/"}}]}},"_links":{"self":[{"href":"https:\/\/klaudynahebda.pl\/sklep\/wp-json\/wp\/v2\/product\/3402637"}],"collection":[{"href":"https:\/\/klaudynahebda.pl\/sklep\/wp-json\/wp\/v2\/product"}],"about":[{"href":"https:\/\/klaudynahebda.pl\/sklep\/wp-json\/wp\/v2\/types\/product"}],"replies":[{"embeddable":true,"href":"https:\/\/klaudynahebda.pl\/sklep\/wp-json\/wp\/v2\/comments?post=3402637"}],"wp:featuredmedia":[{"embeddable":true,"href":"https:\/\/klaudynahebda.pl\/sklep\/wp-json\/wp\/v2\/media\/3505407"}],"wp:attachment":[{"href":"https:\/\/klaudynahebda.pl\/sklep\/wp-json\/wp\/v2\/media?parent=3402637"}],"wp:term":[{"taxonomy":"product_cat","embeddable":true,"href":"https:\/\/klaudynahebda.pl\/sklep\/wp-json\/wp\/v2\/product_cat?post=3402637"},{"taxonomy":"product_tag","embeddable":true,"href":"https:\/\/klaudynahebda.pl\/sklep\/wp-json\/wp\/v2\/product_tag?post=3402637"}],"curies":[{"name":"wp","href":"https:\/\/api.w.org\/{rel}","templated":true}]}}