{"id":3402626,"date":"2026-03-17T07:24:19","date_gmt":"2026-03-17T06:24:19","guid":{"rendered":"https:\/\/klaudynahebda.pl\/sklep\/?post_type=product&#038;p=3402626"},"modified":"2026-04-18T13:28:47","modified_gmt":"2026-04-18T11:28:47","slug":"cherry-paradox-olejek-pod-prysznic","status":"publish","type":"product","link":"https:\/\/klaudynahebda.pl\/sklep\/cherry-paradox-olejek-pod-prysznic\/","title":{"rendered":"Olejek pod prysznic Cherry Paradox"},"content":{"rendered":"<h2><strong>Poczuj zapach wi\u015bni z charakterem&#8230;<\/strong><\/h2>\n<p>Nie ka\u017cda relacja z zapachem musi si\u0119 zaczyna\u0107 od zdecydowanej deklaracji. Poznaj\u00a0intruguj\u0105c\u0105\u00a0Cherry\u00a0Paradox\u00a0w delikatniejszej, intymnej ods\u0142onie. Zostaw pachn\u0105cy \u015blad na Twojej\u00a0sk\u00f3rze,w\u00a0czasie porannego lub wieczornego prysznica.<\/p>\n<p>Ten moment z zapachem mo\u017ce by\u0107 kr\u00f3tk\u0105 chwil\u0105 zachwytu, przyp\u0142ywu pi\u0119knych wspomnie\u0144 i troski o sk\u00f3r\u0119, kt\u00f3ra zaczyna si\u0119 pod prysznicem. ALE mo\u017ce by\u0107 te\u017c pocz\u0105tkiem d\u0142u\u017cszej \u201cwi\u015bniowej\u201d historii&#8230;<\/p>\n<h2><strong>Olejek pod prysznic Cherry Paradox \u2013 g\u0142\u0119boka regeneracja nask\u00f3rka i zmys\u0142owe ukojenie\u00a0<\/strong><\/h2>\n<p>Prysznic mo\u017ce by\u0107 czym\u015b wi\u0119cej ni\u017c rutyn\u0105. Mo\u017ce by\u0107 chwil\u0105, w kt\u00f3rej sk\u00f3ra odzyskuje mi\u0119kko\u015b\u0107, a zapach otula zmys\u0142y.<\/p>\n<p>Dlatego stworzyli\u015bmy formu\u0142\u0119, kt\u00f3ra myje delikatnie i jednocze\u015bnie piel\u0119gnuje. Olejek nie zawiera SLS. Zamiast tego wybrali\u015bmy \u0142agodne \u015brodki myj\u0105ce, a o Twoj\u0105 sk\u00f3r\u0119 zadba m.in.:<\/p>\n<ul>\n<li><strong>olej rycynowy<\/strong> &#8211; dzia\u0142a ochronnie i zmi\u0119kcza sk\u00f3r\u0119<\/li>\n<li><strong>olej migda\u0142owy<\/strong> &#8211; delikatnie nat\u0142uszcza i wyg\u0142adza sk\u00f3r\u0119<\/li>\n<li><strong>witamina E<\/strong> &#8211;\u00a0 antyoksydant, kt\u00f3ry wspiera naturaln\u0105 barier\u0119 ochronn\u0105 sk\u00f3ry<\/li>\n<\/ul>\n<h3><strong>Czy ten olejek jest dla Ciebie?<\/strong><\/h3>\n<p>Tak, je\u015bli tylko chcesz:<\/p>\n<ul>\n<li>otuli\u0107 si\u0119 zapachem wi\u015bni, migda\u0142\u00f3w i r\u00f3\u017cowego pieprzu,<\/li>\n<li>zadba\u0107 o sk\u00f3r\u0119, kt\u00f3ra potrzebuje oczyszczenia, nawil\u017cenia i g\u0142adko\u015bci,<\/li>\n<li>poczu\u0107 dzia\u0142anie oleju rycynowego, oleju migda\u0142owego i witaminy E, kt\u00f3re piel\u0119gnuj\u0105 Twoj\u0105 sk\u00f3r\u0119,<\/li>\n<li>da\u0107 sobie kilka minut luksusu ka\u017cdego, nawet najbardziej zabieganego, dnia.<\/li>\n<\/ul>\n<h3><strong>Olejek do mycia Cherry Paradox od Klaudyny Hebdy<\/strong><\/h3>\n<blockquote><p>Cherry Paradox to po\u0142\u0105czenie subtelniejszej wersji zapachowej perfum i delikatnej piel\u0119gnacji. U\u017cywasz, poznajesz si\u0119 z zapachem, kt\u00f3ry pracuje z Twoim cia\u0142em i pH Twojej sk\u00f3ry, a Twoja sk\u00f3ra jest tak szcz\u0119\u015bliwa, \u017ce nie\u201cprosi\u201d nawet o balsam\ud83d\ude09. A gdy ju\u017c si\u0119 zakochasz w olejku pod prysznic Cherry&#8230; mo\u017ce wr\u00f3cisz po flakonik prawdziwych perfum, by u\u017cywa\u0107 ich zamiennie lub budowa\u0107 zapach warstwowo.<\/p>\n<p>Klaudyna Hebda<\/p><\/blockquote>\n<div class=\"row row-collapse align-middle\"  id=\"row-81990253\">\n\n\t<div id=\"col-320994924\" class=\"col small-10 large-12\"  >\n\t\t\t\t<div class=\"col-inner\"  >\n\t\t\t\n\t\t\t <h3 class=\"accordion_title\">Najcz\u0119\u015bciej zadawane pytania<\/h3><div class=\"accordion\" rel=\"1\"><\/div>\n<div class=\"accordion-item\"><a href=\"#\" class=\"accordion-title plain\"><button class=\"toggle\"><i class=\"icon-angle-down\"><\/i><\/button><span>Dlaczego olejek pieni si\u0119 mniej ni\u017c zwyk\u0142y \u017cel?<\/span><\/a><div class=\"accordion-inner\">\nFormu\u0142a olejku oparta jest na olejach ro\u015blinnych i \u0142agodnych substancjach myj\u0105cych, dlatego piana jest bardzo delikatna, a sk\u00f3ra po myciu nie jest \u015bci\u0105gni\u0119ta.<br \/>\n<\/div><\/div>\n<div class=\"accordion-item\"><a href=\"#\" class=\"accordion-title plain\"><button class=\"toggle\"><i class=\"icon-angle-down\"><\/i><\/button><span>Czy olejek pod prysznic zostawia t\u0142ust\u0105 warstw\u0119 na sk\u00f3rze?<\/span><\/a><div class=\"accordion-inner\">\nNie. Podczas mycia olejek zmienia si\u0119 w lekk\u0105 emulsj\u0119, kt\u00f3ra sp\u0142ukuje si\u0119 wod\u0105. Sk\u00f3ra po k\u0105pieli jest mi\u0119kka i g\u0142adka, ale nie lepka ani t\u0142usta.<br \/>\n<\/div><\/div>\n<div class=\"accordion-item\"><a href=\"#\" class=\"accordion-title plain\"><button class=\"toggle\"><i class=\"icon-angle-down\"><\/i><\/button><span>Czy mog\u0119 po\u0142\u0105czy\u0107 olejek do mycia z innymi produktami z serii?<\/span><\/a><div class=\"accordion-inner\">\nTak. Produkty z <strong><a href=\"https:\/\/klaudynahebda.pl\/sklep\/linia-paradox\/?orderby=menu_order\">serii PARADOX by K. HEBDA\u00ae<\/a><\/strong> zosta\u0142y zaprojektowane tak, aby mo\u017cna by\u0142o stworzy\u0107 w\u0142asny rytua\u0142 zapachowo-piel\u0119gnacyjny. Olejek pod prysznic delikatnie oczyszcza i przygotowuje sk\u00f3r\u0119, suchy olejek do cia\u0142a przed\u0142u\u017ca komfort i mi\u0119kko\u015b\u0107 sk\u00f3ry, a perfumy domykaj\u0105 ca\u0142o\u015b\u0107 zapachem. Stosowane razem pozwalaj\u0105 budowa\u0107 zapach warstwowo i sprawiaj\u0105, \u017ce utrzymuje si\u0119 on d\u0142u\u017cej, a codzienna piel\u0119gnacja staje si\u0119 \u015bwiadomym momentem dla siebie.<br \/>\n<\/div><\/div>\n<div class=\"accordion-item\"><a href=\"#\" class=\"accordion-title plain\"><button class=\"toggle\"><i class=\"icon-angle-down\"><\/i><\/button><span>Czy ten olejek zawiera SLS?<\/span><\/a><div class=\"accordion-inner\">\nNie, olejek nie zawiera SLS. Zamiast tego u\u017cyto delikatniejszych substancji myj\u0105cych.<br \/>\n<\/div><\/div>\n<div class=\"accordion-item\"><a href=\"#\" class=\"accordion-title plain\"><button class=\"toggle\"><i class=\"icon-angle-down\"><\/i><\/button><span>Do jakiego rodzaju sk\u00f3ry nadaje si\u0119 olejek do mycia?<\/span><\/a><div class=\"accordion-inner\">\nFormu\u0142a olejku jest oparta na olejach ro\u015blinnych i \u0142agodnych substancjach myj\u0105cych, dlatego olejek nadaje si\u0119 do ka\u017cdego rodzaju sk\u00f3ry.<br \/>\n<\/div><\/div>\n<div class=\"accordion-item\"><a href=\"#\" class=\"accordion-title plain\"><button class=\"toggle\"><i class=\"icon-angle-down\"><\/i><\/button><span>Czym r\u00f3\u017cni si\u0119 zapach perfum od zapachu olejku pod prysznic?<\/span><\/a><div class=\"accordion-inner\">\nOlejek pod prysznic jest delikatn\u0105 ods\u0142on\u0105 zapachu Paradox. U\u017cyto tych samych nut zapachowych, kt\u00f3re mo\u017cna wyczu\u0107 w perfumach, jednak intensywno\u015b\u0107 zapachu jest du\u017co mniejsza.<br \/>\n<\/div><\/div>\n<div class=\"accordion-item\"><a href=\"#\" class=\"accordion-title plain\"><button class=\"toggle\"><i class=\"icon-angle-down\"><\/i><\/button><span>Czy olejek mo\u017ce brudzi\u0107 r\u0119cznik i ubranie?<\/span><\/a><div class=\"accordion-inner\">\nOlejek ma intensywny kolor, jednak w trakcie k\u0105pieli jest sp\u0142ukiwany i nie brudzi r\u0119cznik\u00f3w ani ubra\u0144.<br \/>\n<\/div><\/div>\n\t<div id=\"gap-619338884\" class=\"gap-element clearfix\" style=\"display:block; height:auto;\">\n\t\t\n<style>\n#gap-619338884 {\n  padding-top: 20px;\n}\n<\/style>\n\t<\/div>\n\t\n\t\t<\/div>\n\t\t\t\t\t<\/div>\n\n\t\n\n<style>\n#row-81990253 > .col > .col-inner {\n  padding: 35px 0px 20px 0px;\n}\n<\/style>\n<\/div>\n","protected":false},"excerpt":{"rendered":"<h2><strong>Zmys\u0142owy olejek pod prysznic Cherry Paradox to:\u00a0<\/strong><\/h2>\n<ul>\n<li>subtelna ods\u0142ona zapachu Cherry Paradox, kt\u00f3ra mo\u017ce by\u0107 Twoim pierwszym krokiem w \u015bwiecie zapach\u00f3w z charakterem<\/li>\n<li>olejek, kt\u00f3ry delikatnie piel\u0119gnuje Twoj\u0105 sk\u00f3r\u0119 i zostawia j\u0105 mi\u0119kk\u0105 w dotyku<\/li>\n<li>zaskakuj\u0105ca formu\u0142a \u201eoil to milk\u201d: olejek zamienia si\u0119 w komfortow\u0105, otulaj\u0105c\u0105 emulsj\u0119<\/li>\n<li>mycie + piel\u0119gnacja w jednym kroku dla ka\u017cdego typu sk\u00f3ry<\/li>\n<\/ul>\n<p>Poczuj g\u0142adk\u0105, oczyszczon\u0105 i nawil\u017con\u0105 sk\u00f3r\u0119 po prysznicu. Poczuj intryguj\u0105cy zapach wi\u015bni, gorzkiego migda\u0142a i r\u00f3\u017cowego pieprzu. Poczuj Paradox by K. Hebda\u00ae.<\/p>\n<p>W sam raz na sensualny rytua\u0142 dla Ciebie, Twojej sk\u00f3ry i zmys\u0142\u00f3w.<\/p>\n<p>Testowany dermatologicznie. Wyprodukowany w Polsce. \u2764\ufe0f<\/p>\n","protected":false},"featured_media":3472244,"comment_status":"open","ping_status":"closed","template":"","meta":[],"product_cat":[252,242,243,47,117],"product_tag":[],"acf":[],"yoast_head":"<!-- This site is optimized with the Yoast SEO plugin v19.6.1 - https:\/\/yoast.com\/wordpress\/plugins\/seo\/ -->\n<title>Olejek pod prysznic Cherry Paradox - Klaudyna Hebda Nature<\/title>\n<meta name=\"description\" content=\"Olejek pod prysznic Cherry Paradox \u2013 delikatny olejek myj\u0105cy, kt\u00f3ry dba o Twoj\u0105 sk\u00f3r\u0119 i zostawia na niej subtelny zapach wi\u015bni po\u0142\u0105czonych z migda\u0142em i r\u00f3\u017cowym pieprzem.\" \/>\n<meta name=\"robots\" content=\"index, follow, max-snippet:-1, max-image-preview:large, max-video-preview:-1\" \/>\n<link rel=\"canonical\" href=\"https:\/\/klaudynahebda.pl\/sklep\/cherry-paradox-olejek-pod-prysznic\/\" \/>\n<meta property=\"og:locale\" content=\"pl_PL\" \/>\n<meta property=\"og:type\" content=\"article\" \/>\n<meta property=\"og:title\" content=\"Olejek pod prysznic Cherry Paradox - Klaudyna Hebda Nature\" \/>\n<meta property=\"og:description\" content=\"Olejek pod prysznic Cherry Paradox \u2013 delikatny olejek myj\u0105cy, kt\u00f3ry dba o Twoj\u0105 sk\u00f3r\u0119 i zostawia na niej subtelny zapach wi\u015bni po\u0142\u0105czonych z migda\u0142em i r\u00f3\u017cowym pieprzem.\" \/>\n<meta property=\"og:url\" content=\"https:\/\/klaudynahebda.pl\/sklep\/cherry-paradox-olejek-pod-prysznic\/\" \/>\n<meta property=\"og:site_name\" content=\"Klaudyna Hebda Nature\" \/>\n<meta property=\"article:modified_time\" content=\"2026-04-18T11:28:47+00:00\" \/>\n<meta property=\"og:image\" content=\"https:\/\/klaudynahebda.pl\/sklep\/wp-content\/uploads\/2025\/11\/otulajacy-olejek-pod-prysznic-cherry-paradox-oli-to-milk.png\" \/>\n\t<meta property=\"og:image:width\" content=\"1759\" \/>\n\t<meta property=\"og:image:height\" content=\"2400\" \/>\n\t<meta property=\"og:image:type\" content=\"image\/png\" \/>\n<meta name=\"twitter:card\" content=\"summary_large_image\" \/>\n<meta name=\"twitter:label1\" content=\"Szacowany czas czytania\" \/>\n\t<meta name=\"twitter:data1\" content=\"4 minuty\" \/>\n<script type=\"application\/ld+json\" class=\"yoast-schema-graph\">{\"@context\":\"https:\/\/schema.org\",\"@graph\":[{\"@type\":\"WebPage\",\"@id\":\"https:\/\/klaudynahebda.pl\/sklep\/cherry-paradox-olejek-pod-prysznic\/\",\"url\":\"https:\/\/klaudynahebda.pl\/sklep\/cherry-paradox-olejek-pod-prysznic\/\",\"name\":\"Olejek pod prysznic Cherry Paradox - Klaudyna Hebda Nature\",\"isPartOf\":{\"@id\":\"https:\/\/klaudynahebda.pl\/sklep\/#website\"},\"datePublished\":\"2026-03-17T06:24:19+00:00\",\"dateModified\":\"2026-04-18T11:28:47+00:00\",\"description\":\"Olejek pod prysznic Cherry Paradox \u2013 delikatny olejek myj\u0105cy, kt\u00f3ry dba o Twoj\u0105 sk\u00f3r\u0119 i zostawia na niej subtelny zapach wi\u015bni po\u0142\u0105czonych z migda\u0142em i r\u00f3\u017cowym pieprzem.\",\"breadcrumb\":{\"@id\":\"https:\/\/klaudynahebda.pl\/sklep\/cherry-paradox-olejek-pod-prysznic\/#breadcrumb\"},\"inLanguage\":\"pl-PL\",\"potentialAction\":[{\"@type\":\"ReadAction\",\"target\":[\"https:\/\/klaudynahebda.pl\/sklep\/cherry-paradox-olejek-pod-prysznic\/\"]}]},{\"@type\":\"BreadcrumbList\",\"@id\":\"https:\/\/klaudynahebda.pl\/sklep\/cherry-paradox-olejek-pod-prysznic\/#breadcrumb\",\"itemListElement\":[{\"@type\":\"ListItem\",\"position\":1,\"name\":\"Strona g\u0142\u00f3wna\",\"item\":\"https:\/\/klaudynahebda.pl\/sklep\/\"},{\"@type\":\"ListItem\",\"position\":2,\"name\":\"Sklep\",\"item\":\"https:\/\/klaudynahebda.pl\/sklep\/sklep\/\"},{\"@type\":\"ListItem\",\"position\":3,\"name\":\"Linia Paradox\",\"item\":\"https:\/\/klaudynahebda.pl\/sklep\/linia-paradox\/\"},{\"@type\":\"ListItem\",\"position\":4,\"name\":\"Olejek pod prysznic Cherry Paradox\"}]},{\"@type\":\"WebSite\",\"@id\":\"https:\/\/klaudynahebda.pl\/sklep\/#website\",\"url\":\"https:\/\/klaudynahebda.pl\/sklep\/\",\"name\":\"Klaudyna Hebda Nature\",\"description\":\"Sklep\",\"publisher\":{\"@id\":\"https:\/\/klaudynahebda.pl\/sklep\/#organization\"},\"potentialAction\":[{\"@type\":\"SearchAction\",\"target\":{\"@type\":\"EntryPoint\",\"urlTemplate\":\"https:\/\/klaudynahebda.pl\/sklep\/?s={search_term_string}\"},\"query-input\":\"required name=search_term_string\"}],\"inLanguage\":\"pl-PL\"},{\"@type\":\"Organization\",\"@id\":\"https:\/\/klaudynahebda.pl\/sklep\/#organization\",\"name\":\"KlaudynaHebda\",\"url\":\"https:\/\/klaudynahebda.pl\/sklep\/\",\"sameAs\":[],\"logo\":{\"@type\":\"ImageObject\",\"inLanguage\":\"pl-PL\",\"@id\":\"https:\/\/klaudynahebda.pl\/sklep\/#\/schema\/logo\/image\/\",\"url\":\"\",\"contentUrl\":\"\",\"caption\":\"KlaudynaHebda\"},\"image\":{\"@id\":\"https:\/\/klaudynahebda.pl\/sklep\/#\/schema\/logo\/image\/\"}}]}<\/script>\n<!-- \/ Yoast SEO plugin. -->","yoast_head_json":{"title":"Olejek pod prysznic Cherry Paradox - Klaudyna Hebda Nature","description":"Olejek pod prysznic Cherry Paradox \u2013 delikatny olejek myj\u0105cy, kt\u00f3ry dba o Twoj\u0105 sk\u00f3r\u0119 i zostawia na niej subtelny zapach wi\u015bni po\u0142\u0105czonych z migda\u0142em i r\u00f3\u017cowym pieprzem.","robots":{"index":"index","follow":"follow","max-snippet":"max-snippet:-1","max-image-preview":"max-image-preview:large","max-video-preview":"max-video-preview:-1"},"canonical":"https:\/\/klaudynahebda.pl\/sklep\/cherry-paradox-olejek-pod-prysznic\/","og_locale":"pl_PL","og_type":"article","og_title":"Olejek pod prysznic Cherry Paradox - Klaudyna Hebda Nature","og_description":"Olejek pod prysznic Cherry Paradox \u2013 delikatny olejek myj\u0105cy, kt\u00f3ry dba o Twoj\u0105 sk\u00f3r\u0119 i zostawia na niej subtelny zapach wi\u015bni po\u0142\u0105czonych z migda\u0142em i r\u00f3\u017cowym pieprzem.","og_url":"https:\/\/klaudynahebda.pl\/sklep\/cherry-paradox-olejek-pod-prysznic\/","og_site_name":"Klaudyna Hebda Nature","article_modified_time":"2026-04-18T11:28:47+00:00","og_image":[{"width":1759,"height":2400,"url":"https:\/\/klaudynahebda.pl\/sklep\/wp-content\/uploads\/2025\/11\/otulajacy-olejek-pod-prysznic-cherry-paradox-oli-to-milk.png","type":"image\/png"}],"twitter_card":"summary_large_image","twitter_misc":{"Szacowany czas czytania":"4 minuty"},"schema":{"@context":"https:\/\/schema.org","@graph":[{"@type":"WebPage","@id":"https:\/\/klaudynahebda.pl\/sklep\/cherry-paradox-olejek-pod-prysznic\/","url":"https:\/\/klaudynahebda.pl\/sklep\/cherry-paradox-olejek-pod-prysznic\/","name":"Olejek pod prysznic Cherry Paradox - Klaudyna Hebda Nature","isPartOf":{"@id":"https:\/\/klaudynahebda.pl\/sklep\/#website"},"datePublished":"2026-03-17T06:24:19+00:00","dateModified":"2026-04-18T11:28:47+00:00","description":"Olejek pod prysznic Cherry Paradox \u2013 delikatny olejek myj\u0105cy, kt\u00f3ry dba o Twoj\u0105 sk\u00f3r\u0119 i zostawia na niej subtelny zapach wi\u015bni po\u0142\u0105czonych z migda\u0142em i r\u00f3\u017cowym pieprzem.","breadcrumb":{"@id":"https:\/\/klaudynahebda.pl\/sklep\/cherry-paradox-olejek-pod-prysznic\/#breadcrumb"},"inLanguage":"pl-PL","potentialAction":[{"@type":"ReadAction","target":["https:\/\/klaudynahebda.pl\/sklep\/cherry-paradox-olejek-pod-prysznic\/"]}]},{"@type":"BreadcrumbList","@id":"https:\/\/klaudynahebda.pl\/sklep\/cherry-paradox-olejek-pod-prysznic\/#breadcrumb","itemListElement":[{"@type":"ListItem","position":1,"name":"Strona g\u0142\u00f3wna","item":"https:\/\/klaudynahebda.pl\/sklep\/"},{"@type":"ListItem","position":2,"name":"Sklep","item":"https:\/\/klaudynahebda.pl\/sklep\/sklep\/"},{"@type":"ListItem","position":3,"name":"Linia Paradox","item":"https:\/\/klaudynahebda.pl\/sklep\/linia-paradox\/"},{"@type":"ListItem","position":4,"name":"Olejek pod prysznic Cherry Paradox"}]},{"@type":"WebSite","@id":"https:\/\/klaudynahebda.pl\/sklep\/#website","url":"https:\/\/klaudynahebda.pl\/sklep\/","name":"Klaudyna Hebda Nature","description":"Sklep","publisher":{"@id":"https:\/\/klaudynahebda.pl\/sklep\/#organization"},"potentialAction":[{"@type":"SearchAction","target":{"@type":"EntryPoint","urlTemplate":"https:\/\/klaudynahebda.pl\/sklep\/?s={search_term_string}"},"query-input":"required name=search_term_string"}],"inLanguage":"pl-PL"},{"@type":"Organization","@id":"https:\/\/klaudynahebda.pl\/sklep\/#organization","name":"KlaudynaHebda","url":"https:\/\/klaudynahebda.pl\/sklep\/","sameAs":[],"logo":{"@type":"ImageObject","inLanguage":"pl-PL","@id":"https:\/\/klaudynahebda.pl\/sklep\/#\/schema\/logo\/image\/","url":"","contentUrl":"","caption":"KlaudynaHebda"},"image":{"@id":"https:\/\/klaudynahebda.pl\/sklep\/#\/schema\/logo\/image\/"}}]}},"_links":{"self":[{"href":"https:\/\/klaudynahebda.pl\/sklep\/wp-json\/wp\/v2\/product\/3402626"}],"collection":[{"href":"https:\/\/klaudynahebda.pl\/sklep\/wp-json\/wp\/v2\/product"}],"about":[{"href":"https:\/\/klaudynahebda.pl\/sklep\/wp-json\/wp\/v2\/types\/product"}],"replies":[{"embeddable":true,"href":"https:\/\/klaudynahebda.pl\/sklep\/wp-json\/wp\/v2\/comments?post=3402626"}],"wp:featuredmedia":[{"embeddable":true,"href":"https:\/\/klaudynahebda.pl\/sklep\/wp-json\/wp\/v2\/media\/3472244"}],"wp:attachment":[{"href":"https:\/\/klaudynahebda.pl\/sklep\/wp-json\/wp\/v2\/media?parent=3402626"}],"wp:term":[{"taxonomy":"product_cat","embeddable":true,"href":"https:\/\/klaudynahebda.pl\/sklep\/wp-json\/wp\/v2\/product_cat?post=3402626"},{"taxonomy":"product_tag","embeddable":true,"href":"https:\/\/klaudynahebda.pl\/sklep\/wp-json\/wp\/v2\/product_tag?post=3402626"}],"curies":[{"name":"wp","href":"https:\/\/api.w.org\/{rel}","templated":true}]}}