{"id":3389787,"date":"2025-12-16T08:00:33","date_gmt":"2025-12-16T07:00:33","guid":{"rendered":"https:\/\/klaudynahebda.pl\/sklep\/?post_type=product&#038;p=3389787"},"modified":"2026-04-06T14:42:21","modified_gmt":"2026-04-06T12:42:21","slug":"roll-on-chatka-w-lesie","status":"publish","type":"product","link":"https:\/\/klaudynahebda.pl\/sklep\/roll-on-chatka-w-lesie\/","title":{"rendered":"Roll-on Chatka w lesie"},"content":{"rendered":"<h3><strong>Ha\u0142as miasta? STOP! W\u0142\u0105cz le\u015bne wyciszenie\u00a0<\/strong><\/h3>\n<p>Masz czasem do\u015b\u0107 miasta, kt\u00f3re nigdy nie odpuszcza? <strong>Nie s\u0142yszysz w\u0142asnych my\u015bli nawet w domu? <\/strong>Potrzebujesz, by chocia\u017c Twoja g\u0142owa na chwil\u0119 wr\u00f3ci\u0142a do Natury?<\/p>\n<p>Daj sobie chwil\u0119 spokoju i zabierz swoje zmys\u0142y do lasu nawet w najbardziej zabiegany dzie\u0144. \ud83d\udc9a<\/p>\n<p>&nbsp;<\/p>\n<h2><strong>Jakie olejki znajdziesz w roll-onie o le\u015bnym zapachu Chatka w lesie?\u00a0<\/strong><\/h2>\n<p>Roll-on Chatka w lesie to sze\u015b\u0107 olejk\u00f3w eterycznych, olej jojoba i witamina E. Za zapach i dzia\u0142anie odpowiadaj\u0105 tu:<\/p>\n<ul>\n<li><strong>olejek cedrowy (cedr wirginijski)<\/strong> \u2013 o ciep\u0142ym, drzewnym aromacie, kt\u00f3ry daje poczucie zakorzenienia i spokoju,<\/li>\n<li><strong>olejek sosnowy<\/strong> \u2013 pachn\u0105cy \u015bwie\u017cym, porannym lasem iglastym,<\/li>\n<li><strong>olejek cyprysowy<\/strong> \u2013 o zapachu, kt\u00f3ry daje poczucie klarowno\u015bci, harmonii, \u015bwie\u017cej przestrzeni,<\/li>\n<li><strong>olejek ja\u0142owcowy<\/strong> \u2013 rze\u015bki, z nut\u0105 \u201czielonego lasu\u201d,<\/li>\n<li><strong>olejek\/\u017cywica copaiba<\/strong> \u2013 o mi\u0119kkim, balsamiczno-drzewnym tonie buduj\u0105cym atmosfer\u0119 ukojenia,<\/li>\n<li><strong>olejek paczulowy<\/strong> \u2013 g\u0142\u0119boki, ziemisty akcent daj\u0105cy ciep\u0142o.<\/li>\n<\/ul>\n<p>&nbsp;<\/p>\n<h2><strong>Czy roll-on z le\u015bnymi olejkami Chatka w lesie to zapach dla Ciebie?\u00a0<\/strong><\/h2>\n<p>Zdecydowanie tak, je\u015bli:<\/p>\n<ul>\n<li>kochasz prawdziwy, z\u0142o\u017cony i wielowymiarowy zapach lasu \ud83d\udc9a, ale wiesz, \u017ce \u201cjedna choinka na obrazku lasu nie czyni\u201d;<\/li>\n<li>las Ci\u0119 relaksuje i chcesz by\u0107 w nim cz\u0119\u015bciej, a przynajmniej czu\u0107 go zmys\u0142ami,<\/li>\n<li>potrzebujesz czego\u015b naturalnego, co miejski ha\u0142as zamienia w le\u015bn\u0105 cisz\u0119,<\/li>\n<li>szukasz sposobu na chwil\u0119 wyciszenia w pe\u0142nej bod\u017ac\u00f3w codzienno\u015bci,<\/li>\n<li>czasem marzysz o ucieczce z domu czy biura do zielonego lasu,<\/li>\n<li>lubisz zapach mieszanki Chatka w lesie i chcesz czu\u0107 go na sk\u00f3rze zdecydowanie cz\u0119\u015bciej i mie\u0107 go zawsze pod r\u0119k\u0105,<\/li>\n<li>chcesz \u0142atwo i szybko czerpa\u0107 z aromaterapii, bo nie masz czasu na skomplikowane \u201cprocedury\u201d i metody.<\/li>\n<\/ul>\n<p>&nbsp;<\/p>\n<p><strong>Nie tworzymy zapach\u00f3w w typie \u201cle\u015bny\u201d. Tworzymy zapachy, kt\u00f3re pochodz\u0105 z lasu.\u00a0<\/strong><\/p>\n<p>&nbsp;<\/p>\n<p>\ud83d\udc49\u00a0 Lubisz autentyczne, le\u015bne zapachy?\ud83c\udf32 Sprawd\u017a te\u017c <strong><a href=\"https:\/\/klaudynahebda.pl\/sklep\/chatka-w-lesie\/\">mieszank\u0119 Chatka w lesie<\/a><\/strong>, <strong><a href=\"https:\/\/klaudynahebda.pl\/sklep\/dyfuzor-do-aromaterapii\/\">idealn\u0105 do dyfuzora<\/a><\/strong>.<\/p>\n<p>A tutaj znajdziesz z kolei nasze inne <strong><a href=\"https:\/\/klaudynahebda.pl\/sklep\/roll-on-z-olejkami-eterycznymi\/?orderby=menu_order\">roll-ony z olejkami eterycznymi<\/a><\/strong>. Ka\u017cdy z nich jest tak samo por\u0119czny i \u0142atwy w u\u017cyciu. Wybierz ten, kt\u00f3ry najlepiej b\u0119dzie Ci\u0119 wspiera\u0142 w codziennych wyzwaniach i stworzy Twoje w\u0142asne, ma\u0142e rytua\u0142y.<\/p>\n<div class=\"row row-collapse align-middle\"  id=\"row-1245186809\">\n\t<div id=\"col-45012768\" class=\"col small-10 large-12\"  >\n\t\t\t\t<div class=\"col-inner\"  >\n\t\t\t\n\t\t\t\n<h3 class=\"accordion_title\">Najcz\u0119\u015bciej zadawane pytania \u2014 Roll-on Chatka w lesie<\/h3><div class=\"accordion\" rel=\"1\"><\/div>\n<div class=\"accordion-item\"><a href=\"#\" class=\"accordion-title plain\"><button class=\"toggle\"><i class=\"icon-angle-down\"><\/i><\/button><span>Czy ten roll-on dzia\u0142a jak perfumy?<\/span><\/a><div class=\"accordion-inner\">\nI tak i nie \ud83d\ude42 \u2013 to naturalne 100% olejki eteryczne (a\u017c 6) zatopione w bazie z oleju jojoba. Roll-on pachnie delikatniej i bardziej subtelnie ni\u017c perfumy. Je\u015bli lubisz l\u017cejsze zapachy, kt\u00f3re b\u0119dziesz aplikowa\u0107 cz\u0119\u015bciej, mo\u017cesz polubi\u0107 si\u0119 z nim na d\u0142u\u017cej. Jego rol\u0105 jest stworzenie atmosfery, rytua\u0142u i chwili wyciszenia.<br \/>\n<\/div><\/div>\n<div class=\"accordion-item\"><a href=\"#\" class=\"accordion-title plain\"><button class=\"toggle\"><i class=\"icon-angle-down\"><\/i><\/button><span>Czy mo\u017cna stosowa\u0107 go codziennie?<\/span><\/a><div class=\"accordion-inner\">\nTak, to produkt do codziennego stosowania \u2013 nak\u0142adaj go na wybrane punkty na sk\u00f3rze zawsze wtedy, gdy chcesz poczu\u0107 jego aromat.<br \/>\n<\/div><\/div>\n<div class=\"accordion-item\"><a href=\"#\" class=\"accordion-title plain\"><button class=\"toggle\"><i class=\"icon-angle-down\"><\/i><\/button><span>Czy zapach jest taki sam jak w mieszance Chatka w lesie?<\/span><\/a><div class=\"accordion-inner\">\nTo ten sam zapach \u2013 las, \u015bwie\u017co\u015b\u0107, drewno \u2013 ale w delikatniejszej wersji. To ta sama kompozycja zapachowa &#8220;Chatka w lesie&#8221;, kt\u00f3r\u0105 pokochali\u015bcie. R\u00f3\u017cnica polega na tym, \u017ce w roll-onie jest ona rozcie\u0144czona w delikatnym oleju jojoba, dzi\u0119ki czemu mo\u017cesz bezpiecznie nak\u0142ada\u0107 j\u0105 bezpo\u015brednio na sk\u00f3r\u0119. Roll-on ma ma\u0142y format i jest gotowy do u\u017cycia \u2013 idealny do torebki, \u017ceby zabra\u0107 go ze sob\u0105 do pracy, czy na weekendow\u0105 wycieczk\u0119.<br \/>\n<\/div><\/div>\n<div class=\"accordion-item\"><a href=\"#\" class=\"accordion-title plain\"><button class=\"toggle\"><i class=\"icon-angle-down\"><\/i><\/button><span>Gdzie aplikowa\u0107 roll-on?<\/span><\/a><div class=\"accordion-inner\">\nTo Twoja osobista aromaterapia. Posmaruj nim wybrane miejsca np. nadgarstki, miejsce za uszami, skronie lub zag\u0142\u0119bienie szyi. Ciep\u0142o Twojego cia\u0142a powoli pozwoli uwolni\u0107 le\u015bno-\u017cywiczne aromaty olejk\u00f3w eterycznych.<br \/>\n<\/div><\/div>\n<div class=\"accordion-item\"><a href=\"#\" class=\"accordion-title plain\"><button class=\"toggle\"><i class=\"icon-angle-down\"><\/i><\/button><span>Czy Chatk\u0119 w lesie mo\u017cna stosowa\u0107 u dzieci?<\/span><\/a><div class=\"accordion-inner\">\nRoll-on jest przeznaczony wy\u0142\u0105cznie dla doros\u0142ych.<br \/>\n<\/div><\/div>\n\t\t<\/div>\n\t\t\t\t\t<\/div>\n\n\t\n<style>\n#row-1245186809 > .col > .col-inner {\n  padding: 35px 0 20px 0;\n}\n<\/style>\n<\/div>\n","protected":false},"excerpt":{"rendered":"<p>Las to zapach. Las to moc. Teraz i TY mo\u017cesz poczu\u0107 prawdziwy las, gdziekolwiek jeste\u015b.<\/p>\n<h2><strong>Roll-on Chatka w lesie to:<\/strong><\/h2>\n<ul>\n<li>zapach prawdziwego lasu dla kobiet i m\u0119\u017cczyzn;<\/li>\n<li>lasoterapia w kieszeni \u2013 do czerpania w dowolnym momencie dnia, tygodnia i roku;<\/li>\n<li>le\u015bna g\u0142\u0119bia, kt\u00f3ra odpr\u0119\u017ca, otula i zachwyca wielowymiarowo\u015bci\u0105;<\/li>\n<li>6 prawdziwych olejk\u00f3w eterycznych \u2013 to NIE jest kolejny \u201earomat le\u015bnopodobny\u201d;<\/li>\n<li>receptura aromaterapeutyczna gotowa do u\u017cycia w kilka sekund, bez potrzeby rozcie\u0144czania &#8211; pro\u015bciej by\u0107 nie mo\u017ce;<\/li>\n<li>naturalny kosmetyk, kt\u00f3ry delikatnie i naturalnie piel\u0119gnuje sk\u00f3r\u0119;<\/li>\n<li>najlepszy spos\u00f3b na relaksuj\u0105cy masa\u017c skroni, karku, szyi i nadgarstk\u00f3w &#8211; Twoja le\u015bna przysta\u0144 nawet w \u015brodku g\u0142o\u015bnego miasta;<\/li>\n<li>polska, rzemie\u015blnicza produkcja w manufakturze pod Krakowem.<\/li>\n<\/ul>\n","protected":false},"featured_media":3435066,"comment_status":"open","ping_status":"closed","template":"","meta":[],"product_cat":[246,249,117,134,118],"product_tag":[],"acf":[],"yoast_head":"<!-- This site is optimized with the Yoast SEO plugin v19.6.1 - https:\/\/yoast.com\/wordpress\/plugins\/seo\/ -->\n<title>Roll-on Chatka w lesie - Klaudyna Hebda Nature<\/title>\n<meta name=\"description\" content=\"Prawdziwy zapach lasu. Roll-on z olejkami eterycznymi Chatka w lesie - Tw\u00f3j spos\u00f3b na lasoterapi\u0119 i chwil\u0119 wyciszenia w zabieganej codzienno\u015bci.\" \/>\n<meta name=\"robots\" content=\"index, follow, max-snippet:-1, max-image-preview:large, max-video-preview:-1\" \/>\n<link rel=\"canonical\" href=\"https:\/\/klaudynahebda.pl\/sklep\/roll-on-chatka-w-lesie\/\" \/>\n<meta property=\"og:locale\" content=\"pl_PL\" \/>\n<meta property=\"og:type\" content=\"article\" \/>\n<meta property=\"og:title\" content=\"Roll-on Chatka w lesie - Klaudyna Hebda Nature\" \/>\n<meta property=\"og:description\" content=\"Prawdziwy zapach lasu. Roll-on z olejkami eterycznymi Chatka w lesie - Tw\u00f3j spos\u00f3b na lasoterapi\u0119 i chwil\u0119 wyciszenia w zabieganej codzienno\u015bci.\" \/>\n<meta property=\"og:url\" content=\"https:\/\/klaudynahebda.pl\/sklep\/roll-on-chatka-w-lesie\/\" \/>\n<meta property=\"og:site_name\" content=\"Klaudyna Hebda Nature\" \/>\n<meta property=\"article:modified_time\" content=\"2026-04-06T12:42:21+00:00\" \/>\n<meta property=\"og:image\" content=\"https:\/\/klaudynahebda.pl\/sklep\/wp-content\/uploads\/2025\/12\/roll-on-chatka-w-lesie-k-hebda-olejek-aromaterapia-10ml.webp\" \/>\n\t<meta property=\"og:image:width\" content=\"844\" \/>\n\t<meta property=\"og:image:height\" content=\"1152\" \/>\n\t<meta property=\"og:image:type\" content=\"image\/webp\" \/>\n<meta name=\"twitter:card\" content=\"summary_large_image\" \/>\n<meta name=\"twitter:label1\" content=\"Szacowany czas czytania\" \/>\n\t<meta name=\"twitter:data1\" content=\"4 minuty\" \/>\n<script type=\"application\/ld+json\" class=\"yoast-schema-graph\">{\"@context\":\"https:\/\/schema.org\",\"@graph\":[{\"@type\":\"WebPage\",\"@id\":\"https:\/\/klaudynahebda.pl\/sklep\/roll-on-chatka-w-lesie\/\",\"url\":\"https:\/\/klaudynahebda.pl\/sklep\/roll-on-chatka-w-lesie\/\",\"name\":\"Roll-on Chatka w lesie - Klaudyna Hebda Nature\",\"isPartOf\":{\"@id\":\"https:\/\/klaudynahebda.pl\/sklep\/#website\"},\"datePublished\":\"2025-12-16T07:00:33+00:00\",\"dateModified\":\"2026-04-06T12:42:21+00:00\",\"description\":\"Prawdziwy zapach lasu. Roll-on z olejkami eterycznymi Chatka w lesie - Tw\u00f3j spos\u00f3b na lasoterapi\u0119 i chwil\u0119 wyciszenia w zabieganej codzienno\u015bci.\",\"breadcrumb\":{\"@id\":\"https:\/\/klaudynahebda.pl\/sklep\/roll-on-chatka-w-lesie\/#breadcrumb\"},\"inLanguage\":\"pl-PL\",\"potentialAction\":[{\"@type\":\"ReadAction\",\"target\":[\"https:\/\/klaudynahebda.pl\/sklep\/roll-on-chatka-w-lesie\/\"]}]},{\"@type\":\"BreadcrumbList\",\"@id\":\"https:\/\/klaudynahebda.pl\/sklep\/roll-on-chatka-w-lesie\/#breadcrumb\",\"itemListElement\":[{\"@type\":\"ListItem\",\"position\":1,\"name\":\"Strona g\u0142\u00f3wna\",\"item\":\"https:\/\/klaudynahebda.pl\/sklep\/\"},{\"@type\":\"ListItem\",\"position\":2,\"name\":\"Sklep\",\"item\":\"https:\/\/klaudynahebda.pl\/sklep\/sklep\/\"},{\"@type\":\"ListItem\",\"position\":3,\"name\":\"Roll-ony z olejkami eterycznymi\",\"item\":\"https:\/\/klaudynahebda.pl\/sklep\/roll-on-z-olejkami-eterycznymi\/\"},{\"@type\":\"ListItem\",\"position\":4,\"name\":\"Roll-on Chatka w lesie\"}]},{\"@type\":\"WebSite\",\"@id\":\"https:\/\/klaudynahebda.pl\/sklep\/#website\",\"url\":\"https:\/\/klaudynahebda.pl\/sklep\/\",\"name\":\"Klaudyna Hebda Nature\",\"description\":\"Sklep\",\"publisher\":{\"@id\":\"https:\/\/klaudynahebda.pl\/sklep\/#organization\"},\"potentialAction\":[{\"@type\":\"SearchAction\",\"target\":{\"@type\":\"EntryPoint\",\"urlTemplate\":\"https:\/\/klaudynahebda.pl\/sklep\/?s={search_term_string}\"},\"query-input\":\"required name=search_term_string\"}],\"inLanguage\":\"pl-PL\"},{\"@type\":\"Organization\",\"@id\":\"https:\/\/klaudynahebda.pl\/sklep\/#organization\",\"name\":\"KlaudynaHebda\",\"url\":\"https:\/\/klaudynahebda.pl\/sklep\/\",\"sameAs\":[],\"logo\":{\"@type\":\"ImageObject\",\"inLanguage\":\"pl-PL\",\"@id\":\"https:\/\/klaudynahebda.pl\/sklep\/#\/schema\/logo\/image\/\",\"url\":\"\",\"contentUrl\":\"\",\"caption\":\"KlaudynaHebda\"},\"image\":{\"@id\":\"https:\/\/klaudynahebda.pl\/sklep\/#\/schema\/logo\/image\/\"}}]}<\/script>\n<!-- \/ Yoast SEO plugin. -->","yoast_head_json":{"title":"Roll-on Chatka w lesie - Klaudyna Hebda Nature","description":"Prawdziwy zapach lasu. Roll-on z olejkami eterycznymi Chatka w lesie - Tw\u00f3j spos\u00f3b na lasoterapi\u0119 i chwil\u0119 wyciszenia w zabieganej codzienno\u015bci.","robots":{"index":"index","follow":"follow","max-snippet":"max-snippet:-1","max-image-preview":"max-image-preview:large","max-video-preview":"max-video-preview:-1"},"canonical":"https:\/\/klaudynahebda.pl\/sklep\/roll-on-chatka-w-lesie\/","og_locale":"pl_PL","og_type":"article","og_title":"Roll-on Chatka w lesie - Klaudyna Hebda Nature","og_description":"Prawdziwy zapach lasu. Roll-on z olejkami eterycznymi Chatka w lesie - Tw\u00f3j spos\u00f3b na lasoterapi\u0119 i chwil\u0119 wyciszenia w zabieganej codzienno\u015bci.","og_url":"https:\/\/klaudynahebda.pl\/sklep\/roll-on-chatka-w-lesie\/","og_site_name":"Klaudyna Hebda Nature","article_modified_time":"2026-04-06T12:42:21+00:00","og_image":[{"width":844,"height":1152,"url":"https:\/\/klaudynahebda.pl\/sklep\/wp-content\/uploads\/2025\/12\/roll-on-chatka-w-lesie-k-hebda-olejek-aromaterapia-10ml.webp","type":"image\/webp"}],"twitter_card":"summary_large_image","twitter_misc":{"Szacowany czas czytania":"4 minuty"},"schema":{"@context":"https:\/\/schema.org","@graph":[{"@type":"WebPage","@id":"https:\/\/klaudynahebda.pl\/sklep\/roll-on-chatka-w-lesie\/","url":"https:\/\/klaudynahebda.pl\/sklep\/roll-on-chatka-w-lesie\/","name":"Roll-on Chatka w lesie - Klaudyna Hebda Nature","isPartOf":{"@id":"https:\/\/klaudynahebda.pl\/sklep\/#website"},"datePublished":"2025-12-16T07:00:33+00:00","dateModified":"2026-04-06T12:42:21+00:00","description":"Prawdziwy zapach lasu. Roll-on z olejkami eterycznymi Chatka w lesie - Tw\u00f3j spos\u00f3b na lasoterapi\u0119 i chwil\u0119 wyciszenia w zabieganej codzienno\u015bci.","breadcrumb":{"@id":"https:\/\/klaudynahebda.pl\/sklep\/roll-on-chatka-w-lesie\/#breadcrumb"},"inLanguage":"pl-PL","potentialAction":[{"@type":"ReadAction","target":["https:\/\/klaudynahebda.pl\/sklep\/roll-on-chatka-w-lesie\/"]}]},{"@type":"BreadcrumbList","@id":"https:\/\/klaudynahebda.pl\/sklep\/roll-on-chatka-w-lesie\/#breadcrumb","itemListElement":[{"@type":"ListItem","position":1,"name":"Strona g\u0142\u00f3wna","item":"https:\/\/klaudynahebda.pl\/sklep\/"},{"@type":"ListItem","position":2,"name":"Sklep","item":"https:\/\/klaudynahebda.pl\/sklep\/sklep\/"},{"@type":"ListItem","position":3,"name":"Roll-ony z olejkami eterycznymi","item":"https:\/\/klaudynahebda.pl\/sklep\/roll-on-z-olejkami-eterycznymi\/"},{"@type":"ListItem","position":4,"name":"Roll-on Chatka w lesie"}]},{"@type":"WebSite","@id":"https:\/\/klaudynahebda.pl\/sklep\/#website","url":"https:\/\/klaudynahebda.pl\/sklep\/","name":"Klaudyna Hebda Nature","description":"Sklep","publisher":{"@id":"https:\/\/klaudynahebda.pl\/sklep\/#organization"},"potentialAction":[{"@type":"SearchAction","target":{"@type":"EntryPoint","urlTemplate":"https:\/\/klaudynahebda.pl\/sklep\/?s={search_term_string}"},"query-input":"required name=search_term_string"}],"inLanguage":"pl-PL"},{"@type":"Organization","@id":"https:\/\/klaudynahebda.pl\/sklep\/#organization","name":"KlaudynaHebda","url":"https:\/\/klaudynahebda.pl\/sklep\/","sameAs":[],"logo":{"@type":"ImageObject","inLanguage":"pl-PL","@id":"https:\/\/klaudynahebda.pl\/sklep\/#\/schema\/logo\/image\/","url":"","contentUrl":"","caption":"KlaudynaHebda"},"image":{"@id":"https:\/\/klaudynahebda.pl\/sklep\/#\/schema\/logo\/image\/"}}]}},"_links":{"self":[{"href":"https:\/\/klaudynahebda.pl\/sklep\/wp-json\/wp\/v2\/product\/3389787"}],"collection":[{"href":"https:\/\/klaudynahebda.pl\/sklep\/wp-json\/wp\/v2\/product"}],"about":[{"href":"https:\/\/klaudynahebda.pl\/sklep\/wp-json\/wp\/v2\/types\/product"}],"replies":[{"embeddable":true,"href":"https:\/\/klaudynahebda.pl\/sklep\/wp-json\/wp\/v2\/comments?post=3389787"}],"wp:featuredmedia":[{"embeddable":true,"href":"https:\/\/klaudynahebda.pl\/sklep\/wp-json\/wp\/v2\/media\/3435066"}],"wp:attachment":[{"href":"https:\/\/klaudynahebda.pl\/sklep\/wp-json\/wp\/v2\/media?parent=3389787"}],"wp:term":[{"taxonomy":"product_cat","embeddable":true,"href":"https:\/\/klaudynahebda.pl\/sklep\/wp-json\/wp\/v2\/product_cat?post=3389787"},{"taxonomy":"product_tag","embeddable":true,"href":"https:\/\/klaudynahebda.pl\/sklep\/wp-json\/wp\/v2\/product_tag?post=3389787"}],"curies":[{"name":"wp","href":"https:\/\/api.w.org\/{rel}","templated":true}]}}