{"id":3342090,"date":"2025-09-27T14:11:40","date_gmt":"2025-09-27T12:11:40","guid":{"rendered":"https:\/\/klaudynahebda.pl\/sklep\/?post_type=product&#038;p=3342090"},"modified":"2026-03-16T11:01:04","modified_gmt":"2026-03-16T10:01:04","slug":"piekne-wlosy","status":"publish","type":"product","link":"https:\/\/klaudynahebda.pl\/sklep\/piekne-wlosy\/","title":{"rendered":"Pi\u0119kne W\u0142osy \u2013 naturalna piel\u0119gnacja sk\u00f3ry g\u0142owy i w\u0142os\u00f3w"},"content":{"rendered":"<h2><strong>Co znajdziesz w zestawie Pi\u0119kne W\u0142osy \u2013 i dlaczego w\u0142a\u015bnie to?<\/strong><\/h2>\n<p><strong>Olejek rozmarynowy 15 ml<\/strong><br \/>\nMa zio\u0142owo-\u015bwie\u017cy aromat niczym poranek w \u015br\u00f3dziemnomorskim ogrodzie.<\/p>\n<p><strong>Olejek lawendowy 15 ml<\/strong><br \/>\nJego wszechstronne dzia\u0142anie koj\u0105ce i \u0142agodz\u0105ce sprawia, \u017ce nadaje si\u0119 do piel\u0119gnacji ka\u017cdego rodzaju w\u0142os\u00f3w.<\/p>\n<p><strong>Olejek mi\u0119towy 15 ml<\/strong><br \/>\nOrze\u017awiaj\u0105cy i ch\u0142odz\u0105cy aromat nadaje uczucie \u015bwie\u017co\u015bci i lekko\u015bci. Doskonale komponuje si\u0119 z rozmarynem i lawend\u0105, wzmacniaj\u0105c efekt piel\u0119gnacyjny.<\/p>\n<p><strong>Aromabaza 200 ml<\/strong><\/p>\n<p>To harmonijne po\u0142\u0105czenie ro\u015blinnych olej\u00f3w i zio\u0142owych macerat\u00f3w, kt\u00f3re mo\u017cesz wzbogaci\u0107 olejkami eterycznymi, tworz\u0105c aromaterapeutyczny masa\u017c pe\u0142en relaksu i piel\u0119gnacji. W jej sk\u0142adzie znajdziesz:<\/p>\n<p><strong>Macerat nagietkowy<\/strong> \u2013 od\u017cywia sk\u00f3r\u0119 i przywraca jej promienny, s\u0142oneczny blask.<br \/>\n<strong>Macerat \u017cywokostowy<\/strong> \u2013 dzia\u0142a jak balsam, pozostawiaj\u0105c sk\u00f3r\u0119 mi\u0119kk\u0105 i g\u0142adk\u0105 niczym jedwab.<br \/>\n<strong>Macerat dziurawcowy<\/strong> \u2013 wprowadza poczucie harmonii i r\u00f3wnowagi.<br \/>\n<strong>Oleje kokosowy i jojoba<\/strong> \u2013 delikatnie wyg\u0142adzaj\u0105 sk\u00f3r\u0119, wspieraj\u0105c jej regeneracj\u0119.<br \/>\n<strong>Witamina E<\/strong> \u2013 ma\u0142a tarcza ochronna, kt\u00f3ra dba o kondycj\u0119 i zdrowy wygl\u0105d sk\u00f3ry.<\/p>\n<p>Mieszaj, testuj i dopasuj do potrzeb Twoich w\u0142os\u00f3w. Przekonaj si\u0119, \u017ce naturalna piel\u0119gnacja sk\u00f3ry g\u0142owy mo\u017ce by\u0107 jednocze\u015bnie skuteczna, pachn\u0105ca i po prostu przyjemna.<\/p>\n<h3><strong>Jak u\u017cywa\u0107 olejk\u00f3w eterycznych na w\u0142osy i sk\u00f3r\u0119 g\u0142owy?\u00a0<\/strong><\/h3>\n<p>\ud83d\udca7Pami\u0119taj, aby rozcie\u0144czy\u0107 olejki przed zastosowaniem na sk\u00f3r\u0119.<\/p>\n<ul>\n<li>Wcierka: 3-6 kropli wybranego olejku na ka\u017cde 10 ml Aromabazy \u2013 tyle wystarczy, \u017ceby poczu\u0107 dzia\u0142anie i pi\u0119kny zapach. Maksymalnie stosuj 6-9 kropli na 10 ml.<\/li>\n<li>Do szamponu: wystarczy kropla wybranego olejku na porcj\u0119 szamponu.<\/li>\n<\/ul>\n<h2><strong>2 ekspresowe przepisy na kosmetyki do w\u0142os\u00f3w DIY<\/strong><\/h2>\n<p><strong>Olej do masa\u017cu sk\u00f3ry g\u0142owy:<\/strong><\/p>\n<p>Wymieszaj 2-3 \u0142y\u017cki Aromabazy z kilkoma kroplami olejku rozmarynowego. Masuj\u0105c sk\u00f3r\u0119 g\u0142owy, przesuwaj okr\u0119\u017cnymi ruchami opuszki palc\u00f3w od czo\u0142a w kierunku karku. Masuj skalp przez 5-10 minut, po czym pozostaw olej na sk\u00f3rze g\u0142owy przez minimum 30 minut. Nast\u0119pnie umyj w\u0142osy &#8211; mo\u017cesz potrzebowa\u0107 dwukrotnego mycia, aby dok\u0142adnie oczy\u015bci\u0107 skalp i w\u0142osy.<\/p>\n<p><strong>Wcierka do w\u0142os\u00f3w:<\/strong><\/p>\n<ul>\n<li>20 ml Aromabazy<\/li>\n<li>6 kropli olejku rozmarynowego<\/li>\n<li>4 krople olejku lawendowego.<\/li>\n<\/ul>\n<p>Wymieszaj sk\u0142adniki w buteleczce z pipet\u0105. Masuj sk\u00f3r\u0119 g\u0142owy 10 minut przed myciem, stosuj 2\u20133 razy w tygodniu.<\/p>\n<p>&nbsp;<\/p>\n<p>Szukasz innych, naturalnych, wielofunkcyjnych kosmetyk\u00f3w, kt\u00f3re dzia\u0142aj\u0105 tu i teraz? <strong><a href=\"https:\/\/klaudynahebda.pl\/sklep\/hydrolat-rozany\/\">Wzmocniony hydrolat r\u00f3\u017cany K. Hebda Rosa<\/a><\/strong> nawil\u017ca, od\u017cywia i od\u015bwie\u017ca. Mo\u017cesz go stosowa\u0107 na wiele sposob\u00f3w:<\/p>\n<ul>\n<li><strong>Do w\u0142os\u00f3w<\/strong> \u2013 po umyciu spryskaj wilgotne pasma: u\u0142atwia rozczesywanie, zmi\u0119kcza w\u0142osy i nadaje im lekki, naturalny po\u0142ysk.<\/li>\n<li><strong>Do twarzy<\/strong> \u2013 jako tonik r\u00f3\u017cany: spryskaj po oczyszczeniu sk\u00f3ry z odleg\u0142o\u015bci ok. 20 cm, u\u017cywaj przed serum, olejkiem lub kremem.<\/li>\n<li><strong>Do cia\u0142a<\/strong> \u2013 jako mgie\u0142k\u0119 od\u015bwie\u017caj\u0105c\u0105: spryskaj twarz, kark, dekolt lub cia\u0142o w ci\u0105gu dnia, np. w upalne dni.<\/li>\n<\/ul>\n<div class=\"row row-collapse align-middle\"  id=\"row-464611202\">\n\n\t<div id=\"col-630360019\" class=\"col small-10 large-12\"  >\n\t\t\t\t<div class=\"col-inner\"  >\n\t\t\t\n\t\t\t <h3 class=\"accordion_title\">Najcz\u0119\u015bciej zadawane pytania<\/h3><div class=\"accordion\" rel=\"1\"><\/div>\n<div class=\"accordion-item\"><a href=\"#\" class=\"accordion-title plain\"><button class=\"toggle\"><i class=\"icon-angle-down\"><\/i><\/button><span>Co znajd\u0119 w zestawie Pi\u0119kne W\u0142osy?<\/span><\/a><div class=\"accordion-inner\">\n<ul>\n<li><strong>Olejek rozmarynowy<\/strong> \u2013 zio\u0142owo-\u015bwie\u017cy aromat niczym poranek w \u015br\u00f3dziemnomorskim ogrodzie.<\/li>\n<li><strong>Olejek lawendowy<\/strong> \u2013 koj\u0105cy, \u0142agodz\u0105cy, nadaje si\u0119 do ka\u017cdego rodzaju w\u0142os\u00f3w.<\/li>\n<li><strong>Olejek mi\u0119towy<\/strong> \u2013 orze\u017awiaj\u0105cy i ch\u0142odz\u0105cy aromat, wzmacnia efekt piel\u0119gnacyjny w po\u0142\u0105czeniu z rozmarynem i lawend\u0105.<\/li>\n<li><strong>Aromabaza<\/strong> \u2013 harmonijne po\u0142\u0105czenie ro\u015blinnych olej\u00f3w i zio\u0142owych macerat\u00f3w: macerat nagietkowy (od\u017cywia), macerat \u017cywokostowy (mi\u0119kko\u015b\u0107 sk\u00f3ry), macerat dziurawcowy (harmonia), oleje kokosowy i jojoba (wyg\u0142adzenie i regeneracja), witamina E (ochrona sk\u00f3ry).<\/li>\n<\/ul>\n<\/div><\/div>\n<div class=\"accordion-item\"><a href=\"#\" class=\"accordion-title plain\"><button class=\"toggle\"><i class=\"icon-angle-down\"><\/i><\/button><span>Czy olejki eteryczne powinnam stosowa\u0107 na mokre czy suche w\u0142osy?<\/span><\/a><div class=\"accordion-inner\">\nWcierki nak\u0142adaj g\u0142\u00f3wnie na such\u0105 sk\u00f3r\u0119 g\u0142owy przed myciem. Olejki mo\u017cesz te\u017c dodawa\u0107 do szamponu lub ulubionej od\u017cywki. Wystarczy kropla wybranego olejku na porcj\u0119 szamponu. <strong>Pami\u0119taj:<\/strong> lepiej zacz\u0105\u0107 od ni\u017cszego st\u0119\u017cenia i obserwowa\u0107 jak Twoja sk\u00f3ra reaguje na olejki eteryczne.<br \/>\n<\/div><\/div>\n<div class=\"accordion-item\"><a href=\"#\" class=\"accordion-title plain\"><button class=\"toggle\"><i class=\"icon-angle-down\"><\/i><\/button><span>Czy mog\u0119 miesza\u0107 ze sob\u0105 olejki podczas jednej rutyny piel\u0119gnacyjnej?<\/span><\/a><div class=\"accordion-inner\">\nMo\u017cesz tworzy\u0107 w\u0142asne mieszanki olejk\u00f3w w r\u00f3\u017cnych proporcjach, eksperymentuj\u0105c z zapachami i efektami. Nie przekraczaj jednak 3% st\u0119\u017cenia (maksymalnie 9 kropli na 10 ml Aromabazy). Popularnym duetem stosowanym w produktach do w\u0142os\u00f3w jest rozmaryn i lawenda \u2013 lawenda \u0142agodzi zio\u0142owy aromat rozmarynu i wzbogaca piel\u0119gnacj\u0119.<br \/>\n<\/div><\/div>\n<div class=\"accordion-item\"><a href=\"#\" class=\"accordion-title plain\"><button class=\"toggle\"><i class=\"icon-angle-down\"><\/i><\/button><span>Czy przed u\u017cyciem powinnam zrobi\u0107 pr\u00f3b\u0119 alergiczn\u0105?<\/span><\/a><div class=\"accordion-inner\">\n<span style=\"font-weight: 400;\">Przed zastosowaniem olejk\u00f3w na sk\u00f3r\u0119 zawsze polecamy wykonanie testu na ma\u0142ym fragmencie. Aby sprawdzi\u0107, jak Twoja sk\u00f3ra zareaguje na wcierk\u0119, mo\u017cesz na\u0142o\u017cy\u0107 odrobin\u0119 mieszanki na sk\u00f3r\u0119 za uchem i odczeka\u0107 dob\u0119. Je\u015bli nie zauwa\u017cysz \u017cadnych podra\u017cnie\u0144, \u015bmia\u0142o wcieraj kosmetyk w sk\u00f3r\u0119 g\u0142owy.<\/span><br \/>\n<\/div><\/div>\n<div class=\"accordion-item\"><a href=\"#\" class=\"accordion-title plain\"><button class=\"toggle\"><i class=\"icon-angle-down\"><\/i><\/button><span>Jak mog\u0119 stosowa\u0107 produkty z zestawu Pi\u0119kne W\u0142osy?<\/span><\/a><div class=\"accordion-inner\">\n<p><strong>Olej do masa\u017cu sk\u00f3ry g\u0142owy:<\/strong><\/p>\n<p>Wymieszaj 2-3 \u0142y\u017cki Aromabazy z kilkoma kroplami olejku rozmarynowego. Masuj\u0105c sk\u00f3r\u0119 g\u0142owy, przesuwaj okr\u0119\u017cnymi ruchami opuszki palc\u00f3w od czo\u0142a w kierunku karku. Masuj skalp przez 5-10 minut, po czym pozostaw olej na sk\u00f3rze g\u0142owy przez minimum 30 minut. Nast\u0119pnie umyj w\u0142osy &#8211; mo\u017cesz potrzebowa\u0107 dwukrotnego mycia, aby dok\u0142adnie oczy\u015bci\u0107 skalp i w\u0142osy.<\/p>\n<p><strong>Wcierka do w\u0142os\u00f3w:<\/strong><\/p>\n<ul>\n<li>20 ml Aromabazy<\/li>\n<li>6 kropli olejku rozmarynowego<\/li>\n<li>4 krople olejku lawendowego.<\/li>\n<\/ul>\n<p>Wymieszaj sk\u0142adniki w buteleczce z pipet\u0105. Masuj sk\u00f3r\u0119 g\u0142owy 10 minut przed myciem, stosuj 2\u20133 razy w tygodniu.<\/p>\n<p><strong>Do szamponu:<\/strong><\/p>\n<p>Wystarczy kropla wybranego olejku na porcj\u0119 szamponu.<strong> Pami\u0119taj:<\/strong> lepiej zacz\u0105\u0107 od ni\u017cszego st\u0119\u017cenia i obserwowa\u0107 jak Twoja sk\u00f3ra reaguje na olejki eteryczne.<br \/>\n<\/div><\/div>\n<div class=\"accordion-item\"><a href=\"#\" class=\"accordion-title plain\"><button class=\"toggle\"><i class=\"icon-angle-down\"><\/i><\/button><span>Jak mog\u0119 inaczej korzysta\u0107 z olejk\u00f3w eterycznych z zestawu Pi\u0119kne W\u0142osy?<\/span><\/a><div class=\"accordion-inner\">\n<p>Olejek rozmarynowy, lawendowy i mi\u0119towy mo\u017cesz stosowa\u0107 nie tylko na w\u0142osy i sk\u00f3r\u0119 g\u0142owy \u2013 oto kilka sprawdzonych sposob\u00f3w:<\/p>\n<ul>\n<li><strong>Dyfuzja:<\/strong> Do dyfuzora dodaj 15-20 kropli (<strong><a href=\"https:\/\/klaudynahebda.pl\/sklep\/dyfuzor-do-aromaterapii\/\">dyfuzor bezwodny K. HEBDA<\/a><\/strong>) lub kilka kropli (dyfuzor wodny) i uruchom urz\u0105dzenie na 20\u201330 minut. Pami\u0119taj, \u017ceby dyfuzowa\u0107 olejki jedynie w dobrze wentylowanych pomieszczeniach, a po zako\u0144czonej dyfuzji dok\u0142adnie przewietrzy\u0107 pok\u00f3j.<\/li>\n<li><strong>Do masa\u017cu:<\/strong> Po\u0142\u0105cz olejek z Aromabaz\u0105 (6-9 kropli olejku na 10 ml bazy) i wykonaj relaksacyjny masa\u017c karku, ramion, plec\u00f3w lub dekoltu. Aromaterapeutyczne w\u0142a\u015bciwo\u015bci olejk\u00f3w wspieraj\u0105 relaks i komfort.<\/li>\n<li><strong>Do szamponu: <\/strong>wystarczy kropla wybranego olejku na porcj\u0119 szamponu. <strong>Pami\u0119taj:<\/strong> lepiej zacz\u0105\u0107 od ni\u017cszego st\u0119\u017cenia i obserwowa\u0107 jak Twoja sk\u00f3ra reaguje na olejki eteryczne.<\/li>\n<li><strong>Aromatyczna k\u0105piel:<\/strong> Dodaj 6-9 kropli olejku do 10 ml p\u0142ynu do k\u0105pieli, wymieszaj i wlej do wody.<\/li>\n<\/ul>\n<p><strong>Pami\u0119taj:<\/strong> lepiej zacz\u0105\u0107 od ni\u017cszego st\u0119\u017cenia i obserwowa\u0107 jak Twoja sk\u00f3ra reaguje na olejki eteryczne.<\/p>\n<p>Ka\u017cdy z olejk\u00f3w w zestawie ma swoje specyficzne w\u0142a\u015bciwo\u015bci:<\/p>\n<ul>\n<li><strong>Rozmaryn: <\/strong>od\u015bwie\u017ca i pobudza, a do tego jest najpopularniejszym afrodyzjakiem od czas\u00f3w staro\u017cytno\u015bci<\/li>\n<li><strong>Lawenda:<\/strong> \u0142agodzi napi\u0119cie, dzia\u0142a relaksuj\u0105co na cia\u0142o i umys\u0142.<\/li>\n<li><strong>Mi\u0119ta:<\/strong> daje uczucie \u015bwie\u017co\u015bci, ch\u0142odu i lekko\u015bci, wspomaga komfort sk\u00f3ry g\u0142owy.<\/li>\n<\/ul>\n<\/div><\/div>\n\t<div id=\"gap-2010133502\" class=\"gap-element clearfix\" style=\"display:block; height:auto;\">\n\t\t\n<style>\n#gap-2010133502 {\n  padding-top: 20px;\n}\n<\/style>\n\t<\/div>\n\t\n\t\t<\/div>\n\t\t\t\t\t<\/div>\n\n\t\n\n<style>\n#row-464611202 > .col > .col-inner {\n  padding: 35px 0px 20px 0px;\n}\n<\/style>\n<\/div>\n","protected":false},"excerpt":{"rendered":"<h2><strong>Zestaw Pi\u0119kne W\u0142osy \u2013 naturalna piel\u0119gnacja od nasady a\u017c po ko\u0144ce<\/strong><\/h2>\n<p>Odkryj moc olejk\u00f3w eterycznych i ro\u015blinnych macerat\u00f3w w jednym kompletnym <strong>zestawie do piel\u0119gnacji w\u0142os\u00f3w i sk\u00f3ry g\u0142owy<\/strong>. Co w nim znajdziesz? Olejek rozmarynowy, lawendowy i mi\u0119towy oraz Aromabaz\u0119 \u2013 harmonijn\u0105 mieszank\u0119 olej\u00f3w i macerat\u00f3w ro\u015blinnych z witamin\u0105 E.<\/p>\n<p>Dlaczego warto wybra\u0107 ten zestaw?<\/p>\n<ul>\n<li><strong>Olejek rozmarynowy<\/strong> &#8211; zachwyca aromatem i w\u0142a\u015bciwo\u015bciami.<\/li>\n<li><strong>Olejek lawendowy<\/strong> &#8211; \u0142agodzi i relaksuje.<\/li>\n<li><strong>Olejek z mi\u0119ty pieprzowej<\/strong> &#8211; orze\u017awia i ch\u0142odzi.<\/li>\n<li><strong>Aromabaza<\/strong> z maceratami nagietka, \u017cywokostu i dziurawca dba o sk\u00f3r\u0119 g\u0142owy i w\u0142osy, a witamina E wspiera ich kondycj\u0119.<br \/>\nOdkryj rado\u015b\u0107 naturalnej, aromaterapeutycznej piel\u0119gnacji \u2013 w\u0142osy odwdzi\u0119cz\u0105 si\u0119 blaskiem i zdrowym wygl\u0105dem!<\/li>\n<\/ul>\n","protected":false},"featured_media":3344322,"comment_status":"open","ping_status":"closed","template":"","meta":[],"product_cat":[47,36,210,46],"product_tag":[],"acf":[],"yoast_head":"<!-- This site is optimized with the Yoast SEO plugin v19.6.1 - https:\/\/yoast.com\/wordpress\/plugins\/seo\/ -->\n<title>Pi\u0119kne W\u0142osy \u2013 naturalna piel\u0119gnacja sk\u00f3ry g\u0142owy i w\u0142os\u00f3w - Klaudyna Hebda Nature<\/title>\n<meta name=\"robots\" content=\"index, follow, max-snippet:-1, max-image-preview:large, max-video-preview:-1\" \/>\n<link rel=\"canonical\" href=\"https:\/\/klaudynahebda.pl\/sklep\/piekne-wlosy\/\" \/>\n<meta property=\"og:locale\" content=\"pl_PL\" \/>\n<meta property=\"og:type\" content=\"article\" \/>\n<meta property=\"og:title\" content=\"Pi\u0119kne W\u0142osy \u2013 naturalna piel\u0119gnacja sk\u00f3ry g\u0142owy i w\u0142os\u00f3w - Klaudyna Hebda Nature\" \/>\n<meta property=\"og:description\" content=\"Zestaw Pi\u0119kne W\u0142osy \u2013 naturalna piel\u0119gnacja od nasady a\u017c po ko\u0144ce Odkryj moc olejk\u00f3w eterycznych i ro\u015blinnych macerat\u00f3w w jednym kompletnym zestawie do piel\u0119gnacji w\u0142os\u00f3w i sk\u00f3ry g\u0142owy. Co w nim znajdziesz? Olejek rozmarynowy, lawendowy i mi\u0119towy oraz Aromabaz\u0119 \u2013 harmonijn\u0105 mieszank\u0119 olej\u00f3w i macerat\u00f3w ro\u015blinnych z witamin\u0105 E.  Dlaczego warto wybra\u0107 ten zestaw?   Olejek rozmarynowy - zachwyca aromatem i w\u0142a\u015bciwo\u015bciami.  Olejek lawendowy - \u0142agodzi i relaksuje.  Olejek z mi\u0119ty pieprzowej - orze\u017awia i ch\u0142odzi.  Aromabaza z maceratami nagietka, \u017cywokostu i dziurawca dba o sk\u00f3r\u0119 g\u0142owy i w\u0142osy, a witamina E wspiera ich kondycj\u0119. Odkryj rado\u015b\u0107 naturalnej, aromaterapeutycznej piel\u0119gnacji \u2013 w\u0142osy odwdzi\u0119cz\u0105 si\u0119 blaskiem i zdrowym wygl\u0105dem!\" \/>\n<meta property=\"og:url\" content=\"https:\/\/klaudynahebda.pl\/sklep\/piekne-wlosy\/\" \/>\n<meta property=\"og:site_name\" content=\"Klaudyna Hebda Nature\" \/>\n<meta property=\"article:modified_time\" content=\"2026-03-16T10:01:04+00:00\" \/>\n<meta property=\"og:image\" content=\"https:\/\/klaudynahebda.pl\/sklep\/wp-content\/uploads\/2025\/08\/packshot-olejki-aromabaza-pieknie-wlosy.jpg.webp\" \/>\n\t<meta property=\"og:image:width\" content=\"844\" \/>\n\t<meta property=\"og:image:height\" content=\"1152\" \/>\n\t<meta property=\"og:image:type\" content=\"image\/webp\" \/>\n<meta name=\"twitter:card\" content=\"summary_large_image\" \/>\n<meta name=\"twitter:label1\" content=\"Szacowany czas czytania\" \/>\n\t<meta name=\"twitter:data1\" content=\"6 minut\" \/>\n<script type=\"application\/ld+json\" class=\"yoast-schema-graph\">{\"@context\":\"https:\/\/schema.org\",\"@graph\":[{\"@type\":\"WebPage\",\"@id\":\"https:\/\/klaudynahebda.pl\/sklep\/piekne-wlosy\/\",\"url\":\"https:\/\/klaudynahebda.pl\/sklep\/piekne-wlosy\/\",\"name\":\"Pi\u0119kne W\u0142osy \u2013 naturalna piel\u0119gnacja sk\u00f3ry g\u0142owy i w\u0142os\u00f3w - Klaudyna Hebda Nature\",\"isPartOf\":{\"@id\":\"https:\/\/klaudynahebda.pl\/sklep\/#website\"},\"datePublished\":\"2025-09-27T12:11:40+00:00\",\"dateModified\":\"2026-03-16T10:01:04+00:00\",\"breadcrumb\":{\"@id\":\"https:\/\/klaudynahebda.pl\/sklep\/piekne-wlosy\/#breadcrumb\"},\"inLanguage\":\"pl-PL\",\"potentialAction\":[{\"@type\":\"ReadAction\",\"target\":[\"https:\/\/klaudynahebda.pl\/sklep\/piekne-wlosy\/\"]}]},{\"@type\":\"BreadcrumbList\",\"@id\":\"https:\/\/klaudynahebda.pl\/sklep\/piekne-wlosy\/#breadcrumb\",\"itemListElement\":[{\"@type\":\"ListItem\",\"position\":1,\"name\":\"Strona g\u0142\u00f3wna\",\"item\":\"https:\/\/klaudynahebda.pl\/sklep\/\"},{\"@type\":\"ListItem\",\"position\":2,\"name\":\"Sklep\",\"item\":\"https:\/\/klaudynahebda.pl\/sklep\/sklep\/\"},{\"@type\":\"ListItem\",\"position\":3,\"name\":\"Kosmetyki naturalne\",\"item\":\"https:\/\/klaudynahebda.pl\/sklep\/kosmetyki-naturalne\/\"},{\"@type\":\"ListItem\",\"position\":4,\"name\":\"Pi\u0119kne W\u0142osy \u2013 naturalna piel\u0119gnacja sk\u00f3ry g\u0142owy i w\u0142os\u00f3w\"}]},{\"@type\":\"WebSite\",\"@id\":\"https:\/\/klaudynahebda.pl\/sklep\/#website\",\"url\":\"https:\/\/klaudynahebda.pl\/sklep\/\",\"name\":\"Klaudyna Hebda Nature\",\"description\":\"Sklep\",\"publisher\":{\"@id\":\"https:\/\/klaudynahebda.pl\/sklep\/#organization\"},\"potentialAction\":[{\"@type\":\"SearchAction\",\"target\":{\"@type\":\"EntryPoint\",\"urlTemplate\":\"https:\/\/klaudynahebda.pl\/sklep\/?s={search_term_string}\"},\"query-input\":\"required name=search_term_string\"}],\"inLanguage\":\"pl-PL\"},{\"@type\":\"Organization\",\"@id\":\"https:\/\/klaudynahebda.pl\/sklep\/#organization\",\"name\":\"KlaudynaHebda\",\"url\":\"https:\/\/klaudynahebda.pl\/sklep\/\",\"sameAs\":[],\"logo\":{\"@type\":\"ImageObject\",\"inLanguage\":\"pl-PL\",\"@id\":\"https:\/\/klaudynahebda.pl\/sklep\/#\/schema\/logo\/image\/\",\"url\":\"\",\"contentUrl\":\"\",\"caption\":\"KlaudynaHebda\"},\"image\":{\"@id\":\"https:\/\/klaudynahebda.pl\/sklep\/#\/schema\/logo\/image\/\"}}]}<\/script>\n<!-- \/ Yoast SEO plugin. -->","yoast_head_json":{"title":"Pi\u0119kne W\u0142osy \u2013 naturalna piel\u0119gnacja sk\u00f3ry g\u0142owy i w\u0142os\u00f3w - Klaudyna Hebda Nature","robots":{"index":"index","follow":"follow","max-snippet":"max-snippet:-1","max-image-preview":"max-image-preview:large","max-video-preview":"max-video-preview:-1"},"canonical":"https:\/\/klaudynahebda.pl\/sklep\/piekne-wlosy\/","og_locale":"pl_PL","og_type":"article","og_title":"Pi\u0119kne W\u0142osy \u2013 naturalna piel\u0119gnacja sk\u00f3ry g\u0142owy i w\u0142os\u00f3w - Klaudyna Hebda Nature","og_description":"Zestaw Pi\u0119kne W\u0142osy \u2013 naturalna piel\u0119gnacja od nasady a\u017c po ko\u0144ce Odkryj moc olejk\u00f3w eterycznych i ro\u015blinnych macerat\u00f3w w jednym kompletnym zestawie do piel\u0119gnacji w\u0142os\u00f3w i sk\u00f3ry g\u0142owy. Co w nim znajdziesz? Olejek rozmarynowy, lawendowy i mi\u0119towy oraz Aromabaz\u0119 \u2013 harmonijn\u0105 mieszank\u0119 olej\u00f3w i macerat\u00f3w ro\u015blinnych z witamin\u0105 E.  Dlaczego warto wybra\u0107 ten zestaw?   Olejek rozmarynowy - zachwyca aromatem i w\u0142a\u015bciwo\u015bciami.  Olejek lawendowy - \u0142agodzi i relaksuje.  Olejek z mi\u0119ty pieprzowej - orze\u017awia i ch\u0142odzi.  Aromabaza z maceratami nagietka, \u017cywokostu i dziurawca dba o sk\u00f3r\u0119 g\u0142owy i w\u0142osy, a witamina E wspiera ich kondycj\u0119. Odkryj rado\u015b\u0107 naturalnej, aromaterapeutycznej piel\u0119gnacji \u2013 w\u0142osy odwdzi\u0119cz\u0105 si\u0119 blaskiem i zdrowym wygl\u0105dem!","og_url":"https:\/\/klaudynahebda.pl\/sklep\/piekne-wlosy\/","og_site_name":"Klaudyna Hebda Nature","article_modified_time":"2026-03-16T10:01:04+00:00","og_image":[{"width":844,"height":1152,"url":"https:\/\/klaudynahebda.pl\/sklep\/wp-content\/uploads\/2025\/08\/packshot-olejki-aromabaza-pieknie-wlosy.jpg.webp","type":"image\/webp"}],"twitter_card":"summary_large_image","twitter_misc":{"Szacowany czas czytania":"6 minut"},"schema":{"@context":"https:\/\/schema.org","@graph":[{"@type":"WebPage","@id":"https:\/\/klaudynahebda.pl\/sklep\/piekne-wlosy\/","url":"https:\/\/klaudynahebda.pl\/sklep\/piekne-wlosy\/","name":"Pi\u0119kne W\u0142osy \u2013 naturalna piel\u0119gnacja sk\u00f3ry g\u0142owy i w\u0142os\u00f3w - Klaudyna Hebda Nature","isPartOf":{"@id":"https:\/\/klaudynahebda.pl\/sklep\/#website"},"datePublished":"2025-09-27T12:11:40+00:00","dateModified":"2026-03-16T10:01:04+00:00","breadcrumb":{"@id":"https:\/\/klaudynahebda.pl\/sklep\/piekne-wlosy\/#breadcrumb"},"inLanguage":"pl-PL","potentialAction":[{"@type":"ReadAction","target":["https:\/\/klaudynahebda.pl\/sklep\/piekne-wlosy\/"]}]},{"@type":"BreadcrumbList","@id":"https:\/\/klaudynahebda.pl\/sklep\/piekne-wlosy\/#breadcrumb","itemListElement":[{"@type":"ListItem","position":1,"name":"Strona g\u0142\u00f3wna","item":"https:\/\/klaudynahebda.pl\/sklep\/"},{"@type":"ListItem","position":2,"name":"Sklep","item":"https:\/\/klaudynahebda.pl\/sklep\/sklep\/"},{"@type":"ListItem","position":3,"name":"Kosmetyki naturalne","item":"https:\/\/klaudynahebda.pl\/sklep\/kosmetyki-naturalne\/"},{"@type":"ListItem","position":4,"name":"Pi\u0119kne W\u0142osy \u2013 naturalna piel\u0119gnacja sk\u00f3ry g\u0142owy i w\u0142os\u00f3w"}]},{"@type":"WebSite","@id":"https:\/\/klaudynahebda.pl\/sklep\/#website","url":"https:\/\/klaudynahebda.pl\/sklep\/","name":"Klaudyna Hebda Nature","description":"Sklep","publisher":{"@id":"https:\/\/klaudynahebda.pl\/sklep\/#organization"},"potentialAction":[{"@type":"SearchAction","target":{"@type":"EntryPoint","urlTemplate":"https:\/\/klaudynahebda.pl\/sklep\/?s={search_term_string}"},"query-input":"required name=search_term_string"}],"inLanguage":"pl-PL"},{"@type":"Organization","@id":"https:\/\/klaudynahebda.pl\/sklep\/#organization","name":"KlaudynaHebda","url":"https:\/\/klaudynahebda.pl\/sklep\/","sameAs":[],"logo":{"@type":"ImageObject","inLanguage":"pl-PL","@id":"https:\/\/klaudynahebda.pl\/sklep\/#\/schema\/logo\/image\/","url":"","contentUrl":"","caption":"KlaudynaHebda"},"image":{"@id":"https:\/\/klaudynahebda.pl\/sklep\/#\/schema\/logo\/image\/"}}]}},"_links":{"self":[{"href":"https:\/\/klaudynahebda.pl\/sklep\/wp-json\/wp\/v2\/product\/3342090"}],"collection":[{"href":"https:\/\/klaudynahebda.pl\/sklep\/wp-json\/wp\/v2\/product"}],"about":[{"href":"https:\/\/klaudynahebda.pl\/sklep\/wp-json\/wp\/v2\/types\/product"}],"replies":[{"embeddable":true,"href":"https:\/\/klaudynahebda.pl\/sklep\/wp-json\/wp\/v2\/comments?post=3342090"}],"wp:featuredmedia":[{"embeddable":true,"href":"https:\/\/klaudynahebda.pl\/sklep\/wp-json\/wp\/v2\/media\/3344322"}],"wp:attachment":[{"href":"https:\/\/klaudynahebda.pl\/sklep\/wp-json\/wp\/v2\/media?parent=3342090"}],"wp:term":[{"taxonomy":"product_cat","embeddable":true,"href":"https:\/\/klaudynahebda.pl\/sklep\/wp-json\/wp\/v2\/product_cat?post=3342090"},{"taxonomy":"product_tag","embeddable":true,"href":"https:\/\/klaudynahebda.pl\/sklep\/wp-json\/wp\/v2\/product_tag?post=3342090"}],"curies":[{"name":"wp","href":"https:\/\/api.w.org\/{rel}","templated":true}]}}