{"id":3336098,"date":"2025-08-12T14:51:45","date_gmt":"2025-08-12T12:51:45","guid":{"rendered":"https:\/\/klaudynahebda.pl\/sklep\/?post_type=product&#038;p=3336098"},"modified":"2026-04-15T23:12:24","modified_gmt":"2026-04-15T21:12:24","slug":"zestaw-dobranocka-balsam-mieszanka-olejkow","status":"publish","type":"product","link":"https:\/\/klaudynahebda.pl\/sklep\/zestaw-dobranocka-balsam-mieszanka-olejkow\/","title":{"rendered":"Zestaw dla dzieci DobraNocka: balsam do smarowania + mieszanka olejk\u00f3w"},"content":{"rendered":"<h2><strong>Jak dzia\u0142a zestaw DobraNocka?\u00a0<\/strong><\/h2>\n<p>Mieszanki i balsamu mo\u017cna u\u017cywa\u0107 razem lub osobno. Kiedy jeste\u015b poza domem i masz wi\u0119cej czasu, wypr\u00f3buj czu\u0142y masa\u017c z balsamem DobraNocka. Gdy masz mniej czasu, dyfuzuj mieszank\u0119, kt\u00f3ra zadzia\u0142a \u201cw tle\u201d.<br \/>\nA mo\u017ce Twoje dziecko chce zdecydowa\u0107, kt\u00f3ry koala tym razem uko\u0142ysze go do snu? Czasem wybierze delikatny masa\u017c, innym razem b\u0119dzie wola\u0142o k\u0105piel lub wdychanie zapachu mieszanki prosto z po\u015bcieli. Najwa\u017cniejsze, \u017ce to zadzia\u0142a!<\/p>\n<h3><strong>Balsam DobraNocka\u00a0<\/strong><\/h3>\n<p>Balsam ma koj\u0105cy zapach, kt\u00f3ry wprowadza atmosfer\u0119 relaksu i wspiera wieczorne wyciszenie. Testy kliniczne pod nadzorem lekarza pediatry potwierdzi\u0142y, \u017ce intensywnie nat\u0142uszcza, zmi\u0119kcza oraz od\u017cywia sk\u00f3r\u0119 i mo\u017ce by\u0107 u\u017cywany ju\u017c u <strong>dzieci powy\u017cej 6. miesi\u0105ca \u017cycia<\/strong>. Mo\u017cna go stosowa\u0107 na ca\u0142e cia\u0142o, ale szczeg\u00f3lnie polecamy masa\u017c klatki piersiowej, karku i st\u00f3pek bezpo\u015brednio przed snem.<\/p>\n<p>Jego \u201csupermoce\u201d to naturalne olejki eteryczne: lawendowy, mandarynkowy, kadzid\u0142owy, wetiweriowy i rumiankowy. Ka\u017cdy z nich ma swoj\u0105 rol\u0119:<\/p>\n<ul>\n<li><strong>Lawenda<\/strong> &#8211; klasyk w aromaterapii, wspiera odpr\u0119\u017cenie<\/li>\n<li><strong>Mandarynka<\/strong> &#8211; uwielbiana przez dzieci, tworzy s\u0142odk\u0105 nut\u0119 relaksu<\/li>\n<li><strong>Kadzid\u0142owiec<\/strong> &#8211; uspokaja i pomaga zbudowa\u0107 poczucie harmonii<\/li>\n<li><strong>Wetiweria<\/strong> &#8211; wspaniale wycisza<\/li>\n<li><strong>Rumianek rzymski<\/strong> &#8211; koi, wspiera relaks<\/li>\n<\/ul>\n<p><strong><a href=\"https:\/\/klaudynahebda.pl\/sklep\/dobra-nocka\/\">Wi\u0119cej informacji o balsamie DobraNocka \u2705<\/a><\/strong><\/p>\n<h3><strong>Mieszanka 100% olejk\u00f3w eterycznych DobraNocka\u00a0<\/strong><\/h3>\n<p>To aromaterapeutyczna kompozycja, kt\u00f3rej mo\u017cesz u\u017cywa\u0107 w dyfuzorze, na po\u015bcieli, a po odpowiednim rozcie\u0144czeniu r\u00f3wnie\u017c do k\u0105pieli i relaksuj\u0105cego masa\u017cu. Jej zapach rozlu\u017ania, wycisza, koi i \u0142agodzi rozdra\u017cnienie. Chocia\u017c zosta\u0142a stworzona z my\u015bl\u0105 o dzieciach <strong>powy\u017cej 3. roku \u017cycia<\/strong>, to r\u00f3wnie ch\u0119tnie go\u015bci w sypialni rodzic\u00f3w.<\/p>\n<p>Jej &#8220;supermoce&#8221; to olejki eteryczne: lawendowy, mandarynkowy, majerankowy, copaiba, kadzid\u0142owy, wetiweriowy i ylang ylang.<\/p>\n<ul>\n<li><strong>Lawenda<\/strong> \u2013 wycisza, uspokaja i pomaga zasn\u0105\u0107.<\/li>\n<li><strong>Mandarynka<\/strong> \u2013 rozlu\u017ania i poprawia nastr\u00f3j, szczeg\u00f3lnie u dzieci.<\/li>\n<li><strong>Majeranek<\/strong> \u2013 wspiera poczucie wewn\u0119trznego spokoju i komfortu emocjonalnego.<\/li>\n<li><strong>Copaiba<\/strong> \u2013 koi napi\u0119cia, \u0142agodzi rozdra\u017cnienie i pomaga si\u0119 wyciszy\u0107.<\/li>\n<li><strong>Kadzid\u0142o<\/strong> \u2013 wspiera g\u0142\u0119bokie oddychanie i daje poczucie bezpiecze\u0144stwa.<\/li>\n<li><strong>Ylang ylang<\/strong> \u2013 koi i \u0142agodzi nadpobudliwo\u015b\u0107.<\/li>\n<li><strong>Wetyweria\u00a0<\/strong>\u2013 uspokaja dzieci\u0119cy chaos.<\/li>\n<\/ul>\n<p><strong><a href=\"https:\/\/klaudynahebda.pl\/sklep\/mieszanka-dobranocka\/\">Wi\u0119cej informacji o mieszance olejk\u00f3w eterycznych DobraNocka \u2705<\/a><\/strong><\/p>\n<p><strong>I pami\u0119taj:<\/strong> spokojny wiecz\u00f3r dziecka to spokojny wiecz\u00f3r rodzic\u00f3w \ud83d\udc28 \ud83c\udf19<\/p>\n<h3><strong>Przepis na wiecz\u00f3r z seri\u0105 DobraNocka<\/strong><\/h3>\n<ul>\n<li><strong>Krok 1 &#8211; <span class=\"TextRun SCXW206766967 BCX8\" lang=\"PL-PL\" xml:lang=\"PL-PL\" data-contrast=\"auto\"><span class=\"NormalTextRun SCXW206766967 BCX8\">K\u0105piel pe\u0142na spokoju: <\/span><\/span><\/strong>przygotuj k\u0105piel z <a href=\"https:\/\/klaudynahebda.pl\/sklep\/sol-do-kapieli-dobranocka\/\"><strong>Sol\u0105 Dobranocka<\/strong><\/a> lub <a href=\"https:\/\/klaudynahebda.pl\/sklep\/koncentrat-do-kapieli-dobranocka-100-200-ml\/\"><strong>Koncentratem DobraNocka<\/strong><\/a>,<\/li>\n<li><strong>Krok 2 &#8211; <span class=\"TextRun SCXW143392982 BCX8\" lang=\"PL-PL\" xml:lang=\"PL-PL\" data-contrast=\"auto\"><span class=\"NormalTextRun SCXW143392982 BCX8\">Czu\u0142y masa\u017c na dobry wiecz\u00f3r<\/span><\/span><\/strong>: posmaruj maluszka <strong>Balsamem DobraNocka<\/strong> (klatk\u0119 piersiow\u0105, plecki lub stopy).<\/li>\n<li><strong>Krok 3 &#8211; <span class=\"TextRun SCXW8556441 BCX8\" lang=\"PL-PL\" xml:lang=\"PL-PL\" data-contrast=\"auto\"><span class=\"NormalTextRun SCXW8556441 BCX8\">Zapach <\/span><span class=\"NormalTextRun SCXW8556441 BCX8\">relaksu <\/span><span class=\"NormalTextRun SCXW8556441 BCX8\">w ca\u0142ym pokoju<\/span><\/span><\/strong>: dyfuzja z Mieszank\u0105 <strong>DobraNocka<\/strong>. Niech to b\u0119dzie Wasz domowy spos\u00f3b na dobry sen.<\/li>\n<\/ul>\n<div class=\"row row-collapse align-middle\"  id=\"row-292495377\">\n\n\t<div id=\"col-1829949015\" class=\"col small-10 large-12\"  >\n\t\t\t\t<div class=\"col-inner\"  >\n\t\t\t\n\t\t\t\n<h3 class=\"accordion_title\">Najcz\u0119\u015bciej zadawane pytania<\/h3><div class=\"accordion\" rel=\"1\">\n<\/div>\n<div class=\"accordion-item\"><a href=\"#\" class=\"accordion-title plain\"><button class=\"toggle\"><i class=\"icon-angle-down\"><\/i><\/button><span>Dla kogo przeznaczone s\u0105 produkty z serii DobraNocka?<\/span><\/a><div class=\"accordion-inner\">\n<strong>Balsam DobraNocka<\/strong> mo\u017cna stosowa\u0107 u dzieci od 6. miesi\u0105ca \u017cycia i doros\u0142ych, natomiast <strong>Mieszank\u0119 olejk\u00f3w eterycznych DobraNocka<\/strong> rekomendujemy dla dzieci od 3. roku \u017cycia. Oba produkty s\u0105 odpowiednie dla ca\u0142ej rodziny, wspieraj\u0105c spokojny, wieczorny rytua\u0142.<br \/>\n<\/div><\/div>\n<div class=\"accordion-item\"><a href=\"#\" class=\"accordion-title plain\"><button class=\"toggle\"><i class=\"icon-angle-down\"><\/i><\/button><span>Jakie s\u0105 g\u0142\u00f3wne sk\u0142adniki Balsamu i Mieszanki DobraNocka i ich dzia\u0142anie?<\/span><\/a><div class=\"accordion-inner\">\nBalsam DobraNocka:<\/p>\n<ul>\n<li><strong>Lawenda<\/strong> &#8211; klasyk w aromaterapii, wspiera odpr\u0119\u017cenie<\/li>\n<li><strong>Mandarynka<\/strong> &#8211; uwielbiana przez dzieci, tworzy s\u0142odk\u0105 nut\u0119 relaksu<\/li>\n<li><strong>Kadzid\u0142owiec<\/strong> &#8211; uspokaja i pomaga zbudowa\u0107 poczucie harmonii<\/li>\n<li><strong>Wetiweria<\/strong> &#8211; wspaniale wycisza<\/li>\n<li><strong>Rumianek rzymski<\/strong> &#8211; koi, wspiera relaks<\/li>\n<\/ul>\n<p>Mieszanka olejk\u00f3w eterycznych DobraNocka:<\/p>\n<ul>\n<li><strong>Lawenda<\/strong> \u2013 wycisza, uspokaja i pomaga zasn\u0105\u0107.<\/li>\n<li><strong>Mandarynka<\/strong> \u2013 rozlu\u017ania i poprawia nastr\u00f3j, szczeg\u00f3lnie u dzieci.<\/li>\n<li><strong>Majeranek<\/strong> \u2013 wspiera poczucie wewn\u0119trznego spokoju i komfortu emocjonalnego.<\/li>\n<li><strong>Copaiba<\/strong> \u2013 koi napi\u0119cia, \u0142agodzi rozdra\u017cnienie i pomaga si\u0119 wyciszy\u0107.<\/li>\n<li><strong>Kadzid\u0142o<\/strong> \u2013 wspiera g\u0142\u0119bokie oddychanie i daje poczucie bezpiecze\u0144stwa.<\/li>\n<li><strong>Ylang ylang<\/strong> \u2013 koi i \u0142agodzi nadpobudliwo\u015b\u0107.<\/li>\n<li><strong>Wetyweria\u00a0<\/strong>\u2013 uspokaja dzieci\u0119cy chaos.<\/li>\n<\/ul>\n<\/div><\/div>\n<div class=\"accordion-item\"><a href=\"#\" class=\"accordion-title plain\"><button class=\"toggle\"><i class=\"icon-angle-down\"><\/i><\/button><span>Jak dzia\u0142aj\u0105 produkty z serii DobraNocka?<\/span><\/a><div class=\"accordion-inner\">\nBalsam i Mieszanka olejk\u00f3w wspieraj\u0105 relaks oraz wieczorne wyciszenie dzi\u0119ki \u0142agodnej, zio\u0142owo-cytrusowej kompozycji zapachowej, kt\u00f3ra staje si\u0119 naturalnym sygna\u0142em do zasypiania.<br \/>\n<\/div><\/div>\n<div class=\"accordion-item\"><a href=\"#\" class=\"accordion-title plain\"><button class=\"toggle\"><i class=\"icon-angle-down\"><\/i><\/button><span>Czy produkty DobraNocka s\u0105 bezpieczne dla dzieci?<\/span><\/a><div class=\"accordion-inner\">\nTak. Balsam DobraNocka jest testowany klinicznie, dermatologicznie i pod nadzorem lekarza pediatry. Mieszanka olejk\u00f3w ma delikatn\u0105 formu\u0142\u0119 opracowan\u0105 z my\u015bl\u0105 o najm\u0142odszych \u2013 zalecana jest od 3. roku \u017cycia.<br \/>\n<\/div><\/div>\n<div class=\"accordion-item\"><a href=\"#\" class=\"accordion-title plain\"><button class=\"toggle\"><i class=\"icon-angle-down\"><\/i><\/button><span>Jak stosowa\u0107 Balsam DobraNocka?<\/span><\/a><div class=\"accordion-inner\">\nNiewielk\u0105 ilo\u015b\u0107 balsamu rozgrzej w d\u0142oniach, a nast\u0119pnie na\u0142\u00f3\u017c na klatk\u0119 piersiow\u0105, szyj\u0119, kark lub stopy dziecka \u2013 najlepiej wieczorem, przed snem.<\/p>\n<p><img loading=\"lazy\" class=\"\" src=\"https:\/\/klaudynahebda.pl\/sklep\/wp-content\/uploads\/2019\/11\/balsam-dobranocka-jak-stosowac.jpg\" width=\"388\" height=\"530\" \/><br \/>\n<\/div><\/div>\n<div class=\"accordion-item\"><a href=\"#\" class=\"accordion-title plain\"><button class=\"toggle\"><i class=\"icon-angle-down\"><\/i><\/button><span>Jak stosowa\u0107 Mieszank\u0119 olejk\u00f3w DobraNocka?<\/span><\/a><div class=\"accordion-inner\">\n<p>U\u017cywaj w dyfuzorze lub na tkaninach (np. po\u015bcieli czy pi\u017camce), zaczynaj\u0105c od ma\u0142ej ilo\u015bci. Przed pierwszym u\u017cyciem na materiale wykonaj pr\u00f3b\u0119 na niewidocznym fragmencie, poniewa\u017c olejek mo\u017ce delikatnie odbarwi\u0107 tkanin\u0119.<\/p>\n<p>Do dyfuzora dodaj 15-20 kropli (<strong><a href=\"https:\/\/klaudynahebda.pl\/sklep\/dyfuzor-do-aromaterapii\/\">dyfuzor bezwodny K. HEBDA<\/a><\/strong>) lub kilka kropli (dyfuzor wodny) i uruchom urz\u0105dzenie na 20\u201330 minut. Koj\u0105cy zapach stworzy w pokoju dziecka atmosfer\u0119 spokoju i u\u0142atwi wyciszenie przed snem.<br \/>\n\ud83d\udca7Pami\u0119taj, \u017ceby dyfuzowa\u0107 olejki jedynie w dobrze wentylowanych pomieszczeniach, a po zako\u0144czonej dyfuzji dok\u0142adnie przewietrzy\u0107 pok\u00f3j.<\/p>\n<p><img loading=\"lazy\" class=\"\" src=\"https:\/\/klaudynahebda.pl\/sklep\/wp-content\/uploads\/2025\/08\/k-hebda-mieszanka-dobranocka-jak-stosowac.png\" width=\"390\" height=\"532\" \/><br \/>\n<\/div><\/div>\n<div class=\"accordion-item\"><a href=\"#\" class=\"accordion-title plain\"><button class=\"toggle\"><i class=\"icon-angle-down\"><\/i><\/button><span>Czy produkty mo\u017cna stosowa\u0107 codziennie?<\/span><\/a><div class=\"accordion-inner\">\nTak. Zar\u00f3wno Balsam, jak i Mieszanka olejk\u00f3w DobraNocka mog\u0105 by\u0107 u\u017cywane ka\u017cdego wieczoru jako element sta\u0142ego rytua\u0142u zasypiania.<br \/>\n<\/div><\/div>\n<div class=\"accordion-item\"><a href=\"#\" class=\"accordion-title plain\"><button class=\"toggle\"><i class=\"icon-angle-down\"><\/i><\/button><span>Czy zapach Mieszanki olejk\u00f3w DobraNocka nie b\u0119dzie zbyt intensywny?<\/span><\/a><div class=\"accordion-inner\">\nFormu\u0142a jest \u0142agodna i dostosowana do potrzeb dzieci. Aromat dzia\u0142a subtelnie \u2013 bez efektu przyt\u0142oczenia. Zaczynaj od mniejszych ilo\u015bci produktu i obserwuj jak dziecko na nie reaguje.<br \/>\n<\/div><\/div>\n<div class=\"accordion-item\"><a href=\"#\" class=\"accordion-title plain\"><button class=\"toggle\"><i class=\"icon-angle-down\"><\/i><\/button><span>Dlaczego w Balsamie DobraNocka mog\u0105 pojawi\u0107 si\u0119 grudki?<\/span><\/a><div class=\"accordion-inner\">\nGrudki s\u0105 naturalnym efektem u\u017cycia sk\u0142adnik\u00f3w ro\u015blinnych. Nie wp\u0142ywaj\u0105 na jako\u015b\u0107 produktu i znikaj\u0105 po rozgrzaniu balsamu w d\u0142oniach.<br \/>\n<\/div><\/div>\n<div class=\"accordion-item\"><a href=\"#\" class=\"accordion-title plain\"><button class=\"toggle\"><i class=\"icon-angle-down\"><\/i><\/button><span>Jakie inne produkty obejmuje seria DobraNocka?<\/span><\/a><div class=\"accordion-inner\">\n<p>Seria DobraNocka obejmuje:<\/p>\n<ul>\n<li><strong><a href=\"https:\/\/klaudynahebda.pl\/sklep\/dobra-nocka\/\">Balsam DobraNocka<\/a>,<\/strong><\/li>\n<li><strong><a href=\"https:\/\/klaudynahebda.pl\/sklep\/mieszanka-dobranocka\/\">Mieszanka olejk\u00f3w eterycznych DobraNocka<\/a>,<\/strong><\/li>\n<li><strong><a href=\"https:\/\/klaudynahebda.pl\/sklep\/sol-do-kapieli-dobranocka\/\">S\u00f3l do k\u0105pieli DobraNocka<\/a>, <\/strong><\/li>\n<li><strong><a href=\"https:\/\/klaudynahebda.pl\/sklep\/koncentrat-do-kapieli-dobranocka-100-200-ml\/\">Koncentrat do k\u0105pieli DobraNocka<\/a>, <\/strong><\/li>\n<li><strong><a href=\"https:\/\/klaudynahebda.pl\/sklep\/spray-dobra-nocka\/\">Spray DobraNocka<\/a>, <\/strong><\/li>\n<li><strong><a href=\"https:\/\/klaudynahebda.pl\/sklep\/maslo-dobranocka\/\">Mas\u0142o do cia\u0142a Dobranocka<\/a>,<\/strong><\/li>\n<\/ul>\n<p>a w przysz\u0142o\u015bci wiele innych produkt\u00f3w. \ud83d\ude42<\/p>\n<p>Produkty z serii DobraNocka mo\u017cesz kupi\u0107 tak\u017ce w zestawie, z rabatem:<\/p>\n<p><strong><a href=\"https:\/\/klaudynahebda.pl\/sklep\/dobry-sen-dla-dziecka\/\">Zestaw Dobranocka: balsam, s\u00f3l do k\u0105pieli i spray + naklejki gratis<\/a><\/strong><\/p>\n<p><img loading=\"lazy\" class=\"\" src=\"https:\/\/klaudynahebda.pl\/sklep\/wp-content\/uploads\/2025\/08\/k-hebda-seria-dobranocka-produkty-dla-spokojnego-snu.jpg\" width=\"369\" height=\"503\" \/><\/p>\n<\/div><\/div>\n\t<div id=\"gap-200529732\" class=\"gap-element clearfix\" style=\"display:block; height:auto;\">\n\t\t\n<style>\n#gap-200529732 {\n  padding-top: 20px;\n}\n<\/style>\n\t<\/div>\n\t\n\t\t<\/div>\n\t\t\t\t\t<\/div>\n\n\t\n\n<style>\n#row-292495377 > .col > .col-inner {\n  padding: 35px 0px 20px 0px;\n}\n<\/style>\n<\/div>\n<p>&nbsp;<\/p>\n","protected":false},"excerpt":{"rendered":"<h2><strong>Zestaw DobraNocka: balsam do smarowania + mieszanka 100% olejk\u00f3w eterycznych to:\u00a0<\/strong><\/h2>\n<ul>\n<li>podw\u00f3jnie skuteczny spos\u00f3b na wieczorne wyciszenie przed dobrym snem,<\/li>\n<li>aromaterapeutyczne ukojenie po dniu pe\u0142nym bod\u017ac\u00f3w i emocji,<\/li>\n<li>zio\u0142owe receptury stworzone z my\u015bl\u0105 o najm\u0142odszych i ich rodzicach.<\/li>\n<\/ul>\n<p><strong>Spokojny sen dziecka w obj\u0119ciach koali&#8230; a nawet dw\u00f3ch \ud83d\udc28\u00a0 \ud83d\udc28\u00a0\u00a0\u00a0<\/strong><\/p>\n<p>\u201eAaa, kotki dwa\u2026\u201d \u2013 \u015bpiewasz i liczysz na to, \u017ce kotki tym razem poradz\u0105 sobie z rozbrykanym maluchem. Podpowiadamy, \u017ce lepiej od kotka radzi sobie z tym koala, a najlepiej dwa misie naraz. Jeden na kark, drugi do dyfuzora lub na po\u015bciel i maluch raz-dwa utulony do snu. A rodzice maj\u0105 wiecz\u00f3r dla siebie.<\/p>\n<p>Delikatny aromat olejk\u00f3w eterycznych dzia\u0142a jak naturalna ko\u0142ysanka, kt\u00f3ra koi emocje i daje poczucie bezpiecze\u0144stwa. Balsam i mieszanka wspaniale uzupe\u0142niaj\u0105 swoje dzia\u0142anie i mog\u0105 by\u0107 pachn\u0105cym dope\u0142nieniem Waszych wieczornych rytua\u0142\u00f3w. Po kilku dniach ju\u017c sam zapach b\u0119dzie dla dzieci sygna\u0142em, \u017ce czas na s\u0142odkie sny.<\/p>\n","protected":false},"featured_media":3336392,"comment_status":"open","ping_status":"closed","template":"","meta":[],"product_cat":[114,188,191,126,123,187,210,189,135,190,157,46],"product_tag":[],"acf":[],"yoast_head":"<!-- This site is optimized with the Yoast SEO plugin v19.6.1 - https:\/\/yoast.com\/wordpress\/plugins\/seo\/ -->\n<title>Zestaw dla dzieci DobraNocka: balsam do smarowania + mieszanka olejk\u00f3w - Klaudyna Hebda Nature<\/title>\n<meta name=\"robots\" content=\"index, follow, max-snippet:-1, max-image-preview:large, max-video-preview:-1\" \/>\n<link rel=\"canonical\" href=\"https:\/\/klaudynahebda.pl\/sklep\/zestaw-dobranocka-balsam-mieszanka-olejkow\/\" \/>\n<meta property=\"og:locale\" content=\"pl_PL\" \/>\n<meta property=\"og:type\" content=\"article\" \/>\n<meta property=\"og:title\" content=\"Zestaw dla dzieci DobraNocka: balsam do smarowania + mieszanka olejk\u00f3w - Klaudyna Hebda Nature\" \/>\n<meta property=\"og:description\" content=\"Zestaw DobraNocka: balsam do smarowania + mieszanka 100% olejk\u00f3w eterycznych to:\u00a0   podw\u00f3jnie skuteczny spos\u00f3b na wieczorne wyciszenie przed dobrym snem,  aromaterapeutyczne ukojenie po dniu pe\u0142nym bod\u017ac\u00f3w i emocji,  zio\u0142owe receptury stworzone z my\u015bl\u0105 o najm\u0142odszych i ich rodzicach.  Spokojny sen dziecka w obj\u0119ciach koali... a nawet dw\u00f3ch \ud83d\udc28\u00a0 \ud83d\udc28\u00a0\u00a0\u00a0  \u201eAaa, kotki dwa\u2026\u201d \u2013 \u015bpiewasz i liczysz na to, \u017ce kotki tym razem poradz\u0105 sobie z rozbrykanym maluchem. Podpowiadamy, \u017ce lepiej od kotka radzi sobie z tym koala, a najlepiej dwa misie naraz. Jeden na kark, drugi do dyfuzora lub na po\u015bciel i maluch raz-dwa utulony do snu. A rodzice maj\u0105 wiecz\u00f3r dla siebie.  Delikatny aromat olejk\u00f3w eterycznych dzia\u0142a jak naturalna ko\u0142ysanka, kt\u00f3ra koi emocje i daje poczucie bezpiecze\u0144stwa. Balsam i mieszanka wspaniale uzupe\u0142niaj\u0105 swoje dzia\u0142anie i mog\u0105 by\u0107 pachn\u0105cym dope\u0142nieniem Waszych wieczornych rytua\u0142\u00f3w. Po kilku dniach ju\u017c sam zapach b\u0119dzie dla dzieci sygna\u0142em, \u017ce czas na s\u0142odkie sny.\" \/>\n<meta property=\"og:url\" content=\"https:\/\/klaudynahebda.pl\/sklep\/zestaw-dobranocka-balsam-mieszanka-olejkow\/\" \/>\n<meta property=\"og:site_name\" content=\"Klaudyna Hebda Nature\" \/>\n<meta property=\"article:modified_time\" content=\"2026-04-15T21:12:24+00:00\" \/>\n<meta property=\"og:image\" content=\"https:\/\/klaudynahebda.pl\/sklep\/wp-content\/uploads\/2025\/08\/k-hebda-zestaw-dobranocka-balsam-olejki-packshot.png\" \/>\n\t<meta property=\"og:image:width\" content=\"844\" \/>\n\t<meta property=\"og:image:height\" content=\"1152\" \/>\n\t<meta property=\"og:image:type\" content=\"image\/png\" \/>\n<meta name=\"twitter:card\" content=\"summary_large_image\" \/>\n<meta name=\"twitter:label1\" content=\"Szacowany czas czytania\" \/>\n\t<meta name=\"twitter:data1\" content=\"6 minut\" \/>\n<script type=\"application\/ld+json\" class=\"yoast-schema-graph\">{\"@context\":\"https:\/\/schema.org\",\"@graph\":[{\"@type\":\"WebPage\",\"@id\":\"https:\/\/klaudynahebda.pl\/sklep\/zestaw-dobranocka-balsam-mieszanka-olejkow\/\",\"url\":\"https:\/\/klaudynahebda.pl\/sklep\/zestaw-dobranocka-balsam-mieszanka-olejkow\/\",\"name\":\"Zestaw dla dzieci DobraNocka: balsam do smarowania + mieszanka olejk\u00f3w - Klaudyna Hebda Nature\",\"isPartOf\":{\"@id\":\"https:\/\/klaudynahebda.pl\/sklep\/#website\"},\"datePublished\":\"2025-08-12T12:51:45+00:00\",\"dateModified\":\"2026-04-15T21:12:24+00:00\",\"breadcrumb\":{\"@id\":\"https:\/\/klaudynahebda.pl\/sklep\/zestaw-dobranocka-balsam-mieszanka-olejkow\/#breadcrumb\"},\"inLanguage\":\"pl-PL\",\"potentialAction\":[{\"@type\":\"ReadAction\",\"target\":[\"https:\/\/klaudynahebda.pl\/sklep\/zestaw-dobranocka-balsam-mieszanka-olejkow\/\"]}]},{\"@type\":\"BreadcrumbList\",\"@id\":\"https:\/\/klaudynahebda.pl\/sklep\/zestaw-dobranocka-balsam-mieszanka-olejkow\/#breadcrumb\",\"itemListElement\":[{\"@type\":\"ListItem\",\"position\":1,\"name\":\"Strona g\u0142\u00f3wna\",\"item\":\"https:\/\/klaudynahebda.pl\/sklep\/\"},{\"@type\":\"ListItem\",\"position\":2,\"name\":\"Sklep\",\"item\":\"https:\/\/klaudynahebda.pl\/sklep\/sklep\/\"},{\"@type\":\"ListItem\",\"position\":3,\"name\":\"Seria DobraNocka\",\"item\":\"https:\/\/klaudynahebda.pl\/sklep\/seria-dobranocka\/\"},{\"@type\":\"ListItem\",\"position\":4,\"name\":\"Zestaw dla dzieci DobraNocka: balsam do smarowania + mieszanka olejk\u00f3w\"}]},{\"@type\":\"WebSite\",\"@id\":\"https:\/\/klaudynahebda.pl\/sklep\/#website\",\"url\":\"https:\/\/klaudynahebda.pl\/sklep\/\",\"name\":\"Klaudyna Hebda Nature\",\"description\":\"Sklep\",\"publisher\":{\"@id\":\"https:\/\/klaudynahebda.pl\/sklep\/#organization\"},\"potentialAction\":[{\"@type\":\"SearchAction\",\"target\":{\"@type\":\"EntryPoint\",\"urlTemplate\":\"https:\/\/klaudynahebda.pl\/sklep\/?s={search_term_string}\"},\"query-input\":\"required name=search_term_string\"}],\"inLanguage\":\"pl-PL\"},{\"@type\":\"Organization\",\"@id\":\"https:\/\/klaudynahebda.pl\/sklep\/#organization\",\"name\":\"KlaudynaHebda\",\"url\":\"https:\/\/klaudynahebda.pl\/sklep\/\",\"sameAs\":[],\"logo\":{\"@type\":\"ImageObject\",\"inLanguage\":\"pl-PL\",\"@id\":\"https:\/\/klaudynahebda.pl\/sklep\/#\/schema\/logo\/image\/\",\"url\":\"\",\"contentUrl\":\"\",\"caption\":\"KlaudynaHebda\"},\"image\":{\"@id\":\"https:\/\/klaudynahebda.pl\/sklep\/#\/schema\/logo\/image\/\"}}]}<\/script>\n<!-- \/ Yoast SEO plugin. -->","yoast_head_json":{"title":"Zestaw dla dzieci DobraNocka: balsam do smarowania + mieszanka olejk\u00f3w - Klaudyna Hebda Nature","robots":{"index":"index","follow":"follow","max-snippet":"max-snippet:-1","max-image-preview":"max-image-preview:large","max-video-preview":"max-video-preview:-1"},"canonical":"https:\/\/klaudynahebda.pl\/sklep\/zestaw-dobranocka-balsam-mieszanka-olejkow\/","og_locale":"pl_PL","og_type":"article","og_title":"Zestaw dla dzieci DobraNocka: balsam do smarowania + mieszanka olejk\u00f3w - Klaudyna Hebda Nature","og_description":"Zestaw DobraNocka: balsam do smarowania + mieszanka 100% olejk\u00f3w eterycznych to:\u00a0   podw\u00f3jnie skuteczny spos\u00f3b na wieczorne wyciszenie przed dobrym snem,  aromaterapeutyczne ukojenie po dniu pe\u0142nym bod\u017ac\u00f3w i emocji,  zio\u0142owe receptury stworzone z my\u015bl\u0105 o najm\u0142odszych i ich rodzicach.  Spokojny sen dziecka w obj\u0119ciach koali... a nawet dw\u00f3ch \ud83d\udc28\u00a0 \ud83d\udc28\u00a0\u00a0\u00a0  \u201eAaa, kotki dwa\u2026\u201d \u2013 \u015bpiewasz i liczysz na to, \u017ce kotki tym razem poradz\u0105 sobie z rozbrykanym maluchem. Podpowiadamy, \u017ce lepiej od kotka radzi sobie z tym koala, a najlepiej dwa misie naraz. Jeden na kark, drugi do dyfuzora lub na po\u015bciel i maluch raz-dwa utulony do snu. A rodzice maj\u0105 wiecz\u00f3r dla siebie.  Delikatny aromat olejk\u00f3w eterycznych dzia\u0142a jak naturalna ko\u0142ysanka, kt\u00f3ra koi emocje i daje poczucie bezpiecze\u0144stwa. Balsam i mieszanka wspaniale uzupe\u0142niaj\u0105 swoje dzia\u0142anie i mog\u0105 by\u0107 pachn\u0105cym dope\u0142nieniem Waszych wieczornych rytua\u0142\u00f3w. Po kilku dniach ju\u017c sam zapach b\u0119dzie dla dzieci sygna\u0142em, \u017ce czas na s\u0142odkie sny.","og_url":"https:\/\/klaudynahebda.pl\/sklep\/zestaw-dobranocka-balsam-mieszanka-olejkow\/","og_site_name":"Klaudyna Hebda Nature","article_modified_time":"2026-04-15T21:12:24+00:00","og_image":[{"width":844,"height":1152,"url":"https:\/\/klaudynahebda.pl\/sklep\/wp-content\/uploads\/2025\/08\/k-hebda-zestaw-dobranocka-balsam-olejki-packshot.png","type":"image\/png"}],"twitter_card":"summary_large_image","twitter_misc":{"Szacowany czas czytania":"6 minut"},"schema":{"@context":"https:\/\/schema.org","@graph":[{"@type":"WebPage","@id":"https:\/\/klaudynahebda.pl\/sklep\/zestaw-dobranocka-balsam-mieszanka-olejkow\/","url":"https:\/\/klaudynahebda.pl\/sklep\/zestaw-dobranocka-balsam-mieszanka-olejkow\/","name":"Zestaw dla dzieci DobraNocka: balsam do smarowania + mieszanka olejk\u00f3w - Klaudyna Hebda Nature","isPartOf":{"@id":"https:\/\/klaudynahebda.pl\/sklep\/#website"},"datePublished":"2025-08-12T12:51:45+00:00","dateModified":"2026-04-15T21:12:24+00:00","breadcrumb":{"@id":"https:\/\/klaudynahebda.pl\/sklep\/zestaw-dobranocka-balsam-mieszanka-olejkow\/#breadcrumb"},"inLanguage":"pl-PL","potentialAction":[{"@type":"ReadAction","target":["https:\/\/klaudynahebda.pl\/sklep\/zestaw-dobranocka-balsam-mieszanka-olejkow\/"]}]},{"@type":"BreadcrumbList","@id":"https:\/\/klaudynahebda.pl\/sklep\/zestaw-dobranocka-balsam-mieszanka-olejkow\/#breadcrumb","itemListElement":[{"@type":"ListItem","position":1,"name":"Strona g\u0142\u00f3wna","item":"https:\/\/klaudynahebda.pl\/sklep\/"},{"@type":"ListItem","position":2,"name":"Sklep","item":"https:\/\/klaudynahebda.pl\/sklep\/sklep\/"},{"@type":"ListItem","position":3,"name":"Seria DobraNocka","item":"https:\/\/klaudynahebda.pl\/sklep\/seria-dobranocka\/"},{"@type":"ListItem","position":4,"name":"Zestaw dla dzieci DobraNocka: balsam do smarowania + mieszanka olejk\u00f3w"}]},{"@type":"WebSite","@id":"https:\/\/klaudynahebda.pl\/sklep\/#website","url":"https:\/\/klaudynahebda.pl\/sklep\/","name":"Klaudyna Hebda Nature","description":"Sklep","publisher":{"@id":"https:\/\/klaudynahebda.pl\/sklep\/#organization"},"potentialAction":[{"@type":"SearchAction","target":{"@type":"EntryPoint","urlTemplate":"https:\/\/klaudynahebda.pl\/sklep\/?s={search_term_string}"},"query-input":"required name=search_term_string"}],"inLanguage":"pl-PL"},{"@type":"Organization","@id":"https:\/\/klaudynahebda.pl\/sklep\/#organization","name":"KlaudynaHebda","url":"https:\/\/klaudynahebda.pl\/sklep\/","sameAs":[],"logo":{"@type":"ImageObject","inLanguage":"pl-PL","@id":"https:\/\/klaudynahebda.pl\/sklep\/#\/schema\/logo\/image\/","url":"","contentUrl":"","caption":"KlaudynaHebda"},"image":{"@id":"https:\/\/klaudynahebda.pl\/sklep\/#\/schema\/logo\/image\/"}}]}},"_links":{"self":[{"href":"https:\/\/klaudynahebda.pl\/sklep\/wp-json\/wp\/v2\/product\/3336098"}],"collection":[{"href":"https:\/\/klaudynahebda.pl\/sklep\/wp-json\/wp\/v2\/product"}],"about":[{"href":"https:\/\/klaudynahebda.pl\/sklep\/wp-json\/wp\/v2\/types\/product"}],"replies":[{"embeddable":true,"href":"https:\/\/klaudynahebda.pl\/sklep\/wp-json\/wp\/v2\/comments?post=3336098"}],"wp:featuredmedia":[{"embeddable":true,"href":"https:\/\/klaudynahebda.pl\/sklep\/wp-json\/wp\/v2\/media\/3336392"}],"wp:attachment":[{"href":"https:\/\/klaudynahebda.pl\/sklep\/wp-json\/wp\/v2\/media?parent=3336098"}],"wp:term":[{"taxonomy":"product_cat","embeddable":true,"href":"https:\/\/klaudynahebda.pl\/sklep\/wp-json\/wp\/v2\/product_cat?post=3336098"},{"taxonomy":"product_tag","embeddable":true,"href":"https:\/\/klaudynahebda.pl\/sklep\/wp-json\/wp\/v2\/product_tag?post=3336098"}],"curies":[{"name":"wp","href":"https:\/\/api.w.org\/{rel}","templated":true}]}}