{"id":3330255,"date":"2025-10-13T15:15:12","date_gmt":"2025-10-13T13:15:12","guid":{"rendered":"https:\/\/klaudynahebda.pl\/sklep\/?post_type=product&#038;p=3330255"},"modified":"2026-04-16T08:51:16","modified_gmt":"2026-04-16T06:51:16","slug":"pudelko-zestaw-jubileusz","status":"publish","type":"product","link":"https:\/\/klaudynahebda.pl\/sklep\/pudelko-zestaw-jubileusz\/","title":{"rendered":"Zestaw na 10-lecie &#8211; pude\u0142ko z 10 recepturami (wersje mini)"},"content":{"rendered":"<p><strong>Zestaw limitowany z okazji 10-lecia marki K. Hebda \u2728\u00a0<\/strong><\/p>\n<p><em>10 zio\u0142owych receptur. 10 bestseller\u00f3w. Jedna historia, kt\u00f3ra trwa&#8230;\u00a0<\/em><br \/>\n<em>\u00a0<\/em><br \/>\n<em>W ten wyj\u0105tkowy dla mnie jubileusz oddaj\u0119 w Twoje r\u0119ce pude\u0142ko pe\u0142ne miniaturowych bestseller\u00f3w dekady K. Hebda. Odkryj 10 zio\u0142owych receptur, kt\u00f3re naprawd\u0119 dzia\u0142aj\u0105. Zapraszam Ci\u0119 w podr\u00f3\u017c przez zapachy, rytua\u0142y i wspomnienia ostatniej dekady, a przede wszystkim przez formu\u0142y, kt\u00f3re s\u0142u\u017c\u0105 Wam i Waszym bliskim.\u00a0\u00a0<\/em><br \/>\n<em>&#8211; Klaudyna Hebda<\/em>.<\/p>\n<p>To nie tylko pude\u0142ko z olejkami, balsamami i innymi sprawdzonymi recepturami Klaudyny w uroczej wersji \u201cmini\u201d \u2013 to zaproszenie, by \u015bwi\u0119towa\u0107 razem z nami i jeszcze g\u0142\u0119biej zanurzy\u0107 si\u0119 w \u015bwiecie aromaterapii, zi\u00f3\u0142 i zapach\u00f3w, kt\u00f3re od 10 lat tworzymy dla Was z sercem i pasj\u0105. To te\u017c nasze podzi\u0119kowanie za to, \u017ce jeste\u015bcie z nami i towarzyszycie nam w tej wyj\u0105tkowej drodze.\ud83d\udc9b<\/p>\n<p>Czy w przygotowaniu zestawu pomaga\u0142y nam malutkie skrzaty? Nic z tych rzeczy &#8211; cho\u0107, przyznajemy, \u017ce nie odm\u00f3wiliby\u015bmy takiej pomocy \ud83d\ude09<\/p>\n<h2><strong>Co wchodzi w sk\u0142ad limitowanego zestawu z 10 aromaterapeutycznymi recepturami?<\/strong><\/h2>\n<p><strong>Balsam Lekki Oddech<\/strong> &#8211; 13 g<br \/>\nJu\u017c prawie 200 000 Mam pokocha\u0142o balsam Lekki Oddech dla dzieci. Za co? Za dzia\u0142anie na sk\u00f3r\u0119 i zapach, kt\u00f3ry wspiera komfortowy oddech przez ca\u0142y rok szkolny.<\/p>\n<p><strong>Balsam DobraNocka<\/strong> &#8211; 13 g<br \/>\nKiedy emocje po ca\u0142ym dniu nie pozwalaj\u0105 zamkn\u0105\u0107 oczu&#8230; jest balsam DobraNocka. To naturalna recepta na spokojny wiecz\u00f3r i s\u0142odki sen \u2013 dla maluszka i dla Ciebie.<\/p>\n<p><strong>Ma\u015b\u0107 nagietkowa<\/strong> &#8211; 13 g<br \/>\nMa\u015b\u0107 zio\u0142owa z nagietkiem lekarskim, kt\u00f3ra naturalnie regeneruje podra\u017cnion\u0105 i zaczerwienion\u0105 sk\u00f3r\u0119. Efekt? Ukojona, od\u017cywiona i zregenerowana sk\u00f3ra. Pr\u0119dzej czy p\u00f3\u017aniej, przyda si\u0119 w ka\u017cdym domu.<\/p>\n<p><strong>Roll-on na silne emocje<\/strong> &#8211;\u00a0 2 ml<br \/>\nTw\u00f3j kieszonkowy niezb\u0119dnik w chwilach napi\u0119cia i stresu \u2013 by szybko i naturalnie ugasi\u0107 wulkan emocji.<\/p>\n<p><strong>Roll-on na dobry sen<\/strong> &#8211; 2 ml<br \/>\nZamiast liczenia owiec i przekr\u0119cania si\u0119 z boku na bok w \u015brodku nocy. Do postawienia przy \u0142\u00f3\u017cku i zabrania na wyjazd.<\/p>\n<p><strong>S\u00f3l Lekki Oddech<\/strong> &#8211; 36 g<br \/>\nDope\u0142nienie kultowego balsamu z tej samej serii. Ta s\u00f3l zago\u015bci w Twojej \u0142azience na d\u0142ugo. Dlaczego? Bo to zio\u0142owa k\u0105piel idealna po deszczowych przygodach i spotkaniu z wietrznymi potworami.<\/p>\n<p><strong>Olejek lawendowy<\/strong> &#8211;\u00a0 2 ml<br \/>\nKlasyka aromaterapii \u2013 kropla spokoju i relaksu, na kt\u00f3r\u0105 zas\u0142ugujesz. Zapach lawendy tak pi\u0119kny, \u017ce a\u017c szkoda zamyka\u0107 go w szafie \ud83d\ude09<\/p>\n<p><strong>Olejek Liptus<\/strong> &#8211;\u00a0 2 ml<br \/>\nAutorska kompozycja olejk\u00f3w eterycznych i Tw\u00f3j naturalny spos\u00f3b na inhalacj\u0119 i zapach od\u015bwie\u017cenia w sezonie. Znajdziesz tu m.in. mi\u0119t\u0119, eukaliptus i tymianek.<\/p>\n<p><strong>Olejek pomara\u0144czowy<\/strong> &#8211;\u00a0 2 ml<br \/>\nZapach ciep\u0142a i rado\u015bci \u2013 bez wzgl\u0119du na pogod\u0119. Dzieci go pokochaj\u0105. Ty jeszcze bardziej.<\/p>\n<p><strong>Olejek Czterech Alchemik\u00f3w<\/strong> &#8211;\u00a0 2 ml<br \/>\nNaturalna tarcza dla Twojego domu i ca\u0142ej rodziny. Niezast\u0105piony od wiek\u00f3w. Ten zapach otula i tworzy atmosfer\u0119 bezpiecze\u0144stwa. Co w nim znajdziesz? Same skarby natury, takie jak olejek cynamonowy, go\u017adzikowy czy eukaliptusowy.<\/p>\n<h2><strong>Czy to zestaw dla Ciebie?<\/strong><\/h2>\n<p>Tak, je\u015bli\u2026<\/p>\n<ul>\n<li>chcesz odkry\u0107 10 formu\u0142, kt\u00f3re czerpi\u0105 z natury i b\u0119d\u0105 wspiera\u0107 Ci\u0119 w r\u00f3\u017cnych momentach codzienno\u015bci;<\/li>\n<li>chcesz mie\u0107<strong> kolekcjonersk\u0105 pami\u0105tk\u0119 jubileuszow\u0105<\/strong> \u2013 niepowtarzaln\u0105 i jedyn\u0105 w swoim rodzaju;<\/li>\n<li><strong>lubisz odkrywa\u0107<\/strong> i testowa\u0107 \u2013 dzi\u0119ki temu zestawowi sprawdzisz nasze receptury w minipojemno\u015bciach, zanim zdecydujesz, kt\u00f3re zostan\u0105 z Tob\u0105 na d\u0142u\u017cej, tym razem ju\u017c w pe\u0142nowymiarowych wersjach;<\/li>\n<li><strong>dopiero zaczynasz swoj\u0105 przygod\u0119 z aromaterapi\u0105<\/strong> \u2013\u00a0 to pierwszy krok bez wielkich inwestycji, pozwalaj\u0105c sobie na spokojne odkrywanie naturalnych receptur aromaterapeutki klinicznej nr 1 w Polsce;<\/li>\n<li><strong>szukasz prezentu<\/strong> dla kogo\u015b, o kogo si\u0119 troszczysz \u2013 to pude\u0142eczko pi\u0119knie dope\u0142ni Twoje \u017cyczenia zdrowia, rado\u015bci i u\u015bmiechu na twarzy. To zestaw, kt\u00f3ry wr\u0119czysz bliskiej osobie na \u015bwi\u0119ta, urodziny czy jako drobny, ale wyj\u0105tkowy upominek tak po prostu, bez specjalnej okazji.<\/li>\n<\/ul>\n<div class=\"row row-collapse align-middle\"  id=\"row-1201770261\">\n\n\t<div id=\"col-844856499\" class=\"col small-10 large-12\"  >\n\t\t\t\t<div class=\"col-inner\"  >\n\t\t\t\n\t\t\t\n<h3 class=\"accordion_title\">Najcz\u0119\u015bciej zadawane pytania<\/h3><div class=\"accordion\" rel=\"1\"><\/div>\n<div class=\"accordion-item\"><a href=\"#\" class=\"accordion-title plain\"><button class=\"toggle\"><i class=\"icon-angle-down\"><\/i><\/button><span>Co znajd\u0119 w pude\u0142ku?<\/span><\/a><div class=\"accordion-inner\">\nW \u015brodku jest 10 bestseller\u00f3w marki K.HEBDA w wersji mini: olejki eteryczne, balsamy, ma\u015b\u0107 i roll-ony.<br \/>\nTo nasze najcz\u0119\u015bciej wybierane produkty w autorskich recepturach.<br \/>\n<\/div><\/div>\n<div class=\"accordion-item\"><a href=\"#\" class=\"accordion-title plain\"><button class=\"toggle\"><i class=\"icon-angle-down\"><\/i><\/button><span>Czy te produkty r\u00f3\u017cni\u0105 si\u0119 od pe\u0142nowymiarowych wersji?<\/span><\/a><div class=\"accordion-inner\">\nNie \u2013 to dok\u0142adnie te same receptury, kt\u00f3re sprzedajemy na co dzie\u0144, tylko w mniejszych pojemno\u015bciach przygotowanych specjalnie na 10-lecie.<br \/>\n<\/div><\/div>\n<div class=\"accordion-item\"><a href=\"#\" class=\"accordion-title plain\"><button class=\"toggle\"><i class=\"icon-angle-down\"><\/i><\/button><span>Czy mini produkty mo\u017cna kupi\u0107 osobno?<\/span><\/a><div class=\"accordion-inner\">\nNie, miniatury s\u0105 dost\u0119pne tylko w tym jubileuszowym pude\u0142ku i nie b\u0119d\u0105 w regularnej sprzeda\u017cy.<br \/>\n<\/div><\/div>\n<div class=\"accordion-item\"><a href=\"#\" class=\"accordion-title plain\"><button class=\"toggle\"><i class=\"icon-angle-down\"><\/i><\/button><span>Jak mog\u0119 korzysta\u0107 z olejk\u00f3w eterycznych z zestawu?<\/span><\/a><div class=\"accordion-inner\">\n<ul>\n<li><strong>Do dyfuzora<\/strong>:\u00a0dodaj 15-20 kropli (<strong><a href=\"https:\/\/klaudynahebda.pl\/sklep\/dyfuzor-do-aromaterapii\/\">dyfuzor bezwodny K. HEBDA<\/a><\/strong>) lub kilka kropli (dyfuzor wodny) i uruchom urz\u0105dzenie na 20\u201330 minut. Pami\u0119taj, \u017ceby dyfuzowa\u0107 olejki jedynie w dobrze wentylowanych pomieszczeniach, a po zako\u0144czonej dyfuzji dok\u0142adnie przewietrzy\u0107 pok\u00f3j.<\/li>\n<li><strong>Na po\u015bciel lub pi\u017cam\u0119<\/strong>: Umie\u015b\u0107 1 kropl\u0119 mieszanki na rogu po\u015bcieli lub pi\u017camy\u2013 z dala od twarzy. Przed u\u017cyciem wykonaj pr\u00f3b\u0119 na niewidocznym fragmencie materia\u0142u, by sprawdzi\u0107, czy nie odbarwia tkaniny.<\/li>\n<li><strong>Do masa\u017cu st\u00f3p<\/strong>: Wymieszaj olejek z olejem bazowym* i delikatnie wmasuj w stopy przed snem.<\/li>\n<li><strong>Do masa\u017cu relaksacyjnego<\/strong>: W po\u0142\u0105czeniu z olejem bazowym* mo\u017cesz u\u017cy\u0107 mieszanki do wieczornego masa\u017cu klatki piersiowej, plec\u00f3w lub ramion.<\/li>\n<li><strong>Aromatyczna k\u0105piel<\/strong>: Dodaj kilka kropli* do p\u0142ynu do k\u0105pieli\u202f i dolej do wody.<\/li>\n<\/ul>\n<p data-gtm-vis-has-fired9999833_56=\"1\"><span class=\"TextRun SCXW51799764 BCX8\" lang=\"PL-PL\" xml:lang=\"PL-PL\" data-contrast=\"auto\"><span class=\"NormalTextRun SCXW51799764 BCX8\">*Standardowe st\u0119\u017cenie to 1\u20133% olejku eterycznego w oleju bazowym, co oznacza np. 3 krople olejku na 10 ml (\u0142y\u017ck\u0119) bazy.<br \/>\nW przypadku dzieci, kobiet w ci\u0105\u017cy lub delikatnych obszar\u00f3w cia\u0142a (twarz, szyja) warto stosowa\u0107 jeszcze ni\u017csze st\u0119\u017cenia, nawet 0,5\u20131%<\/span><span class=\"NormalTextRun SCXW51799764 BCX8\">, czyli 1 kropla olejku na 5 ml (\u0142y\u017ceczk\u0119) bazy.<\/span><\/span><span class=\"EOP SCXW51799764 BCX8\" data-ccp-props=\"{&quot;134233117&quot;:false,&quot;134233118&quot;:false,&quot;335559738&quot;:240,&quot;335559739&quot;:240}\"><br \/>\n<\/span><\/div><\/div>\n<div class=\"accordion-item\"><a href=\"#\" class=\"accordion-title plain\"><button class=\"toggle\"><i class=\"icon-angle-down\"><\/i><\/button><span>Czy pude\u0142ko jest limitowane?<\/span><\/a><div class=\"accordion-inner\">\nTak \u2013 to edycja przygotowana wy\u0142\u0105cznie na 10-lecie marki.<br \/>\n<\/div><\/div>\n<div class=\"accordion-item\"><a href=\"#\" class=\"accordion-title plain\"><button class=\"toggle\"><i class=\"icon-angle-down\"><\/i><\/button><span>Na jak d\u0142ugo wystarcz\u0105 takie miniatury?<\/span><\/a><div class=\"accordion-inner\">\nTo ma\u0142e pojemno\u015bci \u2013 wystarcz\u0105 na tyle, aby sprawdzi\u0107 zapach, konsystencj\u0119 i dzia\u0142anie produktu.<br \/>\nOlejki eteryczne i roll-ony maj\u0105 pojemno\u015b\u0107 2 ml, balsamy i ma\u015bci \u2013 13 g, s\u00f3l Lekki Oddech \u2013 36 g (np. 1\u20132 k\u0105piele).<br \/>\n<\/div><\/div>\n<div class=\"accordion-item\"><a href=\"#\" class=\"accordion-title plain\"><button class=\"toggle\"><i class=\"icon-angle-down\"><\/i><\/button><span>Czy produkty w pude\u0142ku s\u0105 bezpieczne dla dzieci?<\/span><\/a><div class=\"accordion-inner\">\nTak, wszystkie receptury to nasze bestsellery, kt\u00f3re maj\u0105 ju\u017c swoje rekomendacje wiekowe (takie same jak w wersjach pe\u0142nowymiarowych).<br \/>\nInformacje o przeznaczeniu i wieku znajdziesz na pude\u0142ku.<br \/>\n<\/div><\/div>\n<div class=\"accordion-item\"><a href=\"#\" class=\"accordion-title plain\"><button class=\"toggle\"><i class=\"icon-angle-down\"><\/i><\/button><span>Czy pude\u0142ko nadaje si\u0119 na prezent?<\/span><\/a><div class=\"accordion-inner\">\nTak, to \u015bwietny pomys\u0142!<br \/>\nTo eleganckie, kolekcjonerskie pude\u0142ko, gotowe do wr\u0119czenia \u2013 bez dodatkowego pakowania.<br \/>\n<\/div><\/div>\n<div class=\"accordion-item\"><a href=\"#\" class=\"accordion-title plain\"><button class=\"toggle\"><i class=\"icon-angle-down\"><\/i><\/button><span>Czy produkty, kt\u00f3re s\u0105 dost\u0119pne w zestawie, mog\u0119 kupi\u0107 p\u00f3\u017aniej w Waszym sklepie?<\/span><\/a><div class=\"accordion-inner\">\nTak \u2013 wszystkie produkty z Pude\u0142ka s\u0105 dost\u0119pne w naszym sklepie w pe\u0142nowymiarowych wersjach.<br \/>\n<\/div><\/div>\n\t<div id=\"gap-1203964275\" class=\"gap-element clearfix\" style=\"display:block; height:auto;\">\n\t\t\n<style>\n#gap-1203964275 {\n  padding-top: 20px;\n}\n<\/style>\n\t<\/div>\n\t\n\t\t<\/div>\n\t\t\t\t\t<\/div>\n\n\t\n\n<style>\n#row-1201770261 > .col > .col-inner {\n  padding: 35px 0px 20px 0px;\n}\n<\/style>\n<\/div>\n","protected":false},"excerpt":{"rendered":"<p><strong>10 zio\u0142owych receptur. 10 bestseller\u00f3w. Jedna historia, kt\u00f3ra trwa&#8230;\u00a0<\/strong><\/p>\n<h2><strong>Zestaw 10 receptur na 10-lecie K. Hebda to:\u00a0<\/strong><\/h2>\n<ul>\n<li>skuteczne, zio\u0142owe formu\u0142y, kt\u00f3re od dekady <strong>wspieraj\u0105 zdrowie i dobre samopoczucie polskich rodzin<\/strong>;<\/li>\n<li>pierwsze w historii <strong>wersje mini naszych 10 bestsellerowych receptur<\/strong> \u2013 ta limitowana edycja ju\u017c si\u0119 wi\u0119cej nie powt\u00f3rzy;<\/li>\n<li><strong>unikatowa pami\u0105tka<\/strong> i kawa\u0142ek naszej historii zamkni\u0119ty w jednym pude\u0142ku;<\/li>\n<li>idealny spos\u00f3b, by <strong>przetestowa\u0107 aromaterapeutyczne receptury<\/strong> przed zakupem pe\u0142nowymiarowych wersji;<\/li>\n<li><strong>wielozadaniowy zestaw<\/strong> na niemal ka\u017cd\u0105 okazj\u0119 i potrzeb\u0119;<\/li>\n<li>niepowtarzalny prezent dla kogo\u015b, kogo lubisz, kochasz i o kogo si\u0119 troszczysz;<\/li>\n<li>zaproszenie do \u015bwiata zapach\u00f3w i emocji, kt\u00f3re towarzysz\u0105 nam ju\u017c <strong>od dekady<\/strong>.<\/li>\n<\/ul>\n<p><strong>Do zakochania jeden krok \u2013 do zakochania w aromaterapii wystarczy jedno pude\u0142ko!\u00a0<\/strong><\/p>\n","protected":false},"featured_media":3385759,"comment_status":"open","ping_status":"closed","template":"","meta":[],"product_cat":[133,188,220,117,191,187,189,39,96,134,129,135,223,132,190,46,118],"product_tag":[],"acf":[],"yoast_head":"<!-- This site is optimized with the Yoast SEO plugin v19.6.1 - https:\/\/yoast.com\/wordpress\/plugins\/seo\/ -->\n<title>Zestaw na 10-lecie - pude\u0142ko z 10 recepturami (wersje mini) - Klaudyna Hebda Nature<\/title>\n<meta name=\"description\" content=\"Limitowany zestaw produkt\u00f3w K. Hebda. Przetestuj sprawdzone formu\u0142y, kt\u00f3re naprawd\u0119 DZIA\u0141AJ\u0104. 10 zio\u0142owych receptur. 10 bestseller\u00f3w. Od dekady w polskich domach.\" \/>\n<meta name=\"robots\" content=\"index, follow, max-snippet:-1, max-image-preview:large, max-video-preview:-1\" \/>\n<link rel=\"canonical\" href=\"https:\/\/klaudynahebda.pl\/sklep\/pudelko-zestaw-jubileusz\/\" \/>\n<meta property=\"og:locale\" content=\"pl_PL\" \/>\n<meta property=\"og:type\" content=\"article\" \/>\n<meta property=\"og:title\" content=\"Zestaw na 10-lecie - pude\u0142ko z 10 recepturami (wersje mini) - Klaudyna Hebda Nature\" \/>\n<meta property=\"og:description\" content=\"Limitowany zestaw produkt\u00f3w K. Hebda. Przetestuj sprawdzone formu\u0142y, kt\u00f3re naprawd\u0119 DZIA\u0141AJ\u0104. 10 zio\u0142owych receptur. 10 bestseller\u00f3w. Od dekady w polskich domach.\" \/>\n<meta property=\"og:url\" content=\"https:\/\/klaudynahebda.pl\/sklep\/pudelko-zestaw-jubileusz\/\" \/>\n<meta property=\"og:site_name\" content=\"Klaudyna Hebda Nature\" \/>\n<meta property=\"article:modified_time\" content=\"2026-04-16T06:51:16+00:00\" \/>\n<meta property=\"og:image\" content=\"https:\/\/klaudynahebda.pl\/sklep\/wp-content\/uploads\/2025\/07\/pudelko-10-lecie-klaudyna-hebda-packshot-bestsellery.jpg.png\" \/>\n\t<meta property=\"og:image:width\" content=\"844\" \/>\n\t<meta property=\"og:image:height\" content=\"1152\" \/>\n\t<meta property=\"og:image:type\" content=\"image\/png\" \/>\n<meta name=\"twitter:card\" content=\"summary_large_image\" \/>\n<meta name=\"twitter:label1\" content=\"Szacowany czas czytania\" \/>\n\t<meta name=\"twitter:data1\" content=\"6 minut\" \/>\n<script type=\"application\/ld+json\" class=\"yoast-schema-graph\">{\"@context\":\"https:\/\/schema.org\",\"@graph\":[{\"@type\":\"WebPage\",\"@id\":\"https:\/\/klaudynahebda.pl\/sklep\/pudelko-zestaw-jubileusz\/\",\"url\":\"https:\/\/klaudynahebda.pl\/sklep\/pudelko-zestaw-jubileusz\/\",\"name\":\"Zestaw na 10-lecie - pude\u0142ko z 10 recepturami (wersje mini) - Klaudyna Hebda Nature\",\"isPartOf\":{\"@id\":\"https:\/\/klaudynahebda.pl\/sklep\/#website\"},\"datePublished\":\"2025-10-13T13:15:12+00:00\",\"dateModified\":\"2026-04-16T06:51:16+00:00\",\"description\":\"Limitowany zestaw produkt\u00f3w K. Hebda. Przetestuj sprawdzone formu\u0142y, kt\u00f3re naprawd\u0119 DZIA\u0141AJ\u0104. 10 zio\u0142owych receptur. 10 bestseller\u00f3w. Od dekady w polskich domach.\",\"breadcrumb\":{\"@id\":\"https:\/\/klaudynahebda.pl\/sklep\/pudelko-zestaw-jubileusz\/#breadcrumb\"},\"inLanguage\":\"pl-PL\",\"potentialAction\":[{\"@type\":\"ReadAction\",\"target\":[\"https:\/\/klaudynahebda.pl\/sklep\/pudelko-zestaw-jubileusz\/\"]}]},{\"@type\":\"BreadcrumbList\",\"@id\":\"https:\/\/klaudynahebda.pl\/sklep\/pudelko-zestaw-jubileusz\/#breadcrumb\",\"itemListElement\":[{\"@type\":\"ListItem\",\"position\":1,\"name\":\"Strona g\u0142\u00f3wna\",\"item\":\"https:\/\/klaudynahebda.pl\/sklep\/\"},{\"@type\":\"ListItem\",\"position\":2,\"name\":\"Sklep\",\"item\":\"https:\/\/klaudynahebda.pl\/sklep\/sklep\/\"},{\"@type\":\"ListItem\",\"position\":3,\"name\":\"Szkolni Odporni\",\"item\":\"https:\/\/klaudynahebda.pl\/sklep\/szkolni-odporni\/\"},{\"@type\":\"ListItem\",\"position\":4,\"name\":\"Zestaw na 10-lecie &#8211; pude\u0142ko z 10 recepturami (wersje mini)\"}]},{\"@type\":\"WebSite\",\"@id\":\"https:\/\/klaudynahebda.pl\/sklep\/#website\",\"url\":\"https:\/\/klaudynahebda.pl\/sklep\/\",\"name\":\"Klaudyna Hebda Nature\",\"description\":\"Sklep\",\"publisher\":{\"@id\":\"https:\/\/klaudynahebda.pl\/sklep\/#organization\"},\"potentialAction\":[{\"@type\":\"SearchAction\",\"target\":{\"@type\":\"EntryPoint\",\"urlTemplate\":\"https:\/\/klaudynahebda.pl\/sklep\/?s={search_term_string}\"},\"query-input\":\"required name=search_term_string\"}],\"inLanguage\":\"pl-PL\"},{\"@type\":\"Organization\",\"@id\":\"https:\/\/klaudynahebda.pl\/sklep\/#organization\",\"name\":\"KlaudynaHebda\",\"url\":\"https:\/\/klaudynahebda.pl\/sklep\/\",\"sameAs\":[],\"logo\":{\"@type\":\"ImageObject\",\"inLanguage\":\"pl-PL\",\"@id\":\"https:\/\/klaudynahebda.pl\/sklep\/#\/schema\/logo\/image\/\",\"url\":\"\",\"contentUrl\":\"\",\"caption\":\"KlaudynaHebda\"},\"image\":{\"@id\":\"https:\/\/klaudynahebda.pl\/sklep\/#\/schema\/logo\/image\/\"}}]}<\/script>\n<!-- \/ Yoast SEO plugin. -->","yoast_head_json":{"title":"Zestaw na 10-lecie - pude\u0142ko z 10 recepturami (wersje mini) - Klaudyna Hebda Nature","description":"Limitowany zestaw produkt\u00f3w K. Hebda. Przetestuj sprawdzone formu\u0142y, kt\u00f3re naprawd\u0119 DZIA\u0141AJ\u0104. 10 zio\u0142owych receptur. 10 bestseller\u00f3w. Od dekady w polskich domach.","robots":{"index":"index","follow":"follow","max-snippet":"max-snippet:-1","max-image-preview":"max-image-preview:large","max-video-preview":"max-video-preview:-1"},"canonical":"https:\/\/klaudynahebda.pl\/sklep\/pudelko-zestaw-jubileusz\/","og_locale":"pl_PL","og_type":"article","og_title":"Zestaw na 10-lecie - pude\u0142ko z 10 recepturami (wersje mini) - Klaudyna Hebda Nature","og_description":"Limitowany zestaw produkt\u00f3w K. Hebda. Przetestuj sprawdzone formu\u0142y, kt\u00f3re naprawd\u0119 DZIA\u0141AJ\u0104. 10 zio\u0142owych receptur. 10 bestseller\u00f3w. Od dekady w polskich domach.","og_url":"https:\/\/klaudynahebda.pl\/sklep\/pudelko-zestaw-jubileusz\/","og_site_name":"Klaudyna Hebda Nature","article_modified_time":"2026-04-16T06:51:16+00:00","og_image":[{"width":844,"height":1152,"url":"https:\/\/klaudynahebda.pl\/sklep\/wp-content\/uploads\/2025\/07\/pudelko-10-lecie-klaudyna-hebda-packshot-bestsellery.jpg.png","type":"image\/png"}],"twitter_card":"summary_large_image","twitter_misc":{"Szacowany czas czytania":"6 minut"},"schema":{"@context":"https:\/\/schema.org","@graph":[{"@type":"WebPage","@id":"https:\/\/klaudynahebda.pl\/sklep\/pudelko-zestaw-jubileusz\/","url":"https:\/\/klaudynahebda.pl\/sklep\/pudelko-zestaw-jubileusz\/","name":"Zestaw na 10-lecie - pude\u0142ko z 10 recepturami (wersje mini) - Klaudyna Hebda Nature","isPartOf":{"@id":"https:\/\/klaudynahebda.pl\/sklep\/#website"},"datePublished":"2025-10-13T13:15:12+00:00","dateModified":"2026-04-16T06:51:16+00:00","description":"Limitowany zestaw produkt\u00f3w K. Hebda. Przetestuj sprawdzone formu\u0142y, kt\u00f3re naprawd\u0119 DZIA\u0141AJ\u0104. 10 zio\u0142owych receptur. 10 bestseller\u00f3w. Od dekady w polskich domach.","breadcrumb":{"@id":"https:\/\/klaudynahebda.pl\/sklep\/pudelko-zestaw-jubileusz\/#breadcrumb"},"inLanguage":"pl-PL","potentialAction":[{"@type":"ReadAction","target":["https:\/\/klaudynahebda.pl\/sklep\/pudelko-zestaw-jubileusz\/"]}]},{"@type":"BreadcrumbList","@id":"https:\/\/klaudynahebda.pl\/sklep\/pudelko-zestaw-jubileusz\/#breadcrumb","itemListElement":[{"@type":"ListItem","position":1,"name":"Strona g\u0142\u00f3wna","item":"https:\/\/klaudynahebda.pl\/sklep\/"},{"@type":"ListItem","position":2,"name":"Sklep","item":"https:\/\/klaudynahebda.pl\/sklep\/sklep\/"},{"@type":"ListItem","position":3,"name":"Szkolni Odporni","item":"https:\/\/klaudynahebda.pl\/sklep\/szkolni-odporni\/"},{"@type":"ListItem","position":4,"name":"Zestaw na 10-lecie &#8211; pude\u0142ko z 10 recepturami (wersje mini)"}]},{"@type":"WebSite","@id":"https:\/\/klaudynahebda.pl\/sklep\/#website","url":"https:\/\/klaudynahebda.pl\/sklep\/","name":"Klaudyna Hebda Nature","description":"Sklep","publisher":{"@id":"https:\/\/klaudynahebda.pl\/sklep\/#organization"},"potentialAction":[{"@type":"SearchAction","target":{"@type":"EntryPoint","urlTemplate":"https:\/\/klaudynahebda.pl\/sklep\/?s={search_term_string}"},"query-input":"required name=search_term_string"}],"inLanguage":"pl-PL"},{"@type":"Organization","@id":"https:\/\/klaudynahebda.pl\/sklep\/#organization","name":"KlaudynaHebda","url":"https:\/\/klaudynahebda.pl\/sklep\/","sameAs":[],"logo":{"@type":"ImageObject","inLanguage":"pl-PL","@id":"https:\/\/klaudynahebda.pl\/sklep\/#\/schema\/logo\/image\/","url":"","contentUrl":"","caption":"KlaudynaHebda"},"image":{"@id":"https:\/\/klaudynahebda.pl\/sklep\/#\/schema\/logo\/image\/"}}]}},"_links":{"self":[{"href":"https:\/\/klaudynahebda.pl\/sklep\/wp-json\/wp\/v2\/product\/3330255"}],"collection":[{"href":"https:\/\/klaudynahebda.pl\/sklep\/wp-json\/wp\/v2\/product"}],"about":[{"href":"https:\/\/klaudynahebda.pl\/sklep\/wp-json\/wp\/v2\/types\/product"}],"replies":[{"embeddable":true,"href":"https:\/\/klaudynahebda.pl\/sklep\/wp-json\/wp\/v2\/comments?post=3330255"}],"wp:featuredmedia":[{"embeddable":true,"href":"https:\/\/klaudynahebda.pl\/sklep\/wp-json\/wp\/v2\/media\/3385759"}],"wp:attachment":[{"href":"https:\/\/klaudynahebda.pl\/sklep\/wp-json\/wp\/v2\/media?parent=3330255"}],"wp:term":[{"taxonomy":"product_cat","embeddable":true,"href":"https:\/\/klaudynahebda.pl\/sklep\/wp-json\/wp\/v2\/product_cat?post=3330255"},{"taxonomy":"product_tag","embeddable":true,"href":"https:\/\/klaudynahebda.pl\/sklep\/wp-json\/wp\/v2\/product_tag?post=3330255"}],"curies":[{"name":"wp","href":"https:\/\/api.w.org\/{rel}","templated":true}]}}