{"id":3322149,"date":"2026-02-09T06:00:34","date_gmt":"2026-02-09T05:00:34","guid":{"rendered":"https:\/\/klaudynahebda.pl\/sklep\/?post_type=product&#038;p=3322149"},"modified":"2026-04-18T21:32:12","modified_gmt":"2026-04-18T19:32:12","slug":"plastry-lekki-oddech","status":"publish","type":"product","link":"https:\/\/klaudynahebda.pl\/sklep\/plastry-lekki-oddech\/","title":{"rendered":"Plastry Lekki Oddech do aromaterapii 5 szt."},"content":{"rendered":"<h2><strong>Swobodny oddech dzi\u0119ki aromaterapii dla najm\u0142odszych: naklej i temat zamkni\u0119ty<\/strong><\/h2>\n<p>\u017b\u00f3\u0142ty S\u0142o\u0144 to przyjaciel dzieci i rodzic\u00f3w, kt\u00f3ry z ka\u017cdym oddechem roztacza pachn\u0105cy aromat olejk\u00f3w eterycznych. Tym razem dba o to, \u017ceby aromaterapia dla najm\u0142odszych by\u0142a szybka i prawie niezauwa\u017calna, ale zauwa\u017calnie odczuwalna. Bez negocjacji i &#8220;walki&#8221; z maluchem.<\/p>\n<p>S\u0142oniowy plasterek l\u0105duje na ubranku, \u0142\u00f3\u017ceczku czy po\u015bcieli i dzia\u0142a a\u017c 8 godzin. W tym czasie stopniowo uwalniane s\u0105 olejki, kt\u00f3re docieraj\u0105 do ma\u0142ego noska i dbaj\u0105 o swobodne oddychanie. Efekt? Komfort dla dziecka, ulga dla rodzic\u00f3w, spokojny sen dla ca\u0142ej rodziny.<\/p>\n<h2><strong>Co znajdziesz w plastrach aromatycznych dla dzieci?<\/strong><\/h2>\n<p>Plastry Lekki Oddech to a\u017c sze\u015b\u0107 olejk\u00f3w eterycznych:<\/p>\n<ul>\n<li><strong>tymiankowy<\/strong> \u2013 o zio\u0142owym i koj\u0105cym aromacie,<\/li>\n<li><strong>majerankowy<\/strong> \u2013 niezast\u0105piony zw\u0142aszcza w sezonie jesienno-zimowym,<\/li>\n<li><strong>oregano<\/strong> \u2013 intensywny, o pe\u0142nej mocy p\u0142yn\u0105cej prosto z natury,<\/li>\n<li><strong>mi\u0119towy<\/strong> \u2013 od\u015bwie\u017caj\u0105cy i orze\u017awiaj\u0105cy ju\u017c po pierwszym pow\u0105chaniu,<\/li>\n<li><strong>sosnowy<\/strong> \u2013 \u015bwie\u017cy, pachn\u0105cy prawdziwym lasem,<\/li>\n<li><strong>rozmarynowy<\/strong> \u2013 delikatnie od\u015bwie\u017caj\u0105cy.<\/li>\n<\/ul>\n<p>&nbsp;<\/p>\n<p><iframe loading=\"lazy\" title=\"YouTube video player\" src=\"https:\/\/www.youtube.com\/embed\/2GKbvVY-Kxc?si=pJShEMApkhGLajHE\" width=\"560\" height=\"315\" frameborder=\"0\" allowfullscreen=\"allowfullscreen\"><\/iframe><\/p>\n<h3><strong>Naturalne olejki eteryczne w plastrach dla dzieci\u00a0<\/strong><\/h3>\n<p>Zapach plastr\u00f3w Lekki Oddech to nie kompozycja zapachowa. To naturalne olejki eteryczne w plastrach dobrane tak, \u017ceby dba\u0107 o spokojny oddech najm\u0142odszych w dzie\u0144 i w nocy.<\/p>\n<h2><strong>Jak stosowa\u0107 plastry aromaterapeutyczne Lekki Oddech?\u00a0<\/strong><\/h2>\n<p>U\u017cywanie naszych plastr\u00f3w jest bardzo proste. Mo\u017cesz je naklei\u0107 przed wyj\u015bciem do przedszkola czy \u017c\u0142obka, a nawet w czasie snu maluszka i mie\u0107 pewno\u015b\u0107, \u017ce nie zak\u0142\u00f3cisz jego odpoczynku.<\/p>\n<ol>\n<li>Otw\u00f3rz jednorazow\u0105 saszetk\u0119 i wyjmij plaster.<\/li>\n<li>Usu\u0144 plasterek ochronny.<\/li>\n<li>Przyklej plaster na ubranie dziecka, po\u015bciel czy \u0142\u00f3\u017ceczko (pami\u0119taj o odleg\u0142o\u015bci min. 30 cm od twarzy malucha).<\/li>\n<li>Po 8 godzinach delikatnie odklej plaster i wyrzu\u0107 go do kosza.<\/li>\n<\/ol>\n<h2><strong>Czy plastry dla dzieci Lekki Oddech to co\u015b dla ciebie?\u00a0\u00a0<\/strong><\/h2>\n<p>Tak, je\u015bli jeste\u015b rodzicem i:<\/p>\n<ul>\n<li>chcesz zadba\u0107 o spokojny oddech swojego dziecka,<\/li>\n<li>lubisz szybkie i wygodne rozwi\u0105zania, \u0142atwe do u\u017cycia nawet w podr\u00f3\u017cy,<\/li>\n<li>\u015bwiadomie wybierasz to, co naturalne, znasz dzia\u0142anie zi\u00f3\u0142 i aromaterapii,<\/li>\n<li>nie chcesz da\u0107 si\u0119 zaskoczy\u0107 w sezonie jesienno-zimowym i lubisz zawsze mie\u0107 pod r\u0119k\u0105 sprawdzone rozwi\u0105zania,<\/li>\n<li>potrzebujesz wsparcia olejk\u00f3w, kt\u00f3re daj\u0105 uczucie \u015bwie\u017co\u015bci i wspieraj\u0105 komfort oddychania,<\/li>\n<li>znasz i lubisz seri\u0119 Lekki Oddech i chcesz uzupe\u0142ni\u0107 jej dzia\u0142anie plastrami.<\/li>\n<\/ul>\n<h3><strong>Ekspresowy rytua\u0142 z seri\u0105 Lekki Oddech w 2 krokach:<\/strong><\/h3>\n<ul>\n<li><strong>Krok 1 \u2013\u00a0<span class=\"TextRun SCXW206766967 BCX8\" lang=\"PL-PL\" xml:lang=\"PL-PL\" data-contrast=\"auto\"><span class=\"NormalTextRun SCXW206766967 BCX8\">K\u0105piel pe\u0142na zapachu<\/span><\/span><\/strong><span class=\"TextRun SCXW206766967 BCX8\" lang=\"PL-PL\" xml:lang=\"PL-PL\" data-contrast=\"auto\"><span class=\"NormalTextRun SCXW206766967 BCX8\">:\u00a0<\/span><\/span>do wanny dodaj 2-3 nakr\u0119tki\u00a0<strong><a href=\"https:\/\/klaudynahebda.pl\/sklep\/koncentrat-do-kapieli-lekki-oddech-100-200-ml\/\">Koncentratu Lekki Oddech<\/a><\/strong>\u00a0lub wsyp 1-3 \u0142y\u017cki\u00a0<a href=\"https:\/\/klaudynahebda.pl\/sklep\/sol-ziolowa-do-kapieli-lekki-oddech\/\"><strong>S\u00f3l Lekki Oddech<\/strong>.<\/a><\/li>\n<li><strong>Krok 2 \u2013 Plasterek na dobranoc<\/strong>: po k\u0105pieli naklej plaster Lekki Oddech na pi\u017camk\u0119 dziecka (w okolicy klatki piersiowej, nie bezpo\u015brednio na sk\u00f3r\u0119).<\/li>\n<\/ul>\n<p>Sprawd\u017a te\u017c inne produkty z kultowej <a href=\"https:\/\/klaudynahebda.pl\/sklep\/seria-lekki-oddech\/\"><strong>serii Lekki Oddech<\/strong><\/a>.<\/p>\n<div class=\"table-responsive\">\n<table style=\"width: 100%; border-collapse: collapse; color: #000;\">\n<thead>\n<tr>\n<th style=\"background: #006F4F; color: #fff; padding: 14px; text-align: left; border: 1px solid #B7E0CE;\">Co si\u0119 dzieje?<\/th>\n<th style=\"background: #006F4F; color: #fff; padding: 14px; text-align: left; border: 1px solid #B7E0CE;\">Potrzebuj\u0119 Lekkiego Oddechu&#8230;<\/th>\n<\/tr>\n<\/thead>\n<tbody><!-- PLASTRY --><\/p>\n<tr style=\"background: #fff;\">\n<td style=\"padding: 14px; border: 1px solid #B7E0CE;\">\u2022 dziecko \u015bpi i nie chc\u0119 go budzi\u0107<br \/>\n\u2022 mam za du\u017co na g\u0142owie, \u017ceby jeszcze pami\u0119ta\u0107 o reaplikacji<br \/>\n\u2022 dziecko odmawia smarowania i inhalacji<br \/>\n\u2022 jeste\u015bmy poza domem<br \/>\n\u2022 liczy si\u0119 ka\u017cda sekunda<\/td>\n<td style=\"padding: 14px; border: 1px solid #B7E0CE; background: #B7E0CE;\"><b>w plasterkach<\/b><br \/>\n\u2022 u\u0142atwiaj\u0105 swobodne oddychanie<br \/>\n\u2022 dzia\u0142aj\u0105 nawet do 8 godzin &#8211; bez reaplikacji<br \/>\n\u2022 bez kontaktu ze sk\u00f3r\u0105<br \/>\n\u2022 bez negocjacji z dzieckiem &#8211; zapach pracuje &#8220;w tle&#8221; i przy okazji<\/td>\n<\/tr>\n<p><!-- BALSAM --><\/p>\n<tr style=\"background: #fff;\">\n<td style=\"padding: 14px; border: 1px solid #B7E0CE;\">\u2022 jestem w domu i mam wi\u0119cej czasu<br \/>\n\u2022 dziecko potrzebuje mojej obecno\u015bci i wsparcia<br \/>\n\u2022 dziecko lubi dotyk i masa\u017ce<br \/>\n\u2022 sk\u00f3ra potrzebuje ukojenia i ochrony<\/td>\n<td style=\"padding: 14px; border: 1px solid #B7E0CE; background: #B7E0CE;\"><a href=\"https:\/\/klaudynahebda.pl\/sklep\/balsam-lekki-oddech\/\"><b>w balsamie<\/b><\/a><br \/>\n\u2022 dzia\u0142a bezpo\u015brednio na sk\u00f3r\u0119 &#8211; koncentracja w konkretnym obszarze<br \/>\n\u2022 zapach wspiera swobodny oddech<br \/>\n\u2022 rodzinny rytua\u0142 troski i bezpiecze\u0144stwa<br \/>\n\u2022 najlepszy przy regularnym stosowaniu<\/td>\n<\/tr>\n<p><!-- MIESZANKA --><\/p>\n<tr style=\"background: #fff;\">\n<td style=\"padding: 14px; border: 1px solid #B7E0CE;\">\u2022 zapach ma dzia\u0142a\u0107 dla ca\u0142ej rodziny<br \/>\n\u2022 potrzebujemy domowego wyciszenia (wiecz\u00f3r, drzemka w ci\u0105gu dnia)<br \/>\n\u2022 chc\u0119 dzia\u0142ania \u201ew tle\u201d i \u201eprzy okazji\u201d<\/td>\n<td style=\"padding: 14px; border: 1px solid #B7E0CE; background: #B7E0CE;\"><a href=\"https:\/\/klaudynahebda.pl\/sklep\/lekki-oddech-noc-mieszanka\/\"><b>w mieszance olejk\u00f3w na noc<\/b><\/a><br \/>\n\u2022 \u015bwie\u017co\u015b\u0107 olejk\u00f3w wype\u0142nia ca\u0142\u0105 przestrze\u0144<br \/>\n\u2022 z olejk\u00f3w korzysta ca\u0142a rodzina &#8211; bez odrywania si\u0119 od zaj\u0119\u0107<br \/>\n\u2022 to idealny rytua\u0142 przed snem, kt\u00f3ry sprzyja odpr\u0119\u017ceniu i regeneracji<\/td>\n<\/tr>\n<\/tbody>\n<\/table>\n<\/div>\n<p><span data-contrast=\"auto\"><div class=\"row row-collapse align-middle\"  id=\"row-1887315391\">\n\n\t<div id=\"col-548055296\" class=\"col small-10 large-12\"  >\n\t\t\t\t<div class=\"col-inner\"  >\n\t\t\t\n\t\t\t\n<h3 class=\"accordion_title\">Najcz\u0119\u015bciej zadawane pytania<\/h3><div class=\"accordion\" rel=\"1\">\n<\/div>\n<\/span><div class=\"accordion-item\"><a href=\"#\" class=\"accordion-title plain\"><button class=\"toggle\"><i class=\"icon-angle-down\"><\/i><\/button><span>Od jakiego wieku mo\u017cna stosowa\u0107 plastry Lekki Oddech dla dzieci?<\/span><\/a><div class=\"accordion-inner\">\nPlastry s\u0105 przeznaczone dla dzieci powy\u017cej 18. miesi\u0105ca \u017cycia, przy stosowaniu zgodnie z zaleceniami \u2014 na ubranie, w odpowiedniej odleg\u0142o\u015bci od twarzy. Jak przy ka\u017cdym produkcie zawieraj\u0105cym olejki eteryczne, nale\u017cy stosowa\u0107 je z ostro\u017cno\u015bci\u0105 i obserwowa\u0107 reakcj\u0119 dziecka po aplikacji.<br \/>\n<\/div><\/div>\n<div class=\"accordion-item\"><a href=\"#\" class=\"accordion-title plain\"><button class=\"toggle\"><i class=\"icon-angle-down\"><\/i><\/button><span>Gdzie dok\u0142adnie przyklei\u0107 plaster?<\/span><\/a><div class=\"accordion-inner\">\nPlaster mo\u017cna umie\u015bci\u0107 na ubraniu, pi\u017camie lub w \u0142\u00f3\u017ceczku \u2013 zawsze poza zasi\u0119giem r\u0105k dziecka, w odleg\u0142o\u015bci minimum 30 cm od twarzy. Nie nale\u017cy przykleja\u0107 plastra bezpo\u015brednio na sk\u00f3r\u0119 ani na delikatne materia\u0142y.<br \/>\n<\/div><\/div>\n<div class=\"accordion-item\"><a href=\"#\" class=\"accordion-title plain\"><button class=\"toggle\"><i class=\"icon-angle-down\"><\/i><\/button><span>Czy plastry mo\u017cna stosowa\u0107 w dzie\u0144 i w nocy?<\/span><\/a><div class=\"accordion-inner\">\nTak. Plastry sprawdzaj\u0105 si\u0119 zar\u00f3wno w dzie\u0144, jak i w nocy \u2014 zapach uwalnia si\u0119 stopniowo, nawet do 8 godzin. Mo\u017cna je stosowa\u0107 podczas odpoczynku, zabawy, spaceru czy podr\u00f3\u017cy. Plastry mog\u0105 towarzyszy\u0107 dziecku tak\u017ce podczas snu, wspieraj\u0105c komfortowe oddychanie i dobre samopoczucie.<br \/>\n<\/div><\/div>\n<div class=\"accordion-item\"><a href=\"#\" class=\"accordion-title plain\"><button class=\"toggle\"><i class=\"icon-angle-down\"><\/i><\/button><span>Jak d\u0142ugo dzia\u0142a jeden plaster?<\/span><\/a><div class=\"accordion-inner\">\nDzi\u0119ki warstwowej budowie zapach uwalnia si\u0119 stopniowo nawet do 8 godzin.<br \/>\n<\/div><\/div>\n<div class=\"accordion-item\"><a href=\"#\" class=\"accordion-title plain\"><button class=\"toggle\"><i class=\"icon-angle-down\"><\/i><\/button><span>Czy plaster mo\u017ce mie\u0107 kontakt ze sk\u00f3r\u0105?<\/span><\/a><div class=\"accordion-inner\">\nNie. Plaster nie jest przeznaczony do stosowania bezpo\u015brednio na sk\u00f3r\u0119. Zawsze nale\u017cy nakleja\u0107 go na ubranie.<br \/>\n<\/div><\/div>\n<div class=\"accordion-item\"><a href=\"#\" class=\"accordion-title plain\"><button class=\"toggle\"><i class=\"icon-angle-down\"><\/i><\/button><span>Czy mo\u017cna stosowa\u0107 plastry razem z dyfuzj\u0105 olejk\u00f3w eterycznych lub innymi produktami aromaterapeutycznymi (w tym samym czasie)?<\/span><\/a><div class=\"accordion-inner\">\nZaleca si\u0119 ostro\u017cno\u015b\u0107 przy \u0142\u0105czeniu r\u00f3\u017cnych form aromaterapii, aby nie tworzy\u0107 zbyt intensywnego otoczenia zapachowego. Warto obserwowa\u0107 reakcj\u0119 dziecka.<br \/>\n<\/div><\/div>\n<div class=\"accordion-item\"><a href=\"#\" class=\"accordion-title plain\"><button class=\"toggle\"><i class=\"icon-angle-down\"><\/i><\/button><span>Jaki jest termin wa\u017cno\u015bci plastr\u00f3w?<\/span><\/a><div class=\"accordion-inner\">\nPlastry aromatyczne Lekki Oddech maj\u0105 5 lat wa\u017cno\u015bci od daty produkcji. Data wa\u017cno\u015bci znajduje si\u0119 na opakowaniu.<br \/>\n<\/div><\/div>\n<div class=\"accordion-item\"><a href=\"#\" class=\"accordion-title plain\"><button class=\"toggle\"><i class=\"icon-angle-down\"><\/i><\/button><span>Ile sztuk plastr\u00f3w jest w 1 opakowaniu?<\/span><\/a><div class=\"accordion-inner\">\nW opakowaniu znajduje si\u0119 5 sztuk plastr\u00f3w. <\/div><\/div>\n<div class=\"accordion-item\"><a href=\"#\" class=\"accordion-title plain\"><button class=\"toggle\"><i class=\"icon-angle-down\"><\/i><\/button><span>Jaki jest sk\u0142ad Plastr\u00f3w Lekki Oddech?<\/span><\/a><div class=\"accordion-inner\">\nW sk\u0142adzie plastr\u00f3w znajduje si\u0119 6 olejk\u00f3w eterycznych: tymianek, majeranek, oregano, sosna, mi\u0119ta oraz rozmaryn, a tak\u017ce mentol b\u0119d\u0105cy naturalnym sk\u0142adnikiem olejku mi\u0119towego. Mentol zosta\u0142 zastosowany w ograniczonej ilo\u015bci w celu uzyskania odpowiedniego aromatu. Jak w przypadku wszystkich produkt\u00f3w zawieraj\u0105cych olejki eteryczne, zaleca si\u0119 zapoznanie z ostrze\u017ceniami na opakowaniu oraz zachowanie ostro\u017cno\u015bci u dzieci z nadwra\u017cliwo\u015bci\u0105 lub sk\u0142onno\u015bci\u0105 do alergii. <\/div><\/div>\n<div class=\"accordion-item\"><a href=\"#\" class=\"accordion-title plain\"><button class=\"toggle\"><i class=\"icon-angle-down\"><\/i><\/button><span>Jakie inne produkty s\u0105 dost\u0119pne w serii Lekki Oddech?<\/span><\/a><div class=\"accordion-inner\">\nSeria Lekki Oddech obejmuje: <strong><a href=\"https:\/\/klaudynahebda.pl\/sklep\/balsam-lekki-oddech\/\">Balsam Lekki Oddech<\/a><\/strong>, <strong><a href=\"https:\/\/klaudynahebda.pl\/sklep\/lekki-oddech-noc-mieszanka\/\">Mieszank\u0119 olejk\u00f3w eterycznych Lekki Oddech Noc<\/a><\/strong>, <strong><a href=\"https:\/\/klaudynahebda.pl\/sklep\/sol-ziolowa-do-kapieli-lekki-oddech\/\">S\u00f3l do k\u0105pieli Lekki Oddech<\/a><\/strong>, <strong><a href=\"https:\/\/klaudynahebda.pl\/sklep\/koncentrat-do-kapieli-lekki-oddech-100-200-ml\/\">Koncentrat do k\u0105pieli Lekki Oddech<\/a> <\/strong>oraz zestawy, kt\u00f3re kupisz z rabatem:<strong> <a href=\"https:\/\/klaudynahebda.pl\/sklep\/zestaw-lekki-oddech-sol-i-koncentrat\/\">Zestaw Lekki Oddech: S\u00f3l i Koncentrat do k\u0105pieli<\/a><\/strong>, <a href=\"https:\/\/klaudynahebda.pl\/sklep\/zestaw-na-przeziebienia-u-dzieci\/\"><strong>Zestaw Lekki Oddech: balsam<\/strong>, <strong>s\u00f3l do k\u0105pieli<\/strong>, <strong>olejek tymiankowy<\/strong><\/a>. Poznaj je<strong> <a href=\"https:\/\/klaudynahebda.pl\/sklep\/seria-lekki-oddech\/\">wszystkie<\/a><\/strong>.<\/p>\n<p>Mo\u017cesz tak\u017ce przetestowa\u0107 od razu nasze dwa Bestsellerowe balsamy <strong>&#8211; <a href=\"https:\/\/klaudynahebda.pl\/sklep\/zestaw-balsamow\/\">Zestaw Balsam Lekki Oddech i Balsam DobraNocka<\/a><\/strong>.<span data-contrast=\"auto\"><\/div><\/div>\n<\/span>\t<div id=\"gap-1589989385\" class=\"gap-element clearfix\" style=\"display:block; height:auto;\">\n\t\t\n<style>\n#gap-1589989385 {\n  padding-top: 20px;\n}\n<\/style>\n\t<\/div>\n\t\n\t\t<\/div>\n\t\t\t\t\t<\/div>\n\n\t\n\n<style>\n#row-1887315391 > .col > .col-inner {\n  padding: 35px 0px 20px 0px;\n}\n<\/style>\n<\/div>\n","protected":false},"excerpt":{"rendered":"<h2><strong>Plastry aromatyczne dla dzieci Lekki Oddech Kids to:<\/strong><\/h2>\n<ul>\n<li>synergia a\u017c<strong> 6 naturalnych olejk\u00f3w eterycznych<\/strong> dobranych przez aromaterapeutk\u0119 kliniczn\u0105 nr 1 w Polsce;<\/li>\n<li>wsparcie komfortu oddychania Twojego dziecka nawet do 8 godzin \u2013 to zas\u0142uga stopniowo uwalnianych aromat\u00f3w olejk\u00f3w;<\/li>\n<li>ukojenie pachn\u0105ce majerankiem, tymiankiem, mi\u0119t\u0105, sosn\u0105, oregano i rozmarynem<\/li>\n<li>swobodniejszy oddech i spokojniejszy dzie\u0144\/noc dla dzieci ju\u017c powy\u017cej 18. miesi\u0105ca \u017cycia &#8211; wszystko dzi\u0119ki koj\u0105cej aromaterapii;<\/li>\n<li>prosta aplikacja nawet w czasie snu dziecka i poza domem, np. w przedszkolu czy \u017c\u0142obku &#8211; przez ca\u0142y rok, a w szczeg\u00f3lno\u015bci w sezonie jesienno-zimowym.<\/li>\n<\/ul>\n<p>Po prostu przyklej i pom\u00f3\u017c maluchowi oddycha\u0107 swobodniej. \ud83c\udf2c\ufe0f<\/p>\n","protected":false},"featured_media":3453372,"comment_status":"open","ping_status":"closed","template":"","meta":[],"product_cat":[188,117,191,126,187,189,39,96,223,190,157],"product_tag":[],"acf":[],"yoast_head":"<!-- This site is optimized with the Yoast SEO plugin v19.6.1 - https:\/\/yoast.com\/wordpress\/plugins\/seo\/ -->\n<title>Plastry Lekki Oddech do aromaterapii 5 szt. - Klaudyna Hebda Nature<\/title>\n<meta name=\"description\" content=\"Plastry dla dzieci Lekki Oddech Kids z olejkami eterycznymi - komfortowy oddech i spokojny sen, kt\u00f3re p\u0142yn\u0105 prosto z natury. Dzia\u0142anie do 8 godzin.\" \/>\n<meta name=\"robots\" content=\"index, follow, max-snippet:-1, max-image-preview:large, max-video-preview:-1\" \/>\n<link rel=\"canonical\" href=\"https:\/\/klaudynahebda.pl\/sklep\/plastry-lekki-oddech\/\" \/>\n<meta property=\"og:locale\" content=\"pl_PL\" \/>\n<meta property=\"og:type\" content=\"article\" \/>\n<meta property=\"og:title\" content=\"Plastry Lekki Oddech do aromaterapii 5 szt. - Klaudyna Hebda Nature\" \/>\n<meta property=\"og:description\" content=\"Plastry dla dzieci Lekki Oddech Kids z olejkami eterycznymi - komfortowy oddech i spokojny sen, kt\u00f3re p\u0142yn\u0105 prosto z natury. Dzia\u0142anie do 8 godzin.\" \/>\n<meta property=\"og:url\" content=\"https:\/\/klaudynahebda.pl\/sklep\/plastry-lekki-oddech\/\" \/>\n<meta property=\"og:site_name\" content=\"Klaudyna Hebda Nature\" \/>\n<meta property=\"article:modified_time\" content=\"2026-04-18T19:32:12+00:00\" \/>\n<meta property=\"og:image\" content=\"https:\/\/klaudynahebda.pl\/sklep\/wp-content\/uploads\/2026\/01\/lekki-oddech-kids-plastry-do-aromaterapii-k-hebda.jpg\" \/>\n\t<meta property=\"og:image:width\" content=\"844\" \/>\n\t<meta property=\"og:image:height\" content=\"1152\" \/>\n\t<meta property=\"og:image:type\" content=\"image\/jpeg\" \/>\n<meta name=\"twitter:card\" content=\"summary_large_image\" \/>\n<meta name=\"twitter:label1\" content=\"Szacowany czas czytania\" \/>\n\t<meta name=\"twitter:data1\" content=\"7 minut\" \/>\n<script type=\"application\/ld+json\" class=\"yoast-schema-graph\">{\"@context\":\"https:\/\/schema.org\",\"@graph\":[{\"@type\":\"WebPage\",\"@id\":\"https:\/\/klaudynahebda.pl\/sklep\/plastry-lekki-oddech\/\",\"url\":\"https:\/\/klaudynahebda.pl\/sklep\/plastry-lekki-oddech\/\",\"name\":\"Plastry Lekki Oddech do aromaterapii 5 szt. - Klaudyna Hebda Nature\",\"isPartOf\":{\"@id\":\"https:\/\/klaudynahebda.pl\/sklep\/#website\"},\"datePublished\":\"2026-02-09T05:00:34+00:00\",\"dateModified\":\"2026-04-18T19:32:12+00:00\",\"description\":\"Plastry dla dzieci Lekki Oddech Kids z olejkami eterycznymi - komfortowy oddech i spokojny sen, kt\u00f3re p\u0142yn\u0105 prosto z natury. Dzia\u0142anie do 8 godzin.\",\"breadcrumb\":{\"@id\":\"https:\/\/klaudynahebda.pl\/sklep\/plastry-lekki-oddech\/#breadcrumb\"},\"inLanguage\":\"pl-PL\",\"potentialAction\":[{\"@type\":\"ReadAction\",\"target\":[\"https:\/\/klaudynahebda.pl\/sklep\/plastry-lekki-oddech\/\"]}]},{\"@type\":\"BreadcrumbList\",\"@id\":\"https:\/\/klaudynahebda.pl\/sklep\/plastry-lekki-oddech\/#breadcrumb\",\"itemListElement\":[{\"@type\":\"ListItem\",\"position\":1,\"name\":\"Strona g\u0142\u00f3wna\",\"item\":\"https:\/\/klaudynahebda.pl\/sklep\/\"},{\"@type\":\"ListItem\",\"position\":2,\"name\":\"Sklep\",\"item\":\"https:\/\/klaudynahebda.pl\/sklep\/sklep\/\"},{\"@type\":\"ListItem\",\"position\":3,\"name\":\"Nowo\u015bci\",\"item\":\"https:\/\/klaudynahebda.pl\/sklep\/nowosci\/\"},{\"@type\":\"ListItem\",\"position\":4,\"name\":\"Plastry Lekki Oddech do aromaterapii 5 szt.\"}]},{\"@type\":\"WebSite\",\"@id\":\"https:\/\/klaudynahebda.pl\/sklep\/#website\",\"url\":\"https:\/\/klaudynahebda.pl\/sklep\/\",\"name\":\"Klaudyna Hebda Nature\",\"description\":\"Sklep\",\"publisher\":{\"@id\":\"https:\/\/klaudynahebda.pl\/sklep\/#organization\"},\"potentialAction\":[{\"@type\":\"SearchAction\",\"target\":{\"@type\":\"EntryPoint\",\"urlTemplate\":\"https:\/\/klaudynahebda.pl\/sklep\/?s={search_term_string}\"},\"query-input\":\"required name=search_term_string\"}],\"inLanguage\":\"pl-PL\"},{\"@type\":\"Organization\",\"@id\":\"https:\/\/klaudynahebda.pl\/sklep\/#organization\",\"name\":\"KlaudynaHebda\",\"url\":\"https:\/\/klaudynahebda.pl\/sklep\/\",\"sameAs\":[],\"logo\":{\"@type\":\"ImageObject\",\"inLanguage\":\"pl-PL\",\"@id\":\"https:\/\/klaudynahebda.pl\/sklep\/#\/schema\/logo\/image\/\",\"url\":\"\",\"contentUrl\":\"\",\"caption\":\"KlaudynaHebda\"},\"image\":{\"@id\":\"https:\/\/klaudynahebda.pl\/sklep\/#\/schema\/logo\/image\/\"}}]}<\/script>\n<!-- \/ Yoast SEO plugin. -->","yoast_head_json":{"title":"Plastry Lekki Oddech do aromaterapii 5 szt. - Klaudyna Hebda Nature","description":"Plastry dla dzieci Lekki Oddech Kids z olejkami eterycznymi - komfortowy oddech i spokojny sen, kt\u00f3re p\u0142yn\u0105 prosto z natury. Dzia\u0142anie do 8 godzin.","robots":{"index":"index","follow":"follow","max-snippet":"max-snippet:-1","max-image-preview":"max-image-preview:large","max-video-preview":"max-video-preview:-1"},"canonical":"https:\/\/klaudynahebda.pl\/sklep\/plastry-lekki-oddech\/","og_locale":"pl_PL","og_type":"article","og_title":"Plastry Lekki Oddech do aromaterapii 5 szt. - Klaudyna Hebda Nature","og_description":"Plastry dla dzieci Lekki Oddech Kids z olejkami eterycznymi - komfortowy oddech i spokojny sen, kt\u00f3re p\u0142yn\u0105 prosto z natury. Dzia\u0142anie do 8 godzin.","og_url":"https:\/\/klaudynahebda.pl\/sklep\/plastry-lekki-oddech\/","og_site_name":"Klaudyna Hebda Nature","article_modified_time":"2026-04-18T19:32:12+00:00","og_image":[{"width":844,"height":1152,"url":"https:\/\/klaudynahebda.pl\/sklep\/wp-content\/uploads\/2026\/01\/lekki-oddech-kids-plastry-do-aromaterapii-k-hebda.jpg","type":"image\/jpeg"}],"twitter_card":"summary_large_image","twitter_misc":{"Szacowany czas czytania":"7 minut"},"schema":{"@context":"https:\/\/schema.org","@graph":[{"@type":"WebPage","@id":"https:\/\/klaudynahebda.pl\/sklep\/plastry-lekki-oddech\/","url":"https:\/\/klaudynahebda.pl\/sklep\/plastry-lekki-oddech\/","name":"Plastry Lekki Oddech do aromaterapii 5 szt. - Klaudyna Hebda Nature","isPartOf":{"@id":"https:\/\/klaudynahebda.pl\/sklep\/#website"},"datePublished":"2026-02-09T05:00:34+00:00","dateModified":"2026-04-18T19:32:12+00:00","description":"Plastry dla dzieci Lekki Oddech Kids z olejkami eterycznymi - komfortowy oddech i spokojny sen, kt\u00f3re p\u0142yn\u0105 prosto z natury. Dzia\u0142anie do 8 godzin.","breadcrumb":{"@id":"https:\/\/klaudynahebda.pl\/sklep\/plastry-lekki-oddech\/#breadcrumb"},"inLanguage":"pl-PL","potentialAction":[{"@type":"ReadAction","target":["https:\/\/klaudynahebda.pl\/sklep\/plastry-lekki-oddech\/"]}]},{"@type":"BreadcrumbList","@id":"https:\/\/klaudynahebda.pl\/sklep\/plastry-lekki-oddech\/#breadcrumb","itemListElement":[{"@type":"ListItem","position":1,"name":"Strona g\u0142\u00f3wna","item":"https:\/\/klaudynahebda.pl\/sklep\/"},{"@type":"ListItem","position":2,"name":"Sklep","item":"https:\/\/klaudynahebda.pl\/sklep\/sklep\/"},{"@type":"ListItem","position":3,"name":"Nowo\u015bci","item":"https:\/\/klaudynahebda.pl\/sklep\/nowosci\/"},{"@type":"ListItem","position":4,"name":"Plastry Lekki Oddech do aromaterapii 5 szt."}]},{"@type":"WebSite","@id":"https:\/\/klaudynahebda.pl\/sklep\/#website","url":"https:\/\/klaudynahebda.pl\/sklep\/","name":"Klaudyna Hebda Nature","description":"Sklep","publisher":{"@id":"https:\/\/klaudynahebda.pl\/sklep\/#organization"},"potentialAction":[{"@type":"SearchAction","target":{"@type":"EntryPoint","urlTemplate":"https:\/\/klaudynahebda.pl\/sklep\/?s={search_term_string}"},"query-input":"required name=search_term_string"}],"inLanguage":"pl-PL"},{"@type":"Organization","@id":"https:\/\/klaudynahebda.pl\/sklep\/#organization","name":"KlaudynaHebda","url":"https:\/\/klaudynahebda.pl\/sklep\/","sameAs":[],"logo":{"@type":"ImageObject","inLanguage":"pl-PL","@id":"https:\/\/klaudynahebda.pl\/sklep\/#\/schema\/logo\/image\/","url":"","contentUrl":"","caption":"KlaudynaHebda"},"image":{"@id":"https:\/\/klaudynahebda.pl\/sklep\/#\/schema\/logo\/image\/"}}]}},"_links":{"self":[{"href":"https:\/\/klaudynahebda.pl\/sklep\/wp-json\/wp\/v2\/product\/3322149"}],"collection":[{"href":"https:\/\/klaudynahebda.pl\/sklep\/wp-json\/wp\/v2\/product"}],"about":[{"href":"https:\/\/klaudynahebda.pl\/sklep\/wp-json\/wp\/v2\/types\/product"}],"replies":[{"embeddable":true,"href":"https:\/\/klaudynahebda.pl\/sklep\/wp-json\/wp\/v2\/comments?post=3322149"}],"wp:featuredmedia":[{"embeddable":true,"href":"https:\/\/klaudynahebda.pl\/sklep\/wp-json\/wp\/v2\/media\/3453372"}],"wp:attachment":[{"href":"https:\/\/klaudynahebda.pl\/sklep\/wp-json\/wp\/v2\/media?parent=3322149"}],"wp:term":[{"taxonomy":"product_cat","embeddable":true,"href":"https:\/\/klaudynahebda.pl\/sklep\/wp-json\/wp\/v2\/product_cat?post=3322149"},{"taxonomy":"product_tag","embeddable":true,"href":"https:\/\/klaudynahebda.pl\/sklep\/wp-json\/wp\/v2\/product_tag?post=3322149"}],"curies":[{"name":"wp","href":"https:\/\/api.w.org\/{rel}","templated":true}]}}