{"id":3306520,"date":"2025-09-28T10:05:16","date_gmt":"2025-09-28T08:05:16","guid":{"rendered":"https:\/\/klaudynahebda.pl\/sklep\/?post_type=product&#038;p=3306520"},"modified":"2026-04-23T01:08:30","modified_gmt":"2026-04-22T23:08:30","slug":"probka-flower-paradox","status":"publish","type":"product","link":"https:\/\/klaudynahebda.pl\/sklep\/probka-flower-paradox\/","title":{"rendered":"Flower paradox &#8211; pr\u00f3bka perfum"},"content":{"rendered":"<h2><strong>Piramida zapachowa perfum damskich Flower Paradox by K. Hebda<span data-teams=\"true\">\u00ae<\/span>\u00a0<\/strong><\/h2>\n<p><strong>Nuty g\u0142owy<\/strong>: neroli, bergamotka, r\u00f3\u017cowy pieprz, pimento berry<br \/>\n<strong>Nuty serca<\/strong>: frangipani, gardenia, ja\u015bmin<br \/>\n<strong>Nuty bazy<\/strong>: wanilia, mleko kokosowe, nuty ambrowe, nuty pi\u017cmowe<\/p>\n<h2><strong>Flower Paradox. Odwa\u017c si\u0119 by\u0107 zauwa\u017caln\u0105.\u00a0<\/strong><\/h2>\n<p>Mo\u017cesz by\u0107 elegancka i nieposkromiona. Kwiatowa i konkretna. Zmys\u0142owa i niezale\u017cna.<\/p>\n<p>Ka\u017cda kropla Flower Paradox to triumf kobiecej mocy, a kwiaty a\u017c obezw\u0142adniaj\u0105 swoim charakterem. Przekonaj si\u0119, jak neroli i bergamotka rozbudzaj\u0105 zmys\u0142y, a r\u00f3\u017cowy pieprz i pimento berry nadaj\u0105 mocy.<\/p>\n<p>Frangipani, gardenia, ja\u015bmin \u2013 to kwiaty dla kobiet, kt\u00f3re nie chowaj\u0105 si\u0119 w cieniu. Ty te\u017c chcesz taka by\u0107?<\/p>\n<h3><strong>Olejki eteryczne we Flower Paradox\u00a0<\/strong><\/h3>\n<ul>\n<li><strong>R\u00f3\u017cowy pieprz<\/strong> \u2013 Twoja iskra.<\/li>\n<li><strong>Pimento berry<\/strong> \u2013 Twoja moc.<\/li>\n<\/ul>\n<p>&nbsp;<\/p>\n<h2><strong>Wasze wra\u017cenia po pow\u0105chaniu zapachu Flower Paradox\u00a0<\/strong><\/h2>\n<p><em>Intryguj\u0105cy, g\u0142\u0119boki, kobiecy. <\/em><\/p>\n<p><em>Zapach bardzo mi si\u0119 spodoba\u0142. Jest ciekawy, intryguj\u0105cy, mog\u0119 go w\u0105cha\u0107 dla czystej przyjemno\u015bci. (\u2026) Wyzwala we mnie dobre skojarzenia i dodaje pewno\u015bci siebie. <\/em><\/p>\n<p><em>Zapach od pocz\u0105tku przypad\u0142 mi do gustu. Preferuj\u0119 zapachy kwiatowe, nieoczywiste; ten jest niespotykany, a wo\u0144 zapachu jest wyczuwalna na mojej sk\u00f3rze przez d\u0142ugie godziny. \u00a0<\/em><\/p>\n<p><em>Zakocha\u0142am si\u0119 w tym kwiatowym ogrodzie pe\u0142nym kwiat\u00f3w. <\/em><\/p>\n<h2><strong>Flower Paradox \u2013 czy to zapach dla Ciebie?<\/strong><\/h2>\n<p>Tak, je\u015bli lubisz:<\/p>\n<ul>\n<li>wyrafinowane perfumy, kt\u00f3re nie boj\u0105 si\u0119 zwraca\u0107 na siebie uwag\u0119<\/li>\n<li>bogate, kwiatowe zapachy<\/li>\n<li>kompozycje z charakterem<\/li>\n<li>perfumy, kt\u00f3re robi\u0105 wra\u017cenie<\/li>\n<li>eleganck\u0105 intensywno\u015b\u0107<\/li>\n<li>nieoczywiste uj\u0119cie perfum kwiatowych i kwiatowo-przyprawowych<\/li>\n<\/ul>\n<p>&nbsp;<\/p>\n<h3><strong style=\"color: #555555;\">Wybierz perfumy Paradox by K. Hebda idealny dla Ciebie<\/strong><\/h3>\n<p>Je\u015bli nie wiesz, na kt\u00f3ry zapach si\u0119 zdecydowa\u0107, <strong><a href=\"https:\/\/klaudynahebda.involve.me\/paradox-2\">wype\u0142nij kr\u00f3tki quiz<\/a><\/strong>, by sprawdzi\u0107, kt\u00f3ry z nich najlepiej oddaje Twoj\u0105 osobowo\u015b\u0107.<\/p>\n<p>Sprawd\u017a te\u017c pozosta\u0142e perfumy z kolekcji:<\/p>\n<ul>\n<li><strong><a href=\"https:\/\/klaudynahebda.pl\/sklep\/probka-sea-paradox\">Sea Paradox<\/a>\u00a0 <\/strong><\/li>\n<li><strong><a href=\"https:\/\/klaudynahebda.pl\/sklep\/probka-cherry-paradox\">Cherry Paradox<\/a>\u00a0\u00a0<\/strong><\/li>\n<\/ul>\n<p>Seria Paradox to nie tylko perfumy, ale te\u017c suche olejki do cia\u0142a, w\u0142os\u00f3w i twarzy w trzech zapachach:<\/p>\n<ul>\n<li><strong><a href=\"https:\/\/klaudynahebda.pl\/sklep\/sea-paradox-suchy-olejek\/ \u200e\">Olejek Sea Paradox<\/a><\/strong><\/li>\n<li><strong><a href=\"https:\/\/klaudynahebda.pl\/sklep\/cherry-paradox-suchy-olejek\/ \u200e\">Olejek Cherry Paradox<\/a><\/strong><\/li>\n<li><strong><a href=\"https:\/\/klaudynahebda.pl\/sklep\/probka-flower-paradox-parfum\/\">Olejek Flower Paradox<\/a><\/strong><\/li>\n<\/ul>\n<div class=\"row row-collapse align-middle\"  id=\"row-1629039959\">\n\n\t<div id=\"col-331159398\" class=\"col small-10 large-12\"  >\n\t\t\t\t<div class=\"col-inner\"  >\n\t\t\t\n\t\t\t <h3 class=\"accordion_title\">Najcz\u0119\u015bciej zadawane pytania<\/h3><div class=\"accordion\" rel=\"1\"><\/div>\n<div class=\"accordion-item\"><a href=\"#\" class=\"accordion-title plain\"><button class=\"toggle\"><i class=\"icon-angle-down\"><\/i><\/button><span>Jak pachn\u0105 perfumy Flower Paradox?<\/span><\/a><div class=\"accordion-inner\">\n<p>Flower Paradox to kobiecy, kwiatowo-przyprawowy zapach z wyrazistym charakterem.<\/p>\n<p><strong>Nuty g\u0142owy:<\/strong> neroli, bergamotka, r\u00f3\u017cowy pieprz, pimento berry.<br \/>\n<strong>Nuty serca:<\/strong> frangipani, gardenia, ja\u015bmin.<br \/>\n<strong>Nuty bazy:<\/strong> wanilia, mleko kokosowe, akordy ambrowe i pi\u017cmowe.<\/p>\n<p>Najpierw \u015bwie\u017cy i iskrz\u0105cy, potem rozwija si\u0119 w zmys\u0142owe, kremowe kwiaty, a finalnie zostawia elegancki, aksamitny \u015blad.<br \/>\n<\/div><\/div>\n<div class=\"accordion-item\"><a href=\"#\" class=\"accordion-title plain\"><button class=\"toggle\"><i class=\"icon-angle-down\"><\/i><\/button><span>Jak d\u0142ugo utrzymuje si\u0119 zapach Flower Paradox?<\/span><\/a><div class=\"accordion-inner\">\nTrwa\u0142o\u015b\u0107 zale\u017cy od wielu czynnik\u00f3w \u2013 rodzaju sk\u00f3ry, temperatury czy wilgotno\u015bci powietrza. \u015arednio perfumy utrzymuj\u0105 si\u0119 4\u20136 godzin, cho\u0107 niekt\u00f3re osoby odczuwaj\u0105 je znacznie d\u0142u\u017cej &#8211; nawet do 12 godzin.<br \/>\n<\/div><\/div>\n<div class=\"accordion-item\"><a href=\"#\" class=\"accordion-title plain\"><button class=\"toggle\"><i class=\"icon-angle-down\"><\/i><\/button><span>Na jakie okazje najlepiej pasuj\u0105 Flower Paradox?<\/span><\/a><div class=\"accordion-inner\">\nTo zapach stworzony, aby przyci\u0105ga\u0107 uwag\u0119:<\/p>\n<ul>\n<li>na wieczorne wyj\u015bcia \u2013 dodaje elegancji i zmys\u0142owo\u015bci,<\/li>\n<li>do pracy \u2013 podkre\u015bla pewno\u015b\u0107 siebie,<\/li>\n<li>na co dzie\u0144 \u2013 dla kobiet, kt\u00f3re lubi\u0105, gdy perfumy s\u0105 wyraziste i obecne.<\/li>\n<\/ul>\n<\/div><\/div>\n<div class=\"accordion-item\"><a href=\"#\" class=\"accordion-title plain\"><button class=\"toggle\"><i class=\"icon-angle-down\"><\/i><\/button><span>Jak u\u017cywa\u0107 perfum, aby zapach trwa\u0142 d\u0142u\u017cej?<\/span><\/a><div class=\"accordion-inner\">\nAplikuj Flower Paradox na punkty pulsacyjne \u2013 szyj\u0119, nadgarstki, za uszami, dekolt. Je\u015bli chcesz wzmocni\u0107 ich trwa\u0142o\u015b\u0107, po\u0142\u0105cz je z <strong><a href=\"https:\/\/klaudynahebda.pl\/sklep\/flower-paradox-suchy-olejek\/\">suchym olejkiem Flower Paradox<\/a><\/strong>, kt\u00f3ry przygotuje sk\u00f3r\u0119 i podbije zapach.<br \/>\n<\/div><\/div>\n<div class=\"accordion-item\"><a href=\"#\" class=\"accordion-title plain\"><button class=\"toggle\"><i class=\"icon-angle-down\"><\/i><\/button><span>Jakie olejki eteryczne zawiera Flower Paradox?<\/span><\/a><div class=\"accordion-inner\">\n<p><strong>R\u00f3\u017cowy pieprz<\/strong> \u2013 Twoja iskra,<br \/>\n<strong>Pimento berry<\/strong> \u2013 Twoja moc.<br \/>\n<\/div><\/div>\n<div class=\"accordion-item\"><a href=\"#\" class=\"accordion-title plain\"><button class=\"toggle\"><i class=\"icon-angle-down\"><\/i><\/button><span>Na czym polega wyj\u0105tkowo\u015b\u0107 Flower Paradox w por\u00f3wnaniu do innych zapach\u00f3w Paradox?<\/span><\/a><div class=\"accordion-inner\">\n<p><strong>Flower Paradox<\/strong> \u2013 eleganckie kwiaty z przyprawowym pazurem,<br \/>\n<a href=\"https:\/\/klaudynahebda.pl\/sklep\/probka-cherry-paradox-parfum\/ \u200e\"><strong>Cherry Paradox<\/strong><\/a> \u2013 s\u0142odka wi\u015bnia z nut\u0105 migda\u0142u i paczuli,<br \/>\n<a href=\"https:\/\/klaudynahebda.pl\/sklep\/probka-sea-paradox-parfum\/\"><strong>Sea Paradox<\/strong> <\/a>\u2013 \u015bwie\u017co\u015b\u0107 i spok\u00f3j oceanu.<br \/>\n<\/div><\/div>\n<div class=\"accordion-item\"><a href=\"#\" class=\"accordion-title plain\"><button class=\"toggle\"><i class=\"icon-angle-down\"><\/i><\/button><span>Jak najlepiej przechowywa\u0107 Flower Paradox?<\/span><\/a><div class=\"accordion-inner\">\nTrzymaj perfumy w suchym, ch\u0142odnym miejscu, z dala od \u015bwiat\u0142a i ciep\u0142a, aby jak najd\u0142u\u017cej zachowa\u0142y swoj\u0105 g\u0142\u0119bi\u0119 i intensywno\u015b\u0107.<br \/>\n<\/div><\/div>\n<div class=\"accordion-item\"><a href=\"#\" class=\"accordion-title plain\"><button class=\"toggle\"><i class=\"icon-angle-down\"><\/i><\/button><span>Nie wiem, kt\u00f3ry zapach Paradox wybra\u0107 \u2013 jak si\u0119 zdecydowa\u0107?<\/span><\/a><div class=\"accordion-inner\">\n<p>Mo\u017cesz zaufa\u0107 intuicji albo wype\u0142ni\u0107 kr\u00f3tki quiz zapachowy, kt\u00f3ry pomo\u017ce Ci odkry\u0107, kt\u00f3ry zapach najlepiej pasuje do Twojej osobowo\u015bci.<\/p>\n<p>Dost\u0119pne s\u0105 tak\u017ce pr\u00f3bki naszych perfum 2 ml \u2013\u00a0<strong><a href=\"https:\/\/klaudynahebda.pl\/sklep\/probka-cherry-paradox\">Cherry Paradox<\/a>\u00a0<\/strong>i <strong><a href=\"https:\/\/klaudynahebda.pl\/sklep\/probka-sea-paradox\">Sea Paradox<\/a>\u00a0<\/strong> \u2013 aby\u015b mog\u0142a przetestowa\u0107 je na sobie i wybra\u0107 ten idealny.<\/p>\n<\/div><\/div>\n\t<div id=\"gap-480838788\" class=\"gap-element clearfix\" style=\"display:block; height:auto;\">\n\t\t\n<style>\n#gap-480838788 {\n  padding-top: 20px;\n}\n<\/style>\n\t<\/div>\n\t\n\t\t<\/div>\n\t\t\t\t\t<\/div>\n\n\t\n\n<style>\n#row-1629039959 > .col > .col-inner {\n  padding: 35px 0px 20px 0px;\n}\n<\/style>\n<\/div>\n","protected":false},"excerpt":{"rendered":"<h2><strong>Flower Paradox by K. Hebda<span data-teams=\"true\">\u00ae<\/span> to&#8230;\u00a0<\/strong><\/h2>\n<ul>\n<li><strong>kwiatowo-przyprawowe<\/strong> perfumy z charakterem i nut\u0105 elegancji;<\/li>\n<li>zapach, kt\u00f3ry <strong>zostaje w pomieszczeniu<\/strong> nawet po Twoim wyj\u015bciu;<\/li>\n<li>propozycja <strong>dla Ciebie<\/strong>, je\u015bli nie lubisz nudnych i lekkich zapach\u00f3w;<\/li>\n<li>dobry wyb\u00f3r, gdy zale\u017cy Ci na zrobieniu <strong>wra\u017cenia<\/strong>;<\/li>\n<li>prawdziwe <strong>perfumy z olejkami eterycznymi<\/strong> od zera stworzone w Polsce.<\/li>\n<\/ul>\n<p><strong>Pr\u00f3bka 2 ml pomo\u017ce Ci sprawdzi\u0107, czy Flower Paradox to zapach dla Ciebie i poczu\u0107, jak jego nuty zapachowe rozwin\u0105 si\u0119 na Twojej sk\u00f3rze.\u00a0<\/strong><\/p>\n","protected":false},"featured_media":3352633,"comment_status":"open","ping_status":"closed","template":"","meta":[],"product_cat":[242,243,117,207],"product_tag":[],"acf":[],"yoast_head":"<!-- This site is optimized with the Yoast SEO plugin v19.6.1 - https:\/\/yoast.com\/wordpress\/plugins\/seo\/ -->\n<title>Flower paradox - pr\u00f3bka perfum - Klaudyna Hebda Nature<\/title>\n<meta name=\"description\" content=\"Flower Paradox \u2013 pr\u00f3bka kwiatowych perfum z charakterem. Sprawd\u017a, jak przyci\u0105gnie spojrzenia i na d\u0142ugo zaznaczy Twoj\u0105 obecno\u015b\u0107.\" \/>\n<meta name=\"robots\" content=\"index, follow, max-snippet:-1, max-image-preview:large, max-video-preview:-1\" \/>\n<link rel=\"canonical\" href=\"https:\/\/klaudynahebda.pl\/sklep\/probka-flower-paradox\/\" \/>\n<meta property=\"og:locale\" content=\"pl_PL\" \/>\n<meta property=\"og:type\" content=\"article\" \/>\n<meta property=\"og:title\" content=\"Flower paradox - pr\u00f3bka perfum - Klaudyna Hebda Nature\" \/>\n<meta property=\"og:description\" content=\"Flower Paradox \u2013 pr\u00f3bka kwiatowych perfum z charakterem. Sprawd\u017a, jak przyci\u0105gnie spojrzenia i na d\u0142ugo zaznaczy Twoj\u0105 obecno\u015b\u0107.\" \/>\n<meta property=\"og:url\" content=\"https:\/\/klaudynahebda.pl\/sklep\/probka-flower-paradox\/\" \/>\n<meta property=\"og:site_name\" content=\"Klaudyna Hebda Nature\" \/>\n<meta property=\"article:modified_time\" content=\"2026-04-22T23:08:30+00:00\" \/>\n<meta property=\"og:image\" content=\"https:\/\/klaudynahebda.pl\/sklep\/wp-content\/uploads\/2025\/09\/flower-paradox-probka-perfum-packshot-biale-tlo.jpg.png\" \/>\n\t<meta property=\"og:image:width\" content=\"844\" \/>\n\t<meta property=\"og:image:height\" content=\"1152\" \/>\n\t<meta property=\"og:image:type\" content=\"image\/png\" \/>\n<meta name=\"twitter:card\" content=\"summary_large_image\" \/>\n<meta name=\"twitter:label1\" content=\"Szacowany czas czytania\" \/>\n\t<meta name=\"twitter:data1\" content=\"4 minuty\" \/>\n<script type=\"application\/ld+json\" class=\"yoast-schema-graph\">{\"@context\":\"https:\/\/schema.org\",\"@graph\":[{\"@type\":\"WebPage\",\"@id\":\"https:\/\/klaudynahebda.pl\/sklep\/probka-flower-paradox\/\",\"url\":\"https:\/\/klaudynahebda.pl\/sklep\/probka-flower-paradox\/\",\"name\":\"Flower paradox - pr\u00f3bka perfum - Klaudyna Hebda Nature\",\"isPartOf\":{\"@id\":\"https:\/\/klaudynahebda.pl\/sklep\/#website\"},\"datePublished\":\"2025-09-28T08:05:16+00:00\",\"dateModified\":\"2026-04-22T23:08:30+00:00\",\"description\":\"Flower Paradox \u2013 pr\u00f3bka kwiatowych perfum z charakterem. Sprawd\u017a, jak przyci\u0105gnie spojrzenia i na d\u0142ugo zaznaczy Twoj\u0105 obecno\u015b\u0107.\",\"breadcrumb\":{\"@id\":\"https:\/\/klaudynahebda.pl\/sklep\/probka-flower-paradox\/#breadcrumb\"},\"inLanguage\":\"pl-PL\",\"potentialAction\":[{\"@type\":\"ReadAction\",\"target\":[\"https:\/\/klaudynahebda.pl\/sklep\/probka-flower-paradox\/\"]}]},{\"@type\":\"BreadcrumbList\",\"@id\":\"https:\/\/klaudynahebda.pl\/sklep\/probka-flower-paradox\/#breadcrumb\",\"itemListElement\":[{\"@type\":\"ListItem\",\"position\":1,\"name\":\"Strona g\u0142\u00f3wna\",\"item\":\"https:\/\/klaudynahebda.pl\/sklep\/\"},{\"@type\":\"ListItem\",\"position\":2,\"name\":\"Sklep\",\"item\":\"https:\/\/klaudynahebda.pl\/sklep\/sklep\/\"},{\"@type\":\"ListItem\",\"position\":3,\"name\":\"Linia Paradox\",\"item\":\"https:\/\/klaudynahebda.pl\/sklep\/linia-paradox\/\"},{\"@type\":\"ListItem\",\"position\":4,\"name\":\"Flower paradox &#8211; pr\u00f3bka perfum\"}]},{\"@type\":\"WebSite\",\"@id\":\"https:\/\/klaudynahebda.pl\/sklep\/#website\",\"url\":\"https:\/\/klaudynahebda.pl\/sklep\/\",\"name\":\"Klaudyna Hebda Nature\",\"description\":\"Sklep\",\"publisher\":{\"@id\":\"https:\/\/klaudynahebda.pl\/sklep\/#organization\"},\"potentialAction\":[{\"@type\":\"SearchAction\",\"target\":{\"@type\":\"EntryPoint\",\"urlTemplate\":\"https:\/\/klaudynahebda.pl\/sklep\/?s={search_term_string}\"},\"query-input\":\"required name=search_term_string\"}],\"inLanguage\":\"pl-PL\"},{\"@type\":\"Organization\",\"@id\":\"https:\/\/klaudynahebda.pl\/sklep\/#organization\",\"name\":\"KlaudynaHebda\",\"url\":\"https:\/\/klaudynahebda.pl\/sklep\/\",\"sameAs\":[],\"logo\":{\"@type\":\"ImageObject\",\"inLanguage\":\"pl-PL\",\"@id\":\"https:\/\/klaudynahebda.pl\/sklep\/#\/schema\/logo\/image\/\",\"url\":\"\",\"contentUrl\":\"\",\"caption\":\"KlaudynaHebda\"},\"image\":{\"@id\":\"https:\/\/klaudynahebda.pl\/sklep\/#\/schema\/logo\/image\/\"}}]}<\/script>\n<!-- \/ Yoast SEO plugin. -->","yoast_head_json":{"title":"Flower paradox - pr\u00f3bka perfum - Klaudyna Hebda Nature","description":"Flower Paradox \u2013 pr\u00f3bka kwiatowych perfum z charakterem. Sprawd\u017a, jak przyci\u0105gnie spojrzenia i na d\u0142ugo zaznaczy Twoj\u0105 obecno\u015b\u0107.","robots":{"index":"index","follow":"follow","max-snippet":"max-snippet:-1","max-image-preview":"max-image-preview:large","max-video-preview":"max-video-preview:-1"},"canonical":"https:\/\/klaudynahebda.pl\/sklep\/probka-flower-paradox\/","og_locale":"pl_PL","og_type":"article","og_title":"Flower paradox - pr\u00f3bka perfum - Klaudyna Hebda Nature","og_description":"Flower Paradox \u2013 pr\u00f3bka kwiatowych perfum z charakterem. Sprawd\u017a, jak przyci\u0105gnie spojrzenia i na d\u0142ugo zaznaczy Twoj\u0105 obecno\u015b\u0107.","og_url":"https:\/\/klaudynahebda.pl\/sklep\/probka-flower-paradox\/","og_site_name":"Klaudyna Hebda Nature","article_modified_time":"2026-04-22T23:08:30+00:00","og_image":[{"width":844,"height":1152,"url":"https:\/\/klaudynahebda.pl\/sklep\/wp-content\/uploads\/2025\/09\/flower-paradox-probka-perfum-packshot-biale-tlo.jpg.png","type":"image\/png"}],"twitter_card":"summary_large_image","twitter_misc":{"Szacowany czas czytania":"4 minuty"},"schema":{"@context":"https:\/\/schema.org","@graph":[{"@type":"WebPage","@id":"https:\/\/klaudynahebda.pl\/sklep\/probka-flower-paradox\/","url":"https:\/\/klaudynahebda.pl\/sklep\/probka-flower-paradox\/","name":"Flower paradox - pr\u00f3bka perfum - Klaudyna Hebda Nature","isPartOf":{"@id":"https:\/\/klaudynahebda.pl\/sklep\/#website"},"datePublished":"2025-09-28T08:05:16+00:00","dateModified":"2026-04-22T23:08:30+00:00","description":"Flower Paradox \u2013 pr\u00f3bka kwiatowych perfum z charakterem. Sprawd\u017a, jak przyci\u0105gnie spojrzenia i na d\u0142ugo zaznaczy Twoj\u0105 obecno\u015b\u0107.","breadcrumb":{"@id":"https:\/\/klaudynahebda.pl\/sklep\/probka-flower-paradox\/#breadcrumb"},"inLanguage":"pl-PL","potentialAction":[{"@type":"ReadAction","target":["https:\/\/klaudynahebda.pl\/sklep\/probka-flower-paradox\/"]}]},{"@type":"BreadcrumbList","@id":"https:\/\/klaudynahebda.pl\/sklep\/probka-flower-paradox\/#breadcrumb","itemListElement":[{"@type":"ListItem","position":1,"name":"Strona g\u0142\u00f3wna","item":"https:\/\/klaudynahebda.pl\/sklep\/"},{"@type":"ListItem","position":2,"name":"Sklep","item":"https:\/\/klaudynahebda.pl\/sklep\/sklep\/"},{"@type":"ListItem","position":3,"name":"Linia Paradox","item":"https:\/\/klaudynahebda.pl\/sklep\/linia-paradox\/"},{"@type":"ListItem","position":4,"name":"Flower paradox &#8211; pr\u00f3bka perfum"}]},{"@type":"WebSite","@id":"https:\/\/klaudynahebda.pl\/sklep\/#website","url":"https:\/\/klaudynahebda.pl\/sklep\/","name":"Klaudyna Hebda Nature","description":"Sklep","publisher":{"@id":"https:\/\/klaudynahebda.pl\/sklep\/#organization"},"potentialAction":[{"@type":"SearchAction","target":{"@type":"EntryPoint","urlTemplate":"https:\/\/klaudynahebda.pl\/sklep\/?s={search_term_string}"},"query-input":"required name=search_term_string"}],"inLanguage":"pl-PL"},{"@type":"Organization","@id":"https:\/\/klaudynahebda.pl\/sklep\/#organization","name":"KlaudynaHebda","url":"https:\/\/klaudynahebda.pl\/sklep\/","sameAs":[],"logo":{"@type":"ImageObject","inLanguage":"pl-PL","@id":"https:\/\/klaudynahebda.pl\/sklep\/#\/schema\/logo\/image\/","url":"","contentUrl":"","caption":"KlaudynaHebda"},"image":{"@id":"https:\/\/klaudynahebda.pl\/sklep\/#\/schema\/logo\/image\/"}}]}},"_links":{"self":[{"href":"https:\/\/klaudynahebda.pl\/sklep\/wp-json\/wp\/v2\/product\/3306520"}],"collection":[{"href":"https:\/\/klaudynahebda.pl\/sklep\/wp-json\/wp\/v2\/product"}],"about":[{"href":"https:\/\/klaudynahebda.pl\/sklep\/wp-json\/wp\/v2\/types\/product"}],"replies":[{"embeddable":true,"href":"https:\/\/klaudynahebda.pl\/sklep\/wp-json\/wp\/v2\/comments?post=3306520"}],"wp:featuredmedia":[{"embeddable":true,"href":"https:\/\/klaudynahebda.pl\/sklep\/wp-json\/wp\/v2\/media\/3352633"}],"wp:attachment":[{"href":"https:\/\/klaudynahebda.pl\/sklep\/wp-json\/wp\/v2\/media?parent=3306520"}],"wp:term":[{"taxonomy":"product_cat","embeddable":true,"href":"https:\/\/klaudynahebda.pl\/sklep\/wp-json\/wp\/v2\/product_cat?post=3306520"},{"taxonomy":"product_tag","embeddable":true,"href":"https:\/\/klaudynahebda.pl\/sklep\/wp-json\/wp\/v2\/product_tag?post=3306520"}],"curies":[{"name":"wp","href":"https:\/\/api.w.org\/{rel}","templated":true}]}}