{"id":3306519,"date":"2025-09-28T18:40:06","date_gmt":"2025-09-28T16:40:06","guid":{"rendered":"https:\/\/klaudynahebda.pl\/sklep\/?post_type=product&#038;p=3306519"},"modified":"2026-04-24T10:11:34","modified_gmt":"2026-04-24T08:11:34","slug":"probka-cherry-paradox","status":"publish","type":"product","link":"https:\/\/klaudynahebda.pl\/sklep\/probka-cherry-paradox\/","title":{"rendered":"Cherry Paradox &#8211; pr\u00f3bka perfum"},"content":{"rendered":"<h2><strong>Piramida zapachowa perfum damskich Cherry Paradox by K. Hebda<span data-teams=\"true\">\u00ae<\/span><\/strong><\/h2>\n<p>Nuta g\u0142owy: wi\u015bnia, gorzki migda\u0142, whisky, r\u00f3\u017cowy pieprz<br \/>\nNuta serca: cynamon, \u015bliwka, ja\u015bmin, turecka r\u00f3\u017ca, wanilia, mirt<\/p>\n<p>Nuta bazy: paczula, drzewo sanda\u0142owe, tonka, wetiwer<\/p>\n<h2><strong>Cherry Paradox. Wi\u015bnia z pazurem. Prawdziwa jak Ty.<\/strong><\/h2>\n<p>S\u0142odka i mocna. <em>Delikatna i wyra\u017ana. Zmys\u0142owa i inteligentna. Dziewcz\u0119ca i kobieca.\u00a0 Nie musisz wybiera\u0107 mi\u0119dzy jednym a drugim.\u00a0<\/em><\/p>\n<p>Cherry Paradox powsta\u0142 z przekonania, \u017ce kobieta to suma kontrast\u00f3w i nieoczywisto\u015bci. Tak jak soczysta, mi\u0119kka wi\u015bnia ma tward\u0105, wytrawn\u0105 pestk\u0119 \u2013 tak s\u0142odycz mo\u017ce skrywa\u0107 swoje zdecydowane oblicze. W ko\u0144cu prawda ma sw\u00f3j w\u0142asny zapach.<\/p>\n<h3><strong>Jakie olejki eteryczne dope\u0142niaj\u0105 perfumy owocowe Cherry Paradox? \u00a0<\/strong><\/h3>\n<ul>\n<li><strong>R\u00f3\u017cowy pieprz<\/strong> \u2013 Twoja odwaga,<\/li>\n<li><strong>Mirt<\/strong> \u2013 Twoja harmonia,<\/li>\n<li><strong>Paczula<\/strong> \u2013 Twoja si\u0142a.<\/li>\n<\/ul>\n<h2><strong>Co s\u0105dzisz o Cherry Paradox? Wasze opinie<\/strong><\/h2>\n<p><em>Kobiecy, intensywny, zmys\u0142owy. <\/em><\/p>\n<p><em>B\u0119dzie pasowa\u0142 na wszystkie pory roku i na wi\u0119kszo\u015b\u0107 dni w roku, uniwersalny. <\/em><\/p>\n<p><em>Dodaj\u0105 niesamowitej energii i sprawiaj\u0105, \u017ce osoba je nosz\u0105ca emanuje niezwyk\u0142\u0105 pewno\u015bci\u0105 siebie z nutk\u0105 poci\u0105gaj\u0105cej tajemniczo\u015bci. Szeroki u\u015bmiech, szelmowskie spojrzenie i rozta\u0144czone na wietrze w\u0142osy. <\/em><\/p>\n<h2><strong>Czy Cherry Paradox to perfumy dla Ciebie?<\/strong><\/h2>\n<p>Tak, je\u015bli lubisz:<\/p>\n<ul>\n<li>wi\u015bniowe zaskoczenia i zapachy gourmand z nieoczywistym twistem;<\/li>\n<li>\u0142\u0105czy\u0107 dziewcz\u0119cy urok z wytrawn\u0105 kobieco\u015bci\u0105;<\/li>\n<li>pachnie\u0107 wyrazi\u015bcie, ale nie onie\u015bmielaj\u0105co;<\/li>\n<li>dodawa\u0107 sobie zapachem energii i pewno\u015bci siebie.<\/li>\n<\/ul>\n<h3><strong>Odkryj pozosta\u0142e zapachy Paradox<\/strong><\/h3>\n<p>Nie wiesz, kt\u00f3ry Paradox pasuje do Ciebie najbardziej? <strong><a href=\"https:\/\/klaudynahebda.involve.me\/paradox-2\">Rozwi\u0105\u017c nasz quiz<\/a><\/strong> i poznaj nasz\u0105 propozycj\u0119 dopasowan\u0105 do Twoich preferencji i osobowo\u015bci.<\/p>\n<p>Tu znajdziesz inne perfumy damskie z linii K. Hebda Paradox:<\/p>\n<ul>\n<li><a href=\"https:\/\/klaudynahebda.pl\/sklep\/probka-sea-paradox\"><strong>Sea Paradox<\/strong><\/a><\/li>\n<li><strong><a href=\"https:\/\/klaudynahebda.pl\/sklep\/probka-flower-paradox\">Flower Paradox<\/a><\/strong><\/li>\n<\/ul>\n<p><strong>Seria Paradox to nie tylko perfumy, ale te\u017c suche olejki do cia\u0142a, w\u0142os\u00f3w i twarzy w trzech zapachach:<\/strong><\/p>\n<ul>\n<li><strong><a href=\"https:\/\/klaudynahebda.pl\/sklep\/sea-paradox-suchy-olejek\/ \u200e\">Olejek Sea Paradox<\/a><\/strong><\/li>\n<li><strong><a href=\"https:\/\/klaudynahebda.pl\/sklep\/cherry-paradox-suchy-olejek\/ \u200e\">Olejek Cherry Paradox<\/a><\/strong><\/li>\n<li><strong><a href=\"https:\/\/klaudynahebda.pl\/sklep\/probka-flower-paradox-parfum\/\">Olejek Flower Paradox<\/a><\/strong><\/li>\n<\/ul>\n<div class=\"row row-collapse align-middle\"  id=\"row-481092950\">\n\n\t<div id=\"col-1539585965\" class=\"col small-10 large-12\"  >\n\t\t\t\t<div class=\"col-inner\"  >\n\t\t\t\n\t\t\t <h3 class=\"accordion_title\">Najcz\u0119\u015bciej zadawane pytania<\/h3><div class=\"accordion\" rel=\"1\"><\/div>\n<div class=\"accordion-item\"><a href=\"#\" class=\"accordion-title plain\"><button class=\"toggle\"><i class=\"icon-angle-down\"><\/i><\/button><span>Jak pachn\u0105 perfumy Cherry Paradox?<\/span><\/a><div class=\"accordion-inner\">\nCherry Paradox to zapach kontrast\u00f3w \u2013 jednocze\u015bnie s\u0142odki i mocny, delikatny i wyrazisty.<\/p>\n<p><strong>Nuty g\u0142owy:<\/strong> wi\u015bnia, gorzki migda\u0142, whisky, r\u00f3\u017cowy pieprz.<br \/>\n<strong>Nuty serca:<\/strong> cynamon, \u015bliwka, ja\u015bmin, turecka r\u00f3\u017ca, wanilia, mirt.<br \/>\n<strong>Nuty bazy:<\/strong> paczula, drzewo sanda\u0142owe, tonka, wetiwer.<\/p>\n<p>Tworz\u0105 kobiec\u0105, zmys\u0142ow\u0105 i wielowarstwow\u0105 kompozycj\u0119, kt\u00f3ra zapada w pami\u0119\u0107.<br \/>\n<\/div><\/div>\n<div class=\"accordion-item\"><a href=\"#\" class=\"accordion-title plain\"><button class=\"toggle\"><i class=\"icon-angle-down\"><\/i><\/button><span>Jak d\u0142ugo utrzymuje si\u0119 zapach Cherry Paradox?<\/span><\/a><div class=\"accordion-inner\">\nTrwa\u0142o\u015b\u0107 perfum to sprawa indywidualna i zale\u017cy m.in. od sk\u00f3ry czy pogody, np. wilgotno\u015bci powietrza. \u015arednio Cherry Paradox utrzymuje si\u0119 oko\u0142o 4\u20136 godzin, ale u niekt\u00f3rych os\u00f3b pozostaje wyczuwalny znacznie d\u0142u\u017cej &#8211; <strong>nawet do 12 godzin<\/strong>.<br \/>\n<\/div><\/div>\n<div class=\"accordion-item\"><a href=\"#\" class=\"accordion-title plain\"><button class=\"toggle\"><i class=\"icon-angle-down\"><\/i><\/button><span>Na jakie okazje pasuj\u0105 perfumy Cherry Paradox?<\/span><\/a><div class=\"accordion-inner\">\nTo zapach, kt\u00f3ry odnajdzie si\u0119 w ka\u017cdej sytuacji:<\/p>\n<ul>\n<li><strong>na co dzie\u0144<\/strong> \u2013 dodaje energii i pewno\u015bci siebie,<\/li>\n<li><strong>na wiecz\u00f3r<\/strong> \u2013 otula zmys\u0142owo\u015bci\u0105,<\/li>\n<li><strong>na wyj\u0105tkowe chwile<\/strong> \u2013 staje si\u0119 niepowtarzalnym podpisem kobieco\u015bci.<\/li>\n<\/ul>\n<\/div><\/div>\n<div class=\"accordion-item\"><a href=\"#\" class=\"accordion-title plain\"><button class=\"toggle\"><i class=\"icon-angle-down\"><\/i><\/button><span>Jak stosowa\u0107 perfumy, aby wydoby\u0107 pe\u0142ni\u0119 zapachu?<\/span><\/a><div class=\"accordion-inner\">\nSpryskaj nimi <strong>punkty pulsacyjne<\/strong> \u2013 nadgarstki, szyj\u0119, zgi\u0119cia \u0142okci, miejsca za uszami i dekolt. Dla intensywniejszego efektu mo\u017cesz po\u0142\u0105czy\u0107 je z <strong><a href=\"https:\/\/klaudynahebda.pl\/sklep\/cherry-paradox-suchy-olejek\/ \u200e\">suchym olejkiem Cherry Paradox<\/a><\/strong> \u2013 zapach stanie si\u0119 g\u0142\u0119bszy i jeszcze trwalszy.<br \/>\n<\/div><\/div>\n<div class=\"accordion-item\"><a href=\"#\" class=\"accordion-title plain\"><button class=\"toggle\"><i class=\"icon-angle-down\"><\/i><\/button><span>Jakie olejki eteryczne znajdziesz w Cherry Paradox?<\/span><\/a><div class=\"accordion-inner\">\n<p><strong>R\u00f3\u017cowy pieprz<\/strong> \u2013 symbol odwagi,<br \/>\n<strong>Mirt<\/strong> \u2013 \u017ar\u00f3d\u0142o harmonii,<br \/>\n<strong>Paczula<\/strong> \u2013 si\u0142a i stabilno\u015b\u0107.<br \/>\n<\/div><\/div>\n<div class=\"accordion-item\"><a href=\"#\" class=\"accordion-title plain\"><button class=\"toggle\"><i class=\"icon-angle-down\"><\/i><\/button><span>Czym Cherry Paradox r\u00f3\u017cni si\u0119 od pozosta\u0142ych perfum Paradox?<\/span><\/a><div class=\"accordion-inner\">\n<p>Ka\u017cdy z zapach\u00f3w z serii Paradox ma sw\u00f3j niepowtarzalny charakter:<\/p>\n<p><strong>Cherry Paradox<\/strong> \u2013 s\u0142odka i wielowymiarowa wi\u015bnia z gorzkim akcentem migda\u0142u i ziemist\u0105 paczul\u0105,<br \/>\n<a href=\"https:\/\/klaudynahebda.pl\/sklep\/probka-sea-paradox-parfum\/\"><strong>Sea Paradox<\/strong><\/a> \u2013 \u015bwie\u017co\u015b\u0107 i g\u0142\u0119bia oceanu,<br \/>\n<strong><a href=\"https:\/\/klaudynahebda.pl\/sklep\/probka-flower-paradox-parfum\/\">Flower Paradox<\/a><\/strong> \u2013 \u00a0 wyrazisty, kwiatowy zapach z przyprawami.<br \/>\n<\/div><\/div>\n<div class=\"accordion-item\"><a href=\"#\" class=\"accordion-title plain\"><button class=\"toggle\"><i class=\"icon-angle-down\"><\/i><\/button><span>Jak przechowywa\u0107 Cherry Paradox?<\/span><\/a><div class=\"accordion-inner\">\nNajlepiej w temperaturze pokojowej, w zacienionym miejscu, z dala od \u017ar\u00f3de\u0142 ciep\u0142a. Dzi\u0119ki temu zapach pozostanie niezmienny przez d\u0142ugi czas.<br \/>\n<\/div><\/div>\n<div class=\"accordion-item\"><a href=\"#\" class=\"accordion-title plain\"><button class=\"toggle\"><i class=\"icon-angle-down\"><\/i><\/button><span>Nie wiem, kt\u00f3ry zapach Paradox wybra\u0107 \u2013 jak si\u0119 zdecydowa\u0107?<\/span><\/a><div class=\"accordion-inner\">\n<p>Zaufaj swojej intuicji i wybierz zapach, kt\u00f3ry najlepiej oddaje Tw\u00f3j charakter.\u00a0 Mo\u017cesz tak\u017ce wype\u0142ni\u0107 <strong><a href=\"https:\/\/klaudynahebda.involve.me\/paradox-2\">quiz zapachowy<\/a><\/strong>, aby dowiedzie\u0107 si\u0119, kt\u00f3ra kompozycja Paradox pasuje do Twojej osobowo\u015bci.<\/p>\n<p>Dost\u0119pne s\u0105 tak\u017ce pr\u00f3bki pozosta\u0142ych zapach\u00f3w \u2013 <strong><a href=\"https:\/\/klaudynahebda.pl\/sklep\/probka-sea-paradox\">Sea Paradox,<\/a><\/strong> i <strong><a href=\"https:\/\/klaudynahebda.pl\/sklep\/probka-flower-paradox\">Flower Paradox<\/a> <\/strong>\u2013 aby\u015b mog\u0142a przetestowa\u0107 je na sobie i wybra\u0107 ten idealny.<\/p>\n<\/div><\/div>\n\t<div id=\"gap-23304527\" class=\"gap-element clearfix\" style=\"display:block; height:auto;\">\n\t\t\n<style>\n#gap-23304527 {\n  padding-top: 20px;\n}\n<\/style>\n\t<\/div>\n\t\n\t\t<\/div>\n\t\t\t\t\t<\/div>\n\n\t\n\n<style>\n#row-481092950 > .col > .col-inner {\n  padding: 35px 0px 20px 0px;\n}\n<\/style>\n<\/div>\n","protected":false},"excerpt":{"rendered":"<h2><strong>Cherry Paradox by K. Hebda<span data-teams=\"true\">\u00ae <\/span>to&#8230;\u00a0<\/strong><\/h2>\n<ul>\n<li>zapach <strong>wi\u015bni z pazurem<\/strong>, kt\u00f3ry zmienia si\u0119, zaskakuje i wymyka si\u0119 s\u0142odkim schematom;<\/li>\n<li>wyrafinowany <strong>gourmand z migda\u0142owym akcentem<\/strong> \u2013 pe\u0142en elegancji, kobieco\u015bci i zmys\u0142owo\u015bci;<\/li>\n<li>kompozycja <strong>dla kobiet<\/strong> \u0142\u0105cz\u0105cych delikatno\u015b\u0107 ze zdecydowanym charakterem;<\/li>\n<li>debiutancka linia perfum Klaudyny Hebdy, stworzona <strong>w Polsce<\/strong> i macerowana miesi\u0105cami;<\/li>\n<li>prawdziwe <strong>perfumy z dodatkiem olejk\u00f3w<\/strong> eterycznych.<\/li>\n<\/ul>\n<p><strong>Dzi\u0119ki pr\u00f3bce 2 ml mo\u017cesz sprawdzi\u0107, jak Cherry Paradox pachnie na Twojej sk\u00f3rze, zanim si\u0119gniesz po pe\u0142nowymiarowy flakon.\u00a0<\/strong><\/p>\n","protected":false},"featured_media":3352632,"comment_status":"open","ping_status":"closed","template":"","meta":[],"product_cat":[242,243,117,207],"product_tag":[],"acf":[],"yoast_head":"<!-- This site is optimized with the Yoast SEO plugin v19.6.1 - https:\/\/yoast.com\/wordpress\/plugins\/seo\/ -->\n<title>Cherry Paradox - pr\u00f3bka perfum - Klaudyna Hebda Nature<\/title>\n<meta name=\"description\" content=\"Cherry Paradox \u2013 pr\u00f3bka perfum pe\u0142na kontrast\u00f3w. Zanurz si\u0119 w s\u0142odyczy wi\u015bni z wytrawn\u0105 nut\u0105 pestki i odkryj zapach, kt\u00f3ry zaskakuje trwa\u0142o\u015bci\u0105 i charakterem.\" \/>\n<meta name=\"robots\" content=\"index, follow, max-snippet:-1, max-image-preview:large, max-video-preview:-1\" \/>\n<link rel=\"canonical\" href=\"https:\/\/klaudynahebda.pl\/sklep\/probka-cherry-paradox\/\" \/>\n<meta property=\"og:locale\" content=\"pl_PL\" \/>\n<meta property=\"og:type\" content=\"article\" \/>\n<meta property=\"og:title\" content=\"Cherry Paradox - pr\u00f3bka perfum - Klaudyna Hebda Nature\" \/>\n<meta property=\"og:description\" content=\"Cherry Paradox \u2013 pr\u00f3bka perfum pe\u0142na kontrast\u00f3w. Zanurz si\u0119 w s\u0142odyczy wi\u015bni z wytrawn\u0105 nut\u0105 pestki i odkryj zapach, kt\u00f3ry zaskakuje trwa\u0142o\u015bci\u0105 i charakterem.\" \/>\n<meta property=\"og:url\" content=\"https:\/\/klaudynahebda.pl\/sklep\/probka-cherry-paradox\/\" \/>\n<meta property=\"og:site_name\" content=\"Klaudyna Hebda Nature\" \/>\n<meta property=\"article:modified_time\" content=\"2026-04-24T08:11:34+00:00\" \/>\n<meta property=\"og:image\" content=\"https:\/\/klaudynahebda.pl\/sklep\/wp-content\/uploads\/2025\/09\/cherry-paradox-probka-perfum-packshot-biale-tlo.jpg.png\" \/>\n\t<meta property=\"og:image:width\" content=\"844\" \/>\n\t<meta property=\"og:image:height\" content=\"1152\" \/>\n\t<meta property=\"og:image:type\" content=\"image\/png\" \/>\n<meta name=\"twitter:card\" content=\"summary_large_image\" \/>\n<meta name=\"twitter:label1\" content=\"Szacowany czas czytania\" \/>\n\t<meta name=\"twitter:data1\" content=\"4 minuty\" \/>\n<script type=\"application\/ld+json\" class=\"yoast-schema-graph\">{\"@context\":\"https:\/\/schema.org\",\"@graph\":[{\"@type\":\"WebPage\",\"@id\":\"https:\/\/klaudynahebda.pl\/sklep\/probka-cherry-paradox\/\",\"url\":\"https:\/\/klaudynahebda.pl\/sklep\/probka-cherry-paradox\/\",\"name\":\"Cherry Paradox - pr\u00f3bka perfum - Klaudyna Hebda Nature\",\"isPartOf\":{\"@id\":\"https:\/\/klaudynahebda.pl\/sklep\/#website\"},\"datePublished\":\"2025-09-28T16:40:06+00:00\",\"dateModified\":\"2026-04-24T08:11:34+00:00\",\"description\":\"Cherry Paradox \u2013 pr\u00f3bka perfum pe\u0142na kontrast\u00f3w. Zanurz si\u0119 w s\u0142odyczy wi\u015bni z wytrawn\u0105 nut\u0105 pestki i odkryj zapach, kt\u00f3ry zaskakuje trwa\u0142o\u015bci\u0105 i charakterem.\",\"breadcrumb\":{\"@id\":\"https:\/\/klaudynahebda.pl\/sklep\/probka-cherry-paradox\/#breadcrumb\"},\"inLanguage\":\"pl-PL\",\"potentialAction\":[{\"@type\":\"ReadAction\",\"target\":[\"https:\/\/klaudynahebda.pl\/sklep\/probka-cherry-paradox\/\"]}]},{\"@type\":\"BreadcrumbList\",\"@id\":\"https:\/\/klaudynahebda.pl\/sklep\/probka-cherry-paradox\/#breadcrumb\",\"itemListElement\":[{\"@type\":\"ListItem\",\"position\":1,\"name\":\"Strona g\u0142\u00f3wna\",\"item\":\"https:\/\/klaudynahebda.pl\/sklep\/\"},{\"@type\":\"ListItem\",\"position\":2,\"name\":\"Sklep\",\"item\":\"https:\/\/klaudynahebda.pl\/sklep\/sklep\/\"},{\"@type\":\"ListItem\",\"position\":3,\"name\":\"Linia Paradox\",\"item\":\"https:\/\/klaudynahebda.pl\/sklep\/linia-paradox\/\"},{\"@type\":\"ListItem\",\"position\":4,\"name\":\"Cherry Paradox &#8211; pr\u00f3bka perfum\"}]},{\"@type\":\"WebSite\",\"@id\":\"https:\/\/klaudynahebda.pl\/sklep\/#website\",\"url\":\"https:\/\/klaudynahebda.pl\/sklep\/\",\"name\":\"Klaudyna Hebda Nature\",\"description\":\"Sklep\",\"publisher\":{\"@id\":\"https:\/\/klaudynahebda.pl\/sklep\/#organization\"},\"potentialAction\":[{\"@type\":\"SearchAction\",\"target\":{\"@type\":\"EntryPoint\",\"urlTemplate\":\"https:\/\/klaudynahebda.pl\/sklep\/?s={search_term_string}\"},\"query-input\":\"required name=search_term_string\"}],\"inLanguage\":\"pl-PL\"},{\"@type\":\"Organization\",\"@id\":\"https:\/\/klaudynahebda.pl\/sklep\/#organization\",\"name\":\"KlaudynaHebda\",\"url\":\"https:\/\/klaudynahebda.pl\/sklep\/\",\"sameAs\":[],\"logo\":{\"@type\":\"ImageObject\",\"inLanguage\":\"pl-PL\",\"@id\":\"https:\/\/klaudynahebda.pl\/sklep\/#\/schema\/logo\/image\/\",\"url\":\"\",\"contentUrl\":\"\",\"caption\":\"KlaudynaHebda\"},\"image\":{\"@id\":\"https:\/\/klaudynahebda.pl\/sklep\/#\/schema\/logo\/image\/\"}}]}<\/script>\n<!-- \/ Yoast SEO plugin. -->","yoast_head_json":{"title":"Cherry Paradox - pr\u00f3bka perfum - Klaudyna Hebda Nature","description":"Cherry Paradox \u2013 pr\u00f3bka perfum pe\u0142na kontrast\u00f3w. Zanurz si\u0119 w s\u0142odyczy wi\u015bni z wytrawn\u0105 nut\u0105 pestki i odkryj zapach, kt\u00f3ry zaskakuje trwa\u0142o\u015bci\u0105 i charakterem.","robots":{"index":"index","follow":"follow","max-snippet":"max-snippet:-1","max-image-preview":"max-image-preview:large","max-video-preview":"max-video-preview:-1"},"canonical":"https:\/\/klaudynahebda.pl\/sklep\/probka-cherry-paradox\/","og_locale":"pl_PL","og_type":"article","og_title":"Cherry Paradox - pr\u00f3bka perfum - Klaudyna Hebda Nature","og_description":"Cherry Paradox \u2013 pr\u00f3bka perfum pe\u0142na kontrast\u00f3w. Zanurz si\u0119 w s\u0142odyczy wi\u015bni z wytrawn\u0105 nut\u0105 pestki i odkryj zapach, kt\u00f3ry zaskakuje trwa\u0142o\u015bci\u0105 i charakterem.","og_url":"https:\/\/klaudynahebda.pl\/sklep\/probka-cherry-paradox\/","og_site_name":"Klaudyna Hebda Nature","article_modified_time":"2026-04-24T08:11:34+00:00","og_image":[{"width":844,"height":1152,"url":"https:\/\/klaudynahebda.pl\/sklep\/wp-content\/uploads\/2025\/09\/cherry-paradox-probka-perfum-packshot-biale-tlo.jpg.png","type":"image\/png"}],"twitter_card":"summary_large_image","twitter_misc":{"Szacowany czas czytania":"4 minuty"},"schema":{"@context":"https:\/\/schema.org","@graph":[{"@type":"WebPage","@id":"https:\/\/klaudynahebda.pl\/sklep\/probka-cherry-paradox\/","url":"https:\/\/klaudynahebda.pl\/sklep\/probka-cherry-paradox\/","name":"Cherry Paradox - pr\u00f3bka perfum - Klaudyna Hebda Nature","isPartOf":{"@id":"https:\/\/klaudynahebda.pl\/sklep\/#website"},"datePublished":"2025-09-28T16:40:06+00:00","dateModified":"2026-04-24T08:11:34+00:00","description":"Cherry Paradox \u2013 pr\u00f3bka perfum pe\u0142na kontrast\u00f3w. Zanurz si\u0119 w s\u0142odyczy wi\u015bni z wytrawn\u0105 nut\u0105 pestki i odkryj zapach, kt\u00f3ry zaskakuje trwa\u0142o\u015bci\u0105 i charakterem.","breadcrumb":{"@id":"https:\/\/klaudynahebda.pl\/sklep\/probka-cherry-paradox\/#breadcrumb"},"inLanguage":"pl-PL","potentialAction":[{"@type":"ReadAction","target":["https:\/\/klaudynahebda.pl\/sklep\/probka-cherry-paradox\/"]}]},{"@type":"BreadcrumbList","@id":"https:\/\/klaudynahebda.pl\/sklep\/probka-cherry-paradox\/#breadcrumb","itemListElement":[{"@type":"ListItem","position":1,"name":"Strona g\u0142\u00f3wna","item":"https:\/\/klaudynahebda.pl\/sklep\/"},{"@type":"ListItem","position":2,"name":"Sklep","item":"https:\/\/klaudynahebda.pl\/sklep\/sklep\/"},{"@type":"ListItem","position":3,"name":"Linia Paradox","item":"https:\/\/klaudynahebda.pl\/sklep\/linia-paradox\/"},{"@type":"ListItem","position":4,"name":"Cherry Paradox &#8211; pr\u00f3bka perfum"}]},{"@type":"WebSite","@id":"https:\/\/klaudynahebda.pl\/sklep\/#website","url":"https:\/\/klaudynahebda.pl\/sklep\/","name":"Klaudyna Hebda Nature","description":"Sklep","publisher":{"@id":"https:\/\/klaudynahebda.pl\/sklep\/#organization"},"potentialAction":[{"@type":"SearchAction","target":{"@type":"EntryPoint","urlTemplate":"https:\/\/klaudynahebda.pl\/sklep\/?s={search_term_string}"},"query-input":"required name=search_term_string"}],"inLanguage":"pl-PL"},{"@type":"Organization","@id":"https:\/\/klaudynahebda.pl\/sklep\/#organization","name":"KlaudynaHebda","url":"https:\/\/klaudynahebda.pl\/sklep\/","sameAs":[],"logo":{"@type":"ImageObject","inLanguage":"pl-PL","@id":"https:\/\/klaudynahebda.pl\/sklep\/#\/schema\/logo\/image\/","url":"","contentUrl":"","caption":"KlaudynaHebda"},"image":{"@id":"https:\/\/klaudynahebda.pl\/sklep\/#\/schema\/logo\/image\/"}}]}},"_links":{"self":[{"href":"https:\/\/klaudynahebda.pl\/sklep\/wp-json\/wp\/v2\/product\/3306519"}],"collection":[{"href":"https:\/\/klaudynahebda.pl\/sklep\/wp-json\/wp\/v2\/product"}],"about":[{"href":"https:\/\/klaudynahebda.pl\/sklep\/wp-json\/wp\/v2\/types\/product"}],"replies":[{"embeddable":true,"href":"https:\/\/klaudynahebda.pl\/sklep\/wp-json\/wp\/v2\/comments?post=3306519"}],"wp:featuredmedia":[{"embeddable":true,"href":"https:\/\/klaudynahebda.pl\/sklep\/wp-json\/wp\/v2\/media\/3352632"}],"wp:attachment":[{"href":"https:\/\/klaudynahebda.pl\/sklep\/wp-json\/wp\/v2\/media?parent=3306519"}],"wp:term":[{"taxonomy":"product_cat","embeddable":true,"href":"https:\/\/klaudynahebda.pl\/sklep\/wp-json\/wp\/v2\/product_cat?post=3306519"},{"taxonomy":"product_tag","embeddable":true,"href":"https:\/\/klaudynahebda.pl\/sklep\/wp-json\/wp\/v2\/product_tag?post=3306519"}],"curies":[{"name":"wp","href":"https:\/\/api.w.org\/{rel}","templated":true}]}}