{"id":3306518,"date":"2026-02-10T15:43:06","date_gmt":"2026-02-10T14:43:06","guid":{"rendered":"https:\/\/klaudynahebda.pl\/sklep\/?post_type=product&#038;p=3306518"},"modified":"2026-04-13T09:16:05","modified_gmt":"2026-04-13T07:16:05","slug":"zestaw-probek-paradox","status":"publish","type":"product","link":"https:\/\/klaudynahebda.pl\/sklep\/zestaw-probek-paradox\/","title":{"rendered":"Zestaw pr\u00f3bek &#8211; Discovery Set Paradox"},"content":{"rendered":"<h2><strong>Co znajdziesz w zestawie pr\u00f3bek <em>Discovery Set Paradox by K. Hebda<\/em>?<\/strong><\/h2>\n<p>Opis ka\u017cdego zapachu znajdziesz poni\u017cej, jednak<strong>\u00a0najwi\u0119cej informacji o poszczeg\u00f3lnych zapachach i opinie\u00a0naszych Klientek\u00a0umie\u015bcili\u015bmy\u00a0w opisach\u00a0pe\u0142nowymiarowych perfum<\/strong>\u00a0\u2013\u00a0wystarczy przej\u015b\u0107 na karty produktowe\u00a0<strong><a href=\"https:\/\/klaudynahebda.pl\/sklep\/cherry-paradox-parfum-50ml\/\">Cherry<\/a><\/strong>, <strong><a href=\"https:\/\/klaudynahebda.pl\/sklep\/sea-paradox-parfum-50ml\/\">Sea<\/a><\/strong> i\u00a0<strong><a href=\"https:\/\/klaudynahebda.pl\/sklep\/flower-paradox-parfum-50ml\/\">Flower<\/a><\/strong> Paradox.<\/p>\n<p>Poza du\u017cym pude\u0142kiem ka\u017cda z pr\u00f3bek zapakowana jest dodatkowo w oddzielne pude\u0142eczko.<\/p>\n<h3><strong>Flower Paradox by K. Hebda\u00ae 2 ml<\/strong><\/h3>\n<p>Kwiatowe, ale z charakterem. Klasyczne i eleganckie, ale z nowoczesnym twistem. To zapach, kt\u00f3ry pozostanie w pomieszczeniu jeszcze d\u0142ugo po Twoim wyj\u015bciu. Intryguj\u0105cy, niezapomniany.<\/p>\n<p>Piramida zapachowa Flower\u00a0Paradox:<br \/>\nNuta g\u0142owy:\u00a0neroli, bergamotka, r\u00f3\u017cowy pieprz,\u00a0pimento\u00a0berry<br \/>\nNuta serca:\u00a0frangipani, gardenia, ja\u015bmin<br \/>\nNuta bazy:\u00a0wanilia, mleko kokosowe, nuty ambrowe, nuty pi\u017cmowe<\/p>\n<h3><strong>Cherry Paradox by K. Hebda\u00ae 2 ml<\/strong><\/h3>\n<p>Zapach pe\u0142en kontrast\u00f3w \u2013 s\u0142odki i mocny, a zarazem delikatny i wyrazisty. Nie przyt\u0142acza, ale robi wra\u017cenie. Bo wi\u015bnia mo\u017ce by\u0107 niegrzeczna, s\u0142odycz mo\u017ce mie\u0107 pazur, a kobieta mo\u017ce by\u0107 pe\u0142na sprzeczno\u015bci.<\/p>\n<p>Piramida zapachowa\u00a0Cherry\u00a0Paradox<br \/>\nNuta g\u0142owy: wi\u015bnia, gorzki migda\u0142, whisky, r\u00f3\u017cowy pieprz<br \/>\nNuta serca: cynamon, \u015bliwka, ja\u015bmin, turecka r\u00f3\u017ca, wanilia, mirt<br \/>\nNuta bazy: paczula, drzewo sanda\u0142owe, tonka,\u00a0wetiwer<\/p>\n<h3><strong>Sea Paradox by K. Hebda\u00ae 2 ml<\/strong><\/h3>\n<p>Ch\u0142odny ocean i rozgrzewaj\u0105ce przyprawy. Sea\u00a0Paradox\u00a0to zapach, kt\u00f3ry \u0142\u0105czy \u015bwie\u017co\u015b\u0107 morskiej bryzy z ciep\u0142em kardamonu i intensywno\u015bci\u0105 czerwonych owoc\u00f3w. Dla kobiet, kt\u00f3re potrzebuj\u0105 chwili oddechu, ale nie chc\u0105 rezygnowa\u0107 z kobiecej energii i si\u0142y.<\/p>\n<p>Piramida zapachowa Sea\u00a0Paradox<br \/>\nNuta g\u0142owy:\u00a0nuty morskie, kardamon, czerwone owoce<br \/>\nNuta serca:\u00a0kadzid\u0142owiec, cynamon, \u015bliwka, wanilia<br \/>\nNuta bazy: sanda\u0142owiec, wetiwer, balsam peruwia\u0144ski, ambroxan<\/p>\n<h3><strong>\ud83c\udf81 Wyj\u0105tkowy prezent, by zmys\u0142owa uczta mog\u0142a trwa\u0107 jeszcze d\u0142u\u017cej<\/strong><\/h3>\n<p>W \u015brodku znajdziesz specjalny kod rabatowy, z kt\u00f3rym <strong>pe\u0142nowymiarowe perfumy Cherry, Sea lub Flowe<\/strong>r <span style=\"text-decoration: underline;\"><strong>kupisz a\u017c o 79 z\u0142 taniej!<\/strong><\/span>*<br \/>\n<em>*Kod dzia\u0142a tylko do 30.04.2026 roku.<\/em><\/p>\n<h2><strong>Olejki eteryczne w perfumach Paradox\u00a0<\/strong><\/h2>\n<p><strong><a href=\"https:\/\/klaudynahebda.pl\/sklep\/flower-paradox-parfum-50ml\/\">Flower\u00a0Paradox<\/a><\/strong>\u00a0\u2013 r\u00f3\u017cowy pieprz,\u00a0pimento\u00a0berry.<br \/>\n<strong><a href=\"https:\/\/klaudynahebda.pl\/sklep\/cherry-paradox-parfum-50ml\/\">Cherry\u00a0Paradox<\/a><\/strong>\u00a0\u2013 r\u00f3\u017cowy pieprz, mirt, paczula.<br \/>\n<strong><a href=\"https:\/\/klaudynahebda.pl\/sklep\/sea-paradox-parfum-50ml\/\">Sea\u00a0Paradox<\/a><\/strong>\u00a0\u2013 kardamon, kadzid\u0142owiec.<\/p>\n<h2><strong>Czy zestaw pr\u00f3bek to co\u015b dla Ciebie? Tak, je\u015bli:<\/strong><\/h2>\n<ul>\n<li>chcesz wypr\u00f3bowa\u0107 wszystkie trzy zapachy Paradox by K. Hebda,<\/li>\n<li>lubisz d\u0142u\u017cej ponosi\u0107 zapach na ciele, \u017ceby zobaczy\u0107 czy do Ciebie pasuje,<\/li>\n<li>kolekcjonujesz unikalne, nieoczywiste zapachy,<\/li>\n<li>chcesz zam\u00f3wi\u0107 perfumy lub suchy olejek Paradox, ale nie mo\u017cesz si\u0119 zdecydowa\u0107, kt\u00f3ry zapach wybra\u0107,<\/li>\n<li>lubisz inaczej pachnie\u0107 w pracy, inaczej wieczorem, a jeszcze inaczej w czasie urlopu,<\/li>\n<li>nie u\u017cywasz perfum na co dzie\u0144, ale lubisz mie\u0107 w kosmetyczce pr\u00f3bki na wyj\u0105tkowe okazje.<\/li>\n<\/ul>\n<p><strong>Zapach to historia. Sprawd\u017a, kt\u00f3ra jest Twoja.\u00a0<\/strong><\/p>\n<ul>\n<li>Testuj jedn\u0105 pr\u00f3bk\u0119 dziennie \u2013 daj jej czas, by rozwin\u0119\u0142a swoj\u0105 opowie\u015b\u0107.<\/li>\n<li>Pami\u0119taj &#8211; nuty zapachowe rozwijaj\u0105 si\u0119 inaczej na ka\u017cdej sk\u00f3rze.<\/li>\n<li>Wybierz sw\u00f3j Paradox i zap\u0142a\u0107 za pe\u0142nowymiarowe perfumy a\u017c 79 z\u0142 mniej!<\/li>\n<\/ul>\n<h2><strong>Poznaj bli\u017cej lini\u0119 Paradox by K. Hebda \ud83c\udf0a \ud83c\udf52 \ud83c\udf38<\/strong><\/h2>\n<p>\ud83c\udf52 <a href=\"https:\/\/klaudynahebda.pl\/sklep\/cherry-paradox-parfum-50ml\/\"><strong>Perfumy<\/strong><\/a> i <a href=\"https:\/\/klaudynahebda.pl\/sklep\/cherry-paradox-suchy-olejek\/\"><strong>suchy olejek<\/strong><\/a> Cherry Paradox by K. Hebda\u00ae<\/p>\n<p>\ud83c\udf0a\u00a0\u00a0<strong><a href=\"https:\/\/klaudynahebda.pl\/sklep\/sea-paradox-parfum-50ml\/\">Perfumy<\/a><\/strong> i <strong><a href=\"https:\/\/klaudynahebda.pl\/sklep\/sea-paradox-suchy-olejek\/\">suchy olejek<\/a><\/strong> Sea Paradox by K. Hebda\u00ae<\/p>\n<p>\ud83c\udf38\u00a0 <a href=\"https:\/\/klaudynahebda.pl\/sklep\/flower-paradox-parfum-50ml\/\"><strong>Perfumy<\/strong><\/a>\u00a0i <strong><a href=\"https:\/\/klaudynahebda.pl\/sklep\/flower-paradox-suchy-olejek\/\">suchy olejek<\/a><\/strong> Flower\u00a0Paradox\u00a0by K. Hebda\u00ae<\/p>\n","protected":false},"excerpt":{"rendered":"<blockquote><p><em>Zapraszam Ci\u0119 do \u015bwiata perfum pe\u0142nych nieoczywisto\u015bci i wieloznaczno\u015bci. <\/em><em>Rozgo\u015b\u0107 si\u0119 w nim wygodnie. Odnajd\u017a tu siebie, swoje emocje i wspomnienia.<br \/>\n<\/em><em>A wszystko w oprawie, kt\u00f3re niczym <strong>ma\u0142e dzie\u0142o sztuki, <\/strong>zachwyca zmys\u0142y i <strong>zatrzymuje<\/strong> Ci\u0119 na d\u0142u\u017cej.<br \/>\n<\/em><em>To chwila tylko dla Ciebie. Zdecyduj, kt\u00f3ry Paradox jest najbardziej Tw\u00f3j.<\/em><br \/>\nKlaudyna Kebda.<\/p><\/blockquote>\n<h2><strong><em>Discovery Set<\/em> Paradox by K. Hebda to\u2026<\/strong><\/h2>\n<ul>\n<li>trzy pr\u00f3bki przyci\u0105gaj\u0105cych i wielowymiarowych zapach\u00f3w <strong>w artystycznej oprawie z dusz\u0105 i trzy kroki do \u015bwiata pe\u0142nego olfaktorycznych nieoczywisto\u015bci<\/strong>;<\/li>\n<li>prawdziwe perfumy K. Hebda w mini wersji do torebki &#8211; Sea Paradox, Flower Paradox i Cherry Paradox;<\/li>\n<li>okazja do wypr\u00f3bowania wszystkich zapach\u00f3w Paradox niespieszcznie i na Twoich warunkach, zanim zdecydujesz, kt\u00f3ry zapach chcesz mie\u0107 w wersji pe\u0142nowymiarowej;<\/li>\n<li>rozpieszczaj\u0105cy zmys\u0142y <strong>prezent dla siebie lub kogo\u015b<\/strong>, kogo chcesz naprawd\u0119 zaskoczy\u0107: to gotowy do wr\u0119czenia zestaw perfum na r\u00f3\u017cne dni, okazje i nastr\u00f3j.<\/li>\n<li><strong>zestaw z kuponem rabatowym, z kt\u00f3rym pe\u0142nowymiarowe perfumy Cherry, Flower lub Sea kupisz w wyj\u0105tkowo niskiej cenie<\/strong><\/li>\n<\/ul>\n<h3><strong>\u2764\ufe0f PSST&#8230; MAMY CO\u015a TYLKO DLA CIEBIE!<\/strong><\/h3>\n<p>W zestawie znajdziesz przygotowany specjalnie dla Ciebie <span style=\"text-decoration: underline;\"><strong>kupon o warto\u015bci 79 z\u0142<\/strong> <\/span>na zakup jednego pe\u0142nowymiarowego flakonu dowolnego<strong>\u00a0z trzech zapach\u00f3w Paradox<\/strong>. <em>(Kupon dzia\u0142a tylko raz i nie \u0142\u0105czy si\u0119 z innymi promocjami. Mo\u017cesz wykorzysta\u0107 go do 30.04.2026 roku).<\/em><\/p>\n","protected":false},"featured_media":3461194,"comment_status":"open","ping_status":"closed","template":"","meta":[],"product_cat":[250,242,243,117,207],"product_tag":[],"acf":[],"yoast_head":"<!-- This site is optimized with the Yoast SEO plugin v19.6.1 - https:\/\/yoast.com\/wordpress\/plugins\/seo\/ -->\n<title>Zestaw pr\u00f3bek - Discovery Set Paradox - Klaudyna Hebda Nature<\/title>\n<meta name=\"description\" content=\"Zestaw pr\u00f3bek perfum Paradox by K. Hebda - przetestuj a\u017c trzy przyci\u0105gaj\u0105ce zapachy. Wypr\u00f3buj Sea, Cherry oraz Flower Paradox i zdecyduj, kt\u00f3ry najbardziej do Ciebie pasuje. \ud83c\udf0a \ud83c\udf52 \ud83c\udf38\" \/>\n<meta name=\"robots\" content=\"index, follow, max-snippet:-1, max-image-preview:large, max-video-preview:-1\" \/>\n<link rel=\"canonical\" href=\"https:\/\/klaudynahebda.pl\/sklep\/zestaw-probek-paradox\/\" \/>\n<meta property=\"og:locale\" content=\"pl_PL\" \/>\n<meta property=\"og:type\" content=\"article\" \/>\n<meta property=\"og:title\" content=\"Zestaw pr\u00f3bek - Discovery Set Paradox - Klaudyna Hebda Nature\" \/>\n<meta property=\"og:description\" content=\"Zestaw pr\u00f3bek perfum Paradox by K. Hebda - przetestuj a\u017c trzy przyci\u0105gaj\u0105ce zapachy. Wypr\u00f3buj Sea, Cherry oraz Flower Paradox i zdecyduj, kt\u00f3ry najbardziej do Ciebie pasuje. \ud83c\udf0a \ud83c\udf52 \ud83c\udf38\" \/>\n<meta property=\"og:url\" content=\"https:\/\/klaudynahebda.pl\/sklep\/zestaw-probek-paradox\/\" \/>\n<meta property=\"og:site_name\" content=\"Klaudyna Hebda Nature\" \/>\n<meta property=\"article:modified_time\" content=\"2026-04-13T07:16:05+00:00\" \/>\n<meta property=\"og:image\" content=\"https:\/\/klaudynahebda.pl\/sklep\/wp-content\/uploads\/2026\/02\/discovery-set-paradox-k-hebda-zestaw-probek-perfum.jpg\" \/>\n\t<meta property=\"og:image:width\" content=\"844\" \/>\n\t<meta property=\"og:image:height\" content=\"1152\" \/>\n\t<meta property=\"og:image:type\" content=\"image\/jpeg\" \/>\n<meta name=\"twitter:card\" content=\"summary_large_image\" \/>\n<meta name=\"twitter:label1\" content=\"Szacowany czas czytania\" \/>\n\t<meta name=\"twitter:data1\" content=\"3 minuty\" \/>\n<script type=\"application\/ld+json\" class=\"yoast-schema-graph\">{\"@context\":\"https:\/\/schema.org\",\"@graph\":[{\"@type\":\"WebPage\",\"@id\":\"https:\/\/klaudynahebda.pl\/sklep\/zestaw-probek-paradox\/\",\"url\":\"https:\/\/klaudynahebda.pl\/sklep\/zestaw-probek-paradox\/\",\"name\":\"Zestaw pr\u00f3bek - Discovery Set Paradox - Klaudyna Hebda Nature\",\"isPartOf\":{\"@id\":\"https:\/\/klaudynahebda.pl\/sklep\/#website\"},\"datePublished\":\"2026-02-10T14:43:06+00:00\",\"dateModified\":\"2026-04-13T07:16:05+00:00\",\"description\":\"Zestaw pr\u00f3bek perfum Paradox by K. Hebda - przetestuj a\u017c trzy przyci\u0105gaj\u0105ce zapachy. Wypr\u00f3buj Sea, Cherry oraz Flower Paradox i zdecyduj, kt\u00f3ry najbardziej do Ciebie pasuje. \ud83c\udf0a \ud83c\udf52 \ud83c\udf38\",\"breadcrumb\":{\"@id\":\"https:\/\/klaudynahebda.pl\/sklep\/zestaw-probek-paradox\/#breadcrumb\"},\"inLanguage\":\"pl-PL\",\"potentialAction\":[{\"@type\":\"ReadAction\",\"target\":[\"https:\/\/klaudynahebda.pl\/sklep\/zestaw-probek-paradox\/\"]}]},{\"@type\":\"BreadcrumbList\",\"@id\":\"https:\/\/klaudynahebda.pl\/sklep\/zestaw-probek-paradox\/#breadcrumb\",\"itemListElement\":[{\"@type\":\"ListItem\",\"position\":1,\"name\":\"Strona g\u0142\u00f3wna\",\"item\":\"https:\/\/klaudynahebda.pl\/sklep\/\"},{\"@type\":\"ListItem\",\"position\":2,\"name\":\"Sklep\",\"item\":\"https:\/\/klaudynahebda.pl\/sklep\/sklep\/\"},{\"@type\":\"ListItem\",\"position\":3,\"name\":\"Pr\u00f3bki\",\"item\":\"https:\/\/klaudynahebda.pl\/sklep\/probki-produktow\/\"},{\"@type\":\"ListItem\",\"position\":4,\"name\":\"Zestaw pr\u00f3bek &#8211; Discovery Set Paradox\"}]},{\"@type\":\"WebSite\",\"@id\":\"https:\/\/klaudynahebda.pl\/sklep\/#website\",\"url\":\"https:\/\/klaudynahebda.pl\/sklep\/\",\"name\":\"Klaudyna Hebda Nature\",\"description\":\"Sklep\",\"publisher\":{\"@id\":\"https:\/\/klaudynahebda.pl\/sklep\/#organization\"},\"potentialAction\":[{\"@type\":\"SearchAction\",\"target\":{\"@type\":\"EntryPoint\",\"urlTemplate\":\"https:\/\/klaudynahebda.pl\/sklep\/?s={search_term_string}\"},\"query-input\":\"required name=search_term_string\"}],\"inLanguage\":\"pl-PL\"},{\"@type\":\"Organization\",\"@id\":\"https:\/\/klaudynahebda.pl\/sklep\/#organization\",\"name\":\"KlaudynaHebda\",\"url\":\"https:\/\/klaudynahebda.pl\/sklep\/\",\"sameAs\":[],\"logo\":{\"@type\":\"ImageObject\",\"inLanguage\":\"pl-PL\",\"@id\":\"https:\/\/klaudynahebda.pl\/sklep\/#\/schema\/logo\/image\/\",\"url\":\"\",\"contentUrl\":\"\",\"caption\":\"KlaudynaHebda\"},\"image\":{\"@id\":\"https:\/\/klaudynahebda.pl\/sklep\/#\/schema\/logo\/image\/\"}}]}<\/script>\n<!-- \/ Yoast SEO plugin. -->","yoast_head_json":{"title":"Zestaw pr\u00f3bek - Discovery Set Paradox - Klaudyna Hebda Nature","description":"Zestaw pr\u00f3bek perfum Paradox by K. Hebda - przetestuj a\u017c trzy przyci\u0105gaj\u0105ce zapachy. Wypr\u00f3buj Sea, Cherry oraz Flower Paradox i zdecyduj, kt\u00f3ry najbardziej do Ciebie pasuje. \ud83c\udf0a \ud83c\udf52 \ud83c\udf38","robots":{"index":"index","follow":"follow","max-snippet":"max-snippet:-1","max-image-preview":"max-image-preview:large","max-video-preview":"max-video-preview:-1"},"canonical":"https:\/\/klaudynahebda.pl\/sklep\/zestaw-probek-paradox\/","og_locale":"pl_PL","og_type":"article","og_title":"Zestaw pr\u00f3bek - Discovery Set Paradox - Klaudyna Hebda Nature","og_description":"Zestaw pr\u00f3bek perfum Paradox by K. Hebda - przetestuj a\u017c trzy przyci\u0105gaj\u0105ce zapachy. Wypr\u00f3buj Sea, Cherry oraz Flower Paradox i zdecyduj, kt\u00f3ry najbardziej do Ciebie pasuje. \ud83c\udf0a \ud83c\udf52 \ud83c\udf38","og_url":"https:\/\/klaudynahebda.pl\/sklep\/zestaw-probek-paradox\/","og_site_name":"Klaudyna Hebda Nature","article_modified_time":"2026-04-13T07:16:05+00:00","og_image":[{"width":844,"height":1152,"url":"https:\/\/klaudynahebda.pl\/sklep\/wp-content\/uploads\/2026\/02\/discovery-set-paradox-k-hebda-zestaw-probek-perfum.jpg","type":"image\/jpeg"}],"twitter_card":"summary_large_image","twitter_misc":{"Szacowany czas czytania":"3 minuty"},"schema":{"@context":"https:\/\/schema.org","@graph":[{"@type":"WebPage","@id":"https:\/\/klaudynahebda.pl\/sklep\/zestaw-probek-paradox\/","url":"https:\/\/klaudynahebda.pl\/sklep\/zestaw-probek-paradox\/","name":"Zestaw pr\u00f3bek - Discovery Set Paradox - Klaudyna Hebda Nature","isPartOf":{"@id":"https:\/\/klaudynahebda.pl\/sklep\/#website"},"datePublished":"2026-02-10T14:43:06+00:00","dateModified":"2026-04-13T07:16:05+00:00","description":"Zestaw pr\u00f3bek perfum Paradox by K. Hebda - przetestuj a\u017c trzy przyci\u0105gaj\u0105ce zapachy. Wypr\u00f3buj Sea, Cherry oraz Flower Paradox i zdecyduj, kt\u00f3ry najbardziej do Ciebie pasuje. \ud83c\udf0a \ud83c\udf52 \ud83c\udf38","breadcrumb":{"@id":"https:\/\/klaudynahebda.pl\/sklep\/zestaw-probek-paradox\/#breadcrumb"},"inLanguage":"pl-PL","potentialAction":[{"@type":"ReadAction","target":["https:\/\/klaudynahebda.pl\/sklep\/zestaw-probek-paradox\/"]}]},{"@type":"BreadcrumbList","@id":"https:\/\/klaudynahebda.pl\/sklep\/zestaw-probek-paradox\/#breadcrumb","itemListElement":[{"@type":"ListItem","position":1,"name":"Strona g\u0142\u00f3wna","item":"https:\/\/klaudynahebda.pl\/sklep\/"},{"@type":"ListItem","position":2,"name":"Sklep","item":"https:\/\/klaudynahebda.pl\/sklep\/sklep\/"},{"@type":"ListItem","position":3,"name":"Pr\u00f3bki","item":"https:\/\/klaudynahebda.pl\/sklep\/probki-produktow\/"},{"@type":"ListItem","position":4,"name":"Zestaw pr\u00f3bek &#8211; Discovery Set Paradox"}]},{"@type":"WebSite","@id":"https:\/\/klaudynahebda.pl\/sklep\/#website","url":"https:\/\/klaudynahebda.pl\/sklep\/","name":"Klaudyna Hebda Nature","description":"Sklep","publisher":{"@id":"https:\/\/klaudynahebda.pl\/sklep\/#organization"},"potentialAction":[{"@type":"SearchAction","target":{"@type":"EntryPoint","urlTemplate":"https:\/\/klaudynahebda.pl\/sklep\/?s={search_term_string}"},"query-input":"required name=search_term_string"}],"inLanguage":"pl-PL"},{"@type":"Organization","@id":"https:\/\/klaudynahebda.pl\/sklep\/#organization","name":"KlaudynaHebda","url":"https:\/\/klaudynahebda.pl\/sklep\/","sameAs":[],"logo":{"@type":"ImageObject","inLanguage":"pl-PL","@id":"https:\/\/klaudynahebda.pl\/sklep\/#\/schema\/logo\/image\/","url":"","contentUrl":"","caption":"KlaudynaHebda"},"image":{"@id":"https:\/\/klaudynahebda.pl\/sklep\/#\/schema\/logo\/image\/"}}]}},"_links":{"self":[{"href":"https:\/\/klaudynahebda.pl\/sklep\/wp-json\/wp\/v2\/product\/3306518"}],"collection":[{"href":"https:\/\/klaudynahebda.pl\/sklep\/wp-json\/wp\/v2\/product"}],"about":[{"href":"https:\/\/klaudynahebda.pl\/sklep\/wp-json\/wp\/v2\/types\/product"}],"replies":[{"embeddable":true,"href":"https:\/\/klaudynahebda.pl\/sklep\/wp-json\/wp\/v2\/comments?post=3306518"}],"wp:featuredmedia":[{"embeddable":true,"href":"https:\/\/klaudynahebda.pl\/sklep\/wp-json\/wp\/v2\/media\/3461194"}],"wp:attachment":[{"href":"https:\/\/klaudynahebda.pl\/sklep\/wp-json\/wp\/v2\/media?parent=3306518"}],"wp:term":[{"taxonomy":"product_cat","embeddable":true,"href":"https:\/\/klaudynahebda.pl\/sklep\/wp-json\/wp\/v2\/product_cat?post=3306518"},{"taxonomy":"product_tag","embeddable":true,"href":"https:\/\/klaudynahebda.pl\/sklep\/wp-json\/wp\/v2\/product_tag?post=3306518"}],"curies":[{"name":"wp","href":"https:\/\/api.w.org\/{rel}","templated":true}]}}