{"id":3306517,"date":"2025-06-24T09:52:54","date_gmt":"2025-06-24T07:52:54","guid":{"rendered":"https:\/\/klaudynahebda.pl\/sklep\/?post_type=product&#038;p=3306517"},"modified":"2026-04-16T08:37:37","modified_gmt":"2026-04-16T06:37:37","slug":"torba-materialowa","status":"publish","type":"product","link":"https:\/\/klaudynahebda.pl\/sklep\/torba-materialowa\/","title":{"rendered":"Torba materia\u0142owa K. HEBDA (du\u017ca)"},"content":{"rendered":"<h1>Du\u017ca torba bawe\u0142niana z kieszonk\u0105<\/h1>\n<p><strong>Pi\u0119kna, pojemna, wytrzyma\u0142a \u2013 taka mia\u0142a by\u0107 torba wyprodukowana z okazji 10-lecia naszej firmy.<\/strong> I taka w\u0142a\u015bnie jest!<\/p>\n<p>Pomie\u015bci solidne zakupy, ubrania i akcesoria potrzebne na weekendowy wypad czy koce, r\u0119czniki, zabawki i przek\u0105ski do zabrania na pla\u017c\u0119. <strong>Jest wykonana z bawe\u0142ny o wysokiej gramaturze (280 g)<\/strong>, a solidne r\u0105czki u\u0142atwi\u0105 przeniesienie wszystkiego, co wa\u017cne. Je\u015bli pakuj\u0105c si\u0119 co chwil\u0119 my\u015blisz sobie \u201ejeszcze to!\u201d, to jest du\u017ca szansa, \u017ce ta torba to co\u015b dla Ciebie \u2013 pomo\u017ce Ci zabra\u0107 wszystko, co lubisz mie\u0107 zawsze przy sobie.<\/p>\n<h3><strong>Dlaczego j\u0105 pokochasz?<\/strong><\/h3>\n<ul>\n<li>To torba, kt\u00f3ra pomie\u015bci (prawie) wszystko<\/li>\n<li>Idealna na zakupy, podr\u00f3\u017ce, wyj\u015bcia z dzie\u0107mi<\/li>\n<li>Wykonana w 100% z mi\u0119sistej bawe\u0142ny<\/li>\n<li>Z kieszonk\u0105 na telefon, portfel, klucze<\/li>\n<li>Uszyta w Polsce<\/li>\n<\/ul>\n<p>W \u015brodku torby znajduje si\u0119 praktyczna kieszonka w kolorze zielonym. Portfel czy klucze b\u0119d\u0105 w niej bezpieczne, a Ty b\u0119dziesz je mia\u0142a zawsze pod r\u0119k\u0105.<\/p>\n<h3><strong>Torba zosta\u0142a przetestowana przez nasz zesp\u00f3\u0142 i w bardzo rygorystycznych testach zdoby\u0142a 10\/10 punkt\u00f3w:<\/strong><\/h3>\n<p><em>&#8220;<\/em><span data-teams=\"true\"><em>Zachwyci\u0142 mnie wygl\u0105d tej torby &#8211; pi\u0119kne, naturalne kolory i minimalistyczny styl, kt\u00f3ry pasuje do wszystkiego. Jest lekka, porz\u0105dnie uszyta, a przy tym naprawd\u0119 pojemna. Spokojnie zmieszcz\u0105 si\u0119 zakupy, rzeczy na pla\u017c\u0119 albo wszystko, co nosz\u0119 na co dzie\u0144. Uwielbiam detale, wi\u0119c kieszonka w \u015brodku to dla mnie game changer &#8211; klucze, telefon, chusteczki &#8211; wszystko pod r\u0119k\u0105 i koniec z szukaniem.&#8221;<\/em><\/span><\/p>\n<p><span data-teams=\"true\"><strong>Kasia<\/strong><\/span><\/p>\n<p><em>&#8220;Mia\u0142am okazj\u0119 przetestowa\u0107 torb\u0119 K. Hebda! I totalnie przepad\u0142am\u00a0<span class=\"fui-Primitive ___qsff000 f1a3p1vp f14t3ns0 f4l2907 f1j863za\" title=\"Serce\"><img src=\"https:\/\/statics.teams.cdn.office.net\/evergreen-assets\/personal-expressions\/v2\/assets\/emoticons\/heart\/default\/60_f.png?v=v34\" alt=\"\u2764\ufe0f\" width=\"20\" \/><\/span> Dla mnie i mojej rodziny jej pojemno\u015b\u0107 jest idealna, a jest nas 5-tka.! \u015awietnie sprawdzi\u0142a nam si\u0119 na wyj\u015bcie na pla\u017c\u0119. Pomie\u015bci\u0142a wszystko to czego potrzebowali\u015bmy r\u0119czniki, kremy, wod\u0119 i przek\u0105ski, a mniejsza wewn\u0119trzna kieszonka idealnie sprawdzi\u0142a si\u0119 na klucze i telefon to szybkiego si\u0119gni\u0119cia po to co wa\u017cne. Jest mocna i solidna! To czego potrzebuje Mama 3-ki dzieci &#8211; konkretnych produkt\u00f3w wysokiej jako\u015bci &#8220;<\/em><\/p>\n<p><strong>Justyna<\/strong><\/p>\n<p><span data-teams=\"true\"><em>&#8220;To od tygodnia moja ulubiona torba i nie wiem czy jaka\u015b inna ma szanse j\u0105 kiedykolwiek przebi\u0107. Wielko\u015b\u0107 &#8211; ja pakuj\u0119 i pakuj\u0119, a ta torba zdaje si\u0119 pyta\u0107 &#8220;a masz co\u015b jeszcze&#8221;? \ud83d\ude09 Projekt i wykonanie &#8211; abstrahuje od tego \u017ce jest po prostu \u015bliczna, to jak ona jest przemy\u015blana! Kieszonka w \u015brodku wi\u0119ksza ni\u017c w niejednych damskich spodniach i porz\u0105dny gruby materia\u0142. A to \u017ce najcz\u0119\u015bciej brudz\u0105ce si\u0119 cz\u0119\u015bci s\u0105 ciemne, to jest geniusz.\ud83d\udc9a&#8221;<\/em><br \/>\n<\/span><\/p>\n<p><strong>Iza<\/strong><\/p>\n<p><strong>Wa\u017cne: to edycja limitowana i jest dost\u0119pna tylko do wyczerpania zapas\u00f3w.\u00a0<\/strong><\/p>\n<p>Materia\u0142: 100% bawe\u0142na drelich 280 g<br \/>\nWymiary: 62 x 42 cm<br \/>\nWyprodukowana w Polsce.<\/p>\n","protected":false},"excerpt":{"rendered":"<h2><strong data-start=\"113\" data-end=\"186\">Du\u017ca torba z bawe\u0142ny \u2013 idealna na zakupy, wyjazdy i codzienne wyj\u015bcia<\/strong><\/h2>\n<p>Pojemna, wytrzyma\u0142a i uszyta w Polsce z mi\u0119sistej bawe\u0142ny. Pomie\u015bci (prawie) wszystko: zakupy, rzeczy na weekend, akcesoria dzieci\u0119ce. W \u015brodku \u2013 kieszonka na telefon, klucze i portfel. <strong>Limitowana edycja z okazji 10-lecia marki.<\/strong><\/p>\n","protected":false},"featured_media":3315405,"comment_status":"open","ping_status":"closed","template":"","meta":[],"product_cat":[215,128],"product_tag":[],"acf":[],"yoast_head":"<!-- This site is optimized with the Yoast SEO plugin v19.6.1 - https:\/\/yoast.com\/wordpress\/plugins\/seo\/ -->\n<title>Torba materia\u0142owa K. HEBDA (du\u017ca) - Klaudyna Hebda Nature<\/title>\n<meta name=\"description\" content=\"Wytrzyma\u0142a, du\u017ca torba bawe\u0142niana z kieszonk\u0105 \u2013 idealna na zakupy, podr\u00f3\u017ce i wyj\u015bcia z dzie\u0107mi. Uszyta w Polsce z grubej bawe\u0142ny. Edycja limitowana.\" \/>\n<meta name=\"robots\" content=\"index, follow, max-snippet:-1, max-image-preview:large, max-video-preview:-1\" \/>\n<link rel=\"canonical\" href=\"https:\/\/klaudynahebda.pl\/sklep\/torba-materialowa\/\" \/>\n<meta property=\"og:locale\" content=\"pl_PL\" \/>\n<meta property=\"og:type\" content=\"article\" \/>\n<meta property=\"og:title\" content=\"Torba materia\u0142owa K. HEBDA (du\u017ca) - Klaudyna Hebda Nature\" \/>\n<meta property=\"og:description\" content=\"Wytrzyma\u0142a, du\u017ca torba bawe\u0142niana z kieszonk\u0105 \u2013 idealna na zakupy, podr\u00f3\u017ce i wyj\u015bcia z dzie\u0107mi. Uszyta w Polsce z grubej bawe\u0142ny. Edycja limitowana.\" \/>\n<meta property=\"og:url\" content=\"https:\/\/klaudynahebda.pl\/sklep\/torba-materialowa\/\" \/>\n<meta property=\"og:site_name\" content=\"Klaudyna Hebda Nature\" \/>\n<meta property=\"article:modified_time\" content=\"2026-04-16T06:37:37+00:00\" \/>\n<meta property=\"og:image\" content=\"https:\/\/klaudynahebda.pl\/sklep\/wp-content\/uploads\/2025\/06\/torba-klaudyna-hebda-laka-kwiaty.jpg\" \/>\n\t<meta property=\"og:image:width\" content=\"768\" \/>\n\t<meta property=\"og:image:height\" content=\"1152\" \/>\n\t<meta property=\"og:image:type\" content=\"image\/jpeg\" \/>\n<meta name=\"twitter:card\" content=\"summary_large_image\" \/>\n<meta name=\"twitter:label1\" content=\"Szacowany czas czytania\" \/>\n\t<meta name=\"twitter:data1\" content=\"3 minuty\" \/>\n<script type=\"application\/ld+json\" class=\"yoast-schema-graph\">{\"@context\":\"https:\/\/schema.org\",\"@graph\":[{\"@type\":\"WebPage\",\"@id\":\"https:\/\/klaudynahebda.pl\/sklep\/torba-materialowa\/\",\"url\":\"https:\/\/klaudynahebda.pl\/sklep\/torba-materialowa\/\",\"name\":\"Torba materia\u0142owa K. HEBDA (du\u017ca) - Klaudyna Hebda Nature\",\"isPartOf\":{\"@id\":\"https:\/\/klaudynahebda.pl\/sklep\/#website\"},\"datePublished\":\"2025-06-24T07:52:54+00:00\",\"dateModified\":\"2026-04-16T06:37:37+00:00\",\"description\":\"Wytrzyma\u0142a, du\u017ca torba bawe\u0142niana z kieszonk\u0105 \u2013 idealna na zakupy, podr\u00f3\u017ce i wyj\u015bcia z dzie\u0107mi. Uszyta w Polsce z grubej bawe\u0142ny. Edycja limitowana.\",\"breadcrumb\":{\"@id\":\"https:\/\/klaudynahebda.pl\/sklep\/torba-materialowa\/#breadcrumb\"},\"inLanguage\":\"pl-PL\",\"potentialAction\":[{\"@type\":\"ReadAction\",\"target\":[\"https:\/\/klaudynahebda.pl\/sklep\/torba-materialowa\/\"]}]},{\"@type\":\"BreadcrumbList\",\"@id\":\"https:\/\/klaudynahebda.pl\/sklep\/torba-materialowa\/#breadcrumb\",\"itemListElement\":[{\"@type\":\"ListItem\",\"position\":1,\"name\":\"Strona g\u0142\u00f3wna\",\"item\":\"https:\/\/klaudynahebda.pl\/sklep\/\"},{\"@type\":\"ListItem\",\"position\":2,\"name\":\"Sklep\",\"item\":\"https:\/\/klaudynahebda.pl\/sklep\/sklep\/\"},{\"@type\":\"ListItem\",\"position\":3,\"name\":\"Akcesoria\",\"item\":\"https:\/\/klaudynahebda.pl\/sklep\/akcesoria\/\"},{\"@type\":\"ListItem\",\"position\":4,\"name\":\"Torba materia\u0142owa K. HEBDA (du\u017ca)\"}]},{\"@type\":\"WebSite\",\"@id\":\"https:\/\/klaudynahebda.pl\/sklep\/#website\",\"url\":\"https:\/\/klaudynahebda.pl\/sklep\/\",\"name\":\"Klaudyna Hebda Nature\",\"description\":\"Sklep\",\"publisher\":{\"@id\":\"https:\/\/klaudynahebda.pl\/sklep\/#organization\"},\"potentialAction\":[{\"@type\":\"SearchAction\",\"target\":{\"@type\":\"EntryPoint\",\"urlTemplate\":\"https:\/\/klaudynahebda.pl\/sklep\/?s={search_term_string}\"},\"query-input\":\"required name=search_term_string\"}],\"inLanguage\":\"pl-PL\"},{\"@type\":\"Organization\",\"@id\":\"https:\/\/klaudynahebda.pl\/sklep\/#organization\",\"name\":\"KlaudynaHebda\",\"url\":\"https:\/\/klaudynahebda.pl\/sklep\/\",\"sameAs\":[],\"logo\":{\"@type\":\"ImageObject\",\"inLanguage\":\"pl-PL\",\"@id\":\"https:\/\/klaudynahebda.pl\/sklep\/#\/schema\/logo\/image\/\",\"url\":\"\",\"contentUrl\":\"\",\"caption\":\"KlaudynaHebda\"},\"image\":{\"@id\":\"https:\/\/klaudynahebda.pl\/sklep\/#\/schema\/logo\/image\/\"}}]}<\/script>\n<!-- \/ Yoast SEO plugin. -->","yoast_head_json":{"title":"Torba materia\u0142owa K. HEBDA (du\u017ca) - Klaudyna Hebda Nature","description":"Wytrzyma\u0142a, du\u017ca torba bawe\u0142niana z kieszonk\u0105 \u2013 idealna na zakupy, podr\u00f3\u017ce i wyj\u015bcia z dzie\u0107mi. Uszyta w Polsce z grubej bawe\u0142ny. Edycja limitowana.","robots":{"index":"index","follow":"follow","max-snippet":"max-snippet:-1","max-image-preview":"max-image-preview:large","max-video-preview":"max-video-preview:-1"},"canonical":"https:\/\/klaudynahebda.pl\/sklep\/torba-materialowa\/","og_locale":"pl_PL","og_type":"article","og_title":"Torba materia\u0142owa K. HEBDA (du\u017ca) - Klaudyna Hebda Nature","og_description":"Wytrzyma\u0142a, du\u017ca torba bawe\u0142niana z kieszonk\u0105 \u2013 idealna na zakupy, podr\u00f3\u017ce i wyj\u015bcia z dzie\u0107mi. Uszyta w Polsce z grubej bawe\u0142ny. Edycja limitowana.","og_url":"https:\/\/klaudynahebda.pl\/sklep\/torba-materialowa\/","og_site_name":"Klaudyna Hebda Nature","article_modified_time":"2026-04-16T06:37:37+00:00","og_image":[{"width":768,"height":1152,"url":"https:\/\/klaudynahebda.pl\/sklep\/wp-content\/uploads\/2025\/06\/torba-klaudyna-hebda-laka-kwiaty.jpg","type":"image\/jpeg"}],"twitter_card":"summary_large_image","twitter_misc":{"Szacowany czas czytania":"3 minuty"},"schema":{"@context":"https:\/\/schema.org","@graph":[{"@type":"WebPage","@id":"https:\/\/klaudynahebda.pl\/sklep\/torba-materialowa\/","url":"https:\/\/klaudynahebda.pl\/sklep\/torba-materialowa\/","name":"Torba materia\u0142owa K. HEBDA (du\u017ca) - Klaudyna Hebda Nature","isPartOf":{"@id":"https:\/\/klaudynahebda.pl\/sklep\/#website"},"datePublished":"2025-06-24T07:52:54+00:00","dateModified":"2026-04-16T06:37:37+00:00","description":"Wytrzyma\u0142a, du\u017ca torba bawe\u0142niana z kieszonk\u0105 \u2013 idealna na zakupy, podr\u00f3\u017ce i wyj\u015bcia z dzie\u0107mi. Uszyta w Polsce z grubej bawe\u0142ny. Edycja limitowana.","breadcrumb":{"@id":"https:\/\/klaudynahebda.pl\/sklep\/torba-materialowa\/#breadcrumb"},"inLanguage":"pl-PL","potentialAction":[{"@type":"ReadAction","target":["https:\/\/klaudynahebda.pl\/sklep\/torba-materialowa\/"]}]},{"@type":"BreadcrumbList","@id":"https:\/\/klaudynahebda.pl\/sklep\/torba-materialowa\/#breadcrumb","itemListElement":[{"@type":"ListItem","position":1,"name":"Strona g\u0142\u00f3wna","item":"https:\/\/klaudynahebda.pl\/sklep\/"},{"@type":"ListItem","position":2,"name":"Sklep","item":"https:\/\/klaudynahebda.pl\/sklep\/sklep\/"},{"@type":"ListItem","position":3,"name":"Akcesoria","item":"https:\/\/klaudynahebda.pl\/sklep\/akcesoria\/"},{"@type":"ListItem","position":4,"name":"Torba materia\u0142owa K. HEBDA (du\u017ca)"}]},{"@type":"WebSite","@id":"https:\/\/klaudynahebda.pl\/sklep\/#website","url":"https:\/\/klaudynahebda.pl\/sklep\/","name":"Klaudyna Hebda Nature","description":"Sklep","publisher":{"@id":"https:\/\/klaudynahebda.pl\/sklep\/#organization"},"potentialAction":[{"@type":"SearchAction","target":{"@type":"EntryPoint","urlTemplate":"https:\/\/klaudynahebda.pl\/sklep\/?s={search_term_string}"},"query-input":"required name=search_term_string"}],"inLanguage":"pl-PL"},{"@type":"Organization","@id":"https:\/\/klaudynahebda.pl\/sklep\/#organization","name":"KlaudynaHebda","url":"https:\/\/klaudynahebda.pl\/sklep\/","sameAs":[],"logo":{"@type":"ImageObject","inLanguage":"pl-PL","@id":"https:\/\/klaudynahebda.pl\/sklep\/#\/schema\/logo\/image\/","url":"","contentUrl":"","caption":"KlaudynaHebda"},"image":{"@id":"https:\/\/klaudynahebda.pl\/sklep\/#\/schema\/logo\/image\/"}}]}},"_links":{"self":[{"href":"https:\/\/klaudynahebda.pl\/sklep\/wp-json\/wp\/v2\/product\/3306517"}],"collection":[{"href":"https:\/\/klaudynahebda.pl\/sklep\/wp-json\/wp\/v2\/product"}],"about":[{"href":"https:\/\/klaudynahebda.pl\/sklep\/wp-json\/wp\/v2\/types\/product"}],"replies":[{"embeddable":true,"href":"https:\/\/klaudynahebda.pl\/sklep\/wp-json\/wp\/v2\/comments?post=3306517"}],"wp:featuredmedia":[{"embeddable":true,"href":"https:\/\/klaudynahebda.pl\/sklep\/wp-json\/wp\/v2\/media\/3315405"}],"wp:attachment":[{"href":"https:\/\/klaudynahebda.pl\/sklep\/wp-json\/wp\/v2\/media?parent=3306517"}],"wp:term":[{"taxonomy":"product_cat","embeddable":true,"href":"https:\/\/klaudynahebda.pl\/sklep\/wp-json\/wp\/v2\/product_cat?post=3306517"},{"taxonomy":"product_tag","embeddable":true,"href":"https:\/\/klaudynahebda.pl\/sklep\/wp-json\/wp\/v2\/product_tag?post=3306517"}],"curies":[{"name":"wp","href":"https:\/\/api.w.org\/{rel}","templated":true}]}}