{"id":3306501,"date":"2025-09-29T13:17:18","date_gmt":"2025-09-29T11:17:18","guid":{"rendered":"https:\/\/klaudynahebda.pl\/sklep\/?post_type=product&#038;p=3306501"},"modified":"2026-04-22T19:03:36","modified_gmt":"2026-04-22T17:03:36","slug":"cherry-paradox-parfum-50ml","status":"publish","type":"product","link":"https:\/\/klaudynahebda.pl\/sklep\/cherry-paradox-parfum-50ml\/","title":{"rendered":"Perfumy Cherry Paradox"},"content":{"rendered":"<h2><strong>Piramida zapachowa perfum damskich Cherry Paradox by K. Hebda<span data-teams=\"true\">\u00ae<\/span><\/strong><\/h2>\n<p><strong>Nuty g\u0142owy<\/strong>: wi\u015bnia, gorzki migda\u0142, whisky, r\u00f3\u017cowy pieprz<br \/>\n<strong>Nuty serca<\/strong>: cynamon, \u015bliwka, ja\u015bmin, turecka r\u00f3\u017ca, wanilia, mirt<br \/>\n<strong>Nuty bazy<\/strong>: paczula, drzewo sanda\u0142owe, tonka, wetiwer<\/p>\n<h2><strong>Jak pachnie Cherry Paradox?\u00a0<\/strong><\/h2>\n<p>Cherry wymyka si\u0119 prostym definicjom: jest s\u0142odka, a zarazem mocna; delikatna, a jednocze\u015bnie wyrazista.<\/p>\n<p>W pierwszej chwili \u2013 soczysta wi\u015bnia z gorzkim migda\u0142em i nut\u0105 whisky rozbudza u\u015bmiech na Twojej twarzy i skojarzenia z deserem z najlepszej cukierni. Zmys\u0142y rozbudzi dodatkowo pikantny r\u00f3\u017cowy pieprz.<\/p>\n<p>W sercu \u2013 sk\u00f3r\u0119 rozgrzewa cynamon, a mirt wprowadza \u015br\u00f3dziemnomorsk\u0105 elegancj\u0119 mi\u0119dzy zmys\u0142owym ja\u015bminem i tureck\u0105 r\u00f3\u017c\u0105.<\/p>\n<p>Finisz to ziemista paczula z sanda\u0142owcem. Razem tworz\u0105 podpis kobiety, kt\u00f3ra wie, czego chce.<\/p>\n<h3><strong>Olejki eteryczne w Cherry Paradox<\/strong><\/h3>\n<ul>\n<li><strong>R\u00f3\u017cowy pieprz<\/strong> \u2013 Twoja odwaga,<\/li>\n<li><strong>Mirt<\/strong> \u2013 Twoja harmonia,<\/li>\n<li><strong>Paczula<\/strong> \u2013 Twoja si\u0142a.<\/li>\n<\/ul>\n<p><em>Mamy by\u0107 s\u0142odkie czy silne? Delikatne czy wyraziste? Wierz\u0119, \u017ce mo\u017cemy by\u0107 wszystkim naraz. Soczysta wi\u015bnia i gorzki migda\u0142 m\u00f3wi\u0105 o \u017cyciu \u2013 s\u0142odkim i gorzkim jednocze\u015bnie. To zapach, kt\u00f3ry przypomina, \u017ce nie musisz si\u0119 zmienia\u0107 dla nikogo. Jeste\u015b wystarczaj\u0105ca, w\u0142a\u015bnie taka, jaka jeste\u015b: pe\u0142na\u00a0 kontrast\u00f3w.<\/em> \u2014 Klaudyna Hebda, tw\u00f3rczyni Cherry Pradadox<\/p>\n<p>&nbsp;<\/p>\n<h2><strong>Wasze opinie i skojarzenia z Cherry Paradox by K. Hebda<span data-teams=\"true\">\u00ae<\/span><\/strong><\/h2>\n<p><em>Zmys\u0142owy, z klas\u0105, kobiecy.\u00a0<\/em><\/p>\n<p><em>Ten zapach dodaje mi energii, a jednocze\u015bnie delikatnie otula. Czuj\u0119, \u017ce dzi\u0119ki niemu budzi si\u0119 moja kobieco\u015b\u0107.<\/em><\/p>\n<p><em>Ca\u0142y czas od momentu aplikacji perfum, waha\u0142am nadgarstek. Wszystko mi w nich pasowa\u0142o. Pierwsze wra\u017cenie by\u0142o zaskakuj\u0105ce, ale\u00a0 z ka\u017cd\u0105 chwil\u0105 czu\u0142am ze dobrze si\u0119 w nich i z nimi czuj\u0119. S\u0105 inne, wyj\u0105tkowe i takich szuka\u0142am.\u00a0<\/em><\/p>\n<p><em>Rozkocha\u0142a mnie w sobie ta wielowymiarowa i upojnie wybrzmiewaj\u0105ca kompozycja. Perfumy s\u0105 \u015bwietnie zbledowane, trwa\u0142e i otaczaj\u0105 s\u0142odk\u0105, dodaj\u0105c\u0105 energii ba\u0144k\u0105 zapachow\u0105. Powoduj\u0105, \u017ce chce si\u0119 ich wi\u0119cej. Wi\u015bnia z rozta\u0144czonego raju.<\/em><\/p>\n<p><span data-teams=\"true\">Zgodnie z naszym regulaminem oraz ustaw\u0105 o prawach konsumenta (art. 38 pkt 5), <strong>nie przyjmujemy zwrot\u00f3w otwartych produkt\u00f3w zapachowych<\/strong>, poniewa\u017c po zdj\u0119ciu plomby i u\u017cyciu nie mog\u0105 by\u0107 one ponownie wprowadzone do sprzeda\u017cy.<\/span><\/p>\n<h3><strong>Nie masz pewno\u015bci, kt\u00f3re perfumy Paradox by K. Hebda wybra\u0107?\u00a0<\/strong><\/h3>\n<p>Zdaj si\u0119 na swoj\u0105 wewn\u0119trzn\u0105 intuicj\u0119 albo <strong><a href=\"https:\/\/klaudynahebda.involve.me\/paradox-2\">wype\u0142nij kr\u00f3tki quiz<\/a><\/strong>, by sprawdzi\u0107, kt\u00f3ry zapach najlepiej oddaje Twoj\u0105 osobowo\u015b\u0107.<\/p>\n<p>Poznaj te\u017c pozosta\u0142e perfumy z autorskiej kolekcji K. Hebda Perfum!<\/p>\n<ul>\n<li><a href=\"https:\/\/klaudynahebda.pl\/sklep\/sea-paradox-parfum-50ml\/\"><strong>Sea Paradox <\/strong><\/a><\/li>\n<li><a href=\"https:\/\/klaudynahebda.pl\/sklep\/flower-paradox-parfum-50ml\/\"><strong>Flower Paradox\u00a0\u00a0<\/strong><\/a><\/li>\n<\/ul>\n<p>Dost\u0119pne s\u0105 tak\u017ce pr\u00f3bki 2 ml naszych perfum \u2013 <strong><a href=\"https:\/\/klaudynahebda.pl\/sklep\/probka-cherry-paradox-parfum\/ \u200e\">Cherry Paradox,<\/a><\/strong>\u00a0<strong><a href=\"https:\/\/klaudynahebda.pl\/sklep\/probka-sea-paradox\">Sea Paradox,<\/a><\/strong> i <strong><a href=\"https:\/\/klaudynahebda.pl\/sklep\/probka-flower-paradox\">Flower Paradox<\/a> <\/strong>\u2013 aby\u015b mog\u0142a przetestowa\u0107 je na sobie i wybra\u0107 ten idealny.<\/p>\n<h3><strong>Apaszka Cherry Paradox<\/strong><\/h3>\n<p>Z okazji premiery perfum powsta\u0142o te\u017c co\u015b zupe\u0142nie wyj\u0105tkowego: <strong><a href=\"https:\/\/klaudynahebda.pl\/sklep\/apaszka-cherry-paradox\/\">jedwabna chustka<\/a><\/strong>, a przede wszystkim artystyczna interpretacja zapachu dla wszystkich, kt\u00f3rym tak jak nam w g\u0142owie wiruje wi\u015bnia z charakterem.<\/p>\n<div class=\"row row-collapse align-middle\"  id=\"row-1081980626\">\n\n\t<div id=\"col-667220267\" class=\"col small-10 large-12\"  >\n\t\t\t\t<div class=\"col-inner\"  >\n\t\t\t\n\t\t\t <h3 class=\"accordion_title\">Najcz\u0119\u015bciej zadawane pytania<\/h3><div class=\"accordion\" rel=\"1\"><\/div>\n<div class=\"accordion-item\"><a href=\"#\" class=\"accordion-title plain\"><button class=\"toggle\"><i class=\"icon-angle-down\"><\/i><\/button><span>Jak pachn\u0105 perfumy Cherry Paradox?<\/span><\/a><div class=\"accordion-inner\">\n<p>Cherry Paradox wymyka si\u0119 prostym definicjom: jest s\u0142odka i mocna zarazem, delikatna i wyrazista.<\/p>\n<p><strong>Nuty g\u0142owy:<\/strong> soczysta wi\u015bnia, gorzki migda\u0142, whisky i pikantny r\u00f3\u017cowy pieprz.<br \/>\n<strong>Nuty serca:<\/strong> cynamon, \u015bliwka, ja\u015bmin, turecka r\u00f3\u017ca, wanilia i mirt.<br \/>\n<strong>Nuty bazy:<\/strong> paczula, drzewo sanda\u0142owe, tonka i wetiwer.<\/p>\n<p>To zapach pe\u0142en kontrast\u00f3w \u2013 kobiecy, zmys\u0142owy i wyj\u0105tkowy.<br \/>\n<\/div><\/div>\n<div class=\"accordion-item\"><a href=\"#\" class=\"accordion-title plain\"><button class=\"toggle\"><i class=\"icon-angle-down\"><\/i><\/button><span>Jak d\u0142ugo utrzymuje si\u0119 zapach Cherry Paradox?<\/span><\/a><div class=\"accordion-inner\">\n<span data-teams=\"true\">Trwa\u0142o\u015b\u0107 to zawsze kwestia bardzo indywidualna \u2013 na r\u00f3\u017cnych sk\u00f3rach perfumy rozwijaj\u0105 si\u0119 inaczej. Mo\u017ce zale\u017ce\u0107 ona te\u017c od pogody czy wilgotno\u015bci powietrza. \u00a0Z naszych test\u00f3w wynika, \u017ce \u015brednio zapach utrzymuje si\u0119 <strong>oko\u0142o 4\u20136 godzin<\/strong>, ale u cz\u0119\u015bci os\u00f3b jest wyczuwalny d\u0142u\u017cej &#8211; nawet do 12 godzin.<\/span><\/p>\n<\/div><\/div>\n<div class=\"accordion-item\"><a href=\"#\" class=\"accordion-title plain\"><button class=\"toggle\"><i class=\"icon-angle-down\"><\/i><\/button><span>Na jakie okazje pasuj\u0105 perfumy Cherry Paradox?<\/span><\/a><div class=\"accordion-inner\">\nCherry Paradox to zapach uniwersalny, cho\u0107 z charakterem:<\/p>\n<ul>\n<li><strong>na co dzie\u0144<\/strong> \u2013 dodaje energii i pewno\u015bci siebie,<\/li>\n<li><strong>na specjalne okazje<\/strong> \u2013 otula kobiec\u0105, zmys\u0142ow\u0105 elegancj\u0105,<\/li>\n<li><strong>na wiecz\u00f3r<\/strong> \u2013 staje si\u0119 wyrazistym podpisem, kt\u00f3ry przyci\u0105ga uwag\u0119.<\/li>\n<\/ul>\n<\/div><\/div>\n<div class=\"accordion-item\"><a href=\"#\" class=\"accordion-title plain\"><button class=\"toggle\"><i class=\"icon-angle-down\"><\/i><\/button><span>Jak aplikowa\u0107 perfumy, aby zapach by\u0142 trwalszy?<\/span><\/a><div class=\"accordion-inner\">\nNajlepiej spryska\u0107 nimi punkty pulsacyjne: nadgarstki, szyj\u0119, sk\u00f3r\u0119 za uszami, zgi\u0119cia \u0142okci, dekolt.<\/p>\n<p>Dla wzmocnienia efektu mo\u017cesz u\u017cywa\u0107 perfum razem z <strong><a href=\"https:\/\/klaudynahebda.pl\/sklep\/cherry-paradox-suchy-olejek\/\">suchym olejkiem Cherry Paradox<\/a><\/strong> \u2013 wtedy zapach b\u0119dzie g\u0142\u0119bszy i d\u0142u\u017cej wyczuwalny.<\/p>\n<\/div><\/div>\n<div class=\"accordion-item\"><a href=\"#\" class=\"accordion-title plain\"><button class=\"toggle\"><i class=\"icon-angle-down\"><\/i><\/button><span>Jakie olejki eteryczne zawiera Cherry Paradox?<\/span><\/a><div class=\"accordion-inner\">\n<p>Cherry Paradox zawieraj\u0105 dodatek olejk\u00f3w eterycznych:<\/p>\n<ul>\n<li><strong>r\u00f3\u017cowy pieprz<\/strong> \u2013 symbol odwagi,<\/li>\n<li><strong>mirt<\/strong> \u2013 harmonia,<\/li>\n<li><strong>paczula<\/strong> \u2013 si\u0142a i stabilno\u015b\u0107.<\/li>\n<\/ul>\n<\/div><\/div>\n<div class=\"accordion-item\"><a href=\"#\" class=\"accordion-title plain\"><button class=\"toggle\"><i class=\"icon-angle-down\"><\/i><\/button><span>Czy Cherry Paradox r\u00f3\u017cni si\u0119 od innych zapach\u00f3w Paradox?<\/span><\/a><div class=\"accordion-inner\">\n<strong>Tak. Ka\u017cdy zapach z linii Paradox ma w\u0142asny, unikalny charakter:\u00a0<\/strong><\/p>\n<ul>\n<li><strong>Cherry Paradox<\/strong> \u2013 s\u0142odka, zmys\u0142owa i wielowymiarowa wi\u015bnia z kontrastem migda\u0142u i paczuli,<\/li>\n<li><a href=\"https:\/\/klaudynahebda.pl\/sklep\/sea-paradox-parfum-50ml\/\"><strong>Sea Paradox<\/strong><\/a> \u2013 \u015bwie\u017cy, g\u0142\u0119boki, koj\u0105cy jak ocean,<\/li>\n<li><a href=\"https:\/\/klaudynahebda.pl\/sklep\/flower-paradox-parfum-50ml\/\"><strong>Flower Paradox<\/strong><\/a> \u2013 elegancki, kwiatowy, pe\u0142en zmys\u0142owej energii.<\/li>\n<\/ul>\n<\/div><\/div>\n<div class=\"accordion-item\"><a href=\"#\" class=\"accordion-title plain\"><button class=\"toggle\"><i class=\"icon-angle-down\"><\/i><\/button><span>Jak przechowywa\u0107 perfumy Cherry Paradox?<\/span><\/a><div class=\"accordion-inner\">\nNajlepiej w temperaturze pokojowej, z dala od bezpo\u015bredniego s\u0142o\u0144ca i \u017ar\u00f3de\u0142 ciep\u0142a. Dzi\u0119ki temu ich zapach pozostanie intensywny i niezmienny przez d\u0142ugi czas.<br \/>\n<\/div><\/div>\n<div class=\"accordion-item\"><a href=\"#\" class=\"accordion-title plain\"><button class=\"toggle\"><i class=\"icon-angle-down\"><\/i><\/button><span>Nie wiem, kt\u00f3ry zapach Paradox wybra\u0107 \u2013 jak si\u0119 zdecydowa\u0107?<\/span><\/a><div class=\"accordion-inner\">\nZaufaj swojej intuicji i wybierz zapach, kt\u00f3ry najlepiej oddaje Tw\u00f3j charakter.\u00a0 Mo\u017cesz tak\u017ce wype\u0142ni\u0107 <strong><a href=\"https:\/\/klaudynahebda.involve.me\/paradox-2\">quiz zapachowy<\/a><\/strong>, aby dowiedzie\u0107 si\u0119, kt\u00f3ra kompozycja Paradox pasuje do Twojej osobowo\u015bci.<\/p>\n<p>Dost\u0119pne s\u0105 tak\u017ce pr\u00f3bki 2 ml naszych perfum \u2013 <strong><a href=\"https:\/\/klaudynahebda.pl\/sklep\/probka-cherry-paradox-parfum\/ \u200e\">Cherry Paradox,<\/a><\/strong>\u00a0<strong><a href=\"https:\/\/klaudynahebda.pl\/sklep\/probka-sea-paradox\">Sea Paradox,<\/a><\/strong> i <strong><a href=\"https:\/\/klaudynahebda.pl\/sklep\/probka-flower-paradox\">Flower Paradox<\/a> <\/strong>\u2013 aby\u015b mog\u0142a przetestowa\u0107 je na sobie i wybra\u0107 ten idealny.<\/p>\n<\/div><\/div>\n\t<div id=\"gap-1219753873\" class=\"gap-element clearfix\" style=\"display:block; height:auto;\">\n\t\t\n<style>\n#gap-1219753873 {\n  padding-top: 20px;\n}\n<\/style>\n\t<\/div>\n\t\n\t\t<\/div>\n\t\t\t\t\t<\/div>\n\n\t\n\n<style>\n#row-1081980626 > .col > .col-inner {\n  padding: 35px 0px 20px 0px;\n}\n<\/style>\n<\/div>\n","protected":false},"excerpt":{"rendered":"<h2><strong>Cherry Paradox by K. Hebda<span data-teams=\"true\">\u00ae<\/span> to&#8230;<\/strong><\/h2>\n<ul>\n<li><strong>wi\u015bnia z pestk\u0105<\/strong> pe\u0142na kontrast\u00f3w \u2013 to wi\u0119cej ni\u017c s\u0142odkie perfumy z nut\u0105 wi\u015bni;<\/li>\n<li>elegancki, <strong>zmys\u0142owy zapach<\/strong> wyrafinowanego gourmand z migda\u0142owym akordem;<\/li>\n<li><strong>prawdziwe perfumy<\/strong> dla kobiet, kt\u00f3re nie wybieraj\u0105 mi\u0119dzy s\u0142odko\u015bci\u0105 a moc\u0105;<\/li>\n<li>pierwsza <strong>autorska linia<\/strong> perfum Klaudyny Hebdy;<\/li>\n<li>polskie perfumy z <strong>dodatkiem olejk\u00f3w eterycznych <\/strong>o pojemno\u015bci 50 ml.<\/li>\n<\/ul>\n<p><strong>Niegrzeczna wi\u015bnia. Prawdziwa jak Ty\u00a0<\/strong><\/p>\n","protected":false},"featured_media":3386761,"comment_status":"open","ping_status":"closed","template":"","meta":[],"product_cat":[250,252,242,243,249,117],"product_tag":[],"acf":[],"yoast_head":"<!-- This site is optimized with the Yoast SEO plugin v19.6.1 - https:\/\/yoast.com\/wordpress\/plugins\/seo\/ -->\n<title>Perfumy Cherry Paradox - Klaudyna Hebda Nature<\/title>\n<meta name=\"description\" content=\"\ud83c\udf52 Cherry Paradox to perfumy dla kobiet, kt\u00f3re wymykaj\u0105 si\u0119 prostym definicjom. S\u0142odka wi\u015bnia z wytrawn\u0105 pestk\u0105 i charakterem. Trwa\u0142e, z\u0142o\u017cone i prawdziwe.\" \/>\n<meta name=\"robots\" content=\"index, follow, max-snippet:-1, max-image-preview:large, max-video-preview:-1\" \/>\n<link rel=\"canonical\" href=\"https:\/\/klaudynahebda.pl\/sklep\/cherry-paradox-parfum-50ml\/\" \/>\n<meta property=\"og:locale\" content=\"pl_PL\" \/>\n<meta property=\"og:type\" content=\"article\" \/>\n<meta property=\"og:title\" content=\"Perfumy Cherry Paradox - Klaudyna Hebda Nature\" \/>\n<meta property=\"og:description\" content=\"\ud83c\udf52 Cherry Paradox to perfumy dla kobiet, kt\u00f3re wymykaj\u0105 si\u0119 prostym definicjom. S\u0142odka wi\u015bnia z wytrawn\u0105 pestk\u0105 i charakterem. Trwa\u0142e, z\u0142o\u017cone i prawdziwe.\" \/>\n<meta property=\"og:url\" content=\"https:\/\/klaudynahebda.pl\/sklep\/cherry-paradox-parfum-50ml\/\" \/>\n<meta property=\"og:site_name\" content=\"Klaudyna Hebda Nature\" \/>\n<meta property=\"article:modified_time\" content=\"2026-04-22T17:03:36+00:00\" \/>\n<meta property=\"og:image\" content=\"https:\/\/klaudynahebda.pl\/sklep\/wp-content\/uploads\/2025\/09\/perfumy-cherry-paradox-k-hebda-packshot.jpg.png\" \/>\n\t<meta property=\"og:image:width\" content=\"844\" \/>\n\t<meta property=\"og:image:height\" content=\"1152\" \/>\n\t<meta property=\"og:image:type\" content=\"image\/png\" \/>\n<meta name=\"twitter:card\" content=\"summary_large_image\" \/>\n<meta name=\"twitter:label1\" content=\"Szacowany czas czytania\" \/>\n\t<meta name=\"twitter:data1\" content=\"5 minut\" \/>\n<script type=\"application\/ld+json\" class=\"yoast-schema-graph\">{\"@context\":\"https:\/\/schema.org\",\"@graph\":[{\"@type\":\"WebPage\",\"@id\":\"https:\/\/klaudynahebda.pl\/sklep\/cherry-paradox-parfum-50ml\/\",\"url\":\"https:\/\/klaudynahebda.pl\/sklep\/cherry-paradox-parfum-50ml\/\",\"name\":\"Perfumy Cherry Paradox - Klaudyna Hebda Nature\",\"isPartOf\":{\"@id\":\"https:\/\/klaudynahebda.pl\/sklep\/#website\"},\"datePublished\":\"2025-09-29T11:17:18+00:00\",\"dateModified\":\"2026-04-22T17:03:36+00:00\",\"description\":\"\ud83c\udf52 Cherry Paradox to perfumy dla kobiet, kt\u00f3re wymykaj\u0105 si\u0119 prostym definicjom. S\u0142odka wi\u015bnia z wytrawn\u0105 pestk\u0105 i charakterem. Trwa\u0142e, z\u0142o\u017cone i prawdziwe.\",\"breadcrumb\":{\"@id\":\"https:\/\/klaudynahebda.pl\/sklep\/cherry-paradox-parfum-50ml\/#breadcrumb\"},\"inLanguage\":\"pl-PL\",\"potentialAction\":[{\"@type\":\"ReadAction\",\"target\":[\"https:\/\/klaudynahebda.pl\/sklep\/cherry-paradox-parfum-50ml\/\"]}]},{\"@type\":\"BreadcrumbList\",\"@id\":\"https:\/\/klaudynahebda.pl\/sklep\/cherry-paradox-parfum-50ml\/#breadcrumb\",\"itemListElement\":[{\"@type\":\"ListItem\",\"position\":1,\"name\":\"Strona g\u0142\u00f3wna\",\"item\":\"https:\/\/klaudynahebda.pl\/sklep\/\"},{\"@type\":\"ListItem\",\"position\":2,\"name\":\"Sklep\",\"item\":\"https:\/\/klaudynahebda.pl\/sklep\/sklep\/\"},{\"@type\":\"ListItem\",\"position\":3,\"name\":\"Linia Paradox\",\"item\":\"https:\/\/klaudynahebda.pl\/sklep\/linia-paradox\/\"},{\"@type\":\"ListItem\",\"position\":4,\"name\":\"Perfumy Cherry Paradox\"}]},{\"@type\":\"WebSite\",\"@id\":\"https:\/\/klaudynahebda.pl\/sklep\/#website\",\"url\":\"https:\/\/klaudynahebda.pl\/sklep\/\",\"name\":\"Klaudyna Hebda Nature\",\"description\":\"Sklep\",\"publisher\":{\"@id\":\"https:\/\/klaudynahebda.pl\/sklep\/#organization\"},\"potentialAction\":[{\"@type\":\"SearchAction\",\"target\":{\"@type\":\"EntryPoint\",\"urlTemplate\":\"https:\/\/klaudynahebda.pl\/sklep\/?s={search_term_string}\"},\"query-input\":\"required name=search_term_string\"}],\"inLanguage\":\"pl-PL\"},{\"@type\":\"Organization\",\"@id\":\"https:\/\/klaudynahebda.pl\/sklep\/#organization\",\"name\":\"KlaudynaHebda\",\"url\":\"https:\/\/klaudynahebda.pl\/sklep\/\",\"sameAs\":[],\"logo\":{\"@type\":\"ImageObject\",\"inLanguage\":\"pl-PL\",\"@id\":\"https:\/\/klaudynahebda.pl\/sklep\/#\/schema\/logo\/image\/\",\"url\":\"\",\"contentUrl\":\"\",\"caption\":\"KlaudynaHebda\"},\"image\":{\"@id\":\"https:\/\/klaudynahebda.pl\/sklep\/#\/schema\/logo\/image\/\"}}]}<\/script>\n<!-- \/ Yoast SEO plugin. -->","yoast_head_json":{"title":"Perfumy Cherry Paradox - Klaudyna Hebda Nature","description":"\ud83c\udf52 Cherry Paradox to perfumy dla kobiet, kt\u00f3re wymykaj\u0105 si\u0119 prostym definicjom. S\u0142odka wi\u015bnia z wytrawn\u0105 pestk\u0105 i charakterem. Trwa\u0142e, z\u0142o\u017cone i prawdziwe.","robots":{"index":"index","follow":"follow","max-snippet":"max-snippet:-1","max-image-preview":"max-image-preview:large","max-video-preview":"max-video-preview:-1"},"canonical":"https:\/\/klaudynahebda.pl\/sklep\/cherry-paradox-parfum-50ml\/","og_locale":"pl_PL","og_type":"article","og_title":"Perfumy Cherry Paradox - Klaudyna Hebda Nature","og_description":"\ud83c\udf52 Cherry Paradox to perfumy dla kobiet, kt\u00f3re wymykaj\u0105 si\u0119 prostym definicjom. S\u0142odka wi\u015bnia z wytrawn\u0105 pestk\u0105 i charakterem. Trwa\u0142e, z\u0142o\u017cone i prawdziwe.","og_url":"https:\/\/klaudynahebda.pl\/sklep\/cherry-paradox-parfum-50ml\/","og_site_name":"Klaudyna Hebda Nature","article_modified_time":"2026-04-22T17:03:36+00:00","og_image":[{"width":844,"height":1152,"url":"https:\/\/klaudynahebda.pl\/sklep\/wp-content\/uploads\/2025\/09\/perfumy-cherry-paradox-k-hebda-packshot.jpg.png","type":"image\/png"}],"twitter_card":"summary_large_image","twitter_misc":{"Szacowany czas czytania":"5 minut"},"schema":{"@context":"https:\/\/schema.org","@graph":[{"@type":"WebPage","@id":"https:\/\/klaudynahebda.pl\/sklep\/cherry-paradox-parfum-50ml\/","url":"https:\/\/klaudynahebda.pl\/sklep\/cherry-paradox-parfum-50ml\/","name":"Perfumy Cherry Paradox - Klaudyna Hebda Nature","isPartOf":{"@id":"https:\/\/klaudynahebda.pl\/sklep\/#website"},"datePublished":"2025-09-29T11:17:18+00:00","dateModified":"2026-04-22T17:03:36+00:00","description":"\ud83c\udf52 Cherry Paradox to perfumy dla kobiet, kt\u00f3re wymykaj\u0105 si\u0119 prostym definicjom. S\u0142odka wi\u015bnia z wytrawn\u0105 pestk\u0105 i charakterem. Trwa\u0142e, z\u0142o\u017cone i prawdziwe.","breadcrumb":{"@id":"https:\/\/klaudynahebda.pl\/sklep\/cherry-paradox-parfum-50ml\/#breadcrumb"},"inLanguage":"pl-PL","potentialAction":[{"@type":"ReadAction","target":["https:\/\/klaudynahebda.pl\/sklep\/cherry-paradox-parfum-50ml\/"]}]},{"@type":"BreadcrumbList","@id":"https:\/\/klaudynahebda.pl\/sklep\/cherry-paradox-parfum-50ml\/#breadcrumb","itemListElement":[{"@type":"ListItem","position":1,"name":"Strona g\u0142\u00f3wna","item":"https:\/\/klaudynahebda.pl\/sklep\/"},{"@type":"ListItem","position":2,"name":"Sklep","item":"https:\/\/klaudynahebda.pl\/sklep\/sklep\/"},{"@type":"ListItem","position":3,"name":"Linia Paradox","item":"https:\/\/klaudynahebda.pl\/sklep\/linia-paradox\/"},{"@type":"ListItem","position":4,"name":"Perfumy Cherry Paradox"}]},{"@type":"WebSite","@id":"https:\/\/klaudynahebda.pl\/sklep\/#website","url":"https:\/\/klaudynahebda.pl\/sklep\/","name":"Klaudyna Hebda Nature","description":"Sklep","publisher":{"@id":"https:\/\/klaudynahebda.pl\/sklep\/#organization"},"potentialAction":[{"@type":"SearchAction","target":{"@type":"EntryPoint","urlTemplate":"https:\/\/klaudynahebda.pl\/sklep\/?s={search_term_string}"},"query-input":"required name=search_term_string"}],"inLanguage":"pl-PL"},{"@type":"Organization","@id":"https:\/\/klaudynahebda.pl\/sklep\/#organization","name":"KlaudynaHebda","url":"https:\/\/klaudynahebda.pl\/sklep\/","sameAs":[],"logo":{"@type":"ImageObject","inLanguage":"pl-PL","@id":"https:\/\/klaudynahebda.pl\/sklep\/#\/schema\/logo\/image\/","url":"","contentUrl":"","caption":"KlaudynaHebda"},"image":{"@id":"https:\/\/klaudynahebda.pl\/sklep\/#\/schema\/logo\/image\/"}}]}},"_links":{"self":[{"href":"https:\/\/klaudynahebda.pl\/sklep\/wp-json\/wp\/v2\/product\/3306501"}],"collection":[{"href":"https:\/\/klaudynahebda.pl\/sklep\/wp-json\/wp\/v2\/product"}],"about":[{"href":"https:\/\/klaudynahebda.pl\/sklep\/wp-json\/wp\/v2\/types\/product"}],"replies":[{"embeddable":true,"href":"https:\/\/klaudynahebda.pl\/sklep\/wp-json\/wp\/v2\/comments?post=3306501"}],"wp:featuredmedia":[{"embeddable":true,"href":"https:\/\/klaudynahebda.pl\/sklep\/wp-json\/wp\/v2\/media\/3386761"}],"wp:attachment":[{"href":"https:\/\/klaudynahebda.pl\/sklep\/wp-json\/wp\/v2\/media?parent=3306501"}],"wp:term":[{"taxonomy":"product_cat","embeddable":true,"href":"https:\/\/klaudynahebda.pl\/sklep\/wp-json\/wp\/v2\/product_cat?post=3306501"},{"taxonomy":"product_tag","embeddable":true,"href":"https:\/\/klaudynahebda.pl\/sklep\/wp-json\/wp\/v2\/product_tag?post=3306501"}],"curies":[{"name":"wp","href":"https:\/\/api.w.org\/{rel}","templated":true}]}}