{"id":3306487,"date":"2025-12-08T16:16:25","date_gmt":"2025-12-08T15:16:25","guid":{"rendered":"https:\/\/klaudynahebda.pl\/sklep\/?post_type=product&#038;p=3306487"},"modified":"2026-04-13T11:33:01","modified_gmt":"2026-04-13T09:33:01","slug":"olejek-lawendowyk-hebda-lavandula","status":"publish","type":"product","link":"https:\/\/klaudynahebda.pl\/sklep\/olejek-lawendowyk-hebda-lavandula\/","title":{"rendered":"Olejek lawendowy do cia\u0142a, twarzy i w\u0142os\u00f3w  K. Hebda Lavandula\u00ae"},"content":{"rendered":"<h2><strong>Nawil\u017cenie, wyg\u0142adzenie i zapach \u2013 a to wszystko bez t\u0142ustej warstwy<\/strong><\/h2>\n<p><em>Chcia\u0142abym u\u017cywa\u0107 olejk\u00f3w do cia\u0142a, ale to uczucie lepko\u015bci, kt\u00f3ra nie znika\u2026 nie, to nie dla mnie.<\/em>\u00a0Brzmi znajomo? W takim razie musisz pozna\u0107 olejek do cia\u0142a, twarzy i w\u0142os\u00f3w\u00a0Lavandula. Nak\u0142adasz go na sk\u00f3r\u0119, chwil\u0119 wmasowujesz i niemal od razu mo\u017cesz na\u0142o\u017cy\u0107 ubranie. I to bez obaw, \u017ce je ubrudzisz i \u017ce b\u0119dzie si\u0119 lepi\u0142o do sk\u00f3ry. Nak\u0142adasz na w\u0142osy, a one zaczynaj\u0105 b\u0142yszcze\u0107 i roztacza\u0107 wok\u00f3\u0142 zapach lawendy. Brzmi super, prawda? Taki w\u0142a\u015bnie jest ten kosmetyk.<\/p>\n<p><strong>Lekki, a od\u017cywczy. Naturalny, a luksusowy.\u00a0\u00a0<\/strong><\/p>\n<p>Lawendowy olejek do cia\u0142a K. Hebda Lavandula\u00ae zadba nie tylko o Twoje cia\u0142o. On odpr\u0119\u017cy cia\u0142o i g\u0142ow\u0119, a Ty poczujesz si\u0119 naprawd\u0119 dobrze. Jak to mo\u017cliwe? To nie tylko kosmetyk, to po\u0142\u0105czenie piel\u0119gnacji z olejkami eterycznymi, kt\u00f3rych zapach jest jak kubek aromatycznej herbaty po ci\u0119\u017ckim dniu. Dwa rodzaje lawendy, copaiba i petitgrain zadzia\u0142aj\u0105 na Twoje zmys\u0142y, a ich zapach na d\u0142ugo pozostanie na w\u0142osach i sk\u00f3rze.<\/p>\n<p>Ten olejek to dow\u00f3d na to, \u017ce piel\u0119gnacja mo\u017ce \u0142\u0105czy\u0107 naturalne sk\u0142adniki i nowoczesn\u0105, lekk\u0105 formu\u0142\u0119. Nie musisz wci\u0105\u017c wybiera\u0107 mi\u0119dzy sk\u0142adem a przyjemno\u015bci\u0105 stosowania. Nie musisz codziennie stosowa\u0107 kilkunastu r\u00f3\u017cnych produkt\u00f3w. Jeden olejek lawendowy zatroszczy si\u0119 o Twoj\u0105 twarz, cia\u0142o i w\u0142osy, a Ty poczujesz, \u017ce pachniesz spokojem. Ty dbasz o innych, wi\u0119c on dba o Ciebie.<\/p>\n<h3><strong>Dzia\u0142anie olejku do cia\u0142a, twarzy i w\u0142os\u00f3w Lavandula potwierdzaj\u0105 badania\u00a0<\/strong><\/h3>\n<p>Olejek K. Hebda Lavandula\u00ae by\u0142 testowany pod kontrol\u0105 dermatologiczn\u0105. Zobacz, co powiedzia\u0142y o nim uczestnicy bada\u0144:<\/p>\n<ul>\n<li>100% badanych potwierdzi\u0142o, \u017ce olejek wspiera promienny wygl\u0105d sk\u00f3ry, daje uczucie regeneracji, \u0142atwo si\u0119 aplikuje i ma odpowiedni\u0105 tekstur\u0119;<\/li>\n<li>95% uczestniczek zauwa\u017cy\u0142o uczucie d\u0142ugotrwa\u0142ego nawil\u017cenia, wyg\u0142adzenia i ukojenia sk\u00f3ry;<\/li>\n<li>95% os\u00f3b potwierdzi\u0142o, \u017ce olejek nadaje sk\u00f3rze mi\u0119kko\u015b\u0107 i zmniejsza napi\u0119cie.<\/li>\n<li>95% zauwa\u017cy\u0142o, \u017ce ich w\u0142osy s\u0105 mocniejsze, maj\u0105 zdrowy, l\u015bni\u0105cy wygl\u0105d i \u0142atwo si\u0119 je rozczesuje.<\/li>\n<li>90% badanych odczu\u0142o d\u0142ugotrwa\u0142e od\u017cywienie sk\u00f3ry, poprawienie jej tekstury oraz intensywne nawil\u017cenie w\u0142os\u00f3w. Wed\u0142ug 9 na 10 badanych olejek nie zostawia uczucia lepko\u015bci i nie pozostawia plam na ubraniach.<\/li>\n<\/ul>\n<p>* Badania aplikacyjne na grupie 20 os\u00f3b. Produkt testowany przez 3 tygodnie.<\/p>\n<h2><strong>Jak dzia\u0142aj\u0105 sk\u0142adniki olejku lawendowego do twarzy, w\u0142os\u00f3w i cia\u0142a?<\/strong><\/h2>\n<p><strong>Olej rycynowy\u00a0<\/strong><\/p>\n<p>Ma w\u0142a\u015bciwo\u015bci nat\u0142uszczaj\u0105ce, nawil\u017caj\u0105ce i wzmacniaj\u0105ce. Wspaniale \u0142agodzi podra\u017cnienia sk\u00f3ry i przyspiesza regeneracj\u0119. Jest szczeg\u00f3lnie polecany do piel\u0119gnacji sk\u00f3ry suchej i podra\u017cnionej. Stosowany na w\u0142osy pobudza ich wzrost.<\/p>\n<p><strong>Olej z pestek winogron\u00a0\u00a0<\/strong><\/p>\n<p>Dzi\u0119ki zawarto\u015bci antyoksydant\u00f3w ma dzia\u0142anie przeciwstarzeniowe. Dobrze si\u0119 wch\u0142ania i u\u0142atwia przenikanie przez sk\u00f3r\u0119 sk\u0142adnik\u00f3w aktywnych zawartych w kosmetykach.<\/p>\n<p><strong>Olejki eteryczne\u00a0<\/strong><\/p>\n<p>Najwy\u017cszej jako\u015bci, naturalne olejki eteryczne dzia\u0142aj\u0105 aromaterapeutycznie na zmys\u0142y, przez co codzienna piel\u0119gnacja staje si\u0119 jeszcze bardziej przyjemnym do\u015bwiadczeniem. By 5 minut w \u0142azience by\u0142o jak godzina w najlepszym SPA.<\/p>\n<ul>\n<li><strong>Olejek lawendowy<\/strong> \u2013 niekwestionowany klasyk aromaterapii, kt\u00f3rego s\u0142odki i kwiatowy aromat przeniesie Ci\u0119 my\u015blami prosto na prowansalskie pola lawendowe.<\/li>\n<li><strong>Olejek copaiba<\/strong> \u2013 pochodz\u0105cy z Amazonii, o delikatnym \u017cywiczno-balsamicznym zapachu i pot\u0119\u017cnym dzia\u0142aniu koj\u0105cym dla Twojej sk\u00f3ry.<\/li>\n<li><strong>Olejek petigrain<\/strong> \u2013 pozyskiwany z li\u015bci gorzkiej pomara\u0144czy; \u015bwie\u017ca zielono-cytrusowa pere\u0142ka, kt\u00f3rej aromat pozwali umys\u0142owi si\u0119 zatrzyma\u0107, a cia\u0142u g\u0142\u0119boko odpocz\u0105\u0107.<\/li>\n<\/ul>\n<h2><strong>Olejek lawendowy Lavandula \u2013 czy to kosmetyk dla Ciebie?\u00a0<\/strong><\/h2>\n<p>Olejek do w\u0142os\u00f3w, cia\u0142a i twarzy K. Hebda Lavandula\u00ae to kosmetyk dla Ciebie, je\u015bli:<\/p>\n<ul>\n<li>Twoja <strong>sk\u00f3ra jest sucha<\/strong>, zm\u0119czona lub podra\u017cniona i potrzebuje skutecznej regeneracji i wyg\u0142adzenia;<\/li>\n<li>Twoje w\u0142osy potrzebuj\u0105 lekkiej i <strong>nieobci\u0105\u017caj\u0105cej piel\u0119gnacji<\/strong>;<\/li>\n<li>oczekujesz dzia\u0142ania piel\u0119gnacyjnego olejku <strong>bez t\u0142ustej i ci\u0119\u017ckiej warstwy<\/strong>, kt\u00f3r\u0105 d\u0142ugo czujesz na sk\u00f3rze;<\/li>\n<li>szukasz <strong>naturalnych i wszechstronnych kosmetyk\u00f3w<\/strong> &#8211; do cia\u0142a, twarzy, a nawet w\u0142os\u00f3w;<\/li>\n<li>kochasz zapach <strong>prawdziwej lawendy<\/strong> z olejku eterycznego, a nie sztucznego \u201czamiennika\u201d;<\/li>\n<li>chcesz, by piel\u0119gnacja by\u0142a r\u00f3wnie\u017c Twoim <strong>aromaterapeutycznym wsparciem dla zmys\u0142\u00f3w i g\u0142owy<\/strong>;<\/li>\n<li>chcesz\u00a0podarowa\u0107\u00a0<strong>nietuzinkowy\u00a0prezent<\/strong>\u00a0bliskiej osobie.<\/li>\n<\/ul>\n<h3><strong>Wieczorny rytua\u0142 z seri\u0105 K. Hebda Lavandula\u00ae<\/strong><\/h3>\n<p>Kochasz lawend\u0119 tak jak my? W takim razie pokochasz <strong><a href=\"https:\/\/klaudynahebda.pl\/sklep\/seria-lavandula\/\">seri\u0119\u00a0Lavandula\u00a0<\/a><\/strong>\ud83d\udc9c<\/p>\n<p>Stw\u00f3rz sw\u00f3j lawendowy rytua\u0142 piel\u0119gnacyjny i aromaterapeutyczny jednocze\u015bnie. Rozkoszuj si\u0119 najpi\u0119kniejszym zapachem olejku eterycznego z tej wyj\u0105tkowej ro\u015bliny.<\/p>\n<ol>\n<li>Nalej ciep\u0142ej wody do wanny.<\/li>\n<li>Zapal <strong><a href=\"https:\/\/klaudynahebda.pl\/sklep\/lavandula-swieca-lawendowa\/\">\u015bwiec\u0119 Lavandula<\/a><\/strong> i zrelaksuj si\u0119 w ciszy lub ulubionej muzyce czy podca\u015bcie.<\/li>\n<li>Do mycia i piel\u0119gnacji cia\u0142a u\u017cyj <strong><a href=\"https:\/\/klaudynahebda.pl\/sklep\/peeling-lawendowy\/\">peelingu Lavandula<\/a><\/strong>.<\/li>\n<li>Po k\u0105pieli wmasuj w cia\u0142o olejek\u00a0Lavandula,\u00a0by jeszcze intensywniej nawil\u017cy\u0107 i od\u017cywi\u0107 sk\u00f3r\u0119, a zapach lawendy pozosta\u0142 z Tob\u0105 jeszcze d\u0142u\u017cej.<\/li>\n<\/ol>\n<div class=\"row row-collapse align-middle\"  id=\"row-1202140109\">\n\t<div id=\"col-1553822279\" class=\"col small-10 large-12\"  >\n\t\t\t\t<div class=\"col-inner\"  >\n\t\t\t\n\t\t\t\n<h3 class=\"accordion_title\">Najcz\u0119\u015bciej zadawane pytania \u2014 Lavandula\u00ae olejek do cia\u0142a, twarzy i w\u0142os\u00f3w<\/h3><div class=\"accordion\" rel=\"1\"><\/div>\n<div class=\"accordion-item\"><a href=\"#\" class=\"accordion-title plain\"><button class=\"toggle\"><i class=\"icon-angle-down\"><\/i><\/button><span>Czy mog\u0119 stosowa\u0107 olejek na twarz?<\/span><\/a><div class=\"accordion-inner\">\nTak, olejek lawendowy K. HEBDA Lavandula\u00ae mo\u017cesz nak\u0142ada\u0107 r\u00f3wnie\u017c na twarz \u2014 zar\u00f3wno rano (np. pod krem), jak i wieczorem jako element piel\u0119gnacji.<br \/>\n<\/div><\/div>\n<div class=\"accordion-item\"><a href=\"#\" class=\"accordion-title plain\"><button class=\"toggle\"><i class=\"icon-angle-down\"><\/i><\/button><span>Czy olejek jest t\u0142usty?<\/span><\/a><div class=\"accordion-inner\">\nNie. Formu\u0142a szybko si\u0119 wch\u0142ania, nie pozostawia t\u0142ustej warstwy i nie daje uczucia lepko\u015bci.<br \/>\n<\/div><\/div>\n<div class=\"accordion-item\"><a href=\"#\" class=\"accordion-title plain\"><button class=\"toggle\"><i class=\"icon-angle-down\"><\/i><\/button><span>Czy mo\u017cna stosowa\u0107 olejek lawendowy na w\u0142osy?<\/span><\/a><div class=\"accordion-inner\">\nTak! \u015awietnie wyg\u0142adza, nab\u0142yszcza i u\u0142atwia rozczesywanie. Rozprowad\u017a kilka kropel na wilgotnych d\u0142ugo\u015bciach lub ko\u0144c\u00f3wkach.<br \/>\n<\/div><\/div>\n<div class=\"accordion-item\"><a href=\"#\" class=\"accordion-title plain\"><button class=\"toggle\"><i class=\"icon-angle-down\"><\/i><\/button><span>Czy zapach olejku d\u0142ugo utrzymuje si\u0119 na sk\u00f3rze i w\u0142osach?<\/span><\/a><div class=\"accordion-inner\">\nTak \u2014 wed\u0142ug bada\u0144 85% u\u017cytkownik\u00f3w potwierdza d\u0142ugotrwa\u0142\u0105 trwa\u0142o\u015b\u0107 zapachu po aplikacji.<br \/>\n<\/div><\/div>\n<div class=\"accordion-item\"><a href=\"#\" class=\"accordion-title plain\"><button class=\"toggle\"><i class=\"icon-angle-down\"><\/i><\/button><span>Czy olejek jest odpowiedni dla sk\u00f3ry wra\u017cliwej?<\/span><\/a><div class=\"accordion-inner\">\nFormu\u0142a opiera si\u0119 na \u0142agodnych, naturalnych olejach, ale przed pierwszym u\u017cyciem warto wykona\u0107 pr\u00f3b\u0119 uczuleniow\u0105.<br \/>\n<\/div><\/div>\n<div class=\"accordion-item\"><a href=\"#\" class=\"accordion-title plain\"><button class=\"toggle\"><i class=\"icon-angle-down\"><\/i><\/button><span>Czy mog\u0119 stosowa\u0107 olejek codziennie?<\/span><\/a><div class=\"accordion-inner\">\nTak. Mo\u017cesz u\u017cywa\u0107 go ka\u017cdego dnia \u2014 1 lub 2 razy dziennie, zale\u017cnie od potrzeb sk\u00f3ry i w\u0142os\u00f3w.<br \/>\n<\/div><\/div>\n\t<div id=\"gap-925806450\" class=\"gap-element clearfix\" style=\"display:block; height:auto;\">\n\t\t\n<style>\n#gap-925806450 {\n  padding-top: 20px;\n}\n<\/style>\n\t<\/div>\n\t\t\t<\/div>\n\t\t\t\t\t<\/div>\n\n\t\n<style>\n#row-1202140109 > .col > .col-inner {\n  padding: 35px 0 20px 0;\n}\n<\/style>\n<\/div>\n","protected":false},"excerpt":{"rendered":"<p><span class=\"TextRun SCXW265687454 BCX8\" lang=\"PL-PL\" xml:lang=\"PL-PL\" data-contrast=\"none\"><span class=\"NormalTextRun SCXW265687454 BCX8\">Wybierz luksusow\u0105 piel\u0119gnacj\u0119, kt\u00f3ra pachnie lawendowym spokojem. Dla sk\u00f3ry. Dla w\u0142os\u00f3w.\u00a0<\/span><span class=\"NormalTextRun SCXW265687454 BCX8\">Dla zmys\u0142\u00f3w. Po prostu<\/span><span class=\"NormalTextRun SCXW265687454 BCX8\">\u00a0<\/span><span class=\"NormalTextRun SCXW265687454 BCX8\">d<\/span><span class=\"NormalTextRun SCXW265687454 BCX8\">la Ciebie.<\/span><\/span><\/p>\n<h2><strong>Olejek K. Hebda Lavandula\u00ae to&#8230;\u00a0<\/strong><\/h2>\n<ul>\n<li>b\u0142yskawiczne <strong>ukojenie, od\u017cywienie<\/strong>, regeneracja i nawil\u017cenie sk\u00f3ry,<\/li>\n<li><strong>formu\u0142a bez t\u0142ustej warstwy<\/strong> i d\u0142ugiego wch\u0142aniania,<\/li>\n<li><strong>koj\u0105cy rytua\u0142 relaksu<\/strong> po stresuj\u0105cym dniu z pomoc\u0105 kompozycji <strong>4 olejk\u00f3w<\/strong> eterycznych,<\/li>\n<li>naturalny kosmetyk <strong>testowany dermatologicznie<\/strong>, kt\u00f3rego mo\u017cesz u\u017cy\u0107 <strong>do cia\u0142a, twarzy i w\u0142os\u00f3w<\/strong>,<\/li>\n<li><strong>\u201cdotyk jedwabiu\u201d na sk\u00f3rze<\/strong> daj\u0105cy uczucie mi\u0119kko\u015bci, wyg\u0142adzenia i zdrowego blasku,<\/li>\n<li>zapach\u00a0<strong>prawdziwej lawendy<\/strong>,\u00a0kt\u00f3ry otula ci\u0119 ciep\u0142ym, kwiatowym aromatem.<\/li>\n<\/ul>\n","protected":false},"featured_media":3422897,"comment_status":"open","ping_status":"closed","template":"","meta":[],"product_cat":[246,250,222,237,249,47,117,118],"product_tag":[],"acf":[],"yoast_head":"<!-- This site is optimized with the Yoast SEO plugin v19.6.1 - https:\/\/yoast.com\/wordpress\/plugins\/seo\/ -->\n<title>Olejek lawendowy do cia\u0142a, twarzy i w\u0142os\u00f3w K. Hebda Lavandula\u00ae - Klaudyna Hebda Nature<\/title>\n<meta name=\"description\" content=\"Od\u017cywczy olejek, kt\u00f3ry nie pozostawia t\u0142ustej warstwy? Tak! Poznaj olejek lawendowy Lavandula i sprawd\u017a, czy najpierw pokocha go Twoja sk\u00f3ra, czy w\u0142osy.\" \/>\n<meta name=\"robots\" content=\"index, follow, max-snippet:-1, max-image-preview:large, max-video-preview:-1\" \/>\n<link rel=\"canonical\" href=\"https:\/\/klaudynahebda.pl\/sklep\/olejek-lawendowyk-hebda-lavandula\/\" \/>\n<meta property=\"og:locale\" content=\"pl_PL\" \/>\n<meta property=\"og:type\" content=\"article\" \/>\n<meta property=\"og:title\" content=\"Olejek lawendowy do cia\u0142a, twarzy i w\u0142os\u00f3w K. Hebda Lavandula\u00ae - Klaudyna Hebda Nature\" \/>\n<meta property=\"og:description\" content=\"Od\u017cywczy olejek, kt\u00f3ry nie pozostawia t\u0142ustej warstwy? Tak! Poznaj olejek lawendowy Lavandula i sprawd\u017a, czy najpierw pokocha go Twoja sk\u00f3ra, czy w\u0142osy.\" \/>\n<meta property=\"og:url\" content=\"https:\/\/klaudynahebda.pl\/sklep\/olejek-lawendowyk-hebda-lavandula\/\" \/>\n<meta property=\"og:site_name\" content=\"Klaudyna Hebda Nature\" \/>\n<meta property=\"article:modified_time\" content=\"2026-04-13T09:33:01+00:00\" \/>\n<meta property=\"og:image\" content=\"https:\/\/klaudynahebda.pl\/sklep\/wp-content\/uploads\/2025\/06\/olejek-lawendowy-lavandula-klaudyna-hebda-packshot.webp\" \/>\n\t<meta property=\"og:image:width\" content=\"844\" \/>\n\t<meta property=\"og:image:height\" content=\"1152\" \/>\n\t<meta property=\"og:image:type\" content=\"image\/webp\" \/>\n<meta name=\"twitter:card\" content=\"summary_large_image\" \/>\n<meta name=\"twitter:label1\" content=\"Szacowany czas czytania\" \/>\n\t<meta name=\"twitter:data1\" content=\"6 minut\" \/>\n<script type=\"application\/ld+json\" class=\"yoast-schema-graph\">{\"@context\":\"https:\/\/schema.org\",\"@graph\":[{\"@type\":\"WebPage\",\"@id\":\"https:\/\/klaudynahebda.pl\/sklep\/olejek-lawendowyk-hebda-lavandula\/\",\"url\":\"https:\/\/klaudynahebda.pl\/sklep\/olejek-lawendowyk-hebda-lavandula\/\",\"name\":\"Olejek lawendowy do cia\u0142a, twarzy i w\u0142os\u00f3w K. Hebda Lavandula\u00ae - Klaudyna Hebda Nature\",\"isPartOf\":{\"@id\":\"https:\/\/klaudynahebda.pl\/sklep\/#website\"},\"datePublished\":\"2025-12-08T15:16:25+00:00\",\"dateModified\":\"2026-04-13T09:33:01+00:00\",\"description\":\"Od\u017cywczy olejek, kt\u00f3ry nie pozostawia t\u0142ustej warstwy? Tak! Poznaj olejek lawendowy Lavandula i sprawd\u017a, czy najpierw pokocha go Twoja sk\u00f3ra, czy w\u0142osy.\",\"breadcrumb\":{\"@id\":\"https:\/\/klaudynahebda.pl\/sklep\/olejek-lawendowyk-hebda-lavandula\/#breadcrumb\"},\"inLanguage\":\"pl-PL\",\"potentialAction\":[{\"@type\":\"ReadAction\",\"target\":[\"https:\/\/klaudynahebda.pl\/sklep\/olejek-lawendowyk-hebda-lavandula\/\"]}]},{\"@type\":\"BreadcrumbList\",\"@id\":\"https:\/\/klaudynahebda.pl\/sklep\/olejek-lawendowyk-hebda-lavandula\/#breadcrumb\",\"itemListElement\":[{\"@type\":\"ListItem\",\"position\":1,\"name\":\"Strona g\u0142\u00f3wna\",\"item\":\"https:\/\/klaudynahebda.pl\/sklep\/\"},{\"@type\":\"ListItem\",\"position\":2,\"name\":\"Sklep\",\"item\":\"https:\/\/klaudynahebda.pl\/sklep\/sklep\/\"},{\"@type\":\"ListItem\",\"position\":3,\"name\":\"Seria Lavandula\",\"item\":\"https:\/\/klaudynahebda.pl\/sklep\/seria-lavandula\/\"},{\"@type\":\"ListItem\",\"position\":4,\"name\":\"Olejek lawendowy do cia\u0142a, twarzy i w\u0142os\u00f3w K. Hebda Lavandula\u00ae\"}]},{\"@type\":\"WebSite\",\"@id\":\"https:\/\/klaudynahebda.pl\/sklep\/#website\",\"url\":\"https:\/\/klaudynahebda.pl\/sklep\/\",\"name\":\"Klaudyna Hebda Nature\",\"description\":\"Sklep\",\"publisher\":{\"@id\":\"https:\/\/klaudynahebda.pl\/sklep\/#organization\"},\"potentialAction\":[{\"@type\":\"SearchAction\",\"target\":{\"@type\":\"EntryPoint\",\"urlTemplate\":\"https:\/\/klaudynahebda.pl\/sklep\/?s={search_term_string}\"},\"query-input\":\"required name=search_term_string\"}],\"inLanguage\":\"pl-PL\"},{\"@type\":\"Organization\",\"@id\":\"https:\/\/klaudynahebda.pl\/sklep\/#organization\",\"name\":\"KlaudynaHebda\",\"url\":\"https:\/\/klaudynahebda.pl\/sklep\/\",\"sameAs\":[],\"logo\":{\"@type\":\"ImageObject\",\"inLanguage\":\"pl-PL\",\"@id\":\"https:\/\/klaudynahebda.pl\/sklep\/#\/schema\/logo\/image\/\",\"url\":\"\",\"contentUrl\":\"\",\"caption\":\"KlaudynaHebda\"},\"image\":{\"@id\":\"https:\/\/klaudynahebda.pl\/sklep\/#\/schema\/logo\/image\/\"}}]}<\/script>\n<!-- \/ Yoast SEO plugin. -->","yoast_head_json":{"title":"Olejek lawendowy do cia\u0142a, twarzy i w\u0142os\u00f3w K. Hebda Lavandula\u00ae - Klaudyna Hebda Nature","description":"Od\u017cywczy olejek, kt\u00f3ry nie pozostawia t\u0142ustej warstwy? Tak! Poznaj olejek lawendowy Lavandula i sprawd\u017a, czy najpierw pokocha go Twoja sk\u00f3ra, czy w\u0142osy.","robots":{"index":"index","follow":"follow","max-snippet":"max-snippet:-1","max-image-preview":"max-image-preview:large","max-video-preview":"max-video-preview:-1"},"canonical":"https:\/\/klaudynahebda.pl\/sklep\/olejek-lawendowyk-hebda-lavandula\/","og_locale":"pl_PL","og_type":"article","og_title":"Olejek lawendowy do cia\u0142a, twarzy i w\u0142os\u00f3w K. Hebda Lavandula\u00ae - Klaudyna Hebda Nature","og_description":"Od\u017cywczy olejek, kt\u00f3ry nie pozostawia t\u0142ustej warstwy? Tak! Poznaj olejek lawendowy Lavandula i sprawd\u017a, czy najpierw pokocha go Twoja sk\u00f3ra, czy w\u0142osy.","og_url":"https:\/\/klaudynahebda.pl\/sklep\/olejek-lawendowyk-hebda-lavandula\/","og_site_name":"Klaudyna Hebda Nature","article_modified_time":"2026-04-13T09:33:01+00:00","og_image":[{"width":844,"height":1152,"url":"https:\/\/klaudynahebda.pl\/sklep\/wp-content\/uploads\/2025\/06\/olejek-lawendowy-lavandula-klaudyna-hebda-packshot.webp","type":"image\/webp"}],"twitter_card":"summary_large_image","twitter_misc":{"Szacowany czas czytania":"6 minut"},"schema":{"@context":"https:\/\/schema.org","@graph":[{"@type":"WebPage","@id":"https:\/\/klaudynahebda.pl\/sklep\/olejek-lawendowyk-hebda-lavandula\/","url":"https:\/\/klaudynahebda.pl\/sklep\/olejek-lawendowyk-hebda-lavandula\/","name":"Olejek lawendowy do cia\u0142a, twarzy i w\u0142os\u00f3w K. Hebda Lavandula\u00ae - Klaudyna Hebda Nature","isPartOf":{"@id":"https:\/\/klaudynahebda.pl\/sklep\/#website"},"datePublished":"2025-12-08T15:16:25+00:00","dateModified":"2026-04-13T09:33:01+00:00","description":"Od\u017cywczy olejek, kt\u00f3ry nie pozostawia t\u0142ustej warstwy? Tak! Poznaj olejek lawendowy Lavandula i sprawd\u017a, czy najpierw pokocha go Twoja sk\u00f3ra, czy w\u0142osy.","breadcrumb":{"@id":"https:\/\/klaudynahebda.pl\/sklep\/olejek-lawendowyk-hebda-lavandula\/#breadcrumb"},"inLanguage":"pl-PL","potentialAction":[{"@type":"ReadAction","target":["https:\/\/klaudynahebda.pl\/sklep\/olejek-lawendowyk-hebda-lavandula\/"]}]},{"@type":"BreadcrumbList","@id":"https:\/\/klaudynahebda.pl\/sklep\/olejek-lawendowyk-hebda-lavandula\/#breadcrumb","itemListElement":[{"@type":"ListItem","position":1,"name":"Strona g\u0142\u00f3wna","item":"https:\/\/klaudynahebda.pl\/sklep\/"},{"@type":"ListItem","position":2,"name":"Sklep","item":"https:\/\/klaudynahebda.pl\/sklep\/sklep\/"},{"@type":"ListItem","position":3,"name":"Seria Lavandula","item":"https:\/\/klaudynahebda.pl\/sklep\/seria-lavandula\/"},{"@type":"ListItem","position":4,"name":"Olejek lawendowy do cia\u0142a, twarzy i w\u0142os\u00f3w K. Hebda Lavandula\u00ae"}]},{"@type":"WebSite","@id":"https:\/\/klaudynahebda.pl\/sklep\/#website","url":"https:\/\/klaudynahebda.pl\/sklep\/","name":"Klaudyna Hebda Nature","description":"Sklep","publisher":{"@id":"https:\/\/klaudynahebda.pl\/sklep\/#organization"},"potentialAction":[{"@type":"SearchAction","target":{"@type":"EntryPoint","urlTemplate":"https:\/\/klaudynahebda.pl\/sklep\/?s={search_term_string}"},"query-input":"required name=search_term_string"}],"inLanguage":"pl-PL"},{"@type":"Organization","@id":"https:\/\/klaudynahebda.pl\/sklep\/#organization","name":"KlaudynaHebda","url":"https:\/\/klaudynahebda.pl\/sklep\/","sameAs":[],"logo":{"@type":"ImageObject","inLanguage":"pl-PL","@id":"https:\/\/klaudynahebda.pl\/sklep\/#\/schema\/logo\/image\/","url":"","contentUrl":"","caption":"KlaudynaHebda"},"image":{"@id":"https:\/\/klaudynahebda.pl\/sklep\/#\/schema\/logo\/image\/"}}]}},"_links":{"self":[{"href":"https:\/\/klaudynahebda.pl\/sklep\/wp-json\/wp\/v2\/product\/3306487"}],"collection":[{"href":"https:\/\/klaudynahebda.pl\/sklep\/wp-json\/wp\/v2\/product"}],"about":[{"href":"https:\/\/klaudynahebda.pl\/sklep\/wp-json\/wp\/v2\/types\/product"}],"replies":[{"embeddable":true,"href":"https:\/\/klaudynahebda.pl\/sklep\/wp-json\/wp\/v2\/comments?post=3306487"}],"wp:featuredmedia":[{"embeddable":true,"href":"https:\/\/klaudynahebda.pl\/sklep\/wp-json\/wp\/v2\/media\/3422897"}],"wp:attachment":[{"href":"https:\/\/klaudynahebda.pl\/sklep\/wp-json\/wp\/v2\/media?parent=3306487"}],"wp:term":[{"taxonomy":"product_cat","embeddable":true,"href":"https:\/\/klaudynahebda.pl\/sklep\/wp-json\/wp\/v2\/product_cat?post=3306487"},{"taxonomy":"product_tag","embeddable":true,"href":"https:\/\/klaudynahebda.pl\/sklep\/wp-json\/wp\/v2\/product_tag?post=3306487"}],"curies":[{"name":"wp","href":"https:\/\/api.w.org\/{rel}","templated":true}]}}