{"id":3306482,"date":"2025-11-03T16:13:08","date_gmt":"2025-11-03T15:13:08","guid":{"rendered":"https:\/\/klaudynahebda.pl\/sklep\/?post_type=product&#038;p=3306482"},"modified":"2026-05-13T01:00:03","modified_gmt":"2026-05-12T23:00:03","slug":"roll-on-melisa-plus","status":"publish","type":"product","link":"https:\/\/klaudynahebda.pl\/sklep\/roll-on-melisa-plus\/","title":{"rendered":"Roll-on melisa PLUS"},"content":{"rendered":"<h2><strong>Jak dzia\u0142a roll-on Melisa PLUS? \u00a0<\/strong><\/h2>\n<p>Roll-on naniesiony na nadgarstki, skronie, kark czy szyj\u0119 ma podw\u00f3jne dzia\u0142anie. Olej jojoba i witamina E piel\u0119gnuj\u0105 Twoj\u0105 sk\u00f3r\u0119, a uwalniaj\u0105cy si\u0119 zapach olejku z melisy pomaga stworzy\u0107 atmosfer\u0119 wyciszenia i spokoju.<\/p>\n<p>Chwila dla Ciebie i na u\u017cycie roll-onu&#8230; i czujesz si\u0119 spokojnie.<\/p>\n<p>A sama melisa? Od wiek\u00f3w ceniona jest za sw\u00f3j \u0142agodny, zio\u0142owy aromat \u2013 my \u201ezamkn\u0119li\u015bmy\u201d j\u0105 w najwygodniejszej formie roll-onu.<\/p>\n<h2><strong>Kiedy si\u0119gn\u0105\u0107 po roll-on z olejkiem z melisy?\u00a0\u00a0<\/strong><\/h2>\n<p>Bez wahania si\u0119gnij po roll-on Melisa PLUS, gdy:<\/p>\n<ul>\n<li>czujesz, \u017ce potrzebujesz wzi\u0105\u0107 g\u0142\u0119boki oddech,<\/li>\n<li>masz tylko chwil\u0119, \u017ceby czule si\u0119 o siebie zatroszczy\u0107,<\/li>\n<li>lubisz uspokajaj\u0105cy zapach olejku z melisy,<\/li>\n<li>chcesz \u0142atwo i wygodnie korzysta\u0107 z aromaterapii,<\/li>\n<li>szukasz szybkiego wsparcia dla sk\u00f3ry,<\/li>\n<li>chcesz stworzy\u0107 atmosfer\u0119 relaksu i r\u00f3wnowagi bez wzgl\u0119du na to, gdzie w\u0142a\u015bnie jeste\u015b.<\/li>\n<\/ul>\n<h1><strong>Co znajduje si\u0119 w \u015brodku roll-onu z olejkiem melisowym?<\/strong><\/h1>\n<p>Melisa PLUS to co\u015b wi\u0119cej ni\u017c sam olejek eteryczny z melisy. Nasz roll-on ma prosty i naturalny sk\u0142ad, bez zb\u0119dnych dodatk\u00f3w. W buteleczce zamkn\u0119li\u015bmy:<\/p>\n<ul>\n<li><strong>olejek eteryczny z melisy<\/strong> \u2013 o zapachu, kt\u00f3ry uspokaja, wycisza i koi,<\/li>\n<li><strong>olej jojoba<\/strong> \u2013 delikatnie piel\u0119gnuj\u0105cy sk\u00f3r\u0119,<\/li>\n<li><strong>witamin\u0119 E<\/strong> \u2013 jej zadaniem jest wsparcie dla sk\u00f3ry i ochrona.<\/li>\n<\/ul>\n<h2><strong>Czy roll-on Melisa PLUS to co\u015b dla Ciebie? Tak, je\u015bli:<\/strong><\/h2>\n<ul>\n<li>Twoja sk\u00f3ra potrzebuje ukojenia,<\/li>\n<li>szukasz naturalnych sposob\u00f3w na \u0142agodn\u0105, naturaln\u0105 piel\u0119gnacj\u0119, a przy \u00a0okazji relaks i z\u0142agodzenie napi\u0119cia,<\/li>\n<li>chcesz mie\u0107 pod r\u0119k\u0105 co\u015b, czego mo\u017cesz u\u017cy\u0107 dos\u0142ownie w chwilk\u0119,<\/li>\n<li>wiesz, jak wa\u017cna jest harmonia i przestrze\u0144 na oddech, a proste rytua\u0142y mog\u0105 Ci w tym pom\u00f3c,<\/li>\n<li>lubisz delikatne zapachy i chcesz wspiera\u0107 si\u0119 \u0142agodnie,<\/li>\n<li>masz ma\u0142o czasu i potrzebujesz prostego sposobu na moment troski o siebie.<\/li>\n<\/ul>\n<h3><strong>Seria PLUS. Precyzyjny bodziec sensoryczny w odpowiedniej dawce<\/strong><\/h3>\n<p>Seria PLUS to roll-ony, kt\u00f3re powsta\u0142y z my\u015bl\u0105 o konkretnych chwilach i potrzebach. To <strong>zapach w odpowiedniej dawce<\/strong> dobranej przez aromaterapeutk\u0119 kliniczn\u0105.<strong> PLUS dzia\u0142a jak precyzyjny bodziec sensoryczny, kt\u00f3ry wspiera Ci\u0119 w konkretnym momencie dnia. <\/strong>To seria stworzona z my\u015bl\u0105 o chwilach, gdy wystarczy impuls. Bez przeci\u0105\u017cenia i nadmiaru. Jak czysty d\u017awi\u0119k zamiast kakofonii.\u00a0Proste, prawda? I o to chodzi.<\/p>\n<p>Zapach PLUSa pojawia si\u0119, spe\u0142nia swoj\u0105 rol\u0119 i znika. Mo\u017cesz wr\u00f3ci\u0107 do niego wtedy, kiedy zn\u00f3w go potrzebujesz.Nie wi\u0119cej. Nie mniej. Wystarczaj\u0105co.<\/p>\n<p>\u2795 Poznaj ca\u0142\u0105 seri\u0119 PLUS:<\/p>\n<ul>\n<li><strong style=\"color: #555555;\" data-start=\"463\" data-end=\"488\"><a href=\"https:\/\/klaudynahebda.pl\/sklep\/roll-on-mieta-plus\/ \u200e\">Roll-on Mi\u0119ta PLUS<\/a><br \/>\n<\/strong>Zjazd po obiedzie? Ch\u0142odny, orze\u017awiaj\u0105cy zapach mi\u0119ty pieprzowej to zastrzyk energii, kt\u00f3ry wspiera koncentracj\u0119 i przynosi ulg\u0119 w zm\u0119czeniu.<\/li>\n<li><strong style=\"color: #555555;\" data-start=\"627\" data-end=\"656\"><a href=\"https:\/\/klaudynahebda.pl\/sklep\/roll-on-majeranek-plus\">Roll-on Majeranek PLUS<\/a><br \/>\n<\/strong>Zio\u0142owy zapach pomaga w wyciszeniu i naturalnym wsparciu komfortu oddychania.<\/li>\n<li><strong style=\"color: #555555;\" data-start=\"788\" data-end=\"815\"><a href=\"https:\/\/klaudynahebda.pl\/sklep\/roll-on-oregano-plus\/\">Roll-on Oregano PLUS<\/a><br \/>\n<\/strong>Intensywny, zio\u0142owy aromat oregano po\u0142\u0105czony z \u0142agodn\u0105 copaib\u0105 wspiera w ch\u0142odniejsze dni i daje poczucie czysto\u015bci.<\/li>\n<li><strong style=\"color: #555555;\" data-start=\"976\" data-end=\"1009\"><a href=\"https:\/\/klaudynahebda.pl\/sklep\/roll-on-rumianek-plus\/\">Roll-on Rumianek PLUS Kids<\/a><br \/>\n<\/strong>Stworzony dla najm\u0142odszych \u2013 delikatny, lekko s\u0142odki zapach rumianku rzymskiego uspokaja, otula i pomaga w spokojnym zasypianiu.<\/li>\n<\/ul>\n<div class=\"row row-collapse align-middle\"  id=\"row-467186089\">\n\t<div id=\"col-1009515259\" class=\"col small-10 large-12\"  >\n\t\t\t\t<div class=\"col-inner\"  >\n\t\t\t\n\t\t\t\n<h3 class=\"accordion_title\">Najcz\u0119\u015bciej zadawane pytania \u2014 Roll-on Melisa PLUS<\/h3><div class=\"accordion\" rel=\"1\"><\/div>\n<div class=\"accordion-item\"><a href=\"#\" class=\"accordion-title plain\"><button class=\"toggle\"><i class=\"icon-angle-down\"><\/i><\/button><span>Dla kogo jest Roll-on Melisa PLUS?<\/span><\/a><div class=\"accordion-inner\">\nDla wszystkich, kt\u00f3rzy chc\u0105 po\u0142\u0105czy\u0107 prost\u0105 piel\u0119gnacj\u0119 sk\u00f3ry z koj\u0105cym rytua\u0142em aromaterapeutycznym opartym na olejku z melisy. To \u201enuta spokoju\u201d do u\u017cycia w kilka sekund.<\/p>\n<\/div><\/div>\n<div class=\"accordion-item\"><a href=\"#\" class=\"accordion-title plain\"><button class=\"toggle\"><i class=\"icon-angle-down\"><\/i><\/button><span>Jak stosowa\u0107 Roll-on Melisa PLUS?<\/span><\/a><div class=\"accordion-inner\">\nNak\u0142adaj miejscowo: na nadgarstki, skronie, kark czy szyj\u0119. Olej jojoba i witamina E piel\u0119gnuj\u0105, a zapach melisy pomaga stworzy\u0107 atmosfer\u0119 wyciszenia.<br \/>\n<\/div><\/div>\n<div class=\"accordion-item\"><a href=\"#\" class=\"accordion-title plain\"><button class=\"toggle\"><i class=\"icon-angle-down\"><\/i><\/button><span>Czy mo\u017cna u\u017cywa\u0107 go kilka razy w ci\u0105gu dnia?<\/span><\/a><div class=\"accordion-inner\">\nTak \u2014 to produkt do cz\u0119stego, kr\u00f3tkiego u\u017cycia w pracy, w podr\u00f3\u017cy i przed snem. Aplikuj wtedy, gdy potrzebujesz.<\/p>\n<\/div><\/div>\n<div class=\"accordion-item\"><a href=\"#\" class=\"accordion-title plain\"><button class=\"toggle\"><i class=\"icon-angle-down\"><\/i><\/button><span>Czy zapach jest intensywny?<\/span><\/a><div class=\"accordion-inner\">\nNie. Jest \u0142agodny, zio\u0142owo-cytrusowy \u2014 nie przyt\u0142acza otoczenia.<\/p>\n<\/div><\/div>\n<div class=\"accordion-item\"><a href=\"#\" class=\"accordion-title plain\"><button class=\"toggle\"><i class=\"icon-angle-down\"><\/i><\/button><span>Czy Roll-on Melisa PLUS jest odpowiedni dla dzieci?<\/span><\/a><div class=\"accordion-inner\">\nNie \u2014 jest przeznaczony dla doros\u0142ych.<\/p>\n<\/div><\/div>\n<div class=\"accordion-item\"><a href=\"#\" class=\"accordion-title plain\"><button class=\"toggle\"><i class=\"icon-angle-down\"><\/i><\/button><span>Jaki sk\u0142ad ma Roll-on Melisa PLUS?<\/span><\/a><div class=\"accordion-inner\">\nProsty i naturalny: olej jojoba, olejek eteryczny z melisy, witamina E.<\/p>\n<\/div><\/div>\n\t\t<\/div>\n\t\t\t\t\t<\/div>\n\n\t\n<style>\n#row-467186089 > .col > .col-inner {\n  padding: 35px 0 20px 0;\n}\n<\/style>\n<\/div>\n","protected":false},"excerpt":{"rendered":"<h2><strong>Roll-on Melisa PLUS to\u2026\u00a0<\/strong><\/h2>\n<ul>\n<li>po\u0142\u0105czenie w\u0142a\u015bciwo\u015bci piel\u0119gnacyjnych z koj\u0105cym dzia\u0142aniem aromaterapii,<\/li>\n<li>gdy dzie\u0144 si\u0119 jeszcze nie sko\u0144czy\u0142, ale Ty ju\u017c mo\u017cesz zwolni\u0107<\/li>\n<li><strong>b\u0142yskawiczny bodziec sensoryczny\u00a0<\/strong>na chwil\u0119, gdy szukasz wyciszenia i chwili tylko ze sob\u0105<\/li>\n<li><strong>idealnie skalibrowana dawka olejku<\/strong> \u2013 jak konkretny, czysty d\u017awi\u0119k, a nie kakofonia<\/li>\n<li>roll-on z olejkami eterycznymi, kt\u00f3rego zapach jest jak odcie\u0144 spokoju w pe\u0142nej kontrast\u00f3w palecie emocji<\/li>\n<li>olejek z melisy zamkni\u0119ty w wygodnej formie &#8211; gotowy do u\u017cycia w kilka sekund<\/li>\n<li>naturalna receptura i prosty sk\u0142ad<\/li>\n<\/ul>\n<p><strong>Melisa PLUS: kiedy wszystko przyspiesza, a Ty potrzebujesz zwolni\u0107. Kiedy potrzebujesz sygna\u0142u.\u00a0<\/strong><\/p>\n<p>Aromat roll-onu Melisa PLUS niesie z sob\u0105 prawdziwy rytua\u0142 spokoju dla Ciebie. Wystarczy kilka sekund, \u017ceby zatroszczy\u0107 si\u0119 o sk\u00f3r\u0119 i poczu\u0107 \u0142agodny aromat olejku melisowego. Zatrzymaj si\u0119, poczuj go i pozw\u00f3l naturze zadba\u0107 o siebie.<\/p>\n","protected":false},"featured_media":3402131,"comment_status":"open","ping_status":"closed","template":"","meta":[],"product_cat":[245,117,210,134,118],"product_tag":[],"acf":[],"yoast_head":"<!-- This site is optimized with the Yoast SEO plugin v19.6.1 - https:\/\/yoast.com\/wordpress\/plugins\/seo\/ -->\n<title>Roll-on melisa PLUS - Klaudyna Hebda Nature<\/title>\n<meta name=\"description\" content=\"Roll-on Melisa PLUS. Codzienny rytua\u0142 ukojenia w chwilach stresu i napi\u0119cia. \u0141agodnie piel\u0119gnuje sk\u00f3r\u0119, koi zmys\u0142y i otula wyciszaj\u0105cym zapachem melisy.\" \/>\n<meta name=\"robots\" content=\"index, follow, max-snippet:-1, max-image-preview:large, max-video-preview:-1\" \/>\n<link rel=\"canonical\" href=\"https:\/\/klaudynahebda.pl\/sklep\/roll-on-melisa-plus\/\" \/>\n<meta property=\"og:locale\" content=\"pl_PL\" \/>\n<meta property=\"og:type\" content=\"article\" \/>\n<meta property=\"og:title\" content=\"Roll-on melisa PLUS - Klaudyna Hebda Nature\" \/>\n<meta property=\"og:description\" content=\"Roll-on Melisa PLUS. Codzienny rytua\u0142 ukojenia w chwilach stresu i napi\u0119cia. \u0141agodnie piel\u0119gnuje sk\u00f3r\u0119, koi zmys\u0142y i otula wyciszaj\u0105cym zapachem melisy.\" \/>\n<meta property=\"og:url\" content=\"https:\/\/klaudynahebda.pl\/sklep\/roll-on-melisa-plus\/\" \/>\n<meta property=\"og:site_name\" content=\"Klaudyna Hebda Nature\" \/>\n<meta property=\"article:modified_time\" content=\"2026-05-12T23:00:03+00:00\" \/>\n<meta property=\"og:image\" content=\"https:\/\/klaudynahebda.pl\/sklep\/wp-content\/uploads\/2025\/06\/roll-on-melisa-plus-k-hebda-packshot.jpg.png\" \/>\n\t<meta property=\"og:image:width\" content=\"844\" \/>\n\t<meta property=\"og:image:height\" content=\"1152\" \/>\n\t<meta property=\"og:image:type\" content=\"image\/png\" \/>\n<meta name=\"twitter:card\" content=\"summary_large_image\" \/>\n<meta name=\"twitter:label1\" content=\"Szacowany czas czytania\" \/>\n\t<meta name=\"twitter:data1\" content=\"4 minuty\" \/>\n<script type=\"application\/ld+json\" class=\"yoast-schema-graph\">{\"@context\":\"https:\/\/schema.org\",\"@graph\":[{\"@type\":\"WebPage\",\"@id\":\"https:\/\/klaudynahebda.pl\/sklep\/roll-on-melisa-plus\/\",\"url\":\"https:\/\/klaudynahebda.pl\/sklep\/roll-on-melisa-plus\/\",\"name\":\"Roll-on melisa PLUS - Klaudyna Hebda Nature\",\"isPartOf\":{\"@id\":\"https:\/\/klaudynahebda.pl\/sklep\/#website\"},\"datePublished\":\"2025-11-03T15:13:08+00:00\",\"dateModified\":\"2026-05-12T23:00:03+00:00\",\"description\":\"Roll-on Melisa PLUS. Codzienny rytua\u0142 ukojenia w chwilach stresu i napi\u0119cia. \u0141agodnie piel\u0119gnuje sk\u00f3r\u0119, koi zmys\u0142y i otula wyciszaj\u0105cym zapachem melisy.\",\"breadcrumb\":{\"@id\":\"https:\/\/klaudynahebda.pl\/sklep\/roll-on-melisa-plus\/#breadcrumb\"},\"inLanguage\":\"pl-PL\",\"potentialAction\":[{\"@type\":\"ReadAction\",\"target\":[\"https:\/\/klaudynahebda.pl\/sklep\/roll-on-melisa-plus\/\"]}]},{\"@type\":\"BreadcrumbList\",\"@id\":\"https:\/\/klaudynahebda.pl\/sklep\/roll-on-melisa-plus\/#breadcrumb\",\"itemListElement\":[{\"@type\":\"ListItem\",\"position\":1,\"name\":\"Strona g\u0142\u00f3wna\",\"item\":\"https:\/\/klaudynahebda.pl\/sklep\/\"},{\"@type\":\"ListItem\",\"position\":2,\"name\":\"Sklep\",\"item\":\"https:\/\/klaudynahebda.pl\/sklep\/sklep\/\"},{\"@type\":\"ListItem\",\"position\":3,\"name\":\"Seria PLUS\",\"item\":\"https:\/\/klaudynahebda.pl\/sklep\/seria-plus\/\"},{\"@type\":\"ListItem\",\"position\":4,\"name\":\"Roll-on melisa PLUS\"}]},{\"@type\":\"WebSite\",\"@id\":\"https:\/\/klaudynahebda.pl\/sklep\/#website\",\"url\":\"https:\/\/klaudynahebda.pl\/sklep\/\",\"name\":\"Klaudyna Hebda Nature\",\"description\":\"Sklep\",\"publisher\":{\"@id\":\"https:\/\/klaudynahebda.pl\/sklep\/#organization\"},\"potentialAction\":[{\"@type\":\"SearchAction\",\"target\":{\"@type\":\"EntryPoint\",\"urlTemplate\":\"https:\/\/klaudynahebda.pl\/sklep\/?s={search_term_string}\"},\"query-input\":\"required name=search_term_string\"}],\"inLanguage\":\"pl-PL\"},{\"@type\":\"Organization\",\"@id\":\"https:\/\/klaudynahebda.pl\/sklep\/#organization\",\"name\":\"KlaudynaHebda\",\"url\":\"https:\/\/klaudynahebda.pl\/sklep\/\",\"sameAs\":[],\"logo\":{\"@type\":\"ImageObject\",\"inLanguage\":\"pl-PL\",\"@id\":\"https:\/\/klaudynahebda.pl\/sklep\/#\/schema\/logo\/image\/\",\"url\":\"\",\"contentUrl\":\"\",\"caption\":\"KlaudynaHebda\"},\"image\":{\"@id\":\"https:\/\/klaudynahebda.pl\/sklep\/#\/schema\/logo\/image\/\"}}]}<\/script>\n<!-- \/ Yoast SEO plugin. -->","yoast_head_json":{"title":"Roll-on melisa PLUS - Klaudyna Hebda Nature","description":"Roll-on Melisa PLUS. Codzienny rytua\u0142 ukojenia w chwilach stresu i napi\u0119cia. \u0141agodnie piel\u0119gnuje sk\u00f3r\u0119, koi zmys\u0142y i otula wyciszaj\u0105cym zapachem melisy.","robots":{"index":"index","follow":"follow","max-snippet":"max-snippet:-1","max-image-preview":"max-image-preview:large","max-video-preview":"max-video-preview:-1"},"canonical":"https:\/\/klaudynahebda.pl\/sklep\/roll-on-melisa-plus\/","og_locale":"pl_PL","og_type":"article","og_title":"Roll-on melisa PLUS - Klaudyna Hebda Nature","og_description":"Roll-on Melisa PLUS. Codzienny rytua\u0142 ukojenia w chwilach stresu i napi\u0119cia. \u0141agodnie piel\u0119gnuje sk\u00f3r\u0119, koi zmys\u0142y i otula wyciszaj\u0105cym zapachem melisy.","og_url":"https:\/\/klaudynahebda.pl\/sklep\/roll-on-melisa-plus\/","og_site_name":"Klaudyna Hebda Nature","article_modified_time":"2026-05-12T23:00:03+00:00","og_image":[{"width":844,"height":1152,"url":"https:\/\/klaudynahebda.pl\/sklep\/wp-content\/uploads\/2025\/06\/roll-on-melisa-plus-k-hebda-packshot.jpg.png","type":"image\/png"}],"twitter_card":"summary_large_image","twitter_misc":{"Szacowany czas czytania":"4 minuty"},"schema":{"@context":"https:\/\/schema.org","@graph":[{"@type":"WebPage","@id":"https:\/\/klaudynahebda.pl\/sklep\/roll-on-melisa-plus\/","url":"https:\/\/klaudynahebda.pl\/sklep\/roll-on-melisa-plus\/","name":"Roll-on melisa PLUS - Klaudyna Hebda Nature","isPartOf":{"@id":"https:\/\/klaudynahebda.pl\/sklep\/#website"},"datePublished":"2025-11-03T15:13:08+00:00","dateModified":"2026-05-12T23:00:03+00:00","description":"Roll-on Melisa PLUS. Codzienny rytua\u0142 ukojenia w chwilach stresu i napi\u0119cia. \u0141agodnie piel\u0119gnuje sk\u00f3r\u0119, koi zmys\u0142y i otula wyciszaj\u0105cym zapachem melisy.","breadcrumb":{"@id":"https:\/\/klaudynahebda.pl\/sklep\/roll-on-melisa-plus\/#breadcrumb"},"inLanguage":"pl-PL","potentialAction":[{"@type":"ReadAction","target":["https:\/\/klaudynahebda.pl\/sklep\/roll-on-melisa-plus\/"]}]},{"@type":"BreadcrumbList","@id":"https:\/\/klaudynahebda.pl\/sklep\/roll-on-melisa-plus\/#breadcrumb","itemListElement":[{"@type":"ListItem","position":1,"name":"Strona g\u0142\u00f3wna","item":"https:\/\/klaudynahebda.pl\/sklep\/"},{"@type":"ListItem","position":2,"name":"Sklep","item":"https:\/\/klaudynahebda.pl\/sklep\/sklep\/"},{"@type":"ListItem","position":3,"name":"Seria PLUS","item":"https:\/\/klaudynahebda.pl\/sklep\/seria-plus\/"},{"@type":"ListItem","position":4,"name":"Roll-on melisa PLUS"}]},{"@type":"WebSite","@id":"https:\/\/klaudynahebda.pl\/sklep\/#website","url":"https:\/\/klaudynahebda.pl\/sklep\/","name":"Klaudyna Hebda Nature","description":"Sklep","publisher":{"@id":"https:\/\/klaudynahebda.pl\/sklep\/#organization"},"potentialAction":[{"@type":"SearchAction","target":{"@type":"EntryPoint","urlTemplate":"https:\/\/klaudynahebda.pl\/sklep\/?s={search_term_string}"},"query-input":"required name=search_term_string"}],"inLanguage":"pl-PL"},{"@type":"Organization","@id":"https:\/\/klaudynahebda.pl\/sklep\/#organization","name":"KlaudynaHebda","url":"https:\/\/klaudynahebda.pl\/sklep\/","sameAs":[],"logo":{"@type":"ImageObject","inLanguage":"pl-PL","@id":"https:\/\/klaudynahebda.pl\/sklep\/#\/schema\/logo\/image\/","url":"","contentUrl":"","caption":"KlaudynaHebda"},"image":{"@id":"https:\/\/klaudynahebda.pl\/sklep\/#\/schema\/logo\/image\/"}}]}},"_links":{"self":[{"href":"https:\/\/klaudynahebda.pl\/sklep\/wp-json\/wp\/v2\/product\/3306482"}],"collection":[{"href":"https:\/\/klaudynahebda.pl\/sklep\/wp-json\/wp\/v2\/product"}],"about":[{"href":"https:\/\/klaudynahebda.pl\/sklep\/wp-json\/wp\/v2\/types\/product"}],"replies":[{"embeddable":true,"href":"https:\/\/klaudynahebda.pl\/sklep\/wp-json\/wp\/v2\/comments?post=3306482"}],"wp:featuredmedia":[{"embeddable":true,"href":"https:\/\/klaudynahebda.pl\/sklep\/wp-json\/wp\/v2\/media\/3402131"}],"wp:attachment":[{"href":"https:\/\/klaudynahebda.pl\/sklep\/wp-json\/wp\/v2\/media?parent=3306482"}],"wp:term":[{"taxonomy":"product_cat","embeddable":true,"href":"https:\/\/klaudynahebda.pl\/sklep\/wp-json\/wp\/v2\/product_cat?post=3306482"},{"taxonomy":"product_tag","embeddable":true,"href":"https:\/\/klaudynahebda.pl\/sklep\/wp-json\/wp\/v2\/product_tag?post=3306482"}],"curies":[{"name":"wp","href":"https:\/\/api.w.org\/{rel}","templated":true}]}}