{"id":3306481,"date":"2025-11-03T16:12:30","date_gmt":"2025-11-03T15:12:30","guid":{"rendered":"https:\/\/klaudynahebda.pl\/sklep\/?post_type=product&#038;p=3306481"},"modified":"2026-04-17T08:52:42","modified_gmt":"2026-04-17T06:52:42","slug":"roll-on-mieta-plus","status":"publish","type":"product","link":"https:\/\/klaudynahebda.pl\/sklep\/roll-on-mieta-plus\/","title":{"rendered":"Roll-on mi\u0119ta PLUS"},"content":{"rendered":"<p>Roll-on Mi\u0119ta PLUS od\u015bwie\u017ca sk\u00f3r\u0119, zmys\u0142y i my\u015bli. Natychmiast. Posmaruj nim skronie, kark czy nadgarstki \u2013 poczuj ch\u0142odz\u0105cy, od\u015bwie\u017caj\u0105cy efekt i moc piel\u0119gnacji ukryt\u0105 w oleju jojoba. Odkryj efekt \u201emi\u0119towego pobudzenia\u201d, kt\u00f3rego nie da Ci najlepsza kawa. Da Ci j\u0105 zapach mi\u0119ty.<\/p>\n<h2><strong>Jak dzia\u0142a roll-on Mi\u0119ta PLUS?\u00a0\u00a0<\/strong><\/h2>\n<p>Roll-on Mi\u0119ta PLUS to precyzyjna dawka aromaterapii na konkretny moment w ci\u0105gu dnia. wi\u0119cej ni\u017c olejek eteryczny z mi\u0119ty. Zawarte w nim olej jojoba i witamina E dbaj\u0105 o Twoj\u0105 sk\u00f3r\u0119, a w tym czasie uwalnia si\u0119 zapach olejku mi\u0119towego, kt\u00f3ry b\u0142yskawicznie od\u015bwie\u017ca, rozja\u015bnia umys\u0142. U\u017cyj go do masa\u017cu, a jego aromat wesprze Ci\u0119 w rozlu\u017anieniu.<br \/>\nChwila z roll-onem i zn\u00f3w masz si\u0142\u0119 do dzia\u0142ania.<\/p>\n<h2><strong>Kiedy si\u0119gn\u0105\u0107 po roll-on z olejkiem z mi\u0119ty?\u00a0\u00a0<\/strong><\/h2>\n<p>Si\u0119gnij po roll-on Mi\u0119ta PLUS, gdy:<\/p>\n<ul>\n<li>czujesz zjazd energii, ale nie chcesz si\u0119ga\u0107 po (kolejn\u0105?) kaw\u0119<\/li>\n<li>masz tylko chwil\u0119 przerwy, by wr\u00f3ci\u0107 do dzia\u0142ania.<\/li>\n<li>siadasz do pracy czy nauki i potrzebujesz odpowiedniej atmosfery sprzyjaj\u0105cej koncentracji,<\/li>\n<li>szukasz \u0142atwego sposobu na orze\u017awienie sk\u00f3ry, zmys\u0142\u00f3w i my\u015bli,<\/li>\n<li>od czystych olejk\u00f3w wolisz receptury gotowe do natychmiastowego u\u017cycia,<\/li>\n<li>lubisz piel\u0119gnuj\u0105ce dzia\u0142anie oleju jojoba.<\/li>\n<\/ul>\n<h2><strong>Co znajduje si\u0119 w \u015brodku roll-onu z olejkiem mi\u0119towym?\u00a0<\/strong><\/h2>\n<p>W roll-onie zamkn\u0119li\u015bmy najlepszej jako\u015bci:<\/p>\n<ul>\n<li><strong>olejek eteryczny z mi\u0119ty<\/strong> \u2013 o zapachu, kt\u00f3ry orze\u017awia, ch\u0142odzi i rozja\u015bnia umys\u0142,<\/li>\n<li><strong>olej jojoba<\/strong> \u2013 o w\u0142a\u015bciwo\u015bciach piel\u0119gnacyjnych,<\/li>\n<li><strong>witamin\u0119 E<\/strong> \u2013 wspieraj\u0105c\u0105 i chroni\u0105c\u0105 sk\u00f3r\u0119.<\/li>\n<\/ul>\n<h2><strong>Czy roll-on Mi\u0119ta PLUS to co\u015b dla Ciebie?\u00a0<\/strong><\/h2>\n<p>Tak, je\u015bli:<\/p>\n<ul>\n<li>chcesz zadba\u0107 o sk\u00f3r\u0119, zmys\u0142y i nastr\u00f3j jednocze\u015bnie,<\/li>\n<li>jeste\u015b osob\u0105 aktywn\u0105 lub pracuj\u0105c\u0105 umys\u0142owo,<\/li>\n<li>lubisz \u0142atwe i szybkie sposoby czerpania z w\u0142a\u015bciwo\u015bci olej\u00f3w i naturalnych olejk\u00f3w eterycznych,<\/li>\n<li>szukasz efektu \u201ementolowego oddechu\u201d, kt\u00f3ry uratuje Ci\u0119 przed spadkami energii,<\/li>\n<li>lubisz proste, naturalne sk\u0142ady,<\/li>\n<li>potrzebujesz masa\u017cu w okolicy karku lub skroni, kt\u00f3ry Ci\u0119 zrelaksuje .<\/li>\n<\/ul>\n<h3><strong>Seria PLUS. Precyzyjny bodziec sensoryczny w odpowiedniej dawce<\/strong><\/h3>\n<p>Seria PLUS to roll-ony, kt\u00f3re powsta\u0142y z my\u015bl\u0105 o konkretnych chwilach i potrzebach. To <strong>zapach w odpowiedniej dawce<\/strong> dobranej przez aromaterapeutk\u0119 kliniczn\u0105.<strong> PLUS dzia\u0142a jak precyzyjny bodziec sensoryczny, kt\u00f3ry wspiera Ci\u0119 w konkretnym momencie dnia. <\/strong>To seria stworzona z my\u015bl\u0105 o chwilach, gdy wystarczy impuls. Bez przeci\u0105\u017cenia i nadmiaru. Jak czysty d\u017awi\u0119k zamiast kakofonii.\u00a0Proste, prawda? I o to chodzi.<\/p>\n<p>Zapach PLUSa pojawia si\u0119, spe\u0142nia swoj\u0105 rol\u0119 i znika. Mo\u017cesz wr\u00f3ci\u0107 do niego wtedy, kiedy zn\u00f3w go potrzebujesz.Nie wi\u0119cej. Nie mniej. Wystarczaj\u0105co.<\/p>\n<p>\u2795 Poznaj ca\u0142\u0105 seri\u0119 PLUS:<\/p>\n<ul>\n<li><strong data-start=\"271\" data-end=\"297\">\u00a0<a href=\"https:\/\/klaudynahebda.pl\/sklep\/roll-on-melisa-plus\">Roll-on Melisa PLUS<\/a><\/strong><br data-start=\"297\" data-end=\"300\" \/>Zapach pomaga wyciszy\u0107 emocje i odzyska\u0107 r\u00f3wnowag\u0119 w ci\u0105gu dnia. Idealny towarzysz pracy, podr\u00f3\u017cy i wieczornego odpoczynku.<\/li>\n<li><strong style=\"color: #555555;\" data-start=\"627\" data-end=\"656\"><a href=\"https:\/\/klaudynahebda.pl\/sklep\/roll-on-majeranek-plus\">Roll-on Majeranek PLUS<\/a><br \/>\n<\/strong>Zio\u0142owy zapach pomaga w wyciszeniu i naturalnym wsparciu komfortu oddychania.<\/li>\n<li><strong style=\"color: #555555;\" data-start=\"788\" data-end=\"815\"><a href=\"https:\/\/klaudynahebda.pl\/sklep\/roll-on-oregano-plus\/\">Roll-on Oregano PLUS<\/a><br \/>\n<\/strong>Oho, sezon si\u0119 zaczyna! Czas na intensywny, zio\u0142owy aromat oregano po\u0142\u0105czony z \u0142agodn\u0105 copaib\u0105 wspiera w ch\u0142odniejsze dni i daje poczucie czysto\u015bci.<\/li>\n<li><strong style=\"color: #555555;\" data-start=\"976\" data-end=\"1009\"><a href=\"https:\/\/klaudynahebda.pl\/sklep\/roll-on-rumianek-plus\/\">Roll-on Rumianek PLUS Kids<\/a><br \/>\n<\/strong>Czas na wieczorne hamowanie dziecka po dniu na wysokich obrotach. Przystanek: \u0142\u00f3\u017ceczko. Stworzony dla najm\u0142odszych.<\/li>\n<\/ul>\n<p data-start=\"4545\" data-end=\"4728\"><div class=\"row row-collapse align-middle\"  id=\"row-1376955161\">\n\t<div id=\"col-941545607\" class=\"col small-10 large-12\"  >\n\t\t\t\t<div class=\"col-inner\"  >\n\t\t\t\n\t\t\t<br data-start=\"4627\" data-end=\"4630\" \/><h3 class=\"accordion_title\">Najcz\u0119\u015bciej zadawane pytania \u2014 Roll-on Mi\u0119ta PLUS<\/h3><div class=\"accordion\" rel=\"1\"><\/div>\n<p data-start=\"4730\" data-end=\"4930\"><div class=\"accordion-item\"><a href=\"#\" class=\"accordion-title plain\"><button class=\"toggle\"><i class=\"icon-angle-down\"><\/i><\/button><span>Dla kogo jest Roll-on Mi\u0119ta PLUS?<\/span><\/a><div class=\"accordion-inner\"><br data-start=\"4788\" data-end=\"4791\" \/>Dla wszystkich, kt\u00f3rzy chc\u0105 szybko si\u0119 od\u015bwie\u017cy\u0107 i zyska\u0107 chwil\u0119 jasno\u015bci umys\u0142u. Idealny w pracy, podr\u00f3\u017cy i przy nauce.<br data-start=\"4910\" data-end=\"4913\" \/><\/div><\/div>\n<p data-start=\"4932\" data-end=\"5115\"><div class=\"accordion-item\"><a href=\"#\" class=\"accordion-title plain\"><button class=\"toggle\"><i class=\"icon-angle-down\"><\/i><\/button><span>Jak stosowa\u0107 Roll-on Mi\u0119ta PLUS?<\/span><\/a><div class=\"accordion-inner\"><br data-start=\"4989\" data-end=\"4992\" \/>Nak\u0142adaj miejscowo: na skronie, kark lub nadgarstki. Mi\u0119ta ch\u0142odzi, od\u015bwie\u017ca i przynosi ulg\u0119 zm\u0119czeniu.<br data-start=\"5095\" data-end=\"5098\" \/><\/div><\/div>\n<p data-start=\"5117\" data-end=\"5279\"><div class=\"accordion-item\"><a href=\"#\" class=\"accordion-title plain\"><button class=\"toggle\"><i class=\"icon-angle-down\"><\/i><\/button><span>Czy mo\u017cna u\u017cywa\u0107 go kilka razy w ci\u0105gu dnia?<\/span><\/a><div class=\"accordion-inner\"><br data-start=\"5186\" data-end=\"5189\" \/>Tak \u2013 to produkt do wielokrotnego u\u017cycia w ci\u0105gu dnia.<br data-start=\"5259\" data-end=\"5262\" \/><\/div><\/div>\n<div class=\"accordion-item\"><a href=\"#\" class=\"accordion-title plain\"><button class=\"toggle\"><i class=\"icon-angle-down\"><\/i><\/button><span>Jak pachnie Roll-on Mi\u0119ta PLUS?<\/span><\/a><div class=\"accordion-inner\"><br data-start=\"5559\" data-end=\"5562\" \/>\u015awie\u017co, intensywnie i rze\u015bko \u2013 jak li\u015bcie mi\u0119ty zerwane prosto z ogrodu.<br data-start=\"5634\" data-end=\"5637\" \/><\/div><\/div>\n<p data-start=\"5656\" data-end=\"5798\"><div class=\"accordion-item\"><a href=\"#\" class=\"accordion-title plain\"><button class=\"toggle\"><i class=\"icon-angle-down\"><\/i><\/button><span>Jaki sk\u0142ad ma Roll-on Mi\u0119ta PLUS?<\/span><\/a><div class=\"accordion-inner\"><br data-start=\"5714\" data-end=\"5717\" \/>Olej jojoba, olejek eteryczny z mi\u0119ty pieprzowej, witamina E.<br data-start=\"5778\" data-end=\"5781\" \/><\/div><\/div>\n<p data-start=\"5800\" data-end=\"5814\">\t\t<\/div>\n\t\t\t\t\t<\/div>\n\n\t\n<style>\n#row-1376955161 > .col > .col-inner {\n  padding: 35px 0 20px 0;\n}\n<\/style>\n<\/div>\n","protected":false},"excerpt":{"rendered":"<h2><strong>Roll-on Mi\u0119ta PLUS to\u2026\u00a0<\/strong><\/h2>\n<ul>\n<li>formu\u0142a 2 w 1 \u2013 piel\u0119gnacja i dzia\u0142anie aromaterapeutyczne<\/li>\n<li>ch\u0142odz\u0105ca moc mi\u0119ty na zjazd energii<\/li>\n<li>Twoja naturalna odpowied\u017a na <strong>&#8220;Czytam to samo 3 raz&#8221; i &#8220;potrzebuj\u0119 resetu, ale bez kolejnej kawy&#8221;<\/strong><\/li>\n<li><strong>b\u0142yskawiczny bodziec sensoryczn<\/strong>y, kt\u00f3ry pozwoli wytrwa\u0107 od obiadu do ko\u0144ca pracy<\/li>\n<li><strong>idealnie skalibrowana dawka olejku<\/strong> &#8211; jak konkretny, czysty d\u017awi\u0119k, a nie kakofonia<\/li>\n<li><strong>receptura opracowana przez aromaterapeutk\u0119 kliniczn\u0105<\/strong><\/li>\n<\/ul>\n<p><strong>Zjazd energii? Czas na mi\u0119tow\u0105 ulg\u0119<\/strong><\/p>\n","protected":false},"featured_media":3402132,"comment_status":"open","ping_status":"closed","template":"","meta":[],"product_cat":[245,130,117,134,118],"product_tag":[],"acf":[],"yoast_head":"<!-- This site is optimized with the Yoast SEO plugin v19.6.1 - https:\/\/yoast.com\/wordpress\/plugins\/seo\/ -->\n<title>Roll-on mi\u0119ta PLUS - Klaudyna Hebda Nature<\/title>\n<meta name=\"description\" content=\"Roll-on Mi\u0119ta PLUS - Tw\u00f3j spos\u00f3b na orze\u017awienie i od\u015bwie\u017cenie sk\u00f3ry, zmys\u0142\u00f3w i my\u015bli. Podw\u00f3jna moc. Piel\u0119gnacja sk\u00f3ry + zapach \u0142agodz\u0105cy poczucie zm\u0119czenia.\" \/>\n<meta name=\"robots\" content=\"index, follow, max-snippet:-1, max-image-preview:large, max-video-preview:-1\" \/>\n<link rel=\"canonical\" href=\"https:\/\/klaudynahebda.pl\/sklep\/roll-on-mieta-plus\/\" \/>\n<meta property=\"og:locale\" content=\"pl_PL\" \/>\n<meta property=\"og:type\" content=\"article\" \/>\n<meta property=\"og:title\" content=\"Roll-on mi\u0119ta PLUS - Klaudyna Hebda Nature\" \/>\n<meta property=\"og:description\" content=\"Roll-on Mi\u0119ta PLUS - Tw\u00f3j spos\u00f3b na orze\u017awienie i od\u015bwie\u017cenie sk\u00f3ry, zmys\u0142\u00f3w i my\u015bli. Podw\u00f3jna moc. Piel\u0119gnacja sk\u00f3ry + zapach \u0142agodz\u0105cy poczucie zm\u0119czenia.\" \/>\n<meta property=\"og:url\" content=\"https:\/\/klaudynahebda.pl\/sklep\/roll-on-mieta-plus\/\" \/>\n<meta property=\"og:site_name\" content=\"Klaudyna Hebda Nature\" \/>\n<meta property=\"article:modified_time\" content=\"2026-04-17T06:52:42+00:00\" \/>\n<meta property=\"og:image\" content=\"https:\/\/klaudynahebda.pl\/sklep\/wp-content\/uploads\/2025\/06\/roll-on-mieta-plus-k-hebda-packshot.jpg.png\" \/>\n\t<meta property=\"og:image:width\" content=\"844\" \/>\n\t<meta property=\"og:image:height\" content=\"1152\" \/>\n\t<meta property=\"og:image:type\" content=\"image\/png\" \/>\n<meta name=\"twitter:card\" content=\"summary_large_image\" \/>\n<meta name=\"twitter:label1\" content=\"Szacowany czas czytania\" \/>\n\t<meta name=\"twitter:data1\" content=\"4 minuty\" \/>\n<script type=\"application\/ld+json\" class=\"yoast-schema-graph\">{\"@context\":\"https:\/\/schema.org\",\"@graph\":[{\"@type\":\"WebPage\",\"@id\":\"https:\/\/klaudynahebda.pl\/sklep\/roll-on-mieta-plus\/\",\"url\":\"https:\/\/klaudynahebda.pl\/sklep\/roll-on-mieta-plus\/\",\"name\":\"Roll-on mi\u0119ta PLUS - Klaudyna Hebda Nature\",\"isPartOf\":{\"@id\":\"https:\/\/klaudynahebda.pl\/sklep\/#website\"},\"datePublished\":\"2025-11-03T15:12:30+00:00\",\"dateModified\":\"2026-04-17T06:52:42+00:00\",\"description\":\"Roll-on Mi\u0119ta PLUS - Tw\u00f3j spos\u00f3b na orze\u017awienie i od\u015bwie\u017cenie sk\u00f3ry, zmys\u0142\u00f3w i my\u015bli. Podw\u00f3jna moc. Piel\u0119gnacja sk\u00f3ry + zapach \u0142agodz\u0105cy poczucie zm\u0119czenia.\",\"breadcrumb\":{\"@id\":\"https:\/\/klaudynahebda.pl\/sklep\/roll-on-mieta-plus\/#breadcrumb\"},\"inLanguage\":\"pl-PL\",\"potentialAction\":[{\"@type\":\"ReadAction\",\"target\":[\"https:\/\/klaudynahebda.pl\/sklep\/roll-on-mieta-plus\/\"]}]},{\"@type\":\"BreadcrumbList\",\"@id\":\"https:\/\/klaudynahebda.pl\/sklep\/roll-on-mieta-plus\/#breadcrumb\",\"itemListElement\":[{\"@type\":\"ListItem\",\"position\":1,\"name\":\"Strona g\u0142\u00f3wna\",\"item\":\"https:\/\/klaudynahebda.pl\/sklep\/\"},{\"@type\":\"ListItem\",\"position\":2,\"name\":\"Sklep\",\"item\":\"https:\/\/klaudynahebda.pl\/sklep\/sklep\/\"},{\"@type\":\"ListItem\",\"position\":3,\"name\":\"Seria PLUS\",\"item\":\"https:\/\/klaudynahebda.pl\/sklep\/seria-plus\/\"},{\"@type\":\"ListItem\",\"position\":4,\"name\":\"Roll-on mi\u0119ta PLUS\"}]},{\"@type\":\"WebSite\",\"@id\":\"https:\/\/klaudynahebda.pl\/sklep\/#website\",\"url\":\"https:\/\/klaudynahebda.pl\/sklep\/\",\"name\":\"Klaudyna Hebda Nature\",\"description\":\"Sklep\",\"publisher\":{\"@id\":\"https:\/\/klaudynahebda.pl\/sklep\/#organization\"},\"potentialAction\":[{\"@type\":\"SearchAction\",\"target\":{\"@type\":\"EntryPoint\",\"urlTemplate\":\"https:\/\/klaudynahebda.pl\/sklep\/?s={search_term_string}\"},\"query-input\":\"required name=search_term_string\"}],\"inLanguage\":\"pl-PL\"},{\"@type\":\"Organization\",\"@id\":\"https:\/\/klaudynahebda.pl\/sklep\/#organization\",\"name\":\"KlaudynaHebda\",\"url\":\"https:\/\/klaudynahebda.pl\/sklep\/\",\"sameAs\":[],\"logo\":{\"@type\":\"ImageObject\",\"inLanguage\":\"pl-PL\",\"@id\":\"https:\/\/klaudynahebda.pl\/sklep\/#\/schema\/logo\/image\/\",\"url\":\"\",\"contentUrl\":\"\",\"caption\":\"KlaudynaHebda\"},\"image\":{\"@id\":\"https:\/\/klaudynahebda.pl\/sklep\/#\/schema\/logo\/image\/\"}}]}<\/script>\n<!-- \/ Yoast SEO plugin. -->","yoast_head_json":{"title":"Roll-on mi\u0119ta PLUS - Klaudyna Hebda Nature","description":"Roll-on Mi\u0119ta PLUS - Tw\u00f3j spos\u00f3b na orze\u017awienie i od\u015bwie\u017cenie sk\u00f3ry, zmys\u0142\u00f3w i my\u015bli. Podw\u00f3jna moc. Piel\u0119gnacja sk\u00f3ry + zapach \u0142agodz\u0105cy poczucie zm\u0119czenia.","robots":{"index":"index","follow":"follow","max-snippet":"max-snippet:-1","max-image-preview":"max-image-preview:large","max-video-preview":"max-video-preview:-1"},"canonical":"https:\/\/klaudynahebda.pl\/sklep\/roll-on-mieta-plus\/","og_locale":"pl_PL","og_type":"article","og_title":"Roll-on mi\u0119ta PLUS - Klaudyna Hebda Nature","og_description":"Roll-on Mi\u0119ta PLUS - Tw\u00f3j spos\u00f3b na orze\u017awienie i od\u015bwie\u017cenie sk\u00f3ry, zmys\u0142\u00f3w i my\u015bli. Podw\u00f3jna moc. Piel\u0119gnacja sk\u00f3ry + zapach \u0142agodz\u0105cy poczucie zm\u0119czenia.","og_url":"https:\/\/klaudynahebda.pl\/sklep\/roll-on-mieta-plus\/","og_site_name":"Klaudyna Hebda Nature","article_modified_time":"2026-04-17T06:52:42+00:00","og_image":[{"width":844,"height":1152,"url":"https:\/\/klaudynahebda.pl\/sklep\/wp-content\/uploads\/2025\/06\/roll-on-mieta-plus-k-hebda-packshot.jpg.png","type":"image\/png"}],"twitter_card":"summary_large_image","twitter_misc":{"Szacowany czas czytania":"4 minuty"},"schema":{"@context":"https:\/\/schema.org","@graph":[{"@type":"WebPage","@id":"https:\/\/klaudynahebda.pl\/sklep\/roll-on-mieta-plus\/","url":"https:\/\/klaudynahebda.pl\/sklep\/roll-on-mieta-plus\/","name":"Roll-on mi\u0119ta PLUS - Klaudyna Hebda Nature","isPartOf":{"@id":"https:\/\/klaudynahebda.pl\/sklep\/#website"},"datePublished":"2025-11-03T15:12:30+00:00","dateModified":"2026-04-17T06:52:42+00:00","description":"Roll-on Mi\u0119ta PLUS - Tw\u00f3j spos\u00f3b na orze\u017awienie i od\u015bwie\u017cenie sk\u00f3ry, zmys\u0142\u00f3w i my\u015bli. Podw\u00f3jna moc. Piel\u0119gnacja sk\u00f3ry + zapach \u0142agodz\u0105cy poczucie zm\u0119czenia.","breadcrumb":{"@id":"https:\/\/klaudynahebda.pl\/sklep\/roll-on-mieta-plus\/#breadcrumb"},"inLanguage":"pl-PL","potentialAction":[{"@type":"ReadAction","target":["https:\/\/klaudynahebda.pl\/sklep\/roll-on-mieta-plus\/"]}]},{"@type":"BreadcrumbList","@id":"https:\/\/klaudynahebda.pl\/sklep\/roll-on-mieta-plus\/#breadcrumb","itemListElement":[{"@type":"ListItem","position":1,"name":"Strona g\u0142\u00f3wna","item":"https:\/\/klaudynahebda.pl\/sklep\/"},{"@type":"ListItem","position":2,"name":"Sklep","item":"https:\/\/klaudynahebda.pl\/sklep\/sklep\/"},{"@type":"ListItem","position":3,"name":"Seria PLUS","item":"https:\/\/klaudynahebda.pl\/sklep\/seria-plus\/"},{"@type":"ListItem","position":4,"name":"Roll-on mi\u0119ta PLUS"}]},{"@type":"WebSite","@id":"https:\/\/klaudynahebda.pl\/sklep\/#website","url":"https:\/\/klaudynahebda.pl\/sklep\/","name":"Klaudyna Hebda Nature","description":"Sklep","publisher":{"@id":"https:\/\/klaudynahebda.pl\/sklep\/#organization"},"potentialAction":[{"@type":"SearchAction","target":{"@type":"EntryPoint","urlTemplate":"https:\/\/klaudynahebda.pl\/sklep\/?s={search_term_string}"},"query-input":"required name=search_term_string"}],"inLanguage":"pl-PL"},{"@type":"Organization","@id":"https:\/\/klaudynahebda.pl\/sklep\/#organization","name":"KlaudynaHebda","url":"https:\/\/klaudynahebda.pl\/sklep\/","sameAs":[],"logo":{"@type":"ImageObject","inLanguage":"pl-PL","@id":"https:\/\/klaudynahebda.pl\/sklep\/#\/schema\/logo\/image\/","url":"","contentUrl":"","caption":"KlaudynaHebda"},"image":{"@id":"https:\/\/klaudynahebda.pl\/sklep\/#\/schema\/logo\/image\/"}}]}},"_links":{"self":[{"href":"https:\/\/klaudynahebda.pl\/sklep\/wp-json\/wp\/v2\/product\/3306481"}],"collection":[{"href":"https:\/\/klaudynahebda.pl\/sklep\/wp-json\/wp\/v2\/product"}],"about":[{"href":"https:\/\/klaudynahebda.pl\/sklep\/wp-json\/wp\/v2\/types\/product"}],"replies":[{"embeddable":true,"href":"https:\/\/klaudynahebda.pl\/sklep\/wp-json\/wp\/v2\/comments?post=3306481"}],"wp:featuredmedia":[{"embeddable":true,"href":"https:\/\/klaudynahebda.pl\/sklep\/wp-json\/wp\/v2\/media\/3402132"}],"wp:attachment":[{"href":"https:\/\/klaudynahebda.pl\/sklep\/wp-json\/wp\/v2\/media?parent=3306481"}],"wp:term":[{"taxonomy":"product_cat","embeddable":true,"href":"https:\/\/klaudynahebda.pl\/sklep\/wp-json\/wp\/v2\/product_cat?post=3306481"},{"taxonomy":"product_tag","embeddable":true,"href":"https:\/\/klaudynahebda.pl\/sklep\/wp-json\/wp\/v2\/product_tag?post=3306481"}],"curies":[{"name":"wp","href":"https:\/\/api.w.org\/{rel}","templated":true}]}}