{"id":3306476,"date":"2025-11-04T10:08:34","date_gmt":"2025-11-04T09:08:34","guid":{"rendered":"https:\/\/klaudynahebda.pl\/sklep\/?post_type=product&#038;p=3306476"},"modified":"2026-04-06T11:06:52","modified_gmt":"2026-04-06T09:06:52","slug":"roll-on-immortelle","status":"publish","type":"product","link":"https:\/\/klaudynahebda.pl\/sklep\/roll-on-immortelle\/","title":{"rendered":"Roll-on Immortelle &#8211; do twarzy"},"content":{"rendered":"<h2><strong>Jak dzia\u0142a roll-on do twarzy, szyi i dekoltu Immortelle?<\/strong><\/h2>\n<p>Masa\u017c roll-onem Immortelle jest delikatny i daje uczucie ukojenia, uj\u0119drnienia i promiennego blasku.<\/p>\n<p>Pami\u0119taj, \u017ce do masa\u017cu mo\u017cesz u\u017cy\u0107 naszego roll-onu, a nast\u0119pnie kontynuowa\u0107 masa\u017c czystymi d\u0142o\u0144mi, kamieniem gua sha lub innym dedykowanym masa\u017cerem do twarzy.<\/p>\n<p>Zapach immortelle jest ciep\u0142y, balsamiczny, lekko zio\u0142owy \u2014 pe\u0142ni funkcj\u0119 zmys\u0142owego dodatku, tworz\u0105c aur\u0119 spokoju wok\u00f3\u0142 rytua\u0142u piel\u0119gnacyjnego i daj\u0105c poczucie \u201ezatrzymania czasu\u201d \u2013 to chwila tylko dla Ciebie i Twojej sk\u00f3ry.<\/p>\n<h2><strong>Co znajdziesz\u00a0 w roll-onie z nie\u015bmiertelnikiem?<\/strong><\/h2>\n<p>Tylko to, co niezb\u0119dne. Tylko to, co pokocha Twoja sk\u00f3ra.<\/p>\n<ul>\n<li><strong>Olej jojoba<\/strong> \u2013 delikatna baza, wspieraj\u0105ca aplikacj\u0119 i komfort sk\u00f3ry.<\/li>\n<li><strong>Olejek eteryczny z kocanek w\u0142oskich (<em>Helichrysum italicum<\/em>)<\/strong> \u2013 ceniony w kosmetyce drogocenny olejek z w\u0142oskich kocanek znany jest ze swoich regeneracyjnych w\u0142a\u015bciwo\u015bci; pomo\u017ce wydoby\u0107 ze sk\u00f3ry jej naturalne pi\u0119kno.<\/li>\n<\/ul>\n<h3><strong>Jak pachnie immortelle (nie\u015bmiertelnik), czyli kocanki w\u0142oskie?<\/strong><\/h3>\n<p>To absolutnie niepowtarzalny zapach! Ciep\u0142y, zio\u0142owo-miodowy, lekko balsamiczny. To zapach suchych traw, siana, miodu i ciep\u0142ego wiatru \u2014 g\u0142\u0119boki, zmys\u0142owy i sielski.<\/p>\n<p>Na pocz\u0105tku intensywniej poczujesz lekk\u0105 s\u0142odycz miodu i zapach susz\u0105cych si\u0119 na s\u0142o\u0144cu \u0142\u0105kowych zi\u00f3\u0142 i traw. Z up\u0142ywem czasu zapach jeszcze bardziej si\u0119 \u201eociepla\u201d.<\/p>\n<h2><strong>Czy roll-on z Immortelle z kocank\u0105 w\u0142osk\u0105 to co\u015b dla Ciebie?<\/strong><\/h2>\n<p>Tak, je\u015bli:<\/p>\n<ul>\n<li>Jeste\u015b po <strong>30. roku \u017cycia<\/strong> lub masz <strong>sk\u00f3r\u0119 such\u0105, kt\u00f3ra potrzebuje regeneracji,<\/strong> od\u017cywienia i witalno\u015bci;<\/li>\n<li>potrzebujesz kosmetyku <strong>do Kobido, jogi twarzy czy automasa\u017cu<\/strong> \u2013 dzi\u0119ki formie roll-onu masa\u017c b\u0119dzie niezwykle przyjemny.<\/li>\n<li>szukasz <strong>naturalnej piel\u0119gnacji w oparciu o najlepsze olejki eteryczne<\/strong>, z kt\u00f3rych korzystaj\u0105 luksusowe marki kosmetyczne;<\/li>\n<li>\u015bwiadomie wybierasz piel\u0119gnacj\u0119 w oparciu o <strong>naturalne sk\u0142adniki<\/strong>: oleje i olejki eteryczne;<\/li>\n<li>chcesz bezpiecznie u\u017cywa\u0107 olejk\u00f3w eterycznych na sk\u00f3r\u0119;<\/li>\n<li>oczekujesz od piel\u0119gnacji nie tylko dzia\u0142ania na sk\u00f3r\u0119, ale te\u017c do\u015bwiadczeniem: masa\u017cem, obcowaniem z zapachem, chwil\u0105 wytchnienia.<\/li>\n<\/ul>\n<p><strong>Kochasz zapachy i naturaln\u0105 piel\u0119gnacj\u0119? Sprawd\u017a nasze inne kosmetyczne skarby! <\/strong><\/p>\n<ul>\n<li>Roll-on do twarzy, szyi i dekoltu <strong><a href=\"https:\/\/klaudynahebda.pl\/sklep\/roll-on-frankincense\/\"><span class=\"TextRun SCXW260638730 BCX8\" lang=\"PL-PL\" xml:lang=\"PL-PL\" data-contrast=\"auto\"><span class=\"NormalTextRun SpellingErrorV2Themed SCXW260638730 BCX8\">Frankincense<\/span><\/span><\/a><\/strong><\/li>\n<li>Olejek do piel\u0119gnacji okolic intymnych <a href=\"https:\/\/klaudynahebda.pl\/sklep\/gaja-intima\/\"><strong>Gaja Intima <\/strong><\/a><\/li>\n<li><strong><a href=\"https:\/\/klaudynahebda.pl\/sklep\/balsam-naprawczy\/\">Balsam Naprawczy <\/a><\/strong><\/li>\n<li>Wzmocniony Hydrolat R\u00f3\u017cany <strong><a href=\"https:\/\/klaudynahebda.pl\/sklep\/hydrolat-rozany\/\">K. HEBDA Rosa<\/a><\/strong><br \/>\nI wiele, wiele innych <strong><a href=\"https:\/\/klaudynahebda.pl\/sklep\/kosmetyki-naturalne\/\">naturalnych kosmetyk\u00f3w<\/a><\/strong><\/li>\n<\/ul>\n<div class=\"row row-collapse align-middle\"  id=\"row-1699250848\">\n\t<div id=\"col-402550303\" class=\"col small-10 large-12\"  >\n\t\t\t\t<div class=\"col-inner\"  >\n\t\t\t\n\t\t\t\n<h3 class=\"accordion_title\">Najcz\u0119\u015bciej zadawane pytania \u2014 Roll-on Immortelle<\/h3><div class=\"accordion\" rel=\"1\"><\/div>\n<div class=\"accordion-item\"><a href=\"#\" class=\"accordion-title plain\"><button class=\"toggle\"><i class=\"icon-angle-down\"><\/i><\/button><span>Dla kogo jest Roll-on Immortelle?<\/span><\/a><div class=\"accordion-inner\">\nDla os\u00f3b z cer\u0105 such\u0105, wra\u017cliw\u0105 i dojrza\u0142\u0105. To codzienne wsparcie dla sk\u00f3ry twarzy, szyi i dekoltu oraz idealny kosmetyk do automasa\u017cu, jogi twarzy czy Kobido.<br \/>\n<\/div><\/div>\n<div class=\"accordion-item\"><a href=\"#\" class=\"accordion-title plain\"><button class=\"toggle\"><i class=\"icon-angle-down\"><\/i><\/button><span>Jak stosowa\u0107 Roll-on Immortelle?<\/span><\/a><div class=\"accordion-inner\">\nNak\u0142adaj punktowo lub na wi\u0119ksze partie sk\u00f3ry \u2013 twarz, szyj\u0119, dekolt. Olej jojoba i witamina E piel\u0119gnuj\u0105, a olejek z kocanek w\u0142oskich wspiera regeneracj\u0119 sk\u00f3ry i nadaje jej promienny wygl\u0105d.<br \/>\n<\/div><\/div>\n<div class=\"accordion-item\"><a href=\"#\" class=\"accordion-title plain\"><button class=\"toggle\"><i class=\"icon-angle-down\"><\/i><\/button><span>Czy mo\u017cna u\u017cywa\u0107 go kilka razy w ci\u0105gu dnia?<\/span><\/a><div class=\"accordion-inner\">\nTak \u2013 stosuj rano i wieczorem, samodzielnie lub pod krem. Immortelle to naturalny, lekki olejek piel\u0119gnacyjny w wygodnej formie roll-onu.<br \/>\n<\/div><\/div>\n<div class=\"accordion-item\"><a href=\"#\" class=\"accordion-title plain\"><button class=\"toggle\"><i class=\"icon-angle-down\"><\/i><\/button><span>Czy mog\u0119 u\u017cywa\u0107 Roll-onu Immortelle latem i przy ekspozycji na s\u0142o\u0144ce?<\/span><\/a><div class=\"accordion-inner\">\nNie\u015bmiertelnik (Immortelle) nie jest fototoksyczny. Mo\u017cesz go u\u017cywa\u0107 r\u00f3wnie\u017c latem. Pami\u0119taj jednak o podstawowej zasadzie w piel\u0119gnacji: po aplikacji olejk\u00f3w na twarz stosuj ochron\u0119 SPF.<br \/>\n<\/div><\/div>\n<div class=\"accordion-item\"><a href=\"#\" class=\"accordion-title plain\"><button class=\"toggle\"><i class=\"icon-angle-down\"><\/i><\/button><span>Jak pachnie Roll-on Immortelle?<\/span><\/a><div class=\"accordion-inner\">\nCiep\u0142o, zio\u0142owo i miodowo, z nut\u0105 siana i traw. To zapach kojarz\u0105cy si\u0119 ze s\u0142o\u0144cem i spokojem \u2013 idealny na koniec dnia.<br \/>\n<\/div><\/div>\n<div class=\"accordion-item\"><a href=\"#\" class=\"accordion-title plain\"><button class=\"toggle\"><i class=\"icon-angle-down\"><\/i><\/button><span>Jaki sk\u0142ad ma Roll-on Immortelle?<\/span><\/a><div class=\"accordion-inner\">\nNaturalny i prosty: olej jojoba, olejek eteryczny z kocanek w\u0142oskich (<em>Helichrysum italicum<\/em>), witamina E.<br \/>\n<\/div><\/div>\n\t\t<\/div>\n\t\t\t\t\t<\/div>\n\n\t\n<style>\n#row-1699250848 > .col > .col-inner {\n  padding: 35px 0 20px 0;\n}\n<\/style>\n<\/div>\n","protected":false},"excerpt":{"rendered":"<h2><strong>Roll-on Immortelle to:<\/strong><\/h2>\n<ul>\n<li>Tw\u00f3j niezawodny rytua\u0142 troski o sk\u00f3r\u0119 po 30. roku \u017cycia \u2013 wykorzystaj go do codziennej piel\u0119gnacji <strong>sk\u00f3ry twarzy, szyi i dekoltu<\/strong>;<\/li>\n<li>naturalna piel\u0119gnacja <strong>sk\u00f3ry po 30. roku \u017cycia, suchej, a nawet dojrza\u0142ej<\/strong>, kt\u00f3ra szuka od\u017cywienia i komfortu;<\/li>\n<li><strong>jeden z najcenniejszych olejk\u00f3w \u015bwiata<\/strong>, immortelle, nazywany \u201eolejkiem m\u0142odo\u015bci\u201d i \u201ez\u0142otem Prowansji\u201d \u2013 sk\u0105pany w delikatnym oleju jojoba;<\/li>\n<li>szybka aplikacja na sk\u00f3r\u0119 ca\u0142ej twarzy lub <strong>\u201eaplikacja strategiczna\u201d<\/strong> obszar\u00f3w o specjalnych potrzebach, np. linii mimicznych, podra\u017cnie\u0144 czy przesusze\u0144;<\/li>\n<li>formu\u0142a idealna do <strong>automasa\u017cu twarzy<\/strong>, np. Kobido czy jogi twarzy;<\/li>\n<\/ul>\n","protected":false},"featured_media":3402129,"comment_status":"open","ping_status":"closed","template":"","meta":[],"product_cat":[250,47,117,134,118],"product_tag":[],"acf":[],"yoast_head":"<!-- This site is optimized with the Yoast SEO plugin v19.6.1 - https:\/\/yoast.com\/wordpress\/plugins\/seo\/ -->\n<title>Roll-on Immortelle - do twarzy - Klaudyna Hebda Nature<\/title>\n<meta name=\"description\" content=\"Roll-on (Immortelle) z olejkiem z kocanek w\u0142oskich w bazie z jojoby. Delikatna piel\u0119gnacja i masa\u017c dla sk\u00f3ry suchej lub po 30. roku \u017cycia.\" \/>\n<meta name=\"robots\" content=\"index, follow, max-snippet:-1, max-image-preview:large, max-video-preview:-1\" \/>\n<link rel=\"canonical\" href=\"https:\/\/klaudynahebda.pl\/sklep\/roll-on-immortelle\/\" \/>\n<meta property=\"og:locale\" content=\"pl_PL\" \/>\n<meta property=\"og:type\" content=\"article\" \/>\n<meta property=\"og:title\" content=\"Roll-on Immortelle - do twarzy - Klaudyna Hebda Nature\" \/>\n<meta property=\"og:description\" content=\"Roll-on (Immortelle) z olejkiem z kocanek w\u0142oskich w bazie z jojoby. Delikatna piel\u0119gnacja i masa\u017c dla sk\u00f3ry suchej lub po 30. roku \u017cycia.\" \/>\n<meta property=\"og:url\" content=\"https:\/\/klaudynahebda.pl\/sklep\/roll-on-immortelle\/\" \/>\n<meta property=\"og:site_name\" content=\"Klaudyna Hebda Nature\" \/>\n<meta property=\"article:modified_time\" content=\"2026-04-06T09:06:52+00:00\" \/>\n<meta property=\"og:image\" content=\"https:\/\/klaudynahebda.pl\/sklep\/wp-content\/uploads\/2025\/06\/roll-on-immortelle-k-hebda-packshot.jpg.png\" \/>\n\t<meta property=\"og:image:width\" content=\"844\" \/>\n\t<meta property=\"og:image:height\" content=\"1152\" \/>\n\t<meta property=\"og:image:type\" content=\"image\/png\" \/>\n<meta name=\"twitter:card\" content=\"summary_large_image\" \/>\n<meta name=\"twitter:label1\" content=\"Szacowany czas czytania\" \/>\n\t<meta name=\"twitter:data1\" content=\"4 minuty\" \/>\n<script type=\"application\/ld+json\" class=\"yoast-schema-graph\">{\"@context\":\"https:\/\/schema.org\",\"@graph\":[{\"@type\":\"WebPage\",\"@id\":\"https:\/\/klaudynahebda.pl\/sklep\/roll-on-immortelle\/\",\"url\":\"https:\/\/klaudynahebda.pl\/sklep\/roll-on-immortelle\/\",\"name\":\"Roll-on Immortelle - do twarzy - Klaudyna Hebda Nature\",\"isPartOf\":{\"@id\":\"https:\/\/klaudynahebda.pl\/sklep\/#website\"},\"datePublished\":\"2025-11-04T09:08:34+00:00\",\"dateModified\":\"2026-04-06T09:06:52+00:00\",\"description\":\"Roll-on (Immortelle) z olejkiem z kocanek w\u0142oskich w bazie z jojoby. Delikatna piel\u0119gnacja i masa\u017c dla sk\u00f3ry suchej lub po 30. roku \u017cycia.\",\"breadcrumb\":{\"@id\":\"https:\/\/klaudynahebda.pl\/sklep\/roll-on-immortelle\/#breadcrumb\"},\"inLanguage\":\"pl-PL\",\"potentialAction\":[{\"@type\":\"ReadAction\",\"target\":[\"https:\/\/klaudynahebda.pl\/sklep\/roll-on-immortelle\/\"]}]},{\"@type\":\"BreadcrumbList\",\"@id\":\"https:\/\/klaudynahebda.pl\/sklep\/roll-on-immortelle\/#breadcrumb\",\"itemListElement\":[{\"@type\":\"ListItem\",\"position\":1,\"name\":\"Strona g\u0142\u00f3wna\",\"item\":\"https:\/\/klaudynahebda.pl\/sklep\/\"},{\"@type\":\"ListItem\",\"position\":2,\"name\":\"Sklep\",\"item\":\"https:\/\/klaudynahebda.pl\/sklep\/sklep\/\"},{\"@type\":\"ListItem\",\"position\":3,\"name\":\"Kosmetyki naturalne\",\"item\":\"https:\/\/klaudynahebda.pl\/sklep\/kosmetyki-naturalne\/\"},{\"@type\":\"ListItem\",\"position\":4,\"name\":\"Roll-on Immortelle &#8211; do twarzy\"}]},{\"@type\":\"WebSite\",\"@id\":\"https:\/\/klaudynahebda.pl\/sklep\/#website\",\"url\":\"https:\/\/klaudynahebda.pl\/sklep\/\",\"name\":\"Klaudyna Hebda Nature\",\"description\":\"Sklep\",\"publisher\":{\"@id\":\"https:\/\/klaudynahebda.pl\/sklep\/#organization\"},\"potentialAction\":[{\"@type\":\"SearchAction\",\"target\":{\"@type\":\"EntryPoint\",\"urlTemplate\":\"https:\/\/klaudynahebda.pl\/sklep\/?s={search_term_string}\"},\"query-input\":\"required name=search_term_string\"}],\"inLanguage\":\"pl-PL\"},{\"@type\":\"Organization\",\"@id\":\"https:\/\/klaudynahebda.pl\/sklep\/#organization\",\"name\":\"KlaudynaHebda\",\"url\":\"https:\/\/klaudynahebda.pl\/sklep\/\",\"sameAs\":[],\"logo\":{\"@type\":\"ImageObject\",\"inLanguage\":\"pl-PL\",\"@id\":\"https:\/\/klaudynahebda.pl\/sklep\/#\/schema\/logo\/image\/\",\"url\":\"\",\"contentUrl\":\"\",\"caption\":\"KlaudynaHebda\"},\"image\":{\"@id\":\"https:\/\/klaudynahebda.pl\/sklep\/#\/schema\/logo\/image\/\"}}]}<\/script>\n<!-- \/ Yoast SEO plugin. -->","yoast_head_json":{"title":"Roll-on Immortelle - do twarzy - Klaudyna Hebda Nature","description":"Roll-on (Immortelle) z olejkiem z kocanek w\u0142oskich w bazie z jojoby. Delikatna piel\u0119gnacja i masa\u017c dla sk\u00f3ry suchej lub po 30. roku \u017cycia.","robots":{"index":"index","follow":"follow","max-snippet":"max-snippet:-1","max-image-preview":"max-image-preview:large","max-video-preview":"max-video-preview:-1"},"canonical":"https:\/\/klaudynahebda.pl\/sklep\/roll-on-immortelle\/","og_locale":"pl_PL","og_type":"article","og_title":"Roll-on Immortelle - do twarzy - Klaudyna Hebda Nature","og_description":"Roll-on (Immortelle) z olejkiem z kocanek w\u0142oskich w bazie z jojoby. Delikatna piel\u0119gnacja i masa\u017c dla sk\u00f3ry suchej lub po 30. roku \u017cycia.","og_url":"https:\/\/klaudynahebda.pl\/sklep\/roll-on-immortelle\/","og_site_name":"Klaudyna Hebda Nature","article_modified_time":"2026-04-06T09:06:52+00:00","og_image":[{"width":844,"height":1152,"url":"https:\/\/klaudynahebda.pl\/sklep\/wp-content\/uploads\/2025\/06\/roll-on-immortelle-k-hebda-packshot.jpg.png","type":"image\/png"}],"twitter_card":"summary_large_image","twitter_misc":{"Szacowany czas czytania":"4 minuty"},"schema":{"@context":"https:\/\/schema.org","@graph":[{"@type":"WebPage","@id":"https:\/\/klaudynahebda.pl\/sklep\/roll-on-immortelle\/","url":"https:\/\/klaudynahebda.pl\/sklep\/roll-on-immortelle\/","name":"Roll-on Immortelle - do twarzy - Klaudyna Hebda Nature","isPartOf":{"@id":"https:\/\/klaudynahebda.pl\/sklep\/#website"},"datePublished":"2025-11-04T09:08:34+00:00","dateModified":"2026-04-06T09:06:52+00:00","description":"Roll-on (Immortelle) z olejkiem z kocanek w\u0142oskich w bazie z jojoby. Delikatna piel\u0119gnacja i masa\u017c dla sk\u00f3ry suchej lub po 30. roku \u017cycia.","breadcrumb":{"@id":"https:\/\/klaudynahebda.pl\/sklep\/roll-on-immortelle\/#breadcrumb"},"inLanguage":"pl-PL","potentialAction":[{"@type":"ReadAction","target":["https:\/\/klaudynahebda.pl\/sklep\/roll-on-immortelle\/"]}]},{"@type":"BreadcrumbList","@id":"https:\/\/klaudynahebda.pl\/sklep\/roll-on-immortelle\/#breadcrumb","itemListElement":[{"@type":"ListItem","position":1,"name":"Strona g\u0142\u00f3wna","item":"https:\/\/klaudynahebda.pl\/sklep\/"},{"@type":"ListItem","position":2,"name":"Sklep","item":"https:\/\/klaudynahebda.pl\/sklep\/sklep\/"},{"@type":"ListItem","position":3,"name":"Kosmetyki naturalne","item":"https:\/\/klaudynahebda.pl\/sklep\/kosmetyki-naturalne\/"},{"@type":"ListItem","position":4,"name":"Roll-on Immortelle &#8211; do twarzy"}]},{"@type":"WebSite","@id":"https:\/\/klaudynahebda.pl\/sklep\/#website","url":"https:\/\/klaudynahebda.pl\/sklep\/","name":"Klaudyna Hebda Nature","description":"Sklep","publisher":{"@id":"https:\/\/klaudynahebda.pl\/sklep\/#organization"},"potentialAction":[{"@type":"SearchAction","target":{"@type":"EntryPoint","urlTemplate":"https:\/\/klaudynahebda.pl\/sklep\/?s={search_term_string}"},"query-input":"required name=search_term_string"}],"inLanguage":"pl-PL"},{"@type":"Organization","@id":"https:\/\/klaudynahebda.pl\/sklep\/#organization","name":"KlaudynaHebda","url":"https:\/\/klaudynahebda.pl\/sklep\/","sameAs":[],"logo":{"@type":"ImageObject","inLanguage":"pl-PL","@id":"https:\/\/klaudynahebda.pl\/sklep\/#\/schema\/logo\/image\/","url":"","contentUrl":"","caption":"KlaudynaHebda"},"image":{"@id":"https:\/\/klaudynahebda.pl\/sklep\/#\/schema\/logo\/image\/"}}]}},"_links":{"self":[{"href":"https:\/\/klaudynahebda.pl\/sklep\/wp-json\/wp\/v2\/product\/3306476"}],"collection":[{"href":"https:\/\/klaudynahebda.pl\/sklep\/wp-json\/wp\/v2\/product"}],"about":[{"href":"https:\/\/klaudynahebda.pl\/sklep\/wp-json\/wp\/v2\/types\/product"}],"replies":[{"embeddable":true,"href":"https:\/\/klaudynahebda.pl\/sklep\/wp-json\/wp\/v2\/comments?post=3306476"}],"wp:featuredmedia":[{"embeddable":true,"href":"https:\/\/klaudynahebda.pl\/sklep\/wp-json\/wp\/v2\/media\/3402129"}],"wp:attachment":[{"href":"https:\/\/klaudynahebda.pl\/sklep\/wp-json\/wp\/v2\/media?parent=3306476"}],"wp:term":[{"taxonomy":"product_cat","embeddable":true,"href":"https:\/\/klaudynahebda.pl\/sklep\/wp-json\/wp\/v2\/product_cat?post=3306476"},{"taxonomy":"product_tag","embeddable":true,"href":"https:\/\/klaudynahebda.pl\/sklep\/wp-json\/wp\/v2\/product_tag?post=3306476"}],"curies":[{"name":"wp","href":"https:\/\/api.w.org\/{rel}","templated":true}]}}