{"id":3296949,"date":"2025-05-30T10:47:28","date_gmt":"2025-05-30T08:47:28","guid":{"rendered":"https:\/\/klaudynahebda.pl\/sklep\/?post_type=product&#038;p=3296949"},"modified":"2026-04-08T12:01:05","modified_gmt":"2026-04-08T10:01:05","slug":"mieszanka-dobranocka","status":"publish","type":"product","link":"https:\/\/klaudynahebda.pl\/sklep\/mieszanka-dobranocka\/","title":{"rendered":"Mieszanka DobraNocka &#8211; mieszanka 100% olejk\u00f3w eterycznych"},"content":{"rendered":"<h2>DobraNocka \u2013 mieszanka olejk\u00f3w eterycznych dla dzieci<\/h2>\n<p>Spokojny sen po dniu pe\u0142nym wra\u017ce\u0144. Dla maluszka &#8211; i dla Ciebie.<\/p>\n<p>Wszystko, wsz\u0119dzie, naraz! Dzieci nie znaj\u0105 s\u0142owa \u201eprzebod\u017acowanie\u201d, ale rodzice cz\u0119sto odczytuj\u0105 znaki, kt\u00f3re zdaj\u0105 si\u0119 m\u00f3wi\u0107: <em>Mama, nie uwierzysz, ile si\u0119 dzi\u015b dzia\u0142o<\/em>.\u00a0Emocje buzuj\u0105, my\u015bli kr\u0105\u017c\u0105 wok\u00f3\u0142 prze\u017cytych przyg\u00f3d, buzia chce o tym wszystkim powiedzie\u0107, a n\u00f3\u017cki nie mog\u0105 si\u0119 zatrzyma\u0107. I jak tu zbudowa\u0107 pe\u0142en empatii i \u0142agodno\u015bci <strong>most mi\u0119dzy g\u0142o\u015bnym dniem a wyciszaj\u0105cym wieczorem<\/strong>? Spokojnie, mamy na to spos\u00f3b.<\/p>\n<p>Mieszanka DobraNocka to kompozycja <strong>o\u015bmiu naturalnych olejk\u00f3w eterycznych<\/strong>, opracowana przez Klaudyn\u0119 Hebd\u0119, aromaterapeutk\u0119 kliniczn\u0105, kt\u00f3ra od lat wspiera dzieci i rodzic\u00f3w. To zapach, kt\u00f3ry otula i pomaga si\u0119 wyciszy\u0107 po intensywnym dniu. <strong>Stworzony z my\u015bl\u0105 o pe\u0142nych emocji dzieciach<\/strong> i ich rodzicach.<\/p>\n<p>Buteleczka z koal\u0105 i wydobywaj\u0105cy si\u0119 z niej zapach stanie si\u0119 Waszym najlepszym przyjacielem na wieczory po dniach pe\u0142nych wra\u017ce\u0144. To sensoryczny sygna\u0142, \u017ce \u201cmisie w tym domu s\u0105 ju\u017c baaardzo \u015bpi\u0105ce\u201d \ud83d\ude09. A jak pachnie dobra noc? U\u0142atwiaj\u0105c\u0105 zasypianie lawend\u0105, \u0142agodz\u0105c\u0105 rozdra\u017cnienie copaib\u0105, uspokajaj\u0105c\u0105 wetyweri\u0105&#8230; Ciekawe, co poczujecie Wy?<\/p>\n<p>Kolorowych sn\u00f3w (dla dzieci) i relaksuj\u0105cych wieczor\u00f3w (dla rodzic\u00f3w)!<\/p>\n<h2>Jak dzia\u0142aj\u0105 olejki eteryczne w mieszance DobraNocka?<\/h2>\n<ul>\n<li><a href=\"https:\/\/klaudynahebda.pl\/zielnik\/lawenda-waskolistna\/\"><strong>Lawenda<\/strong> <\/a>\u2013 wycisza, uspokaja, pomaga zasn\u0105\u0107, \u0142agodzi napi\u0119cia.<\/li>\n<li><strong>Mandarynka<\/strong> \u2013 lekka, owocowa nuta, kt\u00f3ra rozlu\u017ania i poprawia nastr\u00f3j, szczeg\u00f3lnie u dzieci.<\/li>\n<li><a href=\"https:\/\/klaudynahebda.pl\/zielnik\/lebiodka-majeranek\/\"><strong>Majeranek<\/strong> <\/a>\u2013 wspiera poczucie wewn\u0119trznego spokoju i komfortu emocjonalnego.<\/li>\n<li><strong>Copaiba<\/strong> \u2013 koi napi\u0119cia, \u0142agodzi rozdra\u017cnienie i pomaga si\u0119 wyciszy\u0107.<\/li>\n<li><strong>Kadzid\u0142o<\/strong> \u2013 wspiera g\u0142\u0119bokie oddychanie i daje poczucie bezpiecze\u0144stwa.<\/li>\n<li><strong>Ylang ylang<\/strong> \u2013 koi i \u0142agodzi nadpobudliwo\u015b\u0107; otula zapachem, kt\u00f3ry uspokaja i odpr\u0119\u017ca.<\/li>\n<li><strong>Wetyweria<\/strong> \u2013 uspokaja dzieci\u0119cy chaos.<\/li>\n<\/ul>\n<h3>Naturalny olejek DobraNocka \u2013 czy to formu\u0142a dla Ciebie?<\/h3>\n<p>Mieszanka olejk\u00f3w eterycznych DobraNocka zosta\u0142a skomponowana z my\u015bl\u0105 o dzieciach <strong>powy\u017cej 3. roku \u017cycia<\/strong> i ich rodzicach. Si\u0119gnij po ni\u0105, je\u015bli:<\/p>\n<ul>\n<li>Twoje dziecko bywa <strong>przebod\u017acowane, napi\u0119te, pobudzone<\/strong> i trudno mu wej\u015b\u0107 w tryb odpoczynku,<\/li>\n<li>chcesz, \u017ceby Wasze rodzinne <strong>wieczory<\/strong> by\u0142y <strong>pe\u0142ne spokoju<\/strong> i czu\u0142o\u015bci,<\/li>\n<li>szukasz naturalnego sposobu na wsparcie malucha w<strong> wyciszeniu si\u0119 i u\u0142atwieniu<\/strong> mu <strong>zasypiania<\/strong>,<\/li>\n<li>wiesz, \u017ce <strong>sta\u0142y punkt w wieczornej rutynie<\/strong> da Twojemu dziecku poczucie bezpiecze\u0144stwa, nawet gdy buzuj\u0105 w nim silne emocje.<\/li>\n<\/ul>\n<h3>Rytua\u0142 wieczorny z seri\u0105 DobraNocka<\/h3>\n<ol>\n<li><strong>Wieczorem<\/strong>: przygotuj k\u0105piel z <strong><a href=\"https:\/\/klaudynahebda.pl\/sklep\/koncentrat-do-kapieli-dobranocka-100-200-ml\/\">koncentratem DobraNocka<\/a><\/strong>, a potem posmaruj go <strong><a href=\"https:\/\/klaudynahebda.pl\/sklep\/dobra-nocka\/\">balsamem DobraNocka<\/a><\/strong> (np, klatk\u0119 piersiow\u0105, plecki lub stopy).<\/li>\n<li><strong>Przed snem<\/strong>: dyfuzja z mieszank\u0105 DobraNocka. Niech to b\u0119dzie Wasz domowy spos\u00f3b na dobry sen. Aby w pe\u0142ni czerpa\u0107 z w\u0142a\u015bciwo\u015bci olejk\u00f3w eterycznych, si\u0119gnij po <a href=\"https:\/\/klaudynahebda.pl\/sklep\/dyfuzor-do-aromaterapii\/\"><strong data-start=\"259\" data-end=\"288\">dyfuzor bezwodny K. HEBDA<\/strong><\/a> \u2013 urz\u0105dzenie, kt\u00f3re wydobywa 100% esencji zapachowej bez u\u017cycia wody i ciep\u0142a. Dzi\u0119ki temu cz\u0105steczki olejk\u00f3w nie s\u0105 rozcie\u0144czone, a zapach jest dok\u0142adnie taki, jaki czujesz w\u0105chaj\u0105c buteleczk\u0119.<\/li>\n<\/ol>\n<div class=\"row row-collapse align-middle\"  id=\"row-956339502\">\n\n\t<div id=\"col-1603105892\" class=\"col small-10 large-12\"  >\n\t\t\t\t<div class=\"col-inner\"  >\n\t\t\t\n\t\t\t\n<h3 class=\"accordion_title\">Najcz\u0119\u015bciej zadawane pytania<\/h3><div class=\"accordion\" rel=\"1\">\n<\/div>\n<div class=\"accordion-item\"><a href=\"#\" class=\"accordion-title plain\"><button class=\"toggle\"><i class=\"icon-angle-down\"><\/i><\/button><span>Jak dzia\u0142a mieszanka olejk\u00f3w DobraNocka?<\/span><\/a><div class=\"accordion-inner\">\n<p>To kompozycja <strong>8 naturalnych olejk\u00f3w eterycznych<\/strong>, kt\u00f3ra:<\/p>\n<ul>\n<li>pomaga wyciszy\u0107 emocje po intensywnym dniu,<\/li>\n<li>wspiera wieczorny rytua\u0142 i u\u0142atwia zasypianie,<\/li>\n<li>daje dzieciom (i rodzicom!) poczucie bezpiecze\u0144stwa i spokoju.<\/li>\n<\/ul>\n<\/div><\/div>\n<div class=\"accordion-item\"><a href=\"#\" class=\"accordion-title plain\"><button class=\"toggle\"><i class=\"icon-angle-down\"><\/i><\/button><span>W jaki spos\u00f3b mog\u0119 stosowa\u0107 mieszank\u0119 DobraNocka?<\/span><\/a><div class=\"accordion-inner\">\n<ul>\n<li><strong>Do dyfuzora<\/strong>: Do dyfuzora dodaj 15-20 kropli (<strong><a href=\"https:\/\/klaudynahebda.pl\/sklep\/dyfuzor-do-aromaterapii\/\">dyfuzor bezwodny K. HEBDA<\/a><\/strong>) lub kilka kropli (dyfuzor wodny) i uruchom urz\u0105dzenie na 20\u201330 minut. Koj\u0105cy zapach stworzy w pokoju dziecka atmosfer\u0119 spokoju i u\u0142atwi wyciszenie przed snem.<br \/>\nPami\u0119taj, \u017ceby dyfuzowa\u0107 olejki do aromaterapii dla dzieci jedynie w dobrze wentylowanych pomieszczeniach, a po zako\u0144czonej dyfuzji dok\u0142adnie przewietrzy\u0107 pok\u00f3j.<\/li>\n<li><strong>Na po\u015bciel lub pi\u017camk\u0119<\/strong>: Umie\u015b\u0107 1 kropl\u0119 mieszanki na rogu po\u015bcieli lub pi\u017camki dziecka \u2013 z dala od twarzy. Przed u\u017cyciem wykonaj pr\u00f3b\u0119 na niewidocznym fragmencie materia\u0142u, by sprawdzi\u0107, czy nie odbarwia tkaniny.<\/li>\n<li><strong>Na st\u00f3pki<\/strong>: Wymieszaj olejek z olejem bazowym* i delikatnie wmasuj w stopy dziecka przed snem. To prosty rytua\u0142, kt\u00f3ry mo\u017ce sta\u0107 si\u0119 sygna\u0142em do odpoczynku.<\/li>\n<li><strong>Do masa\u017cu relaksacyjnego<\/strong>: W po\u0142\u0105czeniu z olejem bazowym* mo\u017cesz u\u017cy\u0107 mieszanki do wieczornego masa\u017cu klatki piersiowej, plec\u00f3w lub ramion. Spokojny dotyk i aromat olejk\u00f3w tworz\u0105 razem bezpieczn\u0105 przestrze\u0144 do zasypiania.<\/li>\n<li><strong>Aromatyczna k\u0105piel<\/strong>: Dodaj kilka kropli* do p\u0142ynu do k\u0105pieli\u202f i dolej do wody. Mo\u017cesz te\u017c u\u017cy\u0107 <strong><a href=\"https:\/\/klaudynahebda.pl\/sklep\/koncentrat-do-kapieli-dobranocka-100-200-ml\/\">koncentratu DobraNocka<\/a><\/strong>.<\/li>\n<\/ul>\n<p><strong style=\"color: #555555;\">*Stosuj maksymalnie 3 krople mieszanki na 5 ml (\u0142y\u017ceczk\u0119) oleju bazowego lub p\u0142ynu do k\u0105pieli \u2013 albo odpowiednio 6 kropli na 10 ml. Zacznij od mniejszej ilo\u015bci (np. 1 kropla na 5 ml), obserwuj reakcj\u0119 dziecka i stopniowo j\u0105 zwi\u0119kszaj, je\u015bli b\u0119dzie to potrzebne\u00a0<\/strong><\/p>\n<div class=\"row row-collapse align-middle\"  id=\"row-782970145\">\n<style>\n#row-782970145 > .col > .col-inner {\n  padding: 35px 0px 20px 0px;\n}\n<\/style>\n<\/div>\n\n\t<div id=\"col-56029680\" class=\"col small-10 large-12\"  >\n\t\t\t\t<div class=\"col-inner\"  >\n\t\t\t\n\t\t\t\t\t<\/div>\n\t\t\t\t\t<\/div>\n\n\t\n<div class=\"accordion\" rel=\"1\">\n<\/div>\n<\/div><\/div>\n<div class=\"accordion-item\"><a href=\"#\" class=\"accordion-title plain\"><button class=\"toggle\"><i class=\"icon-angle-down\"><\/i><\/button><span>Jak stosowa\u0107 mieszank\u0119 olejk\u00f3w eterycznych K. Hebda DobraNocka?<\/span><\/a><div class=\"accordion-inner\">\n<p>Do dyfuzora dodaj 15-20 kropli (<strong><a href=\"https:\/\/klaudynahebda.pl\/sklep\/dyfuzor-do-aromaterapii\/\">dyfuzor bezwodny K. HEBDA<\/a><\/strong>) lub kilka kropli (dyfuzor wodny) i uruchom urz\u0105dzenie na 20\u201330 minut. Koj\u0105cy zapach stworzy w pokoju dziecka atmosfer\u0119 spokoju i u\u0142atwi wyciszenie przed snem.<br \/>\nPami\u0119taj, \u017ceby dyfuzowa\u0107 olejki do aromaterapii dla dzieci jedynie w dobrze wentylowanych pomieszczeniach, a po zako\u0144czonej dyfuzji dok\u0142adnie przewietrzy\u0107 pok\u00f3j.<br \/>\n<\/div><\/div>\n<div class=\"accordion-item\"><a href=\"#\" class=\"accordion-title plain\"><button class=\"toggle\"><i class=\"icon-angle-down\"><\/i><\/button><span>Od jakiego wieku mo\u017cna stosowa\u0107 mieszank\u0119 olejk\u00f3w eterycznych K. Hebda DobraNocka?<\/span><\/a><div class=\"accordion-inner\">\n<p>Pod k\u0105tem aromaterapeutycznym mieszank\u0119 polecamy dla dzieci powy\u017cej 3. roku \u017cycia \u2014 to\u00a0nasza rekomendacja wynikaj\u0105ca z wiedzy i do\u015bwiadczenia, ale oczywi\u015bcie to od Ciebie zale\u017cy, kiedy zastosujesz mieszank\u0119. Dzi\u0119ki delikatnej formule i naturalnym sk\u0142adnikom mo\u017ce by\u0107 bezpiecznie stosowana jako element wieczornego rytua\u0142u zasypiania, by zapewni\u0107 spokojny sen dzieciom.<\/p>\n<\/div><\/div>\n<div class=\"accordion-item\"><a href=\"#\" class=\"accordion-title plain\"><button class=\"toggle\"><i class=\"icon-angle-down\"><\/i><\/button><span>Czy mog\u0119 u\u017cywa\u0107 tej mieszanki codziennie?<\/span><\/a><div class=\"accordion-inner\">\n<p>Tak. DobraNocka mo\u017ce by\u0107 stosowany codziennie jako cz\u0119\u015b\u0107 wieczornego rytua\u0142u, kt\u00f3ry pomaga dziecku wyciszy\u0107 si\u0119 i zasn\u0105\u0107 spokojnie.<\/p>\n<\/div><\/div>\n<div class=\"accordion-item\"><a href=\"#\" class=\"accordion-title plain\"><button class=\"toggle\"><i class=\"icon-angle-down\"><\/i><\/button><span>Czy olejek mo\u017ce odbarwi\u0107 tkaniny?<\/span><\/a><div class=\"accordion-inner\">\n<p>Istnieje taka mo\u017cliwo\u015b\u0107. Przed u\u017cyciem na po\u015bcieli przetestuj olejek na niewidocznym fragmencie materia\u0142u.<\/p>\n<\/div><\/div>\n<div class=\"accordion-item\"><a href=\"#\" class=\"accordion-title plain\"><button class=\"toggle\"><i class=\"icon-angle-down\"><\/i><\/button><span>Jakie s\u0105 g\u0142\u00f3wne sk\u0142adniki mieszanki DobraNocka i jak dzia\u0142aj\u0105?<\/span><\/a><div class=\"accordion-inner\">\n<ul>\n<li><strong>Lawenda<\/strong> \u2013 wycisza i u\u0142atwia zasypianie<\/li>\n<li><strong>Mandarynka<\/strong> \u2013 poprawia nastr\u00f3j<\/li>\n<li><strong>Majeranek<\/strong> \u2013 wspiera spok\u00f3j emocjonalny<\/li>\n<li><strong>Copaiba<\/strong> \u2013 koi napi\u0119cia<\/li>\n<li><strong>Kadzid\u0142o<\/strong> \u2013 u\u0142atwia g\u0142\u0119bokie oddychanie<\/li>\n<li><strong>Ylang ylang<\/strong> \u2013 \u0142agodzi nadpobudliwo\u015b\u0107<\/li>\n<li><strong>Wetyweria<\/strong> \u2013 uspokaja dzieci\u0119cy chaos<\/li>\n<\/ul>\n<\/div><\/div>\n<div class=\"accordion-item\"><a href=\"#\" class=\"accordion-title plain\"><button class=\"toggle\"><i class=\"icon-angle-down\"><\/i><\/button><span>Czy zapach mieszanki nie b\u0119dzie zbyt intensywny dla dziecka?<\/span><\/a><div class=\"accordion-inner\">\n<p>Formu\u0142a zosta\u0142a opracowana z my\u015bl\u0105 o najm\u0142odszych \u2013 delikatna, zio\u0142owo-cytrusowa kompozycja dzia\u0142a subtelnie, bez przyt\u0142aczaj\u0105cego aromatu. Zawsze zaczynaj od ma\u0142ej ilo\u015bci i obserwuj reakcj\u0119 dziecka.<\/p>\n<\/div><\/div>\n<div class=\"accordion-item\"><a href=\"#\" class=\"accordion-title plain\"><button class=\"toggle\"><i class=\"icon-angle-down\"><\/i><\/button><span>Jakie s\u0105 inne produkty z serii DobraNocka?<\/span><\/a><div class=\"accordion-inner\">\n<p>Seria DobraNocka obejmuje:<\/p>\n<ul>\n<li><strong><a href=\"https:\/\/klaudynahebda.pl\/sklep\/dobra-nocka\/\">Balsam DobraNocka<\/a>,<\/strong><\/li>\n<li><strong><a href=\"https:\/\/klaudynahebda.pl\/sklep\/mieszanka-dobranocka\/\">Mieszanka olejk\u00f3w eterycznych DobraNocka<\/a>,<\/strong><\/li>\n<li><strong><a href=\"https:\/\/klaudynahebda.pl\/sklep\/sol-do-kapieli-dobranocka\/\">S\u00f3l do k\u0105pieli DobraNocka<\/a>, <\/strong><\/li>\n<li><strong><a href=\"https:\/\/klaudynahebda.pl\/sklep\/koncentrat-do-kapieli-dobranocka-100-200-ml\/\">Koncentrat do k\u0105pieli DobraNocka<\/a>, <\/strong><\/li>\n<li><strong><a href=\"https:\/\/klaudynahebda.pl\/sklep\/spray-dobra-nocka\/\">Spray DobraNocka<\/a>, <\/strong><\/li>\n<li><strong><a href=\"https:\/\/klaudynahebda.pl\/sklep\/maslo-dobranocka\/\">Mas\u0142o do cia\u0142a Dobranocka<\/a>,<\/strong><\/li>\n<\/ul>\n<p>a w przysz\u0142o\u015bci wiele innych produkt\u00f3w. \ud83d\ude42<\/p>\n<p>Produkty z serii DobraNocka mo\u017cesz kupi\u0107 tak\u017ce w zestawie, z rabatem:<\/p>\n<ul>\n<li><strong><a href=\"https:\/\/klaudynahebda.pl\/sklep\/dobry-sen-dla-dziecka\/\">Zestaw Dobranocka: balsam, s\u00f3l do k\u0105pieli i spray + naklejki gratis<\/a><\/strong><\/li>\n<\/ul>\n<\/div><\/div>\n\t<div id=\"gap-1913085741\" class=\"gap-element clearfix\" style=\"display:block; height:auto;\">\n\t\t\n<style>\n#gap-1913085741 {\n  padding-top: 20px;\n}\n<\/style>\n\t<\/div>\n\t\n\t\t<\/div>\n\t\t\t\t\t<\/div>\n\n\t\n\n<style>\n#row-956339502 > .col > .col-inner {\n  padding: 35px 0px 20px 0px;\n}\n<\/style>\n<\/div>\n","protected":false},"excerpt":{"rendered":"<h2>Mieszanka DobraNocka to\u2026<\/h2>\n<ul>\n<li>zapach, kt\u00f3ry szepcze: \u201cju\u017c czas na sen\u201d,<\/li>\n<li>aromaterapeutyczna kompozycja wspieraj\u0105ca wieczorne wyciszenie i koj\u0105ca emocje,<\/li>\n<li>w 100% naturalne olejki eteryczne dla dzieci powy\u017cej 3. roku \u017cycia,<\/li>\n<li>zio\u0142owa receptura do u\u017cywania w dyfuzorze, na po\u015bcieli, do k\u0105pieli i relaksuj\u0105cego masa\u017cu.<\/li>\n<\/ul>\n","protected":false},"featured_media":3320184,"comment_status":"open","ping_status":"closed","template":"","meta":[],"product_cat":[126,36,123,135,190],"product_tag":[],"acf":[],"yoast_head":"<!-- This site is optimized with the Yoast SEO plugin v19.6.1 - https:\/\/yoast.com\/wordpress\/plugins\/seo\/ -->\n<title>Mieszanka DobraNocka - mieszanka 100% olejk\u00f3w eterycznych - Klaudyna Hebda Nature<\/title>\n<meta name=\"description\" content=\"Kompozycja o\u015bmiu naturalnych olejk\u00f3w eterycznych dla dzieci \u2013 u\u0142atwia zasypianie po dniu pe\u0142nym wra\u017ce\u0144. Zapach, kt\u00f3ry koi emocje i dba o dobr\u0105 noc.\" \/>\n<meta name=\"robots\" content=\"index, follow, max-snippet:-1, max-image-preview:large, max-video-preview:-1\" \/>\n<link rel=\"canonical\" href=\"https:\/\/klaudynahebda.pl\/sklep\/mieszanka-dobranocka\/\" \/>\n<meta property=\"og:locale\" content=\"pl_PL\" \/>\n<meta property=\"og:type\" content=\"article\" \/>\n<meta property=\"og:title\" content=\"Mieszanka DobraNocka - mieszanka 100% olejk\u00f3w eterycznych - Klaudyna Hebda Nature\" \/>\n<meta property=\"og:description\" content=\"Kompozycja o\u015bmiu naturalnych olejk\u00f3w eterycznych dla dzieci \u2013 u\u0142atwia zasypianie po dniu pe\u0142nym wra\u017ce\u0144. Zapach, kt\u00f3ry koi emocje i dba o dobr\u0105 noc.\" \/>\n<meta property=\"og:url\" content=\"https:\/\/klaudynahebda.pl\/sklep\/mieszanka-dobranocka\/\" \/>\n<meta property=\"og:site_name\" content=\"Klaudyna Hebda Nature\" \/>\n<meta property=\"article:modified_time\" content=\"2026-04-08T10:01:05+00:00\" \/>\n<meta property=\"og:image\" content=\"https:\/\/klaudynahebda.pl\/sklep\/wp-content\/uploads\/2025\/05\/olejek-dobranocka-klaudyna-hebda.jpg\" \/>\n\t<meta property=\"og:image:width\" content=\"844\" \/>\n\t<meta property=\"og:image:height\" content=\"1152\" \/>\n\t<meta property=\"og:image:type\" content=\"image\/jpeg\" \/>\n<meta name=\"twitter:card\" content=\"summary_large_image\" \/>\n<meta name=\"twitter:label1\" content=\"Szacowany czas czytania\" \/>\n\t<meta name=\"twitter:data1\" content=\"6 minut\" \/>\n<script type=\"application\/ld+json\" class=\"yoast-schema-graph\">{\"@context\":\"https:\/\/schema.org\",\"@graph\":[{\"@type\":\"WebPage\",\"@id\":\"https:\/\/klaudynahebda.pl\/sklep\/mieszanka-dobranocka\/\",\"url\":\"https:\/\/klaudynahebda.pl\/sklep\/mieszanka-dobranocka\/\",\"name\":\"Mieszanka DobraNocka - mieszanka 100% olejk\u00f3w eterycznych - Klaudyna Hebda Nature\",\"isPartOf\":{\"@id\":\"https:\/\/klaudynahebda.pl\/sklep\/#website\"},\"datePublished\":\"2025-05-30T08:47:28+00:00\",\"dateModified\":\"2026-04-08T10:01:05+00:00\",\"description\":\"Kompozycja o\u015bmiu naturalnych olejk\u00f3w eterycznych dla dzieci \u2013 u\u0142atwia zasypianie po dniu pe\u0142nym wra\u017ce\u0144. Zapach, kt\u00f3ry koi emocje i dba o dobr\u0105 noc.\",\"breadcrumb\":{\"@id\":\"https:\/\/klaudynahebda.pl\/sklep\/mieszanka-dobranocka\/#breadcrumb\"},\"inLanguage\":\"pl-PL\",\"potentialAction\":[{\"@type\":\"ReadAction\",\"target\":[\"https:\/\/klaudynahebda.pl\/sklep\/mieszanka-dobranocka\/\"]}]},{\"@type\":\"BreadcrumbList\",\"@id\":\"https:\/\/klaudynahebda.pl\/sklep\/mieszanka-dobranocka\/#breadcrumb\",\"itemListElement\":[{\"@type\":\"ListItem\",\"position\":1,\"name\":\"Strona g\u0142\u00f3wna\",\"item\":\"https:\/\/klaudynahebda.pl\/sklep\/\"},{\"@type\":\"ListItem\",\"position\":2,\"name\":\"Sklep\",\"item\":\"https:\/\/klaudynahebda.pl\/sklep\/sklep\/\"},{\"@type\":\"ListItem\",\"position\":3,\"name\":\"Olejki dla dzieci\",\"item\":\"https:\/\/klaudynahebda.pl\/sklep\/olejki-dla-dzieci\/\"},{\"@type\":\"ListItem\",\"position\":4,\"name\":\"Mieszanka DobraNocka &#8211; mieszanka 100% olejk\u00f3w eterycznych\"}]},{\"@type\":\"WebSite\",\"@id\":\"https:\/\/klaudynahebda.pl\/sklep\/#website\",\"url\":\"https:\/\/klaudynahebda.pl\/sklep\/\",\"name\":\"Klaudyna Hebda Nature\",\"description\":\"Sklep\",\"publisher\":{\"@id\":\"https:\/\/klaudynahebda.pl\/sklep\/#organization\"},\"potentialAction\":[{\"@type\":\"SearchAction\",\"target\":{\"@type\":\"EntryPoint\",\"urlTemplate\":\"https:\/\/klaudynahebda.pl\/sklep\/?s={search_term_string}\"},\"query-input\":\"required name=search_term_string\"}],\"inLanguage\":\"pl-PL\"},{\"@type\":\"Organization\",\"@id\":\"https:\/\/klaudynahebda.pl\/sklep\/#organization\",\"name\":\"KlaudynaHebda\",\"url\":\"https:\/\/klaudynahebda.pl\/sklep\/\",\"sameAs\":[],\"logo\":{\"@type\":\"ImageObject\",\"inLanguage\":\"pl-PL\",\"@id\":\"https:\/\/klaudynahebda.pl\/sklep\/#\/schema\/logo\/image\/\",\"url\":\"\",\"contentUrl\":\"\",\"caption\":\"KlaudynaHebda\"},\"image\":{\"@id\":\"https:\/\/klaudynahebda.pl\/sklep\/#\/schema\/logo\/image\/\"}}]}<\/script>\n<!-- \/ Yoast SEO plugin. -->","yoast_head_json":{"title":"Mieszanka DobraNocka - mieszanka 100% olejk\u00f3w eterycznych - Klaudyna Hebda Nature","description":"Kompozycja o\u015bmiu naturalnych olejk\u00f3w eterycznych dla dzieci \u2013 u\u0142atwia zasypianie po dniu pe\u0142nym wra\u017ce\u0144. Zapach, kt\u00f3ry koi emocje i dba o dobr\u0105 noc.","robots":{"index":"index","follow":"follow","max-snippet":"max-snippet:-1","max-image-preview":"max-image-preview:large","max-video-preview":"max-video-preview:-1"},"canonical":"https:\/\/klaudynahebda.pl\/sklep\/mieszanka-dobranocka\/","og_locale":"pl_PL","og_type":"article","og_title":"Mieszanka DobraNocka - mieszanka 100% olejk\u00f3w eterycznych - Klaudyna Hebda Nature","og_description":"Kompozycja o\u015bmiu naturalnych olejk\u00f3w eterycznych dla dzieci \u2013 u\u0142atwia zasypianie po dniu pe\u0142nym wra\u017ce\u0144. Zapach, kt\u00f3ry koi emocje i dba o dobr\u0105 noc.","og_url":"https:\/\/klaudynahebda.pl\/sklep\/mieszanka-dobranocka\/","og_site_name":"Klaudyna Hebda Nature","article_modified_time":"2026-04-08T10:01:05+00:00","og_image":[{"width":844,"height":1152,"url":"https:\/\/klaudynahebda.pl\/sklep\/wp-content\/uploads\/2025\/05\/olejek-dobranocka-klaudyna-hebda.jpg","type":"image\/jpeg"}],"twitter_card":"summary_large_image","twitter_misc":{"Szacowany czas czytania":"6 minut"},"schema":{"@context":"https:\/\/schema.org","@graph":[{"@type":"WebPage","@id":"https:\/\/klaudynahebda.pl\/sklep\/mieszanka-dobranocka\/","url":"https:\/\/klaudynahebda.pl\/sklep\/mieszanka-dobranocka\/","name":"Mieszanka DobraNocka - mieszanka 100% olejk\u00f3w eterycznych - Klaudyna Hebda Nature","isPartOf":{"@id":"https:\/\/klaudynahebda.pl\/sklep\/#website"},"datePublished":"2025-05-30T08:47:28+00:00","dateModified":"2026-04-08T10:01:05+00:00","description":"Kompozycja o\u015bmiu naturalnych olejk\u00f3w eterycznych dla dzieci \u2013 u\u0142atwia zasypianie po dniu pe\u0142nym wra\u017ce\u0144. Zapach, kt\u00f3ry koi emocje i dba o dobr\u0105 noc.","breadcrumb":{"@id":"https:\/\/klaudynahebda.pl\/sklep\/mieszanka-dobranocka\/#breadcrumb"},"inLanguage":"pl-PL","potentialAction":[{"@type":"ReadAction","target":["https:\/\/klaudynahebda.pl\/sklep\/mieszanka-dobranocka\/"]}]},{"@type":"BreadcrumbList","@id":"https:\/\/klaudynahebda.pl\/sklep\/mieszanka-dobranocka\/#breadcrumb","itemListElement":[{"@type":"ListItem","position":1,"name":"Strona g\u0142\u00f3wna","item":"https:\/\/klaudynahebda.pl\/sklep\/"},{"@type":"ListItem","position":2,"name":"Sklep","item":"https:\/\/klaudynahebda.pl\/sklep\/sklep\/"},{"@type":"ListItem","position":3,"name":"Olejki dla dzieci","item":"https:\/\/klaudynahebda.pl\/sklep\/olejki-dla-dzieci\/"},{"@type":"ListItem","position":4,"name":"Mieszanka DobraNocka &#8211; mieszanka 100% olejk\u00f3w eterycznych"}]},{"@type":"WebSite","@id":"https:\/\/klaudynahebda.pl\/sklep\/#website","url":"https:\/\/klaudynahebda.pl\/sklep\/","name":"Klaudyna Hebda Nature","description":"Sklep","publisher":{"@id":"https:\/\/klaudynahebda.pl\/sklep\/#organization"},"potentialAction":[{"@type":"SearchAction","target":{"@type":"EntryPoint","urlTemplate":"https:\/\/klaudynahebda.pl\/sklep\/?s={search_term_string}"},"query-input":"required name=search_term_string"}],"inLanguage":"pl-PL"},{"@type":"Organization","@id":"https:\/\/klaudynahebda.pl\/sklep\/#organization","name":"KlaudynaHebda","url":"https:\/\/klaudynahebda.pl\/sklep\/","sameAs":[],"logo":{"@type":"ImageObject","inLanguage":"pl-PL","@id":"https:\/\/klaudynahebda.pl\/sklep\/#\/schema\/logo\/image\/","url":"","contentUrl":"","caption":"KlaudynaHebda"},"image":{"@id":"https:\/\/klaudynahebda.pl\/sklep\/#\/schema\/logo\/image\/"}}]}},"_links":{"self":[{"href":"https:\/\/klaudynahebda.pl\/sklep\/wp-json\/wp\/v2\/product\/3296949"}],"collection":[{"href":"https:\/\/klaudynahebda.pl\/sklep\/wp-json\/wp\/v2\/product"}],"about":[{"href":"https:\/\/klaudynahebda.pl\/sklep\/wp-json\/wp\/v2\/types\/product"}],"replies":[{"embeddable":true,"href":"https:\/\/klaudynahebda.pl\/sklep\/wp-json\/wp\/v2\/comments?post=3296949"}],"wp:featuredmedia":[{"embeddable":true,"href":"https:\/\/klaudynahebda.pl\/sklep\/wp-json\/wp\/v2\/media\/3320184"}],"wp:attachment":[{"href":"https:\/\/klaudynahebda.pl\/sklep\/wp-json\/wp\/v2\/media?parent=3296949"}],"wp:term":[{"taxonomy":"product_cat","embeddable":true,"href":"https:\/\/klaudynahebda.pl\/sklep\/wp-json\/wp\/v2\/product_cat?post=3296949"},{"taxonomy":"product_tag","embeddable":true,"href":"https:\/\/klaudynahebda.pl\/sklep\/wp-json\/wp\/v2\/product_tag?post=3296949"}],"curies":[{"name":"wp","href":"https:\/\/api.w.org\/{rel}","templated":true}]}}