{"id":32742,"date":"2019-03-13T22:05:17","date_gmt":"2019-03-13T21:05:17","guid":{"rendered":"https:\/\/klaudynahebda.pl\/sklep\/?post_type=product&#038;p=32742"},"modified":"2026-04-05T19:32:20","modified_gmt":"2026-04-05T17:32:20","slug":"zatoki-i","status":"publish","type":"product","link":"https:\/\/klaudynahebda.pl\/sklep\/zatoki-i\/","title":{"rendered":"Olejek Liptus\u00ae &#8211; moc eukaliptusa, mi\u0119ty i oregano"},"content":{"rendered":"<h2><strong>Naturalna kompozycja zapach\u00f3w, kt\u00f3ra od\u015bwie\u017ca i wspiera w sezonie\u00a0<\/strong><\/h2>\n<p>A\u017c siedem olejk\u00f3w eterycznych w jednej zio\u0142owej mieszance, kt\u00f3r\u0105 pokochasz, zw\u0142aszcza jesieni\u0105 i zim\u0105. Dodaj 1-3 krople do gor\u0105cej wody i wykorzystaj j\u0105 do inhalacji, ju\u017c po chwili Tw\u00f3j dom wype\u0142ni orze\u017awiaj\u0105cy zapach olejk\u00f3w.<\/p>\n<p>Olejek Liptus\u00ae to autorska mieszanka Klaudyny Hebdy skomponowana tak, \u017ceby jej zapach dawa\u0142 uczucie prawdziwej \u015bwie\u017co\u015bci. Korzystaj z niej samodzielnie lub z innymi produktami z serii Liptus\u00ae. Razem z nimi mo\u017cesz stworzy\u0107 codzienny, od\u015bwie\u017caj\u0105cy rytua\u0142.<\/p>\n<h2><strong>Co znajdziesz w mieszance Liptus\u00ae?<\/strong><\/h2>\n<ul>\n<li><strong>Olejek eteryczny z tymianku bia\u0142ego<\/strong> \u2013 o zio\u0142owym zapachu, idealnym na ch\u0142odniejsze dni.<\/li>\n<li><strong>Olejek eteryczny z eukaliptusa<\/strong> \u2013 jego orze\u017awiaj\u0105cy zapach kojarzy si\u0119 z mi\u0119t\u00f3wkami i \u201elodowymi cukierkami\u201d.<\/li>\n<li><strong>Olejek eteryczny z mi\u0119ty pieprzowej<\/strong> \u2013 o \u015bwie\u017cym aromacie, kt\u00f3ry pobudza zmys\u0142y.<\/li>\n<li><strong>Olejek eteryczny z dzikiego oregano<\/strong> \u2013 jego intensywny, korzenny zapach dodaje kompozycji g\u0142\u0119bi.<\/li>\n<li><strong>Olejek eteryczny z cytryny<\/strong> \u2013 o lekkim i \u015bwie\u017cym zapachu, kt\u00f3ry poprawia nastr\u00f3j.<\/li>\n<li><strong>Olejek eteryczny z kamfory<\/strong> \u2013 ten aromat zna chyba ka\u017cdy z dzieci\u0144stwa.<\/li>\n<li><strong>Olejek eteryczny z drzewa herbacianego<\/strong> \u2013 o \u015bwie\u017cym, czystym i zio\u0142owym zapachu.<\/li>\n<\/ul>\n<h3><strong>Dlaczego warto wybra\u0107 Liptus<\/strong><strong>\u00ae<\/strong><strong>?<\/strong><\/h3>\n<ul>\n<li data-start=\"130\" data-end=\"308\">\n<p data-start=\"132\" data-end=\"308\">Transparenty sk\u0142ad i synergia a\u017c 7 olejk\u00f3w eterycznych<\/p>\n<\/li>\n<li data-start=\"130\" data-end=\"308\">\n<p data-start=\"132\" data-end=\"308\">Autorska receptura eksperta z ogromnym do\u015bwiadczeniem i wiedz\u0105: zielarki i aromaterapeutki klinicznej<\/p>\n<\/li>\n<li data-start=\"474\" data-end=\"711\">\n<p data-start=\"476\" data-end=\"711\">Naturalny zapach, kt\u00f3ry daje poczucie \u015bwie\u017co\u015bci, \u201eoddechu\u201d i oczyszczenia, szczeg\u00f3lnie polecany w sezonie jesienno-zimowym<\/p>\n<\/li>\n<li data-start=\"712\" data-end=\"871\">\n<p data-start=\"714\" data-end=\"871\">Wszechstronno\u015b\u0107 zastosowania: mo\u017cna stosowa\u0107 w inhalacjach, w dyfuzorze, do masa\u017cu po rozcie\u0144czeniu z olejem bazowym<\/p>\n<\/li>\n<\/ul>\n<h3><strong>Mieszanka olejk\u00f3w eterycznych Liptus\u00ae \u2013 czy to formu\u0142a dla Ciebie?<\/strong><\/h3>\n<p>Tak, je\u015bli:<\/p>\n<ul>\n<li>chcesz znale\u017a\u0107 naturalny spos\u00f3b na domow\u0105 inhalacj\u0119;<\/li>\n<li>lubisz zapachy, kt\u00f3re wspieraj\u0105 naturalny proces oddychania, szczeg\u00f3lnie w sezonie jesie\u0144\/zima;<\/li>\n<li>szukasz aromatu, kt\u00f3ry da uczucie \u015bwie\u017co\u015bci i ulgi;<\/li>\n<li>lubisz seri\u0119 Liptus\u00ae i chcesz, \u017ceby Ci\u0119 wspomaga\u0142a w codziennych rytua\u0142ach;<\/li>\n<li>potrzebujesz zio\u0142owej mieszanki, kt\u00f3r\u0105 mo\u017cesz doda\u0107 do oleju do masa\u017cu.<\/li>\n<\/ul>\n<h3><b><span data-contrast=\"auto\"><span class=\"TextRun SCXW54474754 BCX0\" lang=\"PL-PL\" xml:lang=\"PL-PL\" data-contrast=\"auto\"><span class=\"NormalTextRun SCXW54474754 BCX0\">Si\u0119gnij po <\/span><span class=\"NormalTextRun SpellingErrorV2Themed SCXW54474754 BCX0\">Liptus<\/span><\/span><\/span><\/b><strong>\u00ae\u00a0<\/strong><b><span data-contrast=\"auto\"><span class=\"TextRun SCXW54474754 BCX0\" lang=\"PL-PL\" xml:lang=\"PL-PL\" data-contrast=\"auto\"><span class=\"NormalTextRun SCXW54474754 BCX0\"> i wrzu\u0107<\/span><span class=\"NormalTextRun SCXW54474754 BCX0\"> g\u0142\u0119boki<\/span><span class=\"NormalTextRun SCXW54474754 BCX0\"> oddech!<\/span><\/span><span class=\"EOP SCXW54474754 BCX0\" data-ccp-props=\"{}\">\u00a0<\/span><\/span><\/b><\/h3>\n<p><a href=\"https:\/\/klaudynahebda.pl\/sklep\/seria-liptus\/\"><strong>Poznaj ca\u0142\u0105 seri\u0119 Liptus\u00ae<\/strong><\/a> \u2013 i korzystaj z mocy zi\u00f3\u0142 i aromaterapii w takiej formie, jaka najlepiej Ci odpowiada. Stw\u00f3rz w\u0142asny zestaw Liptus lub skorzystaj z naszych propozycji. A co masz do wyboru?<\/p>\n<ul>\n<li><strong><a href=\"https:\/\/klaudynahebda.pl\/sklep\/roll-on-liptus\/\">Roll-on Liptus\u00ae<\/a><\/strong> \u2013\u00a0 kompaktowy rozmiar sprawia, \u017ce mo\u017cesz go zabra\u0107 ze sob\u0105, gdy wychodzisz z domu lub wyje\u017cdzasz gdzie\u015b dalej.<\/li>\n<li><strong><a href=\"https:\/\/klaudynahebda.pl\/sklep\/masc-liptus\/\">Ma\u015b\u0107 Liptus<\/a><a href=\"https:\/\/klaudynahebda.pl\/sklep\/masc-liptus\/\">\u00ae<\/a> <\/strong>\u2013 do smarowania klatki piersiowej, zio\u0142owo-mentolowy aromat wspiera komfort oddechu.<\/li>\n<li><a href=\"https:\/\/klaudynahebda.pl\/sklep\/herbata-liptus\/\"><strong>Herbatka Liptus\u00ae<\/strong><\/a> \u2013 zio\u0142a, przyprawy i olejki eteryczne w Twoim ulubionym kubku. We\u017a \u0142yk i poczuj tradycyjn\u0105 moc ro\u015blin.<\/li>\n<li><strong>Olejek Liptus\u00ae<\/strong> \u2013 mieszanka olejk\u00f3w eterycznych dla fan\u00f3w dyfuzowania.<\/li>\n<li><a href=\"https:\/\/klaudynahebda.pl\/sklep\/spray-liptus-light\/\"><strong>Spray Liptus Light\u00ae<\/strong><\/a>\u00a0 &#8211; wygodny spos\u00f3b na od\u015bwie\u017cenie pomieszcze\u0144 i po\u015bcieli.<\/li>\n<li><strong><a href=\"https:\/\/klaudynahebda.pl\/sklep\/sol-liptus\/\">S\u00f3l<\/a><\/strong> i <strong><a href=\"https:\/\/klaudynahebda.pl\/sklep\/koncentrat-do-kapieli-liptus-100-200-ml\/\">koncentrat do k\u0105pieli<\/a><\/strong> Liptus\u00ae &#8211; zanurz si\u0119 w od\u015bwie\u017caj\u0105cej k\u0105pieli.\u00a0 Dla Ciebie \u2013 aromatyczna k\u0105piel. Dla sk\u00f3ry \u2013 od\u017cywienie i nawil\u017cenie. Dla nosa \u2013 aromatyczna para z olejk\u00f3w, kt\u00f3ra unosi si\u0119 podczas k\u0105piel. Dla mi\u0142o\u015bnik\u00f3w k\u0105pieli z delikatn\u0105 piank\u0105 lub bez \ud83d\ude09<\/li>\n<\/ul>\n<h3><b><span data-contrast=\"auto\"><span class=\"TextRun SCXW54474754 BCX0\" lang=\"PL-PL\" xml:lang=\"PL-PL\" data-contrast=\"auto\"><span class=\"NormalTextRun SCXW54474754 BCX0\">Naturalna mieszanka olejku z eukaliptusa, mi\u0119ty i oregano <\/span><\/span><\/span><\/b><strong>\u2013 wydob\u0105d\u017a z olejku Liptus\u00ae, co najlepsze<\/strong><\/h3>\n<p>Aby w pe\u0142ni czerpa\u0107 z w\u0142a\u015bciwo\u015bci olejk\u00f3w eterycznych, si\u0119gnij po <a href=\"https:\/\/klaudynahebda.pl\/sklep\/dyfuzor-do-aromaterapii\/\"><strong data-start=\"259\" data-end=\"288\">dyfuzor bezwodny K. HEBDA<\/strong><\/a> \u2013 urz\u0105dzenie, kt\u00f3re wydobywa 100% esencji zapachowej bez u\u017cycia wody i ciep\u0142a. D<span data-contrast=\"auto\">zi\u0119ki temu cz\u0105steczki olejk\u00f3w nie s\u0105 rozcie\u0144czone, a zapach jest dok\u0142adnie taki, jaki czujesz w\u0105chaj\u0105c buteleczk\u0119.<\/span><span data-ccp-props=\"{&quot;134233118&quot;:false,&quot;201341983&quot;:0,&quot;335559685&quot;:-20,&quot;335559737&quot;:-20,&quot;335559739&quot;:200,&quot;335559740&quot;:276}\">\u00a0<\/span><\/p>\n<p>\ud83d\udc49 Sprawd\u017a te\u017c inne<a href=\"https:\/\/klaudynahebda.pl\/sklep\/olejki-eteryczne\/\"> 100% olejki eteryczne<\/a> do aromaterapii.<\/p>\n<p>&nbsp;<\/p>\n<div><div class=\"row row-collapse align-middle\"  id=\"row-1315388876\">\n\n\t<div id=\"col-8118532\" class=\"col small-10 large-12\"  >\n\t\t\t\t<div class=\"col-inner\"  >\n\t\t\t\n\t\t\t\n<h3 class=\"accordion_title\">Najcz\u0119\u015bciej zadawane pytania<\/h3><div class=\"accordion\" rel=\"1\">\n<\/div>\n<div class=\"accordion-item\"><a href=\"#\" class=\"accordion-title plain\"><button class=\"toggle\"><i class=\"icon-angle-down\"><\/i><\/button><span>Czym jest mieszanka olejk\u00f3w eterycznych Liptus\u00ae?<\/span><\/a><div class=\"accordion-inner\">\nMieszanka olejk\u00f3w eterycznych Liptus\u00ae to naturalna kompozycja o orze\u017awiaj\u0105cym, zio\u0142owo-cytrusowym zapachu. Zosta\u0142a stworzona, aby wspiera\u0107 komfort oddychania, od\u015bwie\u017ca\u0107 przestrze\u0144 i wprowadza\u0107 harmoni\u0119 do codziennego rytua\u0142u.<br \/>\n<\/div><\/div><div class=\"accordion-item\"><a href=\"#\" class=\"accordion-title plain\"><button class=\"toggle\"><i class=\"icon-angle-down\"><\/i><\/button><span>Jakie olejki zawiera Liptus\u00ae?<\/span><\/a><div class=\"accordion-inner\">\nW sk\u0142ad mieszanki Liptus\u00ae wchodz\u0105:<\/p>\n<ul>\n<li><strong>Olejek eteryczny z tymianku bia\u0142ego<\/strong>\u00a0\u2013 o zio\u0142owym zapachu, idealnym na ch\u0142odniejsze dni.<\/li>\n<li><strong>Olejek eteryczny z eukaliptusa<\/strong>\u00a0\u2013 jego orze\u017awiaj\u0105cy zapach kojarzy si\u0119 z mi\u0119t\u00f3wkami i \u201elodowymi cukierkami\u201d.<\/li>\n<li><strong>Olejek eteryczny z mi\u0119ty pieprzowej<\/strong>\u00a0\u2013 o \u015bwie\u017cym aromacie, kt\u00f3ry pobudza zmys\u0142y.<\/li>\n<li><strong>Olejek eteryczny z dzikiego oregano<\/strong>\u00a0\u2013 jego intensywny, korzenny zapach dodaje kompozycji g\u0142\u0119bi.<\/li>\n<li><strong>Olejek eteryczny z cytryny<\/strong>\u00a0\u2013 o lekkim i \u015bwie\u017cym zapachu, kt\u00f3ry poprawia nastr\u00f3j.<\/li>\n<li><strong>Olejek eteryczny z kamfory<\/strong>\u00a0\u2013 ten aromat zna chyba ka\u017cdy z dzieci\u0144stwa.<\/li>\n<li><strong>Olejek eteryczny z drzewa herbacianego<\/strong> \u2013 o \u015bwie\u017cym, czystym i zio\u0142owym zapachu.<\/li>\n<\/ul>\n<\/div><\/div><div class=\"accordion-item\"><a href=\"#\" class=\"accordion-title plain\"><button class=\"toggle\"><i class=\"icon-angle-down\"><\/i><\/button><span>Jak dzia\u0142a mieszanka olejk\u00f3w eterycznych Liptus\u00ae?<\/span><\/a><div class=\"accordion-inner\">\nDzi\u0119ki unikalnej kompozycji, mieszanka Liptus\u00ae wspiera naturalny proces oddychania, orze\u017awia zmys\u0142y i pomaga tworzy\u0107 atmosfer\u0119 sprzyjaj\u0105c\u0105 odpr\u0119\u017ceniu. To naturalny spos\u00f3b na \u015bwie\u017co\u015b\u0107 i lepsze samopoczucie w ci\u0105gu dnia.<br \/>\n<\/div><\/div><div class=\"accordion-item\"><a href=\"#\" class=\"accordion-title plain\"><button class=\"toggle\"><i class=\"icon-angle-down\"><\/i><\/button><span>Jak mog\u0119 stosowa\u0107 olejek Liptus\u00ae?<\/span><\/a><div class=\"accordion-inner\">\nMieszanka Liptus\u00ae jest wszechstronna \u2013 mo\u017cesz u\u017cywa\u0107 jej w dyfuzorze, do k\u0105pieli, inhalacji albo po rozcie\u0144czeniu z olejem bazowym do masa\u017cu.<\/p>\n<ul>\n<li>Dyfuzja: Do dyfuzora dodaj 15-20 kropli (<strong><a href=\"https:\/\/klaudynahebda.pl\/sklep\/dyfuzor-do-aromaterapii\/\">dyfuzor bezwodny K. HEBDA<\/a><\/strong>) lub kilka kropli (dyfuzor wodny) i uruchom urz\u0105dzenie na 20\u201330 minut. Pami\u0119taj, \u017ceby dyfuzowa\u0107 olejki jedynie w dobrze wentylowanych pomieszczeniach, a po zako\u0144czonej dyfuzji dok\u0142adnie przewietrzy\u0107 pok\u00f3j.<\/li>\n<li>Do masa\u017cu relaksacyjnego: W po\u0142\u0105czeniu z olejem bazowym* mo\u017cesz u\u017cy\u0107 mieszanki do wieczornego masa\u017cu klatki piersiowej, plec\u00f3w lub ramion.*Standardowe st\u0119\u017cenie to 1\u20132% olejku eterycznego w oleju bazowym, co oznacza np. 1-2 krople olejku na 10 ml (\u0142y\u017ck\u0119) bazy.<\/li>\n<li>Aromatyczna k\u0105piel: Dodaj kilka kropli* do p\u0142ynu do k\u0105pieli\u202f i dolej do wody. *Standardowe st\u0119\u017cenie to 1\u20132% olejku eterycznego w oleju bazowym, co oznacza np. 1-2 krople olejku na 10 ml (\u0142y\u017ck\u0119) bazy.<\/li>\n<\/ul>\n<\/div><\/div>\n<div class=\"accordion-item\"><a href=\"#\" class=\"accordion-title plain\"><button class=\"toggle\"><i class=\"icon-angle-down\"><\/i><\/button><span>Czy olejek Liptus\u00ae nadaje si\u0119 do codziennego stosowania?<\/span><\/a><div class=\"accordion-inner\">\nTak, olejek Liptus\u00ae mo\u017ce by\u0107 u\u017cywany ka\u017cdego dnia jako element domowej aromaterapii \u2013 w zale\u017cno\u015bci od potrzeb i preferencji.<br \/>\n<\/div><\/div>\n<div class=\"accordion-item\"><a href=\"#\" class=\"accordion-title plain\"><button class=\"toggle\"><i class=\"icon-angle-down\"><\/i><\/button><span>Czy mieszanka Liptus\u00ae jest bezpieczna dla dzieci?<\/span><\/a><div class=\"accordion-inner\">\nZe wzgl\u0119du na intensywn\u0105 kompozycj\u0119 olejk\u00f3w eterycznych, Liptus\u00ae polecany jest przede wszystkim dla doros\u0142ych. W przypadku ch\u0119ci stosowania u dzieci zalecamy wcze\u015bniejsz\u0105 konsultacj\u0119 z lekarzem.<br \/>\n<\/div><\/div>\n\t<div id=\"gap-1565216964\" class=\"gap-element clearfix\" style=\"display:block; height:auto;\">\n\t\t\n<style>\n#gap-1565216964 {\n  padding-top: 20px;\n}\n<\/style>\n\t<\/div>\n\t\n\t\t<\/div>\n\t\t\t\t\t<\/div>\n\n\t\n\n<style>\n#row-1315388876 > .col > .col-inner {\n  padding: 35px 0px 20px 0px;\n}\n<\/style>\n<\/div>\n<\/div>\n","protected":false},"excerpt":{"rendered":"<h2>Olejek Liptus\u00ae to&#8230;<\/h2>\n<ul>\n<li>mieszanka <strong>7 olejk\u00f3w eterycznych<\/strong>: tymiankowego, eukaliptusowego, mi\u0119towego, oregano, cytrynowego, kamforowego i z drzewa herbacianego,<\/li>\n<li>autorska receptura stworzona przez zielark\u0119 i aromaterapeutk\u0119 kliniczn\u0105,<\/li>\n<li>zapach, kt\u00f3ry sprawia, \u017ce masz ochot\u0119 wzi\u0105\u0107 g\u0142\u0119boki oddech,<\/li>\n<li><span class=\"TextRun SCXW223097467 BCX0\" lang=\"PL-PL\" xml:lang=\"PL-PL\" data-contrast=\"auto\"><span class=\"NormalTextRun SCXW223097467 BCX0\">naturalny spos\u00f3b na inhalacj\u0119<\/span> <\/span>(po odpowiednim rozcie\u0144czeniu),<\/li>\n<li>kompozycja, kt\u00f3ra orze\u017awia zmys\u0142y i dodaje energii.<\/li>\n<\/ul>\n<p><strong>Wa\u017cne! Mieszanka ma teraz now\u0105 etykiet\u0119 i jeszcze bardziej kompleksowy sk\u0142ad. Wzbogacili\u015bmy j\u0105 o olejek z drzewa herbacianego i olejek kamforowy, w zwi\u0105zku z czym mo\u017cesz wyczu\u0107 nieco inny zapach ni\u017c wcze\u015bniej.\u00a0<\/strong><a class=\"woocommerce-LoopProduct-link woocommerce-loop-product__link\" style=\"color: #b7e0ce; text-decoration: none;\" href=\"https:\/\/klaudynahebda.pl\/sklep\/zestaw-miesiaca-1\/\"><br \/>\n<\/a><\/p>\n<p>&nbsp;<\/p>\n","protected":false},"featured_media":3376571,"comment_status":"open","ping_status":"closed","template":"","meta":[],"product_cat":[246,127,213,36,39,132,190,80],"product_tag":[],"acf":[],"yoast_head":"<!-- This site is optimized with the Yoast SEO plugin v19.6.1 - https:\/\/yoast.com\/wordpress\/plugins\/seo\/ -->\n<title>Olejek Liptus\u00ae \u2013 moc eukaliptusa, mi\u0119ty i oregano - Klaudyna Hebda Nature<\/title>\n<meta name=\"description\" content=\"Mieszanka olejk\u00f3w eterycznych do inhalacji Liptus\u00ae - poznaj zielon\u0105 moc eukaliptusa, mi\u0119ty i oregano. Poczuj zapach, kt\u00f3ry wspiera komfort oddechu.\" \/>\n<meta name=\"robots\" content=\"index, follow, max-snippet:-1, max-image-preview:large, max-video-preview:-1\" \/>\n<link rel=\"canonical\" href=\"https:\/\/klaudynahebda.pl\/sklep\/zatoki-i\/\" \/>\n<meta property=\"og:locale\" content=\"pl_PL\" \/>\n<meta property=\"og:type\" content=\"article\" \/>\n<meta property=\"og:title\" content=\"Olejek Liptus\u00ae \u2013 moc eukaliptusa, mi\u0119ty i oregano - Klaudyna Hebda Nature\" \/>\n<meta property=\"og:description\" content=\"Mieszanka olejk\u00f3w eterycznych do inhalacji Liptus\u00ae - poznaj zielon\u0105 moc eukaliptusa, mi\u0119ty i oregano. Poczuj zapach, kt\u00f3ry wspiera komfort oddechu.\" \/>\n<meta property=\"og:url\" content=\"https:\/\/klaudynahebda.pl\/sklep\/zatoki-i\/\" \/>\n<meta property=\"og:site_name\" content=\"Klaudyna Hebda Nature\" \/>\n<meta property=\"article:modified_time\" content=\"2026-04-05T17:32:20+00:00\" \/>\n<meta property=\"og:image\" content=\"https:\/\/klaudynahebda.pl\/sklep\/wp-content\/uploads\/2019\/03\/olejek-liptus-packshot-biale-tlo.jpg.png\" \/>\n\t<meta property=\"og:image:width\" content=\"844\" \/>\n\t<meta property=\"og:image:height\" content=\"1152\" \/>\n\t<meta property=\"og:image:type\" content=\"image\/png\" \/>\n<meta name=\"twitter:card\" content=\"summary_large_image\" \/>\n<meta name=\"twitter:label1\" content=\"Szacowany czas czytania\" \/>\n\t<meta name=\"twitter:data1\" content=\"6 minut\" \/>\n<script type=\"application\/ld+json\" class=\"yoast-schema-graph\">{\"@context\":\"https:\/\/schema.org\",\"@graph\":[{\"@type\":\"WebPage\",\"@id\":\"https:\/\/klaudynahebda.pl\/sklep\/zatoki-i\/\",\"url\":\"https:\/\/klaudynahebda.pl\/sklep\/zatoki-i\/\",\"name\":\"Olejek Liptus\u00ae \u2013 moc eukaliptusa, mi\u0119ty i oregano - Klaudyna Hebda Nature\",\"isPartOf\":{\"@id\":\"https:\/\/klaudynahebda.pl\/sklep\/#website\"},\"datePublished\":\"2019-03-13T21:05:17+00:00\",\"dateModified\":\"2026-04-05T17:32:20+00:00\",\"description\":\"Mieszanka olejk\u00f3w eterycznych do inhalacji Liptus\u00ae - poznaj zielon\u0105 moc eukaliptusa, mi\u0119ty i oregano. Poczuj zapach, kt\u00f3ry wspiera komfort oddechu.\",\"breadcrumb\":{\"@id\":\"https:\/\/klaudynahebda.pl\/sklep\/zatoki-i\/#breadcrumb\"},\"inLanguage\":\"pl-PL\",\"potentialAction\":[{\"@type\":\"ReadAction\",\"target\":[\"https:\/\/klaudynahebda.pl\/sklep\/zatoki-i\/\"]}]},{\"@type\":\"BreadcrumbList\",\"@id\":\"https:\/\/klaudynahebda.pl\/sklep\/zatoki-i\/#breadcrumb\",\"itemListElement\":[{\"@type\":\"ListItem\",\"position\":1,\"name\":\"Strona g\u0142\u00f3wna\",\"item\":\"https:\/\/klaudynahebda.pl\/sklep\/\"},{\"@type\":\"ListItem\",\"position\":2,\"name\":\"Sklep\",\"item\":\"https:\/\/klaudynahebda.pl\/sklep\/sklep\/\"},{\"@type\":\"ListItem\",\"position\":3,\"name\":\"Zatoki\",\"item\":\"https:\/\/klaudynahebda.pl\/sklep\/zatoki\/\"},{\"@type\":\"ListItem\",\"position\":4,\"name\":\"Olejek Liptus\u00ae &#8211; moc eukaliptusa, mi\u0119ty i oregano\"}]},{\"@type\":\"WebSite\",\"@id\":\"https:\/\/klaudynahebda.pl\/sklep\/#website\",\"url\":\"https:\/\/klaudynahebda.pl\/sklep\/\",\"name\":\"Klaudyna Hebda Nature\",\"description\":\"Sklep\",\"publisher\":{\"@id\":\"https:\/\/klaudynahebda.pl\/sklep\/#organization\"},\"potentialAction\":[{\"@type\":\"SearchAction\",\"target\":{\"@type\":\"EntryPoint\",\"urlTemplate\":\"https:\/\/klaudynahebda.pl\/sklep\/?s={search_term_string}\"},\"query-input\":\"required name=search_term_string\"}],\"inLanguage\":\"pl-PL\"},{\"@type\":\"Organization\",\"@id\":\"https:\/\/klaudynahebda.pl\/sklep\/#organization\",\"name\":\"KlaudynaHebda\",\"url\":\"https:\/\/klaudynahebda.pl\/sklep\/\",\"sameAs\":[],\"logo\":{\"@type\":\"ImageObject\",\"inLanguage\":\"pl-PL\",\"@id\":\"https:\/\/klaudynahebda.pl\/sklep\/#\/schema\/logo\/image\/\",\"url\":\"\",\"contentUrl\":\"\",\"caption\":\"KlaudynaHebda\"},\"image\":{\"@id\":\"https:\/\/klaudynahebda.pl\/sklep\/#\/schema\/logo\/image\/\"}}]}<\/script>\n<!-- \/ Yoast SEO plugin. -->","yoast_head_json":{"title":"Olejek Liptus\u00ae \u2013 moc eukaliptusa, mi\u0119ty i oregano - Klaudyna Hebda Nature","description":"Mieszanka olejk\u00f3w eterycznych do inhalacji Liptus\u00ae - poznaj zielon\u0105 moc eukaliptusa, mi\u0119ty i oregano. Poczuj zapach, kt\u00f3ry wspiera komfort oddechu.","robots":{"index":"index","follow":"follow","max-snippet":"max-snippet:-1","max-image-preview":"max-image-preview:large","max-video-preview":"max-video-preview:-1"},"canonical":"https:\/\/klaudynahebda.pl\/sklep\/zatoki-i\/","og_locale":"pl_PL","og_type":"article","og_title":"Olejek Liptus\u00ae \u2013 moc eukaliptusa, mi\u0119ty i oregano - Klaudyna Hebda Nature","og_description":"Mieszanka olejk\u00f3w eterycznych do inhalacji Liptus\u00ae - poznaj zielon\u0105 moc eukaliptusa, mi\u0119ty i oregano. Poczuj zapach, kt\u00f3ry wspiera komfort oddechu.","og_url":"https:\/\/klaudynahebda.pl\/sklep\/zatoki-i\/","og_site_name":"Klaudyna Hebda Nature","article_modified_time":"2026-04-05T17:32:20+00:00","og_image":[{"width":844,"height":1152,"url":"https:\/\/klaudynahebda.pl\/sklep\/wp-content\/uploads\/2019\/03\/olejek-liptus-packshot-biale-tlo.jpg.png","type":"image\/png"}],"twitter_card":"summary_large_image","twitter_misc":{"Szacowany czas czytania":"6 minut"},"schema":{"@context":"https:\/\/schema.org","@graph":[{"@type":"WebPage","@id":"https:\/\/klaudynahebda.pl\/sklep\/zatoki-i\/","url":"https:\/\/klaudynahebda.pl\/sklep\/zatoki-i\/","name":"Olejek Liptus\u00ae \u2013 moc eukaliptusa, mi\u0119ty i oregano - Klaudyna Hebda Nature","isPartOf":{"@id":"https:\/\/klaudynahebda.pl\/sklep\/#website"},"datePublished":"2019-03-13T21:05:17+00:00","dateModified":"2026-04-05T17:32:20+00:00","description":"Mieszanka olejk\u00f3w eterycznych do inhalacji Liptus\u00ae - poznaj zielon\u0105 moc eukaliptusa, mi\u0119ty i oregano. Poczuj zapach, kt\u00f3ry wspiera komfort oddechu.","breadcrumb":{"@id":"https:\/\/klaudynahebda.pl\/sklep\/zatoki-i\/#breadcrumb"},"inLanguage":"pl-PL","potentialAction":[{"@type":"ReadAction","target":["https:\/\/klaudynahebda.pl\/sklep\/zatoki-i\/"]}]},{"@type":"BreadcrumbList","@id":"https:\/\/klaudynahebda.pl\/sklep\/zatoki-i\/#breadcrumb","itemListElement":[{"@type":"ListItem","position":1,"name":"Strona g\u0142\u00f3wna","item":"https:\/\/klaudynahebda.pl\/sklep\/"},{"@type":"ListItem","position":2,"name":"Sklep","item":"https:\/\/klaudynahebda.pl\/sklep\/sklep\/"},{"@type":"ListItem","position":3,"name":"Zatoki","item":"https:\/\/klaudynahebda.pl\/sklep\/zatoki\/"},{"@type":"ListItem","position":4,"name":"Olejek Liptus\u00ae &#8211; moc eukaliptusa, mi\u0119ty i oregano"}]},{"@type":"WebSite","@id":"https:\/\/klaudynahebda.pl\/sklep\/#website","url":"https:\/\/klaudynahebda.pl\/sklep\/","name":"Klaudyna Hebda Nature","description":"Sklep","publisher":{"@id":"https:\/\/klaudynahebda.pl\/sklep\/#organization"},"potentialAction":[{"@type":"SearchAction","target":{"@type":"EntryPoint","urlTemplate":"https:\/\/klaudynahebda.pl\/sklep\/?s={search_term_string}"},"query-input":"required name=search_term_string"}],"inLanguage":"pl-PL"},{"@type":"Organization","@id":"https:\/\/klaudynahebda.pl\/sklep\/#organization","name":"KlaudynaHebda","url":"https:\/\/klaudynahebda.pl\/sklep\/","sameAs":[],"logo":{"@type":"ImageObject","inLanguage":"pl-PL","@id":"https:\/\/klaudynahebda.pl\/sklep\/#\/schema\/logo\/image\/","url":"","contentUrl":"","caption":"KlaudynaHebda"},"image":{"@id":"https:\/\/klaudynahebda.pl\/sklep\/#\/schema\/logo\/image\/"}}]}},"_links":{"self":[{"href":"https:\/\/klaudynahebda.pl\/sklep\/wp-json\/wp\/v2\/product\/32742"}],"collection":[{"href":"https:\/\/klaudynahebda.pl\/sklep\/wp-json\/wp\/v2\/product"}],"about":[{"href":"https:\/\/klaudynahebda.pl\/sklep\/wp-json\/wp\/v2\/types\/product"}],"replies":[{"embeddable":true,"href":"https:\/\/klaudynahebda.pl\/sklep\/wp-json\/wp\/v2\/comments?post=32742"}],"wp:featuredmedia":[{"embeddable":true,"href":"https:\/\/klaudynahebda.pl\/sklep\/wp-json\/wp\/v2\/media\/3376571"}],"wp:attachment":[{"href":"https:\/\/klaudynahebda.pl\/sklep\/wp-json\/wp\/v2\/media?parent=32742"}],"wp:term":[{"taxonomy":"product_cat","embeddable":true,"href":"https:\/\/klaudynahebda.pl\/sklep\/wp-json\/wp\/v2\/product_cat?post=32742"},{"taxonomy":"product_tag","embeddable":true,"href":"https:\/\/klaudynahebda.pl\/sklep\/wp-json\/wp\/v2\/product_tag?post=32742"}],"curies":[{"name":"wp","href":"https:\/\/api.w.org\/{rel}","templated":true}]}}