{"id":3150860,"date":"2024-11-14T10:52:19","date_gmt":"2024-11-14T09:52:19","guid":{"rendered":"https:\/\/klaudynahebda.pl\/sklep\/?post_type=product&#038;p=3150860"},"modified":"2026-01-07T14:46:20","modified_gmt":"2026-01-07T13:46:20","slug":"zestaw-prezentowy","status":"publish","type":"product","link":"https:\/\/klaudynahebda.pl\/sklep\/zestaw-prezentowy\/","title":{"rendered":"Zestaw prezentowy"},"content":{"rendered":"<h2><span data-contrast=\"auto\">Stw\u00f3rz niepowtarzalny zestaw prezentowy! <\/span><\/h2>\n<p><span data-contrast=\"auto\">Zamiast kilku r\u00f3\u017cnych zestaw\u00f3w mamy dla Ciebie jeden \u2013 ale taki, kt\u00f3ry idealnie dopasujesz do siebie lub do osoby, kt\u00f3rej chcesz go podarowa\u0107. To <\/span><b><span data-contrast=\"auto\">prezent, kt\u00f3ry pomaga zatroszczy\u0107 si\u0119 o zdrowie i dobre samopoczucie <\/span><\/b><span data-contrast=\"auto\">\u2013 bo na \u015bwi\u0119ta \u017cyczymy tego, co najwa\u017cniejsze i dbamy o spe\u0142nianie si\u0119 tych \u017cycze\u0144.<\/span><span data-ccp-props=\"{&quot;134233117&quot;:false,&quot;134233118&quot;:false,&quot;201341983&quot;:0,&quot;335559738&quot;:0,&quot;335559739&quot;:160,&quot;335559740&quot;:257}\">\u00a0<\/span><\/p>\n<p><span data-contrast=\"auto\">Dla mamy, siostry, przyjaci\u00f3\u0142ki, a mo\u017ce dla siebie samej? Gotowy, spersonalizowany upominek to oszcz\u0119dno\u015b\u0107 Twojego czasu i pieni\u0119dzy. Nie musisz szuka\u0107 pude\u0142ka, ozd\u00f3b ani martwi\u0107 si\u0119 o opakowanie, a mimo to masz pe\u0142en wp\u0142yw na wygl\u0105d i zawarto\u015b\u0107 prezentu. Wybierz wz\u00f3r obwoluty, jeden z dw\u00f3ch uk\u0142ad\u00f3w pude\u0142ek i konkretne produkty, a my z przyjemno\u015bci\u0105 zapakujemy to dla Ciebie i zabezpieczymy wype\u0142nieniem wi\u00f3rkowym. <\/span><span data-ccp-props=\"{&quot;134233117&quot;:false,&quot;134233118&quot;:false,&quot;201341983&quot;:0,&quot;335559738&quot;:0,&quot;335559739&quot;:160,&quot;335559740&quot;:257}\">\u00a0<\/span><\/p>\n<p><b><span data-contrast=\"auto\">Obdaruj swoich bliskich upominkiem pe\u0142nym troski i pi\u0119knego aromatu.<\/span><\/b><span data-ccp-props=\"{&quot;134233117&quot;:false,&quot;134233118&quot;:false,&quot;201341983&quot;:0,&quot;335559738&quot;:0,&quot;335559739&quot;:160,&quot;335559740&quot;:257}\">\u00a0<\/span><\/p>\n<h2>Spersonalizowany zestaw prezentowy &#8211; jak to dzia\u0142a?<\/h2>\n<p><b><span data-contrast=\"auto\">Skompletuj sw\u00f3j zestaw prezentowy w kilku prostych krokach:<\/span><\/b><span data-ccp-props=\"{&quot;134233117&quot;:false,&quot;134233118&quot;:false,&quot;201341983&quot;:0,&quot;335559738&quot;:0,&quot;335559739&quot;:160,&quot;335559740&quot;:257}\">\u00a0<\/span><\/p>\n<p><span data-contrast=\"auto\">1. Wybierz obwolut\u0119 \u2013 botaniczna, \u015bwi\u0105teczna a mo\u017ce zielarska? Ka\u017cda jest zupe\u0142nie inna, ka\u017cda b\u0119dzie oryginaln\u0105 ozdob\u0105 Twojego prezentu. Zar\u00f3wno za obwolut\u0119, jak i za pude\u0142ko z wype\u0142nieniem nic nie p\u0142acisz<\/span><span data-ccp-props=\"{&quot;134233117&quot;:false,&quot;134233118&quot;:false,&quot;201341983&quot;:0,&quot;335559685&quot;:720,&quot;335559737&quot;:0,&quot;335559738&quot;:0,&quot;335559739&quot;:0,&quot;335559740&quot;:257,&quot;335559991&quot;:360}\">. <\/span><\/p>\n<p><span data-contrast=\"auto\">2. Wybierz wk\u0142ad \u2013 w tym kroku wybierasz jeden z dw\u00f3ch uk\u0142ad\u00f3w produkt\u00f3w:<\/span><span data-ccp-props=\"{&quot;134233117&quot;:false,&quot;134233118&quot;:false,&quot;201341983&quot;:0,&quot;335559685&quot;:720,&quot;335559737&quot;:0,&quot;335559738&quot;:0,&quot;335559739&quot;:0,&quot;335559740&quot;:257,&quot;335559991&quot;:360}\">\u00a0<\/span><\/p>\n<ul>\n<li data-leveltext=\"\uf0b7\" data-font=\"Symbol\" data-listid=\"2\" data-list-defn-props=\"{&quot;335552541&quot;:1,&quot;335559683&quot;:0,&quot;335559684&quot;:-2,&quot;335559685&quot;:720,&quot;335559991&quot;:360,&quot;469769226&quot;:&quot;Symbol&quot;,&quot;469769242&quot;:[8226],&quot;469777803&quot;:&quot;left&quot;,&quot;469777804&quot;:&quot;\uf0b7&quot;,&quot;469777815&quot;:&quot;hybridMultilevel&quot;}\" data-aria-posinset=\"1\" data-aria-level=\"1\"><span data-contrast=\"auto\">olejek 5 ml + s\u00f3l do k\u0105pieli + \u015bwieca + ma\u015b\u0107 LUB balsam,<\/span><span data-ccp-props=\"{&quot;134233117&quot;:false,&quot;134233118&quot;:false,&quot;201341983&quot;:0,&quot;335559737&quot;:0,&quot;335559738&quot;:0,&quot;335559739&quot;:0,&quot;335559740&quot;:257}\">\u00a0<\/span><\/li>\n<\/ul>\n<ul>\n<li data-leveltext=\"\uf0b7\" data-font=\"Symbol\" data-listid=\"2\" data-list-defn-props=\"{&quot;335552541&quot;:1,&quot;335559683&quot;:0,&quot;335559684&quot;:-2,&quot;335559685&quot;:720,&quot;335559991&quot;:360,&quot;469769226&quot;:&quot;Symbol&quot;,&quot;469769242&quot;:[8226],&quot;469777803&quot;:&quot;left&quot;,&quot;469777804&quot;:&quot;\uf0b7&quot;,&quot;469777815&quot;:&quot;hybridMultilevel&quot;}\" data-aria-posinset=\"2\" data-aria-level=\"1\"><span data-contrast=\"auto\">ole<\/span><span data-contrast=\"auto\">jek 15 ml + herbata + roll-on + ma\u015b\u0107 LUB balsam.\u00a0<\/span><\/li>\n<\/ul>\n<p>3. <span style=\"font-size: 14.4px;\" data-contrast=\"auto\">Nast\u0119pnie dopasuj zestaw do swoich potrzeb, wybieraj\u0105c spo\u015br\u00f3d r\u00f3\u017cnych rodzaj\u00f3w soli, \u015bwiec, herbat, roll-on\u00f3w, ma\u015bci, balsam\u00f3w i olejk\u00f3w eterycznych.\u00a0<\/span><\/p>\n<p><span data-ccp-props=\"{&quot;134233117&quot;:false,&quot;134233118&quot;:false,&quot;201341983&quot;:0,&quot;335559685&quot;:720,&quot;335559737&quot;:0,&quot;335559738&quot;:0,&quot;335559739&quot;:0,&quot;335559740&quot;:257,&quot;335559991&quot;:360}\">4. <\/span><span data-contrast=\"auto\">Dodaj ca\u0142o\u015b\u0107 do koszyka, zam\u00f3w i poczekaj na paczk\u0119.<\/span><span data-ccp-props=\"{&quot;134233117&quot;:false,&quot;134233118&quot;:false,&quot;201341983&quot;:0,&quot;335559685&quot;:720,&quot;335559737&quot;:0,&quot;335559738&quot;:0,&quot;335559739&quot;:0,&quot;335559740&quot;:257,&quot;335559991&quot;:360}\">\u00a0<\/span><\/p>\n<p><span data-contrast=\"auto\">5. Wr\u0119cz wybrany z serca <\/span><span data-contrast=\"auto\">upominek<\/span><span data-contrast=\"auto\"> bliskiej osobie (lub zachowaj paczuszk\u0119 dla siebie).<\/span><span data-ccp-props=\"{&quot;134233117&quot;:false,&quot;134233118&quot;:false,&quot;201341983&quot;:0,&quot;335559685&quot;:720,&quot;335559737&quot;:0,&quot;335559738&quot;:0,&quot;335559739&quot;:0,&quot;335559740&quot;:257,&quot;335559991&quot;:360}\">\u00a0<\/span><\/p>\n","protected":false},"excerpt":{"rendered":"<h2>Zestaw prezentowy to:<\/h2>\n<ul>\n<li>idealnie trafiony prezent \u2014 w ko\u0144cu kompletujesz go z my\u015bl\u0105 o konkretnej osobie;<\/li>\n<li>opcja \u201egotowa do wr\u0119czenia\u201d, dzi\u0119ki kt\u00f3rej szcz\u0119dzisz sw\u00f3j czas i energi\u0119 \u2013 po prostu wybierz, zapakuj i podaruj \ud83d\udc9d<\/li>\n<li>Tw\u00f3j wyb\u00f3r \u2013 decyzja, co znajdzie si\u0119 w zestawie, zale\u017cy tylko od Ciebie<\/li>\n<li>naturalne receptury aromaterapeutyczne, kt\u00f3re naprawd\u0119 dzia\u0142aj\u0105 w wyj\u0105tkowej, od\u015bwi\u0119tnej oprawie<\/li>\n<li>idealny podarunek dla kogo\u015b, kogo kochasz i o kogo si\u0119 troszczysz \ud83d\udc95\u2013 nietuzinkowy pomys\u0142 na prezent dla mamy, siostry czy przyjaci\u00f3\u0142ki<\/li>\n<\/ul>\n<p>\u2728 <strong style=\"color: #555555;\">Zam\u00f3w teraz i podaruj chwil\u0119 odpr\u0119\u017cenia, zapachu i uwa\u017cno\u015bci komu\u015b bliskiemu.<\/strong><\/p>\n<h3><strong>Jak skompletowa\u0107 zestaw na prezent?<\/strong><\/h3>\n<ul>\n<li>Wybierz obwolut\u0119.<\/li>\n<li>Wybierz typ zestawu.<\/li>\n<li>Uzupe\u0142nij 4 produktami wg swoich preferencji.<\/li>\n<\/ul>\n<p><span style=\"text-decoration: underline;\">\ud83c\udf1f Produkty kupione poza &#8220;Zestawem prezentowym&#8221; pakujemy w standardowy spos\u00f3b &#8211; <strong>tylko &#8220;Zestaw prezentowy&#8221; to gotowy prezent do wr\u0119czenia w przepi\u0119knej oprawie. \ud83c\udf1f<\/strong><\/span><\/p>\n","protected":false},"featured_media":3423920,"comment_status":"open","ping_status":"closed","template":"","meta":[],"product_cat":[246,244,46,118],"product_tag":[],"acf":[],"yoast_head":"<!-- This site is optimized with the Yoast SEO plugin v19.6.1 - https:\/\/yoast.com\/wordpress\/plugins\/seo\/ -->\n<title>Zestaw prezentowy - Klaudyna Hebda Nature<\/title>\n<meta name=\"robots\" content=\"index, follow, max-snippet:-1, max-image-preview:large, max-video-preview:-1\" \/>\n<link rel=\"canonical\" href=\"https:\/\/klaudynahebda.pl\/sklep\/zestaw-prezentowy\/\" \/>\n<meta property=\"og:locale\" content=\"pl_PL\" \/>\n<meta property=\"og:type\" content=\"article\" \/>\n<meta property=\"og:title\" content=\"Zestaw prezentowy - Klaudyna Hebda Nature\" \/>\n<meta property=\"og:description\" content=\"Zestaw prezentowy to:   idealnie trafiony prezent \u2014 w ko\u0144cu kompletujesz go z my\u015bl\u0105 o konkretnej osobie;  opcja \u201egotowa do wr\u0119czenia\u201d, dzi\u0119ki kt\u00f3rej szcz\u0119dzisz sw\u00f3j czas i energi\u0119 \u2013 po prostu wybierz, zapakuj i podaruj \ud83d\udc9d  Tw\u00f3j wyb\u00f3r \u2013 decyzja, co znajdzie si\u0119 w zestawie, zale\u017cy tylko od Ciebie  naturalne receptury aromaterapeutyczne, kt\u00f3re naprawd\u0119 dzia\u0142aj\u0105 w wyj\u0105tkowej, od\u015bwi\u0119tnej oprawie  idealny podarunek dla kogo\u015b, kogo kochasz i o kogo si\u0119 troszczysz \ud83d\udc95\u2013 nietuzinkowy pomys\u0142 na prezent dla mamy, siostry czy przyjaci\u00f3\u0142ki  \u2728 Zam\u00f3w teraz i podaruj chwil\u0119 odpr\u0119\u017cenia, zapachu i uwa\u017cno\u015bci komu\u015b bliskiemu. Jak skompletowa\u0107 zestaw na prezent?   Wybierz obwolut\u0119.  Wybierz typ zestawu.  Uzupe\u0142nij 4 produktami wg swoich preferencji.  \ud83c\udf1f Produkty kupione poza &quot;Zestawem prezentowym&quot; pakujemy w standardowy spos\u00f3b - tylko &quot;Zestaw prezentowy&quot; to gotowy prezent do wr\u0119czenia w przepi\u0119knej oprawie. \ud83c\udf1f\" \/>\n<meta property=\"og:url\" content=\"https:\/\/klaudynahebda.pl\/sklep\/zestaw-prezentowy\/\" \/>\n<meta property=\"og:site_name\" content=\"Klaudyna Hebda Nature\" \/>\n<meta property=\"article:modified_time\" content=\"2026-01-07T13:46:20+00:00\" \/>\n<meta property=\"og:image\" content=\"https:\/\/klaudynahebda.pl\/sklep\/wp-content\/uploads\/2024\/11\/zestaw-prezentowy.webp\" \/>\n\t<meta property=\"og:image:width\" content=\"844\" \/>\n\t<meta property=\"og:image:height\" content=\"1152\" \/>\n\t<meta property=\"og:image:type\" content=\"image\/webp\" \/>\n<meta name=\"twitter:card\" content=\"summary_large_image\" \/>\n<meta name=\"twitter:label1\" content=\"Szacowany czas czytania\" \/>\n\t<meta name=\"twitter:data1\" content=\"2 minuty\" \/>\n<script type=\"application\/ld+json\" class=\"yoast-schema-graph\">{\"@context\":\"https:\/\/schema.org\",\"@graph\":[{\"@type\":\"WebPage\",\"@id\":\"https:\/\/klaudynahebda.pl\/sklep\/zestaw-prezentowy\/\",\"url\":\"https:\/\/klaudynahebda.pl\/sklep\/zestaw-prezentowy\/\",\"name\":\"Zestaw prezentowy - Klaudyna Hebda Nature\",\"isPartOf\":{\"@id\":\"https:\/\/klaudynahebda.pl\/sklep\/#website\"},\"datePublished\":\"2024-11-14T09:52:19+00:00\",\"dateModified\":\"2026-01-07T13:46:20+00:00\",\"breadcrumb\":{\"@id\":\"https:\/\/klaudynahebda.pl\/sklep\/zestaw-prezentowy\/#breadcrumb\"},\"inLanguage\":\"pl-PL\",\"potentialAction\":[{\"@type\":\"ReadAction\",\"target\":[\"https:\/\/klaudynahebda.pl\/sklep\/zestaw-prezentowy\/\"]}]},{\"@type\":\"BreadcrumbList\",\"@id\":\"https:\/\/klaudynahebda.pl\/sklep\/zestaw-prezentowy\/#breadcrumb\",\"itemListElement\":[{\"@type\":\"ListItem\",\"position\":1,\"name\":\"Strona g\u0142\u00f3wna\",\"item\":\"https:\/\/klaudynahebda.pl\/sklep\/\"},{\"@type\":\"ListItem\",\"position\":2,\"name\":\"Sklep\",\"item\":\"https:\/\/klaudynahebda.pl\/sklep\/sklep\/\"},{\"@type\":\"ListItem\",\"position\":3,\"name\":\"Zestawy Klaudyna Hebda\",\"item\":\"https:\/\/klaudynahebda.pl\/sklep\/zestawy\/\"},{\"@type\":\"ListItem\",\"position\":4,\"name\":\"Zestaw prezentowy\"}]},{\"@type\":\"WebSite\",\"@id\":\"https:\/\/klaudynahebda.pl\/sklep\/#website\",\"url\":\"https:\/\/klaudynahebda.pl\/sklep\/\",\"name\":\"Klaudyna Hebda Nature\",\"description\":\"Sklep\",\"publisher\":{\"@id\":\"https:\/\/klaudynahebda.pl\/sklep\/#organization\"},\"potentialAction\":[{\"@type\":\"SearchAction\",\"target\":{\"@type\":\"EntryPoint\",\"urlTemplate\":\"https:\/\/klaudynahebda.pl\/sklep\/?s={search_term_string}\"},\"query-input\":\"required name=search_term_string\"}],\"inLanguage\":\"pl-PL\"},{\"@type\":\"Organization\",\"@id\":\"https:\/\/klaudynahebda.pl\/sklep\/#organization\",\"name\":\"KlaudynaHebda\",\"url\":\"https:\/\/klaudynahebda.pl\/sklep\/\",\"sameAs\":[],\"logo\":{\"@type\":\"ImageObject\",\"inLanguage\":\"pl-PL\",\"@id\":\"https:\/\/klaudynahebda.pl\/sklep\/#\/schema\/logo\/image\/\",\"url\":\"\",\"contentUrl\":\"\",\"caption\":\"KlaudynaHebda\"},\"image\":{\"@id\":\"https:\/\/klaudynahebda.pl\/sklep\/#\/schema\/logo\/image\/\"}}]}<\/script>\n<!-- \/ Yoast SEO plugin. -->","yoast_head_json":{"title":"Zestaw prezentowy - Klaudyna Hebda Nature","robots":{"index":"index","follow":"follow","max-snippet":"max-snippet:-1","max-image-preview":"max-image-preview:large","max-video-preview":"max-video-preview:-1"},"canonical":"https:\/\/klaudynahebda.pl\/sklep\/zestaw-prezentowy\/","og_locale":"pl_PL","og_type":"article","og_title":"Zestaw prezentowy - Klaudyna Hebda Nature","og_description":"Zestaw prezentowy to:   idealnie trafiony prezent \u2014 w ko\u0144cu kompletujesz go z my\u015bl\u0105 o konkretnej osobie;  opcja \u201egotowa do wr\u0119czenia\u201d, dzi\u0119ki kt\u00f3rej szcz\u0119dzisz sw\u00f3j czas i energi\u0119 \u2013 po prostu wybierz, zapakuj i podaruj \ud83d\udc9d  Tw\u00f3j wyb\u00f3r \u2013 decyzja, co znajdzie si\u0119 w zestawie, zale\u017cy tylko od Ciebie  naturalne receptury aromaterapeutyczne, kt\u00f3re naprawd\u0119 dzia\u0142aj\u0105 w wyj\u0105tkowej, od\u015bwi\u0119tnej oprawie  idealny podarunek dla kogo\u015b, kogo kochasz i o kogo si\u0119 troszczysz \ud83d\udc95\u2013 nietuzinkowy pomys\u0142 na prezent dla mamy, siostry czy przyjaci\u00f3\u0142ki  \u2728 Zam\u00f3w teraz i podaruj chwil\u0119 odpr\u0119\u017cenia, zapachu i uwa\u017cno\u015bci komu\u015b bliskiemu. Jak skompletowa\u0107 zestaw na prezent?   Wybierz obwolut\u0119.  Wybierz typ zestawu.  Uzupe\u0142nij 4 produktami wg swoich preferencji.  \ud83c\udf1f Produkty kupione poza \"Zestawem prezentowym\" pakujemy w standardowy spos\u00f3b - tylko \"Zestaw prezentowy\" to gotowy prezent do wr\u0119czenia w przepi\u0119knej oprawie. \ud83c\udf1f","og_url":"https:\/\/klaudynahebda.pl\/sklep\/zestaw-prezentowy\/","og_site_name":"Klaudyna Hebda Nature","article_modified_time":"2026-01-07T13:46:20+00:00","og_image":[{"width":844,"height":1152,"url":"https:\/\/klaudynahebda.pl\/sklep\/wp-content\/uploads\/2024\/11\/zestaw-prezentowy.webp","type":"image\/webp"}],"twitter_card":"summary_large_image","twitter_misc":{"Szacowany czas czytania":"2 minuty"},"schema":{"@context":"https:\/\/schema.org","@graph":[{"@type":"WebPage","@id":"https:\/\/klaudynahebda.pl\/sklep\/zestaw-prezentowy\/","url":"https:\/\/klaudynahebda.pl\/sklep\/zestaw-prezentowy\/","name":"Zestaw prezentowy - Klaudyna Hebda Nature","isPartOf":{"@id":"https:\/\/klaudynahebda.pl\/sklep\/#website"},"datePublished":"2024-11-14T09:52:19+00:00","dateModified":"2026-01-07T13:46:20+00:00","breadcrumb":{"@id":"https:\/\/klaudynahebda.pl\/sklep\/zestaw-prezentowy\/#breadcrumb"},"inLanguage":"pl-PL","potentialAction":[{"@type":"ReadAction","target":["https:\/\/klaudynahebda.pl\/sklep\/zestaw-prezentowy\/"]}]},{"@type":"BreadcrumbList","@id":"https:\/\/klaudynahebda.pl\/sklep\/zestaw-prezentowy\/#breadcrumb","itemListElement":[{"@type":"ListItem","position":1,"name":"Strona g\u0142\u00f3wna","item":"https:\/\/klaudynahebda.pl\/sklep\/"},{"@type":"ListItem","position":2,"name":"Sklep","item":"https:\/\/klaudynahebda.pl\/sklep\/sklep\/"},{"@type":"ListItem","position":3,"name":"Zestawy Klaudyna Hebda","item":"https:\/\/klaudynahebda.pl\/sklep\/zestawy\/"},{"@type":"ListItem","position":4,"name":"Zestaw prezentowy"}]},{"@type":"WebSite","@id":"https:\/\/klaudynahebda.pl\/sklep\/#website","url":"https:\/\/klaudynahebda.pl\/sklep\/","name":"Klaudyna Hebda Nature","description":"Sklep","publisher":{"@id":"https:\/\/klaudynahebda.pl\/sklep\/#organization"},"potentialAction":[{"@type":"SearchAction","target":{"@type":"EntryPoint","urlTemplate":"https:\/\/klaudynahebda.pl\/sklep\/?s={search_term_string}"},"query-input":"required name=search_term_string"}],"inLanguage":"pl-PL"},{"@type":"Organization","@id":"https:\/\/klaudynahebda.pl\/sklep\/#organization","name":"KlaudynaHebda","url":"https:\/\/klaudynahebda.pl\/sklep\/","sameAs":[],"logo":{"@type":"ImageObject","inLanguage":"pl-PL","@id":"https:\/\/klaudynahebda.pl\/sklep\/#\/schema\/logo\/image\/","url":"","contentUrl":"","caption":"KlaudynaHebda"},"image":{"@id":"https:\/\/klaudynahebda.pl\/sklep\/#\/schema\/logo\/image\/"}}]}},"_links":{"self":[{"href":"https:\/\/klaudynahebda.pl\/sklep\/wp-json\/wp\/v2\/product\/3150860"}],"collection":[{"href":"https:\/\/klaudynahebda.pl\/sklep\/wp-json\/wp\/v2\/product"}],"about":[{"href":"https:\/\/klaudynahebda.pl\/sklep\/wp-json\/wp\/v2\/types\/product"}],"replies":[{"embeddable":true,"href":"https:\/\/klaudynahebda.pl\/sklep\/wp-json\/wp\/v2\/comments?post=3150860"}],"wp:featuredmedia":[{"embeddable":true,"href":"https:\/\/klaudynahebda.pl\/sklep\/wp-json\/wp\/v2\/media\/3423920"}],"wp:attachment":[{"href":"https:\/\/klaudynahebda.pl\/sklep\/wp-json\/wp\/v2\/media?parent=3150860"}],"wp:term":[{"taxonomy":"product_cat","embeddable":true,"href":"https:\/\/klaudynahebda.pl\/sklep\/wp-json\/wp\/v2\/product_cat?post=3150860"},{"taxonomy":"product_tag","embeddable":true,"href":"https:\/\/klaudynahebda.pl\/sklep\/wp-json\/wp\/v2\/product_tag?post=3150860"}],"curies":[{"name":"wp","href":"https:\/\/api.w.org\/{rel}","templated":true}]}}