{"id":3143660,"date":"2024-11-05T12:43:38","date_gmt":"2024-11-05T11:43:38","guid":{"rendered":"https:\/\/klaudynahebda.pl\/sklep\/?post_type=product&#038;p=3143660"},"modified":"2026-04-12T15:36:47","modified_gmt":"2026-04-12T13:36:47","slug":"zestaw-3-x-kropelki-odpornosci","status":"publish","type":"product","link":"https:\/\/klaudynahebda.pl\/sklep\/zestaw-3-x-kropelki-odpornosci\/","title":{"rendered":"Zestaw 3 x Kropelki odporno\u015bci"},"content":{"rendered":"<p><span class=\"TextRun SCXW184165615 BCX8\" lang=\"PL-PL\" xml:lang=\"PL-PL\" data-contrast=\"auto\"><span class=\"NormalTextRun SCXW184165615 BCX8\">W zestawie znajduj\u0105 si\u0119 a\u017c 3 buteleczki Kropelek odporno\u015bci.<\/span><\/span><span class=\"EOP SCXW184165615 BCX8\" data-ccp-props=\"{&quot;134233117&quot;:false,&quot;134233118&quot;:false,&quot;201341983&quot;:0,&quot;335559738&quot;:0,&quot;335559739&quot;:200,&quot;335559740&quot;:276}\">\u00a0<\/span><\/p>\n<h2><span data-contrast=\"auto\">Kropelki odporno\u015bci*: moc 7 sk\u0142adnik\u00f3w zamkni\u0119tych w jednej buteleczce<\/span><\/h2>\n<ul>\n<li><span data-contrast=\"auto\">*Zawiera selen, kt\u00f3ry pomaga w prawid\u0142owym funkcjonowaniu uk\u0142adu odporno\u015bciowego<\/span><span data-ccp-props=\"{&quot;134233117&quot;:false,&quot;134233118&quot;:false,&quot;201341983&quot;:0,&quot;335559685&quot;:720,&quot;335559737&quot;:0,&quot;335559738&quot;:0,&quot;335559739&quot;:0,&quot;335559740&quot;:276,&quot;335559991&quot;:360}\">\u00a0<\/span><\/li>\n<li data-leveltext=\"\u00b7\" data-font=\"Symbol\" data-listid=\"1\" data-list-defn-props=\"{&quot;335552541&quot;:1,&quot;335559685&quot;:720,&quot;335559991&quot;:360,&quot;469769226&quot;:&quot;Symbol&quot;,&quot;469769242&quot;:[8226],&quot;469777803&quot;:&quot;left&quot;,&quot;469777804&quot;:&quot;\u00b7&quot;,&quot;469777815&quot;:&quot;hybridMultilevel&quot;}\" data-aria-posinset=\"1\" data-aria-level=\"1\"><span data-contrast=\"auto\">Po\u0142\u0105czenie wyci\u0105g\u00f3w ro\u015blinnych i produkt\u00f3w pszczelich \u2013 m.in. imbiru, dzikiej r\u00f3\u017cy, propolisu, miodu<\/span><\/li>\n<li data-leveltext=\"\u00b7\" data-font=\"Symbol\" data-listid=\"1\" data-list-defn-props=\"{&quot;335552541&quot;:1,&quot;335559685&quot;:720,&quot;335559991&quot;:360,&quot;469769226&quot;:&quot;Symbol&quot;,&quot;469769242&quot;:[8226],&quot;469777803&quot;:&quot;left&quot;,&quot;469777804&quot;:&quot;\u00b7&quot;,&quot;469777815&quot;:&quot;hybridMultilevel&quot;}\" data-aria-posinset=\"1\" data-aria-level=\"1\"><span data-contrast=\"auto\">Starannie dobrana receptura opracowana przez Klaudyn\u0119 Hebd\u0119<\/span><\/li>\n<li data-leveltext=\"\u00b7\" data-font=\"Symbol\" data-listid=\"1\" data-list-defn-props=\"{&quot;335552541&quot;:1,&quot;335559685&quot;:720,&quot;335559991&quot;:360,&quot;469769226&quot;:&quot;Symbol&quot;,&quot;469769242&quot;:[8226],&quot;469777803&quot;:&quot;left&quot;,&quot;469777804&quot;:&quot;\u00b7&quot;,&quot;469777815&quot;:&quot;hybridMultilevel&quot;}\" data-aria-posinset=\"1\" data-aria-level=\"1\"><span data-contrast=\"auto\">Bogaty sk\u0142ad \u2013 a\u017c 7 sk\u0142adnik\u00f3w, kt\u00f3re wspieraj\u0105 Twoje zdrowie<\/span><\/li>\n<li data-leveltext=\"\u00b7\" data-font=\"Symbol\" data-listid=\"1\" data-list-defn-props=\"{&quot;335552541&quot;:1,&quot;335559685&quot;:720,&quot;335559991&quot;:360,&quot;469769226&quot;:&quot;Symbol&quot;,&quot;469769242&quot;:[8226],&quot;469777803&quot;:&quot;left&quot;,&quot;469777804&quot;:&quot;\u00b7&quot;,&quot;469777815&quot;:&quot;hybridMultilevel&quot;}\" data-aria-posinset=\"5\" data-aria-level=\"1\"><span data-contrast=\"auto\">P\u0142ynna formu\u0142a, kt\u00f3ra u\u0142atwia spo\u017cywanie<\/span><span data-ccp-props=\"{&quot;134233117&quot;:false,&quot;134233118&quot;:false,&quot;201341983&quot;:0,&quot;335559685&quot;:720,&quot;335559737&quot;:0,&quot;335559738&quot;:0,&quot;335559739&quot;:0,&quot;335559740&quot;:276,&quot;335559991&quot;:360}\">\u00a0<\/span><\/li>\n<\/ul>\n<p>&nbsp;<\/p>\n<p><strong>Sprawd\u017a te\u017c: <a href=\"https:\/\/klaudynahebda.pl\/sklep\/aromacaps-kapsulki-z-olejkiem-z-oregano-i-cytrynowym\/\">Aromacaps, kapsu\u0142ki z oregano oraz wit. D i E.<\/a>\u00a0<\/strong><\/p>\n","protected":false},"excerpt":{"rendered":"<h2>Zestaw Kropelek Odporno\u015bci: bo co trzy buteleczki, to nie jedna!<\/h2>\n<p>Je\u015bli chcesz wspiera\u0107 sw\u00f3j uk\u0142ad odporno\u015bciowy* i maksymalnie wykorzysta\u0107 Kropelki odporno\u015bci, wybierz <strong>zestaw 3 buteleczek Kropelek odporno\u015bci<\/strong> w obni\u017conej cenie, kt\u00f3ry wystarczy na miesi\u0105c pe\u0142nego stosowania.<\/p>\n<p>*Zawiera selen, kt\u00f3ry pomaga w prawid\u0142owym funkcjonowaniu uk\u0142adu odporno\u015bciowego.<\/p>\n","protected":false},"featured_media":3143718,"comment_status":"open","ping_status":"closed","template":"","meta":[],"product_cat":[210,39,46],"product_tag":[],"acf":[],"yoast_head":"<!-- This site is optimized with the Yoast SEO plugin v19.6.1 - https:\/\/yoast.com\/wordpress\/plugins\/seo\/ -->\n<title>Zestaw 3 x Kropelki odporno\u015bci - Klaudyna Hebda Nature<\/title>\n<meta name=\"description\" content=\"Chcesz dba\u0107 o odporno\u015b\u0107* na powa\u017cnie? Wybierz zestaw 3 x Kropelki odporno\u015bci w supercenie. *Zawiera selen, kt\u00f3ry pomaga w prawid\u0142owym funkcjonowaniu uk\u0142. odporno\u015bci.\" \/>\n<meta name=\"robots\" content=\"index, follow, max-snippet:-1, max-image-preview:large, max-video-preview:-1\" \/>\n<link rel=\"canonical\" href=\"https:\/\/klaudynahebda.pl\/sklep\/zestaw-3-x-kropelki-odpornosci\/\" \/>\n<meta property=\"og:locale\" content=\"pl_PL\" \/>\n<meta property=\"og:type\" content=\"article\" \/>\n<meta property=\"og:title\" content=\"Zestaw 3 x Kropelki odporno\u015bci - Klaudyna Hebda Nature\" \/>\n<meta property=\"og:description\" content=\"Chcesz dba\u0107 o odporno\u015b\u0107* na powa\u017cnie? Wybierz zestaw 3 x Kropelki odporno\u015bci w supercenie. *Zawiera selen, kt\u00f3ry pomaga w prawid\u0142owym funkcjonowaniu uk\u0142. odporno\u015bci.\" \/>\n<meta property=\"og:url\" content=\"https:\/\/klaudynahebda.pl\/sklep\/zestaw-3-x-kropelki-odpornosci\/\" \/>\n<meta property=\"og:site_name\" content=\"Klaudyna Hebda Nature\" \/>\n<meta property=\"article:modified_time\" content=\"2026-04-12T13:36:47+00:00\" \/>\n<meta property=\"og:image\" content=\"https:\/\/klaudynahebda.pl\/sklep\/wp-content\/uploads\/2024\/11\/1.jpg\" \/>\n\t<meta property=\"og:image:width\" content=\"1020\" \/>\n\t<meta property=\"og:image:height\" content=\"1530\" \/>\n\t<meta property=\"og:image:type\" content=\"image\/jpeg\" \/>\n<meta name=\"twitter:card\" content=\"summary_large_image\" \/>\n<meta name=\"twitter:label1\" content=\"Szacowany czas czytania\" \/>\n\t<meta name=\"twitter:data1\" content=\"1 minuta\" \/>\n<script type=\"application\/ld+json\" class=\"yoast-schema-graph\">{\"@context\":\"https:\/\/schema.org\",\"@graph\":[{\"@type\":\"WebPage\",\"@id\":\"https:\/\/klaudynahebda.pl\/sklep\/zestaw-3-x-kropelki-odpornosci\/\",\"url\":\"https:\/\/klaudynahebda.pl\/sklep\/zestaw-3-x-kropelki-odpornosci\/\",\"name\":\"Zestaw 3 x Kropelki odporno\u015bci - Klaudyna Hebda Nature\",\"isPartOf\":{\"@id\":\"https:\/\/klaudynahebda.pl\/sklep\/#website\"},\"datePublished\":\"2024-11-05T11:43:38+00:00\",\"dateModified\":\"2026-04-12T13:36:47+00:00\",\"description\":\"Chcesz dba\u0107 o odporno\u015b\u0107* na powa\u017cnie? Wybierz zestaw 3 x Kropelki odporno\u015bci w supercenie. *Zawiera selen, kt\u00f3ry pomaga w prawid\u0142owym funkcjonowaniu uk\u0142. odporno\u015bci.\",\"breadcrumb\":{\"@id\":\"https:\/\/klaudynahebda.pl\/sklep\/zestaw-3-x-kropelki-odpornosci\/#breadcrumb\"},\"inLanguage\":\"pl-PL\",\"potentialAction\":[{\"@type\":\"ReadAction\",\"target\":[\"https:\/\/klaudynahebda.pl\/sklep\/zestaw-3-x-kropelki-odpornosci\/\"]}]},{\"@type\":\"BreadcrumbList\",\"@id\":\"https:\/\/klaudynahebda.pl\/sklep\/zestaw-3-x-kropelki-odpornosci\/#breadcrumb\",\"itemListElement\":[{\"@type\":\"ListItem\",\"position\":1,\"name\":\"Strona g\u0142\u00f3wna\",\"item\":\"https:\/\/klaudynahebda.pl\/sklep\/\"},{\"@type\":\"ListItem\",\"position\":2,\"name\":\"Sklep\",\"item\":\"https:\/\/klaudynahebda.pl\/sklep\/sklep\/\"},{\"@type\":\"ListItem\",\"position\":3,\"name\":\"Przezi\u0119bienia i odporno\u015b\u0107\",\"item\":\"https:\/\/klaudynahebda.pl\/sklep\/przeziebienia\/\"},{\"@type\":\"ListItem\",\"position\":4,\"name\":\"Zestaw 3 x Kropelki odporno\u015bci\"}]},{\"@type\":\"WebSite\",\"@id\":\"https:\/\/klaudynahebda.pl\/sklep\/#website\",\"url\":\"https:\/\/klaudynahebda.pl\/sklep\/\",\"name\":\"Klaudyna Hebda Nature\",\"description\":\"Sklep\",\"publisher\":{\"@id\":\"https:\/\/klaudynahebda.pl\/sklep\/#organization\"},\"potentialAction\":[{\"@type\":\"SearchAction\",\"target\":{\"@type\":\"EntryPoint\",\"urlTemplate\":\"https:\/\/klaudynahebda.pl\/sklep\/?s={search_term_string}\"},\"query-input\":\"required name=search_term_string\"}],\"inLanguage\":\"pl-PL\"},{\"@type\":\"Organization\",\"@id\":\"https:\/\/klaudynahebda.pl\/sklep\/#organization\",\"name\":\"KlaudynaHebda\",\"url\":\"https:\/\/klaudynahebda.pl\/sklep\/\",\"sameAs\":[],\"logo\":{\"@type\":\"ImageObject\",\"inLanguage\":\"pl-PL\",\"@id\":\"https:\/\/klaudynahebda.pl\/sklep\/#\/schema\/logo\/image\/\",\"url\":\"\",\"contentUrl\":\"\",\"caption\":\"KlaudynaHebda\"},\"image\":{\"@id\":\"https:\/\/klaudynahebda.pl\/sklep\/#\/schema\/logo\/image\/\"}}]}<\/script>\n<!-- \/ Yoast SEO plugin. -->","yoast_head_json":{"title":"Zestaw 3 x Kropelki odporno\u015bci - Klaudyna Hebda Nature","description":"Chcesz dba\u0107 o odporno\u015b\u0107* na powa\u017cnie? Wybierz zestaw 3 x Kropelki odporno\u015bci w supercenie. *Zawiera selen, kt\u00f3ry pomaga w prawid\u0142owym funkcjonowaniu uk\u0142. odporno\u015bci.","robots":{"index":"index","follow":"follow","max-snippet":"max-snippet:-1","max-image-preview":"max-image-preview:large","max-video-preview":"max-video-preview:-1"},"canonical":"https:\/\/klaudynahebda.pl\/sklep\/zestaw-3-x-kropelki-odpornosci\/","og_locale":"pl_PL","og_type":"article","og_title":"Zestaw 3 x Kropelki odporno\u015bci - Klaudyna Hebda Nature","og_description":"Chcesz dba\u0107 o odporno\u015b\u0107* na powa\u017cnie? Wybierz zestaw 3 x Kropelki odporno\u015bci w supercenie. *Zawiera selen, kt\u00f3ry pomaga w prawid\u0142owym funkcjonowaniu uk\u0142. odporno\u015bci.","og_url":"https:\/\/klaudynahebda.pl\/sklep\/zestaw-3-x-kropelki-odpornosci\/","og_site_name":"Klaudyna Hebda Nature","article_modified_time":"2026-04-12T13:36:47+00:00","og_image":[{"width":1020,"height":1530,"url":"https:\/\/klaudynahebda.pl\/sklep\/wp-content\/uploads\/2024\/11\/1.jpg","type":"image\/jpeg"}],"twitter_card":"summary_large_image","twitter_misc":{"Szacowany czas czytania":"1 minuta"},"schema":{"@context":"https:\/\/schema.org","@graph":[{"@type":"WebPage","@id":"https:\/\/klaudynahebda.pl\/sklep\/zestaw-3-x-kropelki-odpornosci\/","url":"https:\/\/klaudynahebda.pl\/sklep\/zestaw-3-x-kropelki-odpornosci\/","name":"Zestaw 3 x Kropelki odporno\u015bci - Klaudyna Hebda Nature","isPartOf":{"@id":"https:\/\/klaudynahebda.pl\/sklep\/#website"},"datePublished":"2024-11-05T11:43:38+00:00","dateModified":"2026-04-12T13:36:47+00:00","description":"Chcesz dba\u0107 o odporno\u015b\u0107* na powa\u017cnie? Wybierz zestaw 3 x Kropelki odporno\u015bci w supercenie. *Zawiera selen, kt\u00f3ry pomaga w prawid\u0142owym funkcjonowaniu uk\u0142. odporno\u015bci.","breadcrumb":{"@id":"https:\/\/klaudynahebda.pl\/sklep\/zestaw-3-x-kropelki-odpornosci\/#breadcrumb"},"inLanguage":"pl-PL","potentialAction":[{"@type":"ReadAction","target":["https:\/\/klaudynahebda.pl\/sklep\/zestaw-3-x-kropelki-odpornosci\/"]}]},{"@type":"BreadcrumbList","@id":"https:\/\/klaudynahebda.pl\/sklep\/zestaw-3-x-kropelki-odpornosci\/#breadcrumb","itemListElement":[{"@type":"ListItem","position":1,"name":"Strona g\u0142\u00f3wna","item":"https:\/\/klaudynahebda.pl\/sklep\/"},{"@type":"ListItem","position":2,"name":"Sklep","item":"https:\/\/klaudynahebda.pl\/sklep\/sklep\/"},{"@type":"ListItem","position":3,"name":"Przezi\u0119bienia i odporno\u015b\u0107","item":"https:\/\/klaudynahebda.pl\/sklep\/przeziebienia\/"},{"@type":"ListItem","position":4,"name":"Zestaw 3 x Kropelki odporno\u015bci"}]},{"@type":"WebSite","@id":"https:\/\/klaudynahebda.pl\/sklep\/#website","url":"https:\/\/klaudynahebda.pl\/sklep\/","name":"Klaudyna Hebda Nature","description":"Sklep","publisher":{"@id":"https:\/\/klaudynahebda.pl\/sklep\/#organization"},"potentialAction":[{"@type":"SearchAction","target":{"@type":"EntryPoint","urlTemplate":"https:\/\/klaudynahebda.pl\/sklep\/?s={search_term_string}"},"query-input":"required name=search_term_string"}],"inLanguage":"pl-PL"},{"@type":"Organization","@id":"https:\/\/klaudynahebda.pl\/sklep\/#organization","name":"KlaudynaHebda","url":"https:\/\/klaudynahebda.pl\/sklep\/","sameAs":[],"logo":{"@type":"ImageObject","inLanguage":"pl-PL","@id":"https:\/\/klaudynahebda.pl\/sklep\/#\/schema\/logo\/image\/","url":"","contentUrl":"","caption":"KlaudynaHebda"},"image":{"@id":"https:\/\/klaudynahebda.pl\/sklep\/#\/schema\/logo\/image\/"}}]}},"_links":{"self":[{"href":"https:\/\/klaudynahebda.pl\/sklep\/wp-json\/wp\/v2\/product\/3143660"}],"collection":[{"href":"https:\/\/klaudynahebda.pl\/sklep\/wp-json\/wp\/v2\/product"}],"about":[{"href":"https:\/\/klaudynahebda.pl\/sklep\/wp-json\/wp\/v2\/types\/product"}],"replies":[{"embeddable":true,"href":"https:\/\/klaudynahebda.pl\/sklep\/wp-json\/wp\/v2\/comments?post=3143660"}],"wp:featuredmedia":[{"embeddable":true,"href":"https:\/\/klaudynahebda.pl\/sklep\/wp-json\/wp\/v2\/media\/3143718"}],"wp:attachment":[{"href":"https:\/\/klaudynahebda.pl\/sklep\/wp-json\/wp\/v2\/media?parent=3143660"}],"wp:term":[{"taxonomy":"product_cat","embeddable":true,"href":"https:\/\/klaudynahebda.pl\/sklep\/wp-json\/wp\/v2\/product_cat?post=3143660"},{"taxonomy":"product_tag","embeddable":true,"href":"https:\/\/klaudynahebda.pl\/sklep\/wp-json\/wp\/v2\/product_tag?post=3143660"}],"curies":[{"name":"wp","href":"https:\/\/api.w.org\/{rel}","templated":true}]}}