{"id":31342,"date":"2019-02-21T14:40:30","date_gmt":"2019-02-21T13:40:30","guid":{"rendered":"https:\/\/klaudynahebda.pl\/sklep\/?post_type=product&#038;p=31342"},"modified":"2025-11-12T09:49:45","modified_gmt":"2025-11-12T08:49:45","slug":"lisc-cynamonu","status":"publish","type":"product","link":"https:\/\/klaudynahebda.pl\/sklep\/lisc-cynamonu\/","title":{"rendered":"Olejek cynamonowy z li\u015bcia cynamonowca"},"content":{"rendered":"<h2>Czym si\u0119 wyr\u00f3\u017cnia olejek cynamonowy z li\u015bcia cynamonowca?<\/h2>\n<p>Li\u015b\u0107 cynamonu to olejek z lekko cynamonowym zapachem ze szczypt\u0105 energii. Du\u017co \u0142agodniejszy od olejku cynamonowego z kory (kt\u00f3ry jest bardzo mocno podra\u017cniaj\u0105cy i wiele os\u00f3b jest na niego uczulonych).<\/p>\n<p>Nie tylko pi\u0119knie pachnie (\u015bwi\u0119tami!), ale jest po\u017c\u0105dany ze wzgl\u0119du na swoje zapachowe w\u0142a\u015bciwo\u015bci:<\/p>\n<ul>\n<li><strong>Tworzy ciep\u0142y i otulaj\u0105cy klimat<\/strong>, kt\u00f3ry wype\u0142ni ca\u0142e pomieszczenie &#8211; mo\u017cesz skropi\u0107 nim np. wieniec \u015bwi\u0105teczny lub inne ozdoby<\/li>\n<li>Naturalny spos\u00f3b na oczyszczenie powietrza &#8211; dodaj kilka kropli do dyfuzora<\/li>\n<li><strong>Rozgrzewa i energetyzuje<\/strong> &#8211; dodaj do balsamu do cia\u0142a i zr\u00f3b masa\u017c lub posmaruj zmarzni\u0119te st\u00f3pki, lub r\u0119ce<\/li>\n<\/ul>\n<p>&nbsp;<\/p>\n<p>\ud83d\udc49 Sprawd\u017a te\u017c <a href=\"https:\/\/klaudynahebda.pl\/sklep\/dyfuzor-do-aromaterapii\/\">bezprzewodowy i bezwodny dyfuzor do aromaterapii<\/a><\/p>\n","protected":false},"excerpt":{"rendered":"<h2>Olejek z li\u015bcia cynamonowca to&#8230;<\/h2>\n<ul>\n<li>olejek o lekkim, cynamonowym zapachu z dodatkiem czego\u015b &#8220;zielnego&#8221;;<\/li>\n<li>aromaterapeutyczny faworyt szczeg\u00f3lnie podczas \u015bwi\u0105tecznych przygotowa\u0144 &#8211; nadaje wyj\u0105tkowy klimat;<\/li>\n<li>pachn\u0105cy towarzysz w jesienne wieczory, bo jego <strong>ciep\u0142y zapach rozgrzewa zmarzni\u0119te stopy<\/strong> i <strong>daje ukojenie zm\u0119czonym mi\u0119\u015bniom po zimowych w\u0119dr\u00f3wkach;<\/strong><\/li>\n<li>olejek, kt\u00f3ry z pewno\u015bci\u0105 Ci\u0119 zaskoczy &#8211; jego wszechstronno\u015b\u0107 sprawia, \u017ce zyskuje coraz wi\u0119cej mi\u0142o\u015bnik\u00f3w, kt\u00f3rzy korzystaj\u0105 z jego mo\u017cliwo\u015bci nie tylko w czasie jesieni i zimy, ale przez ca\u0142y rok;<\/li>\n<li><strong>wsparcie dla ca\u0142ej rodziny w sezonie jesienno-zimowym<\/strong>. Po\u0142\u0105cz go z go\u017adzikiem, pomara\u0144cz\u0105, a ciep\u0142y, <strong>korzenny zapach stworzy przyjemn\u0105 atmosfer\u0119 i poprawi nastr\u00f3j.<\/strong><\/li>\n<\/ul>\n<p>&nbsp;<\/p>\n","protected":false},"featured_media":90963,"comment_status":"open","ping_status":"closed","template":"","meta":[],"product_cat":[36],"product_tag":[],"acf":[],"yoast_head":"<!-- This site is optimized with the Yoast SEO plugin v19.6.1 - https:\/\/yoast.com\/wordpress\/plugins\/seo\/ -->\n<title>Olejek cynamonowy z li\u015bcia cynamonowca - Klaudyna Hebda Nature<\/title>\n<meta name=\"description\" content=\"Olejek cynamonowy przyda w d\u0142ugie, zimowe i jesienne wieczory\ud83e\udd0e. Ciep\u0142y aromat rozgrzewa i daje ukojenie zm\u0119czonym mi\u0119\u015bniom po zimowych w\u0119dr\u00f3wkach.\" \/>\n<meta name=\"robots\" content=\"index, follow, max-snippet:-1, max-image-preview:large, max-video-preview:-1\" \/>\n<link rel=\"canonical\" href=\"https:\/\/klaudynahebda.pl\/sklep\/lisc-cynamonu\/\" \/>\n<meta property=\"og:locale\" content=\"pl_PL\" \/>\n<meta property=\"og:type\" content=\"article\" \/>\n<meta property=\"og:title\" content=\"Olejek cynamonowy z li\u015bcia cynamonowca - Klaudyna Hebda Nature\" \/>\n<meta property=\"og:description\" content=\"Olejek cynamonowy przyda w d\u0142ugie, zimowe i jesienne wieczory\ud83e\udd0e. Ciep\u0142y aromat rozgrzewa i daje ukojenie zm\u0119czonym mi\u0119\u015bniom po zimowych w\u0119dr\u00f3wkach.\" \/>\n<meta property=\"og:url\" content=\"https:\/\/klaudynahebda.pl\/sklep\/lisc-cynamonu\/\" \/>\n<meta property=\"og:site_name\" content=\"Klaudyna Hebda Nature\" \/>\n<meta property=\"article:modified_time\" content=\"2025-11-12T08:49:45+00:00\" \/>\n<meta property=\"og:image\" content=\"https:\/\/klaudynahebda.pl\/sklep\/wp-content\/uploads\/2019\/02\/15.png\" \/>\n\t<meta property=\"og:image:width\" content=\"1200\" \/>\n\t<meta property=\"og:image:height\" content=\"1800\" \/>\n\t<meta property=\"og:image:type\" content=\"image\/png\" \/>\n<meta name=\"twitter:card\" content=\"summary_large_image\" \/>\n<meta name=\"twitter:label1\" content=\"Szacowany czas czytania\" \/>\n\t<meta name=\"twitter:data1\" content=\"1 minuta\" \/>\n<script type=\"application\/ld+json\" class=\"yoast-schema-graph\">{\"@context\":\"https:\/\/schema.org\",\"@graph\":[{\"@type\":\"WebPage\",\"@id\":\"https:\/\/klaudynahebda.pl\/sklep\/lisc-cynamonu\/\",\"url\":\"https:\/\/klaudynahebda.pl\/sklep\/lisc-cynamonu\/\",\"name\":\"Olejek cynamonowy z li\u015bcia cynamonowca - Klaudyna Hebda Nature\",\"isPartOf\":{\"@id\":\"https:\/\/klaudynahebda.pl\/sklep\/#website\"},\"datePublished\":\"2019-02-21T13:40:30+00:00\",\"dateModified\":\"2025-11-12T08:49:45+00:00\",\"description\":\"Olejek cynamonowy przyda w d\u0142ugie, zimowe i jesienne wieczory\ud83e\udd0e. Ciep\u0142y aromat rozgrzewa i daje ukojenie zm\u0119czonym mi\u0119\u015bniom po zimowych w\u0119dr\u00f3wkach.\",\"breadcrumb\":{\"@id\":\"https:\/\/klaudynahebda.pl\/sklep\/lisc-cynamonu\/#breadcrumb\"},\"inLanguage\":\"pl-PL\",\"potentialAction\":[{\"@type\":\"ReadAction\",\"target\":[\"https:\/\/klaudynahebda.pl\/sklep\/lisc-cynamonu\/\"]}]},{\"@type\":\"BreadcrumbList\",\"@id\":\"https:\/\/klaudynahebda.pl\/sklep\/lisc-cynamonu\/#breadcrumb\",\"itemListElement\":[{\"@type\":\"ListItem\",\"position\":1,\"name\":\"Strona g\u0142\u00f3wna\",\"item\":\"https:\/\/klaudynahebda.pl\/sklep\/\"},{\"@type\":\"ListItem\",\"position\":2,\"name\":\"Sklep\",\"item\":\"https:\/\/klaudynahebda.pl\/sklep\/sklep\/\"},{\"@type\":\"ListItem\",\"position\":3,\"name\":\"Olejki eteryczne\",\"item\":\"https:\/\/klaudynahebda.pl\/sklep\/olejki-eteryczne\/\"},{\"@type\":\"ListItem\",\"position\":4,\"name\":\"Olejek cynamonowy z li\u015bcia cynamonowca\"}]},{\"@type\":\"WebSite\",\"@id\":\"https:\/\/klaudynahebda.pl\/sklep\/#website\",\"url\":\"https:\/\/klaudynahebda.pl\/sklep\/\",\"name\":\"Klaudyna Hebda Nature\",\"description\":\"Sklep\",\"publisher\":{\"@id\":\"https:\/\/klaudynahebda.pl\/sklep\/#organization\"},\"potentialAction\":[{\"@type\":\"SearchAction\",\"target\":{\"@type\":\"EntryPoint\",\"urlTemplate\":\"https:\/\/klaudynahebda.pl\/sklep\/?s={search_term_string}\"},\"query-input\":\"required name=search_term_string\"}],\"inLanguage\":\"pl-PL\"},{\"@type\":\"Organization\",\"@id\":\"https:\/\/klaudynahebda.pl\/sklep\/#organization\",\"name\":\"KlaudynaHebda\",\"url\":\"https:\/\/klaudynahebda.pl\/sklep\/\",\"sameAs\":[],\"logo\":{\"@type\":\"ImageObject\",\"inLanguage\":\"pl-PL\",\"@id\":\"https:\/\/klaudynahebda.pl\/sklep\/#\/schema\/logo\/image\/\",\"url\":\"\",\"contentUrl\":\"\",\"caption\":\"KlaudynaHebda\"},\"image\":{\"@id\":\"https:\/\/klaudynahebda.pl\/sklep\/#\/schema\/logo\/image\/\"}}]}<\/script>\n<!-- \/ Yoast SEO plugin. -->","yoast_head_json":{"title":"Olejek cynamonowy z li\u015bcia cynamonowca - Klaudyna Hebda Nature","description":"Olejek cynamonowy przyda w d\u0142ugie, zimowe i jesienne wieczory\ud83e\udd0e. Ciep\u0142y aromat rozgrzewa i daje ukojenie zm\u0119czonym mi\u0119\u015bniom po zimowych w\u0119dr\u00f3wkach.","robots":{"index":"index","follow":"follow","max-snippet":"max-snippet:-1","max-image-preview":"max-image-preview:large","max-video-preview":"max-video-preview:-1"},"canonical":"https:\/\/klaudynahebda.pl\/sklep\/lisc-cynamonu\/","og_locale":"pl_PL","og_type":"article","og_title":"Olejek cynamonowy z li\u015bcia cynamonowca - Klaudyna Hebda Nature","og_description":"Olejek cynamonowy przyda w d\u0142ugie, zimowe i jesienne wieczory\ud83e\udd0e. Ciep\u0142y aromat rozgrzewa i daje ukojenie zm\u0119czonym mi\u0119\u015bniom po zimowych w\u0119dr\u00f3wkach.","og_url":"https:\/\/klaudynahebda.pl\/sklep\/lisc-cynamonu\/","og_site_name":"Klaudyna Hebda Nature","article_modified_time":"2025-11-12T08:49:45+00:00","og_image":[{"width":1200,"height":1800,"url":"https:\/\/klaudynahebda.pl\/sklep\/wp-content\/uploads\/2019\/02\/15.png","type":"image\/png"}],"twitter_card":"summary_large_image","twitter_misc":{"Szacowany czas czytania":"1 minuta"},"schema":{"@context":"https:\/\/schema.org","@graph":[{"@type":"WebPage","@id":"https:\/\/klaudynahebda.pl\/sklep\/lisc-cynamonu\/","url":"https:\/\/klaudynahebda.pl\/sklep\/lisc-cynamonu\/","name":"Olejek cynamonowy z li\u015bcia cynamonowca - Klaudyna Hebda Nature","isPartOf":{"@id":"https:\/\/klaudynahebda.pl\/sklep\/#website"},"datePublished":"2019-02-21T13:40:30+00:00","dateModified":"2025-11-12T08:49:45+00:00","description":"Olejek cynamonowy przyda w d\u0142ugie, zimowe i jesienne wieczory\ud83e\udd0e. Ciep\u0142y aromat rozgrzewa i daje ukojenie zm\u0119czonym mi\u0119\u015bniom po zimowych w\u0119dr\u00f3wkach.","breadcrumb":{"@id":"https:\/\/klaudynahebda.pl\/sklep\/lisc-cynamonu\/#breadcrumb"},"inLanguage":"pl-PL","potentialAction":[{"@type":"ReadAction","target":["https:\/\/klaudynahebda.pl\/sklep\/lisc-cynamonu\/"]}]},{"@type":"BreadcrumbList","@id":"https:\/\/klaudynahebda.pl\/sklep\/lisc-cynamonu\/#breadcrumb","itemListElement":[{"@type":"ListItem","position":1,"name":"Strona g\u0142\u00f3wna","item":"https:\/\/klaudynahebda.pl\/sklep\/"},{"@type":"ListItem","position":2,"name":"Sklep","item":"https:\/\/klaudynahebda.pl\/sklep\/sklep\/"},{"@type":"ListItem","position":3,"name":"Olejki eteryczne","item":"https:\/\/klaudynahebda.pl\/sklep\/olejki-eteryczne\/"},{"@type":"ListItem","position":4,"name":"Olejek cynamonowy z li\u015bcia cynamonowca"}]},{"@type":"WebSite","@id":"https:\/\/klaudynahebda.pl\/sklep\/#website","url":"https:\/\/klaudynahebda.pl\/sklep\/","name":"Klaudyna Hebda Nature","description":"Sklep","publisher":{"@id":"https:\/\/klaudynahebda.pl\/sklep\/#organization"},"potentialAction":[{"@type":"SearchAction","target":{"@type":"EntryPoint","urlTemplate":"https:\/\/klaudynahebda.pl\/sklep\/?s={search_term_string}"},"query-input":"required name=search_term_string"}],"inLanguage":"pl-PL"},{"@type":"Organization","@id":"https:\/\/klaudynahebda.pl\/sklep\/#organization","name":"KlaudynaHebda","url":"https:\/\/klaudynahebda.pl\/sklep\/","sameAs":[],"logo":{"@type":"ImageObject","inLanguage":"pl-PL","@id":"https:\/\/klaudynahebda.pl\/sklep\/#\/schema\/logo\/image\/","url":"","contentUrl":"","caption":"KlaudynaHebda"},"image":{"@id":"https:\/\/klaudynahebda.pl\/sklep\/#\/schema\/logo\/image\/"}}]}},"_links":{"self":[{"href":"https:\/\/klaudynahebda.pl\/sklep\/wp-json\/wp\/v2\/product\/31342"}],"collection":[{"href":"https:\/\/klaudynahebda.pl\/sklep\/wp-json\/wp\/v2\/product"}],"about":[{"href":"https:\/\/klaudynahebda.pl\/sklep\/wp-json\/wp\/v2\/types\/product"}],"replies":[{"embeddable":true,"href":"https:\/\/klaudynahebda.pl\/sklep\/wp-json\/wp\/v2\/comments?post=31342"}],"wp:featuredmedia":[{"embeddable":true,"href":"https:\/\/klaudynahebda.pl\/sklep\/wp-json\/wp\/v2\/media\/90963"}],"wp:attachment":[{"href":"https:\/\/klaudynahebda.pl\/sklep\/wp-json\/wp\/v2\/media?parent=31342"}],"wp:term":[{"taxonomy":"product_cat","embeddable":true,"href":"https:\/\/klaudynahebda.pl\/sklep\/wp-json\/wp\/v2\/product_cat?post=31342"},{"taxonomy":"product_tag","embeddable":true,"href":"https:\/\/klaudynahebda.pl\/sklep\/wp-json\/wp\/v2\/product_tag?post=31342"}],"curies":[{"name":"wp","href":"https:\/\/api.w.org\/{rel}","templated":true}]}}