{"id":31341,"date":"2019-02-21T14:16:46","date_gmt":"2019-02-21T13:16:46","guid":{"rendered":"https:\/\/klaudynahebda.pl\/sklep\/?post_type=product&#038;p=31341"},"modified":"2026-04-04T12:14:06","modified_gmt":"2026-04-04T10:14:06","slug":"drzewko-herbaciane","status":"publish","type":"product","link":"https:\/\/klaudynahebda.pl\/sklep\/drzewko-herbaciane\/","title":{"rendered":"Olejek z drzewa herbacianego"},"content":{"rendered":"<h2><span style=\"font-weight: 400; color: #000000;\">Olejek herbaciany i&#8230; historia prawdziwej ksi\u0119\u017cniczki<\/span><\/h2>\n<p><span style=\"font-weight: 400; color: #000000;\">Kiedy aboryge\u0144ska ksi\u0119\u017cniczka Eelemani z plemienia Bundjalung wyruszy\u0142a w podr\u00f3\u017c, bogowie Ziemi i Planet podarowali jej niezwyk\u0142\u0105 ro\u015blin\u0119, kt\u00f3rej jasna kora odbija\u0142a w nocy ksi\u0119\u017cycowe \u015bwiat\u0142o, pomagaj\u0105c tym samym nie zgubi\u0107 szlaku. I tak jak kora chroni\u0142a przed zagubieniem, tak li\u015bcie tajemniczego drzewa okaza\u0142y si\u0119 chroni\u0107 przed niesprzyjaj\u0105cymi czynnikami i problemami sk\u00f3rnymi.<\/span><\/p>\n<p><span style=\"color: #000000;\"><span style=\"font-weight: 400;\">Drzewo herbaciane wywar\u0142o tak niezwyk\u0142y wp\u0142yw na kultur\u0119 rdzennych mieszka\u0144c\u00f3w Australii, \u017ce sta\u0142o si\u0119 nawet bohaterem wielu ich legend. Najwi\u0119ksz\u0105 popularno\u015b\u0107 przynios\u0142a mu II wojna \u015bwiatowa, kiedy <\/span><b>znalaz\u0142 si\u0119 na wyposa\u017ceniu plecaka ka\u017cdego australijskiego \u017co\u0142nierza.<\/b><span style=\"font-weight: 400;\">\u00a0<\/span><\/span><\/p>\n<h2><span style=\"color: #000000;\">Olejek z drzewa herbacianego: zastosowanie<\/span><\/h2>\n<ul>\n<li><span style=\"font-weight: 400; color: #000000;\">Zapach olejku z drzewka herbacianego mo\u017ce mie\u0107 w\u0142a\u015bciwo\u015bci relaksuj\u0105ce.<\/span><\/li>\n<li><span style=\"color: #000000;\">\u015awie\u017cy, czysty zapach mo\u017ce pom\u00f3c w zr\u00f3wnowa\u017ceniu nastroju, redukcji napi\u0119cia emocjonalnego oraz w odpr\u0119\u017ceniu umys\u0142u.<\/span><\/li>\n<li><span style=\"color: #000000;\">Stosowany jest w wielu produktach do piel\u0119gnacji sk\u00f3ry t\u0142ustej.<\/span><\/li>\n<li><span style=\"color: #000000;\">Wyst\u0119puje w niekt\u00f3rych myd\u0142ach, \u017celach do mycia cia\u0142a czy szamponach.<\/span><\/li>\n<li><span style=\"color: #000000;\"><span style=\"font-weight: 400;\">Fantastycznie dope\u0142nia si\u0119 z <a href=\"https:\/\/klaudynahebda.pl\/sklep\/olejek-lawendowy-slodki\/\">olejkiem z lawendy<\/a>.\u00a0<\/span><\/span><\/li>\n<\/ul>\n<p><strong><span style=\"color: #000000;\">Olejek z drzewa herbacianego<\/span><\/strong> <span style=\"color: #000000;\">znajdziesz te\u017c w autorskiej mieszance olejk\u00f3w eterycznych <\/span><a href=\"https:\/\/klaudynahebda.pl\/sklep\/gaja-i\/\" target=\"_blank\" rel=\"noopener\"><strong><span style=\"color: #006f4f;\">Gaja<\/span><\/strong><\/a><span style=\"color: #000000;\"> oraz w<\/span> <a href=\"https:\/\/klaudynahebda.pl\/sklep\/czysty-dom\/\"><span style=\"color: #006f4f;\"><strong>zestawie &#8220;Czysty Dom&#8221;<\/strong><\/span><\/a>.<span style=\"color: #000000;\"><strong> Sprawd\u017a jak sprz\u0105ta\u0107 swoj\u0105 przestrze\u0144 w zgodzie z natur\u0105.<\/strong><\/span><\/p>\n<p data-pm-slice=\"0 0 []\" data-gtm-vis-has-fired9999833_56=\"1\"><span style=\"color: #000000;\"><strong>Nowa, od\u015bwie\u017cona etykieta.<br \/>\n<\/strong>To wci\u0105\u017c ten sam, uwielbiany przez Was olejek \u2013 zmieni\u0142 si\u0119 tylko jego wygl\u0105d.<\/span><\/p>\n<p data-pm-slice=\"0 0 []\" data-gtm-vis-has-fired9999833_56=\"1\">\n","protected":false},"excerpt":{"rendered":"<h2>Olejek z drzewka herbacianego to&#8230;<\/h2>\n<ul>\n<li><span style=\"font-weight: 400;\"><strong>\u015bwie\u017cy i zio\u0142owy zapach<\/strong> pochodz\u0105cy za 100% olejku eterycznego;<\/span><\/li>\n<li>sk\u0142adnik spotykany w wielu kosmetykach;<\/li>\n<li>olejek do<a href=\"https:\/\/klaudynahebda.pl\/sklep\/dyfuzor-do-aromaterapii\/\"> dyfuzora<\/a> (zapach od\u015bwie\u017cy pomieszczenie), k\u0105pieli lub masa\u017cu (po odpowiednim rozcie\u0144czeniu), kt\u00f3ry uprzyjemni Ci chwile tylko dla Ciebie.<\/li>\n<\/ul>\n<p>&nbsp;<\/p>\n","protected":false},"featured_media":3388620,"comment_status":"open","ping_status":"closed","template":"","meta":[],"product_cat":[130,214,36,111],"product_tag":[],"acf":[],"yoast_head":"<!-- This site is optimized with the Yoast SEO plugin v19.6.1 - https:\/\/yoast.com\/wordpress\/plugins\/seo\/ -->\n<title>Olejek z drzewa herbacianego - Klaudyna Hebda Nature<\/title>\n<meta name=\"description\" content=\"Zapach olejku z drzewka herbacianego jest \u015bwie\u017cy i zio\u0142owy. Dodaj go do dyfuzora, aby od\u015bwie\u017cy\u0107 pomieszczenie albo wykorzystaj do k\u0105pieli lub masa\u017cu.\" \/>\n<meta name=\"robots\" content=\"index, follow, max-snippet:-1, max-image-preview:large, max-video-preview:-1\" \/>\n<link rel=\"canonical\" href=\"https:\/\/klaudynahebda.pl\/sklep\/drzewko-herbaciane\/\" \/>\n<meta property=\"og:locale\" content=\"pl_PL\" \/>\n<meta property=\"og:type\" content=\"article\" \/>\n<meta property=\"og:title\" content=\"Olejek z drzewa herbacianego - Klaudyna Hebda Nature\" \/>\n<meta property=\"og:description\" content=\"Zapach olejku z drzewka herbacianego jest \u015bwie\u017cy i zio\u0142owy. Dodaj go do dyfuzora, aby od\u015bwie\u017cy\u0107 pomieszczenie albo wykorzystaj do k\u0105pieli lub masa\u017cu.\" \/>\n<meta property=\"og:url\" content=\"https:\/\/klaudynahebda.pl\/sklep\/drzewko-herbaciane\/\" \/>\n<meta property=\"og:site_name\" content=\"Klaudyna Hebda Nature\" \/>\n<meta property=\"article:modified_time\" content=\"2026-04-04T10:14:06+00:00\" \/>\n<meta property=\"og:image\" content=\"https:\/\/klaudynahebda.pl\/sklep\/wp-content\/uploads\/2019\/02\/olejek-drzewo-herbaciane-k-hebda.png\" \/>\n\t<meta property=\"og:image:width\" content=\"844\" \/>\n\t<meta property=\"og:image:height\" content=\"1152\" \/>\n\t<meta property=\"og:image:type\" content=\"image\/png\" \/>\n<meta name=\"twitter:card\" content=\"summary_large_image\" \/>\n<meta name=\"twitter:label1\" content=\"Szacowany czas czytania\" \/>\n\t<meta name=\"twitter:data1\" content=\"2 minuty\" \/>\n<script type=\"application\/ld+json\" class=\"yoast-schema-graph\">{\"@context\":\"https:\/\/schema.org\",\"@graph\":[{\"@type\":\"WebPage\",\"@id\":\"https:\/\/klaudynahebda.pl\/sklep\/drzewko-herbaciane\/\",\"url\":\"https:\/\/klaudynahebda.pl\/sklep\/drzewko-herbaciane\/\",\"name\":\"Olejek z drzewa herbacianego - Klaudyna Hebda Nature\",\"isPartOf\":{\"@id\":\"https:\/\/klaudynahebda.pl\/sklep\/#website\"},\"datePublished\":\"2019-02-21T13:16:46+00:00\",\"dateModified\":\"2026-04-04T10:14:06+00:00\",\"description\":\"Zapach olejku z drzewka herbacianego jest \u015bwie\u017cy i zio\u0142owy. Dodaj go do dyfuzora, aby od\u015bwie\u017cy\u0107 pomieszczenie albo wykorzystaj do k\u0105pieli lub masa\u017cu.\",\"breadcrumb\":{\"@id\":\"https:\/\/klaudynahebda.pl\/sklep\/drzewko-herbaciane\/#breadcrumb\"},\"inLanguage\":\"pl-PL\",\"potentialAction\":[{\"@type\":\"ReadAction\",\"target\":[\"https:\/\/klaudynahebda.pl\/sklep\/drzewko-herbaciane\/\"]}]},{\"@type\":\"BreadcrumbList\",\"@id\":\"https:\/\/klaudynahebda.pl\/sklep\/drzewko-herbaciane\/#breadcrumb\",\"itemListElement\":[{\"@type\":\"ListItem\",\"position\":1,\"name\":\"Strona g\u0142\u00f3wna\",\"item\":\"https:\/\/klaudynahebda.pl\/sklep\/\"},{\"@type\":\"ListItem\",\"position\":2,\"name\":\"Sklep\",\"item\":\"https:\/\/klaudynahebda.pl\/sklep\/sklep\/\"},{\"@type\":\"ListItem\",\"position\":3,\"name\":\"Olejki eteryczne\",\"item\":\"https:\/\/klaudynahebda.pl\/sklep\/olejki-eteryczne\/\"},{\"@type\":\"ListItem\",\"position\":4,\"name\":\"Olejek z drzewa herbacianego\"}]},{\"@type\":\"WebSite\",\"@id\":\"https:\/\/klaudynahebda.pl\/sklep\/#website\",\"url\":\"https:\/\/klaudynahebda.pl\/sklep\/\",\"name\":\"Klaudyna Hebda Nature\",\"description\":\"Sklep\",\"publisher\":{\"@id\":\"https:\/\/klaudynahebda.pl\/sklep\/#organization\"},\"potentialAction\":[{\"@type\":\"SearchAction\",\"target\":{\"@type\":\"EntryPoint\",\"urlTemplate\":\"https:\/\/klaudynahebda.pl\/sklep\/?s={search_term_string}\"},\"query-input\":\"required name=search_term_string\"}],\"inLanguage\":\"pl-PL\"},{\"@type\":\"Organization\",\"@id\":\"https:\/\/klaudynahebda.pl\/sklep\/#organization\",\"name\":\"KlaudynaHebda\",\"url\":\"https:\/\/klaudynahebda.pl\/sklep\/\",\"sameAs\":[],\"logo\":{\"@type\":\"ImageObject\",\"inLanguage\":\"pl-PL\",\"@id\":\"https:\/\/klaudynahebda.pl\/sklep\/#\/schema\/logo\/image\/\",\"url\":\"\",\"contentUrl\":\"\",\"caption\":\"KlaudynaHebda\"},\"image\":{\"@id\":\"https:\/\/klaudynahebda.pl\/sklep\/#\/schema\/logo\/image\/\"}}]}<\/script>\n<!-- \/ Yoast SEO plugin. -->","yoast_head_json":{"title":"Olejek z drzewa herbacianego - Klaudyna Hebda Nature","description":"Zapach olejku z drzewka herbacianego jest \u015bwie\u017cy i zio\u0142owy. Dodaj go do dyfuzora, aby od\u015bwie\u017cy\u0107 pomieszczenie albo wykorzystaj do k\u0105pieli lub masa\u017cu.","robots":{"index":"index","follow":"follow","max-snippet":"max-snippet:-1","max-image-preview":"max-image-preview:large","max-video-preview":"max-video-preview:-1"},"canonical":"https:\/\/klaudynahebda.pl\/sklep\/drzewko-herbaciane\/","og_locale":"pl_PL","og_type":"article","og_title":"Olejek z drzewa herbacianego - Klaudyna Hebda Nature","og_description":"Zapach olejku z drzewka herbacianego jest \u015bwie\u017cy i zio\u0142owy. Dodaj go do dyfuzora, aby od\u015bwie\u017cy\u0107 pomieszczenie albo wykorzystaj do k\u0105pieli lub masa\u017cu.","og_url":"https:\/\/klaudynahebda.pl\/sklep\/drzewko-herbaciane\/","og_site_name":"Klaudyna Hebda Nature","article_modified_time":"2026-04-04T10:14:06+00:00","og_image":[{"width":844,"height":1152,"url":"https:\/\/klaudynahebda.pl\/sklep\/wp-content\/uploads\/2019\/02\/olejek-drzewo-herbaciane-k-hebda.png","type":"image\/png"}],"twitter_card":"summary_large_image","twitter_misc":{"Szacowany czas czytania":"2 minuty"},"schema":{"@context":"https:\/\/schema.org","@graph":[{"@type":"WebPage","@id":"https:\/\/klaudynahebda.pl\/sklep\/drzewko-herbaciane\/","url":"https:\/\/klaudynahebda.pl\/sklep\/drzewko-herbaciane\/","name":"Olejek z drzewa herbacianego - Klaudyna Hebda Nature","isPartOf":{"@id":"https:\/\/klaudynahebda.pl\/sklep\/#website"},"datePublished":"2019-02-21T13:16:46+00:00","dateModified":"2026-04-04T10:14:06+00:00","description":"Zapach olejku z drzewka herbacianego jest \u015bwie\u017cy i zio\u0142owy. Dodaj go do dyfuzora, aby od\u015bwie\u017cy\u0107 pomieszczenie albo wykorzystaj do k\u0105pieli lub masa\u017cu.","breadcrumb":{"@id":"https:\/\/klaudynahebda.pl\/sklep\/drzewko-herbaciane\/#breadcrumb"},"inLanguage":"pl-PL","potentialAction":[{"@type":"ReadAction","target":["https:\/\/klaudynahebda.pl\/sklep\/drzewko-herbaciane\/"]}]},{"@type":"BreadcrumbList","@id":"https:\/\/klaudynahebda.pl\/sklep\/drzewko-herbaciane\/#breadcrumb","itemListElement":[{"@type":"ListItem","position":1,"name":"Strona g\u0142\u00f3wna","item":"https:\/\/klaudynahebda.pl\/sklep\/"},{"@type":"ListItem","position":2,"name":"Sklep","item":"https:\/\/klaudynahebda.pl\/sklep\/sklep\/"},{"@type":"ListItem","position":3,"name":"Olejki eteryczne","item":"https:\/\/klaudynahebda.pl\/sklep\/olejki-eteryczne\/"},{"@type":"ListItem","position":4,"name":"Olejek z drzewa herbacianego"}]},{"@type":"WebSite","@id":"https:\/\/klaudynahebda.pl\/sklep\/#website","url":"https:\/\/klaudynahebda.pl\/sklep\/","name":"Klaudyna Hebda Nature","description":"Sklep","publisher":{"@id":"https:\/\/klaudynahebda.pl\/sklep\/#organization"},"potentialAction":[{"@type":"SearchAction","target":{"@type":"EntryPoint","urlTemplate":"https:\/\/klaudynahebda.pl\/sklep\/?s={search_term_string}"},"query-input":"required name=search_term_string"}],"inLanguage":"pl-PL"},{"@type":"Organization","@id":"https:\/\/klaudynahebda.pl\/sklep\/#organization","name":"KlaudynaHebda","url":"https:\/\/klaudynahebda.pl\/sklep\/","sameAs":[],"logo":{"@type":"ImageObject","inLanguage":"pl-PL","@id":"https:\/\/klaudynahebda.pl\/sklep\/#\/schema\/logo\/image\/","url":"","contentUrl":"","caption":"KlaudynaHebda"},"image":{"@id":"https:\/\/klaudynahebda.pl\/sklep\/#\/schema\/logo\/image\/"}}]}},"_links":{"self":[{"href":"https:\/\/klaudynahebda.pl\/sklep\/wp-json\/wp\/v2\/product\/31341"}],"collection":[{"href":"https:\/\/klaudynahebda.pl\/sklep\/wp-json\/wp\/v2\/product"}],"about":[{"href":"https:\/\/klaudynahebda.pl\/sklep\/wp-json\/wp\/v2\/types\/product"}],"replies":[{"embeddable":true,"href":"https:\/\/klaudynahebda.pl\/sklep\/wp-json\/wp\/v2\/comments?post=31341"}],"wp:featuredmedia":[{"embeddable":true,"href":"https:\/\/klaudynahebda.pl\/sklep\/wp-json\/wp\/v2\/media\/3388620"}],"wp:attachment":[{"href":"https:\/\/klaudynahebda.pl\/sklep\/wp-json\/wp\/v2\/media?parent=31341"}],"wp:term":[{"taxonomy":"product_cat","embeddable":true,"href":"https:\/\/klaudynahebda.pl\/sklep\/wp-json\/wp\/v2\/product_cat?post=31341"},{"taxonomy":"product_tag","embeddable":true,"href":"https:\/\/klaudynahebda.pl\/sklep\/wp-json\/wp\/v2\/product_tag?post=31341"}],"curies":[{"name":"wp","href":"https:\/\/api.w.org\/{rel}","templated":true}]}}